{"id":148,"date":"2025-08-18T12:34:38","date_gmt":"2025-08-18T10:34:38","guid":{"rendered":"https:\/\/strangercam.com\/?page_id=148"},"modified":"2025-08-18T14:02:52","modified_gmt":"2025-08-18T12:02:52","slug":"cam-la-cam-chat","status":"publish","type":"page","link":"https:\/\/strangercam.com\/ro\/cam-la-cam-chat\/","title":{"rendered":"Gratuit Cam la Cam Chat"},"content":{"rendered":"<p>Dac\u0103 \u021bi-ai dorit vreodat\u0103 s\u0103 cuno\u0219ti pe cineva nou fa\u021b\u0103 \u00een fa\u021b\u0103 f\u0103r\u0103 s\u0103 ie\u0219i din cas\u0103, <a href=\"https:\/\/strangercam.com\/ro\/bazoocam\/\">came<\/a> la cam <a href=\"https:\/\/strangercam.com\/ro\/chathub\/\">chat<\/a> este una dintre cele mai interesante modalit\u0103\u021bi de a face acest lucru. Spre deosebire de chat-ul text, unde nu po\u021bi fi niciodat\u0103 sigur cine se afl\u0103 cu adev\u0103rat de cealalt\u0103 parte, chat-ul video cam to cam te pune direct \u00een fa\u021ba unor persoane reale - instantaneu. \u0218i partea cea mai bun\u0103? Cu ajutorul unor platforme precum StrangerCam, v\u0103 pute\u021bi bucura de chat gratuit de la camer\u0103 la camer\u0103 f\u0103r\u0103 a fi nevoie s\u0103 v\u0103 \u00eenregistra\u021bi, s\u0103 pl\u0103ti\u021bi sau s\u0103 desc\u0103rca\u021bi o aplica\u021bie.<\/p>\n<p>\u00cen acest ghid, vom explora cum func\u021bioneaz\u0103 chat-ul cam to cam, de ce este at\u00e2t de popular, care sunt caracteristicile cele mai importante \u0219i cum s\u0103 alegi cele mai bune platforme \u00een 2025. Fie c\u0103 sunte\u021bi aici pentru a v\u0103 face noi prieteni, a cunoa\u0219te fete, a flirta sau pur \u0219i simplu a vindeca plictiseala, acest articol v\u0103 va oferi tot ce trebuie s\u0103 \u0219ti\u021bi.<\/p>\n<h2>Ce este Cam to Cam Chat?<\/h2>\n<p>Cam to cam chat este un sistem de chat video live \u00een care dou\u0103 persoane se conecteaz\u0103 fa\u021b\u0103 \u00een fa\u021b\u0103 folosind camerele lor web. Spre deosebire de site-urile de streaming sau de re\u021belele sociale, cam to cam se refer\u0103 la interac\u021biunea \u00een timp real - vede\u021bi \u0219i auzi\u021bi instantaneu cealalt\u0103 persoan\u0103, iar ea v\u0103 vede \u0219i v\u0103 aude.<\/p>\n<p>Spre deosebire de apelurile de grup sau de conferin\u021be, convorbirile de la o camer\u0103 la alta sunt, de obicei, individuale, ceea ce le face mai personale, private \u0219i spontane.<\/p>\n<h2>De ce oamenii iubesc chat-ul gratuit de la camer\u0103 la camer\u0103<\/h2>\n<p>Exist\u0103 nenum\u0103rate motive pentru care oamenii se \u00eenghesuie la platformele gratuite de chat cam la cam:<\/p>\n<ul>\n<li>Conexiune instantanee - Face\u021bi cuno\u0219tin\u021b\u0103 cu persoane reale din \u00eentreaga lume \u00een c\u00e2teva secunde.<\/li>\n<li>F\u0103r\u0103 profiluri false - Din moment ce sunte\u021bi \u00een direct pe video, \u0219ti\u021bi c\u0103 cealalt\u0103 persoan\u0103 este real\u0103.<\/li>\n<li>Spontaneitate - Fiecare discu\u021bie este o surpriz\u0103; nu \u0219tii niciodat\u0103 cu cine te vei mai \u00eent\u00e2lni.<\/li>\n<li>Distrac\u021bie \u0219i divertisment - Perfect pentru uciderea plictiselii, exersarea abilit\u0103\u021bilor sociale sau flirt.<\/li>\n<li>Anonimat - Multe site-uri v\u0103 permit s\u0103 r\u0103m\u00e2ne\u021bi anonim - nu este nevoie de un cont.<\/li>\n<li>Cost zero - Cu platforma potrivit\u0103, nu trebuie s\u0103 pl\u0103ti\u021bi pentru a discuta prin video cu persoane necunoscute.<\/li>\n<\/ul>\n<h2>Cum func\u021bioneaz\u0103 chat-ul Cam to Cam<\/h2>\n<p>Procesul este incredibil de simplu:<\/p>\n<ol>\n<li>Deschide\u021bi site-ul de chat pe desktop sau pe dispozitivul mobil.<\/li>\n<li>Permite\u021bi accesul la camer\u0103 \u0219i microfon atunci c\u00e2nd vi se solicit\u0103.<\/li>\n<li>Face\u021bi clic pe \"Start\" sau \"Urm\u0103torul\". Ve\u021bi fi conectat instantaneu la un necunoscut aleatoriu.<\/li>\n<li>Discuta\u021bi \u00een direct cu camera. Dac\u0103 nu v\u0103 sim\u021bi\u021bi bine cu persoana respectiv\u0103, ap\u0103sa\u021bi \"Urm\u0103torul\" \u0219i trece\u021bi mai departe.<\/li>\n<li>Repeta\u021bi c\u00e2t de mult dori\u021bi - chat-ul este gratuit \u0219i nelimitat.<\/li>\n<\/ol>\n<p>Pe unele platforme, pute\u021bi aplica filtre de gen sau de \u021bar\u0103 pentru a v\u0103 \u00eembun\u0103t\u0103\u021bi potrivirea.<\/p>\n<h2>Caracteristici de top de c\u0103utat<\/h2>\n<p>Atunci c\u00e2nd alege\u021bi un site de chat cam to cam, iat\u0103 ce conteaz\u0103 cel mai mult:<\/p>\n<ul>\n<li>Acces gratuit - Conversa\u021bii nelimitate f\u0103r\u0103 ziduri de plat\u0103.<\/li>\n<li>Filtre de gen \u0219i loca\u021bie - Abilitatea de a alege cu cine dori\u021bi s\u0103 discuta\u021bi.<\/li>\n<li>Conexiuni cu un singur clic - F\u0103r\u0103 configurare complicat\u0103.<\/li>\n<li>Mobile-Friendly - Func\u021bioneaz\u0103 perfect at\u00e2t pe telefoane, c\u00e2t \u0219i pe computere.<\/li>\n<li>Moderare \u0219i siguran\u021b\u0103 - Protec\u021bie activ\u0103 \u00eempotriva robo\u021bilor, escrocilor \u0219i con\u021binutului inadecvat.<\/li>\n<li>Nu este nevoie de \u00eenscriere - Anonimitate \u0219i confiden\u021bialitate reale.<\/li>\n<\/ul>\n<h2>Cam gratuit la Cam Chat vs pl\u0103tit Cam la Cam Chat<\/h2>\n<p>Nu toate platformele de chat cam to cam sunt egale. Unele ofer\u0103 acces gratuit cu conexiuni reale aleatorii, \u00een timp ce altele restric\u021bioneaz\u0103 caracteristicile \u00een spatele zidurilor de plat\u0103.<\/p>\n<p>Iat\u0103 cum se compar\u0103:<\/p>\n<table>\n<thead>\n<tr>\n<th>Caracteristic\u0103<\/th>\n<th>Gratuit Cam la Cam Chat<\/th>\n<th>Pl\u0103tit Cam la Cam Chat<\/th>\n<\/tr>\n<\/thead>\n<tbody>\n<tr>\n<td>Costuri<\/td>\n<td>Gratuit pentru totdeauna<\/td>\n<td>Abonament sau credite<\/td>\n<\/tr>\n<tr>\n<td>Anonimatul<\/td>\n<td>Nu este necesar\u0103 \u00eenscrierea<\/td>\n<td>Necesit\u0103 cont\/plat\u0103<\/td>\n<\/tr>\n<tr>\n<td>Filtru de gen<\/td>\n<td>Disponibil pe unele platforme gratuite (cum ar fi StrangerCam)<\/td>\n<td>\u00centotdeauna incluse<\/td>\n<\/tr>\n<tr>\n<td>Modera\u021bie<\/td>\n<td>Da (pe platforme gratuite de \u00eencredere)<\/td>\n<td>Da<\/td>\n<\/tr>\n<tr>\n<td>Cel mai bun pentru<\/td>\n<td>Distrac\u021bie ocazional\u0103, spontan\u0103<\/td>\n<td>\u00cent\u00e2lniri serioase, interese de ni\u0219\u0103<\/td>\n<\/tr>\n<\/tbody>\n<\/table>\n<p>Pentru majoritatea utilizatorilor, chat-ul gratuit \u00eentre camere este cea mai bun\u0103 alegere - este spontan, anonim \u0219i u\u0219or de utilizat.<\/p>\n<h2>Tabel comparativ: Cele mai bune site-uri de chat Cam to Cam \u00een 2025<\/h2>\n<table>\n<thead>\n<tr>\n<th>Platform\u0103<\/th>\n<th align=\"center\">Acces gratuit<\/th>\n<th align=\"center\">Filtru de gen<\/th>\n<th align=\"center\">\u00cenregistrare necesar\u0103<\/th>\n<th align=\"center\">Mobil prietenos<\/th>\n<th>Note<\/th>\n<\/tr>\n<\/thead>\n<tbody>\n<tr>\n<td>StrangerCam<\/td>\n<td align=\"center\">\u2705<\/td>\n<td align=\"center\">\u2705 (Gratuit)<\/td>\n<td align=\"center\">\u274c<\/td>\n<td align=\"center\">\u2705<\/td>\n<td>Cel mai bun all-round gratuit cam la cam chat<\/td>\n<\/tr>\n<tr>\n<td><a href=\"https:\/\/strangercam.com\/ro\/chatroulette\/\">Chatroulette<\/a><\/td>\n<td align=\"center\">\u2705<\/td>\n<td align=\"center\">\u274c (pl\u0103tit)<\/td>\n<td align=\"center\">\u274c<\/td>\n<td align=\"center\">\u2705<\/td>\n<td>Clasic, dar cu filtru de gen blocat<\/td>\n<\/tr>\n<tr>\n<td>Chatrandom<\/td>\n<td align=\"center\">\u2705<\/td>\n<td align=\"center\">\u274c (pl\u0103tit)<\/td>\n<td align=\"center\">\u274c<\/td>\n<td align=\"center\">\u2705<\/td>\n<td>Popular, dar filtrele cost\u0103 bani<\/td>\n<\/tr>\n<tr>\n<td><a href=\"https:\/\/strangercam.com\/ro\/ometv\/\">OmeTV<\/a><\/td>\n<td align=\"center\">\u2705<\/td>\n<td align=\"center\">\u274c<\/td>\n<td align=\"center\">\u274c<\/td>\n<td align=\"center\">\u2705<\/td>\n<td>Aplica\u021bie bun\u0103, doar aleatorie<\/td>\n<\/tr>\n<tr>\n<td>Shagle<\/td>\n<td align=\"center\">\u2705<\/td>\n<td align=\"center\">\u274c (pl\u0103tit)<\/td>\n<td align=\"center\">\u274c<\/td>\n<td align=\"center\">\u2705<\/td>\n<td>Paywalls pentru o mai bun\u0103 potrivire<\/td>\n<\/tr>\n<tr>\n<td><a href=\"https:\/\/strangercam.com\/ro\/coomeet\/\">CooMeet<\/a><\/td>\n<td align=\"center\">\u274c (Trial)<\/td>\n<td align=\"center\">\u2705<\/td>\n<td align=\"center\">\u2705<\/td>\n<td align=\"center\">\u2705<\/td>\n<td>Serviciu pl\u0103tit \u00een cea mai mare parte<\/td>\n<\/tr>\n<tr>\n<td>LuckyCrush<\/td>\n<td align=\"center\">\u274c<\/td>\n<td align=\"center\">\u2705<\/td>\n<td align=\"center\">\u2705<\/td>\n<td align=\"center\">\u2705<\/td>\n<td>\u00cen func\u021bie de gen, dar \u00eentotdeauna pl\u0103tite<\/td>\n<\/tr>\n<\/tbody>\n<\/table>\n<p>StrangerCam este una dintre singurele platforme care ofer\u0103 chat gratuit de la o camer\u0103 la alta cu filtre de gen reale - ceva ce majoritatea concuren\u021bilor ascund \u00een spatele unor ziduri de plat\u0103.<\/p>\n<h2>De ce StrangerCam este cel mai bun loc pentru chat gratuit de la camer\u0103 la camer\u0103<\/h2>\n<p>Iat\u0103 de ce StrangerCam iese \u00een eviden\u021b\u0103 ca o alegere de top \u00een 2025:<\/p>\n<h3>1. Cu adev\u0103rat gratuit, f\u0103r\u0103 \u00eenscriere<\/h3>\n<p>F\u0103r\u0103 taxe ascunse, f\u0103r\u0103 limite, f\u0103r\u0103 autentificare. Doar deschide\u021bi \u0219i \u00eencepe\u021bi s\u0103 discuta\u021bi.<\/p>\n<h3>2. Filtru de gen care chiar func\u021bioneaz\u0103<\/h3>\n<p>Spre deosebire de alte site-uri \"gratuite\", StrangerCam v\u0103 permite s\u0103 filtra\u021bi pentru fete, b\u0103ie\u021bi sau ambele f\u0103r\u0103 a percepe taxe.<\/p>\n<h3>3. Moderarea activ\u0103<\/h3>\n<p>Moderatorii reali \u0219i filtrele AI \u021bin la distan\u021b\u0103 robo\u021bii \u0219i utilizatorii abuzivi.<\/p>\n<h3>4. Design optimizat pentru dispozitive mobile<\/h3>\n<p>Fie c\u0103 sunte\u021bi pe iPhone, Android sau desktop, chat-ul este fluid \u0219i de \u00eenalt\u0103 calitate.<\/p>\n<h3>5. Comunitatea global\u0103<\/h3>\n<p>Utilizatori din peste 100 de \u021b\u0103ri \u00eenseamn\u0103 c\u0103 pute\u021bi discuta 24\/7.<\/p>\n<h3>6. Anonimatul \u0219i confiden\u021bialitatea<\/h3>\n<p>F\u0103r\u0103 \u00eenregistrare, f\u0103r\u0103 urm\u0103rire, f\u0103r\u0103 stocare a discu\u021biilor video.<\/p>\n<h2>Testimoniale reale ale utilizatorilor<\/h2>\n<blockquote><p><em>\"Am \u00eencercat mai multe site-uri cam to cam, dar StrangerCam este singurul care mi-a oferit de fapt chat-uri gratuite \u0219i nelimitate f\u0103r\u0103 s\u0103 m\u0103 for\u021beze s\u0103 pl\u0103tesc. Filtrul de gen este un mare plus.\"<\/em><br \/>\n- Kevin, 29 de ani<\/p><\/blockquote>\n<blockquote><p><em>\"Ca fat\u0103, m\u0103 simt mai \u00een siguran\u021b\u0103 aici pentru c\u0103 exist\u0103 o modera\u021bie adecvat\u0103. Pot s\u0103 sar instantaneu dac\u0103 cineva este nepoliticos.\"<\/em><br \/>\n- Anna, 22 de ani<\/p><\/blockquote>\n<blockquote><p><em>\"Func\u021bioneaz\u0103 perfect pe telefonul meu. \u00cen c\u00e2teva minute, am vorbit cu cineva din Italia. Free cam to cam chat nu devine mai bun dec\u00e2t acesta.\"<\/em><br \/>\n- David, 24 de ani<\/p><\/blockquote>\n<h2>Sfaturi de siguran\u021b\u0103 pentru Cam to Cam Chat<\/h2>\n<p>Pentru a v\u0103 bucura de chat cam to cam \u00een siguran\u021b\u0103:<\/p>\n<ul>\n<li>Nu \u00eemp\u0103rt\u0103\u0219i\u021bi informa\u021bii personale (numele real, adresa, num\u0103rul de telefon).<\/li>\n<li>Evita\u021bi s\u0103 face\u021bi clic pe linkurile trimise de str\u0103ini.<\/li>\n<li>Folosi\u021bi liber butonul \"Urm\u0103torul\" - nu r\u0103m\u00e2ne\u021bi \u00een chat-uri care v\u0103 fac s\u0103 v\u0103 sim\u021bi\u021bi inconfortabil.<\/li>\n<li>P\u0103stra\u021bi-v\u0103 fundalul neutru pentru a evita dezv\u0103luirea detaliilor personale.<\/li>\n<li>Raporta\u021bi imediat comportamentul inadecvat.<\/li>\n<\/ul>\n<h2>Cum s\u0103 \u00eencepe\u021bi un chat gratuit de la camer\u0103 la camer\u0103 \u00een c\u00e2teva secunde<\/h2>\n<ol>\n<li>Deschide\u021bi platforma.<\/li>\n<li>Permite\u021bi accesul la camer\u0103 \u0219i microfon.<\/li>\n<li>Alege\u021bi-v\u0103 preferin\u021bele (cum ar fi filtrul de gen).<\/li>\n<li>Face\u021bi clic pe \"Start Chat\".<\/li>\n<li>Bucura\u021bi-v\u0103 de conexiunea live cam la cam.<\/li>\n<\/ol>\n<p>Este nevoie de mai pu\u021bin de un minut pentru a trece de la plictiseal\u0103 la chat live cu un str\u0103in.<\/p>\n<h2>G\u00e2nduri finale - \u00cencerca\u021bi ast\u0103zi chat-ul gratuit de la camer\u0103 la camer\u0103<\/h2>\n<p>\u00cen 2025, chat-ul cam to cam r\u0103m\u00e2ne una dintre cele mai bune modalit\u0103\u021bi de a cunoa\u0219te oameni noi, de a-\u021bi face prieteni \u0219i de a te bucura de conversa\u021bii spontane. Dar nu toate platformele sunt egale. Multe cer bani, restric\u021bioneaz\u0103 func\u021biile sau nu reu\u0219esc s\u0103 protejeze utilizatorii de robo\u021bi \u0219i spam.<\/p>\n<p>De aceea, chat-ul gratuit cam to cam de pe StrangerCam iese \u00een eviden\u021b\u0103. Cu filtre de gen reale, acces instant, utilizatori globali \u0219i moderare strict\u0103, este unul dintre cele mai sigure \u0219i mai pl\u0103cute locuri pentru a cunoa\u0219te str\u0103ini online.<\/p>\n<p>E\u0219ti gata s\u0103 \u00eencerci? Intr\u0103 acum \u00eentr-un chat gratuit de la camer\u0103 la camer\u0103 \u0219i vezi pe cine vei \u00eent\u00e2lni \u00een continuare!<\/p>","protected":false},"excerpt":{"rendered":"<p>If you\u2019ve ever wanted to meet someone new face-to-face without leaving your home, cam to cam chat is one of the most exciting ways to do it. Unlike text chat, where you can never be sure who\u2019s really on the other side, cam to cam video chat puts you directly in front of real people\u2014instantly. [&hellip;]<\/p>\n","protected":false},"author":8,"featured_media":0,"parent":0,"menu_order":0,"comment_status":"closed","ping_status":"closed","template":"","meta":{"footnotes":""},"class_list":["post-148","page","type-page","status-publish","hentry"],"yoast_head":"<!-- This site is optimized with the Yoast SEO plugin v26.9 - https:\/\/yoast.com\/product\/yoast-seo-wordpress\/ -->\n<title>Free Cam to Cam Chat with Random Chat on Strangercam.com<\/title>\n<meta name=\"description\" content=\"Liking Free Cam to Cam Chat? Join millions on StrangerCam.com! Start a random video chat, turn on your cam, and meet strangers instantly.\" \/>\n<meta name=\"robots\" content=\"index, follow, max-snippet:-1, max-image-preview:large, max-video-preview:-1\" \/>\n<link rel=\"canonical\" href=\"https:\/\/strangercam.com\/ro\/cam-la-cam-chat\/\" \/>\n<meta property=\"og:locale\" content=\"ro_RO\" \/>\n<meta property=\"og:type\" content=\"article\" \/>\n<meta property=\"og:title\" content=\"Free Cam to Cam Chat with Random Chat on Strangercam.com\" \/>\n<meta property=\"og:description\" content=\"Liking Free Cam to Cam Chat? Join millions on StrangerCam.com! Start a random video chat, turn on your cam, and meet strangers instantly.\" \/>\n<meta property=\"og:url\" content=\"https:\/\/strangercam.com\/ro\/cam-la-cam-chat\/\" \/>\n<meta property=\"og:site_name\" content=\"Strangercam\" \/>\n<meta property=\"article:publisher\" content=\"https:\/\/www.facebook.com\/strangercam\" \/>\n<meta property=\"article:modified_time\" content=\"2025-08-18T12:02:52+00:00\" \/>\n<meta property=\"og:image\" content=\"https:\/\/strangercam.com\/wp-content\/uploads\/2021\/10\/Untitled-2.png\" \/>\n\t<meta property=\"og:image:width\" content=\"800\" \/>\n\t<meta property=\"og:image:height\" content=\"532\" \/>\n\t<meta property=\"og:image:type\" content=\"image\/png\" \/>\n<meta name=\"twitter:card\" content=\"summary_large_image\" \/>\n<meta name=\"twitter:site\" content=\"@strangercamapp\" \/>\n<meta name=\"twitter:label1\" content=\"Timp estimat pentru citire\" \/>\n\t<meta name=\"twitter:data1\" content=\"5 minute\" \/>\n<script type=\"application\/ld+json\" class=\"yoast-schema-graph\">{\"@context\":\"https:\/\/schema.org\",\"@graph\":[{\"@type\":\"WebPage\",\"@id\":\"https:\/\/strangercam.com\/cam-to-cam-chat\/\",\"url\":\"https:\/\/strangercam.com\/cam-to-cam-chat\/\",\"name\":\"Free Cam to Cam Chat with Random Chat on Strangercam.com\",\"isPartOf\":{\"@id\":\"https:\/\/strangercam.com\/#website\"},\"datePublished\":\"2025-08-18T10:34:38+00:00\",\"dateModified\":\"2025-08-18T12:02:52+00:00\",\"description\":\"Liking Free Cam to Cam Chat? Join millions on StrangerCam.com! Start a random video chat, turn on your cam, and meet strangers instantly.\",\"breadcrumb\":{\"@id\":\"https:\/\/strangercam.com\/cam-to-cam-chat\/#breadcrumb\"},\"inLanguage\":\"ro-RO\",\"potentialAction\":[{\"@type\":\"ReadAction\",\"target\":[\"https:\/\/strangercam.com\/cam-to-cam-chat\/\"]}]},{\"@type\":\"BreadcrumbList\",\"@id\":\"https:\/\/strangercam.com\/cam-to-cam-chat\/#breadcrumb\",\"itemListElement\":[{\"@type\":\"ListItem\",\"position\":1,\"name\":\"Home\",\"item\":\"https:\/\/strangercam.com\/\"},{\"@type\":\"ListItem\",\"position\":2,\"name\":\"Free Cam to Cam Chat\"}]},{\"@type\":\"WebSite\",\"@id\":\"https:\/\/strangercam.com\/#website\",\"url\":\"https:\/\/strangercam.com\/\",\"name\":\"Strangercam\",\"description\":\"Random Video Chat with Strangers\",\"publisher\":{\"@id\":\"https:\/\/strangercam.com\/#organization\"},\"alternateName\":\"Strangercam.com\",\"potentialAction\":[{\"@type\":\"SearchAction\",\"target\":{\"@type\":\"EntryPoint\",\"urlTemplate\":\"https:\/\/strangercam.com\/?s={search_term_string}\"},\"query-input\":{\"@type\":\"PropertyValueSpecification\",\"valueRequired\":true,\"valueName\":\"search_term_string\"}}],\"inLanguage\":\"ro-RO\"},{\"@type\":\"Organization\",\"@id\":\"https:\/\/strangercam.com\/#organization\",\"name\":\"Strangercam\",\"alternateName\":\"Strangercam.com\",\"url\":\"https:\/\/strangercam.com\/\",\"logo\":{\"@type\":\"ImageObject\",\"inLanguage\":\"ro-RO\",\"@id\":\"https:\/\/strangercam.com\/#\/schema\/logo\/image\/\",\"url\":\"https:\/\/strangercam.com\/wp-content\/uploads\/2020\/11\/cropped-new-favicon-black.png\",\"contentUrl\":\"https:\/\/strangercam.com\/wp-content\/uploads\/2020\/11\/cropped-new-favicon-black.png\",\"width\":512,\"height\":512,\"caption\":\"Strangercam\"},\"image\":{\"@id\":\"https:\/\/strangercam.com\/#\/schema\/logo\/image\/\"},\"sameAs\":[\"https:\/\/www.facebook.com\/strangercam\",\"https:\/\/x.com\/strangercamapp\"]}]}<\/script>\n<!-- \/ Yoast SEO plugin. -->","yoast_head_json":{"title":"Gratuit Cam la Cam Chat cu Chat aleatoriu pe Strangercam.com","description":"\u00ce\u021bi place chat-ul gratuit de la camer\u0103 la camer\u0103? Join milioane pe StrangerCam.com! \u00cencepe un chat video aleatoriu, porne\u0219te-\u021bi camera \u0219i \u00eent\u00e2lne\u0219te str\u0103ini instantaneu.","robots":{"index":"index","follow":"follow","max-snippet":"max-snippet:-1","max-image-preview":"max-image-preview:large","max-video-preview":"max-video-preview:-1"},"canonical":"https:\/\/strangercam.com\/ro\/cam-la-cam-chat\/","og_locale":"ro_RO","og_type":"article","og_title":"Free Cam to Cam Chat with Random Chat on Strangercam.com","og_description":"Liking Free Cam to Cam Chat? Join millions on StrangerCam.com! Start a random video chat, turn on your cam, and meet strangers instantly.","og_url":"https:\/\/strangercam.com\/ro\/cam-la-cam-chat\/","og_site_name":"Strangercam","article_publisher":"https:\/\/www.facebook.com\/strangercam","article_modified_time":"2025-08-18T12:02:52+00:00","og_image":[{"width":800,"height":532,"url":"https:\/\/strangercam.com\/wp-content\/uploads\/2021\/10\/Untitled-2.png","type":"image\/png"}],"twitter_card":"summary_large_image","twitter_site":"@strangercamapp","twitter_misc":{"Timp estimat pentru citire":"5 minute"},"schema":{"@context":"https:\/\/schema.org","@graph":[{"@type":"WebPage","@id":"https:\/\/strangercam.com\/cam-to-cam-chat\/","url":"https:\/\/strangercam.com\/cam-to-cam-chat\/","name":"Gratuit Cam la Cam Chat cu Chat aleatoriu pe Strangercam.com","isPartOf":{"@id":"https:\/\/strangercam.com\/#website"},"datePublished":"2025-08-18T10:34:38+00:00","dateModified":"2025-08-18T12:02:52+00:00","description":"\u00ce\u021bi place chat-ul gratuit de la camer\u0103 la camer\u0103? Join milioane pe StrangerCam.com! \u00cencepe un chat video aleatoriu, porne\u0219te-\u021bi camera \u0219i \u00eent\u00e2lne\u0219te str\u0103ini instantaneu.","breadcrumb":{"@id":"https:\/\/strangercam.com\/cam-to-cam-chat\/#breadcrumb"},"inLanguage":"ro-RO","potentialAction":[{"@type":"ReadAction","target":["https:\/\/strangercam.com\/cam-to-cam-chat\/"]}]},{"@type":"BreadcrumbList","@id":"https:\/\/strangercam.com\/cam-to-cam-chat\/#breadcrumb","itemListElement":[{"@type":"ListItem","position":1,"name":"Home","item":"https:\/\/strangercam.com\/"},{"@type":"ListItem","position":2,"name":"Free Cam to Cam Chat"}]},{"@type":"WebSite","@id":"https:\/\/strangercam.com\/#website","url":"https:\/\/strangercam.com\/","name":"Strangercam","description":"Chat video aleatoriu cu str\u0103ini","publisher":{"@id":"https:\/\/strangercam.com\/#organization"},"alternateName":"Strangercam.com","potentialAction":[{"@type":"SearchAction","target":{"@type":"EntryPoint","urlTemplate":"https:\/\/strangercam.com\/?s={search_term_string}"},"query-input":{"@type":"PropertyValueSpecification","valueRequired":true,"valueName":"search_term_string"}}],"inLanguage":"ro-RO"},{"@type":"Organization","@id":"https:\/\/strangercam.com\/#organization","name":"Strangercam","alternateName":"Strangercam.com","url":"https:\/\/strangercam.com\/","logo":{"@type":"ImageObject","inLanguage":"ro-RO","@id":"https:\/\/strangercam.com\/#\/schema\/logo\/image\/","url":"https:\/\/strangercam.com\/wp-content\/uploads\/2020\/11\/cropped-new-favicon-black.png","contentUrl":"https:\/\/strangercam.com\/wp-content\/uploads\/2020\/11\/cropped-new-favicon-black.png","width":512,"height":512,"caption":"Strangercam"},"image":{"@id":"https:\/\/strangercam.com\/#\/schema\/logo\/image\/"},"sameAs":["https:\/\/www.facebook.com\/strangercam","https:\/\/x.com\/strangercamapp"]}]}},"_links":{"self":[{"href":"https:\/\/strangercam.com\/ro\/wp-json\/wp\/v2\/pages\/148","targetHints":{"allow":["GET"]}}],"collection":[{"href":"https:\/\/strangercam.com\/ro\/wp-json\/wp\/v2\/pages"}],"about":[{"href":"https:\/\/strangercam.com\/ro\/wp-json\/wp\/v2\/types\/page"}],"author":[{"embeddable":true,"href":"https:\/\/strangercam.com\/ro\/wp-json\/wp\/v2\/users\/8"}],"replies":[{"embeddable":true,"href":"https:\/\/strangercam.com\/ro\/wp-json\/wp\/v2\/comments?post=148"}],"version-history":[{"count":2,"href":"https:\/\/strangercam.com\/ro\/wp-json\/wp\/v2\/pages\/148\/revisions"}],"predecessor-version":[{"id":12962,"href":"https:\/\/strangercam.com\/ro\/wp-json\/wp\/v2\/pages\/148\/revisions\/12962"}],"wp:attachment":[{"href":"https:\/\/strangercam.com\/ro\/wp-json\/wp\/v2\/media?parent=148"}],"curies":[{"name":"wp","href":"https:\/\/api.w.org\/{rel}","templated":true}]}}