{"id":1327,"date":"2021-04-06T11:24:02","date_gmt":"2021-04-06T09:24:02","guid":{"rendered":"https:\/\/strangercam.com\/?page_id=1327"},"modified":"2023-08-21T12:24:41","modified_gmt":"2023-08-21T10:24:41","slug":"chatrad","status":"publish","type":"page","link":"https:\/\/strangercam.com\/ro\/chatrad\/","title":{"rendered":"Chatrad"},"content":{"rendered":"<p>Vrei s\u0103 <a href=\"https:\/\/strangercam.com\/ro\/coomeet\/\">\u00eent\u00e2lnire<\/a> oameni noi \u0219i interesan\u021bi \u00een fiecare zi? \u00cencerca\u021bi ChatRad online <a href=\"https:\/\/strangercam.com\/ro\/rabbit-video-chat\/\">video<\/a> <a href=\"https:\/\/strangercam.com\/ro\/chatroulette\/\">chat<\/a> platform\u0103. Acesta este un site care v\u0103 ajut\u0103 s\u0103 \u00eent\u00e2lni\u021bi zeci de oameni \u00een fiecare zi prin intermediul camerei dvs. web. Conectarea cu str\u0103ini aleatori din \u00eentreaga lume este u\u0219oar\u0103 \u0219i instantanee. Astfel, dac\u0103 dori\u021bi s\u0103 v\u0103 face\u021bi prieteni noi sau s\u0103 v\u0103 \u00eent\u00e2lni\u021bi, ChatRad este platforma ideal\u0103 pentru dvs.<\/p>\n<p>Mai mult dec\u00e2t at\u00e2t, ChatRad v\u0103 permite, de asemenea, s\u0103 g\u0103si\u021bi un nou partener de \u00eent\u00e2lniri sau v\u0103 ofer\u0103 posibilitatea de a avea un timp bun pentru socializare.<\/p>\n<h2>Ce este ChatRad?<\/h2>\n<p>ChatRad a fost lansat \u00een 2013. <a href=\"https:\/\/strangercam.com\/ro\/chatingly\/\">Chat<\/a> prin intermediul tehnologiei webcam nu a fost niciodat\u0103 at\u00e2t de u\u0219or. Cu toate acestea, cu ajutorul platformei ChatRad, prin ani de inova\u021bie \u0219i munc\u0103 asidu\u0103, chat-ul prin intermediul webcam-ului a devenit u\u0219or pentru utilizatorii s\u0103i.<\/p>\n<p>ChatRad este un software de chat care ofer\u0103 utilizatorilor s\u0103i posibilitatea de a comunica cu str\u0103ini aleatori prin utilizarea webcam-ului printr-o platform\u0103 video. ChatRad v\u0103 permite, de asemenea, s\u0103 discuta\u021bi \u00een func\u021bie de gusturile \u0219i preferin\u021bele dumneavoastr\u0103.<\/p>\n<h3>Ce este at\u00e2t de special despre ChatRad?<\/h3>\n<p>Cel mai special lucru despre ChatRad este c\u0103 este <a href=\"https:\/\/strangercam.com\/ro\/chat4free\/\">liber<\/a>. Trebuie doar s\u0103 v\u0103 folosi\u021bi camera web pentru a discuta cu str\u0103ini din \u00eentreaga lume. S\u0103 verific\u0103m c\u00e2teva caracteristici speciale ale ChatRad.<\/p>\n<ul>\n<li>Face\u021bi cuno\u0219tin\u021b\u0103 cu oameni noi - \u00cent\u00e2lnirea cu oameni noi cu ChatRad este simpl\u0103 \u0219i u\u0219oar\u0103. Trebuie doar s\u0103 ap\u0103sa\u021bi \u201cstart\u201d pentru a activa camera dvs. web \u0219i a\u021bi terminat.<\/li>\n<li>\u00cen plus, este o platform\u0103 care ofer\u0103 doar socializare gratuit\u0103, dar, de asemenea, v\u0103 ofer\u0103 posibilitatea de a v\u0103 prezenta talentul \u00een fa\u021ba lumii. Dac\u0103 sunte\u021bi un mare chitarist sau ave\u021bi o voce minunat\u0103, o pute\u021bi face ChatRad cu u\u0219urin\u021b\u0103. Mai mult, pute\u021bi discuta diverse subiecte cu str\u0103inii, cum ar fi m\u00e2ncarea, politica, cultura \u0219i multe altele. Conectarea la str\u0103ini din \u00eentreaga lume \u00een ChatRad prin intermediul unei camere web este interesant\u0103 \u0219i distractiv\u0103. Utilizarea webcam-ului pentru a discuta cu str\u0103inii pe site-ul ChatRad este gratuit\u0103 \u0219i interesant\u0103.<\/li>\n<li>Vitez\u0103 - Un alt lucru special de men\u021bionat despre ChatRad este viteza sa de iluminare. ChatRad v\u0103 permite s\u0103 v\u0103 conecta\u021bi cu str\u0103ini aleatori la o vitez\u0103 de iluminare, f\u0103c\u00e2nd astfel conversa\u021biile f\u0103r\u0103 probleme \u0219i f\u0103r\u0103 complica\u021bii.<\/li>\n<\/ul>\n<p>Echipa ChatRad lucreaz\u0103 din greu pentru a v\u0103 asigura siguran\u021ba \u00een lume. Ea nu permite niciodat\u0103 ca orice informa\u021bie s\u0103 se scurg\u0103 c\u0103tre ter\u021be p\u0103r\u021bi sau c\u0103tre orice alt utilizator. \u00cen acest scop, nu ar trebui s\u0103 transmite\u021bi niciodat\u0103 detalii personale niciunui str\u0103in. Este mai bine s\u0103 r\u0103m\u00e2ne\u021bi \u00een siguran\u021b\u0103 dec\u00e2t s\u0103 fi\u021bi de cealalt\u0103 parte a b\u0103rcii.<\/p>\n<p>Urma\u021bi \u00een continuare sfaturile de siguran\u021b\u0103 pentru a v\u0103 asigura c\u0103 detaliile dvs. nu pot fi identificate de c\u0103tre persoane, agen\u021bii sau str\u0103ini necunoscu\u021bi.<\/p>","protected":false},"excerpt":{"rendered":"<p>Want to meet new and interesting people every day? Try ChatRad online video chat platform. This is a site that helps you to meet dozens of people every day through your webcam. Connecting with random strangers from across the globe is easy and instant. Thus, if you want to make new friends, or go for [&hellip;]<\/p>\n","protected":false},"author":6,"featured_media":559,"parent":0,"menu_order":0,"comment_status":"closed","ping_status":"closed","template":"","meta":{"footnotes":""},"class_list":["post-1327","page","type-page","status-publish","has-post-thumbnail","hentry"],"yoast_head":"<!-- This site is optimized with the Yoast SEO plugin v26.9 - https:\/\/yoast.com\/product\/yoast-seo-wordpress\/ -->\n<title>Chatrad - Talk To Strangers - Cam on StrangerCam.com<\/title>\n<meta name=\"description\" content=\"Like Chatrad? Come chat with more than 5.000.000 strangers on Stranger Cam for Free! Turn on your cam and find new friends &amp; maby a match!\" \/>\n<meta name=\"robots\" content=\"index, follow, max-snippet:-1, max-image-preview:large, max-video-preview:-1\" \/>\n<link rel=\"canonical\" href=\"https:\/\/strangercam.com\/ro\/chatrad\/\" \/>\n<meta property=\"og:locale\" content=\"ro_RO\" \/>\n<meta property=\"og:type\" content=\"article\" \/>\n<meta property=\"og:title\" content=\"Chatrad - Talk To Strangers - Cam on StrangerCam.com\" \/>\n<meta property=\"og:description\" content=\"Like Chatrad? Come chat with more than 5.000.000 strangers on Stranger Cam for Free! Turn on your cam and find new friends &amp; maby a match!\" \/>\n<meta property=\"og:url\" content=\"https:\/\/strangercam.com\/ro\/chatrad\/\" \/>\n<meta property=\"og:site_name\" content=\"Strangercam\" \/>\n<meta property=\"article:publisher\" content=\"https:\/\/www.facebook.com\/strangercam\" \/>\n<meta property=\"article:modified_time\" content=\"2023-08-21T10:24:41+00:00\" \/>\n<meta property=\"og:image\" content=\"https:\/\/strangercam.com\/wp-content\/uploads\/2020\/11\/stranger-cam-1.png\" \/>\n\t<meta property=\"og:image:width\" content=\"800\" \/>\n\t<meta property=\"og:image:height\" content=\"800\" \/>\n\t<meta property=\"og:image:type\" content=\"image\/png\" \/>\n<meta name=\"twitter:card\" content=\"summary_large_image\" \/>\n<meta name=\"twitter:site\" content=\"@strangercamapp\" \/>\n<meta name=\"twitter:label1\" content=\"Timp estimat pentru citire\" \/>\n\t<meta name=\"twitter:data1\" content=\"2 minute\" \/>\n<script type=\"application\/ld+json\" class=\"yoast-schema-graph\">{\"@context\":\"https:\/\/schema.org\",\"@graph\":[{\"@type\":\"WebPage\",\"@id\":\"https:\/\/strangercam.com\/chatrad\/\",\"url\":\"https:\/\/strangercam.com\/chatrad\/\",\"name\":\"Chatrad - Talk To Strangers - Cam on StrangerCam.com\",\"isPartOf\":{\"@id\":\"https:\/\/strangercam.com\/#website\"},\"primaryImageOfPage\":{\"@id\":\"https:\/\/strangercam.com\/chatrad\/#primaryimage\"},\"image\":{\"@id\":\"https:\/\/strangercam.com\/chatrad\/#primaryimage\"},\"thumbnailUrl\":\"https:\/\/strangercam.com\/wp-content\/uploads\/2020\/11\/stranger-cam-1.png\",\"datePublished\":\"2021-04-06T09:24:02+00:00\",\"dateModified\":\"2023-08-21T10:24:41+00:00\",\"description\":\"Like Chatrad? Come chat with more than 5.000.000 strangers on Stranger Cam for Free! Turn on your cam and find new friends & maby a match!\",\"breadcrumb\":{\"@id\":\"https:\/\/strangercam.com\/chatrad\/#breadcrumb\"},\"inLanguage\":\"ro-RO\",\"potentialAction\":[{\"@type\":\"ReadAction\",\"target\":[\"https:\/\/strangercam.com\/chatrad\/\"]}]},{\"@type\":\"ImageObject\",\"inLanguage\":\"ro-RO\",\"@id\":\"https:\/\/strangercam.com\/chatrad\/#primaryimage\",\"url\":\"https:\/\/strangercam.com\/wp-content\/uploads\/2020\/11\/stranger-cam-1.png\",\"contentUrl\":\"https:\/\/strangercam.com\/wp-content\/uploads\/2020\/11\/stranger-cam-1.png\",\"width\":800,\"height\":800,\"caption\":\"stranger cam random video chat\"},{\"@type\":\"BreadcrumbList\",\"@id\":\"https:\/\/strangercam.com\/chatrad\/#breadcrumb\",\"itemListElement\":[{\"@type\":\"ListItem\",\"position\":1,\"name\":\"Home\",\"item\":\"https:\/\/strangercam.com\/\"},{\"@type\":\"ListItem\",\"position\":2,\"name\":\"Chatrad\"}]},{\"@type\":\"WebSite\",\"@id\":\"https:\/\/strangercam.com\/#website\",\"url\":\"https:\/\/strangercam.com\/\",\"name\":\"Strangercam\",\"description\":\"Random Video Chat with Strangers\",\"publisher\":{\"@id\":\"https:\/\/strangercam.com\/#organization\"},\"alternateName\":\"Strangercam.com\",\"potentialAction\":[{\"@type\":\"SearchAction\",\"target\":{\"@type\":\"EntryPoint\",\"urlTemplate\":\"https:\/\/strangercam.com\/?s={search_term_string}\"},\"query-input\":{\"@type\":\"PropertyValueSpecification\",\"valueRequired\":true,\"valueName\":\"search_term_string\"}}],\"inLanguage\":\"ro-RO\"},{\"@type\":\"Organization\",\"@id\":\"https:\/\/strangercam.com\/#organization\",\"name\":\"Strangercam\",\"alternateName\":\"Strangercam.com\",\"url\":\"https:\/\/strangercam.com\/\",\"logo\":{\"@type\":\"ImageObject\",\"inLanguage\":\"ro-RO\",\"@id\":\"https:\/\/strangercam.com\/#\/schema\/logo\/image\/\",\"url\":\"https:\/\/strangercam.com\/wp-content\/uploads\/2020\/11\/cropped-new-favicon-black.png\",\"contentUrl\":\"https:\/\/strangercam.com\/wp-content\/uploads\/2020\/11\/cropped-new-favicon-black.png\",\"width\":512,\"height\":512,\"caption\":\"Strangercam\"},\"image\":{\"@id\":\"https:\/\/strangercam.com\/#\/schema\/logo\/image\/\"},\"sameAs\":[\"https:\/\/www.facebook.com\/strangercam\",\"https:\/\/x.com\/strangercamapp\"]}]}<\/script>\n<!-- \/ Yoast SEO plugin. -->","yoast_head_json":{"title":"Chatrad - Talk To Strangers - Cam pe StrangerCam.com","description":"\u00ce\u021bi place Chatrad? Vino s\u0103 vorbe\u0219ti cu mai mult de 5.000.000 de str\u0103ini pe Stranger Cam gratuit! Porne\u0219te-\u021bi camera \u0219i g\u0103se\u0219te prieteni noi \u0219i poate o pereche!","robots":{"index":"index","follow":"follow","max-snippet":"max-snippet:-1","max-image-preview":"max-image-preview:large","max-video-preview":"max-video-preview:-1"},"canonical":"https:\/\/strangercam.com\/ro\/chatrad\/","og_locale":"ro_RO","og_type":"article","og_title":"Chatrad - Talk To Strangers - Cam on StrangerCam.com","og_description":"Like Chatrad? Come chat with more than 5.000.000 strangers on Stranger Cam for Free! Turn on your cam and find new friends & maby a match!","og_url":"https:\/\/strangercam.com\/ro\/chatrad\/","og_site_name":"Strangercam","article_publisher":"https:\/\/www.facebook.com\/strangercam","article_modified_time":"2023-08-21T10:24:41+00:00","og_image":[{"width":800,"height":800,"url":"https:\/\/strangercam.com\/wp-content\/uploads\/2020\/11\/stranger-cam-1.png","type":"image\/png"}],"twitter_card":"summary_large_image","twitter_site":"@strangercamapp","twitter_misc":{"Timp estimat pentru citire":"2 minute"},"schema":{"@context":"https:\/\/schema.org","@graph":[{"@type":"WebPage","@id":"https:\/\/strangercam.com\/chatrad\/","url":"https:\/\/strangercam.com\/chatrad\/","name":"Chatrad - Talk To Strangers - Cam pe StrangerCam.com","isPartOf":{"@id":"https:\/\/strangercam.com\/#website"},"primaryImageOfPage":{"@id":"https:\/\/strangercam.com\/chatrad\/#primaryimage"},"image":{"@id":"https:\/\/strangercam.com\/chatrad\/#primaryimage"},"thumbnailUrl":"https:\/\/strangercam.com\/wp-content\/uploads\/2020\/11\/stranger-cam-1.png","datePublished":"2021-04-06T09:24:02+00:00","dateModified":"2023-08-21T10:24:41+00:00","description":"\u00ce\u021bi place Chatrad? Vino s\u0103 vorbe\u0219ti cu mai mult de 5.000.000 de str\u0103ini pe Stranger Cam gratuit! Porne\u0219te-\u021bi camera \u0219i g\u0103se\u0219te prieteni noi \u0219i poate o pereche!","breadcrumb":{"@id":"https:\/\/strangercam.com\/chatrad\/#breadcrumb"},"inLanguage":"ro-RO","potentialAction":[{"@type":"ReadAction","target":["https:\/\/strangercam.com\/chatrad\/"]}]},{"@type":"ImageObject","inLanguage":"ro-RO","@id":"https:\/\/strangercam.com\/chatrad\/#primaryimage","url":"https:\/\/strangercam.com\/wp-content\/uploads\/2020\/11\/stranger-cam-1.png","contentUrl":"https:\/\/strangercam.com\/wp-content\/uploads\/2020\/11\/stranger-cam-1.png","width":800,"height":800,"caption":"stranger cam random video chat"},{"@type":"BreadcrumbList","@id":"https:\/\/strangercam.com\/chatrad\/#breadcrumb","itemListElement":[{"@type":"ListItem","position":1,"name":"Home","item":"https:\/\/strangercam.com\/"},{"@type":"ListItem","position":2,"name":"Chatrad"}]},{"@type":"WebSite","@id":"https:\/\/strangercam.com\/#website","url":"https:\/\/strangercam.com\/","name":"Strangercam","description":"Chat video aleatoriu cu str\u0103ini","publisher":{"@id":"https:\/\/strangercam.com\/#organization"},"alternateName":"Strangercam.com","potentialAction":[{"@type":"SearchAction","target":{"@type":"EntryPoint","urlTemplate":"https:\/\/strangercam.com\/?s={search_term_string}"},"query-input":{"@type":"PropertyValueSpecification","valueRequired":true,"valueName":"search_term_string"}}],"inLanguage":"ro-RO"},{"@type":"Organization","@id":"https:\/\/strangercam.com\/#organization","name":"Strangercam","alternateName":"Strangercam.com","url":"https:\/\/strangercam.com\/","logo":{"@type":"ImageObject","inLanguage":"ro-RO","@id":"https:\/\/strangercam.com\/#\/schema\/logo\/image\/","url":"https:\/\/strangercam.com\/wp-content\/uploads\/2020\/11\/cropped-new-favicon-black.png","contentUrl":"https:\/\/strangercam.com\/wp-content\/uploads\/2020\/11\/cropped-new-favicon-black.png","width":512,"height":512,"caption":"Strangercam"},"image":{"@id":"https:\/\/strangercam.com\/#\/schema\/logo\/image\/"},"sameAs":["https:\/\/www.facebook.com\/strangercam","https:\/\/x.com\/strangercamapp"]}]}},"_links":{"self":[{"href":"https:\/\/strangercam.com\/ro\/wp-json\/wp\/v2\/pages\/1327","targetHints":{"allow":["GET"]}}],"collection":[{"href":"https:\/\/strangercam.com\/ro\/wp-json\/wp\/v2\/pages"}],"about":[{"href":"https:\/\/strangercam.com\/ro\/wp-json\/wp\/v2\/types\/page"}],"author":[{"embeddable":true,"href":"https:\/\/strangercam.com\/ro\/wp-json\/wp\/v2\/users\/6"}],"replies":[{"embeddable":true,"href":"https:\/\/strangercam.com\/ro\/wp-json\/wp\/v2\/comments?post=1327"}],"version-history":[{"count":0,"href":"https:\/\/strangercam.com\/ro\/wp-json\/wp\/v2\/pages\/1327\/revisions"}],"wp:featuredmedia":[{"embeddable":true,"href":"https:\/\/strangercam.com\/ro\/wp-json\/wp\/v2\/media\/559"}],"wp:attachment":[{"href":"https:\/\/strangercam.com\/ro\/wp-json\/wp\/v2\/media?parent=1327"}],"curies":[{"name":"wp","href":"https:\/\/api.w.org\/{rel}","templated":true}]}}