{"id":1319,"date":"2021-04-06T11:11:22","date_gmt":"2021-04-06T09:11:22","guid":{"rendered":"https:\/\/strangercam.com\/?page_id=1319"},"modified":"2023-08-21T11:40:39","modified_gmt":"2023-08-21T09:40:39","slug":"camloo","status":"publish","type":"page","link":"https:\/\/strangercam.com\/ro\/camloo\/","title":{"rendered":"Camloo"},"content":{"rendered":"<p>Camloo este un videoclip live <a href=\"https:\/\/strangercam.com\/ro\/chatroulette\/\">chat<\/a> software care v\u0103 ajut\u0103 s\u0103 <a href=\"https:\/\/strangercam.com\/ro\/coomeet\/\">\u00eent\u00e2lnire<\/a> persoane aleatorii pe internet. Avantajul de a utiliza Camloo este c\u0103 v\u0103 permite s\u0103 v\u0103 conecta\u021bi cu diferite persoane din \u00eentreaga lume cu un simplu clic deget. Cu cele mai recente apeluri video, v\u0103 pute\u021bi face prieteni cu u\u0219urin\u021b\u0103 prin chat-uri la \u00eent\u00e2mplare, \u00eent\u00e2lniri online, conversa\u021bii \u0219i altele la v\u00e2rful m\u00e2inii.<\/p>\n<p>Camloo v\u0103 ajut\u0103 s\u0103 cunoa\u0219te\u021bi persoane interesante din \u00eentreaga lume prin conversa\u021bii aleatorii. Mai mult, aceast\u0103 aplica\u021bie v\u0103 permite s\u0103 comunica\u021bi cu str\u0103inii pentru a v\u0103 cupla instantaneu prin conversa\u021bii energice.<\/p>\n<p>Ce mai a\u0219tep\u021bi, vino \u0219i al\u0103tur\u0103-te acestei comunit\u0103\u021bi interesante de Camloo?<\/p>\n<h2>Caracteristici ale Camloo<\/h2>\n<p>S\u0103 cuno\u0219ti diferite persoane din \u00eentreaga lume nu este doar u\u0219or, ci \u0219i simplu cu Camloo. Dac\u0103 sunte\u021bi unul dintre cei care a\u0219teapt\u0103 cu ner\u0103bdare s\u0103 se \u00eent\u00e2lneasc\u0103, atunci Camloo este platforma ideal\u0103 pentru dvs. Cu Camloo \u00een dispozitivul dvs. smartphone, pute\u021bi face noi descoperiri \u00een fiecare zi.<\/p>\n<p>\u00cen plus, este platforma ideal\u0103 pentru a-\u021bi \u00eemp\u0103rt\u0103\u0219i sentimentele, ideile sau chiar discu\u021biile personale cu cineva.<br \/>\nCamloo poate ajuta la aducerea tuturor oamenilor \u00eempreun\u0103 prin intermediul lumii internetului. Cu Camloo \u00een m\u00e2n\u0103, nu v\u0103 ve\u021bi sim\u021bi niciodat\u0103 singuri. Caracteristicile Camloo v\u0103 vor ajuta s\u0103 v\u0103 conecta\u021bi instantaneu cu partenerul dvs.<\/p>\n<p>Conecta\u021bi-v\u0103 acum cu mai multe conversa\u021bii semnificative de la str\u0103ini din \u00eentreaga lume cu u\u0219urin\u021b\u0103 \u0219i f\u0103r\u0103 \u00eentreruperi.<\/p>\n<h2>Caracteristici ale Random Video Chat<\/h2>\n<ul>\n<li>Chat u\u0219or - Conectarea cu str\u0103inii \u00een Camloo este simpl\u0103 \u0219i u\u0219oar\u0103. Mai mult, aceasta ofer\u0103 \u0219i chat video f\u0103r\u0103 costuri. Pute\u021bi utiliza chiar \u0219i o versiune mai personalizat\u0103 a Camloo care v\u0103 va ajuta s\u0103 explora\u021bi mai multe func\u021bii interesante ale acestei platforme.<\/li>\n<li>G\u0103sirea unei potriviri excelente - Dac\u0103 dori\u021bi s\u0103 trece\u021bi la un alt apel \u00een Camloo, pute\u021bi face asta ca pe un joc de copii. Trebuie doar s\u0103 ap\u0103sa\u021bi s\u0103geata urm\u0103toare pentru a <a href=\"https:\/\/strangercam.com\/ro\/apel-video-american-aleatoriu\/\">apel video<\/a> la o alt\u0103 persoan\u0103 dup\u0103 terminarea apelului anterior. U\u0219or, nu-i a\u0219a?<\/li>\n<li>F\u0103c\u00e2ndu-\u021bi prieteni noi - Comunitatea Camloo a\u0219teapt\u0103 s\u0103 te duc\u0103 s\u0103 cuno\u0219ti oameni noi \u0219i interesan\u021bi \u00een fiecare zi. Mai bine s\u0103 nu-i face\u021bi s\u0103 v\u0103 a\u0219tepte. Face noi prieteni \u0219i socializarea pe aceast\u0103 platform\u0103 mare nu numai cel mai bun, dar, de asemenea, perfect pentru tine.<\/li>\n<li>Prezint\u0103-\u021bi talentul - Ai o voce grozav\u0103? Dansul t\u0103u face ca lumea s\u0103 danseze la onorariul t\u0103u? Atunci Camloo este cea mai bun\u0103 platform\u0103 de care ai nevoie pentru tine. Camloo v\u0103 poate valorifica talentul \u0219i v\u0103 poate ajuta s\u0103 deveni\u021bi un superstar.<\/li>\n<li>Pur \u0219i simplu sigur - Echipa de Camloo lucreaz\u0103 din greu pentru a v\u0103 face chat-ul u\u0219or \u0219i sigur. Nu numai c\u0103 v\u0103 face f\u0103r\u0103 griji, dar, de asemenea, f\u0103r\u0103 stres de hacking \u0219i alte probleme de siguran\u021b\u0103. Nu uita\u021bi niciodat\u0103 s\u0103 verifica\u021bi sfaturile lor de confiden\u021bialitate pentru o lini\u0219te sufleteasc\u0103 deplin\u0103.<\/li>\n<\/ul>\n<h2>Avantajele \u0219i dezavantajele Camloo<\/h2>\n<p>Exist\u0103 o mul\u021bime de aplica\u021bii de \u00eent\u00e2lniri, dar Camloo este diferit\u0103. Nu este doar o modalitate de a \u00eent\u00e2lni oameni la \u00eent\u00e2mplare, este o modalitate de a \u00eent\u00e2lni oameni la \u00eent\u00e2mplare \u0219i de a te distra. Dar merit\u0103 cu adev\u0103rat s\u0103 v\u0103 pierde\u021bi timpul? S\u0103 arunc\u0103m o privire la avantajele \u0219i dezavantajele Camloo.<\/p>\n<h4>PROS:<\/h4>\n<ul>\n<li style=\"font-weight: 400;\" aria-level=\"1\">Este gratuit\u0103! Nu trebuie s\u0103 pl\u0103ti\u021bi nimic pentru a utiliza aplica\u021bia.<\/li>\n<li style=\"font-weight: 400;\" aria-level=\"1\">Este u\u0219or de utilizat. Interfa\u021ba este simpl\u0103 \u0219i direct\u0103.<\/li>\n<li style=\"font-weight: 400;\" aria-level=\"1\">Este anonim. Nu trebuie s\u0103 v\u0103 folosi\u021bi numele real sau alte informa\u021bii personale.<\/li>\n<li style=\"font-weight: 400;\" aria-level=\"1\">Este rapid. Pute\u021bi naviga rapid printre profiluri \u0219i g\u0103si pe cineva cu care s\u0103 discuta\u021bi.<\/li>\n<\/ul>\n<h4>CONS:<\/h4>\n<ul>\n<li style=\"font-weight: 400;\" aria-level=\"1\">Nu este foarte popular\u0103. Aplica\u021bia nu are \u00eenc\u0103 mul\u021bi utilizatori, a\u0219a c\u0103 op\u021biunile dvs. pot fi limitate.<\/li>\n<li style=\"font-weight: 400;\" aria-level=\"1\">Nu este foarte bine cunoscut\u0103. Camloo nu este la fel de cunoscut\u0103 ca alte aplica\u021bii de dating, a\u0219a c\u0103 poate fi mai greu s\u0103 g\u0103se\u0219ti parteneri.<\/li>\n<\/ul>\n<h2>Cum se utilizeaz\u0103 Camloo?<\/h2>\n<p>Dac\u0103 sunte\u021bi \u00een c\u0103utarea unei noi modalit\u0103\u021bi de a \u00eent\u00e2lni persoane aleatorii, Camloo este o op\u021biune excelent\u0103. Iat\u0103 cum s\u0103 o utiliza\u021bi:<\/p>\n<ol>\n<li style=\"font-weight: 400;\" aria-level=\"1\">\u00censcrie\u021bi-v\u0103 pentru un cont. Va trebui s\u0103 furniza\u021bi c\u00e2teva informa\u021bii de baz\u0103, cum ar fi numele \u0219i adresa de e-mail.<\/li>\n<li style=\"font-weight: 400;\" aria-level=\"1\">Odat\u0103 ce v-a\u021bi conectat, ve\u021bi putea vedea o list\u0103 cu to\u021bi utilizatorii disponibili. Pute\u021bi naviga printre ace\u0219tia sau pute\u021bi utiliza func\u021bia de c\u0103utare pentru a g\u0103si o persoan\u0103 anume.<\/li>\n<li style=\"font-weight: 400;\" aria-level=\"1\">C\u00e2nd g\u0103si\u021bi pe cineva cu care dori\u021bi s\u0103 discuta\u021bi, face\u021bi clic pe numele s\u0103u \u0219i ve\u021bi fi redirec\u021bionat c\u0103tre pagina sa de profil. De acolo, pute\u021bi \u00eencepe o conversa\u021bie tast\u00e2nd \u00een caseta de text din partea de jos a paginii.<\/li>\n<li style=\"font-weight: 400;\" aria-level=\"1\">Asta este tot! Pute\u021bi continua s\u0103 discuta\u021bi c\u00e2t timp dori\u021bi sau s\u0103 trece\u021bi la altcineva \u00een orice moment.<\/li>\n<\/ol>\n<h2>De ce Camloo este o platform\u0103 de video chat aleatorie at\u00e2t de popular\u0103?<\/h2>\n<p>Camloo este o nou\u0103 platform\u0103 de chat video aleatoriu care ia cu asalt internetul. Exist\u0103 multe motive pentru care Camloo este at\u00e2t de popular, dar unul dintre principalele motive este c\u0103 permite utilizatorilor s\u0103 cunoasc\u0103 oameni noi din \u00eentreaga lume \u00eentr-un mod distractiv \u0219i interactiv.<\/p>\n<p>Un alt motiv pentru care Camloo este at\u00e2t de popular este faptul c\u0103 este o modalitate foarte sigur\u0103 de a discuta cu str\u0103inii. Toate conversa\u021biile sunt criptate \u0219i Camloo ofer\u0103, de asemenea, o serie de caracteristici de siguran\u021b\u0103, cum ar fi posibilitatea de a raporta utilizatorii care se comport\u0103 necorespunz\u0103tor.<\/p>\n<p>Deci, dac\u0103 sunte\u021bi \u00een c\u0103utarea unei modalit\u0103\u021bi noi \u0219i interesante de a cunoa\u0219te oameni aleatori din \u00eentreaga lume, atunci nu uita\u021bi s\u0103 verifica\u021bi Camloo!<\/p>\n<h2>Cum s\u0103 folosi\u021bi la maximum Camloo?<\/h2>\n<p>Dac\u0103 e\u0219ti o persoan\u0103 c\u0103reia \u00eei place s\u0103 cunoasc\u0103 oameni noi \u0219i s\u0103 \u00ee\u0219i fac\u0103 prieteni, atunci Camloo este platforma perfect\u0103 pentru tine. Camloo este un nou site de re\u021bele sociale care v\u0103 ajut\u0103 s\u0103 v\u0103 conecta\u021bi cu persoane aleatorii din \u00eentreaga lume. Pute\u021bi utiliza Camloo pentru a discuta cu prieteni noi, pentru a cunoa\u0219te oameni noi \u0219i chiar pentru a g\u0103si dragostea. Dar cum pute\u021bi profita la maximum de Camloo? Iat\u0103 c\u00e2teva sfaturi:<\/p>\n<ol>\n<li style=\"font-weight: 400;\" aria-level=\"1\">\u00a0Utiliza\u021bi func\u021bia de c\u0103utare pentru a g\u0103si persoane care v\u0103 \u00eemp\u0103rt\u0103\u0219esc interesele. \u00cen acest fel, pute\u021bi \u00eencepe o conversa\u021bie mai u\u0219or.<\/li>\n<li style=\"font-weight: 400;\" aria-level=\"1\">\u00a0Join \u0219i participa\u021bi la discu\u021bii. Aceasta este o modalitate excelent\u0103 de a cunoa\u0219te oameni noi \u0219i de a v\u0103 face prieteni.<\/li>\n<li style=\"font-weight: 400;\" aria-level=\"1\">Fi\u021bi activ pe site. Cu c\u00e2t sunte\u021bi mai activ, cu at\u00e2t este mai probabil ca oamenii s\u0103 doreasc\u0103 s\u0103 v\u0103 fie prieteni.<\/li>\n<li style=\"font-weight: 400;\" aria-level=\"1\">Fii tu \u00eensu\u021bi! Nu v\u0103 fie team\u0103 s\u0103 v\u0103 ar\u0103ta\u021bi personalitatea pe Camloo. Aceasta este o modalitate excelent\u0103 de a-\u021bi face prieteni \u0219i de a cunoa\u0219te oameni noi.<\/li>\n<\/ol>\n<h2>Este Camloo sigur?<\/h2>\n<p>C\u00e2nd vine vorba de \u00eent\u00e2lniri online, siguran\u021ba este \u00eentotdeauna o preocupare major\u0103. A\u0219adar, este Camloo sigur? R\u0103spunsul scurt este da, Camloo este o modalitate sigur\u0103 \u0219i securizat\u0103 de a cunoa\u0219te oameni noi online. Iat\u0103 c\u00e2teva dintre lucrurile pe care le facem pentru a ne men\u021bine membrii \u00een siguran\u021b\u0103:<\/p>\n<p>Permitem membrilor s\u0103 se \u00eenscrie numai cu o adres\u0103 de e-mail valid\u0103. Acest lucru ne ajut\u0103 s\u0103 verific\u0103m fiecare membru \u0219i s\u0103 ne asigur\u0103m c\u0103 ei sunt cine spun c\u0103 sunt.<\/p>\n<p>Avem o politic\u0103 anti-spam strict\u0103. Aceasta \u00eenseamn\u0103 c\u0103 membrii pot trimite mesaje numai altor membri care au convenit de comun acord s\u0103 discute. Acest lucru ajut\u0103 la reducerea mesajelor nedorite \u0219i a spam-ului.<\/p>\n<p>Moder\u0103m toate profilurile \u0219i fotografiile \u00eenainte ca acestea s\u0103 fie publicate pe site. Acest lucru ne ajut\u0103 s\u0103 ne asigur\u0103m c\u0103 to\u021bi membrii sunt autentici \u0219i c\u0103 nu exist\u0103 profiluri sau fotografii false.<\/p>\n<p>Avem o echip\u0103 dedicat\u0103 de reprezentan\u021bi ai serviciului clien\u021bi care sunt disponibili 24\/7 pentru a v\u0103 ajuta cu orice preocup\u0103ri sau \u00eentreb\u0103ri pe care le pute\u021bi avea.<\/p>\n<p>Deci, fi\u021bi siguri, Camloo este un mod sigur \u0219i securizat de a cunoa\u0219te oameni noi online.<\/p>\n<h2>M\u0103suri preventive pe care trebuie s\u0103 le lua\u021bi atunci c\u00e2nd utiliza\u021bi o platform\u0103 de chat video aleatorie:<\/h2>\n<p>Atunci c\u00e2nd utiliza\u021bi orice <a href=\"https:\/\/strangercam.com\/ro\/chathub\/\">chat video aleatoriu<\/a> platforma, este important s\u0103 lua\u021bi c\u00e2teva m\u0103suri preventive pentru a v\u0103 asigura siguran\u021ba. Iat\u0103 c\u00e2teva sfaturi:<\/p>\n<ul>\n<li style=\"font-weight: 400;\" aria-level=\"1\">Nu furniza\u021bi niciodat\u0103 informa\u021bii personale precum numele, adresa sau num\u0103rul de telefon.<\/li>\n<li style=\"font-weight: 400;\" aria-level=\"1\">Dac\u0103 cineva cu care discuta\u021bi v\u0103 cere informa\u021bii personale, refuza\u021bi politicos \u0219i \u00eencheia\u021bi conversa\u021bia.<\/li>\n<li style=\"font-weight: 400;\" aria-level=\"1\">Evita\u021bi s\u0103 trimite\u021bi sau s\u0103 accepta\u021bi orice tip de fi\u0219ier de la o persoan\u0103 pe care nu o cunoa\u0219te\u021bi. Aceste fi\u0219iere pot con\u021bine viru\u0219i sau programe malware care v\u0103 pot afecta computerul.<\/li>\n<li style=\"font-weight: 400;\" aria-level=\"1\">Dac\u0103 v\u0103 sim\u021bi\u021bi inconfortabil sau amenin\u021bat \u00een timpul unui chat, \u00eencheia\u021bi imediat conversa\u021bia \u0219i raporta\u021bi utilizatorul administratorilor platformei.<\/li>\n<\/ul>\n<h2>Concluzie<\/h2>\n<p>Camloo este o modalitate grozav\u0103 de a cunoa\u0219te oameni noi, fie c\u0103 e\u0219ti \u00een c\u0103utarea dragostei sau vrei doar s\u0103-\u021bi faci prieteni noi. Cea mai bun\u0103 parte la Camloo este c\u0103 este complet gratuit de folosit, a\u0219a c\u0103 nu ai nimic de pierdut dac\u0103 \u00eencerci. De ce s\u0103 nu te \u00eenscrii ast\u0103zi \u0219i s\u0103 vezi pe cine \u00eent\u00e2lne\u0219ti?<\/p>","protected":false},"excerpt":{"rendered":"<p>Camloo is a live video chat software that helps you to meet random people over the internet. The benefit of using Camloo is that enables you to connect with different people around the world with the click of your finger. With its latest video-enabled calling, you can make friends easily through random chit-chats, online dating, [&hellip;]<\/p>\n","protected":false},"author":6,"featured_media":559,"parent":0,"menu_order":0,"comment_status":"closed","ping_status":"closed","template":"","meta":{"footnotes":""},"class_list":["post-1319","page","type-page","status-publish","has-post-thumbnail","hentry"],"yoast_head":"<!-- This site is optimized with the Yoast SEO plugin v26.9 - https:\/\/yoast.com\/product\/yoast-seo-wordpress\/ -->\n<title>Camloo - Free Random Video Chat - Cam on StrangerCam.com<\/title>\n<meta name=\"description\" content=\"Like Camloo? Come chat with more than 5.000.000 strangers on Stranger Cam for Free! Turn on your cam and find new friends &amp; maby a match!\" \/>\n<meta name=\"robots\" content=\"index, follow, max-snippet:-1, max-image-preview:large, max-video-preview:-1\" \/>\n<link rel=\"canonical\" href=\"https:\/\/strangercam.com\/ro\/camloo\/\" \/>\n<meta property=\"og:locale\" content=\"ro_RO\" \/>\n<meta property=\"og:type\" content=\"article\" \/>\n<meta property=\"og:title\" content=\"Camloo - Free Random Video Chat - Cam on StrangerCam.com\" \/>\n<meta property=\"og:description\" content=\"Like Camloo? Come chat with more than 5.000.000 strangers on Stranger Cam for Free! Turn on your cam and find new friends &amp; maby a match!\" \/>\n<meta property=\"og:url\" content=\"https:\/\/strangercam.com\/ro\/camloo\/\" \/>\n<meta property=\"og:site_name\" content=\"Strangercam\" \/>\n<meta property=\"article:publisher\" content=\"https:\/\/www.facebook.com\/strangercam\" \/>\n<meta property=\"article:modified_time\" content=\"2023-08-21T09:40:39+00:00\" \/>\n<meta property=\"og:image\" content=\"https:\/\/strangercam.com\/wp-content\/uploads\/2020\/11\/stranger-cam-1.png\" \/>\n\t<meta property=\"og:image:width\" content=\"800\" \/>\n\t<meta property=\"og:image:height\" content=\"800\" \/>\n\t<meta property=\"og:image:type\" content=\"image\/png\" \/>\n<meta name=\"twitter:card\" content=\"summary_large_image\" \/>\n<meta name=\"twitter:site\" content=\"@strangercamapp\" \/>\n<meta name=\"twitter:label1\" content=\"Timp estimat pentru citire\" \/>\n\t<meta name=\"twitter:data1\" content=\"7 minute\" \/>\n<script type=\"application\/ld+json\" class=\"yoast-schema-graph\">{\"@context\":\"https:\/\/schema.org\",\"@graph\":[{\"@type\":\"WebPage\",\"@id\":\"https:\/\/strangercam.com\/camloo\/\",\"url\":\"https:\/\/strangercam.com\/camloo\/\",\"name\":\"Camloo - Free Random Video Chat - Cam on StrangerCam.com\",\"isPartOf\":{\"@id\":\"https:\/\/strangercam.com\/#website\"},\"primaryImageOfPage\":{\"@id\":\"https:\/\/strangercam.com\/camloo\/#primaryimage\"},\"image\":{\"@id\":\"https:\/\/strangercam.com\/camloo\/#primaryimage\"},\"thumbnailUrl\":\"https:\/\/strangercam.com\/wp-content\/uploads\/2020\/11\/stranger-cam-1.png\",\"datePublished\":\"2021-04-06T09:11:22+00:00\",\"dateModified\":\"2023-08-21T09:40:39+00:00\",\"description\":\"Like Camloo? Come chat with more than 5.000.000 strangers on Stranger Cam for Free! Turn on your cam and find new friends & maby a match!\",\"breadcrumb\":{\"@id\":\"https:\/\/strangercam.com\/camloo\/#breadcrumb\"},\"inLanguage\":\"ro-RO\",\"potentialAction\":[{\"@type\":\"ReadAction\",\"target\":[\"https:\/\/strangercam.com\/camloo\/\"]}]},{\"@type\":\"ImageObject\",\"inLanguage\":\"ro-RO\",\"@id\":\"https:\/\/strangercam.com\/camloo\/#primaryimage\",\"url\":\"https:\/\/strangercam.com\/wp-content\/uploads\/2020\/11\/stranger-cam-1.png\",\"contentUrl\":\"https:\/\/strangercam.com\/wp-content\/uploads\/2020\/11\/stranger-cam-1.png\",\"width\":800,\"height\":800,\"caption\":\"stranger cam random video chat\"},{\"@type\":\"BreadcrumbList\",\"@id\":\"https:\/\/strangercam.com\/camloo\/#breadcrumb\",\"itemListElement\":[{\"@type\":\"ListItem\",\"position\":1,\"name\":\"Home\",\"item\":\"https:\/\/strangercam.com\/\"},{\"@type\":\"ListItem\",\"position\":2,\"name\":\"Camloo\"}]},{\"@type\":\"WebSite\",\"@id\":\"https:\/\/strangercam.com\/#website\",\"url\":\"https:\/\/strangercam.com\/\",\"name\":\"Strangercam\",\"description\":\"Random Video Chat with Strangers\",\"publisher\":{\"@id\":\"https:\/\/strangercam.com\/#organization\"},\"alternateName\":\"Strangercam.com\",\"potentialAction\":[{\"@type\":\"SearchAction\",\"target\":{\"@type\":\"EntryPoint\",\"urlTemplate\":\"https:\/\/strangercam.com\/?s={search_term_string}\"},\"query-input\":{\"@type\":\"PropertyValueSpecification\",\"valueRequired\":true,\"valueName\":\"search_term_string\"}}],\"inLanguage\":\"ro-RO\"},{\"@type\":\"Organization\",\"@id\":\"https:\/\/strangercam.com\/#organization\",\"name\":\"Strangercam\",\"alternateName\":\"Strangercam.com\",\"url\":\"https:\/\/strangercam.com\/\",\"logo\":{\"@type\":\"ImageObject\",\"inLanguage\":\"ro-RO\",\"@id\":\"https:\/\/strangercam.com\/#\/schema\/logo\/image\/\",\"url\":\"https:\/\/strangercam.com\/wp-content\/uploads\/2020\/11\/cropped-new-favicon-black.png\",\"contentUrl\":\"https:\/\/strangercam.com\/wp-content\/uploads\/2020\/11\/cropped-new-favicon-black.png\",\"width\":512,\"height\":512,\"caption\":\"Strangercam\"},\"image\":{\"@id\":\"https:\/\/strangercam.com\/#\/schema\/logo\/image\/\"},\"sameAs\":[\"https:\/\/www.facebook.com\/strangercam\",\"https:\/\/x.com\/strangercamapp\"]}]}<\/script>\n<!-- \/ Yoast SEO plugin. -->","yoast_head_json":{"title":"Camloo - Videochat aleatoriu gratuit - Cam pe StrangerCam.com","description":"\u00ce\u021bi place Camloo? Vino s\u0103 vorbe\u0219ti cu mai mult de 5.000.000 de str\u0103ini pe Stranger Cam gratuit! Porne\u0219te-\u021bi camera \u0219i g\u0103se\u0219te prieteni noi \u0219i poate o pereche!","robots":{"index":"index","follow":"follow","max-snippet":"max-snippet:-1","max-image-preview":"max-image-preview:large","max-video-preview":"max-video-preview:-1"},"canonical":"https:\/\/strangercam.com\/ro\/camloo\/","og_locale":"ro_RO","og_type":"article","og_title":"Camloo - Free Random Video Chat - Cam on StrangerCam.com","og_description":"Like Camloo? Come chat with more than 5.000.000 strangers on Stranger Cam for Free! Turn on your cam and find new friends & maby a match!","og_url":"https:\/\/strangercam.com\/ro\/camloo\/","og_site_name":"Strangercam","article_publisher":"https:\/\/www.facebook.com\/strangercam","article_modified_time":"2023-08-21T09:40:39+00:00","og_image":[{"width":800,"height":800,"url":"https:\/\/strangercam.com\/wp-content\/uploads\/2020\/11\/stranger-cam-1.png","type":"image\/png"}],"twitter_card":"summary_large_image","twitter_site":"@strangercamapp","twitter_misc":{"Timp estimat pentru citire":"7 minute"},"schema":{"@context":"https:\/\/schema.org","@graph":[{"@type":"WebPage","@id":"https:\/\/strangercam.com\/camloo\/","url":"https:\/\/strangercam.com\/camloo\/","name":"Camloo - Videochat aleatoriu gratuit - Cam pe StrangerCam.com","isPartOf":{"@id":"https:\/\/strangercam.com\/#website"},"primaryImageOfPage":{"@id":"https:\/\/strangercam.com\/camloo\/#primaryimage"},"image":{"@id":"https:\/\/strangercam.com\/camloo\/#primaryimage"},"thumbnailUrl":"https:\/\/strangercam.com\/wp-content\/uploads\/2020\/11\/stranger-cam-1.png","datePublished":"2021-04-06T09:11:22+00:00","dateModified":"2023-08-21T09:40:39+00:00","description":"\u00ce\u021bi place Camloo? Vino s\u0103 vorbe\u0219ti cu mai mult de 5.000.000 de str\u0103ini pe Stranger Cam gratuit! Porne\u0219te-\u021bi camera \u0219i g\u0103se\u0219te prieteni noi \u0219i poate o pereche!","breadcrumb":{"@id":"https:\/\/strangercam.com\/camloo\/#breadcrumb"},"inLanguage":"ro-RO","potentialAction":[{"@type":"ReadAction","target":["https:\/\/strangercam.com\/camloo\/"]}]},{"@type":"ImageObject","inLanguage":"ro-RO","@id":"https:\/\/strangercam.com\/camloo\/#primaryimage","url":"https:\/\/strangercam.com\/wp-content\/uploads\/2020\/11\/stranger-cam-1.png","contentUrl":"https:\/\/strangercam.com\/wp-content\/uploads\/2020\/11\/stranger-cam-1.png","width":800,"height":800,"caption":"stranger cam random video chat"},{"@type":"BreadcrumbList","@id":"https:\/\/strangercam.com\/camloo\/#breadcrumb","itemListElement":[{"@type":"ListItem","position":1,"name":"Home","item":"https:\/\/strangercam.com\/"},{"@type":"ListItem","position":2,"name":"Camloo"}]},{"@type":"WebSite","@id":"https:\/\/strangercam.com\/#website","url":"https:\/\/strangercam.com\/","name":"Strangercam","description":"Chat video aleatoriu cu str\u0103ini","publisher":{"@id":"https:\/\/strangercam.com\/#organization"},"alternateName":"Strangercam.com","potentialAction":[{"@type":"SearchAction","target":{"@type":"EntryPoint","urlTemplate":"https:\/\/strangercam.com\/?s={search_term_string}"},"query-input":{"@type":"PropertyValueSpecification","valueRequired":true,"valueName":"search_term_string"}}],"inLanguage":"ro-RO"},{"@type":"Organization","@id":"https:\/\/strangercam.com\/#organization","name":"Strangercam","alternateName":"Strangercam.com","url":"https:\/\/strangercam.com\/","logo":{"@type":"ImageObject","inLanguage":"ro-RO","@id":"https:\/\/strangercam.com\/#\/schema\/logo\/image\/","url":"https:\/\/strangercam.com\/wp-content\/uploads\/2020\/11\/cropped-new-favicon-black.png","contentUrl":"https:\/\/strangercam.com\/wp-content\/uploads\/2020\/11\/cropped-new-favicon-black.png","width":512,"height":512,"caption":"Strangercam"},"image":{"@id":"https:\/\/strangercam.com\/#\/schema\/logo\/image\/"},"sameAs":["https:\/\/www.facebook.com\/strangercam","https:\/\/x.com\/strangercamapp"]}]}},"_links":{"self":[{"href":"https:\/\/strangercam.com\/ro\/wp-json\/wp\/v2\/pages\/1319","targetHints":{"allow":["GET"]}}],"collection":[{"href":"https:\/\/strangercam.com\/ro\/wp-json\/wp\/v2\/pages"}],"about":[{"href":"https:\/\/strangercam.com\/ro\/wp-json\/wp\/v2\/types\/page"}],"author":[{"embeddable":true,"href":"https:\/\/strangercam.com\/ro\/wp-json\/wp\/v2\/users\/6"}],"replies":[{"embeddable":true,"href":"https:\/\/strangercam.com\/ro\/wp-json\/wp\/v2\/comments?post=1319"}],"version-history":[{"count":0,"href":"https:\/\/strangercam.com\/ro\/wp-json\/wp\/v2\/pages\/1319\/revisions"}],"wp:featuredmedia":[{"embeddable":true,"href":"https:\/\/strangercam.com\/ro\/wp-json\/wp\/v2\/media\/559"}],"wp:attachment":[{"href":"https:\/\/strangercam.com\/ro\/wp-json\/wp\/v2\/media?parent=1319"}],"curies":[{"name":"wp","href":"https:\/\/api.w.org\/{rel}","templated":true}]}}