{"id":13057,"date":"2025-10-24T10:20:35","date_gmt":"2025-10-24T08:20:35","guid":{"rendered":"https:\/\/strangercam.com\/?page_id=13057"},"modified":"2025-10-24T10:20:35","modified_gmt":"2025-10-24T08:20:35","slug":"umingle","status":"publish","type":"page","link":"https:\/\/strangercam.com\/ro\/umingle\/","title":{"rendered":"Umingle"},"content":{"rendered":"<p>\u00cen era post-Omegle, zeci de videoclipuri aleatorii <a href=\"https:\/\/strangercam.com\/ro\/chathub\/\">chat<\/a> Au ap\u0103rut mai multe platforme, toate \u00eencerc\u00e2nd s\u0103 capteze entuziasmul conversa\u021biilor spontane online. Cu toate acestea, pu\u021bine reu\u0219esc s\u0103 combine simplitatea, viteza \u0219i siguran\u021ba \u00eentr-un mod care chiar func\u021bioneaz\u0103. Umingle este unul dintre cei mai noi intra\u021bi \u00een acest spa\u021biu - o platform\u0103 global\u0103 de chat video aleatoriu construit\u0103 pentru persoanele care doresc s\u0103 <a href=\"https:\/\/strangercam.com\/ro\/coomeet\/\">\u00eent\u00e2lnire<\/a> str\u0103ini instantaneu, f\u0103r\u0103 \u00eenscrieri sau caracteristici complicate.<\/p>\n<p>Conceput pentru o genera\u021bie care pre\u021buie\u0219te interac\u021biunile rapide \u0219i autentice, Umingle aduce o \u00eentors\u0103tur\u0103 modern\u0103 experien\u021bei clasice \"vorbe\u0219te cu str\u0103inii\". Dar cum face fa\u021b\u0103 unor nume consacrate precum Ohmegle, Lotta \u0219i ChatRT? S\u0103 arunc\u0103m o privire mai atent\u0103.<\/p>\n<h2>Ce este Umingle?<\/h2>\n<p>Umingle este o platform\u0103 gratuit\u0103 de chat video aleatoriu care conecteaz\u0103 utilizatori din \u00eentreaga lume pentru conversa\u021bii \u00een timp real, fa\u021b\u0103 \u00een fa\u021b\u0103. Nu trebuie s\u0103 v\u0103 crea\u021bi un cont, s\u0103 \u00eenc\u0103rca\u021bi o fotografie sau s\u0103 v\u0103 verifica\u021bi identitatea - face\u021bi doar clic pe \"Start Chat\" \u0219i ve\u021bi fi imediat pus \u00een contact cu un str\u0103in.<\/p>\n<p>Numele site-ului reflect\u0103 perfect scopul s\u0103u: \"s\u0103 te \u00eemprietene\u0219ti\" online, ocazional \u0219i liber. Spre deosebire de aplica\u021biile de \u00eent\u00e2lniri care necesit\u0103 bios, swipe-uri \u0219i a\u0219tept\u0103ri interminabile, Umingle v\u0103 ofer\u0103 interac\u021biune direct\u0103 \u0219i spontan\u0103 din momentul \u00een care ajunge\u021bi.<\/p>\n<h2>Care este scopul Umingle?<\/h2>\n<p>Misiunea Umingle este simpl\u0103: s\u0103 fac\u0103 \u00eent\u00e2lnirile online distractive, rapide \u0219i f\u0103r\u0103 fric\u021biuni.<\/p>\n<p>Este creat pentru utilizatorii care:<\/p>\n<ul>\n<li>V\u0103 lipse\u0219te simplitatea chat-ului video de tip Omegle<\/li>\n<li>Dori\u021bi o modalitate anonim\u0103, f\u0103r\u0103 presiuni, de a cunoa\u0219te oameni noi<\/li>\n<li>Prefer\u0103 conversa\u021biile spontane, \u00een ritm rapid, \u00een detrimentul profilurilor \u00eengrijite<\/li>\n<li>Bucura\u021bi-v\u0103 de schimburi culturale \u0219i conexiuni globale<\/li>\n<\/ul>\n<p>Fie c\u0103 dori\u021bi s\u0103 v\u0103 face\u021bi prieteni, s\u0103 exersa\u021bi o limb\u0103, s\u0103 flirta\u021bi ocazional sau doar s\u0103 petrece\u021bi timpul, Umingle creeaz\u0103 un spa\u021biu digital primitor pentru interac\u021biunea autentic\u0103 unu-la-unu.<\/p>\n<h2>Caracteristici principale<\/h2>\n<p>1. Chat video instantaneu aleatoriu<br \/>\nCaracteristica principal\u0103 a Umingle este sistemul s\u0103u de chat video unu-la-unu \u00een direct. Cu un singur clic, sunte\u021bi pus \u00een leg\u0103tur\u0103 cu cineva nou, instantaneu. Nu exist\u0103 coad\u0103, nu exist\u0103 timp de a\u0219teptare \u0219i nu exist\u0103 \u00eenregistrare.<\/p>\n<p>2. Butonul Skip\/Next<br \/>\nNu v\u0103 place chat-ul curent? Pur \u0219i simplu face\u021bi clic pe \"Urm\u0103torul\" pentru a s\u0103ri \u0219i pentru a v\u0103 \u00eemperechea cu altcineva. Este rapid \u0219i fluid, permi\u021b\u00e2ndu-\u021bi s\u0103 cuno\u0219ti zeci de persoane noi \u00een c\u00e2teva minute.<\/p>\n<p>3. Op\u021biunea Chat text<br \/>\nPe l\u00e2ng\u0103 video, Umingle ofer\u0103 o func\u021bie de chat text, care este ideal\u0103 pentru a sparge ghea\u021ba sau pentru a discuta \u00een lini\u0219te atunci c\u00e2nd nu dori\u021bi s\u0103 utiliza\u021bi microfonul.<\/p>\n<p>4. 100% Experien\u021b\u0103 anonim\u0103<br \/>\nUmingle nu v\u0103 solicit\u0103 numele, adresa de e-mail sau num\u0103rul de telefon. Confiden\u021bialitatea dvs. este respectat\u0103 de la \u00eenceput \u0219i r\u0103m\u00e2ne\u021bi complet anonim pe parcursul discu\u021biilor.<\/p>\n<p>5. Prietenos pentru dispozitive mobile \u0219i desktop<br \/>\nPlatforma este proiectat\u0103 s\u0103 func\u021bioneze perfect at\u00e2t pe browserele desktop, c\u00e2t \u0219i pe dispozitivele mobile. Indiferent dac\u0103 utiliza\u021bi telefonul sau laptopul, interfa\u021ba se ajusteaz\u0103 perfect pentru a permite chat-ul video \u0219i text f\u0103r\u0103 probleme.<\/p>\n<p>6. Interfa\u021b\u0103 u\u0219oar\u0103, modern\u0103<br \/>\nUmingle are un design curat, minimalist. Nu exist\u0103 pop-up-uri deranjante sau reclame excesive - doar o fereastr\u0103 video mare, butoane intuitive \u0219i conexiuni rapide.<\/p>\n<p>7. Instrumente de raportare \u0219i moderare<br \/>\nSiguran\u021ba utilizatorilor este o prioritate absolut\u0103. Dac\u0103 \u00eent\u00e2lni\u021bi un comportament nepotrivit, butonul de raportare v\u0103 permite s\u0103 semnala\u021bi instantaneu chat-ul. Umingle utilizeaz\u0103 o combina\u021bie de filtre AI \u0219i moderare uman\u0103 pentru a men\u021bine un mediu sigur.<\/p>\n<h2>Umingle este liber?<\/h2>\n<p>Da - Umingle este 100% liber de utilizat.<\/p>\n<p>Toate caracteristicile de baz\u0103 sunt disponibile f\u0103r\u0103 costuri:<\/p>\n<ul>\n<li>Conversa\u021bii video \u0219i text aleatorii nelimitate<\/li>\n<li>Func\u021bionalitate de s\u0103ritur\u0103 instantanee \/ urm\u0103tor<\/li>\n<li>Compatibilitate mobil\u0103 \u0219i desktop<\/li>\n<\/ul>\n<p>Nu exist\u0103 abonamente, monede sau upgrade-uri pl\u0103tite. Platforma este pe deplin accesibil\u0103 tuturor, sus\u021binut\u0103 de publicitate u\u0219oar\u0103 care nu interfereaz\u0103 cu experien\u021ba de chat.<\/p>\n<h2>Cine utilizeaz\u0103 Umingle?<\/h2>\n<p>Umingle atrage un public divers \u0219i interna\u021bional c\u0103ruia \u00eei place s\u0103 socializeze online:<\/p>\n<ul>\n<li>Interval de v\u00e2rst\u0103: Cea mai mare parte 18-35 (strict pentru adul\u021bi, doar 18+)<\/li>\n<li>Baza de utilizatori: Studen\u021bi, c\u0103l\u0103tori, tineri profesioni\u0219ti \u0219i vorbitori ocazionali<\/li>\n<li>\u021a\u0103ri: Popular \u00een SUA, Marea Britanie, Fran\u021ba, India, Brazilia \u0219i Filipine<\/li>\n<li>Motiva\u021bii: \u00cent\u00e2lnirea cu noi prieteni, flirtul ocazional, schimbul cultural, practica limbii sau pur \u0219i simplu reducerea plictiselii<\/li>\n<\/ul>\n<p>Ceea ce face Umingle atr\u0103g\u0103tor este comunitatea sa echilibrat\u0103 \u0219i prietenoas\u0103. De\u0219i are o acoperire global\u0103, interfa\u021ba \u0219i moderarea ajut\u0103 la men\u021binerea unui mediu mai pozitiv \u0219i mai respectuos dec\u00e2t multe platforme de chat aleatorii mai vechi.<\/p>\n<h2>Siguran\u021b\u0103, confiden\u021bialitate \u0219i moderare<\/h2>\n<p>Umingle \u00een\u021belege c\u0103 anonimatul poate atrage at\u00e2t cele mai bune, c\u00e2t \u0219i cele mai rele comportamente online. Pentru a contracara acest lucru, folose\u0219te m\u0103suri de siguran\u021b\u0103 puternice \u0219i moderarea comunit\u0103\u021bii.<\/p>\n<h3>Confiden\u021bialitate<\/h3>\n<ul>\n<li>Nu sunt necesare \u00eenscrieri sau informa\u021bii personale<\/li>\n<li>Conversa\u021biile nu sunt \u00eenregistrate sau stocate<\/li>\n<li>Accesul la webcam \u0219i microfon este controlat \u00een \u00eentregime de c\u0103tre utilizator<\/li>\n<li>Criptarea HTTPS asigur\u0103 conexiuni sigure<\/li>\n<\/ul>\n<h3>Modera\u021bie<\/h3>\n<ul>\n<li>Detectarea con\u021binutului pe baz\u0103 de inteligen\u021b\u0103 artificial\u0103 ajut\u0103 la identificarea comportamentului inadecvat<\/li>\n<li>Instrumentele de raportare pentru utilizatori permit semnalarea rapid\u0103 a \u00eenc\u0103lc\u0103rilor<\/li>\n<li>Moderatorii umani analizeaz\u0103 rapoartele \u0219i elimin\u0103 infractorii recidivi\u0219ti<\/li>\n<\/ul>\n<h3>Sfaturi de siguran\u021b\u0103<\/h3>\n<ul>\n<li>Nu partaja\u021bi niciodat\u0103 detalii personale, cum ar fi numele complet, adresa sau adresele de social media<\/li>\n<li>\u00cencheia\u021bi orice discu\u021bie care v\u0103 face s\u0103 v\u0103 sim\u021bi\u021bi inconfortabil<\/li>\n<li>Utiliza\u021bi \"Skip\" \u0219i \"Report\" ori de c\u00e2te ori este necesar<\/li>\n<li>Trata\u021bi fiecare interac\u021biune ca fiind anonim\u0103 \u0219i temporar\u0103<\/li>\n<\/ul>\n<h2>Experien\u021ba \u0219i designul utilizatorului<\/h2>\n<p>Umingle ofer\u0103 o experien\u021b\u0103 neted\u0103, rapid\u0103 \u0219i lipsit\u0103 de dezordine, care pare modern\u0103 \u0219i intuitiv\u0103:<\/p>\n<ul>\n<li>Pagina de pornire: Layout simplu cu un buton proeminent \"Start Chat\" \u0219i orient\u0103ri clare<\/li>\n<li>Interfa\u021b\u0103 video: Panouri video mari \u0219i comenzi u\u0219or de accesat pentru salt, text \u0219i raport<\/li>\n<li>Performan\u021b\u0103: Conexiuni rapide, lag minim \u0219i reconect\u0103ri rapide \u00eentre chat-uri<\/li>\n<li>Optimizare mobil\u0103: Perfect receptiv pe smartphone-uri \u0219i tablete<\/li>\n<li>Stil vizual: Design curat, minimalist, axat \u00een primul r\u00e2nd pe video, nu pe elemente care distrag aten\u021bia<\/li>\n<\/ul>\n<p>\u00cen general, Umingle pare profesionist \u0219i u\u0219or - evit\u00e2nd aspectul \u00eenvechit al site-urilor de chat aleatorii mai vechi.<\/p>\n<h2>Umingle vs alte platforme de chat aleatorii<\/h2>\n<p>Cum se compar\u0103 Umingle cu alte alternative de tip Omegle?<\/p>\n<table>\n<thead>\n<tr>\n<th>Caracteristic\u0103<\/th>\n<th>Umingle<\/th>\n<th><a href=\"https:\/\/strangercam.com\/ro\/omegle\/\">Omegle<\/a> (\u00eenchis)<\/th>\n<th>Ohmegle<\/th>\n<th>Lotta<\/th>\n<th>ChatRT<\/th>\n<th>MatchPub<\/th>\n<th><a href=\"https:\/\/strangercam.com\/ro\/ometv\/\">OmeTV<\/a><\/th>\n<\/tr>\n<\/thead>\n<tbody>\n<tr>\n<td>Chat video aleatoriu<\/td>\n<td>Da<\/td>\n<td>Da<\/td>\n<td>Da<\/td>\n<td>Da<\/td>\n<td>Da<\/td>\n<td>Da<\/td>\n<td>Da<\/td>\n<\/tr>\n<tr>\n<td>Op\u021biune chat text<\/td>\n<td>Da<\/td>\n<td>Da<\/td>\n<td>Da<\/td>\n<td>Da<\/td>\n<td>Da<\/td>\n<td>Da<\/td>\n<td>Da<\/td>\n<\/tr>\n<tr>\n<td>\u00cenregistrare necesar\u0103<\/td>\n<td>Nu<\/td>\n<td>Nu<\/td>\n<td>Nu<\/td>\n<td>Nu<\/td>\n<td>Nu<\/td>\n<td>Nu<\/td>\n<td>Nu<\/td>\n<\/tr>\n<tr>\n<td>Mobil prietenos<\/td>\n<td>Excelent\u0103<\/td>\n<td>Slab\u0103<\/td>\n<td>Excelent\u0103<\/td>\n<td>Excelent\u0103<\/td>\n<td>Excelent\u0103<\/td>\n<td>Excelent\u0103<\/td>\n<td>Bun<\/td>\n<\/tr>\n<tr>\n<td>Filtre de gen\/regiune<\/td>\n<td>Nu<\/td>\n<td>Nu<\/td>\n<td>Nu<\/td>\n<td>Nu<\/td>\n<td>Nu<\/td>\n<td>Nu<\/td>\n<td>Pl\u0103tite<\/td>\n<\/tr>\n<tr>\n<td>Instrumente de moderare<\/td>\n<td>Puternic<\/td>\n<td>Slab<\/td>\n<td>Moderat<\/td>\n<td>Bun<\/td>\n<td>Puternic<\/td>\n<td>Bun<\/td>\n<td>Puternic<\/td>\n<\/tr>\n<tr>\n<td>Utilizare gratuit\u0103<\/td>\n<td>Da<\/td>\n<td>Da<\/td>\n<td>Da<\/td>\n<td>Da<\/td>\n<td>Da<\/td>\n<td>Da<\/td>\n<td>Da\/Paid<\/td>\n<\/tr>\n<\/tbody>\n<\/table>\n<p>Rezumat: Umingle este cel mai comparabil cu ChatRT \u0219i Lotta - toate gratuite, anonime \u0219i rapide - dar iese \u00een eviden\u021b\u0103 prin interfa\u021ba sa mai curat\u0103 \u0219i experien\u021ba mobil\u0103 mai u\u0219oar\u0103. De\u0219i nu ofer\u0103 \u00eenc\u0103 filtre avansate, simplitatea sa face parte din farmecul s\u0103u.<\/p>\n<h2>Avantaje \u0219i dezavantaje<\/h2>\n<p>Avantaje:<\/p>\n<ul>\n<li>100% gratuit f\u0103r\u0103 \u00eenregistrare<\/li>\n<li>Chat video aleatoriu rapid \u0219i anonim<\/li>\n<li>Design curat, modern, cu performan\u021be fluide<\/li>\n<li>Func\u021bioneaz\u0103 perfect pe mobil \u0219i desktop<\/li>\n<li>Salt instantaneu \u0219i op\u021biuni de chat text<\/li>\n<li>Instrumente puternice de moderare \u0219i raportare<\/li>\n<\/ul>\n<p>Cons:<\/p>\n<ul>\n<li>F\u0103r\u0103 filtre de gen sau de \u021bar\u0103<\/li>\n<li>Utilizatori inadecva\u021bi ocazionali (comun tuturor site-urilor de chat anonime)<\/li>\n<li>Mai mul\u021bi utilizatori b\u0103rba\u021bi dec\u00e2t utilizatori femei<\/li>\n<li>F\u0103r\u0103 profil sau sistem de prieteni<\/li>\n<li>\u00cenc\u0103 \u00ee\u0219i dezvolt\u0103 baza de utilizatori \u00een compara\u021bie cu alternativele mai vechi<\/li>\n<\/ul>\n<h2>Cazuri ideale de utilizare<\/h2>\n<p>Umingle este perfect pentru:<\/p>\n<ul>\n<li>Ventilatoare de Omegle \u0219i <a href=\"https:\/\/strangercam.com\/ro\/chatroulette\/\">Chatroulette<\/a> care doresc o \u00eenlocuire modern\u0103<\/li>\n<li>Persoane c\u0103rora le plac conversa\u021biile anonime, unu-la-unu<\/li>\n<li>\u00cenv\u0103\u021b\u0103tori de limbi str\u0103ine sau c\u0103l\u0103tori care exploreaz\u0103 conexiunile globale<\/li>\n<li>Studen\u021bi \u0219i tineri adul\u021bi care doresc s\u0103 socializeze ocazional<\/li>\n<li>Utilizatorii mobili caut\u0103 chat video aleatoriu rapid \u0219i gratuit<\/li>\n<\/ul>\n<p>Mai pu\u021bin ideal pentru:<\/p>\n<ul>\n<li>Utilizatori minori (strict 18+)<\/li>\n<li>Cei care doresc filtre pentru \u00eent\u00e2lniri sau op\u021biuni de re\u00eemperechere<\/li>\n<li>Persoane care caut\u0103 conexiuni pe termen lung sau profiluri sociale<\/li>\n<\/ul>\n<p>Umingle este una dintre cele mai promi\u021b\u0103toare platforme de chat video aleatoriu de tip Omegle \u00een 2025. Aceasta capteaz\u0103 tot ceea ce a f\u0103cut ca chat-ul online spontan s\u0103 fie distractiv - simplitate, vitez\u0103 \u0219i acoperire global\u0103 - actualiz\u00e2ndu-l \u00een acela\u0219i timp cu un design modern, prietenos cu mobilul \u0219i instrumente de siguran\u021b\u0103 puternice.<\/p>\n<p>Dac\u0103 sunte\u021bi \u00een c\u0103utarea unui mod rapid, gratuit \u0219i anonim de a \u00eent\u00e2lni str\u0103ini online, Umingle ofer\u0103 exact acest lucru. Cu o performan\u021b\u0103 f\u0103r\u0103 probleme, o raportare u\u0219oar\u0103 \u0219i o baz\u0103 de utilizatori primitoare, acesta devine rapid unul dintre cele mai bune site-uri noi de chat aleatorii ale anului.<\/p>\n<p>Fie c\u0103 dori\u021bi s\u0103 v\u0103 face\u021bi prieteni, s\u0103 flirta\u021bi sau doar s\u0103 v\u0103 petrece\u021bi timpul, Umingle merit\u0103 neap\u0103rat \u00eencercat.<\/p>","protected":false},"excerpt":{"rendered":"<p>In the post-Omegle era, dozens of random video chat platforms have emerged, all trying to capture the excitement of spontaneous online conversations. Few, however, manage to combine simplicity, speed, and safety in a way that actually works. Umingle is one of the newest entrants in this space \u2014 a global random video chat platform built [&hellip;]<\/p>\n","protected":false},"author":6,"featured_media":0,"parent":0,"menu_order":0,"comment_status":"closed","ping_status":"closed","template":"","meta":{"footnotes":""},"class_list":["post-13057","page","type-page","status-publish","hentry"],"yoast_head":"<!-- This site is optimized with the Yoast SEO plugin v26.9 - https:\/\/yoast.com\/product\/yoast-seo-wordpress\/ -->\n<title>Umingle - Chat with Strangers - StrangerCam.com<\/title>\n<meta name=\"description\" content=\"Like Umingle? Come chat with more than 5.000.000 strangers on Strangercam for Free! Turn on your cam and find new friends &amp; maby a match!\" \/>\n<meta name=\"robots\" content=\"index, follow, max-snippet:-1, max-image-preview:large, max-video-preview:-1\" \/>\n<link rel=\"canonical\" href=\"https:\/\/strangercam.com\/ro\/umingle\/\" \/>\n<meta property=\"og:locale\" content=\"ro_RO\" \/>\n<meta property=\"og:type\" content=\"article\" \/>\n<meta property=\"og:title\" content=\"Umingle - Chat with Strangers - StrangerCam.com\" \/>\n<meta property=\"og:description\" content=\"Like Umingle? Come chat with more than 5.000.000 strangers on Strangercam for Free! Turn on your cam and find new friends &amp; maby a match!\" \/>\n<meta property=\"og:url\" content=\"https:\/\/strangercam.com\/ro\/umingle\/\" \/>\n<meta property=\"og:site_name\" content=\"Strangercam\" \/>\n<meta property=\"article:publisher\" content=\"https:\/\/www.facebook.com\/strangercam\" \/>\n<meta property=\"og:image\" content=\"https:\/\/strangercam.com\/wp-content\/uploads\/2021\/10\/Untitled-2.png\" \/>\n\t<meta property=\"og:image:width\" content=\"800\" \/>\n\t<meta property=\"og:image:height\" content=\"532\" \/>\n\t<meta property=\"og:image:type\" content=\"image\/png\" \/>\n<meta name=\"twitter:card\" content=\"summary_large_image\" \/>\n<meta name=\"twitter:site\" content=\"@strangercamapp\" \/>\n<meta name=\"twitter:label1\" content=\"Timp estimat pentru citire\" \/>\n\t<meta name=\"twitter:data1\" content=\"6 minute\" \/>\n<script type=\"application\/ld+json\" class=\"yoast-schema-graph\">{\"@context\":\"https:\/\/schema.org\",\"@graph\":[{\"@type\":\"WebPage\",\"@id\":\"https:\/\/strangercam.com\/umingle\/\",\"url\":\"https:\/\/strangercam.com\/umingle\/\",\"name\":\"Umingle - Chat with Strangers - StrangerCam.com\",\"isPartOf\":{\"@id\":\"https:\/\/strangercam.com\/#website\"},\"datePublished\":\"2025-10-24T08:20:35+00:00\",\"description\":\"Like Umingle? Come chat with more than 5.000.000 strangers on Strangercam for Free! Turn on your cam and find new friends & maby a match!\",\"breadcrumb\":{\"@id\":\"https:\/\/strangercam.com\/umingle\/#breadcrumb\"},\"inLanguage\":\"ro-RO\",\"potentialAction\":[{\"@type\":\"ReadAction\",\"target\":[\"https:\/\/strangercam.com\/umingle\/\"]}]},{\"@type\":\"BreadcrumbList\",\"@id\":\"https:\/\/strangercam.com\/umingle\/#breadcrumb\",\"itemListElement\":[{\"@type\":\"ListItem\",\"position\":1,\"name\":\"Home\",\"item\":\"https:\/\/strangercam.com\/\"},{\"@type\":\"ListItem\",\"position\":2,\"name\":\"Umingle\"}]},{\"@type\":\"WebSite\",\"@id\":\"https:\/\/strangercam.com\/#website\",\"url\":\"https:\/\/strangercam.com\/\",\"name\":\"Strangercam\",\"description\":\"Random Video Chat with Strangers\",\"publisher\":{\"@id\":\"https:\/\/strangercam.com\/#organization\"},\"alternateName\":\"Strangercam.com\",\"potentialAction\":[{\"@type\":\"SearchAction\",\"target\":{\"@type\":\"EntryPoint\",\"urlTemplate\":\"https:\/\/strangercam.com\/?s={search_term_string}\"},\"query-input\":{\"@type\":\"PropertyValueSpecification\",\"valueRequired\":true,\"valueName\":\"search_term_string\"}}],\"inLanguage\":\"ro-RO\"},{\"@type\":\"Organization\",\"@id\":\"https:\/\/strangercam.com\/#organization\",\"name\":\"Strangercam\",\"alternateName\":\"Strangercam.com\",\"url\":\"https:\/\/strangercam.com\/\",\"logo\":{\"@type\":\"ImageObject\",\"inLanguage\":\"ro-RO\",\"@id\":\"https:\/\/strangercam.com\/#\/schema\/logo\/image\/\",\"url\":\"https:\/\/strangercam.com\/wp-content\/uploads\/2020\/11\/cropped-new-favicon-black.png\",\"contentUrl\":\"https:\/\/strangercam.com\/wp-content\/uploads\/2020\/11\/cropped-new-favicon-black.png\",\"width\":512,\"height\":512,\"caption\":\"Strangercam\"},\"image\":{\"@id\":\"https:\/\/strangercam.com\/#\/schema\/logo\/image\/\"},\"sameAs\":[\"https:\/\/www.facebook.com\/strangercam\",\"https:\/\/x.com\/strangercamapp\"]}]}<\/script>\n<!-- \/ Yoast SEO plugin. -->","yoast_head_json":{"title":"Umingle - Converseaz\u0103 cu str\u0103inii - StrangerCam.com","description":"\u00ce\u021bi place Umingle? Vino s\u0103 vorbe\u0219ti cu mai mult de 5.000.000 de str\u0103ini pe Strangercam Gratuit! Porne\u0219te-\u021bi camera \u0219i g\u0103se\u0219te prieteni noi \u0219i poate o pereche!","robots":{"index":"index","follow":"follow","max-snippet":"max-snippet:-1","max-image-preview":"max-image-preview:large","max-video-preview":"max-video-preview:-1"},"canonical":"https:\/\/strangercam.com\/ro\/umingle\/","og_locale":"ro_RO","og_type":"article","og_title":"Umingle - Chat with Strangers - StrangerCam.com","og_description":"Like Umingle? Come chat with more than 5.000.000 strangers on Strangercam for Free! Turn on your cam and find new friends & maby a match!","og_url":"https:\/\/strangercam.com\/ro\/umingle\/","og_site_name":"Strangercam","article_publisher":"https:\/\/www.facebook.com\/strangercam","og_image":[{"width":800,"height":532,"url":"https:\/\/strangercam.com\/wp-content\/uploads\/2021\/10\/Untitled-2.png","type":"image\/png"}],"twitter_card":"summary_large_image","twitter_site":"@strangercamapp","twitter_misc":{"Timp estimat pentru citire":"6 minute"},"schema":{"@context":"https:\/\/schema.org","@graph":[{"@type":"WebPage","@id":"https:\/\/strangercam.com\/umingle\/","url":"https:\/\/strangercam.com\/umingle\/","name":"Umingle - Converseaz\u0103 cu str\u0103inii - StrangerCam.com","isPartOf":{"@id":"https:\/\/strangercam.com\/#website"},"datePublished":"2025-10-24T08:20:35+00:00","description":"\u00ce\u021bi place Umingle? Vino s\u0103 vorbe\u0219ti cu mai mult de 5.000.000 de str\u0103ini pe Strangercam Gratuit! Porne\u0219te-\u021bi camera \u0219i g\u0103se\u0219te prieteni noi \u0219i poate o pereche!","breadcrumb":{"@id":"https:\/\/strangercam.com\/umingle\/#breadcrumb"},"inLanguage":"ro-RO","potentialAction":[{"@type":"ReadAction","target":["https:\/\/strangercam.com\/umingle\/"]}]},{"@type":"BreadcrumbList","@id":"https:\/\/strangercam.com\/umingle\/#breadcrumb","itemListElement":[{"@type":"ListItem","position":1,"name":"Home","item":"https:\/\/strangercam.com\/"},{"@type":"ListItem","position":2,"name":"Umingle"}]},{"@type":"WebSite","@id":"https:\/\/strangercam.com\/#website","url":"https:\/\/strangercam.com\/","name":"Strangercam","description":"Chat video aleatoriu cu str\u0103ini","publisher":{"@id":"https:\/\/strangercam.com\/#organization"},"alternateName":"Strangercam.com","potentialAction":[{"@type":"SearchAction","target":{"@type":"EntryPoint","urlTemplate":"https:\/\/strangercam.com\/?s={search_term_string}"},"query-input":{"@type":"PropertyValueSpecification","valueRequired":true,"valueName":"search_term_string"}}],"inLanguage":"ro-RO"},{"@type":"Organization","@id":"https:\/\/strangercam.com\/#organization","name":"Strangercam","alternateName":"Strangercam.com","url":"https:\/\/strangercam.com\/","logo":{"@type":"ImageObject","inLanguage":"ro-RO","@id":"https:\/\/strangercam.com\/#\/schema\/logo\/image\/","url":"https:\/\/strangercam.com\/wp-content\/uploads\/2020\/11\/cropped-new-favicon-black.png","contentUrl":"https:\/\/strangercam.com\/wp-content\/uploads\/2020\/11\/cropped-new-favicon-black.png","width":512,"height":512,"caption":"Strangercam"},"image":{"@id":"https:\/\/strangercam.com\/#\/schema\/logo\/image\/"},"sameAs":["https:\/\/www.facebook.com\/strangercam","https:\/\/x.com\/strangercamapp"]}]}},"_links":{"self":[{"href":"https:\/\/strangercam.com\/ro\/wp-json\/wp\/v2\/pages\/13057","targetHints":{"allow":["GET"]}}],"collection":[{"href":"https:\/\/strangercam.com\/ro\/wp-json\/wp\/v2\/pages"}],"about":[{"href":"https:\/\/strangercam.com\/ro\/wp-json\/wp\/v2\/types\/page"}],"author":[{"embeddable":true,"href":"https:\/\/strangercam.com\/ro\/wp-json\/wp\/v2\/users\/6"}],"replies":[{"embeddable":true,"href":"https:\/\/strangercam.com\/ro\/wp-json\/wp\/v2\/comments?post=13057"}],"version-history":[{"count":1,"href":"https:\/\/strangercam.com\/ro\/wp-json\/wp\/v2\/pages\/13057\/revisions"}],"predecessor-version":[{"id":13058,"href":"https:\/\/strangercam.com\/ro\/wp-json\/wp\/v2\/pages\/13057\/revisions\/13058"}],"wp:attachment":[{"href":"https:\/\/strangercam.com\/ro\/wp-json\/wp\/v2\/media?parent=13057"}],"curies":[{"name":"wp","href":"https:\/\/api.w.org\/{rel}","templated":true}]}}