{"id":1303,"date":"2025-08-05T10:30:38","date_gmt":"2025-08-05T08:30:38","guid":{"rendered":"https:\/\/strangercam.com\/?page_id=1303"},"modified":"2025-08-05T10:41:12","modified_gmt":"2025-08-05T08:41:12","slug":"aplicatie-maimuta","status":"publish","type":"page","link":"https:\/\/strangercam.com\/ro\/monkey-app\/","title":{"rendered":"Monkey App"},"content":{"rendered":"<p>Pe m\u0103sur\u0103 ce lumea videoclipurilor online <a href=\"https:\/\/strangercam.com\/ro\/chatroulette\/\">chat<\/a> \u0219i re\u021belele de socializare evolueaz\u0103, apar \u00een mod constant noi aplica\u021bii pentru a r\u0103spunde nevoilor unui public mai t\u00e2n\u0103r, mai orientat c\u0103tre mobil. Monkey App este o astfel de platform\u0103, care \u00eembin\u0103 senza\u021bia de <a href=\"https:\/\/strangercam.com\/ro\/chathub\/\">chat video aleatoriu<\/a> cu descoperire social\u0103 \u0219i video de scurt\u0103 durat\u0103 - cre\u00e2nd un spa\u021biu unic care se simte parte <a href=\"https:\/\/strangercam.com\/ro\/omegle\/\">Omegle<\/a>, \u00een parte TikTok \u0219i \u00een parte group hangout.<\/p>\n<p>Dar se eviden\u021biaz\u0103 Monkey App? Este sigur, captivant \u0219i merit\u0103 timpul t\u0103u? \u00cen aceast\u0103 revizuire aprofundat\u0103, acoperim tot ce trebuie s\u0103 \u0219ti\u021bi despre Monkey: cum func\u021bioneaz\u0103, ce caracteristici ofer\u0103, pentru cine este \u0219i cum se compar\u0103 cu alte platforme de chat video \u0219i sociale de top.<\/p>\n<h2>Ce este Monkey App?<\/h2>\n<p>Monkey App este o platform\u0103 mobil\u0103 de chat video aleatoriu \u0219i de descoperire social\u0103 care conecteaz\u0103 utilizatorii pentru conversa\u021bii video live, unu la unu, \u0219i camere interactive de grup. Lansat\u0103 \u00een 2016 \u0219i relansat\u0103 de mai multe ori de atunci, Monkey este deosebit de popular\u0103 \u00een r\u00e2ndul Genera\u021biei Z \u0219i al milenialilor mai tineri, oferind o experien\u021b\u0103 care se refer\u0103 at\u00e2t la distrac\u021bie \u0219i creativitate, c\u00e2t \u0219i la cunoa\u0219terea de oameni noi.<\/p>\n<p>Spre deosebire de site-urile clasice de chat aleatoriu care se concentreaz\u0103 doar pe anonimat, Monkey \u00eencorporeaz\u0103 elemente de social media, cu profiluri de utilizator, clipuri video scurte \u0219i con\u021binut \u00een tendin\u021be, fiind una dintre cele mai vibrante comunit\u0103\u021bi de video chat disponibile.<\/p>\n<h2>Care este scopul Monkey App?<\/h2>\n<p>Misiunea Monkey App este de a face socializarea online spontan\u0103, creativ\u0103 \u0219i distractiv\u0103. Aplica\u021bia \u00ee\u0219i propune s\u0103:<\/p>\n<ul>\n<li>Conecta\u021bi oamenii instantaneu prin video live \u0219i chat de grup<\/li>\n<li>\u00cencuraja\u021bi exprimarea creativ\u0103 prin intr\u0103ri video, clipuri \u0219i con\u021binut \u00een tendin\u021be<\/li>\n<li>Promovarea unui spa\u021biu sigur, favorabil tinerilor, pentru interac\u021biune \u0219i prietenie autentic\u0103<\/li>\n<\/ul>\n<p>Monkey nu este doar o aplica\u021bie de chat la \u00eent\u00e2mplare; este o experien\u021b\u0103 complet\u0103 de descoperire social\u0103 pentru genera\u021bia TikTok - una \u00een care v\u0103 pute\u021bi prezenta personalitatea, pute\u021bi descoperi noi tendin\u021be \u0219i v\u0103 pute\u021bi construi o re\u021bea global\u0103 de prieteni \u00een timp real.<\/p>\n<h2>Caracteristici principale<\/h2>\n<p>1. Chat video aleatoriu unu-la-unu<br \/>\nEsen\u021ba jocului Monkey este potrivirea video instantanee, \u00een direct. Atinge\u021bi \"Start\" \u0219i sunte\u021bi \u00eemperecheat cu un alt utilizator pentru o conversa\u021bie rapid\u0103 de la camer\u0103 la camer\u0103 - de obicei dureaz\u0103 15 secunde, dar pute\u021bi prelungi de comun acord sesiunea pentru o conversa\u021bie mai lung\u0103.<\/p>\n<p>2. Camere video de grup (\"Hubs\")<br \/>\nMonkey permite utilizatorilor s\u0103 se al\u0103ture sau s\u0103 creeze \"hub-uri\" tematice - camere virtuale de grup bazate pe interese, muzic\u0103, jocuri sau tendin\u021be. Aici, mai mul\u021bi utilizatori pot conversa video, interac\u021biona prin text \u0219i trimite reac\u021bii \u00eentr-o atmosfer\u0103 plin\u0103 de via\u021b\u0103, asem\u0103n\u0103toare unei petreceri.<\/p>\n<p>3. Profiluri sociale \u0219i clipuri video<br \/>\nSpre deosebire de aplica\u021biile de chat de \u0219coal\u0103 veche, Monkey v\u0103 permite s\u0103 crea\u021bi un profil cu o fotografie, v\u00e2rst\u0103 \u0219i interese. Pute\u021bi \u00eenc\u0103rca scurte introduceri sau clipuri video (similar cu TikTok), facilit\u00e2ndu-le celorlal\u021bi s\u0103 v\u0103 descopere \u0219i s\u0103 v\u0103 contacteze pe baza personalit\u0103\u021bii.<\/p>\n<p>4. Con\u021binut tenden\u021bios \u0219i clasamente<br \/>\nMonkey are sec\u021biuni de utilizatori \"trending\" \u0219i \"featured\", care prezint\u0103 profiluri populare \u0219i clipuri video creative. Utilizatorii pot urca \u00een clasament prin activitate, f\u0103c\u00e2nd platforma competitiv\u0103 \u0219i interactiv\u0103.<\/p>\n<p>5. Chat text \u0219i mesagerie instantanee<br \/>\nDac\u0103 nu sunte\u021bi preg\u0103tit pentru video, Monkey ofer\u0103 \u0219i chat text. Pute\u021bi trimite mesaje directe, emoticonuri sau v\u0103 pute\u021bi al\u0103tura unor discu\u021bii text \u00een curs \u00een hub-uri.<\/p>\n<p>6. Filtre de potrivire<br \/>\nUtilizatorii Premium pot utiliza filtre de gen \u0219i regiune pentru o experien\u021b\u0103 mai personalizat\u0103, \u00een timp ce utilizatorii gratui\u021bi beneficiaz\u0103 de conexiuni globale aleatorii.<\/p>\n<p>7. Instrumente de raportare \u0219i siguran\u021b\u0103<br \/>\nMonkey ofer\u0103 instrumente de raportare, blocare \u0219i moderare \u00een aplica\u021bie. Platforma utilizeaz\u0103, de asemenea, moderarea AI pentru a men\u021bine chat-urile pozitive \u0219i lipsite de con\u021binut abuziv sau nepotrivit.<\/p>\n<h2>Monkey App este gratuit?<\/h2>\n<p>Monkey se poate desc\u0103rca \u0219i utiliza gratuit, cu acces la chat-ul video aleatoriu de baz\u0103, hub-uri \u0219i mesagerie de baz\u0103. Cu toate acestea, unele caracteristici premium - cum ar fi filtrele de potrivire avansate, chat-urile video extinse sau \u00eembun\u0103t\u0103\u021birile profilului - pot necesita achizi\u021bii \u00een aplica\u021bie sau un abonament.<\/p>\n<p>To\u021bi utilizatorii pot:<\/p>\n<ul>\n<li>Join chat-uri video live \u0219i hub-uri de grup<\/li>\n<li>R\u0103sfoi\u021bi \u0219i conecta\u021bi-v\u0103 cu profilurile \u00een tendin\u021be<\/li>\n<li>Crea\u021bi un profil personal \u0219i \u00eenc\u0103rca\u021bi clipuri<\/li>\n<li>Utiliza\u021bi instrumente de siguran\u021b\u0103 \u0219i moderare<\/li>\n<\/ul>\n<p>Func\u021biile premium (cu plat\u0103) includ:<\/p>\n<ul>\n<li>Potrivirea \u00eentre sexe \u0219i regiuni<\/li>\n<li>\"Adaug\u0103 timp\" nelimitat \u00een chat-uri<\/li>\n<li>Expunere prioritar\u0103 \u00een sec\u021biunile cu tendin\u021be<\/li>\n<\/ul>\n<p>Pre\u021burile sunt competitive fa\u021b\u0103 de alte aplica\u021bii sociale \u0219i sunt prezentate \u00een mod clar \u00een pagina de magazin a aplica\u021biei.<\/p>\n<h2>Cine utilizeaz\u0103 Monkey App?<\/h2>\n<p>Monkey este creat pentru un public t\u00e2n\u0103r, interna\u021bional, activ din punct de vedere social:<\/p>\n<ul>\n<li>V\u00e2rsta: 18-25 este nucleul demografic (Monkey este strict 18+)<\/li>\n<li>Loca\u021bii: Statele Unite, Canada, Marea Britanie, Europa, Brazilia, India, Asia de Sud-Est \u0219i altele<\/li>\n<li>Utilizatori: Studen\u021bi, creatori, muzicieni, influenceri \u0219i cei care caut\u0103 interac\u021biunea spontan\u0103 \u0219i creativ\u0103<\/li>\n<\/ul>\n<p>Platforma atrage oameni care iubesc con\u021binutul \u00een stil TikTok, c\u0103rora le place s\u0103 \u00ee\u0219i fac\u0103 prieteni noi sau care doresc doar o modalitate distractiv\u0103 de a-\u0219i petrece timpul \u0219i de a-\u0219i \u00eemp\u0103rt\u0103\u0219i personalitatea cu lumea.<\/p>\n<h2>Siguran\u021b\u0103, confiden\u021bialitate \u0219i moderare<\/h2>\n<p>Monkey App recunoa\u0219te importan\u021ba siguran\u021bei, \u00een special pentru publicul s\u0103u t\u00e2n\u0103r, \u0219i utilizeaz\u0103 mai multe m\u0103suri:<\/p>\n<h3>Confiden\u021bialitate<\/h3>\n<ul>\n<li>Utilizatorii pot controla ceea ce \u00eemp\u0103rt\u0103\u0219esc pe profilul lor<\/li>\n<li>\u0218edin\u021bele de chat nu sunt arhivate public \u0219i nu pot fi consultate<\/li>\n<li>Nu este permis\u0103 partajarea informa\u021biilor personale de contact \u00een chat-urile publice<\/li>\n<\/ul>\n<h3>Modera\u021bie<\/h3>\n<ul>\n<li>Filtrare de con\u021binut bazat\u0103 pe inteligen\u021b\u0103 artificial\u0103: Detecteaz\u0103 nuditatea, abuzul sau \u00eenc\u0103lcarea regulilor<\/li>\n<li>Raportarea \u0219i blocarea manual\u0103: Utilizatorii pot semnala instantaneu comportamentul inadecvat<\/li>\n<li>Liniile directoare ale comunit\u0103\u021bii: Reguli stricte privind intimidarea, h\u0103r\u021buirea \u0219i partajarea con\u021binutului<\/li>\n<\/ul>\n<p>Monkey este conceput\u0103 pentru a fi o platform\u0103 pozitiv\u0103, prietenoas\u0103 cu tinerii, \u00eens\u0103, la fel ca \u00een cazul oric\u0103rei aplica\u021bii de chat live, utilizatorii trebuie s\u0103 fie precau\u021bi \u0219i s\u0103 evite s\u0103 \u00eemp\u0103rt\u0103\u0219easc\u0103 informa\u021bii personale cu persoane necunoscute.<\/p>\n<h2>Experien\u021ba \u0219i designul utilizatorului<\/h2>\n<p>Designul lui Monkey este tineresc, intuitiv \u0219i optimizat pentru mobil:<\/p>\n<ul>\n<li>Aplica\u021bia se lanseaz\u0103 \u00eentr-o interfa\u021b\u0103 curat\u0103, cu op\u021biuni clare de chat, participare la hub-uri sau r\u0103sfoire a con\u021binutului la mod\u0103<\/li>\n<li>Profilurile \u0219i ferestrele video sunt mari \u0219i u\u0219or de navigat<\/li>\n<li>Pictogramele colorate, anima\u021biile \u0219i integrarea muzicii dau aplica\u021biei un aer juc\u0103u\u0219, de petrecere<\/li>\n<li>Notific\u0103rile \u0219i mesajele sunt simple \u0219i neintruzive<\/li>\n<\/ul>\n<p>Performan\u021ba este fluent\u0103 at\u00e2t pe dispozitivele Android, c\u00e2t \u0219i pe cele iOS, cu actualiz\u0103ri frecvente \u0219i func\u021bii noi ad\u0103ugate pentru a men\u021bine lucrurile proaspete.<\/p>\n<h2>Monkey App vs Alte aplica\u021bii de chat video \u0219i descoperire social\u0103<\/h2>\n<p>Cum se compar\u0103 Monkey cu alte platforme de chat video de top?<\/p>\n<table>\n<thead>\n<tr>\n<th>Caracteristic\u0103<\/th>\n<th>Maimu\u021b\u0103<\/th>\n<th><a href=\"https:\/\/strangercam.com\/ro\/ometv\/\">OmeTV<\/a><\/th>\n<th>Azar<\/th>\n<th>ChitChatTV<\/th>\n<th>Yubo<\/th>\n<\/tr>\n<\/thead>\n<tbody>\n<tr>\n<td>Chat video unu-la-unu<\/td>\n<td>Da<\/td>\n<td>Da<\/td>\n<td>Da<\/td>\n<td>Da<\/td>\n<td>Da<\/td>\n<\/tr>\n<tr>\n<td>Camere video de grup<\/td>\n<td>Da<\/td>\n<td>Nu<\/td>\n<td>Nu<\/td>\n<td>Nu<\/td>\n<td>Da<\/td>\n<\/tr>\n<tr>\n<td>Profiluri sociale\/Clipuri<\/td>\n<td>Da<\/td>\n<td>Nu<\/td>\n<td>Da<\/td>\n<td>Nu<\/td>\n<td>Da<\/td>\n<\/tr>\n<tr>\n<td>Filtre de potrivire<\/td>\n<td>Pl\u0103tite<\/td>\n<td>Pl\u0103tite<\/td>\n<td>Pl\u0103tite<\/td>\n<td>Nu<\/td>\n<td>limitat\u0103<\/td>\n<\/tr>\n<tr>\n<td>Utilizare gratuit\u0103<\/td>\n<td>Da<\/td>\n<td>Da<\/td>\n<td>Da<\/td>\n<td>Da<\/td>\n<td>Da<\/td>\n<\/tr>\n<tr>\n<td>Con\u021binut la mod\u0103<\/td>\n<td>Da<\/td>\n<td>Nu<\/td>\n<td>Nu<\/td>\n<td>Nu<\/td>\n<td>Da<\/td>\n<\/tr>\n<tr>\n<td>Focus pe v\u00e2rst\u0103<\/td>\n<td>18-25<\/td>\n<td>18+<\/td>\n<td>18+<\/td>\n<td>18+<\/td>\n<td>18-25<\/td>\n<\/tr>\n<tr>\n<td>Proiectare mobil\u0103 \u00een primul r\u00e2nd<\/td>\n<td>Da<\/td>\n<td>Da<\/td>\n<td>Da<\/td>\n<td>Da<\/td>\n<td>Da<\/td>\n<\/tr>\n<\/tbody>\n<\/table>\n<p>Rezumat: Monkey se remarc\u0103 prin combina\u021bia sa de chat video live, con\u021binut creativ, camere de grup \u0219i un element social distractiv \u0219i competitiv. Este mai pu\u021bin despre anonimatul pur \u0219i mai mult despre descoperirea \u0219i exprimarea personalit\u0103\u021bii \u00een timp real.<\/p>\n<h2>Avantaje \u0219i dezavantaje<\/h2>\n<p>Avantaje:<\/p>\n<ul>\n<li>Chat video gratuit \u0219i instantaneu cu persoane necunoscute din \u00eentreaga lume<\/li>\n<li>Hub-uri de grup unice pentru \u00eent\u00e2lniri video tematice<\/li>\n<li>Caracteristici sociale distractive \u0219i creative \u0219i personalizarea profilului<\/li>\n<li>Comunitate t\u00e2n\u0103r\u0103, vibrant\u0103<\/li>\n<li>Filtre de potrivire premium \u0219i op\u021biuni de chat extinse<\/li>\n<li>Instrumente puternice de siguran\u021b\u0103 \u0219i moderare<\/li>\n<\/ul>\n<p>Cons:<\/p>\n<ul>\n<li>Conceput pentru 18-25 de ani, astfel \u00eenc\u00e2t utilizatorii mai \u00een v\u00e2rst\u0103 se pot sim\u021bi \u00een afara locului<\/li>\n<li>Achizi\u021bii \u00een aplica\u021bie pentru unele filtre \u0219i func\u021bii<\/li>\n<li>Unii utilizatori pot utiliza abuziv platforma, \u00een ciuda moder\u0103rii<\/li>\n<li>Aplica\u021bie mobil\u0103 necesar\u0103 - f\u0103r\u0103 versiune browser pentru utilizatorii de desktop<\/li>\n<li>Ritmul rapid poate s\u0103 nu se potriveasc\u0103 tuturor<\/li>\n<\/ul>\n<h2>Cazuri ideale de utilizare<\/h2>\n<p>Monkey este perfect pentru:<\/p>\n<ul>\n<li>Tineri adul\u021bi care doresc s\u0103 <a href=\"https:\/\/strangercam.com\/ro\/coomeet\/\">\u00eent\u00e2lnire<\/a> oameni noi \u00eentr-un mediu online plin de via\u021b\u0103 \u0219i creativitate<\/li>\n<li>Fanii TikTok sau Instagram Reels c\u0103rora le place \u0219i conversa\u021bia live<\/li>\n<li>Utilizatorii care doresc s\u0103 participe la \u00eent\u00e2lniri video de grup sau la camere sociale tematice<\/li>\n<li>Creatori, muzicieni sau influenceri care caut\u0103 expunere \u0219i implicarea publicului<\/li>\n<\/ul>\n<p>Mai pu\u021bin ideal pentru:<\/p>\n<ul>\n<li>Utilizatori care doresc chat pur anonim sau doar text<\/li>\n<li>Adul\u021bi peste 30 de ani (vibra\u021bia este foarte Gen Z)<\/li>\n<li>Cei care nu au acces la un dispozitiv mobil compatibil<\/li>\n<\/ul>\n<p>Monkey App este cea mai important\u0103 platform\u0103 de video chat \u0219i descoperire social\u0103 pentru Gen Z \u00een 2025. Aceasta combin\u0103 spontaneitatea chat-ului clasic aleatoriu cu creativitatea \u0219i comunitatea aplica\u021biilor sociale moderne, f\u0103c\u00e2nd-o distractiv\u0103, sigur\u0103 \u0219i foarte atractiv\u0103 pentru tinerii adul\u021bi din \u00eentreaga lume.<\/p>\n<p>Fie c\u0103 dori\u021bi s\u0103 discuta\u021bi unul cu unul, s\u0103 v\u0103 al\u0103tura\u021bi unui grup sau s\u0103 v\u0103 \u00eemp\u0103rt\u0103\u0219i\u021bi propriile videoclipuri \u0219i interese, Monkey ofer\u0103 un spa\u021biu de conectare unic \u0219i juc\u0103u\u0219. Dac\u0103 sunte\u021bi \u00een c\u0103utarea unui mod rapid, vizual \u0219i social de a v\u0103 face noi prieteni \u0219i de a v\u0103 exprima, Monkey App merit\u0103 neap\u0103rat s\u0103 \u00eencerca\u021bi.<\/p>","protected":false},"excerpt":{"rendered":"<p>As the world of online video chat and social networking evolves, new apps are constantly emerging to cater to the needs of a younger, more mobile-first audience. Monkey App is one such platform, blending the thrill of random video chat with social discovery and short-form video\u2014creating a unique space that feels part Omegle, part TikTok, [&hellip;]<\/p>\n","protected":false},"author":6,"featured_media":0,"parent":0,"menu_order":0,"comment_status":"closed","ping_status":"closed","template":"","meta":{"footnotes":""},"class_list":["post-1303","page","type-page","status-publish","hentry"],"yoast_head":"<!-- This site is optimized with the Yoast SEO plugin v27.4 - https:\/\/yoast.com\/product\/yoast-seo-wordpress\/ -->\n<title>Monkey App - Random Video Chat Omegle - StrangerCam.com<\/title>\n<meta name=\"description\" content=\"Like Monkey App? Come chat with more than 5.000.000 strangers on Strangercam for Free! Turn on your cam and find new friends &amp; maby a match!\" \/>\n<meta name=\"robots\" content=\"index, follow, max-snippet:-1, max-image-preview:large, max-video-preview:-1\" \/>\n<link rel=\"canonical\" href=\"https:\/\/strangercam.com\/ro\/aplicatie-maimuta\/\" \/>\n<meta property=\"og:locale\" content=\"ro_RO\" \/>\n<meta property=\"og:type\" content=\"article\" \/>\n<meta property=\"og:title\" content=\"Monkey App - Random Video Chat Omegle - StrangerCam.com\" \/>\n<meta property=\"og:description\" content=\"Like Monkey App? Come chat with more than 5.000.000 strangers on Strangercam for Free! Turn on your cam and find new friends &amp; maby a match!\" \/>\n<meta property=\"og:url\" content=\"https:\/\/strangercam.com\/ro\/aplicatie-maimuta\/\" \/>\n<meta property=\"og:site_name\" content=\"Strangercam\" \/>\n<meta property=\"article:publisher\" content=\"https:\/\/www.facebook.com\/strangercam\" \/>\n<meta property=\"article:modified_time\" content=\"2025-08-05T08:41:12+00:00\" \/>\n<meta property=\"og:image\" content=\"https:\/\/strangercam.com\/wp-content\/uploads\/2021\/10\/Untitled-2.png\" \/>\n\t<meta property=\"og:image:width\" content=\"800\" \/>\n\t<meta property=\"og:image:height\" content=\"532\" \/>\n\t<meta property=\"og:image:type\" content=\"image\/png\" \/>\n<meta name=\"twitter:card\" content=\"summary_large_image\" \/>\n<meta name=\"twitter:site\" content=\"@strangercamapp\" \/>\n<meta name=\"twitter:label1\" content=\"Timp estimat pentru citire\" \/>\n\t<meta name=\"twitter:data1\" content=\"6 minute\" \/>\n<script type=\"application\/ld+json\" class=\"yoast-schema-graph\">{\"@context\":\"https:\\\/\\\/schema.org\",\"@graph\":[{\"@type\":\"WebPage\",\"@id\":\"https:\\\/\\\/strangercam.com\\\/monkey-app\\\/\",\"url\":\"https:\\\/\\\/strangercam.com\\\/monkey-app\\\/\",\"name\":\"Monkey App - Random Video Chat Omegle - StrangerCam.com\",\"isPartOf\":{\"@id\":\"https:\\\/\\\/strangercam.com\\\/#website\"},\"datePublished\":\"2025-08-05T08:30:38+00:00\",\"dateModified\":\"2025-08-05T08:41:12+00:00\",\"description\":\"Like Monkey App? Come chat with more than 5.000.000 strangers on Strangercam for Free! Turn on your cam and find new friends & maby a match!\",\"breadcrumb\":{\"@id\":\"https:\\\/\\\/strangercam.com\\\/monkey-app\\\/#breadcrumb\"},\"inLanguage\":\"ro-RO\",\"potentialAction\":[{\"@type\":\"ReadAction\",\"target\":[\"https:\\\/\\\/strangercam.com\\\/monkey-app\\\/\"]}]},{\"@type\":\"BreadcrumbList\",\"@id\":\"https:\\\/\\\/strangercam.com\\\/monkey-app\\\/#breadcrumb\",\"itemListElement\":[{\"@type\":\"ListItem\",\"position\":1,\"name\":\"Home\",\"item\":\"https:\\\/\\\/strangercam.com\\\/\"},{\"@type\":\"ListItem\",\"position\":2,\"name\":\"Monkey App\"}]},{\"@type\":\"WebSite\",\"@id\":\"https:\\\/\\\/strangercam.com\\\/#website\",\"url\":\"https:\\\/\\\/strangercam.com\\\/\",\"name\":\"Strangercam\",\"description\":\"Random Video Chat with Strangers\",\"publisher\":{\"@id\":\"https:\\\/\\\/strangercam.com\\\/#organization\"},\"alternateName\":\"Strangercam.com\",\"potentialAction\":[{\"@type\":\"SearchAction\",\"target\":{\"@type\":\"EntryPoint\",\"urlTemplate\":\"https:\\\/\\\/strangercam.com\\\/?s={search_term_string}\"},\"query-input\":{\"@type\":\"PropertyValueSpecification\",\"valueRequired\":true,\"valueName\":\"search_term_string\"}}],\"inLanguage\":\"ro-RO\"},{\"@type\":\"Organization\",\"@id\":\"https:\\\/\\\/strangercam.com\\\/#organization\",\"name\":\"Strangercam\",\"alternateName\":\"Strangercam.com\",\"url\":\"https:\\\/\\\/strangercam.com\\\/\",\"logo\":{\"@type\":\"ImageObject\",\"inLanguage\":\"ro-RO\",\"@id\":\"https:\\\/\\\/strangercam.com\\\/#\\\/schema\\\/logo\\\/image\\\/\",\"url\":\"https:\\\/\\\/strangercam.com\\\/wp-content\\\/uploads\\\/2020\\\/11\\\/cropped-new-favicon-black.png\",\"contentUrl\":\"https:\\\/\\\/strangercam.com\\\/wp-content\\\/uploads\\\/2020\\\/11\\\/cropped-new-favicon-black.png\",\"width\":512,\"height\":512,\"caption\":\"Strangercam\"},\"image\":{\"@id\":\"https:\\\/\\\/strangercam.com\\\/#\\\/schema\\\/logo\\\/image\\\/\"},\"sameAs\":[\"https:\\\/\\\/www.facebook.com\\\/strangercam\",\"https:\\\/\\\/x.com\\\/strangercamapp\"]}]}<\/script>\n<!-- \/ Yoast SEO plugin. -->","yoast_head_json":{"title":"Monkey App - Chat video aleatoriu Omegle - StrangerCam.com","description":"\u00ce\u021bi place Monkey App? Vino s\u0103 vorbe\u0219ti cu mai mult de 5.000.000 de str\u0103ini pe Strangercam Gratuit! Porne\u0219te-\u021bi camera \u0219i g\u0103se\u0219te prieteni noi \u0219i poate o pereche!","robots":{"index":"index","follow":"follow","max-snippet":"max-snippet:-1","max-image-preview":"max-image-preview:large","max-video-preview":"max-video-preview:-1"},"canonical":"https:\/\/strangercam.com\/ro\/aplicatie-maimuta\/","og_locale":"ro_RO","og_type":"article","og_title":"Monkey App - Random Video Chat Omegle - StrangerCam.com","og_description":"Like Monkey App? Come chat with more than 5.000.000 strangers on Strangercam for Free! Turn on your cam and find new friends & maby a match!","og_url":"https:\/\/strangercam.com\/ro\/aplicatie-maimuta\/","og_site_name":"Strangercam","article_publisher":"https:\/\/www.facebook.com\/strangercam","article_modified_time":"2025-08-05T08:41:12+00:00","og_image":[{"width":800,"height":532,"url":"https:\/\/strangercam.com\/wp-content\/uploads\/2021\/10\/Untitled-2.png","type":"image\/png"}],"twitter_card":"summary_large_image","twitter_site":"@strangercamapp","twitter_misc":{"Timp estimat pentru citire":"6 minute"},"schema":{"@context":"https:\/\/schema.org","@graph":[{"@type":"WebPage","@id":"https:\/\/strangercam.com\/monkey-app\/","url":"https:\/\/strangercam.com\/monkey-app\/","name":"Monkey App - Chat video aleatoriu Omegle - StrangerCam.com","isPartOf":{"@id":"https:\/\/strangercam.com\/#website"},"datePublished":"2025-08-05T08:30:38+00:00","dateModified":"2025-08-05T08:41:12+00:00","description":"\u00ce\u021bi place Monkey App? Vino s\u0103 vorbe\u0219ti cu mai mult de 5.000.000 de str\u0103ini pe Strangercam Gratuit! Porne\u0219te-\u021bi camera \u0219i g\u0103se\u0219te prieteni noi \u0219i poate o pereche!","breadcrumb":{"@id":"https:\/\/strangercam.com\/monkey-app\/#breadcrumb"},"inLanguage":"ro-RO","potentialAction":[{"@type":"ReadAction","target":["https:\/\/strangercam.com\/monkey-app\/"]}]},{"@type":"BreadcrumbList","@id":"https:\/\/strangercam.com\/monkey-app\/#breadcrumb","itemListElement":[{"@type":"ListItem","position":1,"name":"Home","item":"https:\/\/strangercam.com\/"},{"@type":"ListItem","position":2,"name":"Monkey App"}]},{"@type":"WebSite","@id":"https:\/\/strangercam.com\/#website","url":"https:\/\/strangercam.com\/","name":"Strangercam","description":"Chat video aleatoriu cu str\u0103ini","publisher":{"@id":"https:\/\/strangercam.com\/#organization"},"alternateName":"Strangercam.com","potentialAction":[{"@type":"SearchAction","target":{"@type":"EntryPoint","urlTemplate":"https:\/\/strangercam.com\/?s={search_term_string}"},"query-input":{"@type":"PropertyValueSpecification","valueRequired":true,"valueName":"search_term_string"}}],"inLanguage":"ro-RO"},{"@type":"Organization","@id":"https:\/\/strangercam.com\/#organization","name":"Strangercam","alternateName":"Strangercam.com","url":"https:\/\/strangercam.com\/","logo":{"@type":"ImageObject","inLanguage":"ro-RO","@id":"https:\/\/strangercam.com\/#\/schema\/logo\/image\/","url":"https:\/\/strangercam.com\/wp-content\/uploads\/2020\/11\/cropped-new-favicon-black.png","contentUrl":"https:\/\/strangercam.com\/wp-content\/uploads\/2020\/11\/cropped-new-favicon-black.png","width":512,"height":512,"caption":"Strangercam"},"image":{"@id":"https:\/\/strangercam.com\/#\/schema\/logo\/image\/"},"sameAs":["https:\/\/www.facebook.com\/strangercam","https:\/\/x.com\/strangercamapp"]}]}},"_links":{"self":[{"href":"https:\/\/strangercam.com\/ro\/wp-json\/wp\/v2\/pages\/1303","targetHints":{"allow":["GET"]}}],"collection":[{"href":"https:\/\/strangercam.com\/ro\/wp-json\/wp\/v2\/pages"}],"about":[{"href":"https:\/\/strangercam.com\/ro\/wp-json\/wp\/v2\/types\/page"}],"author":[{"embeddable":true,"href":"https:\/\/strangercam.com\/ro\/wp-json\/wp\/v2\/users\/6"}],"replies":[{"embeddable":true,"href":"https:\/\/strangercam.com\/ro\/wp-json\/wp\/v2\/comments?post=1303"}],"version-history":[{"count":1,"href":"https:\/\/strangercam.com\/ro\/wp-json\/wp\/v2\/pages\/1303\/revisions"}],"predecessor-version":[{"id":12953,"href":"https:\/\/strangercam.com\/ro\/wp-json\/wp\/v2\/pages\/1303\/revisions\/12953"}],"wp:attachment":[{"href":"https:\/\/strangercam.com\/ro\/wp-json\/wp\/v2\/media?parent=1303"}],"curies":[{"name":"wp","href":"https:\/\/api.w.org\/{rel}","templated":true}]}}