{"id":13018,"date":"2025-09-10T11:48:32","date_gmt":"2025-09-10T09:48:32","guid":{"rendered":"https:\/\/strangercam.com\/?page_id=13018"},"modified":"2025-09-10T11:48:32","modified_gmt":"2025-09-10T09:48:32","slug":"matchpub","status":"publish","type":"page","link":"https:\/\/strangercam.com\/ro\/matchpub\/","title":{"rendered":"MatchPub"},"content":{"rendered":"<p>Cererea de materiale video spontane \u0219i anonime <a href=\"https:\/\/strangercam.com\/ro\/chathub\/\">chat<\/a> continu\u0103 s\u0103 creasc\u0103 pe m\u0103sur\u0103 ce oamenii caut\u0103 noi modalit\u0103\u021bi de socializare online. \u00cen urma \u00eenchiderii <a href=\"https:\/\/strangercam.com\/ro\/omegle\/\">Omegle<\/a>, au ap\u0103rut o varietate de alternative, fiecare oferind propria sa versiune a formulei. MatchPub este una dintre cele mai noi platforme din acest spa\u021biu - combin\u0103 entuziasmul potrivirii video aleatorii cu o atmosfer\u0103 social\u0103 plin\u0103 de via\u021b\u0103, care o face s\u0103 se simt\u0103 mai degrab\u0103 ca un loc de \u00eent\u00e2lnire digital dec\u00e2t ca o alt\u0103 aplica\u021bie de chat.<\/p>\n<p>Dar oare MatchPub iese cu adev\u0103rat \u00een eviden\u021b\u0103 \u00een 2025? Cum se compar\u0103 cu alte site-uri de tip Omegle precum ChitChatTV, Lotta \u0219i Ohmegle? \u00cen aceast\u0103 recenzie, vom analiza \u00een profunzime tot ceea ce trebuie s\u0103 \u0219ti\u021bi despre MatchPub: caracteristicile sale, baza de utilizatori, standardele de siguran\u021b\u0103, argumente pro \u0219i contra \u0219i dac\u0103 merit\u0103 s\u0103 v\u0103 pierde\u021bi timpul.<\/p>\n<h2>Ce este MatchPub?<\/h2>\n<p>MatchPub este un site de chat video aleatoriu bazat pe browser, conceput pentru a conecta str\u0103inii instantaneu pentru conversa\u021bii video unu-la-unu. La fel ca Omegle \u0219i <a href=\"https:\/\/strangercam.com\/ro\/chatroulette\/\">Chatroulette<\/a> \u00cenainte de aceasta, MatchPub simplific\u0103 lucrurile: nu trebuie s\u0103 v\u0103 \u00eenscrie\u021bi, s\u0103 crea\u021bi un profil sau s\u0103 desc\u0103rca\u021bi o aplica\u021bie. \u00cen schimb, pute\u021bi intra \u00eentr-o discu\u021bie live \u00een c\u00e2teva secunde.<\/p>\n<p>Tema \"pub\" reflect\u0103 misiunea sa: MatchPub \u00ee\u0219i propune s\u0103 recreeze atmosfera informal\u0103 \u0219i social\u0103 a \u00eent\u00e2lnirii cu oameni noi \u00eentr-un bar sau cafenea, dar \u00eentr-un mediu digital. Este conceput pentru a fi prietenos, primitor \u0219i global.<\/p>\n<h2>Care este scopul MatchPub?<\/h2>\n<p>Scopul MatchPub este de a face \u00eent\u00e2lnirea online cu oameni noi la fel de u\u0219oar\u0103 \u0219i distractiv\u0103 ca o conversa\u021bie \u00een via\u021ba real\u0103. Se adreseaz\u0103 utilizatorilor care s-au s\u0103turat de aplica\u021biile sociale foarte bine organizate, de \u00eenscrierile complicate sau de glis\u0103rile interminabile. \u00cen schimb, se pune accentul pe:<\/p>\n<ul>\n<li>Spontaneitate: <a href=\"https:\/\/strangercam.com\/ro\/coomeet\/\">Face\u021bi cuno\u0219tin\u021b\u0103<\/a> cineva nou instantaneu cu un singur clic<\/li>\n<li>Anonimat: Nu sunt necesare profiluri sau detalii personale<\/li>\n<li>Acoperire global\u0103: Conversa\u021bi cu persoane din \u00eentreaga lume<\/li>\n<li>Sim\u021bul comunit\u0103\u021bii: Un spa\u021biu amuzant, ocazional, care pare mai pu\u021bin anonim dec\u00e2t Omegle, dar mai accesibil dec\u00e2t o aplica\u021bie de \u00eent\u00e2lniri<\/li>\n<\/ul>\n<p>Fie c\u0103 dori\u021bi s\u0103 v\u0103 face\u021bi prieteni, s\u0103 exersa\u021bi o limb\u0103, s\u0103 flirta\u021bi sau doar s\u0103 petrece\u021bi timpul, MatchPub ofer\u0103 un spa\u021biu pentru conversa\u021bii ocazionale, f\u0103r\u0103 scenariu.<\/p>\n<h2>Caracteristici principale<\/h2>\n<p>1. Chat video aleatoriu unu-la-unu<br \/>\nCaracteristica principal\u0103 a MatchPub este conversa\u021bia privat\u0103, de la camer\u0103 la camer\u0103, cu persoane necunoscute. Potrivirea este instantanee, iar fiecare sesiune este o \u0219ans\u0103 de a cunoa\u0219te pe cineva complet nou.<\/p>\n<p>2. Butonul Skip\/Next<br \/>\nNu v\u0103 place discu\u021bia? Ap\u0103sa\u021bi \"Urm\u0103torul\" \u0219i trece\u021bi instantaneu la alt utilizator. Nu exist\u0103 nicio penalizare pentru s\u0103rituri, iar conexiunile se \u00eencarc\u0103 rapid.<\/p>\n<p>3. Modul chat text<br \/>\nPentru utilizatorii care prefer\u0103 s\u0103 scrie la ma\u0219in\u0103 - sau atunci c\u00e2nd videoclipul nu este o op\u021biune - MatchPub ofer\u0103 \u0219i un mod de chat numai text. Acesta este ideal pentru a sparge ghea\u021ba sau pentru persoanele cu limite de l\u0103\u021bime de band\u0103.<\/p>\n<p>4. Nu este nevoie de \u00eenregistrare<br \/>\nMatchPub este complet anonim. Nu trebuie s\u0103 v\u0103 \u00eenscrie\u021bi, s\u0103 crea\u021bi un cont sau s\u0103 furniza\u021bi detalii personale. Doar face\u021bi clic \u0219i \u00eencepe\u021bi s\u0103 discuta\u021bi.<\/p>\n<p>5. Compatibilitate mobil\u0103 \u0219i desktop<br \/>\nSite-ul func\u021bioneaz\u0103 f\u0103r\u0103 probleme at\u00e2t pe desktop, c\u00e2t \u0219i pe browserele mobile. Designul s\u0103u curat \u0219i receptiv \u00eel face la fel de u\u0219or de utilizat pe telefon ca \u0219i pe computer.<\/p>\n<p>6. Instrumente de raportare \u0219i blocare<br \/>\nUn buton vizibil \"Raporteaz\u0103\" permite utilizatorilor s\u0103 semnaleze comportamentul nepotrivit. De asemenea, pute\u021bi bloca partenerii de chat perturbatori, asigur\u00e2nd o experien\u021b\u0103 mai pozitiv\u0103.<\/p>\n<p>7. Design u\u0219or, rapid<br \/>\nMatchPub se \u00eencarc\u0103 rapid \u0219i face tranzi\u021bii \u00eentre chat-uri f\u0103r\u0103 probleme, chiar \u0219i pe dispozitive de gam\u0103 medie \u0219i re\u021bele mobile.<\/p>\n<h2>MatchPub este gratuit?<\/h2>\n<p>Da, MatchPub este 100% gratuit. Toate func\u021biile sale principale - chat video, chat text, skipping \u0219i raportare - sunt disponibile pentru toat\u0103 lumea.<\/p>\n<p>Exist\u0103:<\/p>\n<ul>\n<li>F\u0103r\u0103 abonamente<\/li>\n<li>F\u0103r\u0103 jetoane sau credite<\/li>\n<li>F\u0103r\u0103 costuri ascunse<\/li>\n<\/ul>\n<p>Platforma poate difuza reclame u\u0219oare pentru a acoperi costurile, dar acestea nu sunt intruzive \u0219i nu interfereaz\u0103 cu experien\u021ba de chat.<\/p>\n<h2>Cine utilizeaz\u0103 MatchPub?<\/h2>\n<p>MatchPub atrage o audien\u021b\u0103 global\u0103 de chateri ocazionali, inclusiv:<\/p>\n<ul>\n<li>V\u00e2rsta: \u00cen primul r\u00e2nd 18-35 de ani (strict adul\u021bi, doar 18+)<\/li>\n<li>Loca\u021bii: Utilizatori din SUA, Marea Britanie, Europa, India, Brazilia, Asia de Sud-Est \u0219i nu numai<\/li>\n<li>Motive pentru \u00eenscriere: V\u0103 face\u021bi prieteni, practica\u021bi limbi str\u0103ine, flirta\u021bi ocazional, descoperi\u021bi culturi sau pur \u0219i simplu petrece\u021bi timpul<\/li>\n<\/ul>\n<p>\u00cen compara\u021bie cu platformele mai vechi, MatchPub pare mai t\u00e2n\u0103r \u0219i mai proasp\u0103t, atr\u0103g\u00e2nd \u00een special persoanele care se bucur\u0103 de spontaneitatea Omegle, dar doresc o experien\u021b\u0103 mai lin\u0103 \u0219i mai modern\u0103.<\/p>\n<h2>Siguran\u021b\u0103, confiden\u021bialitate \u0219i moderare<\/h2>\n<p>MatchPub recunoa\u0219te c\u0103 chat-ul anonim vine cu riscuri \u0219i a creat instrumente pentru a promova siguran\u021ba \u0219i confiden\u021bialitatea.<\/p>\n<h3>Confiden\u021bialitate<\/h3>\n<ul>\n<li>Nu este necesar niciun cont sau detalii personale<\/li>\n<li>Nicio discu\u021bie nu este salvat\u0103, \u00eenregistrat\u0103 sau f\u0103cut\u0103 public\u0103<\/li>\n<li>V\u0103 controla\u021bi camera \u0219i microfonul \u00een orice moment<\/li>\n<\/ul>\n<h3>Modera\u021bie<\/h3>\n<ul>\n<li>Raportare \u00een chat: Semnala\u021bi rapid con\u021binutul neadecvat sau h\u0103r\u021buirea<\/li>\n<li>Filtre de con\u021binut bazate pe inteligen\u021b\u0103 artificial\u0103: Detecteaz\u0103 \u0219i limiteaz\u0103 comportamentul abuziv sau explicit<\/li>\n<li>Moderatori umani: Revizui\u021bi rapoartele \u0219i aplica\u021bi interdic\u021bii recidivi\u0219tilor<\/li>\n<\/ul>\n<h3>Sfaturi pentru utilizatori<\/h3>\n<ul>\n<li>Nu \u00eemp\u0103rt\u0103\u0219i\u021bi niciodat\u0103 informa\u021bii personale \u00een chat<\/li>\n<li>Utiliza\u021bi butoanele skip \u0219i report ori de c\u00e2te ori este necesar<\/li>\n<li>R\u0103m\u00e2ne\u021bi la conversa\u021bii u\u0219oare, ocazionale, p\u00e2n\u0103 c\u00e2nd ave\u021bi \u00eencredere \u00een partenerul dvs. de chat<\/li>\n<\/ul>\n<h2>Experien\u021ba \u0219i designul utilizatorului<\/h2>\n<p>MatchPub ofer\u0103 un design curat, modern \u0219i intuitiv:<\/p>\n<ul>\n<li>Pagina de pornire prezint\u0103 un buton clar \"Start Chat\" \u0219i orient\u0103ri de baz\u0103 privind comunitatea<\/li>\n<li>Ferestrele video sunt mari, clare \u0219i receptive<\/li>\n<li>Butoanele pentru skipping, muting \u0219i raportare sunt u\u0219or de g\u0103sit \u0219i utilizat<\/li>\n<li>Versiunile mobile \u0219i desktop sunt la fel de fluide \u0219i fiabile<\/li>\n<li>Timpii de \u00eenc\u0103rcare sunt scur\u021bi, cu tranzi\u021bii instantanee \u00eentre chat-uri<\/li>\n<\/ul>\n<p>Spre deosebire de site-urile aglomerate sau pline de reclame, MatchPub pare proasp\u0103t \u0219i minimalist, men\u021bin\u00e2nd accentul pe conversa\u021bie.<\/p>\n<h2>MatchPub vs alte platforme de chat video aleatorii<\/h2>\n<p>Cum se compar\u0103 MatchPub cu principalii s\u0103i concuren\u021bi?<\/p>\n<table>\n<thead>\n<tr>\n<th>Caracteristic\u0103<\/th>\n<th>MatchPub<\/th>\n<th>Omegle (\u00eenchis)<\/th>\n<th>Ohmegle<\/th>\n<th><a href=\"https:\/\/strangercam.com\/ro\/ometv\/\">OmeTV<\/a><\/th>\n<th>Lotta<\/th>\n<th>ChitChatTV<\/th>\n<\/tr>\n<\/thead>\n<tbody>\n<tr>\n<td>Chat video aleatoriu<\/td>\n<td>Da<\/td>\n<td>Da<\/td>\n<td>Da<\/td>\n<td>Da<\/td>\n<td>Da<\/td>\n<td>Da<\/td>\n<\/tr>\n<tr>\n<td>Op\u021biune chat text<\/td>\n<td>Da<\/td>\n<td>Da<\/td>\n<td>Da<\/td>\n<td>Da<\/td>\n<td>Da<\/td>\n<td>Da<\/td>\n<\/tr>\n<tr>\n<td>\u00cenregistrare necesar\u0103<\/td>\n<td>Nu<\/td>\n<td>Nu<\/td>\n<td>Nu<\/td>\n<td>Nu<\/td>\n<td>Nu<\/td>\n<td>Nu<\/td>\n<\/tr>\n<tr>\n<td>Mobil prietenos<\/td>\n<td>Excelent\u0103<\/td>\n<td>Slab\u0103<\/td>\n<td>Excelent\u0103<\/td>\n<td>Bun<\/td>\n<td>Excelent\u0103<\/td>\n<td>Excelent\u0103<\/td>\n<\/tr>\n<tr>\n<td>Filtre de gen\/regiune<\/td>\n<td>Nu<\/td>\n<td>Nu<\/td>\n<td>Nu<\/td>\n<td>Pl\u0103tite<\/td>\n<td>Nu<\/td>\n<td>Nu<\/td>\n<\/tr>\n<tr>\n<td>Instrumente de moderare<\/td>\n<td>Bun<\/td>\n<td>Slab<\/td>\n<td>Moderat<\/td>\n<td>Puternic<\/td>\n<td>Bun<\/td>\n<td>Bun<\/td>\n<\/tr>\n<tr>\n<td>Utilizare gratuit\u0103<\/td>\n<td>Da<\/td>\n<td>Da<\/td>\n<td>Da<\/td>\n<td>Da\/Paid<\/td>\n<td>Da<\/td>\n<td>Da<\/td>\n<\/tr>\n<\/tbody>\n<\/table>\n<p>Rezumat: MatchPub este cel mai apropiat \u00een spirit de Ohmegle \u0219i Lotta - rapid, gratuit, anonim \u0219i modern. Nu ofer\u0103 filtre avansate precum OmeTV, dar compenseaz\u0103 prin simplitate \u0219i u\u0219urin\u021b\u0103 de utilizare.<\/p>\n<h2>Avantaje \u0219i dezavantaje<\/h2>\n<p>Avantaje:<\/p>\n<ul>\n<li>100% gratuit, nu este necesar\u0103 \u00eenscrierea<\/li>\n<li>Experien\u021b\u0103 de chat anonim\u0103 \u0219i privat\u0103<\/li>\n<li>Design modern, receptiv pentru desktop \u0219i mobil<\/li>\n<li>Conexiuni de chat video \u0219i text rapide \u0219i stabile<\/li>\n<li>Instrumente simple de salt \u0219i raportare<\/li>\n<li>Baza de utilizatori interna\u021bional\u0103, divers\u0103<\/li>\n<\/ul>\n<p>Cons:<\/p>\n<ul>\n<li>F\u0103r\u0103 filtre de gen sau loca\u021bie<\/li>\n<li>con\u021binut inadecvat ocazional (comun tuturor platformelor de chat anonim)<\/li>\n<li>Mai mul\u021bi utilizatori b\u0103rba\u021bi dec\u00e2t femei<\/li>\n<li>F\u0103r\u0103 profiluri de utilizator sau istoric de chat<\/li>\n<li>Nu exist\u0103 nicio modalitate de reconectare cu utilizatorii din trecut<\/li>\n<\/ul>\n<h2>Cazuri ideale de utilizare<\/h2>\n<p>MatchPub este perfect pentru:<\/p>\n<ul>\n<li>Fanii Omegle \u0219i Chatroulette caut\u0103 un \u00eenlocuitor modern<\/li>\n<li>Adul\u021bi \u00een c\u0103utarea pentru chat spontan, ocazional cu necunoscu\u021bi<\/li>\n<li>C\u0103l\u0103tori, studen\u021bi \u0219i cursan\u021bi de limbi str\u0103ine interesa\u021bi de conversa\u021bia global\u0103<\/li>\n<li>Persoane care apreciaz\u0103 anonimatul \u0219i nu doresc s\u0103 se \u00eenregistreze pentru aplica\u021bii sau conturi<\/li>\n<li>Oricine dore\u0219te s\u0103 petreac\u0103 timpul \u0219i s\u0103 aib\u0103 \u00eent\u00e2lniri sociale f\u0103r\u0103 scenariu<\/li>\n<\/ul>\n<p>Este mai pu\u021bin ideal pentru:<\/p>\n<ul>\n<li>Utilizatori sub 18 ani (numai adul\u021bi)<\/li>\n<li>Cei care caut\u0103 filtre specifice pentru \u00eent\u00e2lniri sau potrivire curat\u0103<\/li>\n<li>Persoane care doresc conexiuni pe termen lung sau posibilitatea de a se reconecta cu chat-uri anterioare<\/li>\n<\/ul>\n<p>MatchPub este una dintre cele mai bune platforme noi de chat video aleatoriu \u00een stil Omegle din 2025. Aceasta combin\u0103 conexiunile instantanee \u0219i anonime cu o interfa\u021b\u0103 modern\u0103, performan\u021be puternice pe mobil \u0219i instrumente de moderare simple, dar eficiente.<\/p>\n<p>Dac\u0103 sunte\u021bi \u00een c\u0103utarea unei platforme care s\u0103 ofere emo\u021bia de la Omegle cu un design mai fluid \u0219i o comunitate mai proasp\u0103t\u0103, MatchPub merit\u0103 neap\u0103rat \u00eencercat. Este gratuit, rapid \u0219i distractiv - locul perfect pentru a descoperi fe\u021be noi \u0219i conversa\u021bii din \u00eentreaga lume.<\/p>","protected":false},"excerpt":{"rendered":"<p>The demand for spontaneous, anonymous video chat platforms continues to grow as people seek new ways to socialize online. Following the closure of Omegle, a variety of alternatives have appeared, each offering their own twist on the formula. MatchPub is one of the newer platforms in this space\u2014combining the excitement of random video matching with [&hellip;]<\/p>\n","protected":false},"author":6,"featured_media":0,"parent":0,"menu_order":0,"comment_status":"closed","ping_status":"closed","template":"","meta":{"footnotes":""},"class_list":["post-13018","page","type-page","status-publish","hentry"],"yoast_head":"<!-- This site is optimized with the Yoast SEO plugin v27.4 - https:\/\/yoast.com\/product\/yoast-seo-wordpress\/ -->\n<title>MatchPub - Live 1:1 Video Chat - StrangerCam.com<\/title>\n<meta name=\"description\" content=\"Like MatchPub? Come chat with more than 5.000.000 strangers on Strangercam for Free! Turn on your cam and find new friends &amp; maby a match!\" \/>\n<meta name=\"robots\" content=\"index, follow, max-snippet:-1, max-image-preview:large, max-video-preview:-1\" \/>\n<link rel=\"canonical\" href=\"https:\/\/strangercam.com\/ro\/matchpub\/\" \/>\n<meta property=\"og:locale\" content=\"ro_RO\" \/>\n<meta property=\"og:type\" content=\"article\" \/>\n<meta property=\"og:title\" content=\"MatchPub - Live 1:1 Video Chat - StrangerCam.com\" \/>\n<meta property=\"og:description\" content=\"Like MatchPub? Come chat with more than 5.000.000 strangers on Strangercam for Free! Turn on your cam and find new friends &amp; maby a match!\" \/>\n<meta property=\"og:url\" content=\"https:\/\/strangercam.com\/ro\/matchpub\/\" \/>\n<meta property=\"og:site_name\" content=\"Strangercam\" \/>\n<meta property=\"article:publisher\" content=\"https:\/\/www.facebook.com\/strangercam\" \/>\n<meta property=\"og:image\" content=\"https:\/\/strangercam.com\/wp-content\/uploads\/2021\/10\/Untitled-2.png\" \/>\n\t<meta property=\"og:image:width\" content=\"800\" \/>\n\t<meta property=\"og:image:height\" content=\"532\" \/>\n\t<meta property=\"og:image:type\" content=\"image\/png\" \/>\n<meta name=\"twitter:card\" content=\"summary_large_image\" \/>\n<meta name=\"twitter:site\" content=\"@strangercamapp\" \/>\n<meta name=\"twitter:label1\" content=\"Timp estimat pentru citire\" \/>\n\t<meta name=\"twitter:data1\" content=\"6 minute\" \/>\n<script type=\"application\/ld+json\" class=\"yoast-schema-graph\">{\"@context\":\"https:\\\/\\\/schema.org\",\"@graph\":[{\"@type\":\"WebPage\",\"@id\":\"https:\\\/\\\/strangercam.com\\\/matchpub\\\/\",\"url\":\"https:\\\/\\\/strangercam.com\\\/matchpub\\\/\",\"name\":\"MatchPub - Live 1:1 Video Chat - StrangerCam.com\",\"isPartOf\":{\"@id\":\"https:\\\/\\\/strangercam.com\\\/#website\"},\"datePublished\":\"2025-09-10T09:48:32+00:00\",\"description\":\"Like MatchPub? Come chat with more than 5.000.000 strangers on Strangercam for Free! Turn on your cam and find new friends & maby a match!\",\"breadcrumb\":{\"@id\":\"https:\\\/\\\/strangercam.com\\\/matchpub\\\/#breadcrumb\"},\"inLanguage\":\"ro-RO\",\"potentialAction\":[{\"@type\":\"ReadAction\",\"target\":[\"https:\\\/\\\/strangercam.com\\\/matchpub\\\/\"]}]},{\"@type\":\"BreadcrumbList\",\"@id\":\"https:\\\/\\\/strangercam.com\\\/matchpub\\\/#breadcrumb\",\"itemListElement\":[{\"@type\":\"ListItem\",\"position\":1,\"name\":\"Home\",\"item\":\"https:\\\/\\\/strangercam.com\\\/\"},{\"@type\":\"ListItem\",\"position\":2,\"name\":\"MatchPub\"}]},{\"@type\":\"WebSite\",\"@id\":\"https:\\\/\\\/strangercam.com\\\/#website\",\"url\":\"https:\\\/\\\/strangercam.com\\\/\",\"name\":\"Strangercam\",\"description\":\"Random Video Chat with Strangers\",\"publisher\":{\"@id\":\"https:\\\/\\\/strangercam.com\\\/#organization\"},\"alternateName\":\"Strangercam.com\",\"potentialAction\":[{\"@type\":\"SearchAction\",\"target\":{\"@type\":\"EntryPoint\",\"urlTemplate\":\"https:\\\/\\\/strangercam.com\\\/?s={search_term_string}\"},\"query-input\":{\"@type\":\"PropertyValueSpecification\",\"valueRequired\":true,\"valueName\":\"search_term_string\"}}],\"inLanguage\":\"ro-RO\"},{\"@type\":\"Organization\",\"@id\":\"https:\\\/\\\/strangercam.com\\\/#organization\",\"name\":\"Strangercam\",\"alternateName\":\"Strangercam.com\",\"url\":\"https:\\\/\\\/strangercam.com\\\/\",\"logo\":{\"@type\":\"ImageObject\",\"inLanguage\":\"ro-RO\",\"@id\":\"https:\\\/\\\/strangercam.com\\\/#\\\/schema\\\/logo\\\/image\\\/\",\"url\":\"https:\\\/\\\/strangercam.com\\\/wp-content\\\/uploads\\\/2020\\\/11\\\/cropped-new-favicon-black.png\",\"contentUrl\":\"https:\\\/\\\/strangercam.com\\\/wp-content\\\/uploads\\\/2020\\\/11\\\/cropped-new-favicon-black.png\",\"width\":512,\"height\":512,\"caption\":\"Strangercam\"},\"image\":{\"@id\":\"https:\\\/\\\/strangercam.com\\\/#\\\/schema\\\/logo\\\/image\\\/\"},\"sameAs\":[\"https:\\\/\\\/www.facebook.com\\\/strangercam\",\"https:\\\/\\\/x.com\\\/strangercamapp\"]}]}<\/script>\n<!-- \/ Yoast SEO plugin. -->","yoast_head_json":{"title":"MatchPub - Chat video live 1:1 - StrangerCam.com","description":"\u00ce\u021bi place MatchPub? Vino s\u0103 vorbe\u0219ti cu mai mult de 5.000.000 de str\u0103ini pe Strangercam gratuit! Porne\u0219te-\u021bi camera \u0219i g\u0103se\u0219te prieteni noi \u0219i poate o pereche!","robots":{"index":"index","follow":"follow","max-snippet":"max-snippet:-1","max-image-preview":"max-image-preview:large","max-video-preview":"max-video-preview:-1"},"canonical":"https:\/\/strangercam.com\/ro\/matchpub\/","og_locale":"ro_RO","og_type":"article","og_title":"MatchPub - Live 1:1 Video Chat - StrangerCam.com","og_description":"Like MatchPub? Come chat with more than 5.000.000 strangers on Strangercam for Free! Turn on your cam and find new friends & maby a match!","og_url":"https:\/\/strangercam.com\/ro\/matchpub\/","og_site_name":"Strangercam","article_publisher":"https:\/\/www.facebook.com\/strangercam","og_image":[{"width":800,"height":532,"url":"https:\/\/strangercam.com\/wp-content\/uploads\/2021\/10\/Untitled-2.png","type":"image\/png"}],"twitter_card":"summary_large_image","twitter_site":"@strangercamapp","twitter_misc":{"Timp estimat pentru citire":"6 minute"},"schema":{"@context":"https:\/\/schema.org","@graph":[{"@type":"WebPage","@id":"https:\/\/strangercam.com\/matchpub\/","url":"https:\/\/strangercam.com\/matchpub\/","name":"MatchPub - Chat video live 1:1 - StrangerCam.com","isPartOf":{"@id":"https:\/\/strangercam.com\/#website"},"datePublished":"2025-09-10T09:48:32+00:00","description":"\u00ce\u021bi place MatchPub? Vino s\u0103 vorbe\u0219ti cu mai mult de 5.000.000 de str\u0103ini pe Strangercam gratuit! Porne\u0219te-\u021bi camera \u0219i g\u0103se\u0219te prieteni noi \u0219i poate o pereche!","breadcrumb":{"@id":"https:\/\/strangercam.com\/matchpub\/#breadcrumb"},"inLanguage":"ro-RO","potentialAction":[{"@type":"ReadAction","target":["https:\/\/strangercam.com\/matchpub\/"]}]},{"@type":"BreadcrumbList","@id":"https:\/\/strangercam.com\/matchpub\/#breadcrumb","itemListElement":[{"@type":"ListItem","position":1,"name":"Home","item":"https:\/\/strangercam.com\/"},{"@type":"ListItem","position":2,"name":"MatchPub"}]},{"@type":"WebSite","@id":"https:\/\/strangercam.com\/#website","url":"https:\/\/strangercam.com\/","name":"Strangercam","description":"Chat video aleatoriu cu str\u0103ini","publisher":{"@id":"https:\/\/strangercam.com\/#organization"},"alternateName":"Strangercam.com","potentialAction":[{"@type":"SearchAction","target":{"@type":"EntryPoint","urlTemplate":"https:\/\/strangercam.com\/?s={search_term_string}"},"query-input":{"@type":"PropertyValueSpecification","valueRequired":true,"valueName":"search_term_string"}}],"inLanguage":"ro-RO"},{"@type":"Organization","@id":"https:\/\/strangercam.com\/#organization","name":"Strangercam","alternateName":"Strangercam.com","url":"https:\/\/strangercam.com\/","logo":{"@type":"ImageObject","inLanguage":"ro-RO","@id":"https:\/\/strangercam.com\/#\/schema\/logo\/image\/","url":"https:\/\/strangercam.com\/wp-content\/uploads\/2020\/11\/cropped-new-favicon-black.png","contentUrl":"https:\/\/strangercam.com\/wp-content\/uploads\/2020\/11\/cropped-new-favicon-black.png","width":512,"height":512,"caption":"Strangercam"},"image":{"@id":"https:\/\/strangercam.com\/#\/schema\/logo\/image\/"},"sameAs":["https:\/\/www.facebook.com\/strangercam","https:\/\/x.com\/strangercamapp"]}]}},"_links":{"self":[{"href":"https:\/\/strangercam.com\/ro\/wp-json\/wp\/v2\/pages\/13018","targetHints":{"allow":["GET"]}}],"collection":[{"href":"https:\/\/strangercam.com\/ro\/wp-json\/wp\/v2\/pages"}],"about":[{"href":"https:\/\/strangercam.com\/ro\/wp-json\/wp\/v2\/types\/page"}],"author":[{"embeddable":true,"href":"https:\/\/strangercam.com\/ro\/wp-json\/wp\/v2\/users\/6"}],"replies":[{"embeddable":true,"href":"https:\/\/strangercam.com\/ro\/wp-json\/wp\/v2\/comments?post=13018"}],"version-history":[{"count":1,"href":"https:\/\/strangercam.com\/ro\/wp-json\/wp\/v2\/pages\/13018\/revisions"}],"predecessor-version":[{"id":13019,"href":"https:\/\/strangercam.com\/ro\/wp-json\/wp\/v2\/pages\/13018\/revisions\/13019"}],"wp:attachment":[{"href":"https:\/\/strangercam.com\/ro\/wp-json\/wp\/v2\/media?parent=13018"}],"curies":[{"name":"wp","href":"https:\/\/api.w.org\/{rel}","templated":true}]}}