{"id":13016,"date":"2025-09-10T11:45:42","date_gmt":"2025-09-10T09:45:42","guid":{"rendered":"https:\/\/strangercam.com\/?page_id=13016"},"modified":"2025-09-10T11:45:42","modified_gmt":"2025-09-10T09:45:42","slug":"justalk","status":"publish","type":"page","link":"https:\/\/strangercam.com\/ro\/justalk\/","title":{"rendered":"Justalk"},"content":{"rendered":"<p>\u00centr-o pia\u021b\u0103 aglomerat\u0103 de mesagerie \u0219i video <a href=\"https:\/\/strangercam.com\/ro\/chatroulette\/\">chat<\/a> aplica\u021bii, foarte pu\u021bine reu\u0219esc s\u0103 ating\u0103 un echilibru \u00eentre a fi un instrument de comunicare fiabil \u0219i o platform\u0103 de descoperire social\u0103 distractiv\u0103. JusTalk este una dintre excep\u021bii. Lansat\u0103 ini\u021bial ca o simpl\u0103 aplica\u021bie de apeluri video, JusTalk a evoluat \u00eentr-o platform\u0103 global\u0103 de chat social care v\u0103 permite nu numai s\u0103 p\u0103stra\u021bi leg\u0103tura cu prietenii \u0219i familia, dar \u0219i <a href=\"https:\/\/strangercam.com\/ro\/coomeet\/\">\u00eent\u00e2lnire<\/a> oameni noi prin intermediul caracteristicilor sale comunitare pline de via\u021b\u0103.<\/p>\n<p>Dar cum se eviden\u021biaz\u0103 JusTalk \u00een 2025? Merit\u0103 s\u0103 fie folosit \u00een compara\u021bie cu gigan\u021bi precum WhatsApp, Zoom sau chiar aplica\u021bii mai sociale precum <a href=\"https:\/\/strangercam.com\/ro\/monkey-app\/\">Maimu\u021b\u0103<\/a> \u0219i <a href=\"https:\/\/strangercam.com\/ro\/azar-app\/\">Azar<\/a>? \u00cen aceast\u0103 analiz\u0103 detaliat\u0103, vom acoperi tot ceea ce trebuie s\u0103 \u0219ti\u021bi despre JusTalk - caracteristicile sale, pre\u021burile, siguran\u021ba \u0219i modul \u00een care se compar\u0103 cu alte platforme de chat populare \u00een prezent.<\/p>\n<h2>Ce este JusTalk?<\/h2>\n<p>JusTalk este o aplica\u021bie gratuit\u0103 de apeluri video \u0219i mesagerie disponibil\u0103 at\u00e2t pe iOS, c\u00e2t \u0219i pe Android, cu milioane de utilizatori \u00een \u00eentreaga lume. \u00cen esen\u021ba sa, ofer\u0103 apeluri video de \u00eenalt\u0103 calitate unu-la-unu \u0219i de grup, dar, de asemenea, merge dincolo de aplica\u021biile tradi\u021bionale de comunicare, oferind:<\/p>\n<ul>\n<li>Instrumente distractive de m\u00e2zg\u0103lit \u0219i autocolant \u00een timpul apelurilor<\/li>\n<li>Chatroomuri comunitare \u0219i potrivire aleatorie pentru a cunoa\u0219te oameni noi<\/li>\n<li>Suport pentru toate platformele, astfel \u00eenc\u00e2t s\u0103 \u00eel pute\u021bi utiliza pe telefoane, tablete \u0219i chiar prin autentificare web<\/li>\n<\/ul>\n<p>Combina\u021bia JusTalk de caracteristici de comunicare fiabile \u0219i descoperire social\u0103 a f\u0103cut-o popular\u0103 nu doar pentru conversa\u021bii private, ci \u0219i pentru persoanele care doresc s\u0103 \u00ee\u0219i extind\u0103 cercul social global.<\/p>\n<h2>Care este scopul JusTalk?<\/h2>\n<p>Misiunea JusTalk este de a face comunicarea online personal\u0103, distractiv\u0103 \u0219i global\u0103. Spre deosebire de aplica\u021biile axate pe corpora\u021bii, cum ar fi Zoom, JusTalk este creat pentru conversa\u021biile de zi cu zi - fie cu familia, prietenii sau persoanele noi pe care le cunoa\u0219te\u021bi prin intermediul platformei.<\/p>\n<p>Acesta urm\u0103re\u0219te s\u0103 ofere:<\/p>\n<ul>\n<li>O alternativ\u0103 gratuit\u0103 la apelurile interna\u021bionale costisitoare<\/li>\n<li>Un mediu distractiv, cu func\u021bii juc\u0103u\u0219e precum m\u00e2zg\u0103leli, autocolante \u0219i mini-jocuri<\/li>\n<li>O platform\u0103 social\u0103 unde pute\u021bi descoperi \u0219i discuta cu persoane necunoscute din \u00eentreaga lume<\/li>\n<\/ul>\n<p>Acest accent dublu - comunicarea serioas\u0103 pe de o parte \u0219i descoperirea social\u0103 vesel\u0103 pe de alt\u0103 parte - face JusTalk unic.<\/p>\n<h2>Caracteristici principale<\/h2>\n<p>1. Apeluri video gratuite unu la unu<br \/>\nJusTalk ofer\u0103 apeluri video gratuite nelimitate cu criptare end-to-end. Apelurile sunt stabile, cu sunet \u0219i imagini video de \u00eenalt\u0103 calitate, chiar \u0219i pe conexiuni mai lente.<\/p>\n<p>2. Apeluri video de grup<br \/>\nPute\u021bi g\u0103zdui chat-uri video de grup cu mai mul\u021bi prieteni simultan - perfect pentru \u00eent\u00e2lniri virtuale, \u00eent\u00e2lniri cu familia sau sesiuni de studiu.<\/p>\n<p>3. Chat aleatoriu \u0219i camere comunitare<br \/>\nPe l\u00e2ng\u0103 apelurile private, JusTalk include camere de chat publice \u0219i func\u021bii de potrivire aleatorie care v\u0103 permit s\u0103 v\u0103 \u00eent\u00e2lni\u021bi \u0219i s\u0103 interac\u021biona\u021bi cu persoane necunoscute din \u00eentreaga lume. Acest lucru o face parte instrument de comunicare, parte aplica\u021bie de descoperire social\u0103.<\/p>\n<p>4. Doodles, autocolante \u0219i emojis<br \/>\n\u00cen timpul apelurilor video, pute\u021bi desena pe ecran, partaja autocolante \u0219i utiliza emoji \u00een timp real, f\u0103c\u00e2nd conversa\u021biile mai expresive \u0219i mai distractive.<\/p>\n<p>5. Mesagerie vocal\u0103 \u0219i video<br \/>\nDac\u0103 nu sunte\u021bi disponibil pentru un apel live, JusTalk v\u0103 permite s\u0103 trimite\u021bi mesaje scurte vocale sau video direct prin aplica\u021bie.<\/p>\n<p>6. Mesaje text cu multimedia<br \/>\n\u00cen plus fa\u021b\u0103 de apeluri, JusTalk include func\u021bii standard de chat: mesaje text, partajare de fotografii, GIF-uri \u0219i transfer de fi\u0219iere.<\/p>\n<p>7. Compatibilitate \u00eentre platforme<br \/>\nJusTalk este disponibil pe iOS, Android \u0219i prin intermediul browserelor web. Acest lucru asigur\u0103 c\u0103 utilizatorii se pot conecta f\u0103r\u0103 probleme pe diferite dispozitive.<\/p>\n<p>8. JusTalk Kids (Aplica\u021bie separat\u0103)<br \/>\nPentru utilizatorii mai tineri, JusTalk ofer\u0103 o versiune pentru copii a aplica\u021biei, care este puternic moderat\u0103 \u0219i conceput\u0103 pentru a fi un mediu sigur <a href=\"https:\/\/strangercam.com\/ro\/mocospace\/\">spa\u021biu<\/a> pentru ca copiii s\u0103 poat\u0103 comunica cu persoane de contact autorizate.<\/p>\n<h2>JusTalk este gratuit?<\/h2>\n<p>Da, JusTalk se poate desc\u0103rca \u0219i utiliza gratuit. Toate func\u021biile principale - apeluri video, chat de grup, mesaje text \u0219i descoperire social\u0103 - sunt disponibile gratuit.<\/p>\n<p>Aplica\u021bia ofer\u0103 achizi\u021bii op\u021bionale \u00een aplica\u021bie, inclusiv:<\/p>\n<ul>\n<li>Autocolante \u0219i teme premium<\/li>\n<li>Unele instrumente avansate de descoperire social\u0103<\/li>\n<li>Add-ons pentru personalizare<\/li>\n<\/ul>\n<p>Cu toate acestea, niciunul dintre acestea nu este necesar pentru a beneficia de experien\u021ba complet\u0103 a apelurilor video \u0219i a mesageriei.<\/p>\n<h2>Cine utilizeaz\u0103 JusTalk?<\/h2>\n<p>JusTalk are o baz\u0103 larg\u0103 \u0219i global\u0103 de utilizatori, inclusiv:<\/p>\n<ul>\n<li>Intervalul de v\u00e2rst\u0103: Adolescen\u021bi, tineri adul\u021bi \u0219i familii (18-35 este cea mai activ\u0103 categorie demografic\u0103, de\u0219i JusTalk Kids vizeaz\u0103 separat utilizatorii sub 18 ani)<\/li>\n<li>Loca\u021bii: Popular \u00een Statele Unite, Europa, India, Asia de Sud-Est \u0219i America Latin\u0103<\/li>\n<li>Tipuri de utilizatori: Prieteni, familii, studen\u021bi, c\u0103l\u0103tori \u0219i persoane interesate s\u0103 cunoasc\u0103 oameni noi la nivel interna\u021bional<\/li>\n<\/ul>\n<p>JusTalk se adreseaz\u0103 at\u00e2t celor care doresc un instrument de comunicare de tip WhatsApp, c\u00e2t \u0219i celor care apreciaz\u0103 caracterul aleatoriu al \u00eent\u00e2lnirii cu persoane necunoscute \u00een stilul Omegle.<\/p>\n<h2>Siguran\u021b\u0103, confiden\u021bialitate \u0219i moderare<\/h2>\n<p>Ca \u00een cazul oric\u0103rei aplica\u021bii sociale, siguran\u021ba este un aspect important. JusTalk \u00eencorporeaz\u0103 mai multe m\u0103suri pentru a proteja utilizatorii:<\/p>\n<h3>Confiden\u021bialitate<\/h3>\n<ul>\n<li>Criptare end-to-end a apelurilor \u0219i mesajelor<\/li>\n<li>Nu este necesar un num\u0103r de telefon pentru \u00eenregistrare - v\u0103 pute\u021bi \u00eenregistra prin e-mail sau conturi sociale<\/li>\n<li>Conversa\u021biile nu sunt stocate sau f\u0103cute publice<\/li>\n<\/ul>\n<h3>Modera\u021bie<\/h3>\n<ul>\n<li>Func\u021bii de raportare \u0219i blocare disponibile \u00een chat-urile private \u0219i \u00een camerele publice<\/li>\n<li>Potrivire aleatorie filtrat\u0103 pentru a reduce expunerea la spam \u0219i con\u021binut necorespunz\u0103tor<\/li>\n<li>JusTalk Kids ofer\u0103 un mediu mai sigur, monitorizat pentru utilizatorii minori<\/li>\n<\/ul>\n<h3>Sfaturi pentru utilizatori<\/h3>\n<ul>\n<li>Nu \u00eemp\u0103rt\u0103\u0219i\u021bi niciodat\u0103 informa\u021bii personale sensibile \u00een chat-uri aleatorii<\/li>\n<li>Utiliza\u021bi cu generozitate instrumentele de blocare\/raportare dac\u0103 observa\u021bi un comportament suspect<\/li>\n<li>R\u0103m\u00e2ne\u021bi la JusTalk Kids dac\u0103 configura\u021bi conturi pentru copii<\/li>\n<\/ul>\n<h2>Experien\u021ba \u0219i designul utilizatorului<\/h2>\n<p>Interfa\u021ba JusTalk este colorat\u0103, modern\u0103 \u0219i u\u0219or de utilizat. Aceasta echilibreaz\u0103 func\u021bionalitatea cu o atmosfer\u0103 juc\u0103u\u0219\u0103:<\/p>\n<ul>\n<li>Navigare: Filele pentru apeluri, mesaje \u0219i comunitate sunt clar separate<\/li>\n<li>Design: Culorile vii, autocolantele de desene animate \u0219i estetica distractiv\u0103 se adreseaz\u0103 publicului t\u00e2n\u0103r<\/li>\n<li>Performan\u021b\u0103: Apelurile sunt fluente \u0219i stabile, chiar \u0219i pe re\u021belele mai lente<\/li>\n<li>Extras: Doodles, teme \u0219i reac\u021bii live men\u021bin conversa\u021biile pline de via\u021b\u0103<\/li>\n<\/ul>\n<p>At\u00e2t pe iOS, c\u00e2t \u0219i pe Android, JusTalk func\u021bioneaz\u0103 bine, cu actualiz\u0103ri frecvente \u0219i suport pentru cele mai recente dispozitive.<\/p>\n<h2>JusTalk vs alte platforme de chat video<\/h2>\n<p>Cum se compar\u0103 JusTalk cu aplica\u021biile populare de mesagerie \u0219i chat video?<\/p>\n<table>\n<thead>\n<tr>\n<th>Caracteristic\u0103<\/th>\n<th>JusTalk<\/th>\n<th>WhatsApp<\/th>\n<th>Zoom<\/th>\n<th>Maimu\u021b\u0103<\/th>\n<th>Azar<\/th>\n<\/tr>\n<\/thead>\n<tbody>\n<tr>\n<td>Apeluri individuale gratuite<\/td>\n<td>Da<\/td>\n<td>Da<\/td>\n<td>Nu<\/td>\n<td>Da<\/td>\n<td>Da<\/td>\n<\/tr>\n<tr>\n<td>Apeluri de grup gratuite<\/td>\n<td>Da<\/td>\n<td>Da<\/td>\n<td>Nu (pl\u0103tit)<\/td>\n<td>Da<\/td>\n<td>Da<\/td>\n<\/tr>\n<tr>\n<td>Descoperire social\u0103<\/td>\n<td>Da<\/td>\n<td>Nu<\/td>\n<td>Nu<\/td>\n<td>Da<\/td>\n<td>Da<\/td>\n<\/tr>\n<tr>\n<td>Doodles &amp; Fun Caracteristici<\/td>\n<td>Da<\/td>\n<td>Nu<\/td>\n<td>Nu<\/td>\n<td>limitat\u0103<\/td>\n<td>Da<\/td>\n<\/tr>\n<tr>\n<td>Versiunea pentru copii<\/td>\n<td>Da<\/td>\n<td>Nu<\/td>\n<td>Nu<\/td>\n<td>Nu<\/td>\n<td>Nu<\/td>\n<\/tr>\n<tr>\n<td>Proiectare mobil\u0103 \u00een primul r\u00e2nd<\/td>\n<td>Da<\/td>\n<td>Da<\/td>\n<td>limitat\u0103<\/td>\n<td>Da<\/td>\n<td>Da<\/td>\n<\/tr>\n<\/tbody>\n<\/table>\n<p>Rezumat: JusTalk combin\u0103 punctele forte ale comunic\u0103rii din WhatsApp cu aspectele de descoperire social\u0103 din Monkey \u0219i Azar, oferind \u00een acela\u0219i timp caracteristici juc\u0103u\u0219e precum m\u00e2zg\u0103liturile \u0219i JusTalk Kids pentru utilizarea \u00een familie.<\/p>\n<h2>Avantaje \u0219i dezavantaje<\/h2>\n<p>Avantaje:<\/p>\n<ul>\n<li>Apeluri video gratuite, nelimitate, unu-la-unu \u0219i de grup<\/li>\n<li>Suplimente distractive, cum ar fi m\u00e2zg\u0103leli, autocolante \u0219i teme<\/li>\n<li>Chat aleatoriu \u0219i camere comunitare pentru a cunoa\u0219te oameni noi<\/li>\n<li>Compatibilitate \u00eentre platforme (iOS, Android, web)<\/li>\n<li>JusTalk Kids ofer\u0103 o op\u021biune sigur\u0103 pentru copii<\/li>\n<li>Criptarea end-to-end asigur\u0103 confiden\u021bialitatea<\/li>\n<\/ul>\n<p>Cons:<\/p>\n<ul>\n<li>Unele caracteristici avansate blocate \u00een spatele achizi\u021biilor \u00een aplica\u021bie<\/li>\n<li>Camerele comunitare pot atrage spameri sau utilizatori nepotrivi\u021bi<\/li>\n<li>Mai pu\u021bin popular dec\u00e2t WhatsApp sau Zoom pentru comunicare pur\u0103<\/li>\n<li>Designul mai t\u00e2n\u0103r \u0219i juc\u0103u\u0219 poate s\u0103 nu fie pe placul utilizatorilor mai \u00een v\u00e2rst\u0103<\/li>\n<\/ul>\n<h2>Cazuri ideale de utilizare<\/h2>\n<p>JusTalk este perfect pentru:<\/p>\n<ul>\n<li>Prieteni \u0219i familii care doresc o alternativ\u0103 gratuit\u0103 \u0219i distractiv\u0103 la WhatsApp sau FaceTime<\/li>\n<li>Studen\u021bi \u0219i tineri adul\u021bi care doresc s\u0103 discute la \u00eent\u00e2mplare sau s\u0103 socializeze la nivel global<\/li>\n<li>C\u0103l\u0103tori \u0219i expatria\u021bi care doresc s\u0103 r\u0103m\u00e2n\u0103 conecta\u021bi la nivel interna\u021bional<\/li>\n<li>P\u0103rin\u021bii \u0219i copiii folosesc JusTalk Kids pentru apeluri video sigure, \u00een familie<\/li>\n<\/ul>\n<p>Mai pu\u021bin ideal pentru:<\/p>\n<ul>\n<li>Utilizatorii care doresc apeluri video profesionale sau corporative (Zoom sau Teams sunt mai bune aici)<\/li>\n<li>Persoane care doresc platforme de chat pur anonime, f\u0103r\u0103 profil<\/li>\n<li>Adul\u021bi neinteresa\u021bi de autocolante, m\u00e2zg\u0103leli sau caracteristici juc\u0103u\u0219e<\/li>\n<\/ul>\n<p>JusTalk este o aplica\u021bie versatil\u0103 de chat video care \u00eembin\u0103 cu succes comunicarea fiabil\u0103 cu descoperirea social\u0103 juc\u0103u\u0219\u0103. Spre deosebire de WhatsApp sau Zoom, JusTalk nu se opre\u0219te doar la a v\u0103 conecta cu persoanele pe care le cunoa\u0219te\u021bi deja - v\u0103 ofer\u0103, de asemenea, instrumente pentru a cunoa\u0219te str\u0103ini, pentru a v\u0103 al\u0103tura comunit\u0103\u021bilor \u0219i pentru a v\u0103 distra \u00een timpul chat-ului.<\/p>\n<p>Cu apeluri video gratuite \u0219i nelimitate, compatibilitate \u00eentre platforme \u0219i extraop\u021biuni unice, cum ar fi m\u00e2zg\u0103lirea, JusTalk este una dintre cele mai atractive aplica\u021bii de comunicare social\u0103 disponibile \u00een 2025. Ad\u0103uga\u021bi la aceasta aplica\u021bia JusTalk Kids pentru publicul t\u00e2n\u0103r \u0219i este clar c\u0103 platforma are o atrac\u021bie larg\u0103.<\/p>\n<p>Dac\u0103 sunte\u021bi \u00een c\u0103utarea unui mod gratuit, distractiv \u0219i global de a v\u0103 conecta at\u00e2t cu prietenii, c\u00e2t \u0219i cu str\u0103inii, JusTalk merit\u0103 neap\u0103rat \u00eencercat.<\/p>","protected":false},"excerpt":{"rendered":"<p>In a crowded market of messaging and video chat apps, very few manage to strike a balance between being a reliable communication tool and a fun social discovery platform. JusTalk is one of the exceptions. Originally launched as a simple video calling app, JusTalk has evolved into a global social chat platform that lets you [&hellip;]<\/p>\n","protected":false},"author":6,"featured_media":0,"parent":0,"menu_order":0,"comment_status":"closed","ping_status":"closed","template":"","meta":{"footnotes":""},"class_list":["post-13016","page","type-page","status-publish","hentry"],"yoast_head":"<!-- This site is optimized with the Yoast SEO plugin v27.4 - https:\/\/yoast.com\/product\/yoast-seo-wordpress\/ -->\n<title>Justalk - Free 1v1 Video Call &amp; Video Chat App - StrangerCam.com<\/title>\n<meta name=\"description\" content=\"Like Justalk? Come chat with more than 5.000.000 strangers on Strangercam for Free! Turn on your cam and find new friends &amp; maby a match!\" \/>\n<meta name=\"robots\" content=\"index, follow, max-snippet:-1, max-image-preview:large, max-video-preview:-1\" \/>\n<link rel=\"canonical\" href=\"https:\/\/strangercam.com\/ro\/justalk\/\" \/>\n<meta property=\"og:locale\" content=\"ro_RO\" \/>\n<meta property=\"og:type\" content=\"article\" \/>\n<meta property=\"og:title\" content=\"Justalk - Free 1v1 Video Call &amp; Video Chat App - StrangerCam.com\" \/>\n<meta property=\"og:description\" content=\"Like Justalk? Come chat with more than 5.000.000 strangers on Strangercam for Free! Turn on your cam and find new friends &amp; maby a match!\" \/>\n<meta property=\"og:url\" content=\"https:\/\/strangercam.com\/ro\/justalk\/\" \/>\n<meta property=\"og:site_name\" content=\"Strangercam\" \/>\n<meta property=\"article:publisher\" content=\"https:\/\/www.facebook.com\/strangercam\" \/>\n<meta property=\"og:image\" content=\"https:\/\/strangercam.com\/wp-content\/uploads\/2021\/10\/Untitled-2.png\" \/>\n\t<meta property=\"og:image:width\" content=\"800\" \/>\n\t<meta property=\"og:image:height\" content=\"532\" \/>\n\t<meta property=\"og:image:type\" content=\"image\/png\" \/>\n<meta name=\"twitter:card\" content=\"summary_large_image\" \/>\n<meta name=\"twitter:site\" content=\"@strangercamapp\" \/>\n<meta name=\"twitter:label1\" content=\"Timp estimat pentru citire\" \/>\n\t<meta name=\"twitter:data1\" content=\"6 minute\" \/>\n<script type=\"application\/ld+json\" class=\"yoast-schema-graph\">{\"@context\":\"https:\\\/\\\/schema.org\",\"@graph\":[{\"@type\":\"WebPage\",\"@id\":\"https:\\\/\\\/strangercam.com\\\/justalk\\\/\",\"url\":\"https:\\\/\\\/strangercam.com\\\/justalk\\\/\",\"name\":\"Justalk - Free 1v1 Video Call & Video Chat App - StrangerCam.com\",\"isPartOf\":{\"@id\":\"https:\\\/\\\/strangercam.com\\\/#website\"},\"datePublished\":\"2025-09-10T09:45:42+00:00\",\"description\":\"Like Justalk? Come chat with more than 5.000.000 strangers on Strangercam for Free! Turn on your cam and find new friends & maby a match!\",\"breadcrumb\":{\"@id\":\"https:\\\/\\\/strangercam.com\\\/justalk\\\/#breadcrumb\"},\"inLanguage\":\"ro-RO\",\"potentialAction\":[{\"@type\":\"ReadAction\",\"target\":[\"https:\\\/\\\/strangercam.com\\\/justalk\\\/\"]}]},{\"@type\":\"BreadcrumbList\",\"@id\":\"https:\\\/\\\/strangercam.com\\\/justalk\\\/#breadcrumb\",\"itemListElement\":[{\"@type\":\"ListItem\",\"position\":1,\"name\":\"Home\",\"item\":\"https:\\\/\\\/strangercam.com\\\/\"},{\"@type\":\"ListItem\",\"position\":2,\"name\":\"Justalk\"}]},{\"@type\":\"WebSite\",\"@id\":\"https:\\\/\\\/strangercam.com\\\/#website\",\"url\":\"https:\\\/\\\/strangercam.com\\\/\",\"name\":\"Strangercam\",\"description\":\"Random Video Chat with Strangers\",\"publisher\":{\"@id\":\"https:\\\/\\\/strangercam.com\\\/#organization\"},\"alternateName\":\"Strangercam.com\",\"potentialAction\":[{\"@type\":\"SearchAction\",\"target\":{\"@type\":\"EntryPoint\",\"urlTemplate\":\"https:\\\/\\\/strangercam.com\\\/?s={search_term_string}\"},\"query-input\":{\"@type\":\"PropertyValueSpecification\",\"valueRequired\":true,\"valueName\":\"search_term_string\"}}],\"inLanguage\":\"ro-RO\"},{\"@type\":\"Organization\",\"@id\":\"https:\\\/\\\/strangercam.com\\\/#organization\",\"name\":\"Strangercam\",\"alternateName\":\"Strangercam.com\",\"url\":\"https:\\\/\\\/strangercam.com\\\/\",\"logo\":{\"@type\":\"ImageObject\",\"inLanguage\":\"ro-RO\",\"@id\":\"https:\\\/\\\/strangercam.com\\\/#\\\/schema\\\/logo\\\/image\\\/\",\"url\":\"https:\\\/\\\/strangercam.com\\\/wp-content\\\/uploads\\\/2020\\\/11\\\/cropped-new-favicon-black.png\",\"contentUrl\":\"https:\\\/\\\/strangercam.com\\\/wp-content\\\/uploads\\\/2020\\\/11\\\/cropped-new-favicon-black.png\",\"width\":512,\"height\":512,\"caption\":\"Strangercam\"},\"image\":{\"@id\":\"https:\\\/\\\/strangercam.com\\\/#\\\/schema\\\/logo\\\/image\\\/\"},\"sameAs\":[\"https:\\\/\\\/www.facebook.com\\\/strangercam\",\"https:\\\/\\\/x.com\\\/strangercamapp\"]}]}<\/script>\n<!-- \/ Yoast SEO plugin. -->","yoast_head_json":{"title":"Justalk - Apel video 1v1 gratuit \u0219i aplica\u021bie de chat video - StrangerCam.com","description":"\u00ce\u021bi place Justalk? Vino s\u0103 vorbe\u0219ti cu mai mult de 5.000.000 de str\u0103ini pe Strangercam Gratuit! Porne\u0219te-\u021bi camera \u0219i g\u0103se\u0219te prieteni noi \u0219i poate o pereche!","robots":{"index":"index","follow":"follow","max-snippet":"max-snippet:-1","max-image-preview":"max-image-preview:large","max-video-preview":"max-video-preview:-1"},"canonical":"https:\/\/strangercam.com\/ro\/justalk\/","og_locale":"ro_RO","og_type":"article","og_title":"Justalk - Free 1v1 Video Call & Video Chat App - StrangerCam.com","og_description":"Like Justalk? Come chat with more than 5.000.000 strangers on Strangercam for Free! Turn on your cam and find new friends & maby a match!","og_url":"https:\/\/strangercam.com\/ro\/justalk\/","og_site_name":"Strangercam","article_publisher":"https:\/\/www.facebook.com\/strangercam","og_image":[{"width":800,"height":532,"url":"https:\/\/strangercam.com\/wp-content\/uploads\/2021\/10\/Untitled-2.png","type":"image\/png"}],"twitter_card":"summary_large_image","twitter_site":"@strangercamapp","twitter_misc":{"Timp estimat pentru citire":"6 minute"},"schema":{"@context":"https:\/\/schema.org","@graph":[{"@type":"WebPage","@id":"https:\/\/strangercam.com\/justalk\/","url":"https:\/\/strangercam.com\/justalk\/","name":"Justalk - Apel video 1v1 gratuit \u0219i aplica\u021bie de chat video - StrangerCam.com","isPartOf":{"@id":"https:\/\/strangercam.com\/#website"},"datePublished":"2025-09-10T09:45:42+00:00","description":"\u00ce\u021bi place Justalk? Vino s\u0103 vorbe\u0219ti cu mai mult de 5.000.000 de str\u0103ini pe Strangercam Gratuit! Porne\u0219te-\u021bi camera \u0219i g\u0103se\u0219te prieteni noi \u0219i poate o pereche!","breadcrumb":{"@id":"https:\/\/strangercam.com\/justalk\/#breadcrumb"},"inLanguage":"ro-RO","potentialAction":[{"@type":"ReadAction","target":["https:\/\/strangercam.com\/justalk\/"]}]},{"@type":"BreadcrumbList","@id":"https:\/\/strangercam.com\/justalk\/#breadcrumb","itemListElement":[{"@type":"ListItem","position":1,"name":"Home","item":"https:\/\/strangercam.com\/"},{"@type":"ListItem","position":2,"name":"Justalk"}]},{"@type":"WebSite","@id":"https:\/\/strangercam.com\/#website","url":"https:\/\/strangercam.com\/","name":"Strangercam","description":"Chat video aleatoriu cu str\u0103ini","publisher":{"@id":"https:\/\/strangercam.com\/#organization"},"alternateName":"Strangercam.com","potentialAction":[{"@type":"SearchAction","target":{"@type":"EntryPoint","urlTemplate":"https:\/\/strangercam.com\/?s={search_term_string}"},"query-input":{"@type":"PropertyValueSpecification","valueRequired":true,"valueName":"search_term_string"}}],"inLanguage":"ro-RO"},{"@type":"Organization","@id":"https:\/\/strangercam.com\/#organization","name":"Strangercam","alternateName":"Strangercam.com","url":"https:\/\/strangercam.com\/","logo":{"@type":"ImageObject","inLanguage":"ro-RO","@id":"https:\/\/strangercam.com\/#\/schema\/logo\/image\/","url":"https:\/\/strangercam.com\/wp-content\/uploads\/2020\/11\/cropped-new-favicon-black.png","contentUrl":"https:\/\/strangercam.com\/wp-content\/uploads\/2020\/11\/cropped-new-favicon-black.png","width":512,"height":512,"caption":"Strangercam"},"image":{"@id":"https:\/\/strangercam.com\/#\/schema\/logo\/image\/"},"sameAs":["https:\/\/www.facebook.com\/strangercam","https:\/\/x.com\/strangercamapp"]}]}},"_links":{"self":[{"href":"https:\/\/strangercam.com\/ro\/wp-json\/wp\/v2\/pages\/13016","targetHints":{"allow":["GET"]}}],"collection":[{"href":"https:\/\/strangercam.com\/ro\/wp-json\/wp\/v2\/pages"}],"about":[{"href":"https:\/\/strangercam.com\/ro\/wp-json\/wp\/v2\/types\/page"}],"author":[{"embeddable":true,"href":"https:\/\/strangercam.com\/ro\/wp-json\/wp\/v2\/users\/6"}],"replies":[{"embeddable":true,"href":"https:\/\/strangercam.com\/ro\/wp-json\/wp\/v2\/comments?post=13016"}],"version-history":[{"count":1,"href":"https:\/\/strangercam.com\/ro\/wp-json\/wp\/v2\/pages\/13016\/revisions"}],"predecessor-version":[{"id":13017,"href":"https:\/\/strangercam.com\/ro\/wp-json\/wp\/v2\/pages\/13016\/revisions\/13017"}],"wp:attachment":[{"href":"https:\/\/strangercam.com\/ro\/wp-json\/wp\/v2\/media?parent=13016"}],"curies":[{"name":"wp","href":"https:\/\/api.w.org\/{rel}","templated":true}]}}