{"id":12946,"date":"2025-07-28T12:00:33","date_gmt":"2025-07-28T10:00:33","guid":{"rendered":"https:\/\/strangercam.com\/?page_id=12946"},"modified":"2025-07-28T12:00:33","modified_gmt":"2025-07-28T10:00:33","slug":"zeechat","status":"publish","type":"page","link":"https:\/\/strangercam.com\/ro\/zeechat\/","title":{"rendered":"Zeechat"},"content":{"rendered":"<p>Odat\u0103 cu popularitatea continu\u0103 a chat-ului video aleatoriu, un val de noi platforme se adreseaz\u0103 utilizatorilor care caut\u0103 modalit\u0103\u021bi noi \u0219i anonime de a <a href=\"https:\/\/strangercam.com\/ro\/coomeet\/\">\u00eent\u00e2lnire<\/a> oameni din \u00eentreaga lume. Zeechat este unul dintre cei mai noi intra\u021bi pe pia\u021b\u0103, cu scopul de a recaptura senza\u021bia rapid\u0103 \u0219i spontan\u0103 a <a href=\"https:\/\/strangercam.com\/ro\/omegle\/\">Omegle<\/a> \u0219i Chatroulette - ad\u0103ug\u00e2nd \u00een acela\u0219i timp un design modern, caracteristici de siguran\u021b\u0103 robuste \u0219i compatibilitate mobil\u0103 perfect\u0103.<\/p>\n<p>Dar Zeechat chiar iese \u00een eviden\u021b\u0103 \u00eentr-un c\u00e2mp aglomerat de alternative Omegle? Este u\u0219or de utilizat, sigur \u0219i merit\u0103 timpul dumneavoastr\u0103 \u00een 2025? \u00cen aceast\u0103 revizuire aprofundat\u0103, explor\u0103m tot ce trebuie s\u0103 \u0219ti\u021bi: cum func\u021bioneaz\u0103 Zeechat, caracteristicile sale cheie, instrumentele de siguran\u021b\u0103, baza de utilizatori \u0219i cum se compar\u0103 cu concuren\u021bii de top din spa\u021biul de chat video aleatoriu.<\/p>\n<h2>Ce este Zeechat?<\/h2>\n<p>Zeechat este un site de chat video aleatoriu bazat pe browser, care conecteaz\u0103 instantaneu utilizatorii pentru conversa\u021bii unu-la-unu de la camer\u0103 la camer\u0103 cu str\u0103ini din \u00eentreaga lume. Ca \u0219i Omegle original, Zeechat pune accentul pe anonimat, vitez\u0103 \u0219i simplitate - nu exist\u0103 \u00eenregistrare, nu trebuie desc\u0103rcat\u0103 nicio aplica\u021bie \u0219i nu sunt necesare informa\u021bii personale.<\/p>\n<p>Cu un singur clic, utilizatorii sunt potrivi\u021bi pentru un chat video privat. Fie c\u0103 dori\u021bi s\u0103 flirta\u021bi, s\u0103 v\u0103 face\u021bi prieteni, s\u0103 exersa\u021bi limbi str\u0103ine sau pur \u0219i simplu s\u0103 v\u0103 bucura\u021bi de socializarea ocazional\u0103, Zeechat face totul u\u0219or \u0219i accesibil, p\u0103str\u00e2ndu-v\u0103 identitatea privat\u0103.<\/p>\n<h2>Care este scopul Zeechat?<\/h2>\n<p>Misiunea principal\u0103 a Zeechat este de a revigora entuziasmul \u00eent\u00e2lnirilor online anonime, f\u0103r\u0103 scenariu, reunind oameni din culturi \u0219i medii diferite pentru chat live, fa\u021b\u0103 \u00een fa\u021b\u0103. Zeechat iese \u00een eviden\u021b\u0103 din mai multe motive:<\/p>\n<ul>\n<li>Anonimat adev\u0103rat: Nu sunt necesare conturi, nume de utilizator sau detalii personale<\/li>\n<li>Conexiuni instantanee: Potrivire rapid\u0103 cu persoane necunoscute, f\u0103r\u0103 s\u0103li de a\u0219teptare<\/li>\n<li>Design modern, preg\u0103tit pentru mobil: O interfa\u021b\u0103 curat\u0103, receptiv\u0103 pentru orice dispozitiv<\/li>\n<li>Abordare axat\u0103 pe siguran\u021b\u0103: Moderare proactiv\u0103 \u0219i instrumente de raportare u\u0219or de utilizat<\/li>\n<\/ul>\n<p>Indiferent dac\u0103 sunte\u021bi \u00een c\u0103utarea unei conversa\u021bii autentice, a unui schimb cultural, a unui flirt u\u0219or sau pur \u0219i simplu pentru a v\u0103 distra de la plictiseal\u0103, Zeechat ofer\u0103 o modalitate f\u0103r\u0103 bariere de a v\u0103 conecta cu lumea.<\/p>\n<h2>Caracteristici principale<\/h2>\n<p>1. Chat video instantaneu aleatoriu<br \/>\n\u00cen centrul Zeechat se afl\u0103 potrivirea video unu-la-unu. Face\u021bi clic pe \"Start Chat\", permite\u021bi accesul la camer\u0103 \u0219i microfon \u0219i sunte\u021bi \u00eemperecheat cu un alt utilizator de oriunde de pe glob, f\u0103r\u0103 a fi nevoie de log\u0103ri sau desc\u0103rc\u0103ri.<\/p>\n<p>2. Op\u021biunea chat text<br \/>\nPentru cei care se feresc de camer\u0103, au conexiuni lente sau pur \u0219i simplu prefer\u0103 s\u0103 tasteze, Zeechat v\u0103 permite s\u0103 trimite\u021bi mesaje \u00een paralel cu video. Acest mod dual este perfect pentru a sparge ghea\u021ba sau pentru a reduce diferen\u021bele lingvistice.<\/p>\n<p>3. Butonul de s\u0103ritur\u0103 rapid\u0103\/\u00een continuare<br \/>\nDac\u0103 o conversa\u021bie nu este stilul t\u0103u, apas\u0103 pur \u0219i simplu pe \"Urm\u0103torul\" pentru a trece mai departe. Motorul de potrivire al Zeechat asigur\u0103 o \u00eent\u00e2rziere minim\u0103 \u00eentre conversa\u021bii, men\u021bin\u00e2nd experien\u021ba distractiv\u0103 \u0219i dinamic\u0103.<\/p>\n<p>4. 100% Gratuit &amp; F\u0103r\u0103 \u00eenregistrare<br \/>\nToate func\u021biile sunt disponibile gratuit, f\u0103r\u0103 \u00eenregistrare sau proces de \u00eenscriere. Acest lucru asigur\u0103 confiden\u021bialitate maxim\u0103 \u0219i o experien\u021b\u0103 de utilizare f\u0103r\u0103 fric\u021biuni.<\/p>\n<p>5. Design modern, prietenos cu mobilul<br \/>\nInterfa\u021ba Zeechat este receptiv\u0103 \u0219i optimizat\u0103 pentru atingere, oferind aceea\u0219i performan\u021b\u0103 fluid\u0103 pe smartphone-uri, tablete \u0219i desktop-uri.<\/p>\n<p>6. Instrumente integrate de moderare \u0219i raportare<br \/>\nPentru a men\u021bine Zeechat sigur \u0219i primitor, fiecare chat include un buton vizibil \"Raporteaz\u0103\". Utilizatorii pot semnala instantaneu orice comportament inadecvat, \u00een timp ce moderatorii \u0219i instrumentele bazate pe inteligen\u021b\u0103 artificial\u0103 monitorizeaz\u0103 abuzurile sau \u00eenc\u0103lc\u0103rile con\u021binutului.<\/p>\n<p>7. Baza multina\u021bional\u0103 de utilizatori<br \/>\nCu utilizatori din zeci de \u021b\u0103ri online 24 de ore din 24, 7 zile din 7, Zeechat este un creuzet de culturi, ceea ce \u00eel face o platform\u0103 excelent\u0103 pentru practicarea limbii \u0219i prietenie interna\u021bional\u0103.<\/p>\n<h2>Zeechat este gratuit?<\/h2>\n<p>Da, Zeechat este 100% gratuit de utilizat. Nu exist\u0103 taxe ascunse, abonamente sau ziduri de plat\u0103 pentru chat video sau text de baz\u0103. Platforma poate rula reclame u\u0219oare, discrete, pentru a sus\u021bine costurile, dar acestea nu blocheaz\u0103 sau nu degradeaz\u0103 niciodat\u0103 experien\u021ba principal\u0103 de chat.<\/p>\n<p>To\u021bi utilizatorii au acces egal la:<\/p>\n<ul>\n<li>Sesiuni nelimitate de chat video \u0219i text<\/li>\n<li>S\u0103rire\/Func\u021bionalitate urm\u0103toare<\/li>\n<li>Instrumente de raportare \u0219i blocare<\/li>\n<li>Suport complet pentru desktop \u0219i mobil<\/li>\n<\/ul>\n<h2>Cine utilizeaz\u0103 Zeechat?<\/h2>\n<p>Abordarea simpl\u0103, f\u0103r\u0103 bariere a Zeechat atrage un public interna\u021bional larg, inclusiv:<\/p>\n<ul>\n<li>V\u00e2rste: \u00cen primul r\u00e2nd adul\u021bi \u00eentre 18 \u0219i 35 de ani, cu cerin\u021be stricte de peste 18 ani<\/li>\n<li>Geografie: Utilizatori din America de Nord, Europa, India, Asia de Sud-Est, Brazilia \u0219i nu numai<\/li>\n<li>Interese: Faceri de noi prieteni, schimb de limbi str\u0103ine, flirt, socializare \u0219i divertisment<\/li>\n<\/ul>\n<p>Platforma se adreseaz\u0103 studen\u021bilor, c\u0103l\u0103torilor, nomazilor digitali \u0219i tuturor celor care caut\u0103 conversa\u021bii autentice sau u\u0219oare \u00een afara cercului lor social obi\u0219nuit.<\/p>\n<p>Ca \u00een cazul celor mai multe <a href=\"https:\/\/strangercam.com\/ro\/bazoocam\/\">came<\/a> exist\u0103, de obicei, mai mul\u021bi b\u0103rba\u021bi dec\u00e2t femei, dar echilibrul de gen se \u00eembun\u0103t\u0103\u021be\u0219te \u00eencet pe m\u0103sur\u0103 ce cre\u0219te reputa\u021bia platformei.<\/p>\n<h2>Siguran\u021b\u0103, confiden\u021bialitate \u0219i moderare<\/h2>\n<p>Zeechat pune un accent puternic pe siguran\u021ba \u0219i confiden\u021bialitatea utilizatorului, cu c\u00e2teva m\u0103suri importante:<\/p>\n<h3>Confiden\u021bialitate<\/h3>\n<ul>\n<li>Nu este nevoie de \u00eenregistrare, e-mailuri sau date personale<\/li>\n<li>Nu sunt salvate, stocate sau c\u0103utate chat-uri<\/li>\n<li>Accesul la camera web \u0219i la microfon este bazat pe sesiune \u0219i se afl\u0103 \u00eentotdeauna sub controlul dvs.<\/li>\n<\/ul>\n<h3>Modera\u021bie<\/h3>\n<ul>\n<li>Raportare \u00een chat: Semnaliza\u021bi instantaneu utilizatorii abuzivi sau nepotrivi\u021bi<\/li>\n<li>Monitorizarea con\u021binutului cu ajutorul inteligen\u021bei artificiale: Detecteaz\u0103 nuditate \u0219i \u00eenc\u0103lc\u0103ri ale politicilor \u00een timp real<\/li>\n<li>Moderatori umani activi: Revizui\u021bi rapoartele \u0219i aplica\u021bi interdic\u021bii recidivi\u0219tilor<\/li>\n<\/ul>\n<h3>Cele mai bune practici pentru utilizatori<\/h3>\n<ul>\n<li>Nu \u00eemp\u0103rt\u0103\u0219i\u021bi niciodat\u0103 detalii personale \u00een chat<\/li>\n<li>Utiliza\u021bi \u00een mod liber butoanele \"Urm\u0103torul\" \u0219i \"Raport\"<\/li>\n<li>L\u0103sa\u021bi sau s\u0103ri\u021bi peste orice conversa\u021bie care v\u0103 face s\u0103 v\u0103 sim\u021bi\u021bi inconfortabil<\/li>\n<li>Zeechat este strict pentru adul\u021bi (18+)<\/li>\n<\/ul>\n<h2>Experien\u021ba \u0219i designul utilizatorului<\/h2>\n<p>Designul Zeechat este modern, simplu \u0219i foarte intuitiv:<\/p>\n<ul>\n<li>Pagina de pornire ofer\u0103 un buton \u00eendr\u0103zne\u021b \"Start Chat\" cu informa\u021bii despre confiden\u021bialitate \u0219i siguran\u021b\u0103<\/li>\n<li>Ferestrele video sunt mari \u0219i clare, cu comenzi vizibile pentru s\u0103rituri, muting \u0219i raportare<\/li>\n<li>Site-ul se \u00eencarc\u0103 rapid \u0219i face tranzi\u021bii f\u0103r\u0103 probleme \u00eentre chat-uri, cu un decalaj minim<\/li>\n<li>Versiunile mobile \u0219i desktop ofer\u0103 acelea\u0219i caracteristici \u0219i performan\u021be fiabile<\/li>\n<\/ul>\n<p>Nu exist\u0103 pop-up-uri, reclame agresive sau meniuri complicate, ceea ce face ca Zeechat s\u0103 fie u\u0219or de utilizat at\u00e2t pentru chaterii noi, c\u00e2t \u0219i pentru cei experimenta\u021bi.<\/p>\n<h2>Zeechat vs alte platforme de chat video aleatorii<\/h2>\n<p>Cum se situeaz\u0103 Zeechat fa\u021b\u0103 de alte site-uri de chat aleatorii?<\/p>\n<table>\n<thead>\n<tr>\n<th>Caracteristic\u0103<\/th>\n<th>Zeechat<\/th>\n<th>Omegle (\u00eenchis)<\/th>\n<th>Ohmegle<\/th>\n<th>Chaty<\/th>\n<th><a href=\"https:\/\/strangercam.com\/ro\/ometv\/\">OmeTV<\/a><\/th>\n<th>Lotta<\/th>\n<\/tr>\n<\/thead>\n<tbody>\n<tr>\n<td>Chat video<\/td>\n<td>Da<\/td>\n<td>Da<\/td>\n<td>Da<\/td>\n<td>Da<\/td>\n<td>Da<\/td>\n<td>Da<\/td>\n<\/tr>\n<tr>\n<td>Chat text<\/td>\n<td>Da<\/td>\n<td>Da<\/td>\n<td>Da<\/td>\n<td>Da<\/td>\n<td>Da<\/td>\n<td>Da<\/td>\n<\/tr>\n<tr>\n<td>\u00cenregistrare necesar\u0103<\/td>\n<td>Nu<\/td>\n<td>Nu<\/td>\n<td>Nu<\/td>\n<td>Nu<\/td>\n<td>Nu<\/td>\n<td>Nu<\/td>\n<\/tr>\n<tr>\n<td>Asisten\u021b\u0103 mobil\u0103<\/td>\n<td>Excelent\u0103<\/td>\n<td>Slab\u0103<\/td>\n<td>Excelent\u0103<\/td>\n<td>Excelent\u0103<\/td>\n<td>Bun<\/td>\n<td>Excelent\u0103<\/td>\n<\/tr>\n<tr>\n<td>Instrumente de moderare<\/td>\n<td>Puternic<\/td>\n<td>Slab<\/td>\n<td>Moderat<\/td>\n<td>Moderat<\/td>\n<td>Puternic<\/td>\n<td>Bun<\/td>\n<\/tr>\n<tr>\n<td>Utilizare gratuit\u0103<\/td>\n<td>Da<\/td>\n<td>Da<\/td>\n<td>Da<\/td>\n<td>Da<\/td>\n<td>Da\/Paid<\/td>\n<td>Da<\/td>\n<\/tr>\n<tr>\n<td>Filtre de gen\/regiune<\/td>\n<td>Nu<\/td>\n<td>Nu<\/td>\n<td>Nu<\/td>\n<td>Nu<\/td>\n<td>Pl\u0103tite<\/td>\n<td>Nu<\/td>\n<\/tr>\n<\/tbody>\n<\/table>\n<p>Rezumat: Punctele forte ale Zeechat sunt interfa\u021ba sa modern\u0103 \u0219i minimalist\u0103, potrivirea rapid\u0103 \u0219i experien\u021ba accesibil\u0103, complet anonim\u0103. De\u0219i nu ofer\u0103 filtre avansate sau avantaje premium, este una dintre cele mai simple modalit\u0103\u021bi de a conversa anonim cu persoane noi oriunde \u0219i oric\u00e2nd.<\/p>\n<h2>Avantaje \u0219i dezavantaje<\/h2>\n<p>Avantaje:<\/p>\n<ul>\n<li>100% acces gratuit, instant, f\u0103r\u0103 \u00eenregistrare<\/li>\n<li>Anonimat \u0219i controale stricte ale confiden\u021bialit\u0103\u021bii<\/li>\n<li>Chat video \u0219i text rapid \u0219i stabil<\/li>\n<li>Interfa\u021b\u0103 modern\u0103, prietenoas\u0103 cu mobilul<\/li>\n<li>Moderare robust\u0103 \u0219i raportare a utilizatorilor<\/li>\n<li>Baza de utilizatori interna\u021bional\u0103, multicultural\u0103<\/li>\n<\/ul>\n<p>Cons:<\/p>\n<ul>\n<li>F\u0103r\u0103 filtre de gen sau regiune (potrivirea este complet aleatorie)<\/li>\n<li>con\u021binut inadecvat ocazional (comun tuturor site-urilor de chat anonime)<\/li>\n<li>Mai mul\u021bi utilizatori b\u0103rba\u021bi dec\u00e2t femei<\/li>\n<li>F\u0103r\u0103 profiluri de utilizator sau istoric de chat<\/li>\n<li>Nu exist\u0103 nicio modalitate de reconectare cu utilizatorii anteriori<\/li>\n<\/ul>\n<h2>Cazuri ideale de utilizare<\/h2>\n<p>Zeechat este perfect pentru:<\/p>\n<ul>\n<li>Ventilatoare de Omegle, <a href=\"https:\/\/strangercam.com\/ro\/chatroulette\/\">Chatroulette<\/a>, sau Ohmegle \u00een c\u0103utarea unei alternative moderne, f\u0103r\u0103 complica\u021bii<\/li>\n<li>Adul\u021bi care doresc chat-uri video spontane cu persoane din \u00eentreaga lume<\/li>\n<li>\u00cenv\u0103\u021b\u0103tori de limbi str\u0103ine, c\u0103l\u0103tori \u0219i expatria\u021bi care doresc un schimb cultural autentic<\/li>\n<li>Oricine este plictisit \u0219i caut\u0103 interac\u021biune fa\u021b\u0103 \u00een fa\u021b\u0103, f\u0103r\u0103 scenariu<\/li>\n<li>Utilizatorii care apreciaz\u0103 anonimatul \u0219i nu doresc s\u0103 se \u00eenregistreze sau s\u0103 instaleze aplica\u021bii<\/li>\n<\/ul>\n<p>Mai pu\u021bin ideal pentru:<\/p>\n<ul>\n<li>Utilizatori sub 18 ani (numai adul\u021bi)<\/li>\n<li>Cei care caut\u0103 filtre specifice pentru \u00eent\u00e2lniri sau c\u0103utare de potrivire curat\u0103<\/li>\n<li>Persoane care doresc profiluri persistente sau liste de prieteni<\/li>\n<\/ul>\n<p>Zeechat este una dintre cele mai promi\u021b\u0103toare platforme noi de chat video aleatoriu din 2025, \u00eembin\u00e2nd conexiunile instantanee \u0219i anonime cu o interfa\u021b\u0103 curat\u0103 \u0219i instrumente de siguran\u021b\u0103 proactive. Aceasta aduce distrac\u021bia \u0219i entuziasmul chat-ului clasic \u00een stil Omegle unei noi genera\u021bii - pe desktop sau mobil, \u00eentotdeauna gratuit \u0219i \u00eentotdeauna privat.<\/p>\n<p>Dac\u0103 dori\u021bi s\u0103 cunoa\u0219te\u021bi oameni noi, s\u0103 v\u0103 bucura\u021bi de conversa\u021bii nescrise sau doar s\u0103 experimenta\u021bi emo\u021bia chat-ului video aleatoriu f\u0103r\u0103 probleme, Zeechat merit\u0103 neap\u0103rat \u00eencercat.<\/p>","protected":false},"excerpt":{"rendered":"<p>With the continued popularity of random video chat, a wave of new platforms is catering to users seeking fresh, anonymous ways to meet people worldwide. Zeechat is one of the newest entrants, aiming to recapture the fast, spontaneous thrill of Omegle and Chatroulette\u2014while adding modern design, robust safety features, and seamless mobile compatibility. But does [&hellip;]<\/p>\n","protected":false},"author":6,"featured_media":0,"parent":0,"menu_order":0,"comment_status":"closed","ping_status":"closed","template":"","meta":{"footnotes":""},"class_list":["post-12946","page","type-page","status-publish","hentry"],"yoast_head":"<!-- This site is optimized with the Yoast SEO plugin v27.4 - https:\/\/yoast.com\/product\/yoast-seo-wordpress\/ -->\n<title>Zeechat - Live Video Chat, Online Video Call - StrangerCam<\/title>\n<meta name=\"description\" content=\"Like Zeechat? Come chat with more than 5.000.000 strangers on Stranger Cam for Free! Turn on your cam and find new friends &amp; maby a match!\" \/>\n<meta name=\"robots\" content=\"index, follow, max-snippet:-1, max-image-preview:large, max-video-preview:-1\" \/>\n<link rel=\"canonical\" href=\"https:\/\/strangercam.com\/ro\/zeechat\/\" \/>\n<meta property=\"og:locale\" content=\"ro_RO\" \/>\n<meta property=\"og:type\" content=\"article\" \/>\n<meta property=\"og:title\" content=\"Zeechat - Live Video Chat, Online Video Call - StrangerCam\" \/>\n<meta property=\"og:description\" content=\"Like Zeechat? Come chat with more than 5.000.000 strangers on Stranger Cam for Free! Turn on your cam and find new friends &amp; maby a match!\" \/>\n<meta property=\"og:url\" content=\"https:\/\/strangercam.com\/ro\/zeechat\/\" \/>\n<meta property=\"og:site_name\" content=\"Strangercam\" \/>\n<meta property=\"article:publisher\" content=\"https:\/\/www.facebook.com\/strangercam\" \/>\n<meta property=\"og:image\" content=\"https:\/\/strangercam.com\/wp-content\/uploads\/2021\/10\/Untitled-2.png\" \/>\n\t<meta property=\"og:image:width\" content=\"800\" \/>\n\t<meta property=\"og:image:height\" content=\"532\" \/>\n\t<meta property=\"og:image:type\" content=\"image\/png\" \/>\n<meta name=\"twitter:card\" content=\"summary_large_image\" \/>\n<meta name=\"twitter:site\" content=\"@strangercamapp\" \/>\n<meta name=\"twitter:label1\" content=\"Timp estimat pentru citire\" \/>\n\t<meta name=\"twitter:data1\" content=\"6 minute\" \/>\n<script type=\"application\/ld+json\" class=\"yoast-schema-graph\">{\"@context\":\"https:\\\/\\\/schema.org\",\"@graph\":[{\"@type\":\"WebPage\",\"@id\":\"https:\\\/\\\/strangercam.com\\\/zeechat\\\/\",\"url\":\"https:\\\/\\\/strangercam.com\\\/zeechat\\\/\",\"name\":\"Zeechat - Live Video Chat, Online Video Call - StrangerCam\",\"isPartOf\":{\"@id\":\"https:\\\/\\\/strangercam.com\\\/#website\"},\"datePublished\":\"2025-07-28T10:00:33+00:00\",\"description\":\"Like Zeechat? Come chat with more than 5.000.000 strangers on Stranger Cam for Free! Turn on your cam and find new friends & maby a match!\",\"breadcrumb\":{\"@id\":\"https:\\\/\\\/strangercam.com\\\/zeechat\\\/#breadcrumb\"},\"inLanguage\":\"ro-RO\",\"potentialAction\":[{\"@type\":\"ReadAction\",\"target\":[\"https:\\\/\\\/strangercam.com\\\/zeechat\\\/\"]}]},{\"@type\":\"BreadcrumbList\",\"@id\":\"https:\\\/\\\/strangercam.com\\\/zeechat\\\/#breadcrumb\",\"itemListElement\":[{\"@type\":\"ListItem\",\"position\":1,\"name\":\"Home\",\"item\":\"https:\\\/\\\/strangercam.com\\\/\"},{\"@type\":\"ListItem\",\"position\":2,\"name\":\"Zeechat\"}]},{\"@type\":\"WebSite\",\"@id\":\"https:\\\/\\\/strangercam.com\\\/#website\",\"url\":\"https:\\\/\\\/strangercam.com\\\/\",\"name\":\"Strangercam\",\"description\":\"Random Video Chat with Strangers\",\"publisher\":{\"@id\":\"https:\\\/\\\/strangercam.com\\\/#organization\"},\"alternateName\":\"Strangercam.com\",\"potentialAction\":[{\"@type\":\"SearchAction\",\"target\":{\"@type\":\"EntryPoint\",\"urlTemplate\":\"https:\\\/\\\/strangercam.com\\\/?s={search_term_string}\"},\"query-input\":{\"@type\":\"PropertyValueSpecification\",\"valueRequired\":true,\"valueName\":\"search_term_string\"}}],\"inLanguage\":\"ro-RO\"},{\"@type\":\"Organization\",\"@id\":\"https:\\\/\\\/strangercam.com\\\/#organization\",\"name\":\"Strangercam\",\"alternateName\":\"Strangercam.com\",\"url\":\"https:\\\/\\\/strangercam.com\\\/\",\"logo\":{\"@type\":\"ImageObject\",\"inLanguage\":\"ro-RO\",\"@id\":\"https:\\\/\\\/strangercam.com\\\/#\\\/schema\\\/logo\\\/image\\\/\",\"url\":\"https:\\\/\\\/strangercam.com\\\/wp-content\\\/uploads\\\/2020\\\/11\\\/cropped-new-favicon-black.png\",\"contentUrl\":\"https:\\\/\\\/strangercam.com\\\/wp-content\\\/uploads\\\/2020\\\/11\\\/cropped-new-favicon-black.png\",\"width\":512,\"height\":512,\"caption\":\"Strangercam\"},\"image\":{\"@id\":\"https:\\\/\\\/strangercam.com\\\/#\\\/schema\\\/logo\\\/image\\\/\"},\"sameAs\":[\"https:\\\/\\\/www.facebook.com\\\/strangercam\",\"https:\\\/\\\/x.com\\\/strangercamapp\"]}]}<\/script>\n<!-- \/ Yoast SEO plugin. -->","yoast_head_json":{"title":"Zeechat - Live Video Chat, Apel video online - StrangerCam","description":"\u00ce\u021bi place Zeechat? Vino s\u0103 vorbe\u0219ti cu mai mult de 5.000.000 de str\u0103ini pe Stranger Cam gratuit! Porne\u0219te-\u021bi camera \u0219i g\u0103se\u0219te prieteni noi \u0219i poate o pereche!","robots":{"index":"index","follow":"follow","max-snippet":"max-snippet:-1","max-image-preview":"max-image-preview:large","max-video-preview":"max-video-preview:-1"},"canonical":"https:\/\/strangercam.com\/ro\/zeechat\/","og_locale":"ro_RO","og_type":"article","og_title":"Zeechat - Live Video Chat, Online Video Call - StrangerCam","og_description":"Like Zeechat? Come chat with more than 5.000.000 strangers on Stranger Cam for Free! Turn on your cam and find new friends & maby a match!","og_url":"https:\/\/strangercam.com\/ro\/zeechat\/","og_site_name":"Strangercam","article_publisher":"https:\/\/www.facebook.com\/strangercam","og_image":[{"width":800,"height":532,"url":"https:\/\/strangercam.com\/wp-content\/uploads\/2021\/10\/Untitled-2.png","type":"image\/png"}],"twitter_card":"summary_large_image","twitter_site":"@strangercamapp","twitter_misc":{"Timp estimat pentru citire":"6 minute"},"schema":{"@context":"https:\/\/schema.org","@graph":[{"@type":"WebPage","@id":"https:\/\/strangercam.com\/zeechat\/","url":"https:\/\/strangercam.com\/zeechat\/","name":"Zeechat - Live Video Chat, Apel video online - StrangerCam","isPartOf":{"@id":"https:\/\/strangercam.com\/#website"},"datePublished":"2025-07-28T10:00:33+00:00","description":"\u00ce\u021bi place Zeechat? Vino s\u0103 vorbe\u0219ti cu mai mult de 5.000.000 de str\u0103ini pe Stranger Cam gratuit! Porne\u0219te-\u021bi camera \u0219i g\u0103se\u0219te prieteni noi \u0219i poate o pereche!","breadcrumb":{"@id":"https:\/\/strangercam.com\/zeechat\/#breadcrumb"},"inLanguage":"ro-RO","potentialAction":[{"@type":"ReadAction","target":["https:\/\/strangercam.com\/zeechat\/"]}]},{"@type":"BreadcrumbList","@id":"https:\/\/strangercam.com\/zeechat\/#breadcrumb","itemListElement":[{"@type":"ListItem","position":1,"name":"Home","item":"https:\/\/strangercam.com\/"},{"@type":"ListItem","position":2,"name":"Zeechat"}]},{"@type":"WebSite","@id":"https:\/\/strangercam.com\/#website","url":"https:\/\/strangercam.com\/","name":"Strangercam","description":"Chat video aleatoriu cu str\u0103ini","publisher":{"@id":"https:\/\/strangercam.com\/#organization"},"alternateName":"Strangercam.com","potentialAction":[{"@type":"SearchAction","target":{"@type":"EntryPoint","urlTemplate":"https:\/\/strangercam.com\/?s={search_term_string}"},"query-input":{"@type":"PropertyValueSpecification","valueRequired":true,"valueName":"search_term_string"}}],"inLanguage":"ro-RO"},{"@type":"Organization","@id":"https:\/\/strangercam.com\/#organization","name":"Strangercam","alternateName":"Strangercam.com","url":"https:\/\/strangercam.com\/","logo":{"@type":"ImageObject","inLanguage":"ro-RO","@id":"https:\/\/strangercam.com\/#\/schema\/logo\/image\/","url":"https:\/\/strangercam.com\/wp-content\/uploads\/2020\/11\/cropped-new-favicon-black.png","contentUrl":"https:\/\/strangercam.com\/wp-content\/uploads\/2020\/11\/cropped-new-favicon-black.png","width":512,"height":512,"caption":"Strangercam"},"image":{"@id":"https:\/\/strangercam.com\/#\/schema\/logo\/image\/"},"sameAs":["https:\/\/www.facebook.com\/strangercam","https:\/\/x.com\/strangercamapp"]}]}},"_links":{"self":[{"href":"https:\/\/strangercam.com\/ro\/wp-json\/wp\/v2\/pages\/12946","targetHints":{"allow":["GET"]}}],"collection":[{"href":"https:\/\/strangercam.com\/ro\/wp-json\/wp\/v2\/pages"}],"about":[{"href":"https:\/\/strangercam.com\/ro\/wp-json\/wp\/v2\/types\/page"}],"author":[{"embeddable":true,"href":"https:\/\/strangercam.com\/ro\/wp-json\/wp\/v2\/users\/6"}],"replies":[{"embeddable":true,"href":"https:\/\/strangercam.com\/ro\/wp-json\/wp\/v2\/comments?post=12946"}],"version-history":[{"count":1,"href":"https:\/\/strangercam.com\/ro\/wp-json\/wp\/v2\/pages\/12946\/revisions"}],"predecessor-version":[{"id":12947,"href":"https:\/\/strangercam.com\/ro\/wp-json\/wp\/v2\/pages\/12946\/revisions\/12947"}],"wp:attachment":[{"href":"https:\/\/strangercam.com\/ro\/wp-json\/wp\/v2\/media?parent=12946"}],"curies":[{"name":"wp","href":"https:\/\/api.w.org\/{rel}","templated":true}]}}