{"id":12944,"date":"2025-07-28T11:56:56","date_gmt":"2025-07-28T09:56:56","guid":{"rendered":"https:\/\/strangercam.com\/?page_id=12944"},"modified":"2025-07-28T11:56:56","modified_gmt":"2025-07-28T09:56:56","slug":"lotta","status":"publish","type":"page","link":"https:\/\/strangercam.com\/ro\/lotta\/","title":{"rendered":"Lotta"},"content":{"rendered":"<p>Ca \u0219i platformele clasice de chat video aleatorii, cum ar fi <a href=\"https:\/\/strangercam.com\/ro\/omegle\/\">Omegle<\/a> disp\u0103rute din lumina reflectoarelor, un nou val de site-uri se ridic\u0103 pentru a oferi utilizatorilor aceea\u0219i experien\u021b\u0103 spontan\u0103 \u0219i anonim\u0103 - cu o \u00eentors\u0103tur\u0103 modern\u0103. Lotta este una dintre cele mai noi alternative \u0219i cu cea mai rapid\u0103 cre\u0219tere \u00een 2025, combin\u00e2nd emo\u021bia de baz\u0103 a chat-ului aleatoriu \u00eentre camere cu o vitez\u0103 \u00eembun\u0103t\u0103\u021bit\u0103, securitate \u0219i o interfa\u021b\u0103 elegant\u0103, preg\u0103tit\u0103 pentru mobil.<\/p>\n<p>Dar Lotta merit\u0103 timpul t\u0103u? Iese \u00een eviden\u021b\u0103 fa\u021b\u0103 de alte site-uri noi de chat video de tip Omegle? \u00cen aceast\u0103 revizuire cuprinz\u0103toare, vom acoperi tot ce trebuie s\u0103 \u0219ti\u021bi: cum func\u021bioneaz\u0103 Lotta, ce caracteristici ofer\u0103, cine \u00eel folose\u0219te \u0219i cum se compar\u0103 cu alte platforme majore de chat aleatoriu \u00een 2025.<\/p>\n<h2>Ce este Lotta?<\/h2>\n<p>Lotta este o platform\u0103 de chat video aleatorie, bazat\u0103 pe browser, conceput\u0103 pentru conexiuni instantanee \u0219i anonime cu str\u0103ini din \u00eentreaga lume. Utilizatorii se pot al\u0103tura cu doar un clic - nu sunt necesare \u00eenregistr\u0103ri, profiluri sau desc\u0103rc\u0103ri de aplica\u021bii. Site-ul este construit pentru vitez\u0103 \u0219i simplitate, permi\u021b\u00e2ndu-v\u0103 s\u0103 \u00eencepe\u021bi chat-uri video live \u00een c\u00e2teva secunde.<\/p>\n<p>Ca \u0219i originalul Omegle, Lotta potrive\u0219te utilizatorii unul la unul pentru conversa\u021bii video private. Dar, \u00een timp ce interfa\u021ba Omegle pare acum \u00eenvechit\u0103 \u0219i moderarea sa inconsecvent\u0103, Lotta ofer\u0103 o experien\u021b\u0103 mai modern\u0103, mai sigur\u0103 \u0219i mai u\u0219or de utilizat, r\u0103m\u00e2n\u00e2nd \u00een acela\u0219i timp 100% gratuit.<\/p>\n<h2>Care este scopul Lotta?<\/h2>\n<p>Lotta a fost creat pentru a re\u00eenvia magia chat-ului video anonim \u0219i aleatoriu care a f\u0103cut din Omegle un fenomen cultural, dar cu \u00eembun\u0103t\u0103\u021biri cheie pentru utilizatorii de ast\u0103zi:<\/p>\n<ul>\n<li>\u00cent\u00e2lniri spontane, fa\u021b\u0103 \u00een fa\u021b\u0103: <a href=\"https:\/\/strangercam.com\/ro\/coomeet\/\">Face\u021bi cuno\u0219tin\u021b\u0103<\/a> cineva nou, oric\u00e2nd, de oriunde.<\/li>\n<li>Anonimat adev\u0103rat: F\u0103r\u0103 profiluri, f\u0103r\u0103 \u00eenscriere, f\u0103r\u0103 social media.<\/li>\n<li>Siguran\u021b\u0103 modern\u0103 \u0219i modera\u021bie: P\u0103stra\u021bi conversa\u021biile sigure \u0219i primitoare.<\/li>\n<li>Acces rapid, f\u0103r\u0103 fric\u021biuni: \u00cencepe\u021bi chat-ul instantaneu pe desktop sau mobil.<\/li>\n<\/ul>\n<p>Fie c\u0103 dori\u021bi s\u0103 v\u0103 face\u021bi prieteni noi, s\u0103 exersa\u021bi o limb\u0103, s\u0103 flirta\u021bi sau pur \u0219i simplu s\u0103 ave\u021bi o discu\u021bie distractiv\u0103 cu un str\u0103in, Lotta este conceput pentru dvs.<\/p>\n<h2>Caracteristici principale<\/h2>\n<p>1. Chat video aleatoriu unu-la-unu<br \/>\nCaracteristica principal\u0103 a Lotta este chat-ul instantaneu, privat, de la camer\u0103 la camer\u0103. Face\u021bi clic pe \"Start\", activa\u021bi-v\u0103 camera web \u0219i microfonul \u0219i ve\u021bi fi compatibili \u00een c\u00e2teva secunde. F\u0103r\u0103 nume de utilizator sau biografii - doar tu \u0219i un str\u0103in, fa\u021b\u0103 \u00een fa\u021b\u0103.<\/p>\n<p>2. Op\u021biunea chat text<br \/>\nPe l\u00e2ng\u0103 video, Lotta permite utilizatorilor s\u0103 trimit\u0103 mesaje text \u00een cadrul chat-ului. Acest lucru este util pentru a sparge ghea\u021ba, pentru a face fa\u021b\u0103 barierelor lingvistice sau dac\u0103 prefera\u021bi s\u0103 nu vorbi\u021bi cu voce tare.<\/p>\n<p>3. Butonul Urm\u0103torul\/Saltul<br \/>\nDac\u0103 nu te sim\u021bi \u00een apele tale, apas\u0103 pe \"Urm\u0103torul\" pentru a fi asociat instantaneu cu cineva nou. Nu exist\u0103 nicio penalizare sau limit\u0103 cu privire la c\u00e2t de des po\u021bi s\u0103ri peste.<\/p>\n<p>4. 100% Anonim, f\u0103r\u0103 \u00eenregistrare<br \/>\nNu trebuie s\u0103 v\u0103 \u00eenscrie\u021bi, s\u0103 crea\u021bi un profil sau s\u0103 partaja\u021bi informa\u021bii personale. Toate sesiunile sunt temporare \u0219i private, f\u0103c\u00e2nd din Lotta una dintre cele mai anonime experien\u021be de chat online.<\/p>\n<p>5. Design modern, optimizat pentru dispozitive mobile<br \/>\nLotta func\u021bioneaz\u0103 f\u0103r\u0103 probleme at\u00e2t pe desktop, c\u00e2t \u0219i pe browserele mobile. Interfa\u021ba este curat\u0103 \u0219i receptiv\u0103, facilit\u00e2nd chat-ul pe telefon, tablet\u0103 sau laptop, f\u0103r\u0103 a fi nevoie de desc\u0103rc\u0103ri.<\/p>\n<p>6. Instrumente de moderare \u0219i raportare<br \/>\nPentru a men\u021bine siguran\u021ba platformei, Lotta ofer\u0103 un buton de raportare \u00een chat \u0219i utilizeaz\u0103 o combina\u021bie de moderare automat\u0103 (bazat\u0103 pe AI) \u0219i uman\u0103. Utilizatorii pot semnala instantaneu con\u021binutul sau comportamentul nepotrivit.<\/p>\n<p>7. Potrivire rapid\u0103 \u0219i laten\u021b\u0103 redus\u0103<br \/>\nMotorul de potrivire Lotta este construit pentru vitez\u0103. Conexiunile video sunt rapide \u0219i stabile, cu \u00eent\u00e2rzieri minime - chiar \u0219i \u00een timpul orelor aglomerate sau pe dispozitive mobile.<\/p>\n<h2>Lotta este gratuit?<\/h2>\n<p>Da, Lotta este complet gratuit de utilizat. Toate caracteristicile de baz\u0103 - chat video, chat text \u0219i skipping nelimitat - sunt disponibile pentru toat\u0103 lumea, f\u0103r\u0103 ziduri de plat\u0103 ascunse sau niveluri de abonament.<\/p>\n<p>Site-ul poate con\u021bine reclame u\u0219oare, neintruzive, pentru a sprijini opera\u021biunile, dar acestea nu \u00eentrerup niciodat\u0103 experien\u021ba de chat \u0219i nu limiteaz\u0103 accesul.<\/p>\n<h2>Cine utilizeaz\u0103 Lotta?<\/h2>\n<p>Lotta \u00ee\u0219i construie\u0219te rapid o baz\u0103 de utilizatori divers\u0103, global\u0103, inclusiv:<\/p>\n<ul>\n<li>V\u00e2rsta: \u00cen principal 18-35 de ani (strict adul\u021bi)<\/li>\n<li>Loca\u021bii: Utilizatori din Statele Unite, Canada, Marea Britanie, Germania, India, Brazilia, Asia de Sud-Est \u0219i altele<\/li>\n<li>Interese: Flirt, \u00eemprietenire, schimb de limbi str\u0103ine, conversa\u021bie ocazional\u0103, descoperire cultural\u0103<\/li>\n<\/ul>\n<p>Pentru c\u0103 este nou, Lotta tinde s\u0103 atrag\u0103 utilizatorii pasiona\u021bi de tehnologie, studen\u021bii \u0219i pe cei c\u0103rora le lipse\u0219te energia nescrip\u021bionat\u0103 a clasicului Omegle. \u00cemp\u0103r\u021birea pe sexe este similar\u0103 cu alte <a href=\"https:\/\/strangercam.com\/ro\/bazoocam\/\">came<\/a> cu mai mul\u021bi utilizatori b\u0103rba\u021bi dec\u00e2t femei, dar participarea femeilor este \u00een cre\u0219tere pe m\u0103sur\u0103 ce site-ul c\u00e2\u0219tig\u0103 \u00een popularitate \u0219i reputa\u021bie.<\/p>\n<h2>Siguran\u021b\u0103, confiden\u021bialitate \u0219i moderare<\/h2>\n<p>Lotta recunoa\u0219te c\u0103 anonimatul aduce at\u00e2t libertate, c\u00e2t \u0219i risc. Platforma adopt\u0103 o abordare proactiv\u0103 a siguran\u021bei \u0219i confiden\u021bialit\u0103\u021bii utilizatorilor:<\/p>\n<h3>Confiden\u021bialitate<\/h3>\n<ul>\n<li>Nu este necesar\u0103 \u00eenscrierea sau datele personale<\/li>\n<li>Conversa\u021biile nu sunt \u00eenregistrate sau stocate<\/li>\n<li>V\u0103 controla\u021bi camera web\/microfonul \u00een orice moment<\/li>\n<li>F\u0103r\u0103 partajarea IP cu partenerii de chat<\/li>\n<\/ul>\n<h3>Modera\u021bie<\/h3>\n<ul>\n<li>Buton de raportare \u00een chat: Semnala\u021bi instantaneu orice comportament inadecvat sau abuziv<\/li>\n<li>Filtrare de con\u021binut bazat\u0103 pe inteligen\u021b\u0103 artificial\u0103: Detecteaz\u0103 \u0219i blocheaz\u0103 anumite \u00eenc\u0103lc\u0103ri \u00een timp real<\/li>\n<li>Moderatori umani: Analizeaz\u0103 rapoartele \u0219i aplic\u0103 regulile platformei<\/li>\n<\/ul>\n<h3>Cele mai bune practici<\/h3>\n<ul>\n<li>Nu \u00eemp\u0103rt\u0103\u0219i\u021bi niciodat\u0103 informa\u021bii personale \u00een chat<\/li>\n<li>Utiliza\u021bi butoanele \"Urm\u0103torul\" \u0219i \"Raporteaz\u0103\" ori de c\u00e2te ori nu v\u0103 sim\u021bi\u021bi confortabil<\/li>\n<li>Aminti\u021bi-v\u0103 c\u0103 toate interac\u021biunile sunt cu persoane necunoscute; manifesta\u021bi pruden\u021ba normal\u0103 pe internet<\/li>\n<\/ul>\n<h2>Experien\u021ba \u0219i designul utilizatorului<\/h2>\n<p>Interfa\u021ba de utilizator a Lotta este una dintre cele mai bune caracteristici ale sale. Este modern\u0103, minimalist\u0103 \u0219i nu distrage aten\u021bia:<\/p>\n<ul>\n<li>Pagina de pornire prezint\u0103 un buton \u00eendr\u0103zne\u021b \"Start Chat\" cu informa\u021bii \u0219i reguli clare privind confiden\u021bialitatea<\/li>\n<li>\u00cen c\u00e2teva secunde, sunte\u021bi potrivi\u021bi \u0219i discuta\u021bi live<\/li>\n<li>Ferestrele video sunt mari, cu controale u\u0219oare pentru dezactivare, s\u0103ritur\u0103 \u0219i raportare<\/li>\n<li>Interfa\u021ba mobil\u0103 este la fel de curat\u0103 \u0219i utilizabil\u0103 ca versiunea desktop<\/li>\n<\/ul>\n<p>Lotta evit\u0103 ferestrele pop-up, reclamele excesive \u0219i solicit\u0103rile de \u00eenregistrare, oferind de fiecare dat\u0103 o experien\u021b\u0103 de chat pl\u0103cut\u0103, f\u0103r\u0103 fric\u021biuni.<\/p>\n<h2>Lotta vs alte platforme de chat video aleatorii<\/h2>\n<p>Cum se compar\u0103 Lotta cu alternativele Omegle \u00een 2025?<\/p>\n<table>\n<thead>\n<tr>\n<th>Caracteristic\u0103<\/th>\n<th>Lotta<\/th>\n<th>Omegle (\u00eenchis)<\/th>\n<th>Ohmegle<\/th>\n<th><a href=\"https:\/\/strangercam.com\/ro\/ometv\/\">OmeTV<\/a><\/th>\n<th>Chaty<\/th>\n<th>ChitChatTV<\/th>\n<\/tr>\n<\/thead>\n<tbody>\n<tr>\n<td>Chat video<\/td>\n<td>Da<\/td>\n<td>Da<\/td>\n<td>Da<\/td>\n<td>Da<\/td>\n<td>Da<\/td>\n<td>Da<\/td>\n<\/tr>\n<tr>\n<td>Chat text<\/td>\n<td>Da<\/td>\n<td>Da<\/td>\n<td>Da<\/td>\n<td>Da<\/td>\n<td>Da<\/td>\n<td>Da<\/td>\n<\/tr>\n<tr>\n<td>\u00cenregistrare necesar\u0103<\/td>\n<td>Nu<\/td>\n<td>Nu<\/td>\n<td>Nu<\/td>\n<td>Nu<\/td>\n<td>Nu<\/td>\n<td>Nu<\/td>\n<\/tr>\n<tr>\n<td>Asisten\u021b\u0103 mobil\u0103<\/td>\n<td>Excelent\u0103<\/td>\n<td>Slab\u0103<\/td>\n<td>Excelent\u0103<\/td>\n<td>Bun<\/td>\n<td>Excelent\u0103<\/td>\n<td>Excelent\u0103<\/td>\n<\/tr>\n<tr>\n<td>Filtru de gen\/regiune<\/td>\n<td>Nu<\/td>\n<td>Nu<\/td>\n<td>Nu<\/td>\n<td>Pl\u0103tite<\/td>\n<td>Nu<\/td>\n<td>Nu<\/td>\n<\/tr>\n<tr>\n<td>Moderare\/Raportare<\/td>\n<td>Bun<\/td>\n<td>Slab<\/td>\n<td>Moderat<\/td>\n<td>Puternic<\/td>\n<td>Moderat<\/td>\n<td>Bun<\/td>\n<\/tr>\n<tr>\n<td>Utilizare gratuit\u0103<\/td>\n<td>Da<\/td>\n<td>Da<\/td>\n<td>Da<\/td>\n<td>Da\/Paid<\/td>\n<td>Da<\/td>\n<td>Da<\/td>\n<\/tr>\n<\/tbody>\n<\/table>\n<p>Rezumat: Lotta rivalizeaz\u0103 cu Ohmegle, Chaty \u0219i ChitChatTV \u00een ceea ce prive\u0219te viteza \u0219i u\u0219urin\u021ba \u00een utilizare, dar iese \u00een eviden\u021b\u0103 prin designul s\u0103u nou \u0219i experien\u021ba sa pl\u0103cut\u0103, \u00een special pentru utilizatorii noi \u0219i cei de pe mobil.<\/p>\n<h2>Avantaje \u0219i dezavantaje<\/h2>\n<p>Avantaje:<\/p>\n<ul>\n<li>100% acces gratuit, instant, f\u0103r\u0103 \u00eenregistrare<\/li>\n<li>Complet anonim \u0219i privat<\/li>\n<li>Conexiuni de chat video \u0219i text rapide \u0219i stabile<\/li>\n<li>Interfa\u021b\u0103 elegant\u0103, modern\u0103 \u0219i optimizat\u0103 pentru mobil<\/li>\n<li>Instrumente robuste de raportare \u0219i moderare<\/li>\n<li>Ideal\u0103 pentru conversa\u021bii ocazionale, f\u0103r\u0103 scenariu, \u00een \u00eentreaga lume<\/li>\n<\/ul>\n<p>Cons:<\/p>\n<ul>\n<li>Nu exist\u0103 filtre de gen sau de loca\u021bie (potrivirile sunt aleatorii)<\/li>\n<li>Expunerea ocazional\u0103 la comportamente inadecvate (\u00een ciuda modera\u021biei)<\/li>\n<li>F\u0103r\u0103 profiluri de utilizator, liste de prieteni sau posibilitatea de reconectare<\/li>\n<li>Mai mul\u021bi utilizatori b\u0103rba\u021bi dec\u00e2t femei (comun \u00een aceast\u0103 ni\u0219\u0103)<\/li>\n<li>Platforma \u00eenc\u0103 \u00ee\u0219i dezvolt\u0103 baza de utilizatori \u00een compara\u021bie cu gigan\u021bii mai vechi<\/li>\n<\/ul>\n<h2>Cazuri ideale de utilizare<\/h2>\n<p>Lotta este perfect pentru:<\/p>\n<p>Ventilatoare de Omegle, <a href=\"https:\/\/strangercam.com\/ro\/chatroulette\/\">Chatroulette<\/a>, sau Ohmegle caut\u0103 o nou\u0103 platform\u0103<\/p>\n<p>Utilizatorii care doresc un chat rapid, anonim, video-first, f\u0103r\u0103 \u00eenregistrare<\/p>\n<p>\u00cenv\u0103\u021b\u0103tori de limbi str\u0103ine, expatria\u021bi \u0219i c\u0103l\u0103tori care doresc conversa\u021bii globale<\/p>\n<p>Oameni care caut\u0103 socializare spontan\u0103, distrac\u021bie sau o metod\u0103 de a sparge plictiseala<\/p>\n<p>Este mai pu\u021bin ideal pentru:<\/p>\n<ul>\n<li>Cei care caut\u0103 caracteristici specifice pentru \u00eent\u00e2lniri sau filtre pentru utilizatori<\/li>\n<li>Utilizatori sub 18 ani (cerin\u021be stricte privind v\u00e2rsta)<\/li>\n<li>Persoane care doresc s\u0103 se reconecteze cu anumi\u021bi utilizatori sau s\u0103 construiasc\u0103 chat-uri pe termen lung<\/li>\n<\/ul>\n<p>Lotta este unul dintre cele mai bune site-uri noi de video chat \u00een stil Omegle din 2025, oferind conexiuni instantanee \u0219i anonime cu str\u0103inii \u00eentr-un pachet modern \u0219i u\u0219or de utilizat. F\u0103r\u0103 \u00eenregistrare, cu potrivire rapid\u0103 \u0219i un accent puternic pe confiden\u021bialitate \u0219i siguran\u021b\u0103, este un succesor demn al experien\u021bei clasice de video chat aleatoriu.<\/p>\n<p>Dac\u0103 dori\u021bi s\u0103 cunoa\u0219te\u021bi oameni noi, s\u0103 v\u0103 face\u021bi prieteni, s\u0103 flirta\u021bi sau doar s\u0103 discuta\u021bi \u00een timp real cu cineva din \u00eentreaga lume - Lotta merit\u0103 neap\u0103rat \u00eencercat. Designul s\u0103u proasp\u0103t, performan\u021ba fiabil\u0103 \u0219i caracteristicile accesibile \u00eel fac o alegere de top pentru urm\u0103toarea genera\u021bie de chateri aleatori.<\/p>","protected":false},"excerpt":{"rendered":"<p>As classic random video chat platforms like Omegle fade from the spotlight, a new wave of sites is stepping up to offer users the same spontaneous, anonymous experience\u2014with a modern twist. Lotta is one of the newest and fastest-growing alternatives in 2025, combining the core excitement of random cam-to-cam chat with improved speed, security, and [&hellip;]<\/p>\n","protected":false},"author":6,"featured_media":0,"parent":0,"menu_order":0,"comment_status":"closed","ping_status":"closed","template":"","meta":{"footnotes":""},"class_list":["post-12944","page","type-page","status-publish","hentry"],"yoast_head":"<!-- This site is optimized with the Yoast SEO plugin v27.4 - https:\/\/yoast.com\/product\/yoast-seo-wordpress\/ -->\n<title>Lotta - Meet Strangers &amp; Video Chat Online - StrangerCam<\/title>\n<meta name=\"description\" content=\"Like Lotta? Come chat with more than 5.000.000 strangers on Stranger Cam for Free! Turn on your cam and find new friends &amp; maby a match!\" \/>\n<meta name=\"robots\" content=\"index, follow, max-snippet:-1, max-image-preview:large, max-video-preview:-1\" \/>\n<link rel=\"canonical\" href=\"https:\/\/strangercam.com\/ro\/lotta\/\" \/>\n<meta property=\"og:locale\" content=\"ro_RO\" \/>\n<meta property=\"og:type\" content=\"article\" \/>\n<meta property=\"og:title\" content=\"Lotta - Meet Strangers &amp; Video Chat Online - StrangerCam\" \/>\n<meta property=\"og:description\" content=\"Like Lotta? Come chat with more than 5.000.000 strangers on Stranger Cam for Free! Turn on your cam and find new friends &amp; maby a match!\" \/>\n<meta property=\"og:url\" content=\"https:\/\/strangercam.com\/ro\/lotta\/\" \/>\n<meta property=\"og:site_name\" content=\"Strangercam\" \/>\n<meta property=\"article:publisher\" content=\"https:\/\/www.facebook.com\/strangercam\" \/>\n<meta property=\"og:image\" content=\"https:\/\/strangercam.com\/wp-content\/uploads\/2021\/10\/Untitled-2.png\" \/>\n\t<meta property=\"og:image:width\" content=\"800\" \/>\n\t<meta property=\"og:image:height\" content=\"532\" \/>\n\t<meta property=\"og:image:type\" content=\"image\/png\" \/>\n<meta name=\"twitter:card\" content=\"summary_large_image\" \/>\n<meta name=\"twitter:site\" content=\"@strangercamapp\" \/>\n<meta name=\"twitter:label1\" content=\"Timp estimat pentru citire\" \/>\n\t<meta name=\"twitter:data1\" content=\"6 minute\" \/>\n<script type=\"application\/ld+json\" class=\"yoast-schema-graph\">{\"@context\":\"https:\\\/\\\/schema.org\",\"@graph\":[{\"@type\":\"WebPage\",\"@id\":\"https:\\\/\\\/strangercam.com\\\/lotta\\\/\",\"url\":\"https:\\\/\\\/strangercam.com\\\/lotta\\\/\",\"name\":\"Lotta - Meet Strangers & Video Chat Online - StrangerCam\",\"isPartOf\":{\"@id\":\"https:\\\/\\\/strangercam.com\\\/#website\"},\"datePublished\":\"2025-07-28T09:56:56+00:00\",\"description\":\"Like Lotta? Come chat with more than 5.000.000 strangers on Stranger Cam for Free! Turn on your cam and find new friends & maby a match!\",\"breadcrumb\":{\"@id\":\"https:\\\/\\\/strangercam.com\\\/lotta\\\/#breadcrumb\"},\"inLanguage\":\"ro-RO\",\"potentialAction\":[{\"@type\":\"ReadAction\",\"target\":[\"https:\\\/\\\/strangercam.com\\\/lotta\\\/\"]}]},{\"@type\":\"BreadcrumbList\",\"@id\":\"https:\\\/\\\/strangercam.com\\\/lotta\\\/#breadcrumb\",\"itemListElement\":[{\"@type\":\"ListItem\",\"position\":1,\"name\":\"Home\",\"item\":\"https:\\\/\\\/strangercam.com\\\/\"},{\"@type\":\"ListItem\",\"position\":2,\"name\":\"Lotta\"}]},{\"@type\":\"WebSite\",\"@id\":\"https:\\\/\\\/strangercam.com\\\/#website\",\"url\":\"https:\\\/\\\/strangercam.com\\\/\",\"name\":\"Strangercam\",\"description\":\"Random Video Chat with Strangers\",\"publisher\":{\"@id\":\"https:\\\/\\\/strangercam.com\\\/#organization\"},\"alternateName\":\"Strangercam.com\",\"potentialAction\":[{\"@type\":\"SearchAction\",\"target\":{\"@type\":\"EntryPoint\",\"urlTemplate\":\"https:\\\/\\\/strangercam.com\\\/?s={search_term_string}\"},\"query-input\":{\"@type\":\"PropertyValueSpecification\",\"valueRequired\":true,\"valueName\":\"search_term_string\"}}],\"inLanguage\":\"ro-RO\"},{\"@type\":\"Organization\",\"@id\":\"https:\\\/\\\/strangercam.com\\\/#organization\",\"name\":\"Strangercam\",\"alternateName\":\"Strangercam.com\",\"url\":\"https:\\\/\\\/strangercam.com\\\/\",\"logo\":{\"@type\":\"ImageObject\",\"inLanguage\":\"ro-RO\",\"@id\":\"https:\\\/\\\/strangercam.com\\\/#\\\/schema\\\/logo\\\/image\\\/\",\"url\":\"https:\\\/\\\/strangercam.com\\\/wp-content\\\/uploads\\\/2020\\\/11\\\/cropped-new-favicon-black.png\",\"contentUrl\":\"https:\\\/\\\/strangercam.com\\\/wp-content\\\/uploads\\\/2020\\\/11\\\/cropped-new-favicon-black.png\",\"width\":512,\"height\":512,\"caption\":\"Strangercam\"},\"image\":{\"@id\":\"https:\\\/\\\/strangercam.com\\\/#\\\/schema\\\/logo\\\/image\\\/\"},\"sameAs\":[\"https:\\\/\\\/www.facebook.com\\\/strangercam\",\"https:\\\/\\\/x.com\\\/strangercamapp\"]}]}<\/script>\n<!-- \/ Yoast SEO plugin. -->","yoast_head_json":{"title":"Lotta - Face\u021bi cuno\u0219tin\u021b\u0103 cu str\u0103inii \u0219i videochat online - StrangerCam","description":"\u00ce\u021bi place Lotta? Vino s\u0103 vorbe\u0219ti cu mai mult de 5.000.000 de str\u0103ini pe Stranger Cam gratuit! Porne\u0219te-\u021bi camera \u0219i g\u0103se\u0219te prieteni noi \u0219i poate o pereche!","robots":{"index":"index","follow":"follow","max-snippet":"max-snippet:-1","max-image-preview":"max-image-preview:large","max-video-preview":"max-video-preview:-1"},"canonical":"https:\/\/strangercam.com\/ro\/lotta\/","og_locale":"ro_RO","og_type":"article","og_title":"Lotta - Meet Strangers & Video Chat Online - StrangerCam","og_description":"Like Lotta? Come chat with more than 5.000.000 strangers on Stranger Cam for Free! Turn on your cam and find new friends & maby a match!","og_url":"https:\/\/strangercam.com\/ro\/lotta\/","og_site_name":"Strangercam","article_publisher":"https:\/\/www.facebook.com\/strangercam","og_image":[{"width":800,"height":532,"url":"https:\/\/strangercam.com\/wp-content\/uploads\/2021\/10\/Untitled-2.png","type":"image\/png"}],"twitter_card":"summary_large_image","twitter_site":"@strangercamapp","twitter_misc":{"Timp estimat pentru citire":"6 minute"},"schema":{"@context":"https:\/\/schema.org","@graph":[{"@type":"WebPage","@id":"https:\/\/strangercam.com\/lotta\/","url":"https:\/\/strangercam.com\/lotta\/","name":"Lotta - Face\u021bi cuno\u0219tin\u021b\u0103 cu str\u0103inii \u0219i videochat online - StrangerCam","isPartOf":{"@id":"https:\/\/strangercam.com\/#website"},"datePublished":"2025-07-28T09:56:56+00:00","description":"\u00ce\u021bi place Lotta? Vino s\u0103 vorbe\u0219ti cu mai mult de 5.000.000 de str\u0103ini pe Stranger Cam gratuit! Porne\u0219te-\u021bi camera \u0219i g\u0103se\u0219te prieteni noi \u0219i poate o pereche!","breadcrumb":{"@id":"https:\/\/strangercam.com\/lotta\/#breadcrumb"},"inLanguage":"ro-RO","potentialAction":[{"@type":"ReadAction","target":["https:\/\/strangercam.com\/lotta\/"]}]},{"@type":"BreadcrumbList","@id":"https:\/\/strangercam.com\/lotta\/#breadcrumb","itemListElement":[{"@type":"ListItem","position":1,"name":"Home","item":"https:\/\/strangercam.com\/"},{"@type":"ListItem","position":2,"name":"Lotta"}]},{"@type":"WebSite","@id":"https:\/\/strangercam.com\/#website","url":"https:\/\/strangercam.com\/","name":"Strangercam","description":"Chat video aleatoriu cu str\u0103ini","publisher":{"@id":"https:\/\/strangercam.com\/#organization"},"alternateName":"Strangercam.com","potentialAction":[{"@type":"SearchAction","target":{"@type":"EntryPoint","urlTemplate":"https:\/\/strangercam.com\/?s={search_term_string}"},"query-input":{"@type":"PropertyValueSpecification","valueRequired":true,"valueName":"search_term_string"}}],"inLanguage":"ro-RO"},{"@type":"Organization","@id":"https:\/\/strangercam.com\/#organization","name":"Strangercam","alternateName":"Strangercam.com","url":"https:\/\/strangercam.com\/","logo":{"@type":"ImageObject","inLanguage":"ro-RO","@id":"https:\/\/strangercam.com\/#\/schema\/logo\/image\/","url":"https:\/\/strangercam.com\/wp-content\/uploads\/2020\/11\/cropped-new-favicon-black.png","contentUrl":"https:\/\/strangercam.com\/wp-content\/uploads\/2020\/11\/cropped-new-favicon-black.png","width":512,"height":512,"caption":"Strangercam"},"image":{"@id":"https:\/\/strangercam.com\/#\/schema\/logo\/image\/"},"sameAs":["https:\/\/www.facebook.com\/strangercam","https:\/\/x.com\/strangercamapp"]}]}},"_links":{"self":[{"href":"https:\/\/strangercam.com\/ro\/wp-json\/wp\/v2\/pages\/12944","targetHints":{"allow":["GET"]}}],"collection":[{"href":"https:\/\/strangercam.com\/ro\/wp-json\/wp\/v2\/pages"}],"about":[{"href":"https:\/\/strangercam.com\/ro\/wp-json\/wp\/v2\/types\/page"}],"author":[{"embeddable":true,"href":"https:\/\/strangercam.com\/ro\/wp-json\/wp\/v2\/users\/6"}],"replies":[{"embeddable":true,"href":"https:\/\/strangercam.com\/ro\/wp-json\/wp\/v2\/comments?post=12944"}],"version-history":[{"count":1,"href":"https:\/\/strangercam.com\/ro\/wp-json\/wp\/v2\/pages\/12944\/revisions"}],"predecessor-version":[{"id":12945,"href":"https:\/\/strangercam.com\/ro\/wp-json\/wp\/v2\/pages\/12944\/revisions\/12945"}],"wp:attachment":[{"href":"https:\/\/strangercam.com\/ro\/wp-json\/wp\/v2\/media?parent=12944"}],"curies":[{"name":"wp","href":"https:\/\/api.w.org\/{rel}","templated":true}]}}