{"id":12942,"date":"2025-07-28T11:02:46","date_gmt":"2025-07-28T09:02:46","guid":{"rendered":"https:\/\/strangercam.com\/?page_id=12942"},"modified":"2025-07-28T11:02:46","modified_gmt":"2025-07-28T09:02:46","slug":"chatiwi","status":"publish","type":"page","link":"https:\/\/strangercam.com\/ro\/chatiwi\/","title":{"rendered":"Chatiwi"},"content":{"rendered":"<p>Lumea online <a href=\"https:\/\/strangercam.com\/ro\/chatroulette\/\">chat<\/a> camerele au evoluat rapid, dar cererea de platforme sociale simple, instantanee \u0219i anonime este mai puternic\u0103 ca niciodat\u0103. Pe m\u0103sur\u0103 ce site-urile mai vechi, cum ar fi <a href=\"https:\/\/strangercam.com\/ro\/chatiw\/\">Chatiw<\/a> \u0219i <a href=\"https:\/\/strangercam.com\/ro\/chatib\/\">Chatib<\/a> se lupt\u0103 s\u0103 \u021bin\u0103 pasul cu a\u0219tept\u0103rile utilizatorilor moderni, Chatiwi intervine ca o nou\u0103 alternativ\u0103 - oferind camere clasice de chat live, mesagerie privat\u0103 \u0219i o comunitate global\u0103 prietenoas\u0103, toate \u00eentr-o singur\u0103 platform\u0103 gratuit\u0103, u\u0219or de accesat.<\/p>\n<p>Deci, cum se compar\u0103 Chatiwi cu gigan\u021bii care l-au inspirat? Este cu adev\u0103rat gratuit, sigur \u0219i u\u0219or de utilizat? \u00cen aceast\u0103 analiz\u0103 aprofundat\u0103, vom explora ce ofer\u0103 Chatiwi, cine \u00eel utilizeaz\u0103 \u0219i cum se situeaz\u0103 fa\u021b\u0103 de alte platforme de chat de top \u00een 2025.<\/p>\n<h2>Ce este Chatiwi?<\/h2>\n<p>Chatiwi este un site de chat modern, bazat pe browser, inspirat de simplitatea \u0219i accesibilitatea platformelor clasice precum Chatiw \u0219i Chatib. Promisiunea sa principal\u0103 este de a conecta instantaneu persoane din \u00eentreaga lume - f\u0103r\u0103 \u00eenregistrare sau desc\u0103rcare necesar\u0103. Fie c\u0103 sunte\u021bi interesat de camerele de chat publice sau de conversa\u021biile private unu-la-unu, Chatiwi v\u0103 aduce \u00een ac\u021biune cu doar o porecl\u0103 \u0219i un clic.<\/p>\n<p>Pun\u00e2nd accentul pe un design curat, compatibilitate mobil\u0103 receptiv\u0103 \u0219i un mediu de chat sigur, Chatiwi devine rapid un favorit printre utilizatorii care caut\u0103 conversa\u021bii autentice \u0219i prieteni online noi.<\/p>\n<h2>Care este scopul Chatiwi?<\/h2>\n<p>Misiunea Chatiwi este de a face socializarea online distractiv\u0103, rapid\u0103 \u0219i cu adev\u0103rat accesibil\u0103 tuturor. Spre deosebire de aplica\u021biile care necesit\u0103 \u00eenscriere extins\u0103, crearea profilului sau instalarea aplica\u021biei, Chatiwi reduce lucrurile la esen\u021bial - conectarea oamenilor reali pentru chat live pe teme care \u00eei intereseaz\u0103.<\/p>\n<p>Obiectivele cheie includ:<\/p>\n<ul>\n<li>Furnizarea de camere de chat deschise, tematice, pentru discu\u021bii de grup<\/li>\n<li>Permite chat-uri private f\u0103r\u0103 \u00eentreruperi pentru conexiuni mai personale<\/li>\n<li>Crearea unui mediu primitor pentru persoanele din toate mediile, v\u00e2rstele \u0219i interesele<\/li>\n<li>Asigurarea faptului c\u0103 toat\u0103 lumea se poate al\u0103tura conversa\u021biei instantaneu, f\u0103r\u0103 bariere<\/li>\n<\/ul>\n<p>Fie c\u0103 dori\u021bi s\u0103 discuta\u021bi despre muzic\u0103, hobby-uri, evenimente mondiale sau doar s\u0103 saluta\u021bi pe cineva nou, Chatiwi ofer\u0103 un spa\u021biu flexibil pentru a face acest lucru.<\/p>\n<h2>Caracteristici principale<\/h2>\n<p>1. Camere publice de chat live<br \/>\nAtrac\u021bia principal\u0103 a Chatiwi este varietatea sa de camere de chat deschise, tematice. De la \u201cChat general\u201d la camere cu interese speciale, utilizatorii se pot al\u0103tura oric\u0103rei discu\u021bii cu un singur clic, pot discuta \u00een timp real \u0219i <a href=\"https:\/\/strangercam.com\/ro\/coomeet\/\">\u00eent\u00e2lnire<\/a> oameni din \u00eentreaga lume.<\/p>\n<p>2. Chat privat unu-la-unu<br \/>\nDori\u021bi o conversa\u021bie mai personal\u0103? Chatiwi permite utilizatorilor s\u0103 treac\u0103 de la camerele publice la mesageria privat\u0103, permi\u021b\u00e2nd conexiuni mai profunde, sfaturi prietenoase sau discu\u021bii confiden\u021biale.<\/p>\n<p>3. Nu este necesar\u0103 nicio \u00eenregistrare<br \/>\nLa fel ca cele mai bune site-uri de chat de \u0219coal\u0103 veche, Chatiwi v\u0103 permite s\u0103 \u00eencepe\u021bi s\u0103 discuta\u021bi imediat. Doar alege o porecl\u0103 - nu este nevoie de e-mail, num\u0103r de telefon sau re\u021bele sociale.<\/p>\n<p>4. Multi-Device \u0219i Mobile Friendly<br \/>\nChatiwi este complet receptiv \u0219i func\u021bioneaz\u0103 f\u0103r\u0103 probleme at\u00e2t pe desktop, c\u00e2t \u0219i pe browserele mobile, fiind perfect pentru chat \u00een mi\u0219care.<\/p>\n<p>5. Interfa\u021b\u0103 simpl\u0103, modern\u0103<br \/>\nDesignul curat al site-ului reduce distrac\u021biile la minimum. Mesajele sunt clare, camerele sunt u\u0219or de navigat, iar comenzile esen\u021biale (mute, block, report) sunt \u00eentotdeauna la \u00eendem\u00e2n\u0103.<\/p>\n<p>6. Instrumente de moderare \u0219i siguran\u021b\u0103 pentru utilizatori<br \/>\nChatiwi utilizeaz\u0103 o combina\u021bie de moderatori live \u0219i func\u021bii de raportare \u00een camer\u0103 pentru a men\u021bine un mediu sigur \u0219i respectuos.<\/p>\n<p>7. Gam\u0103 larg\u0103 de subiecte<br \/>\nDe la camere de chat regionale la grupuri de interes special, exist\u0103 un spa\u021biu pentru fiecare, indiferent dac\u0103 dori\u021bi s\u0103 discuta\u021bi despre muzic\u0103, sport, via\u021b\u0103 sau doar s\u0103 petrece\u021bi timp \u00eempreun\u0103.<\/p>\n<h2>Chatiwi este gratuit?<\/h2>\n<p>Chatiwi este 100% liber de utilizat. Nu exist\u0103 taxe ascunse, abonamente sau ziduri de plat\u0103. Toate func\u021biile - camere publice, mesagerie privat\u0103 \u0219i instrumente de moderare - sunt accesibile tuturor.<\/p>\n<p>Platforma poate afi\u0219a reclame u\u0219oare, neintruzive, pentru a sus\u021bine site-ul, dar acestea nu interfereaz\u0103 niciodat\u0103 cu experien\u021ba de chat.<\/p>\n<h2>Cine utilizeaz\u0103 Chatiwi?<\/h2>\n<p>Chatiwi atrage o baz\u0103 global\u0103 \u0219i divers\u0103 de utilizatori, la fel ca Chatiw \u0219i Chatib. Utilizatorii tipici includ:<\/p>\n<ul>\n<li>Adul\u021bi cu v\u00e2rste cuprinse \u00eentre 18 \u0219i 40 de ani, de\u0219i exist\u0103 un amestec de participan\u021bi mai \u00een v\u00e2rst\u0103 \u0219i mai tineri<\/li>\n<li>Persoane din America de Nord, Europa, America de Sud, India \u0219i Orientul Mijlociu<\/li>\n<li>Studen\u021bi, profesioni\u0219ti, c\u0103l\u0103tori, expatria\u021bi \u0219i oricine caut\u0103 prietenie sau conversa\u021bie ocazional\u0103<\/li>\n<\/ul>\n<p>Motive comune pentru aderarea la Chatiwi:<\/p>\n<ul>\n<li>Facerea de noi prieteni \u0219i extinderea cercului social<\/li>\n<li>Trecerea timpului, relaxarea sau evadarea din stresul cotidian<\/li>\n<li>Discu\u021bii despre hobby-uri, muzic\u0103, cultur\u0103 sau evenimente mondiale<\/li>\n<li>C\u0103uta\u021bi sfaturi, \u00eemp\u0103rt\u0103\u0219i\u021bi pove\u0219ti sau doar discuta\u021bi pentru distrac\u021bie<\/li>\n<\/ul>\n<p>Varietatea camerelor de chat asigur\u0103 c\u0103 toat\u0103 lumea poate g\u0103si un spa\u021biu \u00een care s\u0103 se simt\u0103 confortabil \u0219i inclus.<\/p>\n<h2>Siguran\u021b\u0103, confiden\u021bialitate \u0219i moderare<\/h2>\n<p>Chatiwi pune mare pre\u021b pe confiden\u021bialitatea utilizatorilor \u0219i pe conversa\u021bia \u00een siguran\u021b\u0103. Iat\u0103 cum men\u021bine platforma sigur\u0103 \u0219i primitoare:<\/p>\n<h3>Confiden\u021bialitate<\/h3>\n<ul>\n<li>Nu este nevoie de crearea unui cont sau de informa\u021bii personale<\/li>\n<li>\u0218edin\u021bele de chat nu sunt arhivate public \u0219i nu pot fi consultate<\/li>\n<li>Utilizatorii interac\u021bioneaz\u0103 prin intermediul poreclelor alese<\/li>\n<\/ul>\n<h3>Modera\u021bie<\/h3>\n<ul>\n<li>Moderatorii live supravegheaz\u0103 camerele publice \u00een timpul orelor de v\u00e2rf<\/li>\n<li>Raportarea \u0219i blocarea \u00een chat permit utilizatorilor s\u0103 semnaleze comportamentul neadecvat sau spam-ul<\/li>\n<li>orient\u0103ri clare ale comunit\u0103\u021bii \u00eempotriva intimid\u0103rii, h\u0103r\u021buirii \u0219i comportamentului perturbator<\/li>\n<\/ul>\n<h3>Control utilizator<\/h3>\n<ul>\n<li>Bloca\u021bi instantaneu sau reduce\u021bi la t\u0103cere orice utilizator care deranjeaz\u0103<\/li>\n<li>Schimba\u021bi cu u\u0219urin\u021b\u0103 camerele sau schimba\u021bi-v\u0103 porecla \u00een orice moment<\/li>\n<li>Trece\u021bi la chat-uri private doar cu utilizatorii \u00een care ave\u021bi \u00eencredere<\/li>\n<\/ul>\n<p>De\u0219i nicio camer\u0103 de chat nu poate garanta o experien\u021b\u0103 perfect\u0103, moderarea activ\u0103 a Chatiwi \u0219i instrumentele de siguran\u021b\u0103 orientate c\u0103tre utilizator o fac o alegere mai bun\u0103 dec\u00e2t majoritatea pentru o conversa\u021bie respectuoas\u0103 \u0219i prietenoas\u0103.<\/p>\n<h2>Experien\u021ba \u0219i designul utilizatorului<\/h2>\n<p>Chatiwi ofer\u0103 o experien\u021b\u0103 de chat lin\u0103 \u0219i intuitiv\u0103:<\/p>\n<ul>\n<li>Pagina de pornire ofer\u0103 o selec\u021bie u\u0219oar\u0103 a camerei \u0219i introducerea poreclei<\/li>\n<li>Camerele de chat se \u00eencarc\u0103 instantaneu, chiar \u0219i pe dispozitive mobile<\/li>\n<li>Livrarea mesajelor este rapid\u0103 \u0219i fiabil\u0103, chiar \u0219i \u00een perioadele aglomerate<\/li>\n<li>Notific\u0103rile \u0219i invita\u021biile la chat privat sunt u\u0219or de gestionat<\/li>\n<li>Comenzile pentru blocare, muting sau raportare sunt vizibile \u0219i u\u0219or de utilizat<\/li>\n<\/ul>\n<p>Chatiwi evit\u0103 aglomera\u021bia, ferestrele pop-up \u0219i meniurile confuze, f\u0103c\u00e2ndu-l accesibil utilizatorilor de toate v\u00e2rstele \u0219i cuno\u0219tin\u021bele tehnice.<\/p>\n<h2>Chatiwi vs alte platforme de chat<\/h2>\n<p>Cum se pozi\u021bioneaz\u0103 Chatiwi fa\u021b\u0103 de predecesorii \u0219i colegii s\u0103i?<\/p>\n<table>\n<thead>\n<tr>\n<th>Caracteristic\u0103<\/th>\n<th>Chatiwi<\/th>\n<th>Chatiw<\/th>\n<th>Chatib<\/th>\n<th>OnlineFreeChat<\/th>\n<th><a href=\"https:\/\/strangercam.com\/ro\/wireclub\/\">Wireclub<\/a><\/th>\n<\/tr>\n<\/thead>\n<tbody>\n<tr>\n<td>Acces gratuit<\/td>\n<td>Da<\/td>\n<td>Da<\/td>\n<td>Da<\/td>\n<td>Da<\/td>\n<td>Da<\/td>\n<\/tr>\n<tr>\n<td>Nu este nevoie de \u00eenregistrare<\/td>\n<td>Da<\/td>\n<td>Da<\/td>\n<td>Da<\/td>\n<td>Da<\/td>\n<td>Nu<\/td>\n<\/tr>\n<tr>\n<td>Camere de chat tematice<\/td>\n<td>Da<\/td>\n<td>Da<\/td>\n<td>Da<\/td>\n<td>Da<\/td>\n<td>Da<\/td>\n<\/tr>\n<tr>\n<td>Mesagerie privat\u0103<\/td>\n<td>Da<\/td>\n<td>Da<\/td>\n<td>Da<\/td>\n<td>Da<\/td>\n<td>Da<\/td>\n<\/tr>\n<tr>\n<td>Asisten\u021b\u0103 mobil\u0103<\/td>\n<td>Excelent\u0103<\/td>\n<td>Bun<\/td>\n<td>Bun<\/td>\n<td>Excelent\u0103<\/td>\n<td>Bun<\/td>\n<\/tr>\n<tr>\n<td>Instrumente de moderare<\/td>\n<td>Puternic<\/td>\n<td>Moderat<\/td>\n<td>Moderat<\/td>\n<td>Puternic<\/td>\n<td>Puternic<\/td>\n<\/tr>\n<tr>\n<td>Reclame<\/td>\n<td>Minimal\u0103<\/td>\n<td>Da<\/td>\n<td>Da<\/td>\n<td>Minimal\u0103<\/td>\n<td>Da<\/td>\n<\/tr>\n<\/tbody>\n<\/table>\n<p>Rezumat: Chatiwi \u00ee\u0219i egaleaz\u0103 sau \u00ee\u0219i dep\u0103\u0219e\u0219te rivalii \u00een fiecare domeniu important - oferind acces instantaneu \u0219i gratuit, design modern \u0219i moderare eficient\u0103, cu un suport mobil mai bun \u0219i o atmosfer\u0103 comunitar\u0103 mai primitoare.<\/p>\n<h2>Avantaje \u0219i dezavantaje<\/h2>\n<p>Avantaje:<\/p>\n<ul>\n<li>100% chat gratuit \u0219i anonim<\/li>\n<li>Nu este necesar\u0103 \u00eenscrierea sau desc\u0103rcarea<\/li>\n<li>Baza de utilizatori global\u0103 prietenoas\u0103 \u0219i activ\u0103<\/li>\n<li>Op\u021biuni de chat de grup \u0219i privat<\/li>\n<li>Interfa\u021b\u0103 rapid\u0103, modern\u0103, cu suport mobil puternic<\/li>\n<li>Moderare activ\u0103 \u0219i instrumente de siguran\u021b\u0103 solide<\/li>\n<\/ul>\n<p>Cons:<\/p>\n<ul>\n<li>Nu exist\u0103 chat video (doar pe baz\u0103 de text)<\/li>\n<li>Utilizatori perturbatori ocazionali, dar de obicei trata\u021bi rapid<\/li>\n<li>F\u0103r\u0103 profiluri pe termen lung sau istoric al utilizatorilor<\/li>\n<li>Popularitatea camerelor poate fluctua \u00een perioadele de v\u00e2rf<\/li>\n<\/ul>\n<h2>Cazuri ideale de utilizare<\/h2>\n<p>Chatiwi este perfect pentru:<\/p>\n<ul>\n<li>Oricine a apreciat clasicul Chatiw sau Chatib, dar dore\u0219te o experien\u021b\u0103 mai modern\u0103, prietenoas\u0103 cu mobilul<\/li>\n<li>Oameni care caut\u0103 o modalitate rapid\u0103, gratuit\u0103 \u0219i u\u0219oar\u0103 de a discuta cu str\u0103inii<\/li>\n<li>Expatria\u021bi, c\u0103l\u0103tori sau persoane care \u00eenva\u021b\u0103 limbi str\u0103ine care doresc s\u0103 se conecteze la nivel mondial<\/li>\n<li>Utilizatori care apreciaz\u0103 confiden\u021bialitatea \u0219i simplitatea \u00een socializarea online<\/li>\n<\/ul>\n<p>Mai pu\u021bin ideal pentru:<\/p>\n<ul>\n<li>Cei care caut\u0103 \u00een mod special platforme de chat video<\/li>\n<li>Utilizatori sub 18 ani (platforma este destinat\u0103 exclusiv adul\u021bilor)<\/li>\n<li>Persoane care doresc func\u021bii avansate de potrivire sau \u00eent\u00e2lnire<\/li>\n<\/ul>\n<p>Chatiwi este o alternativ\u0103 de top la Chatiw \u0219i Chatib, oferind cele mai bune camere de chat online clasice cu o \u00eentors\u0103tur\u0103 modern\u0103. Rapid, gratuit, anonim \u0219i preg\u0103tit pentru mobil, este una dintre cele mai simple modalit\u0103\u021bi de a cunoa\u0219te oameni noi, de a v\u0103 face prieteni sau de a v\u0103 bucura de un chat de grup animat \u00een 2025.<\/p>\n<p>Cu o moderare eficient\u0103, un design u\u0219or de utilizat \u0219i o comunitate global\u0103 primitoare, Chatiwi ofer\u0103 exact ceea ce utilizatorii doresc de la o platform\u0103 de chat - conversa\u021bii spontane, autentice \u0219i sigure, oric\u00e2nd \u0219i oriunde.<\/p>\n<p>Dac\u0103 sunte\u021bi \u00een c\u0103utarea unei camere de chat simple \u0219i accesibile la care s\u0103 v\u0103 al\u0103tura\u021bi ast\u0103zi, Chatiwi merit\u0103 neap\u0103rat o \u00eencercare.<\/p>","protected":false},"excerpt":{"rendered":"<p>The world of online chat rooms has evolved rapidly, but the demand for simple, instant, and anonymous social platforms is stronger than ever. As older sites like Chatiw and Chatib struggle to keep up with modern user expectations, Chatiwi steps in as a new alternative\u2014offering classic live chat rooms, private messaging, and a friendly, global [&hellip;]<\/p>\n","protected":false},"author":6,"featured_media":0,"parent":0,"menu_order":0,"comment_status":"closed","ping_status":"closed","template":"","meta":{"footnotes":""},"class_list":["post-12942","page","type-page","status-publish","hentry"],"yoast_head":"<!-- This site is optimized with the Yoast SEO plugin v27.4 - https:\/\/yoast.com\/product\/yoast-seo-wordpress\/ -->\n<title>Chatiwi - Your Anonymous Encrypted Chat - StrangerCam<\/title>\n<meta name=\"description\" content=\"Like Chatiwi? Come chat with more than 5.000.000 strangers on Stranger Cam for Free! Turn on your cam and find new friends &amp; maby a match!\" \/>\n<meta name=\"robots\" content=\"index, follow, max-snippet:-1, max-image-preview:large, max-video-preview:-1\" \/>\n<link rel=\"canonical\" href=\"https:\/\/strangercam.com\/ro\/chatiwi\/\" \/>\n<meta property=\"og:locale\" content=\"ro_RO\" \/>\n<meta property=\"og:type\" content=\"article\" \/>\n<meta property=\"og:title\" content=\"Chatiwi - Your Anonymous Encrypted Chat - StrangerCam\" \/>\n<meta property=\"og:description\" content=\"Like Chatiwi? Come chat with more than 5.000.000 strangers on Stranger Cam for Free! Turn on your cam and find new friends &amp; maby a match!\" \/>\n<meta property=\"og:url\" content=\"https:\/\/strangercam.com\/ro\/chatiwi\/\" \/>\n<meta property=\"og:site_name\" content=\"Strangercam\" \/>\n<meta property=\"article:publisher\" content=\"https:\/\/www.facebook.com\/strangercam\" \/>\n<meta property=\"og:image\" content=\"https:\/\/strangercam.com\/wp-content\/uploads\/2021\/10\/Untitled-2.png\" \/>\n\t<meta property=\"og:image:width\" content=\"800\" \/>\n\t<meta property=\"og:image:height\" content=\"532\" \/>\n\t<meta property=\"og:image:type\" content=\"image\/png\" \/>\n<meta name=\"twitter:card\" content=\"summary_large_image\" \/>\n<meta name=\"twitter:site\" content=\"@strangercamapp\" \/>\n<meta name=\"twitter:label1\" content=\"Timp estimat pentru citire\" \/>\n\t<meta name=\"twitter:data1\" content=\"6 minute\" \/>\n<script type=\"application\/ld+json\" class=\"yoast-schema-graph\">{\"@context\":\"https:\\\/\\\/schema.org\",\"@graph\":[{\"@type\":\"WebPage\",\"@id\":\"https:\\\/\\\/strangercam.com\\\/chatiwi\\\/\",\"url\":\"https:\\\/\\\/strangercam.com\\\/chatiwi\\\/\",\"name\":\"Chatiwi - Your Anonymous Encrypted Chat - StrangerCam\",\"isPartOf\":{\"@id\":\"https:\\\/\\\/strangercam.com\\\/#website\"},\"datePublished\":\"2025-07-28T09:02:46+00:00\",\"description\":\"Like Chatiwi? Come chat with more than 5.000.000 strangers on Stranger Cam for Free! Turn on your cam and find new friends & maby a match!\",\"breadcrumb\":{\"@id\":\"https:\\\/\\\/strangercam.com\\\/chatiwi\\\/#breadcrumb\"},\"inLanguage\":\"ro-RO\",\"potentialAction\":[{\"@type\":\"ReadAction\",\"target\":[\"https:\\\/\\\/strangercam.com\\\/chatiwi\\\/\"]}]},{\"@type\":\"BreadcrumbList\",\"@id\":\"https:\\\/\\\/strangercam.com\\\/chatiwi\\\/#breadcrumb\",\"itemListElement\":[{\"@type\":\"ListItem\",\"position\":1,\"name\":\"Home\",\"item\":\"https:\\\/\\\/strangercam.com\\\/\"},{\"@type\":\"ListItem\",\"position\":2,\"name\":\"Chatiwi\"}]},{\"@type\":\"WebSite\",\"@id\":\"https:\\\/\\\/strangercam.com\\\/#website\",\"url\":\"https:\\\/\\\/strangercam.com\\\/\",\"name\":\"Strangercam\",\"description\":\"Random Video Chat with Strangers\",\"publisher\":{\"@id\":\"https:\\\/\\\/strangercam.com\\\/#organization\"},\"alternateName\":\"Strangercam.com\",\"potentialAction\":[{\"@type\":\"SearchAction\",\"target\":{\"@type\":\"EntryPoint\",\"urlTemplate\":\"https:\\\/\\\/strangercam.com\\\/?s={search_term_string}\"},\"query-input\":{\"@type\":\"PropertyValueSpecification\",\"valueRequired\":true,\"valueName\":\"search_term_string\"}}],\"inLanguage\":\"ro-RO\"},{\"@type\":\"Organization\",\"@id\":\"https:\\\/\\\/strangercam.com\\\/#organization\",\"name\":\"Strangercam\",\"alternateName\":\"Strangercam.com\",\"url\":\"https:\\\/\\\/strangercam.com\\\/\",\"logo\":{\"@type\":\"ImageObject\",\"inLanguage\":\"ro-RO\",\"@id\":\"https:\\\/\\\/strangercam.com\\\/#\\\/schema\\\/logo\\\/image\\\/\",\"url\":\"https:\\\/\\\/strangercam.com\\\/wp-content\\\/uploads\\\/2020\\\/11\\\/cropped-new-favicon-black.png\",\"contentUrl\":\"https:\\\/\\\/strangercam.com\\\/wp-content\\\/uploads\\\/2020\\\/11\\\/cropped-new-favicon-black.png\",\"width\":512,\"height\":512,\"caption\":\"Strangercam\"},\"image\":{\"@id\":\"https:\\\/\\\/strangercam.com\\\/#\\\/schema\\\/logo\\\/image\\\/\"},\"sameAs\":[\"https:\\\/\\\/www.facebook.com\\\/strangercam\",\"https:\\\/\\\/x.com\\\/strangercamapp\"]}]}<\/script>\n<!-- \/ Yoast SEO plugin. -->","yoast_head_json":{"title":"Chatiwi - Chat-ul t\u0103u anonim criptat - StrangerCam","description":"\u00ce\u021bi place Chatiwi? Vino s\u0103 vorbe\u0219ti cu mai mult de 5.000.000 de str\u0103ini pe Stranger Cam gratuit! Porne\u0219te-\u021bi camera \u0219i g\u0103se\u0219te prieteni noi \u0219i poate o pereche!","robots":{"index":"index","follow":"follow","max-snippet":"max-snippet:-1","max-image-preview":"max-image-preview:large","max-video-preview":"max-video-preview:-1"},"canonical":"https:\/\/strangercam.com\/ro\/chatiwi\/","og_locale":"ro_RO","og_type":"article","og_title":"Chatiwi - Your Anonymous Encrypted Chat - StrangerCam","og_description":"Like Chatiwi? Come chat with more than 5.000.000 strangers on Stranger Cam for Free! Turn on your cam and find new friends & maby a match!","og_url":"https:\/\/strangercam.com\/ro\/chatiwi\/","og_site_name":"Strangercam","article_publisher":"https:\/\/www.facebook.com\/strangercam","og_image":[{"width":800,"height":532,"url":"https:\/\/strangercam.com\/wp-content\/uploads\/2021\/10\/Untitled-2.png","type":"image\/png"}],"twitter_card":"summary_large_image","twitter_site":"@strangercamapp","twitter_misc":{"Timp estimat pentru citire":"6 minute"},"schema":{"@context":"https:\/\/schema.org","@graph":[{"@type":"WebPage","@id":"https:\/\/strangercam.com\/chatiwi\/","url":"https:\/\/strangercam.com\/chatiwi\/","name":"Chatiwi - Chat-ul t\u0103u anonim criptat - StrangerCam","isPartOf":{"@id":"https:\/\/strangercam.com\/#website"},"datePublished":"2025-07-28T09:02:46+00:00","description":"\u00ce\u021bi place Chatiwi? Vino s\u0103 vorbe\u0219ti cu mai mult de 5.000.000 de str\u0103ini pe Stranger Cam gratuit! Porne\u0219te-\u021bi camera \u0219i g\u0103se\u0219te prieteni noi \u0219i poate o pereche!","breadcrumb":{"@id":"https:\/\/strangercam.com\/chatiwi\/#breadcrumb"},"inLanguage":"ro-RO","potentialAction":[{"@type":"ReadAction","target":["https:\/\/strangercam.com\/chatiwi\/"]}]},{"@type":"BreadcrumbList","@id":"https:\/\/strangercam.com\/chatiwi\/#breadcrumb","itemListElement":[{"@type":"ListItem","position":1,"name":"Home","item":"https:\/\/strangercam.com\/"},{"@type":"ListItem","position":2,"name":"Chatiwi"}]},{"@type":"WebSite","@id":"https:\/\/strangercam.com\/#website","url":"https:\/\/strangercam.com\/","name":"Strangercam","description":"Chat video aleatoriu cu str\u0103ini","publisher":{"@id":"https:\/\/strangercam.com\/#organization"},"alternateName":"Strangercam.com","potentialAction":[{"@type":"SearchAction","target":{"@type":"EntryPoint","urlTemplate":"https:\/\/strangercam.com\/?s={search_term_string}"},"query-input":{"@type":"PropertyValueSpecification","valueRequired":true,"valueName":"search_term_string"}}],"inLanguage":"ro-RO"},{"@type":"Organization","@id":"https:\/\/strangercam.com\/#organization","name":"Strangercam","alternateName":"Strangercam.com","url":"https:\/\/strangercam.com\/","logo":{"@type":"ImageObject","inLanguage":"ro-RO","@id":"https:\/\/strangercam.com\/#\/schema\/logo\/image\/","url":"https:\/\/strangercam.com\/wp-content\/uploads\/2020\/11\/cropped-new-favicon-black.png","contentUrl":"https:\/\/strangercam.com\/wp-content\/uploads\/2020\/11\/cropped-new-favicon-black.png","width":512,"height":512,"caption":"Strangercam"},"image":{"@id":"https:\/\/strangercam.com\/#\/schema\/logo\/image\/"},"sameAs":["https:\/\/www.facebook.com\/strangercam","https:\/\/x.com\/strangercamapp"]}]}},"_links":{"self":[{"href":"https:\/\/strangercam.com\/ro\/wp-json\/wp\/v2\/pages\/12942","targetHints":{"allow":["GET"]}}],"collection":[{"href":"https:\/\/strangercam.com\/ro\/wp-json\/wp\/v2\/pages"}],"about":[{"href":"https:\/\/strangercam.com\/ro\/wp-json\/wp\/v2\/types\/page"}],"author":[{"embeddable":true,"href":"https:\/\/strangercam.com\/ro\/wp-json\/wp\/v2\/users\/6"}],"replies":[{"embeddable":true,"href":"https:\/\/strangercam.com\/ro\/wp-json\/wp\/v2\/comments?post=12942"}],"version-history":[{"count":1,"href":"https:\/\/strangercam.com\/ro\/wp-json\/wp\/v2\/pages\/12942\/revisions"}],"predecessor-version":[{"id":12943,"href":"https:\/\/strangercam.com\/ro\/wp-json\/wp\/v2\/pages\/12942\/revisions\/12943"}],"wp:attachment":[{"href":"https:\/\/strangercam.com\/ro\/wp-json\/wp\/v2\/media?parent=12942"}],"curies":[{"name":"wp","href":"https:\/\/api.w.org\/{rel}","templated":true}]}}