{"id":12939,"date":"2025-07-28T11:00:18","date_gmt":"2025-07-28T09:00:18","guid":{"rendered":"https:\/\/strangercam.com\/?page_id=12939"},"modified":"2025-07-28T11:00:18","modified_gmt":"2025-07-28T09:00:18","slug":"chitchattv","status":"publish","type":"page","link":"https:\/\/strangercam.com\/ro\/chitchattv\/","title":{"rendered":"ChitChatTV"},"content":{"rendered":"<p>Odat\u0103 cu cre\u0219terea (\u0219i uneori sc\u0103derea) videoclipurilor populare <a href=\"https:\/\/strangercam.com\/ro\/chathub\/\">chat<\/a> aplica\u021bii precum Monkey, Azar \u0219i <a href=\"https:\/\/strangercam.com\/ro\/ometv\/\">OmeTV<\/a>, scena chat-ului online nu a fost niciodat\u0103 mai competitiv\u0103 - sau mai inovatoare. ChitChatTV este un nou concurent \u00een spa\u021biul de chat video aleatoriu, promi\u021b\u00e2nd conexiuni instantanee, globale, unu-la-unu \u0219i o experien\u021b\u0103 plin\u0103 de via\u021b\u0103, prietenoas\u0103 pentru mobil, care se adreseaz\u0103 genera\u021biei TikTok \u0219i nu numai.<\/p>\n<p>Ofer\u0103 ChitChatTV ceea ce au l\u0103sat predecesorii s\u0103i? Cum func\u021bioneaz\u0103, cui se adreseaz\u0103 \u0219i este cu adev\u0103rat cel mai bun mod nou de a <a href=\"https:\/\/strangercam.com\/ro\/coomeet\/\">\u00eent\u00e2lnire<\/a> str\u0103ini online? \u00cen aceast\u0103 analiz\u0103 detaliat\u0103, explor\u0103m tot ce trebuie s\u0103 \u0219ti\u021bi despre ChitChatTV: caracteristicile sale, experien\u021ba utilizatorului, standardele de siguran\u021b\u0103 \u0219i modul \u00een care se compar\u0103 cu cele mai mari nume din video chat pentru 2025.<\/p>\n<h2>Ce este ChitChatTV?<\/h2>\n<p>ChitChatTV este o platform\u0103 modern\u0103 de chat video aleatoriu, bazat\u0103 pe browser, care v\u0103 conecteaz\u0103 instantaneu la str\u0103ini din \u00eentreaga lume pentru conversa\u021bii private, live, fa\u021b\u0103 \u00een fa\u021b\u0103. La fel ca Monkey \u0219i OmeTV, ChitChatTV este conceput pentru conexiuni spontane, \u00een timp real, f\u0103r\u0103 a fi necesar\u0103 \u00eenscrierea \u0219i cu accent pe vitez\u0103, simplitate \u0219i distrac\u021bie.<\/p>\n<p>Platforma se adreseaz\u0103 unei audien\u021be diverse, interna\u021bionale - indiferent dac\u0103 dori\u021bi s\u0103 v\u0103 face\u021bi prieteni, s\u0103 exersa\u021bi o limb\u0103, s\u0103 flirta\u021bi sau pur \u0219i simplu s\u0103 v\u0103 petrece\u021bi timpul \u00eentr-un mediu social sigur. Cu un design puternic axat pe mobil, ChitChatTV este u\u0219or de utilizat at\u00e2t pe telefoane, c\u00e2t \u0219i pe desktop-uri, fiind accesibil utilizatorilor oriunde s-ar afla.<\/p>\n<h2>Care este scopul ChitChatTV?<\/h2>\n<p>Misiunea ChitChatTV este de a re\u00eenvia entuziasmul de a \u00eent\u00e2lni oameni noi online \u00eentr-un mediu sigur, u\u0219or de utilizat \u0219i modern. Se eviden\u021biaz\u0103 prin accentul pus pe:<\/p>\n<ul>\n<li>Acces rapid, f\u0103r\u0103 fric\u021biuni - f\u0103r\u0103 desc\u0103rc\u0103ri, f\u0103r\u0103 profiluri, f\u0103r\u0103 re\u021bele sociale necesare<\/li>\n<li>Interac\u021biune uman\u0103 real\u0103, f\u0103r\u0103 scenariu, mai degrab\u0103 dec\u00e2t con\u021binut curatoriat sau algoritmic<\/li>\n<li>O atmosfer\u0103 proasp\u0103t\u0103, tinereasc\u0103, care atrage at\u00e2t Genera\u021bia Z, c\u00e2t \u0219i milenialii care caut\u0103 experien\u021be sociale digitale mai autentice<\/li>\n<\/ul>\n<p>Fie c\u0103 dori\u021bi s\u0103 r\u00e2de\u021bi rapid, s\u0103 v\u0103 face\u021bi un prieten interna\u021bional sau s\u0103 sc\u0103pa\u021bi de plictiseal\u0103, ChitChatTV este conceput pentru a fi locul \u00een care \u00eencep conversa\u021biile globale.<\/p>\n<h2>Caracteristici principale<\/h2>\n<p>1. Chat video instantaneu aleatoriu<br \/>\nCaracteristica principal\u0103 a ChitChatTV este chat-ul video unu-la-unu: face\u021bi clic pentru a \u00eencepe \u0219i ve\u021bi fi \u00eemperecheat instantaneu cu un alt utilizator online pentru o conversa\u021bie privat\u0103, live. Nu exist\u0103 a\u0219teptare pentru aprob\u0103ri, potrivire sau cozi \u00een camer\u0103 - doar tu \u0219i partenerul t\u0103u de chat, fa\u021b\u0103 \u00een fa\u021b\u0103.<\/p>\n<p>2. Butonul Next\/Skip pentru potrivire rapid\u0103<br \/>\nDac\u0103 nu v\u0103 place o anumit\u0103 conversa\u021bie, pute\u021bi s\u0103ri instantaneu la urm\u0103torul utilizator. Aceast\u0103 experien\u021b\u0103 cu cicluri rapide imit\u0103 stilul rapid \u0219i captivant care a f\u0103cut ca Monkey \u0219i <a href=\"https:\/\/strangercam.com\/ro\/omegle\/\">Omegle<\/a> populare.<\/p>\n<p>3. Chat text \u0219i Emojis<br \/>\nPe l\u00e2ng\u0103 video, pute\u021bi trimite mesaje text \u0219i emoji \u00een cadrul chat-ului. Acest lucru este perfect pentru a sparge ghea\u021ba, a \u00eemp\u0103rt\u0103\u0219i glume sau a comunica atunci c\u00e2nd exist\u0103 bariere lingvistice.<\/p>\n<p>4. F\u0103r\u0103 \u00eenregistrare sau creare de cont<br \/>\nChitChatTV este despre confiden\u021bialitate \u0219i vitez\u0103. Utilizatorii nu trebuie s\u0103 se \u00eenregistreze sau s\u0103 furnizeze detalii personale pentru a \u00eencepe chat-ul, ceea ce men\u021bine experien\u021ba anonim\u0103 \u0219i f\u0103r\u0103 complica\u021bii.<\/p>\n<p>5. Mobile-First, design responsiv<br \/>\nPlatforma func\u021bioneaz\u0103 perfect at\u00e2t pe browserele mobile, c\u00e2t \u0219i pe cele desktop. Interfa\u021ba cu utilizatorul este optimizat\u0103 pentru atingere, se \u00eencarc\u0103 rapid \u0219i este u\u0219or de navigat, ceea ce o face ideal\u0103 pentru chat-ul din mers.<\/p>\n<p>6. Acoperire global\u0103 \u0219i comunitate multilingv\u0103<br \/>\nChitChatTV conecteaz\u0103 oameni din \u00eentreaga lume, facilit\u00e2nd \u00eent\u00e2lnirea cu noi prieteni, exersarea diferitelor limbi \u0219i experimentarea unei variet\u0103\u021bi de culturi \u00een timp real.<\/p>\n<p>7. Instrumente de siguran\u021b\u0103 \u0219i moderare<br \/>\nSiguran\u021ba utilizatorilor este sus\u021binut\u0103 de un buton de raportare \u00een chat \u0219i de sisteme de moderare (at\u00e2t bazate pe inteligen\u021b\u0103 artificial\u0103, c\u00e2t \u0219i revizuite de oameni) care au ca scop limitarea comportamentelor nepotrivite \u0219i men\u021binerea unei platforme primitoare pentru to\u021bi.<\/p>\n<h2>ChitChatTV este gratuit?<\/h2>\n<p>Da, ChitChatTV este complet gratuit de utilizat. Exist\u0103:<\/p>\n<ul>\n<li>F\u0103r\u0103 paywalls, abonamente sau jetoane<\/li>\n<li>Acces nelimitat la chat video \u0219i text<\/li>\n<li>Nu este nevoie de conturi premium pentru a debloca func\u021bii<\/li>\n<\/ul>\n<p>De\u0219i pot exista reclame ocazionale neintruzive pentru a sus\u021bine platforma, to\u021bi utilizatorii au acces egal la experien\u021ba principal\u0103 de chat.<\/p>\n<h2>Cine utilizeaz\u0103 ChitChatTV?<\/h2>\n<p>Designul \u0219i vibra\u021bia lui ChitChatTV atrag un public interna\u021bional larg:<\/p>\n<ul>\n<li>Intervalul de v\u00e2rst\u0103: \u00cen principal 18-30 de ani, dar particip\u0103 adul\u021bi de toate v\u00e2rstele<\/li>\n<li>Baza de utilizatori: Studen\u021bi, tineri profesioni\u0219ti, c\u0103l\u0103tori, nomazi digitali, persoane care \u00eenva\u021b\u0103 limbi str\u0103ine \u0219i vorbitori ocazionali<\/li>\n<li>Loca\u021bii: Baze de utilizatori activi \u00een Statele Unite, Marea Britanie, Europa, Brazilia, India, Asia de Sud-Est \u0219i multe altele<\/li>\n<\/ul>\n<p>Oamenii se al\u0103tur\u0103 ChitChatTV pentru o varietate de motive:<\/p>\n<ul>\n<li>\u00ee\u0219i fac prieteni noi \u0219i \u00ee\u0219i extind cercul social global<\/li>\n<li>Flirtezi sau g\u0103se\u0219ti persoane care g\u00e2ndesc la fel \u00eentr-un spa\u021biu sigur, f\u0103r\u0103 presiune<\/li>\n<li>Practicarea limbilor str\u0103ine sau \u00eenv\u0103\u021barea despre culturi diferite<\/li>\n<li>Trecerea timpului, sc\u0103parea de plictiseal\u0103 sau c\u0103utarea unor conversa\u021bii autentice<\/li>\n<\/ul>\n<h2>Siguran\u021b\u0103, confiden\u021bialitate \u0219i moderare<\/h2>\n<p>ChitChatTV \u00een\u021belege c\u0103 confiden\u021bialitatea \u0219i siguran\u021ba sunt cruciale pentru platformele de chat video \u0219i implementeaz\u0103 mai multe m\u0103suri pentru a proteja utilizatorii:<\/p>\n<h3>Confiden\u021bialitate<\/h3>\n<ul>\n<li>Nu sunt necesare conturi, \u00eenscrieri sau informa\u021bii personale<\/li>\n<li>Conversa\u021biile nu sunt salvate sau f\u0103cute publice<\/li>\n<li>Controla\u021bi \u00een permanen\u021b\u0103 accesul la camera web \u0219i la microfon<\/li>\n<\/ul>\n<h3>Modera\u021bie<\/h3>\n<ul>\n<li>Raportare \u00een timp real \u00een chat: Raporta\u021bi cu u\u0219urin\u021b\u0103 orice comportament inadecvat<\/li>\n<li>Detec\u021bie bazat\u0103 pe inteligen\u021b\u0103 artificial\u0103: Filtreaz\u0103 \u0219i blocheaz\u0103 anumite con\u021binuturi explicite<\/li>\n<li>Moderatori umani: Verific\u0103 utilizatorii marca\u021bi \u0219i aplic\u0103 liniile directoare ale comunit\u0103\u021bii<\/li>\n<li>Blocare rapid\u0103: S\u0103ri\u021bi sau bloca\u021bi instantaneu pe oricine v\u0103 face s\u0103 v\u0103 sim\u021bi\u021bi inconfortabil<\/li>\n<\/ul>\n<h3>Sfaturi pentru utilizatori<\/h3>\n<ul>\n<li>Nu partaja\u021bi niciodat\u0103 detalii personale, cum ar fi numele complet, adresa sau linkurile c\u0103tre re\u021belele sociale<\/li>\n<li>Utiliza\u021bi butoanele \"Urm\u0103torul\" \u0219i \"Raport\" dup\u0103 cum este necesar<\/li>\n<li>\u00cencheia\u021bi orice discu\u021bie care vi se pare incomod\u0103 sau suspect\u0103<\/li>\n<\/ul>\n<p>ChitChatTV este doar pentru adul\u021bi (18+), iar utilizatorii sunt \u00eencuraja\u021bi s\u0103 p\u0103streze interac\u021biunile respectuoase \u0219i u\u0219oare.<\/p>\n<h2>Experien\u021ba \u0219i designul utilizatorului<\/h2>\n<p>ChitChatTV ofer\u0103 o interfa\u021b\u0103 modern\u0103, simpl\u0103 \u0219i intuitiv\u0103. Pagina de pornire prezint\u0103 un buton \u00eendr\u0103zne\u021b \"Start Chat\" \u0219i informa\u021bii clare despre confiden\u021bialitate \u0219i reguli. Cu doar dou\u0103 clicuri, sunte\u021bi \u00een direct \u00eentr-un chat privat.<\/p>\n<p>Puncte forte:<\/p>\n<ul>\n<li>\u00cenc\u0103rcare rapid\u0103 \u0219i potrivire aproape instantanee<\/li>\n<li>Ferestre video mari \u0219i clare pentru conversa\u021bii facile fa\u021b\u0103 \u00een fa\u021b\u0103<\/li>\n<li>Comenzi u\u0219oare pentru dezactivarea, ignorarea, raportarea \u0219i \u00eencheierea discu\u021biilor<\/li>\n<li>Layout curat, u\u0219or, f\u0103r\u0103 pop-up-uri sau dezordine<\/li>\n<li>Compatibilitate mobil\u0103 puternic\u0103 pentru chat oriunde, oric\u00e2nd<\/li>\n<\/ul>\n<p>\u00cen compara\u021bie cu site-urile de chat tradi\u021bionale, ChitChatTV este mai u\u0219or, mai rapid \u0219i mai captivant - \u00een special pentru publicul t\u00e2n\u0103r, care \u0219tie s\u0103 foloseasc\u0103 telefonul mobil.<\/p>\n<h2>ChitChatTV vs alte platforme de chat video<\/h2>\n<p>Cum se compar\u0103 ChitChatTV cu principalele aplica\u021bii de video chat \u00een 2025?<\/p>\n<table>\n<thead>\n<tr>\n<th>Caracteristic\u0103<\/th>\n<th>ChitChatTV<\/th>\n<th>Maimu\u021b\u0103<\/th>\n<th>Azar<\/th>\n<th>OmeTV<\/th>\n<th>Chaty<\/th>\n<\/tr>\n<\/thead>\n<tbody>\n<tr>\n<td>Chat video aleatoriu<\/td>\n<td>Da<\/td>\n<td>Da<\/td>\n<td>Da<\/td>\n<td>Da<\/td>\n<td>Da<\/td>\n<\/tr>\n<tr>\n<td>Op\u021biune chat text<\/td>\n<td>Da<\/td>\n<td>Da<\/td>\n<td>Da<\/td>\n<td>Da<\/td>\n<td>Da<\/td>\n<\/tr>\n<tr>\n<td>\u00cenregistrare necesar\u0103<\/td>\n<td>Nu<\/td>\n<td>Da<\/td>\n<td>Da<\/td>\n<td>Nu<\/td>\n<td>Nu<\/td>\n<\/tr>\n<tr>\n<td>Mobil prietenos<\/td>\n<td>Excelent\u0103<\/td>\n<td>Excelent\u0103<\/td>\n<td>Excelent\u0103<\/td>\n<td>Bun<\/td>\n<td>Excelent\u0103<\/td>\n<\/tr>\n<tr>\n<td>Filtre de gen\/regiune<\/td>\n<td>Nu<\/td>\n<td>Nu<\/td>\n<td>Pl\u0103tite<\/td>\n<td>Pl\u0103tite<\/td>\n<td>Nu<\/td>\n<\/tr>\n<tr>\n<td>Utilizare gratuit\u0103<\/td>\n<td>Da<\/td>\n<td>Da<\/td>\n<td>Da\/Paid<\/td>\n<td>Da\/Paid<\/td>\n<td>Da<\/td>\n<\/tr>\n<tr>\n<td>Moderare\/Raportare<\/td>\n<td>Bun<\/td>\n<td>Moderat<\/td>\n<td>Bun<\/td>\n<td>Puternic<\/td>\n<td>Moderat<\/td>\n<\/tr>\n<\/tbody>\n<\/table>\n<p>Rezumat: ChitChatTV se potrive\u0219te \u00eendeaproape cu vibra\u021bia spontan\u0103 \u0219i rapid\u0103 a lui Monkey \u0219i Azar, dar iese \u00een eviden\u021b\u0103 prin abordarea sa cu adev\u0103rat anonim\u0103, f\u0103r\u0103 \u00eenregistrare obligatorie \u0219i prin asisten\u021ba mobil\u0103 excelent\u0103.<\/p>\n<h2>Avantaje \u0219i dezavantaje<\/h2>\n<p>Avantaje:<\/p>\n<ul>\n<li>100% gratuit \u0219i accesibil - nu este nevoie de \u00eenscriere sau aplica\u021bie<\/li>\n<li>Potrivire rapid\u0103 \u0219i anonim\u0103 pentru chat video global unu-la-unu<\/li>\n<li>Interfa\u021b\u0103 modern\u0103, optimizat\u0103 pentru mobil<\/li>\n<li>Chat text simplu \u0219i suport emoji<\/li>\n<li>Instrumente robuste de siguran\u021b\u0103, raportare \u0219i moderare<\/li>\n<li>Binevenit pentru utilizatorii din \u00eentreaga lume<\/li>\n<\/ul>\n<p>Cons:<\/p>\n<ul>\n<li>Nu exist\u0103 filtre pentru gen sau regiune (meciurile sunt complet aleatorii)<\/li>\n<li>Comportament inadecvat ocazional, \u00een ciuda modera\u021biei<\/li>\n<li>Mai mul\u021bi utilizatori b\u0103rba\u021bi dec\u00e2t femei (comun \u00een aceast\u0103 ni\u0219\u0103)<\/li>\n<li>F\u0103r\u0103 profiluri, liste de prieteni sau posibilitatea de reconectare<\/li>\n<li>Doar pentru adul\u021bi (18+)<\/li>\n<\/ul>\n<h2>Cazuri ideale de utilizare<\/h2>\n<p>ChitChatTV este perfect pentru:<\/p>\n<ul>\n<li>Fanii lui Monkey, OmeTV \u0219i Azar caut\u0103 o experien\u021b\u0103 nou\u0103 \u0219i anonim\u0103 de video chat<\/li>\n<li>Tineri adul\u021bi \u0219i studen\u021bi care doresc s\u0103 \u00ee\u0219i extind\u0103 re\u021beaua social\u0103 global\u0103<\/li>\n<li>\u00cenv\u0103\u021b\u0103tori de limbi str\u0103ine, c\u0103l\u0103tori \u0219i expatria\u021bi care doresc un schimb cultural spontan<\/li>\n<li>Oricine dore\u0219te s\u0103 petreac\u0103 timpul, s\u0103-\u0219i fac\u0103 prieteni sau s\u0103 g\u0103seasc\u0103 un partener de chat \u00eentr-un mediu sigur<\/li>\n<\/ul>\n<p>Este mai pu\u021bin ideal pentru:<\/p>\n<ul>\n<li>Utilizatori sub 18 ani (cerin\u021be stricte privind v\u00e2rsta)<\/li>\n<li>Cei care caut\u0103 filtre specifice pentru \u00eent\u00e2lniri, potriviri sau rela\u021bii pe termen lung<\/li>\n<li>Oamenii nu se simt confortabil cu interac\u021biunea video live, f\u0103r\u0103 scenariu<\/li>\n<\/ul>\n<p>ChitChatTV este o alternativ\u0103 modern\u0103 \u0219i u\u0219or de utilizat la cele mai populare platforme de chat video aleatorii, aduc\u00e2nd conexiuni rapide, anonime \u0219i globale pentru urm\u0103toarea genera\u021bie de chateri online. Cu interfa\u021ba sa curat\u0103, designul mobil \u0219i angajamentul fa\u021b\u0103 de confiden\u021bialitatea utilizatorilor, ChitChatTV capteaz\u0103 emo\u021bia chat-ului clasic <a href=\"https:\/\/strangercam.com\/ro\/chatroulette\/\">rulet\u0103<\/a> dar cu o senza\u021bie mai sigur\u0103 \u0219i mai proasp\u0103t\u0103 pentru 2025.<\/p>\n<p>Dac\u0103 sunte\u021bi gata s\u0103 descoperi\u021bi fe\u021be noi, s\u0103 v\u0103 face\u021bi prieteni sau doar s\u0103 v\u0103 distra\u021bi vorbind cu str\u0103ini din \u00eentreaga lume, ChitChatTV merit\u0103 neap\u0103rat \u00eencercat - f\u0103r\u0103 \u00eenscriere, f\u0103r\u0103 probleme, doar conversa\u021bii \u00een direct.<\/p>","protected":false},"excerpt":{"rendered":"<p>With the rise (and sometimes fall) of popular video chat apps like Monkey, Azar, and OmeTV, the online chat scene has never been more competitive\u2014or more innovative. ChitChatTV is a new contender in the random video chat space, promising instant, global, one-on-one connections and a lively, mobile-friendly experience that appeals to the TikTok generation and [&hellip;]<\/p>\n","protected":false},"author":6,"featured_media":0,"parent":0,"menu_order":0,"comment_status":"closed","ping_status":"closed","template":"","meta":{"footnotes":""},"class_list":["post-12939","page","type-page","status-publish","hentry"],"yoast_head":"<!-- This site is optimized with the Yoast SEO plugin v27.4 - https:\/\/yoast.com\/product\/yoast-seo-wordpress\/ -->\n<title>ChitChatTV - ChitChat Video Chat - StrangerCam<\/title>\n<meta name=\"description\" content=\"Like ChitChatTV? Come chat with more than 5.000.000 strangers on Stranger Cam for Free! Turn on your cam and find new friends &amp; maby a match!\" \/>\n<meta name=\"robots\" content=\"index, follow, max-snippet:-1, max-image-preview:large, max-video-preview:-1\" \/>\n<link rel=\"canonical\" href=\"https:\/\/strangercam.com\/ro\/chitchattv\/\" \/>\n<meta property=\"og:locale\" content=\"ro_RO\" \/>\n<meta property=\"og:type\" content=\"article\" \/>\n<meta property=\"og:title\" content=\"ChitChatTV - ChitChat Video Chat - StrangerCam\" \/>\n<meta property=\"og:description\" content=\"Like ChitChatTV? Come chat with more than 5.000.000 strangers on Stranger Cam for Free! Turn on your cam and find new friends &amp; maby a match!\" \/>\n<meta property=\"og:url\" content=\"https:\/\/strangercam.com\/ro\/chitchattv\/\" \/>\n<meta property=\"og:site_name\" content=\"Strangercam\" \/>\n<meta property=\"article:publisher\" content=\"https:\/\/www.facebook.com\/strangercam\" \/>\n<meta property=\"og:image\" content=\"https:\/\/strangercam.com\/wp-content\/uploads\/2021\/10\/Untitled-2.png\" \/>\n\t<meta property=\"og:image:width\" content=\"800\" \/>\n\t<meta property=\"og:image:height\" content=\"532\" \/>\n\t<meta property=\"og:image:type\" content=\"image\/png\" \/>\n<meta name=\"twitter:card\" content=\"summary_large_image\" \/>\n<meta name=\"twitter:site\" content=\"@strangercamapp\" \/>\n<meta name=\"twitter:label1\" content=\"Timp estimat pentru citire\" \/>\n\t<meta name=\"twitter:data1\" content=\"6 minute\" \/>\n<script type=\"application\/ld+json\" class=\"yoast-schema-graph\">{\"@context\":\"https:\\\/\\\/schema.org\",\"@graph\":[{\"@type\":\"WebPage\",\"@id\":\"https:\\\/\\\/strangercam.com\\\/chitchattv\\\/\",\"url\":\"https:\\\/\\\/strangercam.com\\\/chitchattv\\\/\",\"name\":\"ChitChatTV - ChitChat Video Chat - StrangerCam\",\"isPartOf\":{\"@id\":\"https:\\\/\\\/strangercam.com\\\/#website\"},\"datePublished\":\"2025-07-28T09:00:18+00:00\",\"description\":\"Like ChitChatTV? Come chat with more than 5.000.000 strangers on Stranger Cam for Free! Turn on your cam and find new friends & maby a match!\",\"breadcrumb\":{\"@id\":\"https:\\\/\\\/strangercam.com\\\/chitchattv\\\/#breadcrumb\"},\"inLanguage\":\"ro-RO\",\"potentialAction\":[{\"@type\":\"ReadAction\",\"target\":[\"https:\\\/\\\/strangercam.com\\\/chitchattv\\\/\"]}]},{\"@type\":\"BreadcrumbList\",\"@id\":\"https:\\\/\\\/strangercam.com\\\/chitchattv\\\/#breadcrumb\",\"itemListElement\":[{\"@type\":\"ListItem\",\"position\":1,\"name\":\"Home\",\"item\":\"https:\\\/\\\/strangercam.com\\\/\"},{\"@type\":\"ListItem\",\"position\":2,\"name\":\"ChitChatTV\"}]},{\"@type\":\"WebSite\",\"@id\":\"https:\\\/\\\/strangercam.com\\\/#website\",\"url\":\"https:\\\/\\\/strangercam.com\\\/\",\"name\":\"Strangercam\",\"description\":\"Random Video Chat with Strangers\",\"publisher\":{\"@id\":\"https:\\\/\\\/strangercam.com\\\/#organization\"},\"alternateName\":\"Strangercam.com\",\"potentialAction\":[{\"@type\":\"SearchAction\",\"target\":{\"@type\":\"EntryPoint\",\"urlTemplate\":\"https:\\\/\\\/strangercam.com\\\/?s={search_term_string}\"},\"query-input\":{\"@type\":\"PropertyValueSpecification\",\"valueRequired\":true,\"valueName\":\"search_term_string\"}}],\"inLanguage\":\"ro-RO\"},{\"@type\":\"Organization\",\"@id\":\"https:\\\/\\\/strangercam.com\\\/#organization\",\"name\":\"Strangercam\",\"alternateName\":\"Strangercam.com\",\"url\":\"https:\\\/\\\/strangercam.com\\\/\",\"logo\":{\"@type\":\"ImageObject\",\"inLanguage\":\"ro-RO\",\"@id\":\"https:\\\/\\\/strangercam.com\\\/#\\\/schema\\\/logo\\\/image\\\/\",\"url\":\"https:\\\/\\\/strangercam.com\\\/wp-content\\\/uploads\\\/2020\\\/11\\\/cropped-new-favicon-black.png\",\"contentUrl\":\"https:\\\/\\\/strangercam.com\\\/wp-content\\\/uploads\\\/2020\\\/11\\\/cropped-new-favicon-black.png\",\"width\":512,\"height\":512,\"caption\":\"Strangercam\"},\"image\":{\"@id\":\"https:\\\/\\\/strangercam.com\\\/#\\\/schema\\\/logo\\\/image\\\/\"},\"sameAs\":[\"https:\\\/\\\/www.facebook.com\\\/strangercam\",\"https:\\\/\\\/x.com\\\/strangercamapp\"]}]}<\/script>\n<!-- \/ Yoast SEO plugin. -->","yoast_head_json":{"title":"ChitChatTV - ChitChat Video Chat - StrangerCam","description":"\u00ce\u021bi place ChitChatTV? Vino s\u0103 vorbe\u0219ti cu mai mult de 5.000.000 de str\u0103ini pe Stranger Cam gratuit! Porne\u0219te-\u021bi camera \u0219i g\u0103se\u0219te prieteni noi \u0219i poate o pereche!","robots":{"index":"index","follow":"follow","max-snippet":"max-snippet:-1","max-image-preview":"max-image-preview:large","max-video-preview":"max-video-preview:-1"},"canonical":"https:\/\/strangercam.com\/ro\/chitchattv\/","og_locale":"ro_RO","og_type":"article","og_title":"ChitChatTV - ChitChat Video Chat - StrangerCam","og_description":"Like ChitChatTV? Come chat with more than 5.000.000 strangers on Stranger Cam for Free! Turn on your cam and find new friends & maby a match!","og_url":"https:\/\/strangercam.com\/ro\/chitchattv\/","og_site_name":"Strangercam","article_publisher":"https:\/\/www.facebook.com\/strangercam","og_image":[{"width":800,"height":532,"url":"https:\/\/strangercam.com\/wp-content\/uploads\/2021\/10\/Untitled-2.png","type":"image\/png"}],"twitter_card":"summary_large_image","twitter_site":"@strangercamapp","twitter_misc":{"Timp estimat pentru citire":"6 minute"},"schema":{"@context":"https:\/\/schema.org","@graph":[{"@type":"WebPage","@id":"https:\/\/strangercam.com\/chitchattv\/","url":"https:\/\/strangercam.com\/chitchattv\/","name":"ChitChatTV - ChitChat Video Chat - StrangerCam","isPartOf":{"@id":"https:\/\/strangercam.com\/#website"},"datePublished":"2025-07-28T09:00:18+00:00","description":"\u00ce\u021bi place ChitChatTV? Vino s\u0103 vorbe\u0219ti cu mai mult de 5.000.000 de str\u0103ini pe Stranger Cam gratuit! Porne\u0219te-\u021bi camera \u0219i g\u0103se\u0219te prieteni noi \u0219i poate o pereche!","breadcrumb":{"@id":"https:\/\/strangercam.com\/chitchattv\/#breadcrumb"},"inLanguage":"ro-RO","potentialAction":[{"@type":"ReadAction","target":["https:\/\/strangercam.com\/chitchattv\/"]}]},{"@type":"BreadcrumbList","@id":"https:\/\/strangercam.com\/chitchattv\/#breadcrumb","itemListElement":[{"@type":"ListItem","position":1,"name":"Home","item":"https:\/\/strangercam.com\/"},{"@type":"ListItem","position":2,"name":"ChitChatTV"}]},{"@type":"WebSite","@id":"https:\/\/strangercam.com\/#website","url":"https:\/\/strangercam.com\/","name":"Strangercam","description":"Chat video aleatoriu cu str\u0103ini","publisher":{"@id":"https:\/\/strangercam.com\/#organization"},"alternateName":"Strangercam.com","potentialAction":[{"@type":"SearchAction","target":{"@type":"EntryPoint","urlTemplate":"https:\/\/strangercam.com\/?s={search_term_string}"},"query-input":{"@type":"PropertyValueSpecification","valueRequired":true,"valueName":"search_term_string"}}],"inLanguage":"ro-RO"},{"@type":"Organization","@id":"https:\/\/strangercam.com\/#organization","name":"Strangercam","alternateName":"Strangercam.com","url":"https:\/\/strangercam.com\/","logo":{"@type":"ImageObject","inLanguage":"ro-RO","@id":"https:\/\/strangercam.com\/#\/schema\/logo\/image\/","url":"https:\/\/strangercam.com\/wp-content\/uploads\/2020\/11\/cropped-new-favicon-black.png","contentUrl":"https:\/\/strangercam.com\/wp-content\/uploads\/2020\/11\/cropped-new-favicon-black.png","width":512,"height":512,"caption":"Strangercam"},"image":{"@id":"https:\/\/strangercam.com\/#\/schema\/logo\/image\/"},"sameAs":["https:\/\/www.facebook.com\/strangercam","https:\/\/x.com\/strangercamapp"]}]}},"_links":{"self":[{"href":"https:\/\/strangercam.com\/ro\/wp-json\/wp\/v2\/pages\/12939","targetHints":{"allow":["GET"]}}],"collection":[{"href":"https:\/\/strangercam.com\/ro\/wp-json\/wp\/v2\/pages"}],"about":[{"href":"https:\/\/strangercam.com\/ro\/wp-json\/wp\/v2\/types\/page"}],"author":[{"embeddable":true,"href":"https:\/\/strangercam.com\/ro\/wp-json\/wp\/v2\/users\/6"}],"replies":[{"embeddable":true,"href":"https:\/\/strangercam.com\/ro\/wp-json\/wp\/v2\/comments?post=12939"}],"version-history":[{"count":2,"href":"https:\/\/strangercam.com\/ro\/wp-json\/wp\/v2\/pages\/12939\/revisions"}],"predecessor-version":[{"id":12941,"href":"https:\/\/strangercam.com\/ro\/wp-json\/wp\/v2\/pages\/12939\/revisions\/12941"}],"wp:attachment":[{"href":"https:\/\/strangercam.com\/ro\/wp-json\/wp\/v2\/media?parent=12939"}],"curies":[{"name":"wp","href":"https:\/\/api.w.org\/{rel}","templated":true}]}}