{"id":12911,"date":"2025-07-14T13:50:19","date_gmt":"2025-07-14T11:50:19","guid":{"rendered":"https:\/\/strangercam.com\/?page_id=12911"},"modified":"2025-07-14T13:50:34","modified_gmt":"2025-07-14T11:50:34","slug":"onlinefreechat","status":"publish","type":"page","link":"https:\/\/strangercam.com\/ro\/onlinefreechat\/","title":{"rendered":"OnlineFreeChat"},"content":{"rendered":"<p>\u00centr-o epoc\u0103 digital\u0103 dominat\u0103 de re\u021belele de socializare \u0219i de aplica\u021biile de mesagerie instantanee, sistemele tradi\u021bionale <a href=\"https:\/\/strangercam.com\/ro\/chatroulette\/\">chat<\/a> camerele de chat au f\u0103cut o revenire surprinz\u0103toare. Liderul acestei rena\u0219teri este OnlineFreeChat, o platform\u0103 modern\u0103 de chat dedicat\u0103 camerelor de chat live gratuite \u0219i u\u0219or de accesat pentru oricine dore\u0219te s\u0103 <a href=\"https:\/\/strangercam.com\/ro\/coomeet\/\">\u00eent\u00e2lnire<\/a> oameni noi, s\u0103 v\u0103 face\u021bi prieteni sau s\u0103 v\u0103 bucura\u021bi de conversa\u021bii online spontane - f\u0103r\u0103 \u00eenregistrare sau desc\u0103rc\u0103ri.<\/p>\n<p>Dar cum se diferen\u021biaz\u0103 OnlineFreeChat de concuren\u021b\u0103? Este cu adev\u0103rat gratuit, este sigur \u0219i pentru cine este cel mai bun? \u00cen aceast\u0103 analiz\u0103 detaliat\u0103, explor\u0103m caracteristicile, experien\u021ba utilizatorului \u0219i comunitatea OnlineFreeChat, astfel \u00eenc\u00e2t s\u0103 pute\u021bi decide dac\u0103 este locul potrivit pentru a \u00eencepe urm\u0103toarea conversa\u021bie online.<\/p>\n<h2>Ce este OnlineFreeChat?<\/h2>\n<p>OnlineFreeChat este o platform\u0103 de chat bazat\u0103 pe browser care ofer\u0103 o selec\u021bie larg\u0103 de camere de chat live tematice \u0219i op\u021biuni de chat unu-la-unu. Spre deosebire de multe aplica\u021bii moderne care necesit\u0103 \u00eenscrierea sau instalarea aplica\u021biei, OnlineFreeChat ofer\u0103 acces instantaneu - pur \u0219i simplu vizita\u021bi site-ul, alege\u021bi o camer\u0103 \u0219i \u00eencepe\u021bi s\u0103 discuta\u021bi cu oameni din \u00eentreaga lume.<\/p>\n<p>Platforma se \u00eentoarce la epoca de aur a camerelor de chat clasice, dar actualizeaz\u0103 experien\u021ba pentru 2025 cu o interfa\u021b\u0103 modern\u0103, curat\u0103 \u0219i un accent pe siguran\u021ba \u0219i prietenia utilizatorului. Fie c\u0103 dori\u021bi s\u0103 v\u0103 al\u0103tura\u021bi unei camere publice aglomerate sau s\u0103 \u00eencepe\u021bi un chat privat, OnlineFreeChat face totul u\u0219or \u0219i accesibil.<\/p>\n<h2>Care este scopul OnlineFreeChat?<\/h2>\n<p>OnlineFreeChat \u00ee\u0219i propune s\u0103 re\u00eenvie \u0219i s\u0103 modernizeze experien\u021ba camerelor de chat deschise - cre\u00e2nd un spa\u021biu \u00een care oricine se poate al\u0103tura conversa\u021biilor pe o varietate de subiecte, \u00ee\u0219i poate face prieteni \u0219i se poate bucura de interac\u021biune live f\u0103r\u0103 bariere.<\/p>\n<p>Obiectivele principale sunt:<\/p>\n<ul>\n<li>Conecta\u021bi oameni la nivel global \u00een camere de chat de grup \u00een timp real<\/li>\n<li>Oferi\u021bi spa\u021bii sigure \u0219i moderate pentru conversa\u021bie \u0219i socializare<\/li>\n<li>Permite\u021bi experien\u021be de chat instantanee, f\u0103r\u0103 \u00eenregistrare, pentru to\u021bi utilizatorii<\/li>\n<li>Oferi\u021bi o alternativ\u0103 flexibil\u0103 la social media \u0219i mesageria instantanee<\/li>\n<\/ul>\n<p>Fie c\u0103 vrei s\u0103 vorbe\u0219ti despre hobby-uri, via\u021b\u0103, rela\u021bii, c\u0103l\u0103torii sau doar vrei s\u0103 te distrezi \u0219i s\u0103 cuno\u0219ti oameni noi, OnlineFreeChat \u00ee\u021bi ofer\u0103 o modalitate simpl\u0103 \u0219i primitoare de a o face.<\/p>\n<h2>Caracteristici principale<\/h2>\n<p>1. Camere publice de chat live<br \/>\nCaracteristica principal\u0103 a OnlineFreeChat este gama sa de camere de chat de grup live. Aceste camere sunt organizate pe subiecte sau interese - cum ar fi chat general, prietenie, jocuri, chat local, muzic\u0103 \u0219i multe altele. Utilizatorii se pot al\u0103tura oric\u0103rei camere, pot participa la conversa\u021biile \u00een curs sau pur \u0219i simplu pot observa p\u00e2n\u0103 c\u00e2nd sunt preg\u0103ti\u021bi s\u0103 se al\u0103ture.<\/p>\n<p>2. \u0218edin\u021be private unu la unu<br \/>\nAl\u0103turi de camerele publice, utilizatorii pot ini\u021bia conversa\u021bii private cu al\u021bi membri. Aceast\u0103 caracteristic\u0103 permite o interac\u021biune mai personal\u0103, permi\u021b\u00e2ndu-v\u0103 s\u0103 trece\u021bi f\u0103r\u0103 probleme de la discu\u021bii de grup la chat-uri directe.<\/p>\n<p>3. Nu este necesar\u0103 nicio \u00eenregistrare<br \/>\nUnul dintre cele mai atr\u0103g\u0103toare aspecte ale OnlineFreeChat este c\u0103 pute\u021bi \u00eencepe s\u0103 discuta\u021bi f\u0103r\u0103 s\u0103 v\u0103 crea\u021bi un cont. Alege\u021bi o porecl\u0103, selecta\u021bi o camer\u0103 \u0219i ve\u021bi fi instantaneu parte din conversa\u021bie.<\/p>\n<p>4. Compatibilitate multi-dispozitiv<br \/>\nPlatforma func\u021bioneaz\u0103 f\u0103r\u0103 probleme at\u00e2t pe desktop, c\u00e2t \u0219i pe browserele mobile. Designul receptiv v\u0103 asigur\u0103 c\u0103 pute\u021bi participa la camerele de chat de pe telefon, tablet\u0103 sau laptop f\u0103r\u0103 a instala nimic.<\/p>\n<p>5. Interfa\u021b\u0103 prietenoas\u0103, modern\u0103<br \/>\nOnlineFreeChat dispune de o interfa\u021b\u0103 simpl\u0103, u\u0219or de utilizat. Mesajele sunt clare, camerele de chat sunt u\u0219or de navigat, iar comenzile pentru muting, blocare sau raportarea utilizatorilor sunt \u00eentotdeauna accesibile.<\/p>\n<p>6. Moderarea utilizatorilor \u0219i instrumente de siguran\u021b\u0103<br \/>\nSite-ul folose\u0219te moderatori \u0219i func\u021bii de raportare pentru a ajuta la men\u021binerea unui mediu pozitiv. Utilizatorii pot bloca sau raporta rapid orice persoan\u0103 care \u00eencalc\u0103 liniile directoare ale chat-ului, contribuind astfel la men\u021binerea conversa\u021biilor respectuoase \u0219i pl\u0103cute.<\/p>\n<p>7. Gam\u0103 larg\u0103 de subiecte de chat<br \/>\nCu zeci de camere tematice \u0219i actualiz\u0103ri regulate, vei g\u0103si spa\u021bii dedicate aproape oric\u0103rui subiect, ceea ce \u00ee\u021bi va u\u0219ura g\u0103sirea unor parteneri de chat care g\u00e2ndesc la fel sau descoperirea unor noi interese.<\/p>\n<h2>OnlineFreeChat este gratuit?<\/h2>\n<p>Da, OnlineFreeChat este 100% gratuit de utilizat. Toate func\u021biile de baz\u0103 - inclusiv aderarea la camerele publice, mesageria privat\u0103 \u0219i utilizarea instrumentelor de siguran\u021b\u0103 - sunt accesibile f\u0103r\u0103 plat\u0103. Exist\u0103:<\/p>\n<ul>\n<li>F\u0103r\u0103 taxe de abonament<\/li>\n<li>F\u0103r\u0103 conturi premium<\/li>\n<li>F\u0103r\u0103 costuri ascunse<\/li>\n<\/ul>\n<p>Unele reclame u\u0219oare pot fi prezente pentru a sus\u021bine platforma, dar acestea nu sunt intruzive \u0219i nu afecteaz\u0103 experien\u021ba de chat.<\/p>\n<h2>Cine utilizeaz\u0103 OnlineFreeChat?<\/h2>\n<p>OnlineFreeChat atrage un public divers, interna\u021bional. Utilizatorii includ:<\/p>\n<ul>\n<li>Adul\u021bi de toate v\u00e2rstele, de obicei 18-40 de ani<\/li>\n<li>Persoane din America de Nord, Europa, India, Asia de Sud-Est \u0219i America Latin\u0103<\/li>\n<li>Studen\u021bi, profesioni\u0219ti, c\u0103l\u0103tori \u0219i oricine caut\u0103 conversa\u021bii online ocazionale<\/li>\n<\/ul>\n<p>Motivele comune pentru care oamenii folosesc OnlineFreeChat includ:<\/p>\n<ul>\n<li>S\u0103-\u0219i fac\u0103 prieteni noi sau s\u0103-\u0219i extind\u0103 cercul social<\/li>\n<li>Trecerea timpului \u0219i sc\u0103parea de plictiseal\u0103<\/li>\n<li>Discu\u021bii despre hobby-uri, muzic\u0103, filme \u0219i via\u021ba de zi cu zi<\/li>\n<li>C\u0103utarea de sfaturi prietenoase sau \u00eemp\u0103rt\u0103\u0219irea experien\u021belor \u00eentr-un grup de sus\u021binere<\/li>\n<\/ul>\n<p>Varietatea de camere de chat a platformei asigur\u0103 faptul c\u0103 toat\u0103 lumea - de la noii veni\u021bi timizi la chateri experimenta\u021bi - poate g\u0103si un spa\u021biu \u00een care s\u0103 se simt\u0103 confortabil.<\/p>\n<h2>Siguran\u021b\u0103, confiden\u021bialitate \u0219i moderare<\/h2>\n<p>OnlineFreeChat se angajeaz\u0103 s\u0103 ofere un mediu sigur \u0219i respectuos pentru to\u021bi utilizatorii. Iat\u0103 cum v\u0103 protejeaz\u0103 confiden\u021bialitatea \u0219i cum sprijin\u0103 siguran\u021ba utilizatorilor:<\/p>\n<h3>Confiden\u021bialitate<\/h3>\n<ul>\n<li>Nu necesit\u0103 \u00eenregistrare sau informa\u021bii personale<\/li>\n<li>Utilizatorii \u00ee\u0219i aleg poreclele; numele reale nu sunt necesare<\/li>\n<li>\u0218edin\u021bele de chat nu sunt arhivate public \u0219i nu pot fi consultate<\/li>\n<\/ul>\n<h3>Modera\u021bie<\/h3>\n<ul>\n<li>Moderatorii umani activi supravegheaz\u0103 cele mai aglomerate camere<\/li>\n<li>Func\u021biile de raportare \u0219i blocare \u00een camer\u0103 sunt disponibile 24\/7<\/li>\n<li>Orient\u0103rile interzic h\u0103r\u021buirea, spam-ul \u0219i comportamentul inadecvat<\/li>\n<li>Contravenien\u021bii recidivi\u0219ti sunt exclu\u0219i de pe platform\u0103<\/li>\n<\/ul>\n<h3>Control utilizator<\/h3>\n<ul>\n<li>Bloca\u021bi instantaneu sau reduce\u021bi la t\u0103cere utilizatorii care perturb\u0103 chat-ul<\/li>\n<li>Alege\u021bi s\u0103 r\u0103m\u00e2ne\u021bi \u00een camerele publice sau s\u0103 trece\u021bi la conversa\u021bii private<\/li>\n<li>Schimba\u021bi poreclele sau schimba\u021bi camerele \u00een orice moment<\/li>\n<\/ul>\n<p>De\u0219i nicio camer\u0103 de chat deschis\u0103 nu poate garanta o experien\u021b\u0103 perfect\u0103, combina\u021bia de moderare \u0219i instrumente pentru utilizatori din OnlineFreeChat o face mai sigur\u0103 dec\u00e2t majoritatea platformelor clasice de chat.<\/p>\n<h2>Experien\u021ba \u0219i designul utilizatorului<\/h2>\n<p>OnlineFreeChat este conceput pentru chat rapid, f\u0103r\u0103 fric\u021biune:<\/p>\n<ul>\n<li>Pagina de pornire se \u00eencarc\u0103 rapid cu categorii clare de camere<\/li>\n<li>Intra\u021bi \u00eentr-o camer\u0103 cu un singur clic \u0219i s\u0103ri\u021bi direct \u00een conversa\u021bie<\/li>\n<li>Mesajele apar instantaneu, f\u0103r\u0103 \u00eent\u00e2rziere, chiar \u0219i \u00een camere aglomerate<\/li>\n<li>Layoutul prietenos pentru dispozitive mobile se adapteaz\u0103 la ecrane mai mici pentru chat \u00een mi\u0219care<\/li>\n<li>Controalele pentru notific\u0103ri, blocare \u0219i raportare sunt intuitive<\/li>\n<\/ul>\n<p>Designul site-ului pune accentul pe comunitate \u0219i accesibilitate, facilit\u00e2nd participarea oricui, indiferent de experien\u021ba tehnic\u0103.<\/p>\n<h2>OnlineFreeChat vs Alte platforme de chat room<\/h2>\n<p>Cum se compar\u0103 OnlineFreeChat cu alte site-uri lider de camere de chat live?<\/p>\n<table>\n<thead>\n<tr>\n<th>Caracteristic\u0103<\/th>\n<th>OnlineFreeChat<\/th>\n<th><a href=\"https:\/\/strangercam.com\/ro\/chat-avenue\/\">Chat Avenue<\/a><\/th>\n<th>Chatib<\/th>\n<th><a href=\"https:\/\/strangercam.com\/ro\/chatzy\/\">Chatzy<\/a><\/th>\n<th>Wireclub<\/th>\n<\/tr>\n<\/thead>\n<tbody>\n<tr>\n<td>Acces gratuit<\/td>\n<td>Da<\/td>\n<td>Da<\/td>\n<td>Da<\/td>\n<td>Da<\/td>\n<td>Da<\/td>\n<\/tr>\n<tr>\n<td>Nu este nevoie de \u00eenregistrare<\/td>\n<td>Da<\/td>\n<td>Nu<\/td>\n<td>Da<\/td>\n<td>Da<\/td>\n<td>Nu<\/td>\n<\/tr>\n<tr>\n<td>Camere de chat tematice<\/td>\n<td>Da<\/td>\n<td>Da<\/td>\n<td>Da<\/td>\n<td>Nu<\/td>\n<td>Da<\/td>\n<\/tr>\n<tr>\n<td>Mesagerie privat\u0103<\/td>\n<td>Da<\/td>\n<td>Da<\/td>\n<td>Da<\/td>\n<td>Da<\/td>\n<td>Da<\/td>\n<\/tr>\n<tr>\n<td>Asisten\u021b\u0103 mobil\u0103<\/td>\n<td>Excelent\u0103<\/td>\n<td>Bun<\/td>\n<td>Bun<\/td>\n<td>Bun<\/td>\n<td>Bun<\/td>\n<\/tr>\n<tr>\n<td>Instrumente de moderare<\/td>\n<td>Puternic<\/td>\n<td>Moderat<\/td>\n<td>Moderat<\/td>\n<td>Moderat<\/td>\n<td>Puternic<\/td>\n<\/tr>\n<tr>\n<td>Reclame<\/td>\n<td>Minimal\u0103<\/td>\n<td>Da<\/td>\n<td>Da<\/td>\n<td>Minimal\u0103<\/td>\n<td>Da<\/td>\n<\/tr>\n<\/tbody>\n<\/table>\n<p>Rezumat: OnlineFreeChat se remarc\u0103 prin interfa\u021ba sa curat\u0103, accesul instantaneu \u0219i varietatea larg\u0103 de camere de chat tematice. Acesta egaleaz\u0103 sau dep\u0103\u0219e\u0219te concuren\u021bii \u00een ceea ce prive\u0219te siguran\u021ba utilizatorilor \u0219i compatibilitatea mobil\u0103, cu avantajul suplimentar de a nu fi necesar\u0103 \u00eenscrierea.<\/p>\n<h2>Avantaje \u0219i dezavantaje<\/h2>\n<p>Avantaje:<\/p>\n<ul>\n<li>100% gratuit cu acces imediat<\/li>\n<li>Nu este necesar\u0103 nicio \u00eenregistrare sau desc\u0103rcare<\/li>\n<li>Varietate larg\u0103 de camere de chat live, tematice<\/li>\n<li>U\u0219or de utilizat at\u00e2t pe desktop, c\u00e2t \u0219i pe mobil<\/li>\n<li>Moderare activ\u0103 \u0219i instrumente de raportare u\u0219or de utilizat<\/li>\n<li>Op\u021biuni de chat privat pentru conversa\u021bii unu-la-unu<\/li>\n<\/ul>\n<p>Cons:<\/p>\n<ul>\n<li>Nu exist\u0103 chat video sau <a href=\"https:\/\/strangercam.com\/ro\/bazoocam\/\">came<\/a> caracteristici (numai pe baz\u0103 de text)<\/li>\n<li>Unii utilizatori se pot deconecta sau p\u0103r\u0103si camerele rapid<\/li>\n<li>Utilizatori perturbatori ocazionali, \u00een ciuda moder\u0103rii<\/li>\n<li>F\u0103r\u0103 profiluri pe termen lung sau liste de prieteni<\/li>\n<\/ul>\n<h2>Cazuri ideale de utilizare<\/h2>\n<p>OnlineFreeChat este perfect pentru:<\/p>\n<ul>\n<li>Oricine caut\u0103 o modalitate sigur\u0103, gratuit\u0103 \u0219i u\u0219oar\u0103 de a conversa online<\/li>\n<li>Utilizatori c\u0103rora le plac discu\u021biile de grup tematice sau \u00eent\u00e2lnirea cu oameni noi<\/li>\n<li>Persoane care caut\u0103 alternative la social media \u0219i aplica\u021biile de mesagerie instantanee<\/li>\n<li>C\u0103l\u0103tori, expatria\u021bi \u0219i cursan\u021bi de limbi str\u0103ine care doresc interac\u021biune \u00een timp real<\/li>\n<li>Persoane care prefer\u0103 anonimatul \u0219i confiden\u021bialitatea \u00een conversa\u021biile online<\/li>\n<\/ul>\n<p>Acesta poate fi mai pu\u021bin ideal pentru:<\/p>\n<ul>\n<li>Cei care caut\u0103 \u00een mod special experien\u021be de chat video<\/li>\n<li>Utilizatori sub 18 ani (platforma este pentru adul\u021bi)<\/li>\n<li>Persoane care caut\u0103 func\u021bii avansate de \u00eent\u00e2lnire sau potrivire<\/li>\n<\/ul>\n<h2>Verdict final<\/h2>\n<p>OnlineFreeChat este una dintre cele mai bune platforme de camere de chat live disponibile \u00een 2025, combin\u00e2nd accesibilitatea camerelor de chat clasice cu caracteristici moderne de siguran\u021b\u0103 \u0219i utilizare. Accesul s\u0103u instantaneu, gama larg\u0103 de subiecte \u0219i mediul prietenos \u0219i moderat \u00eel fac o alegere de top pentru oricine dore\u0219te s\u0103 discute, s\u0103-\u0219i fac\u0103 prieteni sau pur \u0219i simplu s\u0103 se distreze online.<\/p>\n<p>Dac\u0103 sunte\u021bi \u00een c\u0103utarea unui mod simplu, sigur \u0219i cu adev\u0103rat gratuit de a v\u0103 conecta cu alte persoane din \u00eentreaga lume, OnlineFreeChat merit\u0103 neap\u0103rat \u00eencercat - indiferent dac\u0103 dori\u021bi un chat de grup animat sau o conversa\u021bie privat\u0103 lini\u0219tit\u0103.<\/p>","protected":false},"excerpt":{"rendered":"<p>In a digital age dominated by social networks and instant messaging apps, traditional chat rooms have made a surprising comeback. Leading this renaissance is OnlineFreeChat, a modern chat platform dedicated to free, easy-to-access live chat rooms for anyone looking to meet new people, make friends, or enjoy spontaneous online conversations\u2014without registration or downloads. But how [&hellip;]<\/p>\n","protected":false},"author":6,"featured_media":0,"parent":0,"menu_order":0,"comment_status":"closed","ping_status":"closed","template":"","meta":{"footnotes":""},"class_list":["post-12911","page","type-page","status-publish","hentry"],"yoast_head":"<!-- This site is optimized with the Yoast SEO plugin v27.4 - https:\/\/yoast.com\/product\/yoast-seo-wordpress\/ -->\n<title>OnlineFreeChat - Live Online Chat Rooms on StrangerCam.com<\/title>\n<meta name=\"description\" content=\"Like OnlineFreeChat? Come chat with more than 5.000.000 strangers on Stranger Cam for Free! Turn on your cam and find new friends &amp; maby a match!\" \/>\n<meta name=\"robots\" content=\"index, follow, max-snippet:-1, max-image-preview:large, max-video-preview:-1\" \/>\n<link rel=\"canonical\" href=\"https:\/\/strangercam.com\/ro\/onlinefreechat\/\" \/>\n<meta property=\"og:locale\" content=\"ro_RO\" \/>\n<meta property=\"og:type\" content=\"article\" \/>\n<meta property=\"og:title\" content=\"OnlineFreeChat - Live Online Chat Rooms on StrangerCam.com\" \/>\n<meta property=\"og:description\" content=\"Like OnlineFreeChat? Come chat with more than 5.000.000 strangers on Stranger Cam for Free! Turn on your cam and find new friends &amp; maby a match!\" \/>\n<meta property=\"og:url\" content=\"https:\/\/strangercam.com\/ro\/onlinefreechat\/\" \/>\n<meta property=\"og:site_name\" content=\"Strangercam\" \/>\n<meta property=\"article:publisher\" content=\"https:\/\/www.facebook.com\/strangercam\" \/>\n<meta property=\"article:modified_time\" content=\"2025-07-14T11:50:34+00:00\" \/>\n<meta property=\"og:image\" content=\"https:\/\/strangercam.com\/wp-content\/uploads\/2021\/10\/Untitled-2.png\" \/>\n\t<meta property=\"og:image:width\" content=\"800\" \/>\n\t<meta property=\"og:image:height\" content=\"532\" \/>\n\t<meta property=\"og:image:type\" content=\"image\/png\" \/>\n<meta name=\"twitter:card\" content=\"summary_large_image\" \/>\n<meta name=\"twitter:site\" content=\"@strangercamapp\" \/>\n<meta name=\"twitter:label1\" content=\"Timp estimat pentru citire\" \/>\n\t<meta name=\"twitter:data1\" content=\"6 minute\" \/>\n<script type=\"application\/ld+json\" class=\"yoast-schema-graph\">{\"@context\":\"https:\\\/\\\/schema.org\",\"@graph\":[{\"@type\":\"WebPage\",\"@id\":\"https:\\\/\\\/strangercam.com\\\/onlinefreechat\\\/\",\"url\":\"https:\\\/\\\/strangercam.com\\\/onlinefreechat\\\/\",\"name\":\"OnlineFreeChat - Live Online Chat Rooms on StrangerCam.com\",\"isPartOf\":{\"@id\":\"https:\\\/\\\/strangercam.com\\\/#website\"},\"datePublished\":\"2025-07-14T11:50:19+00:00\",\"dateModified\":\"2025-07-14T11:50:34+00:00\",\"description\":\"Like OnlineFreeChat? Come chat with more than 5.000.000 strangers on Stranger Cam for Free! Turn on your cam and find new friends & maby a match!\",\"breadcrumb\":{\"@id\":\"https:\\\/\\\/strangercam.com\\\/onlinefreechat\\\/#breadcrumb\"},\"inLanguage\":\"ro-RO\",\"potentialAction\":[{\"@type\":\"ReadAction\",\"target\":[\"https:\\\/\\\/strangercam.com\\\/onlinefreechat\\\/\"]}]},{\"@type\":\"BreadcrumbList\",\"@id\":\"https:\\\/\\\/strangercam.com\\\/onlinefreechat\\\/#breadcrumb\",\"itemListElement\":[{\"@type\":\"ListItem\",\"position\":1,\"name\":\"Home\",\"item\":\"https:\\\/\\\/strangercam.com\\\/\"},{\"@type\":\"ListItem\",\"position\":2,\"name\":\"OnlineFreeChat\"}]},{\"@type\":\"WebSite\",\"@id\":\"https:\\\/\\\/strangercam.com\\\/#website\",\"url\":\"https:\\\/\\\/strangercam.com\\\/\",\"name\":\"Strangercam\",\"description\":\"Random Video Chat with Strangers\",\"publisher\":{\"@id\":\"https:\\\/\\\/strangercam.com\\\/#organization\"},\"alternateName\":\"Strangercam.com\",\"potentialAction\":[{\"@type\":\"SearchAction\",\"target\":{\"@type\":\"EntryPoint\",\"urlTemplate\":\"https:\\\/\\\/strangercam.com\\\/?s={search_term_string}\"},\"query-input\":{\"@type\":\"PropertyValueSpecification\",\"valueRequired\":true,\"valueName\":\"search_term_string\"}}],\"inLanguage\":\"ro-RO\"},{\"@type\":\"Organization\",\"@id\":\"https:\\\/\\\/strangercam.com\\\/#organization\",\"name\":\"Strangercam\",\"alternateName\":\"Strangercam.com\",\"url\":\"https:\\\/\\\/strangercam.com\\\/\",\"logo\":{\"@type\":\"ImageObject\",\"inLanguage\":\"ro-RO\",\"@id\":\"https:\\\/\\\/strangercam.com\\\/#\\\/schema\\\/logo\\\/image\\\/\",\"url\":\"https:\\\/\\\/strangercam.com\\\/wp-content\\\/uploads\\\/2020\\\/11\\\/cropped-new-favicon-black.png\",\"contentUrl\":\"https:\\\/\\\/strangercam.com\\\/wp-content\\\/uploads\\\/2020\\\/11\\\/cropped-new-favicon-black.png\",\"width\":512,\"height\":512,\"caption\":\"Strangercam\"},\"image\":{\"@id\":\"https:\\\/\\\/strangercam.com\\\/#\\\/schema\\\/logo\\\/image\\\/\"},\"sameAs\":[\"https:\\\/\\\/www.facebook.com\\\/strangercam\",\"https:\\\/\\\/x.com\\\/strangercamapp\"]}]}<\/script>\n<!-- \/ Yoast SEO plugin. -->","yoast_head_json":{"title":"OnlineFreeChat - Camere de chat online live pe StrangerCam.com","description":"\u00ce\u021bi place OnlineFreeChat? Vino s\u0103 vorbe\u0219ti cu mai mult de 5.000.000 de str\u0103ini pe Stranger Cam Gratuit! Porne\u0219te-\u021bi camera \u0219i g\u0103se\u0219te noi prieteni \u0219i poate o pereche!","robots":{"index":"index","follow":"follow","max-snippet":"max-snippet:-1","max-image-preview":"max-image-preview:large","max-video-preview":"max-video-preview:-1"},"canonical":"https:\/\/strangercam.com\/ro\/onlinefreechat\/","og_locale":"ro_RO","og_type":"article","og_title":"OnlineFreeChat - Live Online Chat Rooms on StrangerCam.com","og_description":"Like OnlineFreeChat? Come chat with more than 5.000.000 strangers on Stranger Cam for Free! Turn on your cam and find new friends & maby a match!","og_url":"https:\/\/strangercam.com\/ro\/onlinefreechat\/","og_site_name":"Strangercam","article_publisher":"https:\/\/www.facebook.com\/strangercam","article_modified_time":"2025-07-14T11:50:34+00:00","og_image":[{"width":800,"height":532,"url":"https:\/\/strangercam.com\/wp-content\/uploads\/2021\/10\/Untitled-2.png","type":"image\/png"}],"twitter_card":"summary_large_image","twitter_site":"@strangercamapp","twitter_misc":{"Timp estimat pentru citire":"6 minute"},"schema":{"@context":"https:\/\/schema.org","@graph":[{"@type":"WebPage","@id":"https:\/\/strangercam.com\/onlinefreechat\/","url":"https:\/\/strangercam.com\/onlinefreechat\/","name":"OnlineFreeChat - Camere de chat online live pe StrangerCam.com","isPartOf":{"@id":"https:\/\/strangercam.com\/#website"},"datePublished":"2025-07-14T11:50:19+00:00","dateModified":"2025-07-14T11:50:34+00:00","description":"\u00ce\u021bi place OnlineFreeChat? Vino s\u0103 vorbe\u0219ti cu mai mult de 5.000.000 de str\u0103ini pe Stranger Cam Gratuit! Porne\u0219te-\u021bi camera \u0219i g\u0103se\u0219te noi prieteni \u0219i poate o pereche!","breadcrumb":{"@id":"https:\/\/strangercam.com\/onlinefreechat\/#breadcrumb"},"inLanguage":"ro-RO","potentialAction":[{"@type":"ReadAction","target":["https:\/\/strangercam.com\/onlinefreechat\/"]}]},{"@type":"BreadcrumbList","@id":"https:\/\/strangercam.com\/onlinefreechat\/#breadcrumb","itemListElement":[{"@type":"ListItem","position":1,"name":"Home","item":"https:\/\/strangercam.com\/"},{"@type":"ListItem","position":2,"name":"OnlineFreeChat"}]},{"@type":"WebSite","@id":"https:\/\/strangercam.com\/#website","url":"https:\/\/strangercam.com\/","name":"Strangercam","description":"Chat video aleatoriu cu str\u0103ini","publisher":{"@id":"https:\/\/strangercam.com\/#organization"},"alternateName":"Strangercam.com","potentialAction":[{"@type":"SearchAction","target":{"@type":"EntryPoint","urlTemplate":"https:\/\/strangercam.com\/?s={search_term_string}"},"query-input":{"@type":"PropertyValueSpecification","valueRequired":true,"valueName":"search_term_string"}}],"inLanguage":"ro-RO"},{"@type":"Organization","@id":"https:\/\/strangercam.com\/#organization","name":"Strangercam","alternateName":"Strangercam.com","url":"https:\/\/strangercam.com\/","logo":{"@type":"ImageObject","inLanguage":"ro-RO","@id":"https:\/\/strangercam.com\/#\/schema\/logo\/image\/","url":"https:\/\/strangercam.com\/wp-content\/uploads\/2020\/11\/cropped-new-favicon-black.png","contentUrl":"https:\/\/strangercam.com\/wp-content\/uploads\/2020\/11\/cropped-new-favicon-black.png","width":512,"height":512,"caption":"Strangercam"},"image":{"@id":"https:\/\/strangercam.com\/#\/schema\/logo\/image\/"},"sameAs":["https:\/\/www.facebook.com\/strangercam","https:\/\/x.com\/strangercamapp"]}]}},"_links":{"self":[{"href":"https:\/\/strangercam.com\/ro\/wp-json\/wp\/v2\/pages\/12911","targetHints":{"allow":["GET"]}}],"collection":[{"href":"https:\/\/strangercam.com\/ro\/wp-json\/wp\/v2\/pages"}],"about":[{"href":"https:\/\/strangercam.com\/ro\/wp-json\/wp\/v2\/types\/page"}],"author":[{"embeddable":true,"href":"https:\/\/strangercam.com\/ro\/wp-json\/wp\/v2\/users\/6"}],"replies":[{"embeddable":true,"href":"https:\/\/strangercam.com\/ro\/wp-json\/wp\/v2\/comments?post=12911"}],"version-history":[{"count":1,"href":"https:\/\/strangercam.com\/ro\/wp-json\/wp\/v2\/pages\/12911\/revisions"}],"predecessor-version":[{"id":12912,"href":"https:\/\/strangercam.com\/ro\/wp-json\/wp\/v2\/pages\/12911\/revisions\/12912"}],"wp:attachment":[{"href":"https:\/\/strangercam.com\/ro\/wp-json\/wp\/v2\/media?parent=12911"}],"curies":[{"name":"wp","href":"https:\/\/api.w.org\/{rel}","templated":true}]}}