{"id":12909,"date":"2025-07-14T13:45:54","date_gmt":"2025-07-14T11:45:54","guid":{"rendered":"https:\/\/strangercam.com\/?page_id=12909"},"modified":"2025-07-14T13:46:15","modified_gmt":"2025-07-14T11:46:15","slug":"fox-video-chat","status":"publish","type":"page","link":"https:\/\/strangercam.com\/ro\/fox-video-chat\/","title":{"rendered":"Fox Video Chat"},"content":{"rendered":"<p>C\u0103utarea videoclipului aleatoriu perfect <a href=\"https:\/\/strangercam.com\/ro\/chathub\/\">chat<\/a> continu\u0103 pe m\u0103sur\u0103 ce utilizatorii caut\u0103 alternative sigure, anonime \u0219i distractive la clasice precum <a href=\"https:\/\/strangercam.com\/ro\/omegle\/\">Omegle<\/a> \u0219i <a href=\"https:\/\/strangercam.com\/ro\/chatroulette\/\">Chatroulette<\/a>. Fox Video Chat este una dintre cele mai recente platforme care a atras aten\u021bia comunit\u0103\u021bii globale de chat, promi\u021b\u00e2nd conexiuni rapide, utilizare u\u0219oar\u0103 \u0219i un mediu prietenos pentru a \u00eent\u00e2lni str\u0103ini online.<\/p>\n<p>Dar \u00ee\u0219i \u00eendepline\u0219te Fox Video Chat promisiunile? Cum se compar\u0103 cu alte platforme \u00een 2025? \u00cen aceast\u0103 revizuire detaliat\u0103, vom explora tot ce trebuie s\u0103 \u0219ti\u021bi despre Fox Video Chat - caracteristicile sale, baza de utilizatori, instrumentele de siguran\u021b\u0103 \u0219i de ce ar putea fi noul dvs. loc preferat pentru conversa\u021bii online spontane.<\/p>\n<h2>Ce este Fox Video Chat?<\/h2>\n<p>Fox Video Chat este un site web de videochat aleatoriu unu-la-unu, bazat pe browser, conceput pentru utilizatorii care doresc s\u0103 se conecteze instantaneu cu str\u0103ini din \u00eentreaga lume. F\u0103r\u0103 a fi necesar\u0103 \u00eenscrierea sau desc\u0103rcarea, Fox Video Chat pune simplitatea \u0219i viteza \u00een centrul experien\u021bei sale de utilizare.<\/p>\n<p>La fel ca predecesorii s\u0103i spirituali, Fox Video Chat v\u0103 potrive\u0219te aleatoriu cu un alt utilizator pentru o conversa\u021bie privat\u0103 prin webcam \u0219i microfon. Fie c\u0103 dori\u021bi s\u0103 v\u0103 face\u021bi prieteni, s\u0103 flirta\u021bi, s\u0103 exersa\u021bi o limb\u0103 nou\u0103 sau doar s\u0103 trece\u021bi timpul, Fox Video Chat ofer\u0103 o modalitate u\u0219oar\u0103 \u0219i f\u0103r\u0103 fric\u021biuni de a v\u0103 angaja \u00een chat-uri video \u00een timp real.<\/p>\n<h2>Care este scopul Fox Video Chat?<\/h2>\n<p>Misiunea Fox Video Chat este de a face \u00eent\u00e2lnirea online cu oameni noi simpl\u0103, distractiv\u0103 \u0219i sigur\u0103. Platforma se adreseaz\u0103 celor care:<\/p>\n<ul>\n<li>Doresc o interac\u021biune anonim\u0103, f\u0103r\u0103 scenariu, fa\u021b\u0103 \u00een fa\u021b\u0103<\/li>\n<li>V\u0103 lipse\u0219te experien\u021ba clasic\u0103 Omegle, dar dori\u021bi caracteristici moderne \u0219i un mediu mai curat<\/li>\n<li>caut\u0103 leg\u0103turi sociale, divertisment sau schimburi culturale<\/li>\n<li>aprecia\u021bi confiden\u021bialitatea \u0219i nu dori\u021bi s\u0103 v\u0103 \u00eenregistra\u021bi sau s\u0103 crea\u021bi un profil public<\/li>\n<\/ul>\n<p>Fox Video Chat elimin\u0103 fluxurile sociale, profilurile selectate \u0219i algoritmii de c\u0103utare a partenerilor pentru a se concentra pe emo\u021bia brut\u0103 a \u00eent\u00e2lnirilor aleatorii, \u00een timp real.<\/p>\n<h2>Caracteristici principale<\/h2>\n<p>1. Chat video aleatoriu unu-la-unu<br \/>\nInima Fox Video Chat sunt conversa\u021biile rapide, anonime, de la camer\u0103 la camer\u0103. Utilizatorii sunt potrivi\u021bi instantaneu pentru conversa\u021bii video private, cu libertatea de a s\u0103ri sau de a continua \u00een orice moment.<\/p>\n<p>2. Butonul Skip\/Next<br \/>\nDac\u0103 discu\u021bia nu se potrive\u0219te, pute\u021bi trece rapid mai departe cu ajutorul butonului Urm\u0103torul. Tranzi\u021biile \u00eentre utilizatori sunt fluide, men\u021bin\u00e2nd interac\u021biunile dinamice \u0219i interesante.<\/p>\n<p>3. Op\u021biunea Chat text<br \/>\nFox Video Chat ofer\u0103 \u0219i un mod numai text. Acesta este ideal pentru utilizatorii care se tem de camer\u0103, au l\u0103\u021bime de band\u0103 limitat\u0103 sau pur \u0219i simplu prefer\u0103 s\u0103 scrie \u00een loc s\u0103 vorbeasc\u0103.<\/p>\n<p>4. Nu este necesar\u0103 \u00eenregistrarea<br \/>\nUna dintre cele mai mari atrac\u021bii este anonimatul total - f\u0103r\u0103 conturi, f\u0103r\u0103 nume de utilizator, f\u0103r\u0103 adrese de e-mail. Pur \u0219i simplu permite\u021bi accesul la camer\u0103 \u0219i microfon \u0219i sunte\u021bi gata s\u0103 \u00eencepe\u021bi.<\/p>\n<p>5. Compatibilitate mobil\u0103 \u0219i desktop<br \/>\nPlatforma este complet optimizat\u0103 at\u00e2t pentru desktop, c\u00e2t \u0219i pentru browserele mobile. Fie c\u0103 utiliza\u021bi un telefon, o tablet\u0103 sau un laptop, interfa\u021ba Fox Video Chat se adapteaz\u0103 pentru o experien\u021b\u0103 f\u0103r\u0103 probleme.<\/p>\n<p>6. Interfa\u021b\u0103 curat\u0103, modern\u0103<br \/>\nFox Video Chat ofer\u0103 o interfa\u021b\u0103 minim\u0103 \u0219i intuitiv\u0103. Accentul se pune pe ferestre video mari, comenzi simple \u0219i un aspect care nu distrage aten\u021bia. Totul este u\u0219or de g\u0103sit \u0219i de utilizat.<\/p>\n<p>7. Instrumente de raportare \u0219i moderare<br \/>\nSiguran\u021ba utilizatorilor este sus\u021binut\u0103 de un buton important de raportare. Utilizatorii nepotrivi\u021bi pot fi semnala\u021bi, iar Fox Video Chat utilizeaz\u0103 at\u00e2t moderatori umani, c\u00e2t \u0219i inteligen\u021b\u0103 artificial\u0103 de baz\u0103 pentru a men\u021bine mediul prietenos \u0219i sigur.<\/p>\n<h2>Este Fox Video Chat gratuit?<\/h2>\n<p>Da, utilizarea este complet gratuit\u0103. Toate func\u021biile - inclusiv chat video \u0219i text, skipping \u0219i raportare - sunt disponibile pentru to\u021bi utilizatorii, f\u0103r\u0103 paywall-uri, abonamente sau achizi\u021bii \u00een aplica\u021bie.<\/p>\n<p>Fox Video Chat poate afi\u0219a reclame ocazionale, neintruzive, pentru a-\u0219i sus\u021bine opera\u021biunile, dar nu exist\u0103 costuri ascunse sau caracteristici blocate.<\/p>\n<h2>Cine utilizeaz\u0103 Fox Video Chat?<\/h2>\n<p>Fox Video Chat a dezvoltat rapid o baz\u0103 de utilizatori divers\u0103 \u0219i interna\u021bional\u0103, atr\u0103g\u00e2nd:<\/p>\n<ul>\n<li>V\u00e2rsta: \u00cen principal 18-35 de ani, de\u0219i deschis tuturor adul\u021bilor (18+)<\/li>\n<li>Loca\u021bii: Utilizatori din SUA, Marea Britanie, India, Germania, Brazilia, Filipine \u0219i multe altele<\/li>\n<li>Interese: Socializarea, flirtul, practicarea limbilor str\u0103ine, \u00eemprietenirea sau divertismentul ocazional<\/li>\n<\/ul>\n<p>At\u00e2t b\u0103rba\u021bii, c\u00e2t \u0219i femeile sunt activi, de\u0219i - a\u0219a cum se \u00eent\u00e2mpl\u0103 de obicei cu platformele de chat aleatorii - exist\u0103 o prezen\u021b\u0103 masculin\u0103 mai mare. Atrac\u021bia const\u0103 \u00een spontaneitate: nu \u0219tii niciodat\u0103 cu cine vei <a href=\"https:\/\/strangercam.com\/ro\/coomeet\/\">\u00eent\u00e2lnire<\/a> urm\u0103tor.<\/p>\n<h2>Siguran\u021b\u0103, confiden\u021bialitate \u0219i moderare<\/h2>\n<p>Fox Video Chat recunoa\u0219te nevoia de confiden\u021bialitate \u0219i siguran\u021b\u0103 a utilizatorului \u00een cadrul chat-ului video aleatoriu, implement\u00e2nd mai multe m\u0103suri de protec\u021bie:<\/p>\n<h3>Confiden\u021bialitate<\/h3>\n<ul>\n<li>Nu exist\u0103 \u00eenscriere sau creare de cont: Utilizatorii r\u0103m\u00e2n anonimi \u00een orice moment.<\/li>\n<li>Nu se colecteaz\u0103 date: Nu sunt necesare nume, e-mailuri sau numere de telefon.<\/li>\n<li>Nu exist\u0103 \u00eenregistr\u0103ri: Conversa\u021biile nu sunt salvate sau stocate.<\/li>\n<\/ul>\n<h3>Modera\u021bie<\/h3>\n<ul>\n<li>Raportare \u00een chat: Utilizatorii pot raporta rapid comportamentul ofensator sau abuziv.<\/li>\n<li>Detectarea AI: Filtrele de baz\u0103 ajut\u0103 la detectarea nuditate sau a con\u021binutului explicit.<\/li>\n<li>Moderare uman\u0103: Rapoartele sunt revizuite \u0219i recidivi\u0219tii sunt interzi\u0219i.<\/li>\n<\/ul>\n<h3>Cele mai bune practici<\/h3>\n<ul>\n<li>Nu \u00eemp\u0103rt\u0103\u0219i\u021bi niciodat\u0103 detalii personale \u00een chat.<\/li>\n<li>Folosi\u021bi cu generozitate butoanele \"Urm\u0103torul\" \u0219i \"Raport\", dac\u0103 nu v\u0103 sim\u021bi\u021bi confortabil.<\/li>\n<li>Evita\u021bi s\u0103 interac\u021biona\u021bi cu utilizatorii suspec\u021bi \u0219i p\u0103stra\u021bi conversa\u021biile u\u0219oare \u0219i respectuoase.<\/li>\n<\/ul>\n<h2>Experien\u021ba \u0219i designul utilizatorului<\/h2>\n<p>Interfa\u021ba modern\u0103 \u0219i u\u0219oar\u0103 a Fox Video Chat este construit\u0103 pentru o conversa\u021bie rapid\u0103 \u0219i pl\u0103cut\u0103:<\/p>\n<ul>\n<li>Pagina de pornire prezint\u0103 un buton mare \"Start\", informa\u021bii despre confiden\u021bialitate \u0219i reguli.<\/li>\n<li>Fluxurile video sunt mari \u0219i clare, cu acces u\u0219or la comenzile de mute, skip \u0219i raportare.<\/li>\n<li>Tranzi\u021biile de chat sunt rapide, cu un timp minim de \u00eentrerupere \u00eentre meciuri.<\/li>\n<li>Site-ul este optimizat pentru timpi rapizi de \u00eenc\u0103rcare \u0219i func\u021bionare f\u0103r\u0103 probleme chiar \u0219i pe dispozitive de gam\u0103 medie.<\/li>\n<\/ul>\n<p>Experien\u021ba mobil\u0103 este deosebit de bun\u0103, ceea ce face din Fox Video Chat o op\u021biune excelent\u0103 pentru chat \u00een mi\u0219care.<\/p>\n<h2>Fox Video Chat vs alte platforme de chat aleatorii<\/h2>\n<p>Cum se compar\u0103 Fox Video Chat cu alte site-uri de videochat de top din 2025?<\/p>\n<table>\n<thead>\n<tr>\n<th>Caracteristic\u0103<\/th>\n<th>Fox Video Chat<\/th>\n<th>Omegle (\u00eenchis)<\/th>\n<th>Chatroulette<\/th>\n<th>Chatrandom<\/th>\n<th>Ohmegle<\/th>\n<\/tr>\n<\/thead>\n<tbody>\n<tr>\n<td>Chat video aleatoriu<\/td>\n<td>Da<\/td>\n<td>Da<\/td>\n<td>Da<\/td>\n<td>Da<\/td>\n<td>Da<\/td>\n<\/tr>\n<tr>\n<td>Op\u021biune chat text<\/td>\n<td>Da<\/td>\n<td>Da<\/td>\n<td>Nu<\/td>\n<td>Da<\/td>\n<td>Da<\/td>\n<\/tr>\n<tr>\n<td>\u00cenregistrare necesar\u0103<\/td>\n<td>Nu<\/td>\n<td>Nu<\/td>\n<td>Nu<\/td>\n<td>Op\u021bional<\/td>\n<td>Nu<\/td>\n<\/tr>\n<tr>\n<td>Asisten\u021b\u0103 mobil\u0103<\/td>\n<td>Excelent\u0103<\/td>\n<td>Slab\u0103<\/td>\n<td>Bun<\/td>\n<td>Bun<\/td>\n<td>Excelent\u0103<\/td>\n<\/tr>\n<tr>\n<td>Instrumente de moderare<\/td>\n<td>Moderat<\/td>\n<td>Minimal\u0103<\/td>\n<td>Slab<\/td>\n<td>Moderat<\/td>\n<td>Moderat<\/td>\n<\/tr>\n<tr>\n<td>Utilizare gratuit\u0103<\/td>\n<td>Da<\/td>\n<td>Da<\/td>\n<td>Da<\/td>\n<td>Da\/Paid<\/td>\n<td>Da<\/td>\n<\/tr>\n<tr>\n<td>Filtre de gen\/regiune<\/td>\n<td>Nu<\/td>\n<td>Nu<\/td>\n<td>Nu<\/td>\n<td>Pl\u0103tite<\/td>\n<td>Nu<\/td>\n<\/tr>\n<\/tbody>\n<\/table>\n<p>Rezumat: ofer\u0103 o experien\u021b\u0103 c\u00e2t mai apropiat\u0103 de originalul Omegle, cu o interfa\u021b\u0103 mai curat\u0103 \u0219i un suport mobil mai bun dec\u00e2t mul\u021bi concuren\u021bi. Instrumentele sale de moderare sunt \u00een curs de \u00eembun\u0103t\u0103\u021bire, dar adev\u0103rata atrac\u021bie este simplitatea \u0219i viteza site-ului.<\/p>\n<h2>Avantaje \u0219i dezavantaje<\/h2>\n<p>Avantaje:<\/p>\n<ul>\n<li>100% gratuit \u0219i anonim<\/li>\n<li>Nu este necesar\u0103 nicio \u00eenregistrare sau desc\u0103rcare<\/li>\n<li>Tranzi\u021bii rapide \u0219i fluide de potrivire \u0219i chat<\/li>\n<li>Interfa\u021b\u0103 curat\u0103 \u0219i intuitiv\u0103 pentru desktop \u0219i mobil<\/li>\n<li>Moduri de chat video \u0219i text disponibile<\/li>\n<li>Baz\u0103 global\u0103 de utilizatori<\/li>\n<\/ul>\n<p>Cons:<\/p>\n<ul>\n<li>F\u0103r\u0103 filtrare pe gen sau loca\u021bie<\/li>\n<li>Expunerea ocazional\u0103 la comportamente inadecvate (comun\u0103 tuturor site-urilor de chat aleatorii)<\/li>\n<li>Mai mul\u021bi utilizatori b\u0103rba\u021bi dec\u00e2t femei<\/li>\n<li>Nu exist\u0103 profiluri sau posibilitatea de a v\u0103 reconecta cu utilizatorii din trecut<\/li>\n<\/ul>\n<h2>Cazuri ideale de utilizare<\/h2>\n<p>Video Chat este perfect pentru:<\/p>\n<ul>\n<li>Utilizatorii nostalgici dup\u0103 platformele clasice de chat aleatoriu<\/li>\n<li>Persoane care caut\u0103 conversa\u021bii spontane cu str\u0103inii<\/li>\n<li>\u00cenv\u0103\u021b\u0103torii de limbi str\u0103ine care doresc practic\u0103 \u00een timp real<\/li>\n<li>C\u0103l\u0103tori \u0219i expatria\u021bi care caut\u0103 conexiuni interna\u021bionale<\/li>\n<li>Oricine este \u00een c\u0103utarea unui joc de distrus plictiseala f\u0103r\u0103 angajament sau \u00eenregistrare<\/li>\n<\/ul>\n<p>Este mai pu\u021bin ideal pentru:<\/p>\n<ul>\n<li>Cei care caut\u0103 caracteristici specifice pentru \u00eent\u00e2lniri sau potrivire curat\u0103<\/li>\n<li>Utilizatori sub 18 ani (platforma este destinat\u0103 exclusiv adul\u021bilor)<\/li>\n<li>Persoane care doresc s\u0103 reia leg\u0103tura sau s\u0103 urm\u0103reasc\u0103 fo\u0219ti parteneri de chat<\/li>\n<\/ul>\n<h2>Verdict final<\/h2>\n<p>Fox Video Chat este o alegere remarcabil\u0103 pentru oricine caut\u0103 s\u0103 recupereze distrac\u021bia \u0219i entuziasmul chat-ului video online aleatoriu \u00een 2025. Abordarea sa anonim\u0103, f\u0103r\u0103 \u00eenscriere, cuplat\u0103 cu o interfa\u021b\u0103 rapid\u0103 \u0219i modern\u0103, o face una dintre cele mai accesibile \u0219i pl\u0103cute platforme de chat rulet\u0103 disponibile ast\u0103zi.<\/p>\n<p>Fie c\u0103 sunte\u021bi \u00een c\u0103utarea unor prieteni noi, a unui flirt ocazional sau pur \u0219i simplu a unui mod distractiv de a petrece timpul, acesta ofer\u0103 un mediu sigur, u\u0219or \u0219i complet gratuit pentru conexiuni globale spontane. Nu este aglomerat cu profiluri, v\u00e2nz\u0103ri suplimentare sau reclame intruzive - doar chat pur, rapid \u0219i anonim.<\/p>\n<p>Dac\u0103 dori\u021bi o schimbare modern\u0103 a experien\u021bei Omegle, merit\u0103 neap\u0103rat s\u0103 \u00eencerca\u021bi.<\/p>","protected":false},"excerpt":{"rendered":"<p>The search for the perfect random video chat site continues as users seek safe, anonymous, and fun alternatives to classics like Omegle and Chatroulette. Fox Video Chat is one of the latest platforms to catch the eye of the global chat community, promising fast connections, easy use, and a friendly environment for meeting strangers online. [&hellip;]<\/p>\n","protected":false},"author":6,"featured_media":0,"parent":0,"menu_order":0,"comment_status":"closed","ping_status":"closed","template":"","meta":{"footnotes":""},"class_list":["post-12909","page","type-page","status-publish","hentry"],"yoast_head":"<!-- This site is optimized with the Yoast SEO plugin v26.9 - https:\/\/yoast.com\/product\/yoast-seo-wordpress\/ -->\n<title>Fox Video Chat - Video Chat with Strangers on StrangerCam.com<\/title>\n<meta name=\"description\" content=\"Like Fox Video Chat? Come chat with more than 5.000.000 strangers on Stranger Cam for Free! Turn on your cam and find new friends &amp; maby a match!\" \/>\n<meta name=\"robots\" content=\"index, follow, max-snippet:-1, max-image-preview:large, max-video-preview:-1\" \/>\n<link rel=\"canonical\" href=\"https:\/\/strangercam.com\/ro\/fox-video-chat\/\" \/>\n<meta property=\"og:locale\" content=\"ro_RO\" \/>\n<meta property=\"og:type\" content=\"article\" \/>\n<meta property=\"og:title\" content=\"Fox Video Chat - Video Chat with Strangers on StrangerCam.com\" \/>\n<meta property=\"og:description\" content=\"Like Fox Video Chat? Come chat with more than 5.000.000 strangers on Stranger Cam for Free! Turn on your cam and find new friends &amp; maby a match!\" \/>\n<meta property=\"og:url\" content=\"https:\/\/strangercam.com\/ro\/fox-video-chat\/\" \/>\n<meta property=\"og:site_name\" content=\"Strangercam\" \/>\n<meta property=\"article:publisher\" content=\"https:\/\/www.facebook.com\/strangercam\" \/>\n<meta property=\"article:modified_time\" content=\"2025-07-14T11:46:15+00:00\" \/>\n<meta property=\"og:image\" content=\"https:\/\/strangercam.com\/wp-content\/uploads\/2021\/10\/Untitled-2.png\" \/>\n\t<meta property=\"og:image:width\" content=\"800\" \/>\n\t<meta property=\"og:image:height\" content=\"532\" \/>\n\t<meta property=\"og:image:type\" content=\"image\/png\" \/>\n<meta name=\"twitter:card\" content=\"summary_large_image\" \/>\n<meta name=\"twitter:site\" content=\"@strangercamapp\" \/>\n<meta name=\"twitter:label1\" content=\"Timp estimat pentru citire\" \/>\n\t<meta name=\"twitter:data1\" content=\"6 minute\" \/>\n<script type=\"application\/ld+json\" class=\"yoast-schema-graph\">{\"@context\":\"https:\/\/schema.org\",\"@graph\":[{\"@type\":\"WebPage\",\"@id\":\"https:\/\/strangercam.com\/fox-video-chat\/\",\"url\":\"https:\/\/strangercam.com\/fox-video-chat\/\",\"name\":\"Fox Video Chat - Video Chat with Strangers on StrangerCam.com\",\"isPartOf\":{\"@id\":\"https:\/\/strangercam.com\/#website\"},\"datePublished\":\"2025-07-14T11:45:54+00:00\",\"dateModified\":\"2025-07-14T11:46:15+00:00\",\"description\":\"Like Fox Video Chat? Come chat with more than 5.000.000 strangers on Stranger Cam for Free! Turn on your cam and find new friends & maby a match!\",\"breadcrumb\":{\"@id\":\"https:\/\/strangercam.com\/fox-video-chat\/#breadcrumb\"},\"inLanguage\":\"ro-RO\",\"potentialAction\":[{\"@type\":\"ReadAction\",\"target\":[\"https:\/\/strangercam.com\/fox-video-chat\/\"]}]},{\"@type\":\"BreadcrumbList\",\"@id\":\"https:\/\/strangercam.com\/fox-video-chat\/#breadcrumb\",\"itemListElement\":[{\"@type\":\"ListItem\",\"position\":1,\"name\":\"Home\",\"item\":\"https:\/\/strangercam.com\/\"},{\"@type\":\"ListItem\",\"position\":2,\"name\":\"Fox Video Chat\"}]},{\"@type\":\"WebSite\",\"@id\":\"https:\/\/strangercam.com\/#website\",\"url\":\"https:\/\/strangercam.com\/\",\"name\":\"Strangercam\",\"description\":\"Random Video Chat with Strangers\",\"publisher\":{\"@id\":\"https:\/\/strangercam.com\/#organization\"},\"alternateName\":\"Strangercam.com\",\"potentialAction\":[{\"@type\":\"SearchAction\",\"target\":{\"@type\":\"EntryPoint\",\"urlTemplate\":\"https:\/\/strangercam.com\/?s={search_term_string}\"},\"query-input\":{\"@type\":\"PropertyValueSpecification\",\"valueRequired\":true,\"valueName\":\"search_term_string\"}}],\"inLanguage\":\"ro-RO\"},{\"@type\":\"Organization\",\"@id\":\"https:\/\/strangercam.com\/#organization\",\"name\":\"Strangercam\",\"alternateName\":\"Strangercam.com\",\"url\":\"https:\/\/strangercam.com\/\",\"logo\":{\"@type\":\"ImageObject\",\"inLanguage\":\"ro-RO\",\"@id\":\"https:\/\/strangercam.com\/#\/schema\/logo\/image\/\",\"url\":\"https:\/\/strangercam.com\/wp-content\/uploads\/2020\/11\/cropped-new-favicon-black.png\",\"contentUrl\":\"https:\/\/strangercam.com\/wp-content\/uploads\/2020\/11\/cropped-new-favicon-black.png\",\"width\":512,\"height\":512,\"caption\":\"Strangercam\"},\"image\":{\"@id\":\"https:\/\/strangercam.com\/#\/schema\/logo\/image\/\"},\"sameAs\":[\"https:\/\/www.facebook.com\/strangercam\",\"https:\/\/x.com\/strangercamapp\"]}]}<\/script>\n<!-- \/ Yoast SEO plugin. -->","yoast_head_json":{"title":"Fox Video Chat - Video Chat cu str\u0103ini pe StrangerCam.com","description":"\u00ce\u021bi place Fox Video Chat? Vino s\u0103 vorbe\u0219ti cu mai mult de 5.000.000 de str\u0103ini pe Stranger Cam gratuit! Porne\u0219te-\u021bi camera \u0219i g\u0103se\u0219te prieteni noi \u0219i poate o pereche!","robots":{"index":"index","follow":"follow","max-snippet":"max-snippet:-1","max-image-preview":"max-image-preview:large","max-video-preview":"max-video-preview:-1"},"canonical":"https:\/\/strangercam.com\/ro\/fox-video-chat\/","og_locale":"ro_RO","og_type":"article","og_title":"Fox Video Chat - Video Chat with Strangers on StrangerCam.com","og_description":"Like Fox Video Chat? Come chat with more than 5.000.000 strangers on Stranger Cam for Free! Turn on your cam and find new friends & maby a match!","og_url":"https:\/\/strangercam.com\/ro\/fox-video-chat\/","og_site_name":"Strangercam","article_publisher":"https:\/\/www.facebook.com\/strangercam","article_modified_time":"2025-07-14T11:46:15+00:00","og_image":[{"width":800,"height":532,"url":"https:\/\/strangercam.com\/wp-content\/uploads\/2021\/10\/Untitled-2.png","type":"image\/png"}],"twitter_card":"summary_large_image","twitter_site":"@strangercamapp","twitter_misc":{"Timp estimat pentru citire":"6 minute"},"schema":{"@context":"https:\/\/schema.org","@graph":[{"@type":"WebPage","@id":"https:\/\/strangercam.com\/fox-video-chat\/","url":"https:\/\/strangercam.com\/fox-video-chat\/","name":"Fox Video Chat - Video Chat cu str\u0103ini pe StrangerCam.com","isPartOf":{"@id":"https:\/\/strangercam.com\/#website"},"datePublished":"2025-07-14T11:45:54+00:00","dateModified":"2025-07-14T11:46:15+00:00","description":"\u00ce\u021bi place Fox Video Chat? Vino s\u0103 vorbe\u0219ti cu mai mult de 5.000.000 de str\u0103ini pe Stranger Cam gratuit! Porne\u0219te-\u021bi camera \u0219i g\u0103se\u0219te prieteni noi \u0219i poate o pereche!","breadcrumb":{"@id":"https:\/\/strangercam.com\/fox-video-chat\/#breadcrumb"},"inLanguage":"ro-RO","potentialAction":[{"@type":"ReadAction","target":["https:\/\/strangercam.com\/fox-video-chat\/"]}]},{"@type":"BreadcrumbList","@id":"https:\/\/strangercam.com\/fox-video-chat\/#breadcrumb","itemListElement":[{"@type":"ListItem","position":1,"name":"Home","item":"https:\/\/strangercam.com\/"},{"@type":"ListItem","position":2,"name":"Fox Video Chat"}]},{"@type":"WebSite","@id":"https:\/\/strangercam.com\/#website","url":"https:\/\/strangercam.com\/","name":"Strangercam","description":"Chat video aleatoriu cu str\u0103ini","publisher":{"@id":"https:\/\/strangercam.com\/#organization"},"alternateName":"Strangercam.com","potentialAction":[{"@type":"SearchAction","target":{"@type":"EntryPoint","urlTemplate":"https:\/\/strangercam.com\/?s={search_term_string}"},"query-input":{"@type":"PropertyValueSpecification","valueRequired":true,"valueName":"search_term_string"}}],"inLanguage":"ro-RO"},{"@type":"Organization","@id":"https:\/\/strangercam.com\/#organization","name":"Strangercam","alternateName":"Strangercam.com","url":"https:\/\/strangercam.com\/","logo":{"@type":"ImageObject","inLanguage":"ro-RO","@id":"https:\/\/strangercam.com\/#\/schema\/logo\/image\/","url":"https:\/\/strangercam.com\/wp-content\/uploads\/2020\/11\/cropped-new-favicon-black.png","contentUrl":"https:\/\/strangercam.com\/wp-content\/uploads\/2020\/11\/cropped-new-favicon-black.png","width":512,"height":512,"caption":"Strangercam"},"image":{"@id":"https:\/\/strangercam.com\/#\/schema\/logo\/image\/"},"sameAs":["https:\/\/www.facebook.com\/strangercam","https:\/\/x.com\/strangercamapp"]}]}},"_links":{"self":[{"href":"https:\/\/strangercam.com\/ro\/wp-json\/wp\/v2\/pages\/12909","targetHints":{"allow":["GET"]}}],"collection":[{"href":"https:\/\/strangercam.com\/ro\/wp-json\/wp\/v2\/pages"}],"about":[{"href":"https:\/\/strangercam.com\/ro\/wp-json\/wp\/v2\/types\/page"}],"author":[{"embeddable":true,"href":"https:\/\/strangercam.com\/ro\/wp-json\/wp\/v2\/users\/6"}],"replies":[{"embeddable":true,"href":"https:\/\/strangercam.com\/ro\/wp-json\/wp\/v2\/comments?post=12909"}],"version-history":[{"count":1,"href":"https:\/\/strangercam.com\/ro\/wp-json\/wp\/v2\/pages\/12909\/revisions"}],"predecessor-version":[{"id":12910,"href":"https:\/\/strangercam.com\/ro\/wp-json\/wp\/v2\/pages\/12909\/revisions\/12910"}],"wp:attachment":[{"href":"https:\/\/strangercam.com\/ro\/wp-json\/wp\/v2\/media?parent=12909"}],"curies":[{"name":"wp","href":"https:\/\/api.w.org\/{rel}","templated":true}]}}