{"id":12907,"date":"2025-07-14T13:41:45","date_gmt":"2025-07-14T11:41:45","guid":{"rendered":"https:\/\/strangercam.com\/?page_id=12907"},"modified":"2025-07-14T13:41:45","modified_gmt":"2025-07-14T11:41:45","slug":"fata-superioara","status":"publish","type":"page","link":"https:\/\/strangercam.com\/ro\/topface\/","title":{"rendered":"Topface"},"content":{"rendered":"<p>\u00centr-un peisaj al \u00eent\u00e2lnirilor aglomerat de aplica\u021bii \u0219i site-uri web, doar c\u00e2teva platforme reu\u0219esc s\u0103 ias\u0103 \u00een eviden\u021b\u0103 la nivel global. Topface este una dintre aceste platforme - \u00eembin\u0103 elemente de descoperire social\u0103, \u00eent\u00e2lniri online tradi\u021bionale \u0219i \u00eent\u00e2lniri ocazionale <a href=\"https:\/\/strangercam.com\/ro\/chatroulette\/\">chat<\/a> \u00eentr-o singur\u0103 experien\u021b\u0103 multilingv\u0103. Cu milioane de utilizatori \u00een \u00eentreaga lume \u0219i o reputa\u021bie pentru conexiunile interculturale, Topface \u0219i-a construit un public fidel de la lansarea sa \u00een urm\u0103 cu peste un deceniu.<\/p>\n<p>Dar ce anume face Topface unic? Cui se adreseaz\u0103, care sunt caracteristicile sale \u0219i cum se situeaz\u0103 fa\u021b\u0103 de alte platforme majore de \u00eent\u00e2lniri \u0219i chat \u00een 2025? \u00cen aceast\u0103 recenzie detaliat\u0103, vom acoperi tot ce trebuie s\u0103 \u0219ti\u021bi despre Topface, astfel \u00eenc\u00e2t s\u0103 pute\u021bi decide dac\u0103 este potrivit pentru dvs.<\/p>\n<h2>Ce este Topface?<\/h2>\n<p>Topface este o platform\u0103 global\u0103 de \u00eent\u00e2lniri \u0219i descoperire social\u0103 disponibil\u0103 prin intermediul aplica\u021biei web \u0219i mobile. Aceasta permite utilizatorilor s\u0103 <a href=\"https:\/\/strangercam.com\/ro\/coomeet\/\">\u00eent\u00e2lnire<\/a> persoane noi pentru chat, \u00eent\u00e2lniri sau \u00eemprietenire, folosind o combina\u021bie de navigare prin profiluri, potrivire a intereselor reciproce \u0219i func\u021bii interactive de mesagerie.<\/p>\n<p>Spre deosebire de aplica\u021biile tradi\u021bionale de \u00eent\u00e2lniri axate exclusiv pe conexiuni romantice, ecosistemul Topface este mai apropiat de o re\u021bea social\u0103 - permi\u021b\u00e2nd orice, de la flirt \u0219i \u00eent\u00e2lniri la prietenii interna\u021bionale \u0219i chat-uri ocazionale. Site-ul este disponibil \u00een zeci de limbi \u0219i sus\u021bine o baz\u0103 interna\u021bional\u0103 vast\u0103 de utilizatori, ceea ce \u00eel face deosebit de popular \u00een Europa de Est, America Latin\u0103, Asia de Sud-Est \u0219i nu numai.<\/p>\n<h2>Care este scopul Topface?<\/h2>\n<p>Topface a fost creat pentru a ajuta oamenii s\u0103 se conecteze la nivel global, s\u0103 sparg\u0103 ghea\u021ba \u0219i s\u0103 formeze rela\u021bii - romantice sau de alt\u0103 natur\u0103 - prin intermediul unor instrumente distractive \u0219i interactive. Este o platform\u0103 care se afl\u0103 la intersec\u021bia dintre:<\/p>\n<ul>\n<li>Descoperirea social\u0103 (cunoa\u0219terea de noi persoane \u00een afara grupului de prieteni)<\/li>\n<li>\u00cent\u00e2lniri online (g\u0103sirea de parteneri romantici la nivel local sau mondial)<\/li>\n<li>Conversa\u021bii ocazionale (pentru a v\u0103 face prieteni, prieteni prin coresponden\u021b\u0103 sau parteneri de schimb lingvistic)<\/li>\n<\/ul>\n<p>Misiunea principal\u0103 este de a face s\u0103 fie u\u0219or, atr\u0103g\u0103tor \u0219i lipsit de presiune s\u0103 \u00eent\u00e2lne\u0219ti str\u0103ini online, f\u0103r\u0103 exclusivitatea sau intensitatea aplica\u021biilor de \u00eent\u00e2lniri de tip swipe-only.<\/p>\n<h2>Caracteristici principale<\/h2>\n<p>1. Descoperirea \u0219i navigarea profilurilor<br \/>\nTopface permite utilizatorilor s\u0103 r\u0103sfoiasc\u0103 profilurile \u00een func\u021bie de v\u00e2rst\u0103, sex, loca\u021bie \u0219i interese. Spre deosebire de aplica\u021biile pur swipe, pute\u021bi explora o gam\u0103 larg\u0103 de utilizatori, vizualiza profiluri detaliate \u0219i decide cu cine s\u0103 interac\u021biona\u021bi.<\/p>\n<p>2. Sistemul Like and Match<br \/>\nInteresul reciproc este semnalat prin mecanismul familiar \"\u00eemi place\"\/\"potrivire\". Dac\u0103 doi utilizatori se plac reciproc, ace\u0219tia deblocheaz\u0103 mesageria \u0219i alte func\u021bii, \u00eencuraj\u00e2nd conexiunile bazate pe atrac\u021bie sau curiozitate comun\u0103.<\/p>\n<p>3. Mesagerie \u0219i chat<br \/>\nOdat\u0103 potrivi\u021bi, utilizatorii pot face schimb de mesaje private, fotografii \u0219i videoclipuri. Exist\u0103, de asemenea, func\u021bii pentru trimiterea de cadouri virtuale, autocolante \u0219i note vocale, f\u0103c\u00e2nd conversa\u021biile mai interactive.<\/p>\n<p>4. <a href=\"https:\/\/strangercam.com\/ro\/rabbit-video-chat\/\">Chat video<\/a> \u0219i Livestreams<br \/>\nTopface ofer\u0103 chat video integrat \u0219i instrumente de streaming live, permi\u021b\u00e2nd utilizatorilor s\u0103 interac\u021bioneze fa\u021b\u0103 \u00een fa\u021b\u0103 \u00een timp real. Video-ul live ajut\u0103 la reducerea profilurilor false \u0219i creeaz\u0103 \u00eencredere \u00eenainte de \u00eent\u00e2lnirile offline.<\/p>\n<p>5. Sistemul cadourilor \u0219i monedelor virtuale<br \/>\nMulte func\u021bii, cum ar fi trimiterea de cadouri, cre\u0219terea vizibilit\u0103\u021bii profilului sau deblocarea filtrelor premium, utilizeaz\u0103 sistemul de monede virtuale al platformei. Monedele pot fi c\u00e2\u0219tigate prin activitate sau achizi\u021bionate cu bani reali.<\/p>\n<p>6. Filtre de c\u0103utare avansat\u0103<br \/>\nUtilizatorii Premium pot accesa instrumente avansate de c\u0103utare pentru a filtra \u00een func\u021bie de interese, obiceiuri, educa\u021bie sau chiar inten\u021bie (\u00eent\u00e2lniri, prietenie, chat etc.), contribuind la rafinarea procesului de descoperire.<\/p>\n<p>7. Suport multiplatform\u0103<br \/>\nTopface func\u021bioneaz\u0103 pe browsere desktop, aplica\u021bii Android \u0219i iOS - asigur\u00e2ndu-v\u0103 c\u0103 v\u0103 pute\u021bi conecta oric\u00e2nd, oriunde.<\/p>\n<p>8. Suport multilingv<br \/>\nPlatforma accept\u0103 zeci de limbi, de la englez\u0103 \u0219i spaniol\u0103 la rus\u0103, turc\u0103, vietnamez\u0103 \u0219i multe altele, ceea ce o face accesibil\u0103 \u0219i prietenoas\u0103 pentru utilizatorii interna\u021bionali.<\/p>\n<h2>Topface este gratuit?<\/h2>\n<p>\u00censcrierea \u0219i utilizarea Topface sunt gratuite pentru func\u021biile de baz\u0103. Pute\u021bi s\u0103 v\u0103 crea\u021bi un profil, s\u0103 c\u0103uta\u021bi utilizatori, s\u0103 trimite\u021bi like-uri \u0219i chiar s\u0103 schimba\u021bi c\u00e2teva mesaje f\u0103r\u0103 niciun cost. Cu toate acestea, platforma utilizeaz\u0103 un model freemium, \u00een care func\u021biile premium necesit\u0103 monede sau un abonament.<\/p>\n<h3>Caracteristici gratuite:<\/h3>\n<ul>\n<li>\u00cenregistrarea \u0219i crearea profilului<\/li>\n<li>Navigarea \u0219i c\u0103utarea profilurilor<\/li>\n<li>Trimiterea \u0219i primirea de aprecieri<\/li>\n<li>Mesagerie limitat\u0103 (adesea cu restric\u021bii)<\/li>\n<\/ul>\n<h3>Caracteristici pl\u0103tite:<\/h3>\n<ul>\n<li>Chat \u0219i apeluri video nelimitate<\/li>\n<li>Trimiterea \u0219i primirea de cadouri virtuale<\/li>\n<li>Cre\u0219terea vizibilit\u0103\u021bii profilului<\/li>\n<li>Acces la filtre avansate \u0219i op\u021biuni de c\u0103utare<\/li>\n<li>Vizualizarea persoanelor care au vizitat sau au apreciat profilul dvs.<\/li>\n<\/ul>\n<p>Monedele \u0219i abonamentele au pre\u021buri rezonabile \u00een compara\u021bie cu multe aplica\u021bii de dating occidentale, dar utilizatorii trebuie s\u0103 se a\u0219tepte la anumite limite \u00een ceea ce prive\u0219te interac\u021biunea liber\u0103.<\/p>\n<h2>Cine utilizeaz\u0103 Topface?<\/h2>\n<p>Topface este cu adev\u0103rat global\u0103, cu o baz\u0103 de utilizatori divers\u0103 \u0219i activ\u0103:<\/p>\n<ul>\n<li>Intervalul de v\u00e2rst\u0103: 18-40 este cel mai activ, dar particip\u0103 utilizatori de toate v\u00e2rstele<\/li>\n<li>Echilibrul de gen: Mai echilibrat dec\u00e2t aplica\u021biile tipice de dating, cu o participare puternic\u0103 a femeilor, \u00een special \u00een afara Americii de Nord<\/li>\n<li>Geografie: Popular mai ales \u00een Rusia, Ucraina, Turcia, Brazilia, India, Thailanda, Vietnam \u0219i America Latin\u0103 - de\u0219i ve\u021bi g\u0103si utilizatori din aproape toate \u021b\u0103rile<\/li>\n<\/ul>\n<p>Mul\u021bi utilizatori sunt interesa\u021bi de:<\/p>\n<ul>\n<li>Chat ocazional \u0219i crearea de noi prietenii \u00een \u00eentreaga lume<\/li>\n<li><a href=\"https:\/\/strangercam.com\/ro\/flirtbees\/\">Flirtul<\/a> sau g\u0103sirea de parteneri romantici interna\u021bionali<\/li>\n<li>Rela\u021bii interculturale \u0219i schimburi lingvistice<\/li>\n<li>Socializare online sigur\u0103, moderat\u0103<\/li>\n<\/ul>\n<p>Spre deosebire de aplica\u021biile de dating de ni\u0219\u0103, Topface se adreseaz\u0103 unei variet\u0103\u021bi de inten\u021bii, astfel c\u0103 ve\u021bi g\u0103si de toate, de la \u00eent\u00e2lniri serioase \u0219i \u00eent\u00e2lniri ocazionale la prieteni prin coresponden\u021b\u0103 \u0219i chat-uri de grup.<\/p>\n<h2>Siguran\u021b\u0103, confiden\u021bialitate \u0219i moderare<\/h2>\n<p>Topface adopt\u0103 o abordare solid\u0103 a siguran\u021bei \u0219i moder\u0103rii utilizatorilor:<\/p>\n<h3>Confiden\u021bialitate:<\/h3>\n<ul>\n<li>\u00cenregistrarea necesit\u0103 doar informa\u021bii de baz\u0103<\/li>\n<li>Sunt disponibile op\u021biuni de verificare prin telefon\/email pentru o securitate sporit\u0103<\/li>\n<li>Conversa\u021biile sunt private \u0219i nu sunt accesibile altor utilizatori<\/li>\n<\/ul>\n<h3>Moderare:<\/h3>\n<ul>\n<li>Revizuirea manual\u0103 \u0219i automat\u0103 a profilului pentru a limita conturile false \u0219i \u00een\u0219el\u0103toriile<\/li>\n<li>Raportarea \u0219i blocarea \u00een chat pentru a elimina utilizatorii abuzivi sau suspec\u021bi<\/li>\n<li>Detectare activ\u0103 anti-spam \u0219i anti-fraud\u0103<\/li>\n<\/ul>\n<h3>Control utilizator:<\/h3>\n<ul>\n<li>Control asupra persoanelor care v\u0103 pot vedea profilul sau v\u0103 pot trimite mesaje<\/li>\n<li>Set\u0103ri pentru confiden\u021bialitatea profilului \u0219i gestionarea notific\u0103rilor<\/li>\n<\/ul>\n<p>De\u0219i platforma este, \u00een general, sigur\u0103, utilizatorii ar trebui s\u0103 fie precau\u021bi - \u00een special atunci c\u00e2nd \u00eemp\u0103rt\u0103\u0219esc detalii personale sau c\u00e2nd transfer\u0103 conversa\u021biile \u00een afara platformei.<\/p>\n<h2>Experien\u021ba \u0219i designul utilizatorului<\/h2>\n<p>Topface are o interfa\u021b\u0103 luminoas\u0103, u\u0219or de utilizat, care func\u021bioneaz\u0103 bine pe toate dispozitivele. Puncte cheie:<\/p>\n<ul>\n<li>Navigare clar\u0103 \u0219i carduri de profil<\/li>\n<li>Pictograme colorate pentru cadouri, chat \u0219i potrivire<\/li>\n<li>Timpi rapizi de \u00eenc\u0103rcare \u0219i streaming video fiabil<\/li>\n<li>Design responsiv pentru utilizarea pe mobil \u0219i tablet\u0103<\/li>\n<li>Meniuri \u0219i sec\u021biuni de ajutor multilingve<\/li>\n<\/ul>\n<p>Platforma evit\u0103 aglomera\u021bia plin\u0103 de reclame a unor site-uri globale de \u00eent\u00e2lniri, concentr\u00e2ndu-se pe o experien\u021b\u0103 curat\u0103, cu bannere promo\u021bionale ocazionale doar pentru caracteristicile premium.<\/p>\n<h2>Topface vs Alte platforme sociale de dating<\/h2>\n<p>Cum se pozi\u021bioneaz\u0103 Topface fa\u021b\u0103 de alte platforme de chat \u0219i \u00eent\u00e2lniri de top?<\/p>\n<table>\n<thead>\n<tr>\n<th>Caracteristic\u0103<\/th>\n<th>Topface<\/th>\n<th>Badoo<\/th>\n<th>Tinder<\/th>\n<th>Mamba<\/th>\n<th><a href=\"https:\/\/strangercam.com\/ro\/azar-app\/\">Azar<\/a><\/th>\n<\/tr>\n<\/thead>\n<tbody>\n<tr>\n<td>Baza global\u0103 de utilizatori<\/td>\n<td>Da<\/td>\n<td>Da<\/td>\n<td>Da<\/td>\n<td>Da<\/td>\n<td>Da<\/td>\n<\/tr>\n<tr>\n<td>Mesaje gratuite<\/td>\n<td>limitat\u0103<\/td>\n<td>limitat\u0103<\/td>\n<td>Nu<\/td>\n<td>limitat\u0103<\/td>\n<td>limitat\u0103<\/td>\n<\/tr>\n<tr>\n<td>Chat video<\/td>\n<td>Da<\/td>\n<td>Nu<\/td>\n<td>Nu<\/td>\n<td>Da<\/td>\n<td>Da<\/td>\n<\/tr>\n<tr>\n<td>Cadouri virtuale \/ Monede<\/td>\n<td>Da<\/td>\n<td>Da<\/td>\n<td>Nu<\/td>\n<td>Da<\/td>\n<td>Da<\/td>\n<\/tr>\n<tr>\n<td>Descoperirea profilului<\/td>\n<td>Da<\/td>\n<td>Da<\/td>\n<td>Glisa\u021bi<\/td>\n<td>Da<\/td>\n<td>Aleatoriu<\/td>\n<\/tr>\n<tr>\n<td>Streaming live<\/td>\n<td>Da<\/td>\n<td>Nu<\/td>\n<td>Nu<\/td>\n<td>Nu<\/td>\n<td>Nu<\/td>\n<\/tr>\n<tr>\n<td>Multi-Limba<\/td>\n<td>Da<\/td>\n<td>Da<\/td>\n<td>limitat\u0103<\/td>\n<td>Da<\/td>\n<td>Da<\/td>\n<\/tr>\n<\/tbody>\n<\/table>\n<p>Rezumat: Topface este mai bogat\u0103 \u00een func\u021bii dec\u00e2t aplica\u021biile clasice de \u00eent\u00e2lniri, precum Tinder, \u0219i ofer\u0103 o acoperire interna\u021bional\u0103 mai larg\u0103 dec\u00e2t multe aplica\u021bii occidentale. Amestecul s\u0103u de video, chat \u0219i gamificare o face s\u0103 par\u0103 vie \u0219i primitoare at\u00e2t pentru utilizatorii locali, c\u00e2t \u0219i pentru cei interna\u021bionali.<\/p>\n<h2>Avantaje \u0219i dezavantaje<\/h2>\n<p>Avantaje:<\/p>\n<ul>\n<li>Baz\u0103 de utilizatori mare, interna\u021bional\u0103<\/li>\n<li>\u00censcriere gratuit\u0103 cu caracteristici de baz\u0103<\/li>\n<li>Chat video \u0219i livestreams disponibile<\/li>\n<li>Elemente distractive, de descoperire social\u0103<\/li>\n<li>Compatibilitate mobil\u0103 \u0219i desktop<\/li>\n<li>Moderare puternic\u0103 \u0219i set\u0103ri de confiden\u021bialitate<\/li>\n<\/ul>\n<p>Cons:<\/p>\n<ul>\n<li>Accesul complet necesit\u0103 monede sau abonament<\/li>\n<li>Unele profiluri false sau inactive (lucru comun pe toate platformele mari)<\/li>\n<li>Mesageria gratuit\u0103 limitat\u0103 poate fi frustrant\u0103<\/li>\n<li>Mai pu\u021bin popular \u00een America de Nord dec\u00e2t \u00een Europa de Est, Asia sau America de Sud<\/li>\n<\/ul>\n<h2>Cazuri ideale de utilizare<\/h2>\n<p>Topface este ideal pentru:<\/p>\n<ul>\n<li>Singuri care cauta intalniri sau prietenii la nivel international<\/li>\n<li>C\u0103l\u0103tori sau expatria\u021bi \u00een c\u0103utare de leg\u0103turi locale<\/li>\n<li>Oameni care se bucur\u0103 de o combina\u021bie de caracteristici de re\u021bele sociale \u0219i de \u00eent\u00e2lniri<\/li>\n<li>Oricine dore\u0219te o comunitate de chat plin\u0103 de via\u021b\u0103, prietenoas\u0103 cu video<\/li>\n<li>Utilizatori interesa\u021bi de schimburi lingvistice sau descoperiri culturale<\/li>\n<\/ul>\n<p>Este mai pu\u021bin ideal pentru:<\/p>\n<ul>\n<li>Cei care doresc 100% mesagerie nelimitat\u0103 gratuit\u0103<\/li>\n<li>Persoane care caut\u0103 doar \u00eent\u00e2lniri hiperlocale<\/li>\n<li>Utilizatorii nu se simt confortabil cu interac\u021biunile globale sau interculturale<\/li>\n<\/ul>\n<h2>Verdict final<\/h2>\n<p>Topface se remarc\u0103 drept una dintre cele mai versatile \u0219i interna\u021bionale platforme de chat \u0219i \u00eent\u00e2lniri din lume. Cu o baz\u0103 de utilizatori plin\u0103 de via\u021b\u0103, caracteristici sociale amuzante \u0219i accentul pus pe video \u0219i chat interactiv, este mult mai mult dec\u00e2t o aplica\u021bie de \u00eent\u00e2lniri - este o poart\u0103 c\u0103tre noi culturi, limbi \u0219i prietenii, precum \u0219i c\u0103tre dragoste.<\/p>\n<p>Dac\u0103 dori\u021bi s\u0103 v\u0103 extinde\u021bi orizonturile sociale, s\u0103 cunoa\u0219te\u021bi oameni din \u00eentreaga lume sau, pur \u0219i simplu, s\u0103 v\u0103 bucura\u021bi de o experien\u021b\u0103 de chat distractiv\u0103 \u0219i captivant\u0103, Topface merit\u0103 neap\u0103rat o \u00eencercare \u00een 2025.<\/p>","protected":false},"excerpt":{"rendered":"<p>In a dating landscape crowded with apps and websites, only a few platforms manage to stand out on a global scale. Topface is one such platform\u2014blending elements of social discovery, traditional online dating, and casual chat into a single, multilingual experience. With millions of users worldwide and a reputation for cross-cultural connections, Topface has built [&hellip;]<\/p>\n","protected":false},"author":6,"featured_media":0,"parent":0,"menu_order":0,"comment_status":"closed","ping_status":"closed","template":"","meta":{"footnotes":""},"class_list":["post-12907","page","type-page","status-publish","hentry"],"yoast_head":"<!-- This site is optimized with the Yoast SEO plugin v27.4 - https:\/\/yoast.com\/product\/yoast-seo-wordpress\/ -->\n<title>Topface - Meet girls and guys, chat on StrangerCam.com<\/title>\n<meta name=\"description\" content=\"Like Topface? Come chat with more than 5.000.000 strangers on Stranger Cam for Free! Turn on your cam and find new friends &amp; maby a match!\" \/>\n<meta name=\"robots\" content=\"index, follow, max-snippet:-1, max-image-preview:large, max-video-preview:-1\" \/>\n<link rel=\"canonical\" href=\"https:\/\/strangercam.com\/ro\/fata-superioara\/\" \/>\n<meta property=\"og:locale\" content=\"ro_RO\" \/>\n<meta property=\"og:type\" content=\"article\" \/>\n<meta property=\"og:title\" content=\"Topface - Meet girls and guys, chat on StrangerCam.com\" \/>\n<meta property=\"og:description\" content=\"Like Topface? Come chat with more than 5.000.000 strangers on Stranger Cam for Free! Turn on your cam and find new friends &amp; maby a match!\" \/>\n<meta property=\"og:url\" content=\"https:\/\/strangercam.com\/ro\/fata-superioara\/\" \/>\n<meta property=\"og:site_name\" content=\"Strangercam\" \/>\n<meta property=\"article:publisher\" content=\"https:\/\/www.facebook.com\/strangercam\" \/>\n<meta property=\"og:image\" content=\"https:\/\/strangercam.com\/wp-content\/uploads\/2021\/10\/Untitled-2.png\" \/>\n\t<meta property=\"og:image:width\" content=\"800\" \/>\n\t<meta property=\"og:image:height\" content=\"532\" \/>\n\t<meta property=\"og:image:type\" content=\"image\/png\" \/>\n<meta name=\"twitter:card\" content=\"summary_large_image\" \/>\n<meta name=\"twitter:site\" content=\"@strangercamapp\" \/>\n<meta name=\"twitter:label1\" content=\"Timp estimat pentru citire\" \/>\n\t<meta name=\"twitter:data1\" content=\"6 minute\" \/>\n<script type=\"application\/ld+json\" class=\"yoast-schema-graph\">{\"@context\":\"https:\\\/\\\/schema.org\",\"@graph\":[{\"@type\":\"WebPage\",\"@id\":\"https:\\\/\\\/strangercam.com\\\/topface\\\/\",\"url\":\"https:\\\/\\\/strangercam.com\\\/topface\\\/\",\"name\":\"Topface - Meet girls and guys, chat on StrangerCam.com\",\"isPartOf\":{\"@id\":\"https:\\\/\\\/strangercam.com\\\/#website\"},\"datePublished\":\"2025-07-14T11:41:45+00:00\",\"description\":\"Like Topface? Come chat with more than 5.000.000 strangers on Stranger Cam for Free! Turn on your cam and find new friends & maby a match!\",\"breadcrumb\":{\"@id\":\"https:\\\/\\\/strangercam.com\\\/topface\\\/#breadcrumb\"},\"inLanguage\":\"ro-RO\",\"potentialAction\":[{\"@type\":\"ReadAction\",\"target\":[\"https:\\\/\\\/strangercam.com\\\/topface\\\/\"]}]},{\"@type\":\"BreadcrumbList\",\"@id\":\"https:\\\/\\\/strangercam.com\\\/topface\\\/#breadcrumb\",\"itemListElement\":[{\"@type\":\"ListItem\",\"position\":1,\"name\":\"Home\",\"item\":\"https:\\\/\\\/strangercam.com\\\/\"},{\"@type\":\"ListItem\",\"position\":2,\"name\":\"Topface\"}]},{\"@type\":\"WebSite\",\"@id\":\"https:\\\/\\\/strangercam.com\\\/#website\",\"url\":\"https:\\\/\\\/strangercam.com\\\/\",\"name\":\"Strangercam\",\"description\":\"Random Video Chat with Strangers\",\"publisher\":{\"@id\":\"https:\\\/\\\/strangercam.com\\\/#organization\"},\"alternateName\":\"Strangercam.com\",\"potentialAction\":[{\"@type\":\"SearchAction\",\"target\":{\"@type\":\"EntryPoint\",\"urlTemplate\":\"https:\\\/\\\/strangercam.com\\\/?s={search_term_string}\"},\"query-input\":{\"@type\":\"PropertyValueSpecification\",\"valueRequired\":true,\"valueName\":\"search_term_string\"}}],\"inLanguage\":\"ro-RO\"},{\"@type\":\"Organization\",\"@id\":\"https:\\\/\\\/strangercam.com\\\/#organization\",\"name\":\"Strangercam\",\"alternateName\":\"Strangercam.com\",\"url\":\"https:\\\/\\\/strangercam.com\\\/\",\"logo\":{\"@type\":\"ImageObject\",\"inLanguage\":\"ro-RO\",\"@id\":\"https:\\\/\\\/strangercam.com\\\/#\\\/schema\\\/logo\\\/image\\\/\",\"url\":\"https:\\\/\\\/strangercam.com\\\/wp-content\\\/uploads\\\/2020\\\/11\\\/cropped-new-favicon-black.png\",\"contentUrl\":\"https:\\\/\\\/strangercam.com\\\/wp-content\\\/uploads\\\/2020\\\/11\\\/cropped-new-favicon-black.png\",\"width\":512,\"height\":512,\"caption\":\"Strangercam\"},\"image\":{\"@id\":\"https:\\\/\\\/strangercam.com\\\/#\\\/schema\\\/logo\\\/image\\\/\"},\"sameAs\":[\"https:\\\/\\\/www.facebook.com\\\/strangercam\",\"https:\\\/\\\/x.com\\\/strangercamapp\"]}]}<\/script>\n<!-- \/ Yoast SEO plugin. -->","yoast_head_json":{"title":"Topface - Face\u021bi cuno\u0219tin\u021b\u0103 cu fete \u0219i b\u0103ie\u021bi, discuta\u021bi pe StrangerCam.com","description":"\u00ce\u021bi place Topface? Vino s\u0103 vorbe\u0219ti cu mai mult de 5.000.000 de str\u0103ini pe Stranger Cam gratuit! Porne\u0219te-\u021bi camera \u0219i g\u0103se\u0219te prieteni noi \u0219i poate o pereche!","robots":{"index":"index","follow":"follow","max-snippet":"max-snippet:-1","max-image-preview":"max-image-preview:large","max-video-preview":"max-video-preview:-1"},"canonical":"https:\/\/strangercam.com\/ro\/fata-superioara\/","og_locale":"ro_RO","og_type":"article","og_title":"Topface - Meet girls and guys, chat on StrangerCam.com","og_description":"Like Topface? Come chat with more than 5.000.000 strangers on Stranger Cam for Free! Turn on your cam and find new friends & maby a match!","og_url":"https:\/\/strangercam.com\/ro\/fata-superioara\/","og_site_name":"Strangercam","article_publisher":"https:\/\/www.facebook.com\/strangercam","og_image":[{"width":800,"height":532,"url":"https:\/\/strangercam.com\/wp-content\/uploads\/2021\/10\/Untitled-2.png","type":"image\/png"}],"twitter_card":"summary_large_image","twitter_site":"@strangercamapp","twitter_misc":{"Timp estimat pentru citire":"6 minute"},"schema":{"@context":"https:\/\/schema.org","@graph":[{"@type":"WebPage","@id":"https:\/\/strangercam.com\/topface\/","url":"https:\/\/strangercam.com\/topface\/","name":"Topface - Face\u021bi cuno\u0219tin\u021b\u0103 cu fete \u0219i b\u0103ie\u021bi, discuta\u021bi pe StrangerCam.com","isPartOf":{"@id":"https:\/\/strangercam.com\/#website"},"datePublished":"2025-07-14T11:41:45+00:00","description":"\u00ce\u021bi place Topface? Vino s\u0103 vorbe\u0219ti cu mai mult de 5.000.000 de str\u0103ini pe Stranger Cam gratuit! Porne\u0219te-\u021bi camera \u0219i g\u0103se\u0219te prieteni noi \u0219i poate o pereche!","breadcrumb":{"@id":"https:\/\/strangercam.com\/topface\/#breadcrumb"},"inLanguage":"ro-RO","potentialAction":[{"@type":"ReadAction","target":["https:\/\/strangercam.com\/topface\/"]}]},{"@type":"BreadcrumbList","@id":"https:\/\/strangercam.com\/topface\/#breadcrumb","itemListElement":[{"@type":"ListItem","position":1,"name":"Home","item":"https:\/\/strangercam.com\/"},{"@type":"ListItem","position":2,"name":"Topface"}]},{"@type":"WebSite","@id":"https:\/\/strangercam.com\/#website","url":"https:\/\/strangercam.com\/","name":"Strangercam","description":"Chat video aleatoriu cu str\u0103ini","publisher":{"@id":"https:\/\/strangercam.com\/#organization"},"alternateName":"Strangercam.com","potentialAction":[{"@type":"SearchAction","target":{"@type":"EntryPoint","urlTemplate":"https:\/\/strangercam.com\/?s={search_term_string}"},"query-input":{"@type":"PropertyValueSpecification","valueRequired":true,"valueName":"search_term_string"}}],"inLanguage":"ro-RO"},{"@type":"Organization","@id":"https:\/\/strangercam.com\/#organization","name":"Strangercam","alternateName":"Strangercam.com","url":"https:\/\/strangercam.com\/","logo":{"@type":"ImageObject","inLanguage":"ro-RO","@id":"https:\/\/strangercam.com\/#\/schema\/logo\/image\/","url":"https:\/\/strangercam.com\/wp-content\/uploads\/2020\/11\/cropped-new-favicon-black.png","contentUrl":"https:\/\/strangercam.com\/wp-content\/uploads\/2020\/11\/cropped-new-favicon-black.png","width":512,"height":512,"caption":"Strangercam"},"image":{"@id":"https:\/\/strangercam.com\/#\/schema\/logo\/image\/"},"sameAs":["https:\/\/www.facebook.com\/strangercam","https:\/\/x.com\/strangercamapp"]}]}},"_links":{"self":[{"href":"https:\/\/strangercam.com\/ro\/wp-json\/wp\/v2\/pages\/12907","targetHints":{"allow":["GET"]}}],"collection":[{"href":"https:\/\/strangercam.com\/ro\/wp-json\/wp\/v2\/pages"}],"about":[{"href":"https:\/\/strangercam.com\/ro\/wp-json\/wp\/v2\/types\/page"}],"author":[{"embeddable":true,"href":"https:\/\/strangercam.com\/ro\/wp-json\/wp\/v2\/users\/6"}],"replies":[{"embeddable":true,"href":"https:\/\/strangercam.com\/ro\/wp-json\/wp\/v2\/comments?post=12907"}],"version-history":[{"count":1,"href":"https:\/\/strangercam.com\/ro\/wp-json\/wp\/v2\/pages\/12907\/revisions"}],"predecessor-version":[{"id":12908,"href":"https:\/\/strangercam.com\/ro\/wp-json\/wp\/v2\/pages\/12907\/revisions\/12908"}],"wp:attachment":[{"href":"https:\/\/strangercam.com\/ro\/wp-json\/wp\/v2\/media?parent=12907"}],"curies":[{"name":"wp","href":"https:\/\/api.w.org\/{rel}","templated":true}]}}