{"id":12905,"date":"2025-07-14T13:38:21","date_gmt":"2025-07-14T11:38:21","guid":{"rendered":"https:\/\/strangercam.com\/?page_id=12905"},"modified":"2025-07-14T13:38:21","modified_gmt":"2025-07-14T11:38:21","slug":"stranger-space","status":"publish","type":"page","link":"https:\/\/strangercam.com\/ro\/stranger-space\/","title":{"rendered":"Stranger Space"},"content":{"rendered":"<p>Cu at\u00e2t de multe videoclipuri aleatorii <a href=\"https:\/\/strangercam.com\/ro\/chathub\/\">chat<\/a> platformele care \u00ee\u0219i disput\u0103 aten\u021bia \u00een 2025, este rar s\u0103 g\u0103se\u0219ti un site care s\u0103 echilibreze anonimatul, siguran\u021ba \u0219i o experien\u021b\u0103 modern\u0103 a utilizatorului la fel de bine ca Stranger Space. Conceput pentru utilizatorii care doresc conexiuni spontane fa\u021b\u0103 \u00een fa\u021b\u0103, dar f\u0103r\u0103 capcanele care au afectat platformele mai vechi, Stranger Space se distinge prin alegeri de design inteligente, moderare integrat\u0103 \u0219i o atmosfer\u0103 proasp\u0103t\u0103 \u0219i primitoare.<\/p>\n<p>Dar este Stranger Space cel mai bun loc nou pentru videochat cu str\u0103ini? Este sigur, u\u0219or de utilizat \u0219i chiar distractiv? \u00cen aceast\u0103 recenzie detaliat\u0103, vom acoperi tot ce trebuie s\u0103 \u0219ti\u021bi: cum func\u021bioneaz\u0103, cine \u00eel folose\u0219te, ce \u00eel face diferit \u0219i cum se compar\u0103 cu alte site-uri de video chat de top din 2025.<\/p>\n<h2>Ce este Stranger Space?<\/h2>\n<p>Stranger Space este o platform\u0103 gratuit\u0103 de chat video aleatoriu, bazat\u0103 pe browser, care v\u0103 conecteaz\u0103 instantaneu cu persoane necunoscute din \u00eentreaga lume. Utilizatorii se pot angaja \u00een apeluri video private, unu la unu, sau pot trece la chat text, totul f\u0103r\u0103 a fi nevoie s\u0103 creeze un cont sau s\u0103 descarce vreo aplica\u021bie.<\/p>\n<p>Accentul este pus pe comunicarea u\u0219oar\u0103, anonim\u0103 \u0219i \u00een timp real. Pur \u0219i simplu deschide\u021bi site-ul, v\u0103 permite\u021bi camera web \u0219i microfonul \u0219i face\u021bi clic pentru a \u00eencepe chat-ul. Interfa\u021ba curat\u0103 \u0219i designul modern ale Stranger Space \u00eenseamn\u0103 c\u0103 pute\u021bi vorbi cu cineva nou \u00een c\u00e2teva secunde.<\/p>\n<h2>Care este scopul Stranger Space?<\/h2>\n<p>Misiunea Stranger Space este de a re\u00eenvia entuziasmul \u0219i simplitatea platformelor clasice de chat aleatoriu, abord\u00e2nd \u00een acela\u0219i timp siguran\u021ba, confiden\u021bialitatea \u0219i deficien\u021bele de utilizare care au f\u0103cut ca site-uri precum <a href=\"https:\/\/strangercam.com\/ro\/omegle\/\">Omegle<\/a> infam.<\/p>\n<p>Stranger Space este construit pentru:<\/p>\n<ul>\n<li>Oameni care doresc o interac\u021biune spontan\u0103, f\u0103r\u0103 scenariu, fa\u021b\u0103 \u00een fa\u021b\u0103<\/li>\n<li>Utilizatori care apreciaz\u0103 anonimatul \u0219i confiden\u021bialitatea datelor<\/li>\n<li>Oricine s-a s\u0103turat de profiluri nesf\u00e2r\u0219ite, feed-uri sociale \u0219i glisare<\/li>\n<li>Cei care \u00eenva\u021b\u0103 limbi str\u0103ine \u0219i c\u0103l\u0103torii care doresc s\u0103 \u00ee\u0219i l\u0103rgeasc\u0103 orizonturile<\/li>\n<\/ul>\n<p>Mai presus de toate, este vorba despre conectarea rapid\u0103 \u0219i sigur\u0103 a oamenilor, permi\u021b\u00e2ndu-v\u0103 s\u0103 experimenta\u021bi noi culturi, idei \u0219i prietenii - sau doar s\u0103 v\u0103 desc\u0103rca\u021bi dup\u0103 o zi lung\u0103.<\/p>\n<h2>Caracteristici principale<\/h2>\n<p>1. Chat video anonim unu-la-unu<br \/>\nNucleul Stranger Space este chat-ul video privat \u0219i aleatoriu. Da\u021bi clic pentru a \u00eencepe \u0219i ve\u021bi fi \u00eemperecheat instantaneu cu un alt utilizator, oriunde \u00een lume. Nu exist\u0103 conturi, nu sunt necesare informa\u021bii personale, iar fiecare conversa\u021bie este unic\u0103.<\/p>\n<p>2. Butonul Skip\/Next<br \/>\nDac\u0103 conversa\u021bia nu merge bine sau pur \u0219i simplu e\u0219ti preg\u0103tit pentru o schimbare, apas\u0103 pe \"Urm\u0103torul\". Ve\u021bi fi asociat instantaneu cu un alt utilizator. Aceast\u0103 alternan\u021b\u0103 rapid\u0103 men\u021bine experien\u021ba proasp\u0103t\u0103 \u0219i dinamic\u0103.<\/p>\n<p>3. Op\u021biunea Chat text<br \/>\nPentru cei care sunt timizi \u00een fa\u021ba camerei sau au probleme cu l\u0103\u021bimea de band\u0103, Stranger Space ofer\u0103 un mod numai text. Pute\u021bi comuta \u00eentre text \u0219i video dup\u0103 cum dori\u021bi, ceea ce \u00eel face versatil pentru toate tipurile de utilizatori.<\/p>\n<p>4. F\u0103r\u0103 \u00eenregistrare sau desc\u0103rc\u0103ri<br \/>\nNu trebuie s\u0103 crea\u021bi un cont, s\u0103 configura\u021bi un profil sau s\u0103 desc\u0103rca\u021bi niciun software. Stranger Space ruleaz\u0103 direct \u00een browserul dvs. at\u00e2t pe desktop, c\u00e2t \u0219i pe mobil.<\/p>\n<p>5. Design modern, responsiv<br \/>\nStranger Space se remarc\u0103 prin interfa\u021ba sa elegant\u0103 \u0219i minimalist\u0103. Site-ul se \u00eencarc\u0103 rapid, comenzile sunt u\u0219or de g\u0103sit, iar calitatea video este excelent\u0103 - chiar \u0219i pe browserele mobile.<\/p>\n<p>6. Instrumente de siguran\u021b\u0103 \u0219i moderare<br \/>\nStranger Space prioritizeaz\u0103 siguran\u021ba cu un buton de raportare vizibil \u00een fiecare chat, detectarea nudit\u0103\u021bii \u0219i a abuzurilor cu ajutorul AI de baz\u0103 \u0219i moderarea uman\u0103 \u00een timp real \u00een timpul orelor de v\u00e2rf.<\/p>\n<p>7. Baza de utilizatori multilingv\u0103 \u0219i interna\u021bional\u0103<br \/>\nPlatforma accept\u0103 utilizatori din \u00eentreaga lume, ceea ce o face un loc minunat pentru a practica limbi str\u0103ine, a descoperi culturi noi sau pur \u0219i simplu pentru a-\u021bi face prieteni de departe.<\/p>\n<h2>Stranger Space este gratuit?<\/h2>\n<p>Da-Stranger Space este complet gratuit de utilizat. Nu exist\u0103:<\/p>\n<ul>\n<li>Paywalls sau abonamente<\/li>\n<li>Monede, jetoane sau achizi\u021bii \u00een aplica\u021bie<\/li>\n<li>Caracteristici blocate<\/li>\n<\/ul>\n<p>To\u021bi utilizatorii au acces at\u00e2t la chat video, c\u00e2t \u0219i la chat text, func\u021bionalitate de salt \u0219i func\u021bii de moderare. Platforma poate afi\u0219a reclame neintruzive pentru a ajuta la acoperirea costurilor, dar acestea nu interfereaz\u0103 cu experien\u021ba principal\u0103 de chat.<\/p>\n<h2>Cine utilizeaz\u0103 spa\u021biul Stranger?<\/h2>\n<p>Sim\u021bul modern al platformei \u0219i func\u021biile de siguran\u021b\u0103 atrag o baz\u0103 de utilizatori divers\u0103, global\u0103. Majoritatea utilizatorilor sunt:<\/p>\n<ul>\n<li>\u00centre 18 \u0219i 35 de ani (platforma este destinat\u0103 exclusiv adul\u021bilor)<\/li>\n<li>Din Statele Unite, Regatul Unit, India, Germania, Brazilia, Canada \u0219i Asia de Sud-Est<\/li>\n<li>\u00cemp\u0103r\u021bit \u00eentre persoane care caut\u0103 o conversa\u021bie prietenoas\u0103, schimburi lingvistice \u0219i flirturi ocazionale<\/li>\n<\/ul>\n<p>Spre deosebire de unele site-uri de chat video, angajamentul Stranger Space fa\u021b\u0103 de siguran\u021b\u0103 \u0219i confiden\u021bialitate \u00eenseamn\u0103 c\u0103 este atractiv at\u00e2t pentru b\u0103rba\u021bi, c\u00e2t \u0219i pentru femei, cu o participare mai echilibrat\u0103 a genurilor dec\u00e2t \u00een mod obi\u0219nuit \u00een aceast\u0103 ni\u0219\u0103.<\/p>\n<h2>Siguran\u021b\u0103, confiden\u021bialitate \u0219i moderare<\/h2>\n<p>Siguran\u021ba \u0219i confiden\u021bialitatea sunt priorit\u0103\u021bi de top pentru Stranger Space, iar acest lucru se vede \u00een mai multe moduri cheie:<\/p>\n<h3>Confiden\u021bialitate<\/h3>\n<ul>\n<li>F\u0103r\u0103 \u00eenregistrare sau creare de profil<\/li>\n<li>Conversa\u021biile nu sunt niciodat\u0103 \u00eenregistrate sau stocate<\/li>\n<li>Camera web \u0219i microfonul dvs. sunt active numai \u00een timpul sesiunii dvs.<\/li>\n<li>Nu sunt colectate sau partajate date cu caracter personal cu al\u021bi utilizatori<\/li>\n<\/ul>\n<h3>Modera\u021bie<\/h3>\n<ul>\n<li>Raportarea \u00een chat pentru abuz, nuditate sau spam<\/li>\n<li>Detec\u021bie bazat\u0103 pe inteligen\u021b\u0103 artificial\u0103 pentru a semnala automat con\u021binutul inadecvat<\/li>\n<li>Moderarea manual\u0103 \u00een timpul perioadelor aglomerate<\/li>\n<li>Interdic\u021bii rapide pentru contravenien\u021bii recidivi\u0219ti<\/li>\n<\/ul>\n<h3>Ghidul utilizatorului<\/h3>\n<ul>\n<li>Platforma este destinat\u0103 exclusiv adul\u021bilor (18+)<\/li>\n<li>Utilizatorii sunt sf\u0103tui\u021bi insistent s\u0103 nu \u00eemp\u0103rt\u0103\u0219easc\u0103 informa\u021bii personale<\/li>\n<li>Standardele comunitare interzic nuditatea, h\u0103r\u021buirea \u0219i activit\u0103\u021bile ilegale<\/li>\n<\/ul>\n<p>Aceste sisteme lucreaz\u0103 \u00eempreun\u0103 pentru a crea un mediu de chat mai sigur \u0219i mai primitor - de\u0219i, la fel ca \u00een cazul tuturor platformelor anonime, persist\u0103 un anumit risc, iar utilizatorii trebuie s\u0103 fie \u00eentotdeauna precau\u021bi.<\/p>\n<h2>Experien\u021ba \u0219i designul utilizatorului<\/h2>\n<p>Stranger Space ofer\u0103 o experien\u021b\u0103 modern\u0103, rapid\u0103 \u0219i f\u0103r\u0103 complica\u021bii:<\/p>\n<ul>\n<li>Pagina de pornire ofer\u0103 un buton simplu \"Start\", informa\u021bii scurte despre siguran\u021b\u0103 \u0219i acces direct la chat<\/li>\n<li>Fluxurile video sunt mari, clare \u0219i se adapteaz\u0103 bine la diferite dimensiuni ale ecranului<\/li>\n<li>Comenzile pentru \"Urm\u0103torul\", \"Raport\", muting \u0219i comutarea \u00eentre text\/video sunt \u00eentotdeauna vizibile \u0219i u\u0219or de utilizat<\/li>\n<\/ul>\n<p>At\u00e2t pe desktop, c\u00e2t \u0219i pe mobil, timpii de \u00eenc\u0103rcare sunt scur\u021bi, iar platforma func\u021bioneaz\u0103 f\u0103r\u0103 probleme. Spre deosebire de site-urile tradi\u021bionale, Stranger Space pare construit special pentru vitezele \u0219i dispozitivele de internet din prezent.<\/p>\n<h2>Stranger Space vs alte platforme de chat video aleatorii<\/h2>\n<p>Cum se compar\u0103 Stranger Space cu alte site-uri de video chat de top?<\/p>\n<table>\n<thead>\n<tr>\n<th>Caracteristic\u0103<\/th>\n<th>Stranger Space<\/th>\n<th>Ohmegle<\/th>\n<th><a href=\"https:\/\/strangercam.com\/ro\/ometv\/\">OmeTV<\/a><\/th>\n<th>Chatrandom<\/th>\n<th>Chaty<\/th>\n<\/tr>\n<\/thead>\n<tbody>\n<tr>\n<td>Chat video<\/td>\n<td>Da<\/td>\n<td>Da<\/td>\n<td>Da<\/td>\n<td>Da<\/td>\n<td>Da<\/td>\n<\/tr>\n<tr>\n<td>Op\u021biune chat text<\/td>\n<td>Da<\/td>\n<td>Da<\/td>\n<td>Da<\/td>\n<td>Da<\/td>\n<td>Da<\/td>\n<\/tr>\n<tr>\n<td>\u00cenregistrare necesar\u0103<\/td>\n<td>Nu<\/td>\n<td>Nu<\/td>\n<td>Nu<\/td>\n<td>Op\u021bional<\/td>\n<td>Nu<\/td>\n<\/tr>\n<tr>\n<td>Mobil prietenos<\/td>\n<td>Excelent\u0103<\/td>\n<td>Excelent\u0103<\/td>\n<td>Bun<\/td>\n<td>Bun<\/td>\n<td>Excelent\u0103<\/td>\n<\/tr>\n<tr>\n<td>Moderare\/Raportare<\/td>\n<td>Puternic<\/td>\n<td>Moderat<\/td>\n<td>Puternic<\/td>\n<td>Moderat<\/td>\n<td>Moderat<\/td>\n<\/tr>\n<tr>\n<td>Utilizare gratuit\u0103<\/td>\n<td>Da<\/td>\n<td>Da<\/td>\n<td>Da<\/td>\n<td>Da\/Paid<\/td>\n<td>Da<\/td>\n<\/tr>\n<tr>\n<td>Filtre de gen\/regiune<\/td>\n<td>Nu<\/td>\n<td>Nu<\/td>\n<td>Pl\u0103tite<\/td>\n<td>Pl\u0103tite<\/td>\n<td>Nu<\/td>\n<\/tr>\n<\/tbody>\n<\/table>\n<p>Rezumat: Stranger Space este cel mai apropiat \u00een spirit de Ohmegle \u0219i Chaty, dar se remarc\u0103 prin interfa\u021ba sa modern\u0103 \u0219i moderarea mai proactiv\u0103. Spre deosebire de OmeTV \u0219i Chatrandom, acesta nu blocheaz\u0103 caracteristicile \u00een spatele unui zid de plat\u0103 \u0219i nu necesit\u0103 \u00eenscriere.<\/p>\n<h2>Avantaje \u0219i dezavantaje<\/h2>\n<p>Avantaje:<\/p>\n<ul>\n<li>Complet gratuit \u0219i anonim<\/li>\n<li>Nu este necesar\u0103 \u00eenscrierea sau desc\u0103rcarea<\/li>\n<li>Design modern, prietenos cu mobilul<\/li>\n<li>Caracteristici puternice de moderare \u0219i siguran\u021b\u0103<\/li>\n<li>Potrivire \u0219i s\u0103ritur\u0103 rapid\u0103 \u0219i simpl\u0103<\/li>\n<li>Baza de utilizatori global\u0103, multilingv\u0103<\/li>\n<\/ul>\n<p>Cons:<\/p>\n<ul>\n<li>F\u0103r\u0103 filtre de gen sau regiune (meciurile sunt complet aleatorii)<\/li>\n<li>Con\u021binut inadecvat ocazional, \u00een ciuda moder\u0103rii<\/li>\n<li>Nu exist\u0103 profiluri, istoric al utilizatorilor sau op\u021biuni de rearmonizare<\/li>\n<li>Unii utilizatori se pot deconecta rapid sau pot s\u0103ri frecvent<\/li>\n<\/ul>\n<h2>Cazuri ideale de utilizare<\/h2>\n<p>Stranger Space este perfect pentru:<\/p>\n<ul>\n<li>Utilizatorii care doresc chat video sau text pur, spontan<\/li>\n<li>Oricine apreciaz\u0103 confiden\u021bialitatea \u0219i o interfa\u021b\u0103 curat\u0103 \u0219i modern\u0103<\/li>\n<li>\u00cenv\u0103\u021b\u0103tori de limbi str\u0103ine \u0219i exploratori ai culturii<\/li>\n<li>Oameni care caut\u0103 o pauz\u0103 de plictiseal\u0103 sau o conversa\u021bie prietenoas\u0103<\/li>\n<li>Adul\u021bi care caut\u0103 o alternativ\u0103 mai sigur\u0103 la chat <a href=\"https:\/\/strangercam.com\/ro\/chatroulette\/\">rulet\u0103<\/a> site-uri<\/li>\n<\/ul>\n<p>Este mai pu\u021bin potrivit pentru:<\/p>\n<ul>\n<li>Cei care caut\u0103 func\u021bii de dating sau matchmaking curatate<\/li>\n<li>Utilizatori minori (strict 18+)<\/li>\n<li>Persoane care doresc filtre pentru gen, \u021bar\u0103 sau interese<\/li>\n<\/ul>\n<h2>Verdict final<\/h2>\n<p>Stranger Space este una dintre cele mai bine concepute \u0219i mai sigure platforme de videochat aleatoriu disponibile \u00een 2025. Concentr\u00e2ndu-se pe anonimat, utilizabilitate modern\u0103 \u0219i protec\u021bia utilizatorului, aceasta aduce experien\u021ba clasic\u0103 a ruletei de chat \u00eentr-o nou\u0103 er\u0103 - f\u0103r\u0103 mizeria \u0219i riscul care defineau odat\u0103 genul.<\/p>\n<p>Dac\u0103 sunte\u021bi \u00een c\u0103utarea unui loc pentru a <a href=\"https:\/\/strangercam.com\/ro\/coomeet\/\">\u00eent\u00e2lnire<\/a> necunoscu\u021bi din \u00eentreaga lume, s\u0103 aib\u0103 conversa\u021bii f\u0103r\u0103 scenariu sau doar s\u0103 experimenteze emo\u021bia unui chat video anonim, Stranger Space merit\u0103 neap\u0103rat s\u0103 fie \u00eencercat. Interfa\u021ba sa simplificat\u0103, potrivirea rapid\u0103 \u0219i moderarea proactiv\u0103 \u00eel fac o alegere remarcabil\u0103 pentru oricine dore\u0219te o conexiune uman\u0103 online \u00een timp real - f\u0103r\u0103 \u00eenscriere, f\u0103r\u0103 desc\u0103rc\u0103ri, f\u0103r\u0103 obliga\u021bii.<\/p>","protected":false},"excerpt":{"rendered":"<p>With so many random video chat platforms vying for attention in 2025, it\u2019s rare to find a site that balances anonymity, safety, and a modern user experience as well as Stranger Space. Designed for users who want spontaneous face-to-face connections\u2014but without the pitfalls that plagued older platforms\u2014Stranger Space sets itself apart through smart design choices, [&hellip;]<\/p>\n","protected":false},"author":6,"featured_media":0,"parent":0,"menu_order":0,"comment_status":"closed","ping_status":"closed","template":"","meta":{"footnotes":""},"class_list":["post-12905","page","type-page","status-publish","hentry"],"yoast_head":"<!-- This site is optimized with the Yoast SEO plugin v27.4 - https:\/\/yoast.com\/product\/yoast-seo-wordpress\/ -->\n<title>Stranger Space - Talk to Strangers for Free on StrangerCam.com<\/title>\n<meta name=\"description\" content=\"Like Stranger Space? Come chat with more than 5.000.000 strangers on Stranger Cam for Free! Turn on your cam and find new friends &amp; maby a match!\" \/>\n<meta name=\"robots\" content=\"index, follow, max-snippet:-1, max-image-preview:large, max-video-preview:-1\" \/>\n<link rel=\"canonical\" href=\"https:\/\/strangercam.com\/ro\/stranger-space\/\" \/>\n<meta property=\"og:locale\" content=\"ro_RO\" \/>\n<meta property=\"og:type\" content=\"article\" \/>\n<meta property=\"og:title\" content=\"Stranger Space - Talk to Strangers for Free on StrangerCam.com\" \/>\n<meta property=\"og:description\" content=\"Like Stranger Space? Come chat with more than 5.000.000 strangers on Stranger Cam for Free! Turn on your cam and find new friends &amp; maby a match!\" \/>\n<meta property=\"og:url\" content=\"https:\/\/strangercam.com\/ro\/stranger-space\/\" \/>\n<meta property=\"og:site_name\" content=\"Strangercam\" \/>\n<meta property=\"article:publisher\" content=\"https:\/\/www.facebook.com\/strangercam\" \/>\n<meta property=\"og:image\" content=\"https:\/\/strangercam.com\/wp-content\/uploads\/2021\/10\/Untitled-2.png\" \/>\n\t<meta property=\"og:image:width\" content=\"800\" \/>\n\t<meta property=\"og:image:height\" content=\"532\" \/>\n\t<meta property=\"og:image:type\" content=\"image\/png\" \/>\n<meta name=\"twitter:card\" content=\"summary_large_image\" \/>\n<meta name=\"twitter:site\" content=\"@strangercamapp\" \/>\n<meta name=\"twitter:label1\" content=\"Timp estimat pentru citire\" \/>\n\t<meta name=\"twitter:data1\" content=\"6 minute\" \/>\n<script type=\"application\/ld+json\" class=\"yoast-schema-graph\">{\"@context\":\"https:\\\/\\\/schema.org\",\"@graph\":[{\"@type\":\"WebPage\",\"@id\":\"https:\\\/\\\/strangercam.com\\\/stranger-space\\\/\",\"url\":\"https:\\\/\\\/strangercam.com\\\/stranger-space\\\/\",\"name\":\"Stranger Space - Talk to Strangers for Free on StrangerCam.com\",\"isPartOf\":{\"@id\":\"https:\\\/\\\/strangercam.com\\\/#website\"},\"datePublished\":\"2025-07-14T11:38:21+00:00\",\"description\":\"Like Stranger Space? Come chat with more than 5.000.000 strangers on Stranger Cam for Free! Turn on your cam and find new friends & maby a match!\",\"breadcrumb\":{\"@id\":\"https:\\\/\\\/strangercam.com\\\/stranger-space\\\/#breadcrumb\"},\"inLanguage\":\"ro-RO\",\"potentialAction\":[{\"@type\":\"ReadAction\",\"target\":[\"https:\\\/\\\/strangercam.com\\\/stranger-space\\\/\"]}]},{\"@type\":\"BreadcrumbList\",\"@id\":\"https:\\\/\\\/strangercam.com\\\/stranger-space\\\/#breadcrumb\",\"itemListElement\":[{\"@type\":\"ListItem\",\"position\":1,\"name\":\"Home\",\"item\":\"https:\\\/\\\/strangercam.com\\\/\"},{\"@type\":\"ListItem\",\"position\":2,\"name\":\"Stranger Space\"}]},{\"@type\":\"WebSite\",\"@id\":\"https:\\\/\\\/strangercam.com\\\/#website\",\"url\":\"https:\\\/\\\/strangercam.com\\\/\",\"name\":\"Strangercam\",\"description\":\"Random Video Chat with Strangers\",\"publisher\":{\"@id\":\"https:\\\/\\\/strangercam.com\\\/#organization\"},\"alternateName\":\"Strangercam.com\",\"potentialAction\":[{\"@type\":\"SearchAction\",\"target\":{\"@type\":\"EntryPoint\",\"urlTemplate\":\"https:\\\/\\\/strangercam.com\\\/?s={search_term_string}\"},\"query-input\":{\"@type\":\"PropertyValueSpecification\",\"valueRequired\":true,\"valueName\":\"search_term_string\"}}],\"inLanguage\":\"ro-RO\"},{\"@type\":\"Organization\",\"@id\":\"https:\\\/\\\/strangercam.com\\\/#organization\",\"name\":\"Strangercam\",\"alternateName\":\"Strangercam.com\",\"url\":\"https:\\\/\\\/strangercam.com\\\/\",\"logo\":{\"@type\":\"ImageObject\",\"inLanguage\":\"ro-RO\",\"@id\":\"https:\\\/\\\/strangercam.com\\\/#\\\/schema\\\/logo\\\/image\\\/\",\"url\":\"https:\\\/\\\/strangercam.com\\\/wp-content\\\/uploads\\\/2020\\\/11\\\/cropped-new-favicon-black.png\",\"contentUrl\":\"https:\\\/\\\/strangercam.com\\\/wp-content\\\/uploads\\\/2020\\\/11\\\/cropped-new-favicon-black.png\",\"width\":512,\"height\":512,\"caption\":\"Strangercam\"},\"image\":{\"@id\":\"https:\\\/\\\/strangercam.com\\\/#\\\/schema\\\/logo\\\/image\\\/\"},\"sameAs\":[\"https:\\\/\\\/www.facebook.com\\\/strangercam\",\"https:\\\/\\\/x.com\\\/strangercamapp\"]}]}<\/script>\n<!-- \/ Yoast SEO plugin. -->","yoast_head_json":{"title":"Stranger Space - Vorbe\u0219te gratuit cu str\u0103inii pe StrangerCam.com","description":"\u00ce\u021bi place Stranger Space? Vino s\u0103 vorbe\u0219ti cu mai mult de 5.000.000 de str\u0103ini pe Stranger Cam gratuit! Porne\u0219te-\u021bi camera \u0219i g\u0103se\u0219te prieteni noi \u0219i poate o pereche!","robots":{"index":"index","follow":"follow","max-snippet":"max-snippet:-1","max-image-preview":"max-image-preview:large","max-video-preview":"max-video-preview:-1"},"canonical":"https:\/\/strangercam.com\/ro\/stranger-space\/","og_locale":"ro_RO","og_type":"article","og_title":"Stranger Space - Talk to Strangers for Free on StrangerCam.com","og_description":"Like Stranger Space? Come chat with more than 5.000.000 strangers on Stranger Cam for Free! Turn on your cam and find new friends & maby a match!","og_url":"https:\/\/strangercam.com\/ro\/stranger-space\/","og_site_name":"Strangercam","article_publisher":"https:\/\/www.facebook.com\/strangercam","og_image":[{"width":800,"height":532,"url":"https:\/\/strangercam.com\/wp-content\/uploads\/2021\/10\/Untitled-2.png","type":"image\/png"}],"twitter_card":"summary_large_image","twitter_site":"@strangercamapp","twitter_misc":{"Timp estimat pentru citire":"6 minute"},"schema":{"@context":"https:\/\/schema.org","@graph":[{"@type":"WebPage","@id":"https:\/\/strangercam.com\/stranger-space\/","url":"https:\/\/strangercam.com\/stranger-space\/","name":"Stranger Space - Vorbe\u0219te gratuit cu str\u0103inii pe StrangerCam.com","isPartOf":{"@id":"https:\/\/strangercam.com\/#website"},"datePublished":"2025-07-14T11:38:21+00:00","description":"\u00ce\u021bi place Stranger Space? Vino s\u0103 vorbe\u0219ti cu mai mult de 5.000.000 de str\u0103ini pe Stranger Cam gratuit! Porne\u0219te-\u021bi camera \u0219i g\u0103se\u0219te prieteni noi \u0219i poate o pereche!","breadcrumb":{"@id":"https:\/\/strangercam.com\/stranger-space\/#breadcrumb"},"inLanguage":"ro-RO","potentialAction":[{"@type":"ReadAction","target":["https:\/\/strangercam.com\/stranger-space\/"]}]},{"@type":"BreadcrumbList","@id":"https:\/\/strangercam.com\/stranger-space\/#breadcrumb","itemListElement":[{"@type":"ListItem","position":1,"name":"Home","item":"https:\/\/strangercam.com\/"},{"@type":"ListItem","position":2,"name":"Stranger Space"}]},{"@type":"WebSite","@id":"https:\/\/strangercam.com\/#website","url":"https:\/\/strangercam.com\/","name":"Strangercam","description":"Chat video aleatoriu cu str\u0103ini","publisher":{"@id":"https:\/\/strangercam.com\/#organization"},"alternateName":"Strangercam.com","potentialAction":[{"@type":"SearchAction","target":{"@type":"EntryPoint","urlTemplate":"https:\/\/strangercam.com\/?s={search_term_string}"},"query-input":{"@type":"PropertyValueSpecification","valueRequired":true,"valueName":"search_term_string"}}],"inLanguage":"ro-RO"},{"@type":"Organization","@id":"https:\/\/strangercam.com\/#organization","name":"Strangercam","alternateName":"Strangercam.com","url":"https:\/\/strangercam.com\/","logo":{"@type":"ImageObject","inLanguage":"ro-RO","@id":"https:\/\/strangercam.com\/#\/schema\/logo\/image\/","url":"https:\/\/strangercam.com\/wp-content\/uploads\/2020\/11\/cropped-new-favicon-black.png","contentUrl":"https:\/\/strangercam.com\/wp-content\/uploads\/2020\/11\/cropped-new-favicon-black.png","width":512,"height":512,"caption":"Strangercam"},"image":{"@id":"https:\/\/strangercam.com\/#\/schema\/logo\/image\/"},"sameAs":["https:\/\/www.facebook.com\/strangercam","https:\/\/x.com\/strangercamapp"]}]}},"_links":{"self":[{"href":"https:\/\/strangercam.com\/ro\/wp-json\/wp\/v2\/pages\/12905","targetHints":{"allow":["GET"]}}],"collection":[{"href":"https:\/\/strangercam.com\/ro\/wp-json\/wp\/v2\/pages"}],"about":[{"href":"https:\/\/strangercam.com\/ro\/wp-json\/wp\/v2\/types\/page"}],"author":[{"embeddable":true,"href":"https:\/\/strangercam.com\/ro\/wp-json\/wp\/v2\/users\/6"}],"replies":[{"embeddable":true,"href":"https:\/\/strangercam.com\/ro\/wp-json\/wp\/v2\/comments?post=12905"}],"version-history":[{"count":1,"href":"https:\/\/strangercam.com\/ro\/wp-json\/wp\/v2\/pages\/12905\/revisions"}],"predecessor-version":[{"id":12906,"href":"https:\/\/strangercam.com\/ro\/wp-json\/wp\/v2\/pages\/12905\/revisions\/12906"}],"wp:attachment":[{"href":"https:\/\/strangercam.com\/ro\/wp-json\/wp\/v2\/media?parent=12905"}],"curies":[{"name":"wp","href":"https:\/\/api.w.org\/{rel}","templated":true}]}}