{"id":12903,"date":"2025-07-14T13:33:31","date_gmt":"2025-07-14T11:33:31","guid":{"rendered":"https:\/\/strangercam.com\/?page_id=12903"},"modified":"2025-07-14T13:33:31","modified_gmt":"2025-07-14T11:33:31","slug":"chaty","status":"publish","type":"page","link":"https:\/\/strangercam.com\/ro\/chaty\/","title":{"rendered":"Chaty"},"content":{"rendered":"<p>Pe m\u0103sur\u0103 ce apetitul pentru videoclipuri spontane, fa\u021b\u0103 \u00een fa\u021b\u0103 <a href=\"https:\/\/strangercam.com\/ro\/chathub\/\">chat<\/a> continu\u0103 s\u0103 creasc\u0103, o nou\u0103 genera\u021bie de platforme a ap\u0103rut pentru a umple golul l\u0103sat de <a href=\"https:\/\/strangercam.com\/ro\/omegle\/\">Omegle<\/a> \u0219i <a href=\"https:\/\/strangercam.com\/ro\/chatroulette\/\">Chatroulette<\/a>. Chaty este un astfel de concurent, conceput pentru utilizatorii care doresc chat-uri video instantanee \u0219i anonime, f\u0103r\u0103 a fi nevoi\u021bi s\u0103 se \u00eenregistreze, s\u0103 creeze un profil sau s\u0103 descarce aplica\u021bii.<\/p>\n<p>Cu promisiunea de a \"\u00eent\u00e2lni str\u0103ini din \u00eentreaga lume \u00een c\u00e2teva secunde\", Chaty se pozi\u021bioneaz\u0103 ca o alternativ\u0103 modern\u0103 \u0219i u\u0219or de utilizat la formatul clasic de chat aleatoriu. Dar cum se situeaz\u0103 fa\u021b\u0103 de concuren\u021b\u0103 \u00een 2025? Este sigur, u\u0219or de utilizat \u0219i merit\u0103 timpul dumneavoastr\u0103?<\/p>\n<p>\u00cen aceast\u0103 recenzie cuprinz\u0103toare, vom explora exact ce este Chaty, cum func\u021bioneaz\u0103, ce caracteristici ofer\u0103, cine \u00eel folose\u0219te \u0219i cum se compar\u0103 cu alte site-uri de chat video de top.<\/p>\n<h2>Ce este Chaty?<\/h2>\n<p>Chaty este un site de chat video aleatoriu gratuit, bazat pe browser, care conecteaz\u0103 utilizatori din \u00eentreaga lume pentru conversa\u021bii unu la unu, \u00een timp real. Experien\u021ba este simpl\u0103 \u0219i anonim\u0103 - trebuie doar s\u0103 face\u021bi clic pentru a \u00eencepe, s\u0103 v\u0103 permite\u021bi camera \u0219i microfonul \u0219i ve\u021bi fi pus instantaneu \u00een contact cu un str\u0103in.<\/p>\n<p>Nu este nevoie s\u0103 crea\u021bi un cont, s\u0103 furniza\u021bi un e-mail sau s\u0103 desc\u0103rca\u021bi o aplica\u021bie. Chaty se concentreaz\u0103 pe elementele esen\u021biale: acces rapid, calitate video bun\u0103 \u0219i o interfa\u021b\u0103 simpl\u0103 care v\u0103 permite s\u0103 discuta\u021bi \u00een c\u00e2teva secunde.<\/p>\n<p>Site-ul se adreseaz\u0103 oricui caut\u0103:<\/p>\n<ul>\n<li>Interac\u021biune ocazional\u0103, \u00een timp real<\/li>\n<li>Conversa\u021bii video cochete sau prietenoase cu necunoscu\u021bi<\/li>\n<li>Practic\u0103 lingvistic\u0103 sau schimb cultural<\/li>\n<li>O modalitate de a trece timpul sau <a href=\"https:\/\/strangercam.com\/ro\/coomeet\/\">\u00eent\u00e2lnire<\/a> oameni noi \u00een mod anonim<\/li>\n<\/ul>\n<h2>Care este scopul Chaty?<\/h2>\n<p>Scopul principal al Chaty este de a readuce experien\u021ba clasic\u0103 de chat aleatoriu, dar cu o tehnologie mai bun\u0103 \u0219i o interfa\u021b\u0103 mai sigur\u0103 \u0219i mai u\u0219or de utilizat. \u00centr-o epoc\u0103 \u00een care aplica\u021biile de \u00eent\u00e2lniri, fluxurile sociale \u0219i platformele de streaming sunt foarte bine organizate, Chaty iese \u00een eviden\u021b\u0103 prin concentrarea pe conexiunea uman\u0103 pur\u0103 \u0219i nefiltrat\u0103 - nu sunt necesare biografii, swipes sau integr\u0103ri \u00een re\u021belele sociale.<\/p>\n<p>Este construit pentru:<\/p>\n<ul>\n<li>Utilizatorii au obosit s\u0103 ruleze la nesf\u00e2r\u0219it \u0219i s\u0103 se potriveasc\u0103 pe aplica\u021biile de dating<\/li>\n<li>Oricine caut\u0103 o modalitate instantanee, f\u0103r\u0103 presiuni, de a cunoa\u0219te oameni noi<\/li>\n<li>Persoane care apreciaz\u0103 confiden\u021bialitatea \u0219i anonimatul \u00een chat-urile online<\/li>\n<li>Utilizatori globali care caut\u0103 o alternativ\u0103 modern\u0103 Omegle sau Chatroulette<\/li>\n<\/ul>\n<h2>Caracteristici principale<\/h2>\n<p>1. Chat video aleatoriu unu-la-unu<br \/>\nCaracteristica principal\u0103 a Chaty este conexiunea video instantanee \u0219i anonim\u0103. Sunte\u021bi asociat la \u00eent\u00e2mplare cu un alt utilizator online pentru o conversa\u021bie privat\u0103, fa\u021b\u0103 \u00een fa\u021b\u0103. Dac\u0103 discu\u021bia nu v\u0103 place, face\u021bi clic pe \"Urm\u0103torul\" pentru a trece mai departe.<\/p>\n<p>2. F\u0103r\u0103 \u00eenregistrare sau desc\u0103rcare a aplica\u021biei<br \/>\n\u00centreaga experien\u021b\u0103 are loc \u00een browserul dvs. web. Nu este nevoie s\u0103 v\u0103 \u00eenscrie\u021bi, s\u0103 crea\u021bi un profil sau s\u0103 instala\u021bi vreun software. Astfel, datele dvs. personale r\u0103m\u00e2n private, iar procesul de \u00eenscriere este c\u00e2t se poate de rapid.<\/p>\n<p>3. Potrivire \u0219i s\u0103ritur\u0103 rapid\u0103<br \/>\nBackend-ul Chaty este construit pentru vitez\u0103. Meciurile noi se \u00eencarc\u0103 rapid, iar tranzi\u021bia \u00eentre chat-uri este f\u0103r\u0103 cusur - chiar \u0219i pe browserele mobile.<\/p>\n<p>4. Op\u021biunea Chat text<br \/>\nPentru cei care prefer\u0103 s\u0103 tasteze, au o l\u0103\u021bime de band\u0103 limitat\u0103 sau sunt timizi \u00een fa\u021ba camerei, Chaty ofer\u0103 \u0219i un mod de chat numai text. Pute\u021bi schimba modul \u00een orice moment.<\/p>\n<p>5. Design prietenos cu mobilul<br \/>\nChaty func\u021bioneaz\u0103 f\u0103r\u0103 probleme at\u00e2t pe desktop, c\u00e2t \u0219i pe browserele mobile. Interfa\u021ba este receptiv\u0103 \u0219i optimizat\u0103 pentru atingere, asigur\u00e2nd o func\u021bionare f\u0103r\u0103 probleme indiferent dac\u0103 v\u0103 afla\u021bi pe un laptop, o tablet\u0103 sau un smartphone.<\/p>\n<p>6. Comenzi simple<br \/>\nFerestrele video mari, butoanele clare \"Urm\u0103torul\" \u0219i \"Raporteaz\u0103\" \u0219i un aspect intuitiv men\u021bin experien\u021ba utilizatorului f\u0103r\u0103 fric\u021biuni. Pute\u021bi s\u0103 t\u0103ia\u021bi microfonul, s\u0103 s\u0103ri\u021bi peste un utilizator sau s\u0103 raporta\u021bi un comportament neadecvat cu o singur\u0103 atingere.<\/p>\n<p>7. Instrumente de raportare \u0219i moderare<br \/>\nSiguran\u021ba utilizatorilor este sus\u021binut\u0103 de raportarea \u00een chat. Utilizatorii ofensatori sau nepotrivi\u021bi pot fi marca\u021bi pentru revizuire, iar Chaty utilizeaz\u0103 o combina\u021bie de moderare uman\u0103 \u0219i inteligen\u021b\u0103 artificial\u0103 de baz\u0103 pentru a ajuta la men\u021binerea unui mediu sigur.<\/p>\n<h2>Chaty este gratuit?<\/h2>\n<p>Da, Chaty este complet gratuit de utilizat. Nu exist\u0103:<\/p>\n<ul>\n<li>Pere\u021bi de plat\u0103<\/li>\n<li>Abonamente<\/li>\n<li>Achizi\u021bii \u00een aplica\u021bie<\/li>\n<li>Sisteme de credite sau jetoane<\/li>\n<\/ul>\n<p>To\u021bi utilizatorii au acces egal la func\u021bionalitatea complet\u0103 a platformei. Chaty poate afi\u0219a reclame u\u0219oare pentru a acoperi costurile opera\u021bionale, dar acestea nu interfereaz\u0103 cu experien\u021ba de chat \u0219i nu necesit\u0103 interac\u021biune.<\/p>\n<h2>Cine folose\u0219te Chaty?<\/h2>\n<p>Chaty atrage o baz\u0103 interna\u021bional\u0103 larg\u0103 de utilizatori. Majoritatea utilizatorilor se \u00eencadreaz\u0103 \u00een grupa de v\u00e2rst\u0103 18-35 de ani, iar raportul de gen este similar cu cel al altor site-uri de chat aleatorii (mai mul\u021bi b\u0103rba\u021bi, dar utilizatori activi de sex feminin, \u00een special \u00een timpul orelor de v\u00e2rf).<\/p>\n<p>Printre profilurile comune de utilizator se num\u0103r\u0103:<\/p>\n<ul>\n<li>Studen\u021bi universitari \u0219i tineri profesioni\u0219ti<\/li>\n<li>C\u0103l\u0103tori \u0219i nomazi digitali<\/li>\n<li>Cursan\u021bii de limbi str\u0103ine caut\u0103 parteneri de conversa\u021bie reali<\/li>\n<li>Oameni care caut\u0103 distrac\u021bie, flirt, sau interac\u021biune prietenoas\u0103<\/li>\n<li>Oricine duce dorul conexiunilor brute \u0219i spontane ale clasicului Omegle<\/li>\n<\/ul>\n<p>Deoarece nu exist\u0103 \u00eenregistrare, baza de utilizatori Chaty este fluid\u0103 \u0219i \u00een continu\u0103 schimbare. Ve\u021bi \u00eent\u00e2lni utilizatori din Statele Unite, Marea Britanie, India, Germania, Brazilia \u0219i multe altele, ceea ce o face o comunitate cu adev\u0103rat global\u0103.<\/p>\n<h2>Siguran\u021b\u0103, confiden\u021bialitate \u0219i moderare<\/h2>\n<p>De\u0219i Chaty pune accentul pe confiden\u021bialitate \u0219i anonimat, implementeaz\u0103 \u0219i m\u0103suri de protec\u021bie a utilizatorilor:<\/p>\n<h3>Confiden\u021bialitate<\/h3>\n<ul>\n<li>Nu este nevoie de \u00eenregistrare, e-mail sau date personale<\/li>\n<li>Conversa\u021biile nu sunt \u00eenregistrate sau salvate<\/li>\n<li>Sunte\u021bi identificat doar prin camera dvs. web\/microfon (f\u0103r\u0103 nume de utilizator sau fotografii de profil)<\/li>\n<li>Adresele IP nu sunt expuse altor utilizatori<\/li>\n<\/ul>\n<h3>Modera\u021bie<\/h3>\n<ul>\n<li>Raportare \u00een chat: Semnaliza\u021bi rapid orice utilizator ofensator sau nepotrivit<\/li>\n<li>Moderare AI de baz\u0103: Detectarea automat\u0103 a nuditate sau a con\u021binutului explicit, de\u0219i nu este infailibil\u0103<\/li>\n<li>Revizuire manual\u0103: Rapoartele sunt revizuite de moderatori umani, iar infractorii recidivi\u0219ti sunt interzi\u0219i<\/li>\n<\/ul>\n<h3>Limit\u0103ri<\/h3>\n<p>Ca toate platformele de chat anonim, Chaty nu este imun\u0103 la actorii r\u0103i. Utilizatorii ar trebui:<\/p>\n<ul>\n<li>Nu partaja\u021bi niciodat\u0103 informa\u021bii personale (nume real, date de contact, re\u021bele sociale)<\/li>\n<li>Utiliza\u021bi func\u021biile \"Raport\" \u0219i \"Urm\u0103torul\" ori de c\u00e2te ori nu v\u0103 sim\u021bi\u021bi confortabil<\/li>\n<li>Fi\u021bi con\u0219tien\u021bi de faptul c\u0103 unele chat-uri se pot \u00eencheia brusc sau pot prezenta un comportament nepotrivit<\/li>\n<\/ul>\n<h2>Experien\u021ba \u0219i designul utilizatorului<\/h2>\n<p>Designul Chaty este axat pe claritate, vitez\u0103 \u0219i u\u0219urin\u021b\u0103 \u00een utilizare. Pagina de pornire este minim\u0103, de obicei cu doar un buton proeminent \"Start\" \u0219i informa\u021bii clare despre confiden\u021bialitate \u0219i reguli. \u00cen dou\u0103 clicuri, sunte\u021bi fa\u021b\u0103 \u00een fa\u021b\u0103 cu un str\u0103in.<\/p>\n<h3>Puncte forte:<\/h3>\n<ul>\n<li>\u00cenc\u0103rcare rapid\u0103 \u0219i potrivire aproape instantanee<\/li>\n<li>Fluxuri video mari, de \u00eenalt\u0103 calitate<\/li>\n<li>Layout curat, f\u0103r\u0103 pop-up-uri sau distrageri<\/li>\n<li>Comenzi simple pentru muting, skipping sau raportare<\/li>\n<li>Performan\u021b\u0103 consecvent\u0103 pe browserele desktop \u0219i mobile<\/li>\n<\/ul>\n<p>\u00cen compara\u021bie cu alte site-uri de chat aleatorii, Chaty pare mai modern \u0219i mai stabil, \u00een special pe smartphone-uri.<\/p>\n<h2>Chaty vs alte platforme de chat video<\/h2>\n<p>Cum se compar\u0103 Chaty cu alte platforme de chat video aleatorii de top \u00een 2025?<\/p>\n<table>\n<thead>\n<tr>\n<th>Caracteristic\u0103<\/th>\n<th>Chaty<\/th>\n<th>Ohmegle<\/th>\n<th>Chatroulette<\/th>\n<th>Chatrandom<\/th>\n<th><a href=\"https:\/\/strangercam.com\/ro\/ometv\/\">OmeTV<\/a><\/th>\n<\/tr>\n<\/thead>\n<tbody>\n<tr>\n<td>Chat video aleatoriu<\/td>\n<td>Da<\/td>\n<td>Da<\/td>\n<td>Da<\/td>\n<td>Da<\/td>\n<td>Da<\/td>\n<\/tr>\n<tr>\n<td>Op\u021biune chat text<\/td>\n<td>Da<\/td>\n<td>Da<\/td>\n<td>Nu<\/td>\n<td>Da<\/td>\n<td>Da<\/td>\n<\/tr>\n<tr>\n<td>\u00cenregistrare necesar\u0103<\/td>\n<td>Nu<\/td>\n<td>Nu<\/td>\n<td>Nu<\/td>\n<td>Op\u021bional<\/td>\n<td>Nu<\/td>\n<\/tr>\n<tr>\n<td>Asisten\u021b\u0103 mobil\u0103<\/td>\n<td>Excelent\u0103<\/td>\n<td>Excelent\u0103<\/td>\n<td>Bun<\/td>\n<td>Bun<\/td>\n<td>Bun<\/td>\n<\/tr>\n<tr>\n<td>Filtru de gen\/\u021bar\u0103<\/td>\n<td>Nu<\/td>\n<td>Nu<\/td>\n<td>Pl\u0103tite<\/td>\n<td>Pl\u0103tite<\/td>\n<td>Pl\u0103tite<\/td>\n<\/tr>\n<tr>\n<td>Instrumente de moderare<\/td>\n<td>Moderat<\/td>\n<td>Moderat<\/td>\n<td>Slab<\/td>\n<td>Moderat<\/td>\n<td>Puternic<\/td>\n<\/tr>\n<tr>\n<td>Utilizare gratuit\u0103<\/td>\n<td>Da<\/td>\n<td>Da<\/td>\n<td>Da<\/td>\n<td>Da\/Paid<\/td>\n<td>Da<\/td>\n<\/tr>\n<\/tbody>\n<\/table>\n<p>Rezumat: Chaty este cel mai apropiat \u00een spirit \u0219i simplitate de Ohmegle, dar cu o interfa\u021b\u0103 mai modern\u0103 \u0219i un suport mai bun pentru browserele mobile. Este ideal pentru utilizatorii care doresc un chat pur, nefiltrat - f\u0103r\u0103 filtre, profiluri sau v\u00e2nz\u0103ri suplimentare.<\/p>\n<h2>Avantaje \u0219i dezavantaje<\/h2>\n<p>Avantaje:<\/p>\n<ul>\n<li>100% gratuit \u0219i anonim<\/li>\n<li>Nu este necesar\u0103 nicio \u00eenregistrare sau desc\u0103rcare<\/li>\n<li>Potrivire \u0219i s\u0103ritur\u0103 rapid\u0103 \u0219i u\u0219oar\u0103<\/li>\n<li>Moduri de chat video \u0219i text<\/li>\n<li>Compatibilitate mobil\u0103 puternic\u0103<\/li>\n<li>Interfa\u021b\u0103 de utilizator curat\u0103, intuitiv\u0103<\/li>\n<\/ul>\n<p>Cons:<\/p>\n<ul>\n<li>F\u0103r\u0103 filtrare pe gen sau regiune<\/li>\n<li>Ocazional con\u021binut inadecvat (\u00een ciuda moder\u0103rii)<\/li>\n<li>Nu exist\u0103 profiluri, istoric al utilizatorilor sau func\u021bii de urm\u0103rire<\/li>\n<li>Mai mul\u021bi utilizatori b\u0103rba\u021bi dec\u00e2t femei<\/li>\n<li>Conversa\u021biile sunt efemere - nu exist\u0103 nicio modalitate de reconectare<\/li>\n<\/ul>\n<h2>Cazuri ideale de utilizare<\/h2>\n<p>Chaty este perfect pentru:<\/p>\n<ul>\n<li>Oricine are dor de Omegle \u0219i dore\u0219te o experien\u021b\u0103 similar\u0103<\/li>\n<li>Persoane care caut\u0103 prieteni noi sau interac\u021biune spontan\u0103, \u00een timp real<\/li>\n<li>Cursan\u021bii de limbi str\u0103ine \u00ee\u0219i exerseaz\u0103 abilit\u0103\u021bile de conversa\u021bie<\/li>\n<li>Cei care apreciaz\u0103 confiden\u021bialitatea \u0219i anonimatul online<\/li>\n<li>Utilizatori care doresc s\u0103 petreac\u0103 timpul sau s\u0103 cunoasc\u0103 pe cineva din afara cercului lor social<\/li>\n<\/ul>\n<p>Este mai pu\u021bin potrivit pentru:<\/p>\n<ul>\n<li>Utilizatori sub 18 ani (platforma este destinat\u0103 exclusiv adul\u021bilor)<\/li>\n<li>Cei care caut\u0103 filtre de \u00eent\u00e2lniri\/pereche sau experien\u021be curat\u0103<\/li>\n<li>Persoane care nu se simt \u00een largul lor \u00een fa\u021ba unor \u00eent\u00e2lniri de chat imprevizibile sau crude<\/li>\n<\/ul>\n<h2>Verdict final<\/h2>\n<p>Chaty este o platform\u0103 de chat video aleatoriu remarcabil\u0103 \u00een 2025, oferind exact ceea ce utilizatorii au iubit despre clasicele Omegle \u0219i Chatroulette - conexiune uman\u0103 rapid\u0103, gratuit\u0103 \u0219i anonim\u0103, f\u0103r\u0103 bariere sau distrageri. Interfa\u021ba sa curat\u0103, performan\u021ba fiabil\u0103 \u0219i accentul pus pe confiden\u021bialitate o fac una dintre cele mai bune op\u021biuni pentru conversa\u021bii spontane fa\u021b\u0103 \u00een fa\u021b\u0103 online.<\/p>\n<p>De\u0219i moderarea \u0219i filtrarea ar putea fi \u00eembun\u0103t\u0103\u021bite, punctele forte ale platformei constau \u00een simplitatea \u0219i u\u0219urin\u021ba de utilizare. Dac\u0103 sunte\u021bi \u00een c\u0103utarea unei conversa\u021bii autentice, f\u0103r\u0103 scenariu, cu str\u0103ini din \u00eentreaga lume - fie pentru distrac\u021bie, fie pentru a \u00eenv\u0103\u021ba sau doar pentru a sc\u0103pa de plictiseal\u0103 - merit\u0103 neap\u0103rat s\u0103 verifica\u021bi platforma Chat.<\/p>","protected":false},"excerpt":{"rendered":"<p>As the appetite for spontaneous, face-to-face video chat continues to grow, a new generation of platforms has emerged to fill the gap left by Omegle and Chatroulette. Chaty is one such contender, designed for users who crave instant, anonymous video chats without the hassle of sign-up, profile-building, or downloading apps. With a promise of \u201cmeeting [&hellip;]<\/p>\n","protected":false},"author":6,"featured_media":0,"parent":0,"menu_order":0,"comment_status":"closed","ping_status":"closed","template":"","meta":{"footnotes":""},"class_list":["post-12903","page","type-page","status-publish","hentry"],"yoast_head":"<!-- This site is optimized with the Yoast SEO plugin v27.4 - https:\/\/yoast.com\/product\/yoast-seo-wordpress\/ -->\n<title>Chaty - Chat with People Nearby on StrangerCam.com<\/title>\n<meta name=\"description\" content=\"Like Chaty? Come chat with more than 5.000.000 strangers on Stranger Cam for Free! Turn on your cam and find new friends &amp; maby a match!\" \/>\n<meta name=\"robots\" content=\"index, follow, max-snippet:-1, max-image-preview:large, max-video-preview:-1\" \/>\n<link rel=\"canonical\" href=\"https:\/\/strangercam.com\/ro\/chaty\/\" \/>\n<meta property=\"og:locale\" content=\"ro_RO\" \/>\n<meta property=\"og:type\" content=\"article\" \/>\n<meta property=\"og:title\" content=\"Chaty - Chat with People Nearby on StrangerCam.com\" \/>\n<meta property=\"og:description\" content=\"Like Chaty? Come chat with more than 5.000.000 strangers on Stranger Cam for Free! Turn on your cam and find new friends &amp; maby a match!\" \/>\n<meta property=\"og:url\" content=\"https:\/\/strangercam.com\/ro\/chaty\/\" \/>\n<meta property=\"og:site_name\" content=\"Strangercam\" \/>\n<meta property=\"article:publisher\" content=\"https:\/\/www.facebook.com\/strangercam\" \/>\n<meta property=\"og:image\" content=\"https:\/\/strangercam.com\/wp-content\/uploads\/2021\/10\/Untitled-2.png\" \/>\n\t<meta property=\"og:image:width\" content=\"800\" \/>\n\t<meta property=\"og:image:height\" content=\"532\" \/>\n\t<meta property=\"og:image:type\" content=\"image\/png\" \/>\n<meta name=\"twitter:card\" content=\"summary_large_image\" \/>\n<meta name=\"twitter:site\" content=\"@strangercamapp\" \/>\n<meta name=\"twitter:label1\" content=\"Timp estimat pentru citire\" \/>\n\t<meta name=\"twitter:data1\" content=\"6 minute\" \/>\n<script type=\"application\/ld+json\" class=\"yoast-schema-graph\">{\"@context\":\"https:\\\/\\\/schema.org\",\"@graph\":[{\"@type\":\"WebPage\",\"@id\":\"https:\\\/\\\/strangercam.com\\\/chaty\\\/\",\"url\":\"https:\\\/\\\/strangercam.com\\\/chaty\\\/\",\"name\":\"Chaty - Chat with People Nearby on StrangerCam.com\",\"isPartOf\":{\"@id\":\"https:\\\/\\\/strangercam.com\\\/#website\"},\"datePublished\":\"2025-07-14T11:33:31+00:00\",\"description\":\"Like Chaty? Come chat with more than 5.000.000 strangers on Stranger Cam for Free! Turn on your cam and find new friends & maby a match!\",\"breadcrumb\":{\"@id\":\"https:\\\/\\\/strangercam.com\\\/chaty\\\/#breadcrumb\"},\"inLanguage\":\"ro-RO\",\"potentialAction\":[{\"@type\":\"ReadAction\",\"target\":[\"https:\\\/\\\/strangercam.com\\\/chaty\\\/\"]}]},{\"@type\":\"BreadcrumbList\",\"@id\":\"https:\\\/\\\/strangercam.com\\\/chaty\\\/#breadcrumb\",\"itemListElement\":[{\"@type\":\"ListItem\",\"position\":1,\"name\":\"Home\",\"item\":\"https:\\\/\\\/strangercam.com\\\/\"},{\"@type\":\"ListItem\",\"position\":2,\"name\":\"Chaty\"}]},{\"@type\":\"WebSite\",\"@id\":\"https:\\\/\\\/strangercam.com\\\/#website\",\"url\":\"https:\\\/\\\/strangercam.com\\\/\",\"name\":\"Strangercam\",\"description\":\"Random Video Chat with Strangers\",\"publisher\":{\"@id\":\"https:\\\/\\\/strangercam.com\\\/#organization\"},\"alternateName\":\"Strangercam.com\",\"potentialAction\":[{\"@type\":\"SearchAction\",\"target\":{\"@type\":\"EntryPoint\",\"urlTemplate\":\"https:\\\/\\\/strangercam.com\\\/?s={search_term_string}\"},\"query-input\":{\"@type\":\"PropertyValueSpecification\",\"valueRequired\":true,\"valueName\":\"search_term_string\"}}],\"inLanguage\":\"ro-RO\"},{\"@type\":\"Organization\",\"@id\":\"https:\\\/\\\/strangercam.com\\\/#organization\",\"name\":\"Strangercam\",\"alternateName\":\"Strangercam.com\",\"url\":\"https:\\\/\\\/strangercam.com\\\/\",\"logo\":{\"@type\":\"ImageObject\",\"inLanguage\":\"ro-RO\",\"@id\":\"https:\\\/\\\/strangercam.com\\\/#\\\/schema\\\/logo\\\/image\\\/\",\"url\":\"https:\\\/\\\/strangercam.com\\\/wp-content\\\/uploads\\\/2020\\\/11\\\/cropped-new-favicon-black.png\",\"contentUrl\":\"https:\\\/\\\/strangercam.com\\\/wp-content\\\/uploads\\\/2020\\\/11\\\/cropped-new-favicon-black.png\",\"width\":512,\"height\":512,\"caption\":\"Strangercam\"},\"image\":{\"@id\":\"https:\\\/\\\/strangercam.com\\\/#\\\/schema\\\/logo\\\/image\\\/\"},\"sameAs\":[\"https:\\\/\\\/www.facebook.com\\\/strangercam\",\"https:\\\/\\\/x.com\\\/strangercamapp\"]}]}<\/script>\n<!-- \/ Yoast SEO plugin. -->","yoast_head_json":{"title":"Chaty - Chat cu persoane din apropiere pe StrangerCam.com","description":"\u00ce\u021bi place Chaty? Vino s\u0103 vorbe\u0219ti cu mai mult de 5.000.000 de str\u0103ini pe Stranger Cam gratuit! Porne\u0219te-\u021bi camera \u0219i g\u0103se\u0219te prieteni noi \u0219i poate o pereche!","robots":{"index":"index","follow":"follow","max-snippet":"max-snippet:-1","max-image-preview":"max-image-preview:large","max-video-preview":"max-video-preview:-1"},"canonical":"https:\/\/strangercam.com\/ro\/chaty\/","og_locale":"ro_RO","og_type":"article","og_title":"Chaty - Chat with People Nearby on StrangerCam.com","og_description":"Like Chaty? Come chat with more than 5.000.000 strangers on Stranger Cam for Free! Turn on your cam and find new friends & maby a match!","og_url":"https:\/\/strangercam.com\/ro\/chaty\/","og_site_name":"Strangercam","article_publisher":"https:\/\/www.facebook.com\/strangercam","og_image":[{"width":800,"height":532,"url":"https:\/\/strangercam.com\/wp-content\/uploads\/2021\/10\/Untitled-2.png","type":"image\/png"}],"twitter_card":"summary_large_image","twitter_site":"@strangercamapp","twitter_misc":{"Timp estimat pentru citire":"6 minute"},"schema":{"@context":"https:\/\/schema.org","@graph":[{"@type":"WebPage","@id":"https:\/\/strangercam.com\/chaty\/","url":"https:\/\/strangercam.com\/chaty\/","name":"Chaty - Chat cu persoane din apropiere pe StrangerCam.com","isPartOf":{"@id":"https:\/\/strangercam.com\/#website"},"datePublished":"2025-07-14T11:33:31+00:00","description":"\u00ce\u021bi place Chaty? Vino s\u0103 vorbe\u0219ti cu mai mult de 5.000.000 de str\u0103ini pe Stranger Cam gratuit! Porne\u0219te-\u021bi camera \u0219i g\u0103se\u0219te prieteni noi \u0219i poate o pereche!","breadcrumb":{"@id":"https:\/\/strangercam.com\/chaty\/#breadcrumb"},"inLanguage":"ro-RO","potentialAction":[{"@type":"ReadAction","target":["https:\/\/strangercam.com\/chaty\/"]}]},{"@type":"BreadcrumbList","@id":"https:\/\/strangercam.com\/chaty\/#breadcrumb","itemListElement":[{"@type":"ListItem","position":1,"name":"Home","item":"https:\/\/strangercam.com\/"},{"@type":"ListItem","position":2,"name":"Chaty"}]},{"@type":"WebSite","@id":"https:\/\/strangercam.com\/#website","url":"https:\/\/strangercam.com\/","name":"Strangercam","description":"Chat video aleatoriu cu str\u0103ini","publisher":{"@id":"https:\/\/strangercam.com\/#organization"},"alternateName":"Strangercam.com","potentialAction":[{"@type":"SearchAction","target":{"@type":"EntryPoint","urlTemplate":"https:\/\/strangercam.com\/?s={search_term_string}"},"query-input":{"@type":"PropertyValueSpecification","valueRequired":true,"valueName":"search_term_string"}}],"inLanguage":"ro-RO"},{"@type":"Organization","@id":"https:\/\/strangercam.com\/#organization","name":"Strangercam","alternateName":"Strangercam.com","url":"https:\/\/strangercam.com\/","logo":{"@type":"ImageObject","inLanguage":"ro-RO","@id":"https:\/\/strangercam.com\/#\/schema\/logo\/image\/","url":"https:\/\/strangercam.com\/wp-content\/uploads\/2020\/11\/cropped-new-favicon-black.png","contentUrl":"https:\/\/strangercam.com\/wp-content\/uploads\/2020\/11\/cropped-new-favicon-black.png","width":512,"height":512,"caption":"Strangercam"},"image":{"@id":"https:\/\/strangercam.com\/#\/schema\/logo\/image\/"},"sameAs":["https:\/\/www.facebook.com\/strangercam","https:\/\/x.com\/strangercamapp"]}]}},"_links":{"self":[{"href":"https:\/\/strangercam.com\/ro\/wp-json\/wp\/v2\/pages\/12903","targetHints":{"allow":["GET"]}}],"collection":[{"href":"https:\/\/strangercam.com\/ro\/wp-json\/wp\/v2\/pages"}],"about":[{"href":"https:\/\/strangercam.com\/ro\/wp-json\/wp\/v2\/types\/page"}],"author":[{"embeddable":true,"href":"https:\/\/strangercam.com\/ro\/wp-json\/wp\/v2\/users\/6"}],"replies":[{"embeddable":true,"href":"https:\/\/strangercam.com\/ro\/wp-json\/wp\/v2\/comments?post=12903"}],"version-history":[{"count":1,"href":"https:\/\/strangercam.com\/ro\/wp-json\/wp\/v2\/pages\/12903\/revisions"}],"predecessor-version":[{"id":12904,"href":"https:\/\/strangercam.com\/ro\/wp-json\/wp\/v2\/pages\/12903\/revisions\/12904"}],"wp:attachment":[{"href":"https:\/\/strangercam.com\/ro\/wp-json\/wp\/v2\/media?parent=12903"}],"curies":[{"name":"wp","href":"https:\/\/api.w.org\/{rel}","templated":true}]}}