{"id":12892,"date":"2025-06-16T15:00:37","date_gmt":"2025-06-16T13:00:37","guid":{"rendered":"https:\/\/strangercam.com\/?page_id=12892"},"modified":"2025-06-16T15:00:37","modified_gmt":"2025-06-16T13:00:37","slug":"ohmegle","status":"publish","type":"page","link":"https:\/\/strangercam.com\/ro\/ohmegle\/","title":{"rendered":"Ohmegle"},"content":{"rendered":"<p>C\u00e2nd <a href=\"https:\/\/strangercam.com\/ro\/omegle\/\">Omegle<\/a> a fost \u00eenchis \u00een 2023, milioane de utilizatori au r\u0103mas f\u0103r\u0103 un loc ideal pentru chat-uri video spontane \u0219i anonime cu necunoscu\u021bi. \u00cen urma dispari\u021biei sale, au ap\u0103rut mai multe alternative, dar pu\u021bine au c\u00e2\u0219tigat la fel de mult teren ca Ohmegle. Conceput pentru a umple exact golul l\u0103sat \u00een urm\u0103, Ohmegle ofer\u0103 o experien\u021b\u0103 aproape identic\u0103, cu \u00eembun\u0103t\u0103\u021biri moderne, performan\u021be mai bune \u0219i o baz\u0103 de utilizatori loial\u0103, \u00een cre\u0219tere.<\/p>\n<p>\u00cen aceast\u0103 recenzie, vom explora tot ceea ce trebuie s\u0103 \u0219ti\u021bi despre Ohmegle - cum func\u021bioneaz\u0103, ce \u00eel face cel mai bun \u00eenlocuitor Omegle, caracteristicile sale, standardele de siguran\u021b\u0103 \u0219i cum se compar\u0103 cu un video aleatoriu similar <a href=\"https:\/\/strangercam.com\/ro\/chatroulette\/\">chat<\/a> site-uri.<\/p>\n<h2>Ce este Ohmegle?<\/h2>\n<p>Ohmegle este un program gratuit, anonim <a href=\"https:\/\/strangercam.com\/ro\/chathub\/\">chat video aleatoriu<\/a> care v\u0103 pune \u00een leg\u0103tur\u0103 cu persoane necunoscute pentru conversa\u021bii fa\u021b\u0103 \u00een fa\u021b\u0103 \u00een direct. Este un succesor spiritual al Omegle, imit\u00e2ndu-i formatul \u0219i interfa\u021ba aproape exact - dar cu un timp de func\u021bionare mai bun, suport mobil \u0219i o comunitate construit\u0103 special pentru utilizatorii c\u0103rora le lipse\u0219te originalul.<\/p>\n<p>Nu este necesar\u0103 crearea unui cont, nu sunt necesare date personale \u0219i nu exist\u0103 algoritmi complica\u021bi de potrivire. Trebuie doar s\u0103 \u00eenc\u0103rca\u021bi site-ul, s\u0103 permite\u021bi permisiunile camerei foto\/mic \u0219i s\u0103 \u00eencepe\u021bi s\u0103 discuta\u021bi cu cineva nou - aleatoriu, instantaneu \u0219i anonim.<\/p>\n<h2>Care este scopul Ohmegle?<\/h2>\n<p>Misiunea Ohmegle este simpl\u0103: s\u0103 readuc\u0103 experien\u021ba autentic\u0103 Omegle \u00eentr-un format sigur \u0219i accesibil pentru 2025 \u0219i dup\u0103. Este destinat pentru:<\/p>\n<ul>\n<li>Oameni c\u0103rora le lipse\u0219te mediul de chat spontan al lui Omegle<\/li>\n<li>Utilizatori care prefer\u0103 video-ul \u00een locul aplica\u021biilor de dating sau sociale bazate pe text<\/li>\n<li>Oricine caut\u0103 o conexiune uman\u0103 anonim\u0103, f\u0103r\u0103 obliga\u021bii<\/li>\n<\/ul>\n<p>Fie c\u0103 sunte\u021bi \u00een c\u0103utarea unei conversa\u021bii ocazionale, a unor \u00eent\u00e2lniri cochete sau doar a cuiva care s\u0103 v\u0103 asculte, Ohmegle este conceput pentru a reproduce farmecul culturii de chat de pe internet de la \u00eenceputul erei - complet anonim \u0219i \u00een timp real.<\/p>\n<h2>Caracteristici principale<\/h2>\n<p>1. Chat video aleatoriu unu la unu<br \/>\nLa fel ca Omegle, Ohmegle te conecteaz\u0103 instantaneu la un str\u0103in prin intermediul camerei web \u0219i al microfonului. F\u0103r\u0103 profiluri, f\u0103r\u0103 glisare - doar interac\u021biune direct\u0103.<\/p>\n<p>2. Func\u021bionalitatea Skip\/Next<br \/>\nNu vibrezi cu cineva? F\u0103 clic pe \u201cUrm\u0103torul\u201d pentru a fi asociat instantaneu cu un alt utilizator. Este rapid \u0219i f\u0103r\u0103 fric\u021biuni, permi\u021b\u00e2ndu-v\u0103 s\u0103 <a href=\"https:\/\/strangercam.com\/ro\/coomeet\/\">\u00eent\u00e2lnire<\/a> zeci de persoane \u00eentr-o singur\u0103 sesiune.<\/p>\n<p>3. Nu este necesar\u0103 \u00eenscrierea<br \/>\nOhmegle r\u0103m\u00e2ne complet anonim. Nu este nevoie s\u0103 introduce\u021bi un nume, un e-mail sau un num\u0103r de telefon. Acesta respect\u0103 principiul de baz\u0103 al Omegle: vorbi\u021bi cu str\u0103inii, nu cu adep\u021bii.<\/p>\n<p>4. Mod de chat text op\u021bional<br \/>\nDac\u0103 nu v\u0103 sim\u021bi\u021bi confortabil cu camera foto, pute\u021bi opta pentru o versiune de chat numai text. Interfa\u021ba cu utilizatorul r\u0103m\u00e2ne elegant\u0103 \u0219i simpl\u0103.<\/p>\n<p>5. Compatibilitate mobil\u0103<br \/>\nOhmegle este optimizat at\u00e2t pentru desktop, c\u00e2t \u0219i pentru browserele mobile. Pute\u021bi discuta de pe telefon f\u0103r\u0103 a desc\u0103rca o aplica\u021bie, iar site-ul se adapteaz\u0103 bine la diferite dimensiuni de ecran \u0219i niveluri de l\u0103\u021bime de band\u0103.<\/p>\n<p>6. Design ra\u021bionalizat<br \/>\nLayout-ul este inten\u021bionat minimalist - imit\u00e2nd aspectul clasic Omegle - dar cu performan\u021be actualizate. Ferestrele video sunt mari, comenzile sunt u\u0219or de utilizat \u0219i nu exist\u0103 nimic inutil pe ecran.<\/p>\n<p>7. Instrumente de raportare \u0219i moderare<br \/>\nUtilizatorii pot raporta comportamentul neadecvat direct din fereastra de chat. Ohmegle a implementat instrumente de moderare de baz\u0103 \u0219i detectarea nuditate pe baz\u0103 de inteligen\u021b\u0103 artificial\u0103 pentru a limita abuzurile \u0219i a men\u021bine experien\u021ba \u00een siguran\u021b\u0103.<\/p>\n<h2>Este Ohmegle gratuit?<\/h2>\n<p>Da, Ohmegle este 100% gratuit de utilizat. Nu exist\u0103 paywalls, abonamente sau niveluri freemium. Fiecare utilizator are acces egal la chat video, chat text \u0219i la \u00eentreaga platform\u0103.<\/p>\n<p>De asemenea, nu exist\u0103 reclame care s\u0103 aglomereze ecranul, ceea ce este rar pentru site-urile de chat video. Monetizarea pare s\u0103 fie minim\u0103 pentru a p\u0103stra experien\u021ba rapid\u0103 \u0219i fluid\u0103 la care se a\u0219teapt\u0103 utilizatorii.<\/p>\n<h2>Cine utilizeaz\u0103 Ohmegle?<\/h2>\n<p>Ohmegle atrage o gam\u0103 larg\u0103 de utilizatori, dar, \u00een general, reflect\u0103 datele demografice ale Omegle-ului original:<\/p>\n<ul>\n<li>V\u00e2rsta: \u00cen primul r\u00e2nd 18-35, de\u0219i platforma este strict pentru adul\u021bi (18+)<\/li>\n<li>Audien\u021b\u0103 global\u0103: Utilizatori din SUA, Canada, Europa, India, Brazilia \u0219i Asia de Sud-Est<\/li>\n<li>Inten\u021bia utilizatorului: \u00cemp\u0103r\u021bit \u00eentre chat ocazional, a face prieteni, flirt, \u0219i doar de trecere a timpului<\/li>\n<\/ul>\n<p>Nu exist\u0103 o structur\u0103 formal\u0103 pentru modul \u00een care utilizatorii interac\u021bioneaz\u0103 - depinde de tine \u0219i de perechea ta s\u0103 ghida\u021bi conversa\u021bia. Unii caut\u0103 s\u0103 r\u00e2d\u0103, al\u021bii caut\u0103 companie, iar al\u021bii caut\u0103 pur \u0219i simplu noutatea.<\/p>\n<h2>Siguran\u021b\u0103 \u0219i modera\u021bie<\/h2>\n<p>Ca \u00een cazul oric\u0103rei platforme de chat video anonim, siguran\u021ba utilizatorilor este o preocupare, dar Ohmegle face un efort pentru a oferi un mediu sigur, f\u0103r\u0103 a distruge natura spontan\u0103 a chat-ului.<\/p>\n<h3>Confiden\u021bialitate<\/h3>\n<ul>\n<li>F\u0103r\u0103 \u00eenregistrare, conturi sau urm\u0103rire<\/li>\n<li>Conversa\u021biile nu sunt \u00eenregistrate sau stocate<\/li>\n<li>Adresa dvs. de IP nu este niciodat\u0103 afi\u0219at\u0103 celuilalt utilizator<\/li>\n<\/ul>\n<h3>Modera\u021bie<\/h3>\n<ul>\n<li>Buton de raportare disponibil \u00een timpul chat-ului live<\/li>\n<li>Detectarea nudit\u0103\u021bii pe baz\u0103 de inteligen\u021b\u0103 artificial\u0103 filtreaz\u0103 unele con\u021binuturi nepotrivite<\/li>\n<li>Utilizatorii raporta\u021bi de mai multe ori pot fi exclu\u0219i de pe platform\u0103<\/li>\n<\/ul>\n<p>Acestea fiind spuse, Ohmegle nu cenzureaz\u0103 \u0219i nu supramediatizeaz\u0103, a\u0219a c\u0103 exist\u0103 \u00een continuare \u0219ansa de a \u00eent\u00e2lni un comportament inadecvat. Utiliza\u021bi platforma cu \u00een\u021belepciune:<\/p>\n<ul>\n<li>Pleca\u021bi imediat dac\u0103 cineva v\u0103 face s\u0103 v\u0103 sim\u021bi\u021bi inconfortabil<\/li>\n<li>Nu partaja\u021bi niciodat\u0103 detalii personale precum numele, loca\u021bia sau re\u021belele sociale<\/li>\n<li>Nu ezita\u021bi s\u0103 raporta\u021bi infractorii<\/li>\n<\/ul>\n<h2>Experien\u021ba utilizatorului \u0219i performan\u021b\u0103<\/h2>\n<p>Ohmegle este impresionant de u\u0219or \u0219i receptiv. Pagina de pornire se \u00eencarc\u0103 rapid, iar potrivirile au loc \u00een c\u00e2teva secunde. At\u00e2t pe desktop, c\u00e2t \u0219i pe mobil, platforma ofer\u0103:<\/p>\n<ul>\n<li>Fluxuri video clare, mari<\/li>\n<li>Butoane simple de control (Urm\u0103torul, Stop, Raport)<\/li>\n<li>Acces fiabil la camer\u0103 \u0219i microfon<\/li>\n<li>Decalaj minim sau tamponare, chiar \u0219i pe conexiuni mai lente<\/li>\n<\/ul>\n<p>Este una dintre cele mai u\u0219oare experien\u021be de chat video aleatoriu online, \u00een special \u00een compara\u021bie cu concuren\u021bii supra\u00eenc\u0103rca\u021bi care sufer\u0103 de \u00eenc\u0103rcare lent\u0103 sau interfe\u021be cu erori.<\/p>\n<h2>Ohmegle vs alte site-uri de chat video aleatorii<\/h2>\n<p>Cu at\u00e2t de multe alternative Omegle existente, cum se ridic\u0103 Ohmegle?<\/p>\n<table>\n<thead>\n<tr>\n<th>Platform\u0103<\/th>\n<th>\u00cenregistrare<\/th>\n<th>Chat video<\/th>\n<th>Chat text<\/th>\n<th>Filtru de gen<\/th>\n<th>Asisten\u021b\u0103 mobil\u0103<\/th>\n<th>Modera\u021bie<\/th>\n<\/tr>\n<\/thead>\n<tbody>\n<tr>\n<td>Ohmegle<\/td>\n<td>Nu<\/td>\n<td>Da<\/td>\n<td>Da<\/td>\n<td>Nu<\/td>\n<td>Excelent\u0103<\/td>\n<td>Moderat<\/td>\n<\/tr>\n<tr>\n<td><a href=\"https:\/\/strangercam.com\/ro\/ometv\/\">OmeTV<\/a><\/td>\n<td>Nu<\/td>\n<td>Da<\/td>\n<td>Da<\/td>\n<td>Da (pl\u0103tit)<\/td>\n<td>Bun<\/td>\n<td>Puternic<\/td>\n<\/tr>\n<tr>\n<td>Chatrandom<\/td>\n<td>Op\u021bional<\/td>\n<td>Da<\/td>\n<td>Da<\/td>\n<td>Da (pl\u0103tit)<\/td>\n<td>Bun<\/td>\n<td>Moderat<\/td>\n<\/tr>\n<tr>\n<td>Chatspin<\/td>\n<td>Op\u021bional<\/td>\n<td>Da<\/td>\n<td>Da<\/td>\n<td>Da (gratuit\/pl\u0103tit)<\/td>\n<td>Excelent\u0103<\/td>\n<td>Moderat<\/td>\n<\/tr>\n<tr>\n<td>Camgo<\/td>\n<td>Nu<\/td>\n<td>Da<\/td>\n<td>Da<\/td>\n<td>Da (pl\u0103tit)<\/td>\n<td>Bun<\/td>\n<td>De baz\u0103<\/td>\n<\/tr>\n<\/tbody>\n<\/table>\n<p>Rezumat: Cel mai mare punct de v\u00e2nzare al Ohmegle este autenticitatea \u0219i simplitatea. Spre deosebire de mul\u021bi concuren\u021bi care \u00eemping utilizatorii c\u0103tre abonamente premium sau for\u021beaz\u0103 autentific\u0103rile, Ohmegle p\u0103streaz\u0103 totul brut \u0219i gratuit. Pentru cei care doresc \u00een mod special s\u0103 reproduc\u0103 senza\u021bia vechiului Omegle, acesta este cel mai apropiat lucru pe care \u00eel ve\u021bi ob\u021bine.<\/p>\n<h2>Avantaje \u0219i dezavantaje<\/h2>\n<h3>Avantaje<\/h3>\n<ul>\n<li>100% gratuit \u0219i anonim<\/li>\n<li>F\u0103r\u0103 \u00eenregistrare sau desc\u0103rc\u0103ri<\/li>\n<li>Potrivire rapid\u0103 \u0219i decalaj redus<\/li>\n<li>Mobile-friendly \u0219i func\u021bioneaz\u0103 pe toate browserele majore<\/li>\n<li>Interfa\u021b\u0103 curat\u0103, minim\u0103<\/li>\n<li>Ideal\u0103 pentru conversa\u021bii spontane \u0219i interac\u021biuni ocazionale<\/li>\n<\/ul>\n<h3>Contra<\/h3>\n<ul>\n<li>F\u0103r\u0103 filtre de gen sau regiune<\/li>\n<li>Expunerea poten\u021bial\u0103 la con\u021binut inadecvat<\/li>\n<li>Nu exist\u0103 istoric de chat sau func\u021bie de reconectare<\/li>\n<li>Nu exist\u0103 instrumente de descoperire social\u0103 sau op\u021biuni de urm\u0103rire<\/li>\n<\/ul>\n<h2>Cazuri ideale de utilizare<\/h2>\n<p>Ohmegle este cel mai potrivit pentru:<\/p>\n<ul>\n<li>Oameni nostalgici dup\u0103 experien\u021ba original\u0103 Omegle<\/li>\n<li>Utilizatori c\u0103rora le place interac\u021biunea social\u0103 anonim\u0103<\/li>\n<li>Nop\u021bi, c\u0103l\u0103tori sau oricine caut\u0103 conversa\u021bii spontane<\/li>\n<li>Oameni care doresc s\u0103 se \u00eent\u00e2lneasc\u0103 cu persoane necunoscute f\u0103r\u0103 presiune sau a\u0219tept\u0103ri legate de profil<\/li>\n<\/ul>\n<p>Nu este ideal pentru:<\/p>\n<ul>\n<li>Utilizatori care caut\u0103 \u00eent\u00e2lniri serioase sau conexiuni pe termen lung<\/li>\n<li>Cei c\u0103rora nu le place s\u0103 fie filma\u021bi<\/li>\n<li>Oricine nu se simte confortabil cu con\u021binutul nemodificat<\/li>\n<li>Utilizatori sub 18 ani (nu sunt autoriza\u021bi pe platform\u0103)<\/li>\n<\/ul>\n<p>Ohmegle este cel mai apropiat lucru pe care \u00eel avem de clasicul Omegle \u00een 2025 - \u0219i acesta este un lucru bun. Acesta elimin\u0103 zgomotul \u0219i dezordinea aplica\u021biilor sociale moderne, revenind la un format rapid, anonim \u0219i brut. Dac\u0103 \u021bi-a pl\u0103cut Omegle pentru ceea ce a fost - o conexiune uman\u0103 f\u0103r\u0103 scenariu \u0219i f\u0103r\u0103 filtru - Ohmegle ofer\u0103 asta \u0219i mai mult.<\/p>\n<p>Nu exist\u0103 artificii. F\u0103r\u0103 formulare de \u00eenscriere interminabile. Nici o presiune de a performa. Doar tu, camera ta web \u0219i persoana cu care algoritmul te conecteaz\u0103.<\/p>\n<p>Dac\u0103 sunte\u021bi \u00een c\u0103utarea celei mai bune alternative gratuite \u0219i anonime Omegle, Ohmegle merit\u0103 locul de top. Indiferent dac\u0103 sta\u021bi cinci minute sau cinci ore, experien\u021ba este unic uman\u0103 - \u0219i \u00een lumea curat\u0103 de ast\u0103zi, acest lucru este rar.<\/p>","protected":false},"excerpt":{"rendered":"<p>When Omegle shut down in 2023, millions of users were left without a go-to place for spontaneous, anonymous video chatting with strangers. In the wake of its disappearance, several alternatives have emerged\u2014but few have gained as much traction as Ohmegle. Designed to fill the exact void left behind, Ohmegle offers a nearly identical experience with [&hellip;]<\/p>\n","protected":false},"author":6,"featured_media":0,"parent":0,"menu_order":0,"comment_status":"closed","ping_status":"closed","template":"","meta":{"footnotes":""},"class_list":["post-12892","page","type-page","status-publish","hentry"],"yoast_head":"<!-- This site is optimized with the Yoast SEO plugin v27.4 - https:\/\/yoast.com\/product\/yoast-seo-wordpress\/ -->\n<title>Ohmegle - Talk to Strangers Omegle Alternative on StrangerCam.com<\/title>\n<meta name=\"description\" content=\"Like Ohmegle? Come chat with more than 5.000.000 strangers on Stranger Cam for Free! Turn on your cam and find new friends &amp; maby a match!\" \/>\n<meta name=\"robots\" content=\"index, follow, max-snippet:-1, max-image-preview:large, max-video-preview:-1\" \/>\n<link rel=\"canonical\" href=\"https:\/\/strangercam.com\/ro\/ohmegle\/\" \/>\n<meta property=\"og:locale\" content=\"ro_RO\" \/>\n<meta property=\"og:type\" content=\"article\" \/>\n<meta property=\"og:title\" content=\"Ohmegle - Talk to Strangers Omegle Alternative on StrangerCam.com\" \/>\n<meta property=\"og:description\" content=\"Like Ohmegle? Come chat with more than 5.000.000 strangers on Stranger Cam for Free! Turn on your cam and find new friends &amp; maby a match!\" \/>\n<meta property=\"og:url\" content=\"https:\/\/strangercam.com\/ro\/ohmegle\/\" \/>\n<meta property=\"og:site_name\" content=\"Strangercam\" \/>\n<meta property=\"article:publisher\" content=\"https:\/\/www.facebook.com\/strangercam\" \/>\n<meta property=\"og:image\" content=\"https:\/\/strangercam.com\/wp-content\/uploads\/2021\/10\/Untitled-2.png\" \/>\n\t<meta property=\"og:image:width\" content=\"800\" \/>\n\t<meta property=\"og:image:height\" content=\"532\" \/>\n\t<meta property=\"og:image:type\" content=\"image\/png\" \/>\n<meta name=\"twitter:card\" content=\"summary_large_image\" \/>\n<meta name=\"twitter:site\" content=\"@strangercamapp\" \/>\n<meta name=\"twitter:label1\" content=\"Timp estimat pentru citire\" \/>\n\t<meta name=\"twitter:data1\" content=\"6 minute\" \/>\n<script type=\"application\/ld+json\" class=\"yoast-schema-graph\">{\"@context\":\"https:\\\/\\\/schema.org\",\"@graph\":[{\"@type\":\"WebPage\",\"@id\":\"https:\\\/\\\/strangercam.com\\\/ohmegle\\\/\",\"url\":\"https:\\\/\\\/strangercam.com\\\/ohmegle\\\/\",\"name\":\"Ohmegle - Talk to Strangers Omegle Alternative on StrangerCam.com\",\"isPartOf\":{\"@id\":\"https:\\\/\\\/strangercam.com\\\/#website\"},\"datePublished\":\"2025-06-16T13:00:37+00:00\",\"description\":\"Like Ohmegle? Come chat with more than 5.000.000 strangers on Stranger Cam for Free! Turn on your cam and find new friends & maby a match!\",\"breadcrumb\":{\"@id\":\"https:\\\/\\\/strangercam.com\\\/ohmegle\\\/#breadcrumb\"},\"inLanguage\":\"ro-RO\",\"potentialAction\":[{\"@type\":\"ReadAction\",\"target\":[\"https:\\\/\\\/strangercam.com\\\/ohmegle\\\/\"]}]},{\"@type\":\"BreadcrumbList\",\"@id\":\"https:\\\/\\\/strangercam.com\\\/ohmegle\\\/#breadcrumb\",\"itemListElement\":[{\"@type\":\"ListItem\",\"position\":1,\"name\":\"Home\",\"item\":\"https:\\\/\\\/strangercam.com\\\/\"},{\"@type\":\"ListItem\",\"position\":2,\"name\":\"Ohmegle\"}]},{\"@type\":\"WebSite\",\"@id\":\"https:\\\/\\\/strangercam.com\\\/#website\",\"url\":\"https:\\\/\\\/strangercam.com\\\/\",\"name\":\"Strangercam\",\"description\":\"Random Video Chat with Strangers\",\"publisher\":{\"@id\":\"https:\\\/\\\/strangercam.com\\\/#organization\"},\"alternateName\":\"Strangercam.com\",\"potentialAction\":[{\"@type\":\"SearchAction\",\"target\":{\"@type\":\"EntryPoint\",\"urlTemplate\":\"https:\\\/\\\/strangercam.com\\\/?s={search_term_string}\"},\"query-input\":{\"@type\":\"PropertyValueSpecification\",\"valueRequired\":true,\"valueName\":\"search_term_string\"}}],\"inLanguage\":\"ro-RO\"},{\"@type\":\"Organization\",\"@id\":\"https:\\\/\\\/strangercam.com\\\/#organization\",\"name\":\"Strangercam\",\"alternateName\":\"Strangercam.com\",\"url\":\"https:\\\/\\\/strangercam.com\\\/\",\"logo\":{\"@type\":\"ImageObject\",\"inLanguage\":\"ro-RO\",\"@id\":\"https:\\\/\\\/strangercam.com\\\/#\\\/schema\\\/logo\\\/image\\\/\",\"url\":\"https:\\\/\\\/strangercam.com\\\/wp-content\\\/uploads\\\/2020\\\/11\\\/cropped-new-favicon-black.png\",\"contentUrl\":\"https:\\\/\\\/strangercam.com\\\/wp-content\\\/uploads\\\/2020\\\/11\\\/cropped-new-favicon-black.png\",\"width\":512,\"height\":512,\"caption\":\"Strangercam\"},\"image\":{\"@id\":\"https:\\\/\\\/strangercam.com\\\/#\\\/schema\\\/logo\\\/image\\\/\"},\"sameAs\":[\"https:\\\/\\\/www.facebook.com\\\/strangercam\",\"https:\\\/\\\/x.com\\\/strangercamapp\"]}]}<\/script>\n<!-- \/ Yoast SEO plugin. -->","yoast_head_json":{"title":"Ohmegle - Talk to Strangers Omegle alternativ\u0103 pe StrangerCam.com","description":"\u00ce\u021bi place Ohmegle? Vino s\u0103 vorbe\u0219ti cu mai mult de 5.000.000 de str\u0103ini pe Stranger Cam Gratuit! Porne\u0219te-\u021bi camera \u0219i g\u0103se\u0219te prieteni noi \u0219i poate o pereche!","robots":{"index":"index","follow":"follow","max-snippet":"max-snippet:-1","max-image-preview":"max-image-preview:large","max-video-preview":"max-video-preview:-1"},"canonical":"https:\/\/strangercam.com\/ro\/ohmegle\/","og_locale":"ro_RO","og_type":"article","og_title":"Ohmegle - Talk to Strangers Omegle Alternative on StrangerCam.com","og_description":"Like Ohmegle? Come chat with more than 5.000.000 strangers on Stranger Cam for Free! Turn on your cam and find new friends & maby a match!","og_url":"https:\/\/strangercam.com\/ro\/ohmegle\/","og_site_name":"Strangercam","article_publisher":"https:\/\/www.facebook.com\/strangercam","og_image":[{"width":800,"height":532,"url":"https:\/\/strangercam.com\/wp-content\/uploads\/2021\/10\/Untitled-2.png","type":"image\/png"}],"twitter_card":"summary_large_image","twitter_site":"@strangercamapp","twitter_misc":{"Timp estimat pentru citire":"6 minute"},"schema":{"@context":"https:\/\/schema.org","@graph":[{"@type":"WebPage","@id":"https:\/\/strangercam.com\/ohmegle\/","url":"https:\/\/strangercam.com\/ohmegle\/","name":"Ohmegle - Talk to Strangers Omegle alternativ\u0103 pe StrangerCam.com","isPartOf":{"@id":"https:\/\/strangercam.com\/#website"},"datePublished":"2025-06-16T13:00:37+00:00","description":"\u00ce\u021bi place Ohmegle? Vino s\u0103 vorbe\u0219ti cu mai mult de 5.000.000 de str\u0103ini pe Stranger Cam Gratuit! Porne\u0219te-\u021bi camera \u0219i g\u0103se\u0219te prieteni noi \u0219i poate o pereche!","breadcrumb":{"@id":"https:\/\/strangercam.com\/ohmegle\/#breadcrumb"},"inLanguage":"ro-RO","potentialAction":[{"@type":"ReadAction","target":["https:\/\/strangercam.com\/ohmegle\/"]}]},{"@type":"BreadcrumbList","@id":"https:\/\/strangercam.com\/ohmegle\/#breadcrumb","itemListElement":[{"@type":"ListItem","position":1,"name":"Home","item":"https:\/\/strangercam.com\/"},{"@type":"ListItem","position":2,"name":"Ohmegle"}]},{"@type":"WebSite","@id":"https:\/\/strangercam.com\/#website","url":"https:\/\/strangercam.com\/","name":"Strangercam","description":"Chat video aleatoriu cu str\u0103ini","publisher":{"@id":"https:\/\/strangercam.com\/#organization"},"alternateName":"Strangercam.com","potentialAction":[{"@type":"SearchAction","target":{"@type":"EntryPoint","urlTemplate":"https:\/\/strangercam.com\/?s={search_term_string}"},"query-input":{"@type":"PropertyValueSpecification","valueRequired":true,"valueName":"search_term_string"}}],"inLanguage":"ro-RO"},{"@type":"Organization","@id":"https:\/\/strangercam.com\/#organization","name":"Strangercam","alternateName":"Strangercam.com","url":"https:\/\/strangercam.com\/","logo":{"@type":"ImageObject","inLanguage":"ro-RO","@id":"https:\/\/strangercam.com\/#\/schema\/logo\/image\/","url":"https:\/\/strangercam.com\/wp-content\/uploads\/2020\/11\/cropped-new-favicon-black.png","contentUrl":"https:\/\/strangercam.com\/wp-content\/uploads\/2020\/11\/cropped-new-favicon-black.png","width":512,"height":512,"caption":"Strangercam"},"image":{"@id":"https:\/\/strangercam.com\/#\/schema\/logo\/image\/"},"sameAs":["https:\/\/www.facebook.com\/strangercam","https:\/\/x.com\/strangercamapp"]}]}},"_links":{"self":[{"href":"https:\/\/strangercam.com\/ro\/wp-json\/wp\/v2\/pages\/12892","targetHints":{"allow":["GET"]}}],"collection":[{"href":"https:\/\/strangercam.com\/ro\/wp-json\/wp\/v2\/pages"}],"about":[{"href":"https:\/\/strangercam.com\/ro\/wp-json\/wp\/v2\/types\/page"}],"author":[{"embeddable":true,"href":"https:\/\/strangercam.com\/ro\/wp-json\/wp\/v2\/users\/6"}],"replies":[{"embeddable":true,"href":"https:\/\/strangercam.com\/ro\/wp-json\/wp\/v2\/comments?post=12892"}],"version-history":[{"count":2,"href":"https:\/\/strangercam.com\/ro\/wp-json\/wp\/v2\/pages\/12892\/revisions"}],"predecessor-version":[{"id":12894,"href":"https:\/\/strangercam.com\/ro\/wp-json\/wp\/v2\/pages\/12892\/revisions\/12894"}],"wp:attachment":[{"href":"https:\/\/strangercam.com\/ro\/wp-json\/wp\/v2\/media?parent=12892"}],"curies":[{"name":"wp","href":"https:\/\/api.w.org\/{rel}","templated":true}]}}