{"id":12890,"date":"2025-06-16T14:55:58","date_gmt":"2025-06-16T12:55:58","guid":{"rendered":"https:\/\/strangercam.com\/?page_id=12890"},"modified":"2025-06-16T14:57:21","modified_gmt":"2025-06-16T12:57:21","slug":"anoncam","status":"publish","type":"page","link":"https:\/\/strangercam.com\/ro\/anoncam\/","title":{"rendered":"AnonCam"},"content":{"rendered":"<p>Dac\u0103 v\u0103 lipse\u0219te simplitatea originalului <a href=\"https:\/\/strangercam.com\/ro\/omegle\/\">Omegle<\/a>, \u00een care puteai intra instantaneu \u0219i anonim \u00eentr-un chat video cu un str\u0103in, Anoncam ar putea fi alternativa modern\u0103 pe care o c\u0103utai. Construit pentru utilizatorii care apreciaz\u0103 confiden\u021bialitatea, spontaneitatea \u0219i angajamentul zero, Anoncam reduce chat-ul video aleatoriu la forma sa cea mai esen\u021bial\u0103 - f\u0103r\u0103 conturi, f\u0103r\u0103 biografii, f\u0103r\u0103 filtre - doar doi str\u0103ini conecta\u021bi prin intermediul camerei web.<\/p>\n<p>\u00cen aceast\u0103 analiz\u0103 detaliat\u0103, vom analiza ce este Anoncam, ce caracteristici ofer\u0103, cum se compar\u0103 cu alte site-uri populare precum Omegle, <a href=\"https:\/\/strangercam.com\/ro\/chatroulette\/\">Chatroulette<\/a>, \u0219i Chatrandom, \u0219i dac\u0103 este platforma potrivit\u0103 pentru dvs. \u00een 2025.<\/p>\n<h2>Ce este Anoncam?<\/h2>\n<p>Anoncam este o platform\u0103 de chat video 100% anonim\u0103 \u0219i aleatorie care v\u0103 conecteaz\u0103 fa\u021b\u0103 \u00een fa\u021b\u0103 cu str\u0103ini din \u00eentreaga lume. Urmeaz\u0103 modelul tradi\u021bional de chat prin webcam unu-la-unu, popularizat de Omegle, dar \u00eel \u00eembun\u0103t\u0103\u021be\u0219te cu o interfa\u021b\u0103 mai rapid\u0103, performan\u021be mai bune pe dispozitivele mobile \u0219i o mai mare aten\u021bie acordat\u0103 siguran\u021bei utilizatorilor.<\/p>\n<p>Nu exist\u0103 \u00eenscrieri, nume de utilizator, profiluri \u0219i fotografii. C\u00e2nd vizitezi Anoncam, e\u0219ti la un click distan\u021b\u0103 de un chat video live cu cineva nou.<\/p>\n<h2>Care este scopul Anoncam?<\/h2>\n<p>Anoncam este construit \u00een jurul unei idei simple: vorbi\u021bi cu str\u0103inii f\u0103r\u0103 a dezv\u0103lui cine sunte\u021bi. \u00centr-o er\u0103 \u00een care majoritatea platformelor sociale sunt conduse de profiluri, urm\u0103ritori \u0219i identit\u0103\u021bi digitale, Anoncam ofer\u0103 o evadare rar\u0103. Aceasta re\u00eenvie spiritul internetului timpuriu - conversa\u021bii spontane, \u00een timp real, cu persoane complet necunoscute, f\u0103r\u0103 leg\u0103tur\u0103 cu via\u021ba dvs. din social media.<\/p>\n<p>Obiectivele sale principale sunt:<\/p>\n<ul>\n<li>Pentru a facilita interac\u021biunea uman\u0103 autentic\u0103 \u0219i anonim\u0103<\/li>\n<li>Pentru a ajuta utilizatorii <a href=\"https:\/\/strangercam.com\/ro\/coomeet\/\">\u00eent\u00e2lnire<\/a> oameni f\u0103r\u0103 bagajul profilurilor sau al istoriei<\/li>\n<li>Pentru a oferi un spa\u021biu sigur pentru exprimare, conectare \u0219i conversa\u021bie<\/li>\n<\/ul>\n<p>Fie c\u0103 e\u0219ti plictisit, singur, curios sau pur \u0219i simplu vrei s\u0103 vorbe\u0219ti liber, f\u0103r\u0103 s\u0103 fii judecat, Anoncam \u00ee\u021bi ofer\u0103 un mediu f\u0103r\u0103 presiune.<\/p>\n<h2>Caracteristici principale<\/h2>\n<p>1. Chat video anonim unu-la-unu<br \/>\n\u00cen esen\u021ba sa, Anoncam este despre conexiuni video instantanee. \u00cenc\u0103rca\u021bi site-ul, face\u021bi clic pe \"Start\" \u0219i sunte\u021bi \u00eemperecheat cu un alt str\u0103in folosind camera sa web. F\u0103r\u0103 nume de utilizator, f\u0103r\u0103 proces de potrivire - doar doi oameni fa\u021b\u0103 \u00een fa\u021b\u0103.<\/p>\n<p>2. Potrivire rapid\u0103 \u0219i func\u021bionalitate de salt<br \/>\nPute\u021bi s\u0103ri la urm\u0103toarea persoan\u0103 cu un singur clic. Potrivirea este aproape instantanee, cu tamponare minim\u0103 sau timpi mor\u021bi \u00eentre sesiuni, \u00een special \u00een orele de v\u00e2rf.<\/p>\n<p>3. Nu este necesar niciun cont sau autentificare<br \/>\nUna dintre caracteristicile definitorii ale Anoncam este experien\u021ba sa complet anonim\u0103. Nu trebuie s\u0103 v\u0103 \u00eenregistra\u021bi sau s\u0103 furniza\u021bi nicio informa\u021bie pentru a utiliza site-ul. Fiecare sesiune de chat este temporar\u0103 \u0219i nu las\u0103 nicio amprent\u0103 digital\u0103.<\/p>\n<p>4. Design prietenos cu mobilul<br \/>\nAnoncam func\u021bioneaz\u0103 bine at\u00e2t pe desktop, c\u00e2t \u0219i pe browserele mobile. Designul s\u0103u este optimizat pentru atingere, permi\u021b\u00e2nd accesul rapid la camer\u0103 \u0219i potrivirea f\u0103r\u0103 a fi nevoie de o aplica\u021bie sau desc\u0103rcare.<\/p>\n<p>5. Chat text op\u021bional<br \/>\nDe\u0219i accentul este pus pe video, Anoncam include \u0219i o op\u021biune de chat text, fie al\u0103turi de video, fie ca solu\u021bie de rezerv\u0103 pentru utilizatorii care nu doresc s\u0103 vorbeasc\u0103 sau au probleme tehnice.<\/p>\n<p>6. Instrumente de raportare \u0219i moderare<br \/>\nUtilizatorii pot raporta rapid comportamentele nepotrivite, iar o echip\u0103 de moderare lucreaz\u0103 pentru a revizui \u0219i a interzice utilizatorii care \u00eencalc\u0103 regulile platformei. De\u0219i niciun site de chat nu este perfect, Anoncam ia \u00een serios siguran\u021ba utilizatorilor.<\/p>\n<h2>Anoncam este gratuit?<\/h2>\n<p>Da, Anoncam este complet gratuit de utilizat. Nu exist\u0103 costuri ascunse, ziduri de plat\u0103 sau caracteristici blocate. Ob\u021bine\u021bi acces nelimitat la:<\/p>\n<ul>\n<li>Chat video<\/li>\n<li>Chat text<\/li>\n<li>Omiterea meciurilor<\/li>\n<li>Utilizarea dispozitivelor mobile \u0219i desktop<\/li>\n<\/ul>\n<p>Nu exist\u0103 niciun nivel premium (\u00eencep\u00e2nd cu 2025), ceea ce face ca experien\u021ba s\u0103 r\u0103m\u00e2n\u0103 accesibil\u0103 tuturor \u0219i reduce riscul ca escrocii s\u0103 abuzeze de caracteristicile premium.<\/p>\n<h2>Cine utilizeaz\u0103 Anoncam?<\/h2>\n<p>Anoncam a construit o baz\u0103 global\u0103 de utilizatori care acoper\u0103 diferite categorii demografice, dar \u00eemp\u0103rt\u0103\u0219e\u0219te c\u00e2teva tr\u0103s\u0103turi de baz\u0103:<\/p>\n<ul>\n<li>Intervalul de v\u00e2rst\u0103: \u00cen principal \u00eentre 18 \u0219i 35 de ani<\/li>\n<li>Distribu\u021bia pe sexe: Majoritatea b\u0103rba\u021bilor, dar \u0219i femeile sunt active - \u00een special \u00een timpul orelor cu trafic intens<\/li>\n<li>Inten\u021bie: Conversa\u021bii ocazionale, flirt, dest\u0103inuiri, exersarea limbii sau doar trecerea timpului<\/li>\n<\/ul>\n<p>Este deosebit de popular printre:<\/p>\n<ul>\n<li>Studen\u021bi universitari<\/li>\n<li>Bufni\u021be de noapte \u00een c\u0103utare de companie<\/li>\n<li>Nomazi digitali \u0219i c\u0103l\u0103tori<\/li>\n<li>Persoane care doresc o pauz\u0103 de la social media<\/li>\n<\/ul>\n<p>Datorit\u0103 anonimatului s\u0103u, Anoncam atrage, de asemenea, utilizatori care doresc s\u0103 vorbeasc\u0103 liber, s\u0103 \u00eemp\u0103rt\u0103\u0219easc\u0103 g\u00e2nduri sau s\u0103 exploreze subiecte f\u0103r\u0103 a le lega de o identitate personal\u0103.<\/p>\n<h2>Siguran\u021b\u0103, confiden\u021bialitate \u0219i moderare<\/h2>\n<p>Anonimatul poate fi eliberator, dar ridic\u0103, de asemenea, preocup\u0103ri valide cu privire la comportamentul utilizatorilor. Anoncam \u00eencearc\u0103 s\u0103 abordeze aceast\u0103 problem\u0103 cu o strategie de siguran\u021b\u0103 echilibrat\u0103:<\/p>\n<h3>Confiden\u021bialitate<\/h3>\n<ul>\n<li>Nu exist\u0103 conturi sau autentific\u0103ri<\/li>\n<li>F\u0103r\u0103 \u00eenregistrare sau salvare a chat-urilor video<\/li>\n<li>Adresa dvs. de IP nu este vizibil\u0103 publicului<\/li>\n<li>Datele nu sunt partajate cu p\u0103r\u021bi ter\u021be<\/li>\n<\/ul>\n<h3>Modera\u021bie<\/h3>\n<ul>\n<li>Buton de raportare \u00een aplica\u021bie \u00een timpul discu\u021biilor video<\/li>\n<li>Detectarea pe baz\u0103 de inteligen\u021b\u0103 artificial\u0103 a nuditatei sau a con\u021binutului ofensator<\/li>\n<li>Interdic\u021bii rapide pentru infractorii recidivi\u0219ti sau utilizatorii raporta\u021bi<\/li>\n<li>Moderarea \u00een timp real a sesiunilor cu trafic ridicat<\/li>\n<\/ul>\n<p>Ca \u00eentotdeauna, utilizatorii trebuie s\u0103 fie precau\u021bi:<\/p>\n<ul>\n<li>Nu partaja\u021bi niciodat\u0103 informa\u021bii personale<\/li>\n<li>Renun\u021ba\u021bi la utilizatorii care ac\u021bioneaz\u0103 suspicios sau agresiv<\/li>\n<li>Utiliza\u021bi func\u021bia de raport atunci c\u00e2nd este necesar<\/li>\n<\/ul>\n<h2>Interfa\u021ba \u0219i experien\u021ba utilizatorului<\/h2>\n<p>Interfa\u021ba de utilizator a Anoncam este simpl\u0103 \u0219i eficient\u0103. Pagina de pornire con\u021bine doar elementele esen\u021biale:<\/p>\n<ul>\n<li>Un buton \"Start Chat\"<\/li>\n<li>Reguli de baz\u0103<\/li>\n<li>Solicit\u0103ri de permisiune pentru camer\u0103 \u0219i microfon<\/li>\n<\/ul>\n<p>Dup\u0103 ce face\u021bi clic pentru a \u00eencepe, ve\u021bi fi \u00eemperecheat cu cineva \u00een c\u00e2teva secunde. Comenzile de pe ecran v\u0103 permit:<\/p>\n<ul>\n<li>Salt<\/li>\n<li>Dezactiva\u021bi microfonul<\/li>\n<li>\u00cencheia\u021bi discu\u021bia<\/li>\n<li>Raport<\/li>\n<\/ul>\n<p>Nu exist\u0103 pop-up-uri, solicit\u0103ri de \u00eenregistrare sau distrageri - o schimbare r\u0103coritoare fa\u021b\u0103 de multe <a href=\"https:\/\/strangercam.com\/ro\/bazoocam\/\">came<\/a> platformele de chat care solicit\u0103 v\u00e2nz\u0103ri suplimentare sau reclame agresive.<\/p>\n<p>\u00cen ceea ce prive\u0219te performan\u021ba, site-ul ruleaz\u0103 f\u0103r\u0103 probleme chiar \u0219i pe dispozitive de gam\u0103 medie \u0219i accept\u0103 Chrome, Firefox, Safari \u0219i Edge pe toate platformele.<\/p>\n<h2>Anoncam vs alte platforme de chat anonime<\/h2>\n<p>Anoncam se afl\u0103 \u00eentr-o ni\u0219\u0103 specific\u0103 de chat video aleatoriu cu adev\u0103rat anonim. Iat\u0103 cum se compar\u0103 cu al\u021bi juc\u0103tori importan\u021bi:<\/p>\n<table>\n<thead>\n<tr>\n<th>Platform\u0103<\/th>\n<th>\u00cenregistrare<\/th>\n<th>Chat video<\/th>\n<th>Chat text<\/th>\n<th>Filtre<\/th>\n<th>Anonimatul<\/th>\n<th>Modera\u021bie<\/th>\n<\/tr>\n<\/thead>\n<tbody>\n<tr>\n<td>Anoncam<\/td>\n<td>Nu<\/td>\n<td>Da<\/td>\n<td>Da<\/td>\n<td>Nu<\/td>\n<td>Puternic<\/td>\n<td>Moderat<\/td>\n<\/tr>\n<tr>\n<td>Omegle<\/td>\n<td>Nu<\/td>\n<td>Da<\/td>\n<td>Da<\/td>\n<td>Nu<\/td>\n<td>Puternic<\/td>\n<td>Slab<\/td>\n<\/tr>\n<tr>\n<td>Chatroulette<\/td>\n<td>Nu<\/td>\n<td>Da<\/td>\n<td>limitat\u0103<\/td>\n<td>Da<\/td>\n<td>Moderat<\/td>\n<td>Moderat<\/td>\n<\/tr>\n<tr>\n<td>Chatrandom<\/td>\n<td>Op\u021bional<\/td>\n<td>Da<\/td>\n<td>Da<\/td>\n<td>Da<\/td>\n<td>Moderat<\/td>\n<td>Puternic<\/td>\n<\/tr>\n<tr>\n<td><a href=\"https:\/\/strangercam.com\/ro\/ometv\/\">OmeTV<\/a><\/td>\n<td>Nu<\/td>\n<td>Da<\/td>\n<td>Da<\/td>\n<td>Da<\/td>\n<td>Moderat<\/td>\n<td>Puternic<\/td>\n<\/tr>\n<\/tbody>\n<\/table>\n<p>Rezumat: Anoncam prioritizeaz\u0103 anonimatul fa\u021b\u0103 de filtre sau caracteristici premium. Dac\u0103 sunte\u021bi \u00een c\u0103utarea a ceva minimal, brut \u0219i instantaneu, bate platformele care au deviat c\u0103tre sisteme bazate pe conturi sau monetizate.<\/p>\n<h2>Avantaje \u0219i dezavantaje<\/h2>\n<h3>Avantaje<\/h3>\n<ul>\n<li>Chat video cu adev\u0103rat anonim<\/li>\n<li>Nu este necesar\u0103 \u00eenregistrarea sau informa\u021bii personale<\/li>\n<li>Potrivire rapid\u0103 \u0219i performan\u021b\u0103 stabil\u0103<\/li>\n<li>Mobil \u0219i desktop prietenos<\/li>\n<li>Gratuit pentru totdeauna - f\u0103r\u0103 taxe ascunse<\/li>\n<li>Excelent pentru discu\u021bii ocazionale, desc\u0103rc\u0103ri sau discu\u021bii spontane<\/li>\n<\/ul>\n<h3>Contra<\/h3>\n<ul>\n<li>F\u0103r\u0103 filtre de gen sau de \u021bar\u0103<\/li>\n<li>Expunere ocazional\u0103 la utilizatori inadecva\u021bi<\/li>\n<li>Baz\u0103 de utilizatori limitat\u0103 \u00een compara\u021bie cu platformele mai vechi<\/li>\n<li>Nu exist\u0103 meciuri salvate sau caracteristici sociale<\/li>\n<\/ul>\n<h2>Cazuri ideale de utilizare<\/h2>\n<p>Anoncam este potrivit pentru persoanele care:<\/p>\n<ul>\n<li>Doresc interac\u021biune anonim\u0103, fa\u021b\u0103 \u00een fa\u021b\u0103<\/li>\n<li>Dor de simplitatea original\u0103 a Omegle<\/li>\n<li>Introverti\u021bii caut\u0103 conexiuni f\u0103r\u0103 presiunea unui profil<\/li>\n<li>Vreau doar s\u0103 vorbesc sau s\u0103 m\u0103 descarc f\u0103r\u0103 judecat\u0103<\/li>\n<li>Exploreaz\u0103 conversa\u021bii \u0219i prietenii interna\u021bionale<\/li>\n<\/ul>\n<p>Nu este ideal pentru:<\/p>\n<ul>\n<li>Utilizatori care caut\u0103 experien\u021be axate pe \u00eent\u00e2lniri<\/li>\n<li>Oameni care nu se simt confortabil \u00een fa\u021ba camerei web<\/li>\n<li>Cei care se a\u0219teapt\u0103 la matchmaking bazat pe profil<\/li>\n<li>Utilizatori minori (Anoncam este doar pentru 18+)<\/li>\n<\/ul>\n<p>Anoncam re\u00eenvie cu succes viziunea original\u0103 a chat-ului video aleatoriu - rapid, anonim \u0219i uman. \u00centr-o epoc\u0103 \u00een care majoritatea aplica\u021biilor v\u0103 doresc datele, banii \u0219i timpul, Anoncam dore\u0219te un singur lucru: o conversa\u021bie \u00een timp real \u00eentre doi str\u0103ini.<\/p>\n<p>Nu este aglomerat\u0103 cu func\u021bii sau abonamente. Nu pretinde a fi o aplica\u021bie de \u00eent\u00e2lniri. \u0218i nu v\u0103 solicit\u0103 adresa de e-mail, numele sau loca\u021bia. E\u0219ti doar tu \u0219i cealalt\u0103 persoan\u0103, fa\u021b\u0103 \u00een fa\u021b\u0103, pentru c\u00e2teva secunde - sau minute - \u00eenainte de a trece mai departe.<\/p>\n<p>Dac\u0103 sunte\u021bi \u00een c\u0103utarea unei modalit\u0103\u021bi private, f\u0103r\u0103 obliga\u021bii, de a cunoa\u0219te oameni noi online \u00een 2025, Anoncam este una dintre cele mai bune platforme minimaliste disponibile. Simplu, gratuit \u0219i anonim - exact a\u0219a cum a fost menit s\u0103 fie chat-ul aleatoriu.<\/p>","protected":false},"excerpt":{"rendered":"<p>If you miss the simplicity of the original Omegle, where you could jump into a video chat with a stranger instantly and anonymously, Anoncam might just be the modern-day alternative you\u2019re looking for. Built for users who value privacy, spontaneity, and zero commitment, Anoncam strips random video chat down to its most essential form\u2014no accounts, [&hellip;]<\/p>\n","protected":false},"author":6,"featured_media":0,"parent":0,"menu_order":0,"comment_status":"closed","ping_status":"closed","template":"","meta":{"footnotes":""},"class_list":["post-12890","page","type-page","status-publish","hentry"],"yoast_head":"<!-- This site is optimized with the Yoast SEO plugin v27.4 - https:\/\/yoast.com\/product\/yoast-seo-wordpress\/ -->\n<title>AnonCam - Real Anon Random Video Chat on StrangerCam.com<\/title>\n<meta name=\"description\" content=\"Like AnonCam? Come chat with more than 5.000.000 strangers on Stranger Cam for Free! Turn on your cam and find new friends &amp; maby a match!\" \/>\n<meta name=\"robots\" content=\"index, follow, max-snippet:-1, max-image-preview:large, max-video-preview:-1\" \/>\n<link rel=\"canonical\" href=\"https:\/\/strangercam.com\/ro\/anoncam\/\" \/>\n<meta property=\"og:locale\" content=\"ro_RO\" \/>\n<meta property=\"og:type\" content=\"article\" \/>\n<meta property=\"og:title\" content=\"AnonCam - Real Anon Random Video Chat on StrangerCam.com\" \/>\n<meta property=\"og:description\" content=\"Like AnonCam? Come chat with more than 5.000.000 strangers on Stranger Cam for Free! Turn on your cam and find new friends &amp; maby a match!\" \/>\n<meta property=\"og:url\" content=\"https:\/\/strangercam.com\/ro\/anoncam\/\" \/>\n<meta property=\"og:site_name\" content=\"Strangercam\" \/>\n<meta property=\"article:publisher\" content=\"https:\/\/www.facebook.com\/strangercam\" \/>\n<meta property=\"article:modified_time\" content=\"2025-06-16T12:57:21+00:00\" \/>\n<meta property=\"og:image\" content=\"https:\/\/strangercam.com\/wp-content\/uploads\/2021\/10\/Untitled-2.png\" \/>\n\t<meta property=\"og:image:width\" content=\"800\" \/>\n\t<meta property=\"og:image:height\" content=\"532\" \/>\n\t<meta property=\"og:image:type\" content=\"image\/png\" \/>\n<meta name=\"twitter:card\" content=\"summary_large_image\" \/>\n<meta name=\"twitter:site\" content=\"@strangercamapp\" \/>\n<meta name=\"twitter:label1\" content=\"Timp estimat pentru citire\" \/>\n\t<meta name=\"twitter:data1\" content=\"6 minute\" \/>\n<script type=\"application\/ld+json\" class=\"yoast-schema-graph\">{\"@context\":\"https:\\\/\\\/schema.org\",\"@graph\":[{\"@type\":\"WebPage\",\"@id\":\"https:\\\/\\\/strangercam.com\\\/anoncam\\\/\",\"url\":\"https:\\\/\\\/strangercam.com\\\/anoncam\\\/\",\"name\":\"AnonCam - Real Anon Random Video Chat on StrangerCam.com\",\"isPartOf\":{\"@id\":\"https:\\\/\\\/strangercam.com\\\/#website\"},\"datePublished\":\"2025-06-16T12:55:58+00:00\",\"dateModified\":\"2025-06-16T12:57:21+00:00\",\"description\":\"Like AnonCam? Come chat with more than 5.000.000 strangers on Stranger Cam for Free! Turn on your cam and find new friends & maby a match!\",\"breadcrumb\":{\"@id\":\"https:\\\/\\\/strangercam.com\\\/anoncam\\\/#breadcrumb\"},\"inLanguage\":\"ro-RO\",\"potentialAction\":[{\"@type\":\"ReadAction\",\"target\":[\"https:\\\/\\\/strangercam.com\\\/anoncam\\\/\"]}]},{\"@type\":\"BreadcrumbList\",\"@id\":\"https:\\\/\\\/strangercam.com\\\/anoncam\\\/#breadcrumb\",\"itemListElement\":[{\"@type\":\"ListItem\",\"position\":1,\"name\":\"Home\",\"item\":\"https:\\\/\\\/strangercam.com\\\/\"},{\"@type\":\"ListItem\",\"position\":2,\"name\":\"AnonCam\"}]},{\"@type\":\"WebSite\",\"@id\":\"https:\\\/\\\/strangercam.com\\\/#website\",\"url\":\"https:\\\/\\\/strangercam.com\\\/\",\"name\":\"Strangercam\",\"description\":\"Random Video Chat with Strangers\",\"publisher\":{\"@id\":\"https:\\\/\\\/strangercam.com\\\/#organization\"},\"alternateName\":\"Strangercam.com\",\"potentialAction\":[{\"@type\":\"SearchAction\",\"target\":{\"@type\":\"EntryPoint\",\"urlTemplate\":\"https:\\\/\\\/strangercam.com\\\/?s={search_term_string}\"},\"query-input\":{\"@type\":\"PropertyValueSpecification\",\"valueRequired\":true,\"valueName\":\"search_term_string\"}}],\"inLanguage\":\"ro-RO\"},{\"@type\":\"Organization\",\"@id\":\"https:\\\/\\\/strangercam.com\\\/#organization\",\"name\":\"Strangercam\",\"alternateName\":\"Strangercam.com\",\"url\":\"https:\\\/\\\/strangercam.com\\\/\",\"logo\":{\"@type\":\"ImageObject\",\"inLanguage\":\"ro-RO\",\"@id\":\"https:\\\/\\\/strangercam.com\\\/#\\\/schema\\\/logo\\\/image\\\/\",\"url\":\"https:\\\/\\\/strangercam.com\\\/wp-content\\\/uploads\\\/2020\\\/11\\\/cropped-new-favicon-black.png\",\"contentUrl\":\"https:\\\/\\\/strangercam.com\\\/wp-content\\\/uploads\\\/2020\\\/11\\\/cropped-new-favicon-black.png\",\"width\":512,\"height\":512,\"caption\":\"Strangercam\"},\"image\":{\"@id\":\"https:\\\/\\\/strangercam.com\\\/#\\\/schema\\\/logo\\\/image\\\/\"},\"sameAs\":[\"https:\\\/\\\/www.facebook.com\\\/strangercam\",\"https:\\\/\\\/x.com\\\/strangercamapp\"]}]}<\/script>\n<!-- \/ Yoast SEO plugin. -->","yoast_head_json":{"title":"AnonCam - Real Anon Random Video Chat pe StrangerCam.com","description":"\u00ce\u021bi place AnonCam? Vino s\u0103 vorbe\u0219ti cu mai mult de 5.000.000 de str\u0103ini pe Stranger Cam gratuit! Porne\u0219te-\u021bi camera \u0219i g\u0103se\u0219te prieteni noi \u0219i poate o pereche!","robots":{"index":"index","follow":"follow","max-snippet":"max-snippet:-1","max-image-preview":"max-image-preview:large","max-video-preview":"max-video-preview:-1"},"canonical":"https:\/\/strangercam.com\/ro\/anoncam\/","og_locale":"ro_RO","og_type":"article","og_title":"AnonCam - Real Anon Random Video Chat on StrangerCam.com","og_description":"Like AnonCam? Come chat with more than 5.000.000 strangers on Stranger Cam for Free! Turn on your cam and find new friends & maby a match!","og_url":"https:\/\/strangercam.com\/ro\/anoncam\/","og_site_name":"Strangercam","article_publisher":"https:\/\/www.facebook.com\/strangercam","article_modified_time":"2025-06-16T12:57:21+00:00","og_image":[{"width":800,"height":532,"url":"https:\/\/strangercam.com\/wp-content\/uploads\/2021\/10\/Untitled-2.png","type":"image\/png"}],"twitter_card":"summary_large_image","twitter_site":"@strangercamapp","twitter_misc":{"Timp estimat pentru citire":"6 minute"},"schema":{"@context":"https:\/\/schema.org","@graph":[{"@type":"WebPage","@id":"https:\/\/strangercam.com\/anoncam\/","url":"https:\/\/strangercam.com\/anoncam\/","name":"AnonCam - Real Anon Random Video Chat pe StrangerCam.com","isPartOf":{"@id":"https:\/\/strangercam.com\/#website"},"datePublished":"2025-06-16T12:55:58+00:00","dateModified":"2025-06-16T12:57:21+00:00","description":"\u00ce\u021bi place AnonCam? Vino s\u0103 vorbe\u0219ti cu mai mult de 5.000.000 de str\u0103ini pe Stranger Cam gratuit! Porne\u0219te-\u021bi camera \u0219i g\u0103se\u0219te prieteni noi \u0219i poate o pereche!","breadcrumb":{"@id":"https:\/\/strangercam.com\/anoncam\/#breadcrumb"},"inLanguage":"ro-RO","potentialAction":[{"@type":"ReadAction","target":["https:\/\/strangercam.com\/anoncam\/"]}]},{"@type":"BreadcrumbList","@id":"https:\/\/strangercam.com\/anoncam\/#breadcrumb","itemListElement":[{"@type":"ListItem","position":1,"name":"Home","item":"https:\/\/strangercam.com\/"},{"@type":"ListItem","position":2,"name":"AnonCam"}]},{"@type":"WebSite","@id":"https:\/\/strangercam.com\/#website","url":"https:\/\/strangercam.com\/","name":"Strangercam","description":"Chat video aleatoriu cu str\u0103ini","publisher":{"@id":"https:\/\/strangercam.com\/#organization"},"alternateName":"Strangercam.com","potentialAction":[{"@type":"SearchAction","target":{"@type":"EntryPoint","urlTemplate":"https:\/\/strangercam.com\/?s={search_term_string}"},"query-input":{"@type":"PropertyValueSpecification","valueRequired":true,"valueName":"search_term_string"}}],"inLanguage":"ro-RO"},{"@type":"Organization","@id":"https:\/\/strangercam.com\/#organization","name":"Strangercam","alternateName":"Strangercam.com","url":"https:\/\/strangercam.com\/","logo":{"@type":"ImageObject","inLanguage":"ro-RO","@id":"https:\/\/strangercam.com\/#\/schema\/logo\/image\/","url":"https:\/\/strangercam.com\/wp-content\/uploads\/2020\/11\/cropped-new-favicon-black.png","contentUrl":"https:\/\/strangercam.com\/wp-content\/uploads\/2020\/11\/cropped-new-favicon-black.png","width":512,"height":512,"caption":"Strangercam"},"image":{"@id":"https:\/\/strangercam.com\/#\/schema\/logo\/image\/"},"sameAs":["https:\/\/www.facebook.com\/strangercam","https:\/\/x.com\/strangercamapp"]}]}},"_links":{"self":[{"href":"https:\/\/strangercam.com\/ro\/wp-json\/wp\/v2\/pages\/12890","targetHints":{"allow":["GET"]}}],"collection":[{"href":"https:\/\/strangercam.com\/ro\/wp-json\/wp\/v2\/pages"}],"about":[{"href":"https:\/\/strangercam.com\/ro\/wp-json\/wp\/v2\/types\/page"}],"author":[{"embeddable":true,"href":"https:\/\/strangercam.com\/ro\/wp-json\/wp\/v2\/users\/6"}],"replies":[{"embeddable":true,"href":"https:\/\/strangercam.com\/ro\/wp-json\/wp\/v2\/comments?post=12890"}],"version-history":[{"count":1,"href":"https:\/\/strangercam.com\/ro\/wp-json\/wp\/v2\/pages\/12890\/revisions"}],"predecessor-version":[{"id":12891,"href":"https:\/\/strangercam.com\/ro\/wp-json\/wp\/v2\/pages\/12890\/revisions\/12891"}],"wp:attachment":[{"href":"https:\/\/strangercam.com\/ro\/wp-json\/wp\/v2\/media?parent=12890"}],"curies":[{"name":"wp","href":"https:\/\/api.w.org\/{rel}","templated":true}]}}