{"id":12887,"date":"2025-06-16T14:52:18","date_gmt":"2025-06-16T12:52:18","guid":{"rendered":"https:\/\/strangercam.com\/?page_id=12887"},"modified":"2025-06-16T14:52:18","modified_gmt":"2025-06-16T12:52:18","slug":"plin-de-hamei","status":"publish","type":"page","link":"https:\/\/strangercam.com\/ro\/hoppy\/","title":{"rendered":"Hoppy"},"content":{"rendered":"<p>\u00centr-o lume a oboselii de a glisa \u0219i a parcurgerii nesf\u00e2r\u0219ite a profilurilor de \u00eent\u00e2lniri, Hoppy aduce ceva diferit pe mas\u0103: video \u00een timp real <a href=\"https:\/\/strangercam.com\/ro\/chathub\/\">chat<\/a> ca prim pas c\u0103tre \u00eent\u00e2lnirea cu cineva nou. \u00cembin\u00e2nd distrac\u021bia conversa\u021biilor aleatorii \u00eentre camere video cu inten\u021bia de a avea \u00eent\u00e2lniri, Hoppy se pozi\u021bioneaz\u0103 undeva \u00eentre o aplica\u021bie de \u00eent\u00e2lniri \u0219i o experien\u021b\u0103 de c\u0103utare de parteneri video.<\/p>\n<p>Dac\u0103 v-a\u021bi s\u0103turat de chat-urile de tip text care se termin\u0103 \u00eenainte de prima \u00eent\u00e2lnire - sau de aplica\u021biile de dating la care oamenii r\u0103spund rar - Hoppy ofer\u0103 o modalitate rapid\u0103, interactiv\u0103 \u0219i uman\u0103 de a crea leg\u0103turi autentice.<\/p>\n<p>\u00cen aceast\u0103 recenzie, vom explora exact cum func\u021bioneaz\u0103 Hoppy, pentru cine este cel mai bun, ce caracteristici include, cum se compar\u0103 cu alte platforme \u0219i dac\u0103 merit\u0103 s\u0103 v\u0103 pierde\u021bi timpul \u00een 2025.<\/p>\n<h2>Ce este Hoppy?<\/h2>\n<p>Hoppy este o platform\u0103 de \u00eent\u00e2lniri prin chat video \u00een care utilizatorii se \u00eent\u00e2lnesc cu alte persoane prin intermediul apelurilor video aleatorii unu-la-unu. Spre deosebire de aplica\u021biile tradi\u021bionale de \u00eent\u00e2lniri, unde navighezi printre profiluri \u0219i a\u0219tep\u021bi potrivirile, Hoppy te arunc\u0103 \u00eentr-o interac\u021biune live de la \u00eenceput. Vezi \u0219i vorbe\u0219ti cu partenerul t\u0103u \u00een timp real, deciz\u00e2nd instantaneu dac\u0103 exist\u0103 chimie - sau dac\u0103 mergi mai departe.<\/p>\n<p>Ideea este simpl\u0103: chat-uri video scurte, fa\u021b\u0103 \u00een fa\u021b\u0103, care ac\u021bioneaz\u0103 ca ni\u0219te \"prime \u00eent\u00e2lniri\" virtuale, ajut\u00e2ndu-te s\u0103 treci peste mesajele nesf\u00e2r\u0219ite \u0219i s\u0103 vezi dac\u0103 exist\u0103 o conexiune real\u0103 de la \u00eenceput.<\/p>\n<p>Este adesea descris\u0103 ca:<\/p>\n<ul>\n<li>Un site de \u00eent\u00e2lniri video-first<\/li>\n<li>O platform\u0103 de \u00eent\u00e2lniri rapide pentru era digital\u0103<\/li>\n<li>Un hibrid \u00eentre <a href=\"https:\/\/strangercam.com\/ro\/chatroulette\/\">Chatroulette<\/a> \u0219i Tinder<\/li>\n<\/ul>\n<h2>Care este scopul Hoppy?<\/h2>\n<p>Misiunea Hoppy este de a ajuta oamenii s\u0103 construiasc\u0103 conexiuni reale \u0219i romantice prin video live. Platforma este conceput\u0103 pentru:<\/p>\n<ul>\n<li>Persoanele singure caut\u0103 o prim\u0103 impresie mai autentic\u0103<\/li>\n<li>Oamenii s-au s\u0103turat de ghosting \u0219i de profilurile false<\/li>\n<li>Utilizatorii care prefer\u0103 chimia vizual\u0103 \u0219i interac\u021biunile live \u00een locul textului<\/li>\n<\/ul>\n<p>\u00cen timp ce majoritatea aplica\u021biilor de \u00eent\u00e2lniri se bazeaz\u0103 pe biografii \u00eengrijite \u0219i fotografii filtrate, Hoppy trece direct la realitate - doi str\u0103ini fa\u021b\u0103 \u00een fa\u021b\u0103 prin intermediul camerei web, care decid dac\u0103 s\u0103 continue discu\u021bia sau s\u0103 mearg\u0103 mai departe.<\/p>\n<p>Platforma este suficient de informal\u0103 pentru flirt \u0219i distrac\u021bie, dar suficient de structurat\u0103 pentru a atrage persoane cu adev\u0103rat interesate de \u00eent\u00e2lniri, nu doar de chat f\u0103r\u0103 scop.<\/p>\n<h2>Caracteristici principale<\/h2>\n<p>1. Potrivire video aleatorie unu la unu<br \/>\nCaracteristica principal\u0103 a Hoppy este chat-ul video \u00een direct, unu la unu, cu utilizatori potrivi\u021bi aleatoriu. Fiecare conversa\u021bie este cronometrat\u0103, dur\u00e2nd de obicei un minut sau dou\u0103, dup\u0103 care ambii utilizatori pot alege s\u0103 continue leg\u0103tura sau s\u0103 treac\u0103 mai departe.<\/p>\n<p>2. Sistem de potrivire dublu Opt-In<br \/>\nDup\u0103 un chat video, ambii utilizatori pot da \"like\" interac\u021biunii. Dac\u0103 ambele persoane doresc s\u0103 vorbeasc\u0103 din nou, se creeaz\u0103 o potrivire \u0219i pute\u021bi continua chat-ul prin text sau video \u00een aplica\u021bie.<\/p>\n<p>3. Coada de coresponden\u021b\u0103 \u0219i reconect\u0103rile<br \/>\nHoppy include un istoric al meciurilor \u0219i o list\u0103 a discu\u021biilor recente, permi\u021b\u00e2ndu-v\u0103 s\u0103 revede\u021bi conversa\u021biile sau s\u0103 v\u0103 reconecta\u021bi cu cineva cu care v-a pl\u0103cut s\u0103 vorbi\u021bi.<\/p>\n<p>4. Filtre pentru gen \u0219i interese <em>(Caracteristic\u0103 premium)<\/em><br \/>\nDe\u0219i experien\u021ba de baz\u0103 este aleatorie, Hoppy ofer\u0103 filtre, astfel \u00eenc\u00e2t s\u0103 v\u0103 pute\u021bi potrivi cu persoane de un anumit sex sau regiune. Acest lucru ajut\u0103 la cre\u0219terea \u0219anselor de a g\u0103si o potrivire care se aliniaz\u0103 preferin\u021belor tale.<\/p>\n<p>5. Personalizarea profilului<br \/>\nFiecare utilizator \u00ee\u0219i poate crea un profil de lumin\u0103 cu:<\/p>\n<ul>\n<li>Imagine de profil<\/li>\n<li>Biografie de baz\u0103<\/li>\n<li>Loca\u021bie<\/li>\n<li>Sexul \u0219i preferin\u021bele \u00een materie de \u00eent\u00e2lniri<\/li>\n<\/ul>\n<p>Cu toate acestea, aceste profiluri sunt dezv\u0103luite numai dup\u0103 o potrivire, p\u0103str\u00e2nd anonimatul discu\u021biei video ini\u021biale \u0219i concentr\u00e2ndu-se pe chimia natural\u0103.<\/p>\n<p>6. Instrumente anti-ghosting<br \/>\nHoppy folose\u0219te indicii de conversa\u021bie \u0219i de potrivire pentru a \u00eencuraja discu\u021biile ulterioare, minimiz\u00e2nd efectul de \"ora\u0219 fantom\u0103\" care afecteaz\u0103 multe aplica\u021bii de dating.<\/p>\n<p>7. Standarde comunitare de siguran\u021b\u0103<br \/>\nUtilizatorii pot raporta comportamentul neadecvat \u00een timp real. \u00cenc\u0103lc\u0103rile repetate duc la interzicerea accesului sau la restric\u021bionarea accesului \u0219i exist\u0103 o echip\u0103 de moderare care analizeaz\u0103 rapoartele.<\/p>\n<h2>Hoppy este gratuit?<\/h2>\n<p>Hoppy poate fi \u00eencercat gratuit, toate func\u021biile esen\u021biale de chat video fiind disponibile f\u0103r\u0103 niciun cost. Cu toate acestea, func\u021bioneaz\u0103 pe baza unui model freemium care deblocheaz\u0103 func\u021bii premium \u00een schimbul unei taxe lunare.<\/p>\n<h3>Utilizatorii liberi pot:<\/h3>\n<ul>\n<li>Introduce\u021bi chat-uri video nelimitate<\/li>\n<li>Potrivi\u021bi \u0219i discuta\u021bi cu oricine le place reciproc<\/li>\n<li>Crea\u021bi un profil de baz\u0103<\/li>\n<li>Reface\u021bi leg\u0103tura cu meciurile recente<\/li>\n<\/ul>\n<h3>Utilizatorii Premium primesc:<\/h3>\n<ul>\n<li>Filtre de gen \u0219i regiune<\/li>\n<li>Acces la mai multe informa\u021bii despre profil \u00eenainte de potrivire<\/li>\n<li>Re-perechere nelimitat\u0103 \u0219i timp de chat prelungit<\/li>\n<li>Cre\u0219terea vizibilit\u0103\u021bii \u0219i potrivirea priorit\u0103\u021bilor<\/li>\n<\/ul>\n<p>Pre\u021burile variaz\u0103 \u00een func\u021bie de regiune, dar planurile premium tipice variaz\u0103 de la $9,99 la $19,99\/lun\u0103, \u00een func\u021bie de durata abonamentului.<\/p>\n<h2>Pentru cine este Hoppy?<\/h2>\n<p>Hoppy este conceput special pentru persoanele singure cu v\u00e2rste cuprinse \u00eentre 18 \u0219i 35 de ani, de\u0219i utilizatorii mai \u00een v\u00e2rst\u0103 sunt, de asemenea, bineveni\u021bi. Se adreseaz\u0103 \u00een special:<\/p>\n<ul>\n<li>Oameni care sunt serio\u0219i \u00een ceea ce prive\u0219te \u00eent\u00e2lnirile, dar frustra\u021bi de aplica\u021biile tipice<\/li>\n<li>Utilizatori care prefer\u0103 comunicarea video \u00een locul mesajelor text<\/li>\n<li>Cei care doresc s\u0103 cunoasc\u0103 poten\u021bialii parteneri fa\u021b\u0103 \u00een fa\u021b\u0103, instantaneu<\/li>\n<li>Oricine caut\u0103 o interac\u021biune online mai uman\u0103, mai pu\u021bin scenarizat\u0103<\/li>\n<\/ul>\n<h3>Demografie comun\u0103:<\/h3>\n<ul>\n<li>\u00cemp\u0103r\u021bire egal\u0103 \u00eentre sexe (mai echilibrat\u0103 dec\u00e2t multe <a href=\"https:\/\/strangercam.com\/ro\/bazoocam\/\">came<\/a> platforme de chat)<\/li>\n<li>Utilizatori din America de Nord, Europa, Asia de Sud-Est \u0219i America de Sud<\/li>\n<li>Persoane care caut\u0103 dragoste, \u00eent\u00e2lniri ocazionale sau conversa\u021bii cochete<\/li>\n<\/ul>\n<p>Spre deosebire de platformele de chat pur aleatorii precum <a href=\"https:\/\/strangercam.com\/ro\/omegle\/\">Omegle<\/a>, Hoppy filtreaz\u0103 inten\u021bia - majoritatea utilizatorilor sunt acolo pentru \u00eent\u00e2lniri sau cel pu\u021bin flirt, nu doar pentru discu\u021bii ocazionale sau trolling.<\/p>\n<h2>Siguran\u021b\u0103, confiden\u021bialitate \u0219i moderare<\/h2>\n<p>Hoppy ia \u00een serios siguran\u021ba, echilibr\u00e2nd anonimatul cu responsabilitatea.<\/p>\n<p>Caracteristici de confiden\u021bialitate:<\/p>\n<ul>\n<li>Conversa\u021biile sunt criptate \u0219i nu sunt \u00eenregistrate<\/li>\n<li>F\u0103r\u0103 partajarea extern\u0103 a meciurilor sau a datelor<\/li>\n<li>Profilul dvs. este vizibil numai dup\u0103 o potrivire reciproc\u0103<\/li>\n<\/ul>\n<p>Instrumente de moderare:<\/p>\n<ul>\n<li>Raportare \u00een timp real<\/li>\n<li>Detectarea comportamentelor neadecvate prin intermediul inteligen\u021bei artificiale \u0219i al examin\u0103rii umane<\/li>\n<li>Interdic\u021bii pentru utilizatorii care \u00eencalc\u0103 standardele comunit\u0103\u021bii<\/li>\n<\/ul>\n<p>Control utilizator:<\/p>\n<ul>\n<li>S\u0103ri\u021bi sau \u00eencheia\u021bi o discu\u021bie oric\u00e2nd<\/li>\n<li>Bloca\u021bi utilizatorii de la re-perechere<\/li>\n<li>Controla\u021bi cine v\u0103 vede profilul<\/li>\n<\/ul>\n<p>Ca \u00eentotdeauna, utilizatorii nu trebuie s\u0103 \u00eemp\u0103rt\u0103\u0219easc\u0103 niciodat\u0103 informa\u021bii personale, nici m\u0103car \u00een cadrul chat-ului video, p\u00e2n\u0103 c\u00e2nd nu se stabile\u0219te \u00eencrederea.<\/p>\n<h2>Experien\u021ba \u0219i designul utilizatorului<\/h2>\n<p>Designul Hoppy este elegant, modern \u0219i optimizat pentru utilizarea pe mobil, de\u0219i utilizatorii de desktop sunt de asemenea sprijini\u021bi. Elementele cheie includ:<\/p>\n<ul>\n<li>O fereastr\u0103 video live mare \u00een timpul chat-urilor<\/li>\n<li>Distrac\u021bii sau suprapuneri minime<\/li>\n<li>Butoane de \u0219tergere pentru match\/skip\/report<\/li>\n<li>Tranzi\u021bii rapide \u00eentre utilizatori<\/li>\n<\/ul>\n<p>Formatul de chat cronometrat men\u021bine lucrurile interesante \u0219i f\u0103r\u0103 presiune. Fiecare conversa\u021bie este scurt\u0103, dar semnificativ\u0103, \u0219i nu sunte\u021bi niciodat\u0103 blocat \u00eentr-o sesiune care nu v\u0103 place.<\/p>\n<h2>Hoppy vs Alte Platforme Video Chat Dating<\/h2>\n<p>Cum se compar\u0103 Hoppy cu aplica\u021biile similare din spa\u021biul cam-dating?<\/p>\n<table>\n<thead>\n<tr>\n<th>Caracteristic\u0103<\/th>\n<th>Hoppy<\/th>\n<th>Maimu\u021b\u0103<\/th>\n<th>Camgo<\/th>\n<th><a href=\"https:\/\/strangercam.com\/ro\/coomeet\/\">CooMeet<\/a><\/th>\n<th>Azar<\/th>\n<\/tr>\n<\/thead>\n<tbody>\n<tr>\n<td>Chat video 1 la 1<\/td>\n<td>Da<\/td>\n<td>Da<\/td>\n<td>Da<\/td>\n<td>Da<\/td>\n<td>Da<\/td>\n<\/tr>\n<tr>\n<td>Focus pe Dating<\/td>\n<td>Puternic<\/td>\n<td>Slab<\/td>\n<td>Moderat<\/td>\n<td>Puternic<\/td>\n<td>Slab<\/td>\n<\/tr>\n<tr>\n<td>Utilizare gratuit\u0103<\/td>\n<td>Da<\/td>\n<td>Da<\/td>\n<td>Da<\/td>\n<td>limitat\u0103<\/td>\n<td>Da<\/td>\n<\/tr>\n<tr>\n<td>Filtre de gen<\/td>\n<td>Pl\u0103tite<\/td>\n<td>Nu<\/td>\n<td>Pl\u0103tite<\/td>\n<td>Pl\u0103tite<\/td>\n<td>Pl\u0103tite<\/td>\n<\/tr>\n<tr>\n<td>\u00cenregistrare necesar\u0103<\/td>\n<td>Da<\/td>\n<td>Op\u021bional<\/td>\n<td>Nu<\/td>\n<td>Da<\/td>\n<td>Da<\/td>\n<\/tr>\n<tr>\n<td>Potrivire \u00een timp real<\/td>\n<td>Da<\/td>\n<td>Da<\/td>\n<td>Da<\/td>\n<td>Da<\/td>\n<td>Da<\/td>\n<\/tr>\n<tr>\n<td>Siguran\u021ba comunitar\u0103<\/td>\n<td>Moderat<\/td>\n<td>Slab<\/td>\n<td>Moderat<\/td>\n<td>Puternic<\/td>\n<td>Moderat<\/td>\n<\/tr>\n<\/tbody>\n<\/table>\n<p>Rezumat: Hoppy ofer\u0103 o abordare mai puternic\u0103 a \u00eent\u00e2lnirii \u00een primul r\u00e2nd \u00een compara\u021bie cu majoritatea aplica\u021biilor video aleatorii, f\u0103r\u0103 a fi complet paywall precum CooMeet. Aceasta p\u0103streaz\u0103 lucrurile spontane, dar semnificative, ceea ce este ideal pentru utilizatorii care caut\u0103 conexiuni reale prin video.<\/p>\n<h2>Avantaje \u0219i dezavantaje<\/h2>\n<p>Avantaje:<\/p>\n<ul>\n<li>Interac\u021biune instantanee fa\u021b\u0103 \u00een fa\u021b\u0103<\/li>\n<li>Focus puternic pe \u00eent\u00e2lniri, nu doar chat ocazional<\/li>\n<li>Utilizare gratuit\u0103 cu acces generos<\/li>\n<li>Experien\u021b\u0103 optimizat\u0103 pentru mobil<\/li>\n<li>Calitate ridicat\u0103 a coresponden\u021bei prin dublu opt-in<\/li>\n<li>Filtre \u0219i instrumente de siguran\u021b\u0103 disponibile<\/li>\n<\/ul>\n<p>Cons:<\/p>\n<ul>\n<li>Func\u021biile premium pot deveni scumpe<\/li>\n<li>Unii utilizatori pot abuza \u00een continuare de sistem<\/li>\n<li>Num\u0103r limitat de utilizatori \u00een anumite zone orare<\/li>\n<li>Pentru a participa, trebuie s\u0103 fii preg\u0103tit pentru filmare<\/li>\n<\/ul>\n<h2>Cazuri ideale de utilizare<\/h2>\n<p>Hoppy este ideal pentru:<\/p>\n<ul>\n<li>Utilizatorii aplica\u021biilor de dating care doresc s\u0103 sar\u0103 peste mesajele nesf\u00e2r\u0219ite<\/li>\n<li>Singuri care prefer\u0103 chimia \u00een locul fotografiilor<\/li>\n<li>Extroverti\u021bi care se dezvolt\u0103 \u00een conversa\u021bii \u00een direct<\/li>\n<li>Oameni curio\u0219i cu privire la \u00eent\u00e2lnirile rapide moderne prin video<\/li>\n<\/ul>\n<p>Nu este ideal pentru:<\/p>\n<ul>\n<li>Utilizatori c\u0103rora nu le place s\u0103 fie filma\u021bi<\/li>\n<li>Persoane sub 18 ani (strict pentru adul\u021bi)<\/li>\n<li>Cei care caut\u0103 profiluri de matrimoniale sau de \u00eent\u00e2lniri tradi\u021bionale cu ritm lent<\/li>\n<\/ul>\n<p>Hoppy aduce o \u00eentors\u0103tur\u0103 revigorant\u0103 scenei \u00eent\u00e2lnirilor online, pun\u00e2nd interac\u021biunea live, fa\u021b\u0103 \u00een fa\u021b\u0103, \u00een prim plan. \u00cen loc s\u0103 gliseze la nesf\u00e2r\u0219it sau s\u0103 trimit\u0103 mesaje text timp de zile \u00eentregi, utilizatorii primesc instantaneu o prim\u0103 impresie real\u0103 \u0219i decid \u00een c\u00e2teva secunde dac\u0103 exist\u0103 poten\u021bial.<\/p>\n<p>Este rapid, distractiv \u0219i surprinz\u0103tor de autentic. Fie c\u0103 e\u0219ti \u00een c\u0103utarea unui flirt ocazional, a unei \u00eent\u00e2lniri serioase sau doar vrei s\u0103 \u00eent\u00e2lne\u0219ti pe cineva interesant \u00een seara asta, Hoppy ofer\u0103 o modalitate inteligent\u0103 \u0219i accesibil\u0103 de a face ca acest lucru s\u0103 se \u00eent\u00e2mple - nu sunt necesare desc\u0103rc\u0103ri sau biografii ciudate.<\/p>\n<p>Dac\u0103 sunte\u021bi gata s\u0103 renun\u021ba\u021bi la oboseala aplica\u021biilor de \u00eent\u00e2lniri \u0219i s\u0103 \u00eent\u00e2lni\u021bi oameni reali \u00een timp real, Hoppy merit\u0103 neap\u0103rat s\u0103 \u00eencerca\u021bi.<\/p>","protected":false},"excerpt":{"rendered":"<p>In a world of swiping fatigue and endless scrolling through dating profiles, Hoppy brings something different to the table: real-time video chat as the first step to meeting someone new. By blending the fun of random cam-to-cam chats with the intention of dating, Hoppy positions itself somewhere between a dating app and a video matchmaking [&hellip;]<\/p>\n","protected":false},"author":6,"featured_media":0,"parent":0,"menu_order":0,"comment_status":"closed","ping_status":"closed","template":"","meta":{"footnotes":""},"class_list":["post-12887","page","type-page","status-publish","hentry"],"yoast_head":"<!-- This site is optimized with the Yoast SEO plugin v27.4 - https:\/\/yoast.com\/product\/yoast-seo-wordpress\/ -->\n<title>Hoppy - It Takes One Video To Match on StrangerCam.com<\/title>\n<meta name=\"description\" content=\"Like Hoppy? Come chat with more than 5.000.000 strangers on Stranger Cam for Free! Turn on your cam and find new friends &amp; maby a match!\" \/>\n<meta name=\"robots\" content=\"index, follow, max-snippet:-1, max-image-preview:large, max-video-preview:-1\" \/>\n<link rel=\"canonical\" href=\"https:\/\/strangercam.com\/ro\/plin-de-hamei\/\" \/>\n<meta property=\"og:locale\" content=\"ro_RO\" \/>\n<meta property=\"og:type\" content=\"article\" \/>\n<meta property=\"og:title\" content=\"Hoppy - It Takes One Video To Match on StrangerCam.com\" \/>\n<meta property=\"og:description\" content=\"Like Hoppy? Come chat with more than 5.000.000 strangers on Stranger Cam for Free! Turn on your cam and find new friends &amp; maby a match!\" \/>\n<meta property=\"og:url\" content=\"https:\/\/strangercam.com\/ro\/plin-de-hamei\/\" \/>\n<meta property=\"og:site_name\" content=\"Strangercam\" \/>\n<meta property=\"article:publisher\" content=\"https:\/\/www.facebook.com\/strangercam\" \/>\n<meta property=\"og:image\" content=\"https:\/\/strangercam.com\/wp-content\/uploads\/2021\/10\/Untitled-2.png\" \/>\n\t<meta property=\"og:image:width\" content=\"800\" \/>\n\t<meta property=\"og:image:height\" content=\"532\" \/>\n\t<meta property=\"og:image:type\" content=\"image\/png\" \/>\n<meta name=\"twitter:card\" content=\"summary_large_image\" \/>\n<meta name=\"twitter:site\" content=\"@strangercamapp\" \/>\n<meta name=\"twitter:label1\" content=\"Timp estimat pentru citire\" \/>\n\t<meta name=\"twitter:data1\" content=\"6 minute\" \/>\n<script type=\"application\/ld+json\" class=\"yoast-schema-graph\">{\"@context\":\"https:\\\/\\\/schema.org\",\"@graph\":[{\"@type\":\"WebPage\",\"@id\":\"https:\\\/\\\/strangercam.com\\\/hoppy\\\/\",\"url\":\"https:\\\/\\\/strangercam.com\\\/hoppy\\\/\",\"name\":\"Hoppy - It Takes One Video To Match on StrangerCam.com\",\"isPartOf\":{\"@id\":\"https:\\\/\\\/strangercam.com\\\/#website\"},\"datePublished\":\"2025-06-16T12:52:18+00:00\",\"description\":\"Like Hoppy? Come chat with more than 5.000.000 strangers on Stranger Cam for Free! Turn on your cam and find new friends & maby a match!\",\"breadcrumb\":{\"@id\":\"https:\\\/\\\/strangercam.com\\\/hoppy\\\/#breadcrumb\"},\"inLanguage\":\"ro-RO\",\"potentialAction\":[{\"@type\":\"ReadAction\",\"target\":[\"https:\\\/\\\/strangercam.com\\\/hoppy\\\/\"]}]},{\"@type\":\"BreadcrumbList\",\"@id\":\"https:\\\/\\\/strangercam.com\\\/hoppy\\\/#breadcrumb\",\"itemListElement\":[{\"@type\":\"ListItem\",\"position\":1,\"name\":\"Home\",\"item\":\"https:\\\/\\\/strangercam.com\\\/\"},{\"@type\":\"ListItem\",\"position\":2,\"name\":\"Hoppy\"}]},{\"@type\":\"WebSite\",\"@id\":\"https:\\\/\\\/strangercam.com\\\/#website\",\"url\":\"https:\\\/\\\/strangercam.com\\\/\",\"name\":\"Strangercam\",\"description\":\"Random Video Chat with Strangers\",\"publisher\":{\"@id\":\"https:\\\/\\\/strangercam.com\\\/#organization\"},\"alternateName\":\"Strangercam.com\",\"potentialAction\":[{\"@type\":\"SearchAction\",\"target\":{\"@type\":\"EntryPoint\",\"urlTemplate\":\"https:\\\/\\\/strangercam.com\\\/?s={search_term_string}\"},\"query-input\":{\"@type\":\"PropertyValueSpecification\",\"valueRequired\":true,\"valueName\":\"search_term_string\"}}],\"inLanguage\":\"ro-RO\"},{\"@type\":\"Organization\",\"@id\":\"https:\\\/\\\/strangercam.com\\\/#organization\",\"name\":\"Strangercam\",\"alternateName\":\"Strangercam.com\",\"url\":\"https:\\\/\\\/strangercam.com\\\/\",\"logo\":{\"@type\":\"ImageObject\",\"inLanguage\":\"ro-RO\",\"@id\":\"https:\\\/\\\/strangercam.com\\\/#\\\/schema\\\/logo\\\/image\\\/\",\"url\":\"https:\\\/\\\/strangercam.com\\\/wp-content\\\/uploads\\\/2020\\\/11\\\/cropped-new-favicon-black.png\",\"contentUrl\":\"https:\\\/\\\/strangercam.com\\\/wp-content\\\/uploads\\\/2020\\\/11\\\/cropped-new-favicon-black.png\",\"width\":512,\"height\":512,\"caption\":\"Strangercam\"},\"image\":{\"@id\":\"https:\\\/\\\/strangercam.com\\\/#\\\/schema\\\/logo\\\/image\\\/\"},\"sameAs\":[\"https:\\\/\\\/www.facebook.com\\\/strangercam\",\"https:\\\/\\\/x.com\\\/strangercamapp\"]}]}<\/script>\n<!-- \/ Yoast SEO plugin. -->","yoast_head_json":{"title":"Hoppy - Este nevoie de un videoclip pentru a se potrivi pe StrangerCam.com","description":"\u00ce\u021bi place Hoppy? Vino s\u0103 vorbe\u0219ti cu mai mult de 5.000.000 de str\u0103ini pe Stranger Cam gratuit! Porne\u0219te-\u021bi camera \u0219i g\u0103se\u0219te prieteni noi \u0219i poate o pereche!","robots":{"index":"index","follow":"follow","max-snippet":"max-snippet:-1","max-image-preview":"max-image-preview:large","max-video-preview":"max-video-preview:-1"},"canonical":"https:\/\/strangercam.com\/ro\/plin-de-hamei\/","og_locale":"ro_RO","og_type":"article","og_title":"Hoppy - It Takes One Video To Match on StrangerCam.com","og_description":"Like Hoppy? Come chat with more than 5.000.000 strangers on Stranger Cam for Free! Turn on your cam and find new friends & maby a match!","og_url":"https:\/\/strangercam.com\/ro\/plin-de-hamei\/","og_site_name":"Strangercam","article_publisher":"https:\/\/www.facebook.com\/strangercam","og_image":[{"width":800,"height":532,"url":"https:\/\/strangercam.com\/wp-content\/uploads\/2021\/10\/Untitled-2.png","type":"image\/png"}],"twitter_card":"summary_large_image","twitter_site":"@strangercamapp","twitter_misc":{"Timp estimat pentru citire":"6 minute"},"schema":{"@context":"https:\/\/schema.org","@graph":[{"@type":"WebPage","@id":"https:\/\/strangercam.com\/hoppy\/","url":"https:\/\/strangercam.com\/hoppy\/","name":"Hoppy - Este nevoie de un videoclip pentru a se potrivi pe StrangerCam.com","isPartOf":{"@id":"https:\/\/strangercam.com\/#website"},"datePublished":"2025-06-16T12:52:18+00:00","description":"\u00ce\u021bi place Hoppy? Vino s\u0103 vorbe\u0219ti cu mai mult de 5.000.000 de str\u0103ini pe Stranger Cam gratuit! Porne\u0219te-\u021bi camera \u0219i g\u0103se\u0219te prieteni noi \u0219i poate o pereche!","breadcrumb":{"@id":"https:\/\/strangercam.com\/hoppy\/#breadcrumb"},"inLanguage":"ro-RO","potentialAction":[{"@type":"ReadAction","target":["https:\/\/strangercam.com\/hoppy\/"]}]},{"@type":"BreadcrumbList","@id":"https:\/\/strangercam.com\/hoppy\/#breadcrumb","itemListElement":[{"@type":"ListItem","position":1,"name":"Home","item":"https:\/\/strangercam.com\/"},{"@type":"ListItem","position":2,"name":"Hoppy"}]},{"@type":"WebSite","@id":"https:\/\/strangercam.com\/#website","url":"https:\/\/strangercam.com\/","name":"Strangercam","description":"Chat video aleatoriu cu str\u0103ini","publisher":{"@id":"https:\/\/strangercam.com\/#organization"},"alternateName":"Strangercam.com","potentialAction":[{"@type":"SearchAction","target":{"@type":"EntryPoint","urlTemplate":"https:\/\/strangercam.com\/?s={search_term_string}"},"query-input":{"@type":"PropertyValueSpecification","valueRequired":true,"valueName":"search_term_string"}}],"inLanguage":"ro-RO"},{"@type":"Organization","@id":"https:\/\/strangercam.com\/#organization","name":"Strangercam","alternateName":"Strangercam.com","url":"https:\/\/strangercam.com\/","logo":{"@type":"ImageObject","inLanguage":"ro-RO","@id":"https:\/\/strangercam.com\/#\/schema\/logo\/image\/","url":"https:\/\/strangercam.com\/wp-content\/uploads\/2020\/11\/cropped-new-favicon-black.png","contentUrl":"https:\/\/strangercam.com\/wp-content\/uploads\/2020\/11\/cropped-new-favicon-black.png","width":512,"height":512,"caption":"Strangercam"},"image":{"@id":"https:\/\/strangercam.com\/#\/schema\/logo\/image\/"},"sameAs":["https:\/\/www.facebook.com\/strangercam","https:\/\/x.com\/strangercamapp"]}]}},"_links":{"self":[{"href":"https:\/\/strangercam.com\/ro\/wp-json\/wp\/v2\/pages\/12887","targetHints":{"allow":["GET"]}}],"collection":[{"href":"https:\/\/strangercam.com\/ro\/wp-json\/wp\/v2\/pages"}],"about":[{"href":"https:\/\/strangercam.com\/ro\/wp-json\/wp\/v2\/types\/page"}],"author":[{"embeddable":true,"href":"https:\/\/strangercam.com\/ro\/wp-json\/wp\/v2\/users\/6"}],"replies":[{"embeddable":true,"href":"https:\/\/strangercam.com\/ro\/wp-json\/wp\/v2\/comments?post=12887"}],"version-history":[{"count":2,"href":"https:\/\/strangercam.com\/ro\/wp-json\/wp\/v2\/pages\/12887\/revisions"}],"predecessor-version":[{"id":12889,"href":"https:\/\/strangercam.com\/ro\/wp-json\/wp\/v2\/pages\/12887\/revisions\/12889"}],"wp:attachment":[{"href":"https:\/\/strangercam.com\/ro\/wp-json\/wp\/v2\/media?parent=12887"}],"curies":[{"name":"wp","href":"https:\/\/api.w.org\/{rel}","templated":true}]}}