{"id":12846,"date":"2025-05-14T09:44:05","date_gmt":"2025-05-14T07:44:05","guid":{"rendered":"https:\/\/strangercam.com\/?page_id=12846"},"modified":"2025-05-14T09:44:05","modified_gmt":"2025-05-14T07:44:05","slug":"se-intalnestekip","status":"publish","type":"page","link":"https:\/\/strangercam.com\/ro\/meetskip\/","title":{"rendered":"MeetSkip"},"content":{"rendered":"<p>Pe m\u0103sur\u0103 ce tot mai mul\u021bi oameni caut\u0103 online interac\u021biuni spontane, fa\u021b\u0103 \u00een fa\u021b\u0103, platformele de chat video aleatorii continu\u0103 s\u0103 prospere - \u00een special \u00een era post-Omegle. Unul dintre cele mai noi nume care circul\u0103 este MeetSkip, o platform\u0103 de chat aleatoriu bazat\u0103 pe browser <a href=\"https:\/\/strangercam.com\/ro\/bazoocam\/\">came<\/a> site de chat care ofer\u0103 conexiuni rapide, configurare minim\u0103 \u0219i o experien\u021b\u0103 care aminte\u0219te de primele <a href=\"https:\/\/strangercam.com\/ro\/omegle\/\">Omegle<\/a> zile.<\/p>\n<p>Dar cu zeci de site-uri similare care concureaz\u0103 pentru trafic, cum se compar\u0103 MeetSkip? Este doar o alt\u0103 clon\u0103, sau ofer\u0103 ceva care merit\u0103 timpul dumneavoastr\u0103?<\/p>\n<p>\u00cen aceast\u0103 recenzie, analiz\u0103m \u00een detaliu MeetSkip - ce este, ce ofer\u0103, cui se adreseaz\u0103 \u0219i cum se pozi\u021bioneaz\u0103 fa\u021b\u0103 de concuren\u021b\u0103.<\/p>\n<h2>Ce este MeetSkip?<\/h2>\n<p>MeetSkip este un site de chat video gratuit, anonim \u0219i aleatoriu care conecteaz\u0103 utilizatorii unul la unul prin intermediul camerei web \u0219i al microfonului. Nu necesit\u0103 nicio \u00eenregistrare, nicio desc\u0103rcare \u0219i nicio informa\u021bie personal\u0103. Trebuie doar s\u0103 face\u021bi clic pe \"Start\" \u0219i ve\u021bi fi instantaneu fa\u021b\u0103 \u00een fa\u021b\u0103 cu cineva nou.<\/p>\n<p>Conceptul este simplu - ca Omegle, <a href=\"https:\/\/strangercam.com\/ro\/chatroulette\/\">Chatroulette<\/a>, sau Chatrandom, pune accentul pe \u00eent\u00e2lniri aleatorii \u00een timp real, oferind utilizatorilor posibilitatea de a s\u0103ri sau de a r\u0103m\u00e2ne \u00een func\u021bie de cum se simt cu privire la meciul curent.<\/p>\n<p>Este conceput pentru utilizatorii care doresc conversa\u021bii rapide \u0219i spontane f\u0103r\u0103 a avea nevoie de conturi, aplica\u021bii sau re\u021bele sociale.<\/p>\n<h2>Care este scopul MeetSkip?<\/h2>\n<p>Scopul MeetSkip este de a recrea experien\u021ba de chat video pur\u0103, aleatorie \u0219i anonim\u0103 care a f\u0103cut Omegle popular \u00een primul r\u00e2nd - dar cu o interfa\u021b\u0103 pu\u021bin mai fluid\u0103 \u0219i un suport mai bun pentru dispozitivele moderne.<\/p>\n<p>Este construit pentru:<\/p>\n<ul>\n<li>Persoane c\u0103rora le plac conversa\u021biile spontane prin webcam<\/li>\n<li>Utilizatori care nu doresc s\u0103 se \u00eenregistreze sau s\u0103 creeze profiluri<\/li>\n<li>Vorbitori ocazionali, flirteaz\u0103, c\u0103l\u0103toresc \u0219i \u00eenva\u021b\u0103 limbi str\u0103ine<\/li>\n<li>Oricine este obosit de aplica\u021biile de dating \u0219i caut\u0103 interac\u021biune live<\/li>\n<\/ul>\n<p>Nu exist\u0103 biografii, aprecieri sau func\u021bii de mesagerie. Tu <a href=\"https:\/\/strangercam.com\/ro\/coomeet\/\">\u00eent\u00e2lnire<\/a> cineva, discuta\u021bi, apoi fie trece\u021bi mai departe, fie continua\u021bi s\u0103 vorbi\u021bi. Asta e tot.<\/p>\n<h2>Caracteristici principale<\/h2>\n<p>1. Chat video unu-la-unu<br \/>\nFunc\u021bia de baz\u0103 a MeetSkip este chat-ul rapid \u0219i anonim prin webcam. Odat\u0103 ce camera dvs. \u0219i microfonul sunt permise, sunte\u021bi asociat automat cu un alt utilizator. Dac\u0103 conversa\u021bia nu merge bine, ap\u0103sa\u021bi \"Urm\u0103torul\" \u0219i ve\u021bi fi reconectat instantaneu cu cineva nou.<\/p>\n<p>2. Op\u021biunea chat text<br \/>\nPentru utilizatorii care nu doresc s\u0103 utilizeze o camer\u0103 web sau care se afl\u0103 \u00eentr-un mediu cu l\u0103\u021bime de band\u0103 redus\u0103, MeetSkip ofer\u0103, de asemenea, modul de chat numai text. Acesta poate fi activat cu u\u0219urin\u021b\u0103 \u0219i func\u021bioneaz\u0103 bine pentru conversa\u021bii mai ocazionale sau dac\u0103 doar testa\u021bi apele.<\/p>\n<p>3. Nu este necesar\u0103 \u00eenscrierea<br \/>\nPute\u021bi accesa toate caracteristicile de baz\u0103 ale MeetSkip f\u0103r\u0103 a crea un cont. Este complet anonim - nu trebuie s\u0103 furniza\u021bi un nume, un e-mail sau o adres\u0103 social\u0103. Acest lucru face ca bariera de intrare s\u0103 fie extrem de sc\u0103zut\u0103.<\/p>\n<p>4. Filtre de gen \u0219i loca\u021bie (limitat)<br \/>\nEste disponibil\u0103 o anumit\u0103 filtrare, care v\u0103 permite s\u0103 \u00eencerca\u021bi s\u0103 v\u0103 potrivi\u021bi cu persoane \u00een func\u021bie de sex sau \u021bar\u0103, de\u0219i nu este \u00eentotdeauna fiabil\u0103 \u0219i poate necesita acordarea de permisiuni suplimentare.<\/p>\n<p>5. S\u0103rituri instantanee<br \/>\nFidel numelui s\u0103u, MeetSkip are un buton rapid \"Urm\u0103torul\" care v\u0103 permite s\u0103 trece\u021bi la un nou partener de chat \u00een mai pu\u021bin de o secund\u0103. Aceasta este o parte esen\u021bial\u0103 a atractivit\u0103\u021bii pentru utilizatorii care doresc vitez\u0103 \u0219i varietate.<\/p>\n<p>6. Func\u021bioneaz\u0103 pe browsere desktop \u0219i mobile<br \/>\nMeetSkip ruleaz\u0103 \u00een \u00eentregime \u00een browserul dvs. \u0219i este receptiv pentru mobil, ceea ce \u00eenseamn\u0103 c\u0103 \u00eel pute\u021bi utiliza de pe telefon sau tablet\u0103 f\u0103r\u0103 a instala o aplica\u021bie. De\u0219i este mai bun pe desktop pentru pozi\u021bionarea \u0219i aspectul camerei, experien\u021ba mobil\u0103 este lin\u0103 \u0219i func\u021bional\u0103.<\/p>\n<p>7. Interfa\u021b\u0103 minimal\u0103<br \/>\nInterfa\u021ba cu utilizatorul este simpl\u0103 \u0219i direct\u0103 - un flux video mare, o caset\u0103 de chat de baz\u0103, un buton mute, un buton skip \u0219i o op\u021biune de raportare. Nu exist\u0103 caracteristici ostentative sau artificii sociale.<\/p>\n<h2>MeetSkip este gratuit?<\/h2>\n<p>Da, MeetSkip este 100% liber de utilizat. Nu exist\u0103:<\/p>\n<ul>\n<li>Pere\u021bi de plat\u0103<\/li>\n<li>Credite sau monede<\/li>\n<li>Abonamente VIP<\/li>\n<li>Desc\u0103rca\u021bi instruc\u021biunile<\/li>\n<\/ul>\n<p>De\u0219i MeetSkip poate afi\u0219a reclame pentru a sus\u021bine serviciul, acestea nu sunt \u00een prezent intruzive, iar toate func\u021biile de chat r\u0103m\u00e2n accesibile tuturor.<\/p>\n<h2>Cine utilizeaz\u0103 MeetSkip?<\/h2>\n<p>MeetSkip are o baz\u0103 de utilizatori \u00een cre\u0219tere \u00een mai multe regiuni, \u00een special:<\/p>\n<ul>\n<li>Statele Unite ale Americii<\/li>\n<li>India<\/li>\n<li>Germania<\/li>\n<li>Brazilia<\/li>\n<li>MAREA BRITANIE<\/li>\n<li>Canada<\/li>\n<\/ul>\n<p>Majoritatea utilizatorilor se \u00eencadreaz\u0103 \u00een intervalul de v\u00e2rst\u0103 18-35 de ani \u0219i - ca \u00een cazul majorit\u0103\u021bii platformelor de chat video aleatorii - baza de utilizatori este dominat\u0103 de b\u0103rba\u021bi. Femeile sunt prezente, dar primesc de obicei un num\u0103r mult mai mare de cereri de chat.<\/p>\n<p>Utilizatorii sunt \u00een general \u00een c\u0103utare de:<\/p>\n<ul>\n<li>Conversa\u021bii ocazionale<\/li>\n<li>Interac\u021biuni amuzante, cochete<\/li>\n<li>\u00cent\u00e2lnirea cu str\u0103inii \u00een timp real<\/li>\n<li>Socializare u\u0219oar\u0103 mai degrab\u0103 dec\u00e2t \u00eent\u00e2lniri structurate<\/li>\n<\/ul>\n<p>MeetSkip nu este destinat comunic\u0103rii pe termen lung. Nu exist\u0103 nicio modalitate de a prefera utilizatorii sau de a ad\u0103uga prieteni - este construit \u00een \u00eentregime \u00een jurul ideii de aleatoriu \u0219i impermanen\u021b\u0103.<\/p>\n<h2>Siguran\u021b\u0103, confiden\u021bialitate \u0219i moderare<\/h2>\n<p>Deoarece MeetSkip este anonim, confiden\u021bialitatea este \u00een mod inerent puternic\u0103, dar acest lucru introduce \u0219i probleme de siguran\u021b\u0103.<\/p>\n<h3>Ce face MeetSkip bine:<\/h3>\n<ul>\n<li>F\u0103r\u0103 conturi: Nu trebuie s\u0103 furniza\u021bi informa\u021bii personale pentru a-l utiliza.<\/li>\n<li>Doar chat unu-la-unu: Nu exist\u0103 camere publice sau profiluri.<\/li>\n<li>Nu exist\u0103 conversa\u021bii stocate: Conversa\u021biile nu sunt salvate sau revizuite (de\u0219i comportamentul poate fi monitorizat \u00een timp real).<\/li>\n<li>Buton de raportare: Utilizatorii pot semnala con\u021binutul inadecvat.<\/li>\n<\/ul>\n<h3>Limit\u0103ri:<\/h3>\n<ul>\n<li>Moderarea este redus\u0103: La fel ca multe alte platforme de chat anonime, exist\u0103 o aplicare limitat\u0103 p\u00e2n\u0103 c\u00e2nd abuzul este raportat.<\/li>\n<li>Con\u021binutul neadecvat este posibil: Unii utilizatori abuzeaz\u0103 de platform\u0103, \u00een special noaptea t\u00e2rziu.<\/li>\n<li>Nu exist\u0103 (\u00eenc\u0103) instrumente avansate de moderare AI: Nuditatea \u0219i gesturile jignitoare pot trece neobservate pentru perioade scurte.<\/li>\n<\/ul>\n<p>Ca \u00een cazul oric\u0103rei platforme deschise de chat video, utilizatorii sunt sf\u0103tui\u021bi s\u0103:<\/p>\n<ul>\n<li>Evita\u021bi s\u0103 \u00eemp\u0103rt\u0103\u0219i\u021bi detalii personale<\/li>\n<li>Utiliza\u021bi platforma \u00een timpul orelor de v\u00e2rf pentru o experien\u021b\u0103 mai bun\u0103<\/li>\n<li>S\u0103 ias\u0103 imediat din chat dac\u0103 nu se simt confortabil<\/li>\n<\/ul>\n<h2>Experien\u021ba \u0219i designul utilizatorului<\/h2>\n<p>MeetSkip se concentreaz\u0103 pe vitez\u0103 \u0219i simplitate, iar asta se vede. Din momentul \u00een care \u00eenc\u0103rca\u021bi site-ul, sunte\u021bi la dou\u0103 clicuri distan\u021b\u0103 de un <a href=\"https:\/\/strangercam.com\/ro\/cam-to-cam-chat\/\">cam chat<\/a>. Interfa\u021ba este minim\u0103 - un fundal \u00eentunecat, casete video \u0219i c\u00e2teva butoane. Asta este tot.<\/p>\n<h3>Avantaje ale UX:<\/h3>\n<ul>\n<li>Se \u00eencarc\u0103 rapid chiar \u0219i pe conexiuni lente<\/li>\n<li>F\u0103r\u0103 distrac\u021bii sau dezordine<\/li>\n<li>Fereastr\u0103 video mare pentru interac\u021biune fa\u021b\u0103 \u00een fa\u021b\u0103<\/li>\n<li>Butoanele Urm\u0103torul\/muta\/report sunt vizibile \u00een mod clar<\/li>\n<li>Func\u021bioneaz\u0103 bine at\u00e2t pe Chrome, c\u00e2t \u0219i pe Safari<\/li>\n<\/ul>\n<h3>Posibilit\u0103\u021bi de \u00eembun\u0103t\u0103\u021bire:<\/h3>\n<ul>\n<li>Nu exist\u0103 op\u021biuni de profil, nici m\u0103car op\u021bionale<\/li>\n<li>Filtrele sunt limitate sau nefiabile<\/li>\n<li>Nicio op\u021biune de reconectare cu utilizatorii anteriori<\/li>\n<li>Nu exist\u0103 instrumente de traducere sau lingvistice \u00eencorporate<\/li>\n<\/ul>\n<p>Dar, \u00een general, pentru ceea ce \u00eencearc\u0103 s\u0103 fie - o experien\u021b\u0103 de chat ruleta rapid\u0103, gratuit\u0103 \u0219i simpl\u0103 - experien\u021ba utilizatorului este solid\u0103.<\/p>\n<h2>MeetSkip vs alte platforme de chat<\/h2>\n<p>Cum se compar\u0103 MeetSkip cu unele dintre cele mai mari nume din domeniu?<\/p>\n<table>\n<thead>\n<tr>\n<th>Caracteristic\u0103<\/th>\n<th>MeetSkip<\/th>\n<th>Omegle (\u00eenchis)<\/th>\n<th>Chatroulette<\/th>\n<th>Chatrandom<\/th>\n<th>Emerald Chat<\/th>\n<\/tr>\n<\/thead>\n<tbody>\n<tr>\n<td>Chat video aleatoriu<\/td>\n<td>Da<\/td>\n<td>Da<\/td>\n<td>Da<\/td>\n<td>Da<\/td>\n<td>Da<\/td>\n<\/tr>\n<tr>\n<td>Op\u021biune chat text<\/td>\n<td>Da<\/td>\n<td>Da<\/td>\n<td>Nu<\/td>\n<td>Da<\/td>\n<td>Da<\/td>\n<\/tr>\n<tr>\n<td>Filtre de gen<\/td>\n<td>De baz\u0103<\/td>\n<td>Pl\u0103tit (anterior)<\/td>\n<td>Nu<\/td>\n<td>Pl\u0103tite<\/td>\n<td>Da<\/td>\n<\/tr>\n<tr>\n<td>Compatibilitate mobil\u0103<\/td>\n<td>Bun<\/td>\n<td>Slab\u0103<\/td>\n<td>Slab\u0103<\/td>\n<td>Excelent\u0103<\/td>\n<td>Bun<\/td>\n<\/tr>\n<tr>\n<td>Cont necesar<\/td>\n<td>Nu<\/td>\n<td>Nu<\/td>\n<td>Nu<\/td>\n<td>Op\u021bional<\/td>\n<td>Da<\/td>\n<\/tr>\n<tr>\n<td>Mesagerie privat\u0103<\/td>\n<td>Nu<\/td>\n<td>Nu<\/td>\n<td>Nu<\/td>\n<td>Da<\/td>\n<td>Da<\/td>\n<\/tr>\n<tr>\n<td>Calitatea moder\u0103rii<\/td>\n<td>Lumin\u0103<\/td>\n<td>Minimal\u0103<\/td>\n<td>Slab<\/td>\n<td>Moderat<\/td>\n<td>Puternic<\/td>\n<\/tr>\n<\/tbody>\n<\/table>\n<p>Rezumat: MeetSkip nu reinventeaz\u0103 roata, dar este una dintre op\u021biunile mai curate \u0219i mai bine optimizate disponibile acum - mai ales dac\u0103 sunte\u021bi \u00een c\u0103utarea unei platforme de tip Omegle cu o interfa\u021b\u0103 de utilizator mai stabil\u0103.<\/p>\n<h2>Avantaje \u0219i dezavantaje<\/h2>\n<p>Avantaje:<\/p>\n<ul>\n<li>Complet gratuit \u0219i nu necesit\u0103 \u00eenregistrare<\/li>\n<li>Chat video instantaneu cu persoane necunoscute<\/li>\n<li>Func\u021bioneaz\u0103 bine at\u00e2t pe desktop, c\u00e2t \u0219i pe mobil<\/li>\n<li>Moduri de chat text \u0219i video disponibile<\/li>\n<li>U\u0219oar\u0103, rapid\u0103 \u0219i u\u0219or de utilizat<\/li>\n<li>Anonimatul este p\u0103strat pe tot parcursul<\/li>\n<\/ul>\n<p>Cons:<\/p>\n<ul>\n<li>Op\u021biuni de filtrare de baz\u0103 sau nefiabile<\/li>\n<li>Este posibil s\u0103 apar\u0103 con\u021binut neadecvat<\/li>\n<li>F\u0103r\u0103 caracteristici sociale sau de potrivire<\/li>\n<li>Nu exist\u0103 istoric al utilizatorului sau posibilitatea de a se reconecta<\/li>\n<li>Baz\u0103 de utilizatori format\u0103 \u00een mare parte din b\u0103rba\u021bi<\/li>\n<\/ul>\n<h2>Cazuri ideale de utilizare<\/h2>\n<p>MeetSkip este excelent pentru:<\/p>\n<ul>\n<li>Persoanele care doresc s\u0103 discute aleatoriu cu str\u0103ini, precum Omegle original<\/li>\n<li>Utilizatorii care caut\u0103 o distrac\u021bie social\u0103 rapid\u0103 sau un mod distractiv de a petrece timpul<\/li>\n<li>Oricine nu dore\u0219te s\u0103 se \u00eenregistreze sau s\u0103 descarce o aplica\u021bie<\/li>\n<li>Utilizatori interna\u021bionali care doresc s\u0103 cunoasc\u0103 persoane din alte \u021b\u0103ri<\/li>\n<\/ul>\n<p>Nu este ideal pentru:<\/p>\n<ul>\n<li>Utilizatori care caut\u0103 o experien\u021b\u0103 curat\u0103 de \u00eent\u00e2lnire sau de potrivire<\/li>\n<li>Persoanele care prefer\u0103 camerele de chat de grup sau subiectele de discu\u021bie tematice<\/li>\n<li>Utilizatori mai tineri care nu se simt confortabil navig\u00e2nd prin con\u021binut pentru adul\u021bi<\/li>\n<li>Utilizatorii care doresc conversa\u021bii continue sau func\u021bii de ad\u0103ugare de prieteni<\/li>\n<\/ul>\n<h2>Verdict final<\/h2>\n<p>MeetSkip este una dintre cele mai bune platforme de chat video aleatorii de tip Omegle disponibile. De\u0219i nu ofer\u0103 func\u021bii avansate sau moderare de ultim\u0103 or\u0103, reu\u0219e\u0219te ceea ce \u00ee\u0219i propune: s\u0103 ofere chat fa\u021b\u0103 \u00een fa\u021b\u0103 gratuit, anonim \u0219i instantaneu cu persoane necunoscute din \u00eentreaga lume.<\/p>\n<p>Dac\u0103 sunte\u021bi \u00een c\u0103utarea unui site de cam chat u\u0219or, f\u0103r\u0103 obliga\u021bii, cu agita\u021bie minim\u0103 \u0219i potrivire rapid\u0103, MeetSkip merit\u0103 neap\u0103rat verificat. Nu este cel mai str\u0103lucitor, dar este de \u00eencredere - \u0219i uneori, asta este exact ceea ce caut\u0103 pasiona\u021bii de chat aleatoriu.<\/p>","protected":false},"excerpt":{"rendered":"<p>As more people look for spontaneous, face-to-face interactions online, random video chat platforms continue to thrive \u2014 especially in the post-Omegle era. One of the newer names making the rounds is MeetSkip, a browser-based random cam chat site offering quick connections, minimal setup, and an experience reminiscent of the early Omegle days. But with dozens [&hellip;]<\/p>\n","protected":false},"author":6,"featured_media":0,"parent":0,"menu_order":0,"comment_status":"closed","ping_status":"closed","template":"","meta":{"footnotes":""},"class_list":["post-12846","page","type-page","status-publish","hentry"],"yoast_head":"<!-- This site is optimized with the Yoast SEO plugin v27.4 - https:\/\/yoast.com\/product\/yoast-seo-wordpress\/ -->\n<title>MeetSkip - Free Online Chat Rooms on StrangerCam.com<\/title>\n<meta name=\"description\" content=\"Like MeetSkip? Come chat with more than 5.000.000 strangers on Stranger Cam for Free! Turn on your cam and find new friends &amp; maby a match!\" \/>\n<meta name=\"robots\" content=\"index, follow, max-snippet:-1, max-image-preview:large, max-video-preview:-1\" \/>\n<link rel=\"canonical\" href=\"https:\/\/strangercam.com\/ro\/se-intalnestekip\/\" \/>\n<meta property=\"og:locale\" content=\"ro_RO\" \/>\n<meta property=\"og:type\" content=\"article\" \/>\n<meta property=\"og:title\" content=\"MeetSkip - Free Online Chat Rooms on StrangerCam.com\" \/>\n<meta property=\"og:description\" content=\"Like MeetSkip? Come chat with more than 5.000.000 strangers on Stranger Cam for Free! Turn on your cam and find new friends &amp; maby a match!\" \/>\n<meta property=\"og:url\" content=\"https:\/\/strangercam.com\/ro\/se-intalnestekip\/\" \/>\n<meta property=\"og:site_name\" content=\"Strangercam\" \/>\n<meta property=\"article:publisher\" content=\"https:\/\/www.facebook.com\/strangercam\" \/>\n<meta property=\"og:image\" content=\"https:\/\/strangercam.com\/wp-content\/uploads\/2021\/10\/Untitled-2.png\" \/>\n\t<meta property=\"og:image:width\" content=\"800\" \/>\n\t<meta property=\"og:image:height\" content=\"532\" \/>\n\t<meta property=\"og:image:type\" content=\"image\/png\" \/>\n<meta name=\"twitter:card\" content=\"summary_large_image\" \/>\n<meta name=\"twitter:site\" content=\"@strangercamapp\" \/>\n<meta name=\"twitter:label1\" content=\"Timp estimat pentru citire\" \/>\n\t<meta name=\"twitter:data1\" content=\"6 minute\" \/>\n<script type=\"application\/ld+json\" class=\"yoast-schema-graph\">{\"@context\":\"https:\\\/\\\/schema.org\",\"@graph\":[{\"@type\":\"WebPage\",\"@id\":\"https:\\\/\\\/strangercam.com\\\/meetskip\\\/\",\"url\":\"https:\\\/\\\/strangercam.com\\\/meetskip\\\/\",\"name\":\"MeetSkip - Free Online Chat Rooms on StrangerCam.com\",\"isPartOf\":{\"@id\":\"https:\\\/\\\/strangercam.com\\\/#website\"},\"datePublished\":\"2025-05-14T07:44:05+00:00\",\"description\":\"Like MeetSkip? Come chat with more than 5.000.000 strangers on Stranger Cam for Free! Turn on your cam and find new friends & maby a match!\",\"breadcrumb\":{\"@id\":\"https:\\\/\\\/strangercam.com\\\/meetskip\\\/#breadcrumb\"},\"inLanguage\":\"ro-RO\",\"potentialAction\":[{\"@type\":\"ReadAction\",\"target\":[\"https:\\\/\\\/strangercam.com\\\/meetskip\\\/\"]}]},{\"@type\":\"BreadcrumbList\",\"@id\":\"https:\\\/\\\/strangercam.com\\\/meetskip\\\/#breadcrumb\",\"itemListElement\":[{\"@type\":\"ListItem\",\"position\":1,\"name\":\"Home\",\"item\":\"https:\\\/\\\/strangercam.com\\\/\"},{\"@type\":\"ListItem\",\"position\":2,\"name\":\"MeetSkip\"}]},{\"@type\":\"WebSite\",\"@id\":\"https:\\\/\\\/strangercam.com\\\/#website\",\"url\":\"https:\\\/\\\/strangercam.com\\\/\",\"name\":\"Strangercam\",\"description\":\"Random Video Chat with Strangers\",\"publisher\":{\"@id\":\"https:\\\/\\\/strangercam.com\\\/#organization\"},\"alternateName\":\"Strangercam.com\",\"potentialAction\":[{\"@type\":\"SearchAction\",\"target\":{\"@type\":\"EntryPoint\",\"urlTemplate\":\"https:\\\/\\\/strangercam.com\\\/?s={search_term_string}\"},\"query-input\":{\"@type\":\"PropertyValueSpecification\",\"valueRequired\":true,\"valueName\":\"search_term_string\"}}],\"inLanguage\":\"ro-RO\"},{\"@type\":\"Organization\",\"@id\":\"https:\\\/\\\/strangercam.com\\\/#organization\",\"name\":\"Strangercam\",\"alternateName\":\"Strangercam.com\",\"url\":\"https:\\\/\\\/strangercam.com\\\/\",\"logo\":{\"@type\":\"ImageObject\",\"inLanguage\":\"ro-RO\",\"@id\":\"https:\\\/\\\/strangercam.com\\\/#\\\/schema\\\/logo\\\/image\\\/\",\"url\":\"https:\\\/\\\/strangercam.com\\\/wp-content\\\/uploads\\\/2020\\\/11\\\/cropped-new-favicon-black.png\",\"contentUrl\":\"https:\\\/\\\/strangercam.com\\\/wp-content\\\/uploads\\\/2020\\\/11\\\/cropped-new-favicon-black.png\",\"width\":512,\"height\":512,\"caption\":\"Strangercam\"},\"image\":{\"@id\":\"https:\\\/\\\/strangercam.com\\\/#\\\/schema\\\/logo\\\/image\\\/\"},\"sameAs\":[\"https:\\\/\\\/www.facebook.com\\\/strangercam\",\"https:\\\/\\\/x.com\\\/strangercamapp\"]}]}<\/script>\n<!-- \/ Yoast SEO plugin. -->","yoast_head_json":{"title":"MeetSkip - Camere de chat online gratuite pe StrangerCam.com","description":"\u00ce\u021bi place MeetSkip? Vino s\u0103 vorbe\u0219ti cu mai mult de 5.000.000 de str\u0103ini pe Stranger Cam gratuit! Porne\u0219te-\u021bi camera \u0219i g\u0103se\u0219te prieteni noi \u0219i poate o pereche!","robots":{"index":"index","follow":"follow","max-snippet":"max-snippet:-1","max-image-preview":"max-image-preview:large","max-video-preview":"max-video-preview:-1"},"canonical":"https:\/\/strangercam.com\/ro\/se-intalnestekip\/","og_locale":"ro_RO","og_type":"article","og_title":"MeetSkip - Free Online Chat Rooms on StrangerCam.com","og_description":"Like MeetSkip? Come chat with more than 5.000.000 strangers on Stranger Cam for Free! Turn on your cam and find new friends & maby a match!","og_url":"https:\/\/strangercam.com\/ro\/se-intalnestekip\/","og_site_name":"Strangercam","article_publisher":"https:\/\/www.facebook.com\/strangercam","og_image":[{"width":800,"height":532,"url":"https:\/\/strangercam.com\/wp-content\/uploads\/2021\/10\/Untitled-2.png","type":"image\/png"}],"twitter_card":"summary_large_image","twitter_site":"@strangercamapp","twitter_misc":{"Timp estimat pentru citire":"6 minute"},"schema":{"@context":"https:\/\/schema.org","@graph":[{"@type":"WebPage","@id":"https:\/\/strangercam.com\/meetskip\/","url":"https:\/\/strangercam.com\/meetskip\/","name":"MeetSkip - Camere de chat online gratuite pe StrangerCam.com","isPartOf":{"@id":"https:\/\/strangercam.com\/#website"},"datePublished":"2025-05-14T07:44:05+00:00","description":"\u00ce\u021bi place MeetSkip? Vino s\u0103 vorbe\u0219ti cu mai mult de 5.000.000 de str\u0103ini pe Stranger Cam gratuit! Porne\u0219te-\u021bi camera \u0219i g\u0103se\u0219te prieteni noi \u0219i poate o pereche!","breadcrumb":{"@id":"https:\/\/strangercam.com\/meetskip\/#breadcrumb"},"inLanguage":"ro-RO","potentialAction":[{"@type":"ReadAction","target":["https:\/\/strangercam.com\/meetskip\/"]}]},{"@type":"BreadcrumbList","@id":"https:\/\/strangercam.com\/meetskip\/#breadcrumb","itemListElement":[{"@type":"ListItem","position":1,"name":"Home","item":"https:\/\/strangercam.com\/"},{"@type":"ListItem","position":2,"name":"MeetSkip"}]},{"@type":"WebSite","@id":"https:\/\/strangercam.com\/#website","url":"https:\/\/strangercam.com\/","name":"Strangercam","description":"Chat video aleatoriu cu str\u0103ini","publisher":{"@id":"https:\/\/strangercam.com\/#organization"},"alternateName":"Strangercam.com","potentialAction":[{"@type":"SearchAction","target":{"@type":"EntryPoint","urlTemplate":"https:\/\/strangercam.com\/?s={search_term_string}"},"query-input":{"@type":"PropertyValueSpecification","valueRequired":true,"valueName":"search_term_string"}}],"inLanguage":"ro-RO"},{"@type":"Organization","@id":"https:\/\/strangercam.com\/#organization","name":"Strangercam","alternateName":"Strangercam.com","url":"https:\/\/strangercam.com\/","logo":{"@type":"ImageObject","inLanguage":"ro-RO","@id":"https:\/\/strangercam.com\/#\/schema\/logo\/image\/","url":"https:\/\/strangercam.com\/wp-content\/uploads\/2020\/11\/cropped-new-favicon-black.png","contentUrl":"https:\/\/strangercam.com\/wp-content\/uploads\/2020\/11\/cropped-new-favicon-black.png","width":512,"height":512,"caption":"Strangercam"},"image":{"@id":"https:\/\/strangercam.com\/#\/schema\/logo\/image\/"},"sameAs":["https:\/\/www.facebook.com\/strangercam","https:\/\/x.com\/strangercamapp"]}]}},"_links":{"self":[{"href":"https:\/\/strangercam.com\/ro\/wp-json\/wp\/v2\/pages\/12846","targetHints":{"allow":["GET"]}}],"collection":[{"href":"https:\/\/strangercam.com\/ro\/wp-json\/wp\/v2\/pages"}],"about":[{"href":"https:\/\/strangercam.com\/ro\/wp-json\/wp\/v2\/types\/page"}],"author":[{"embeddable":true,"href":"https:\/\/strangercam.com\/ro\/wp-json\/wp\/v2\/users\/6"}],"replies":[{"embeddable":true,"href":"https:\/\/strangercam.com\/ro\/wp-json\/wp\/v2\/comments?post=12846"}],"version-history":[{"count":1,"href":"https:\/\/strangercam.com\/ro\/wp-json\/wp\/v2\/pages\/12846\/revisions"}],"predecessor-version":[{"id":12847,"href":"https:\/\/strangercam.com\/ro\/wp-json\/wp\/v2\/pages\/12846\/revisions\/12847"}],"wp:attachment":[{"href":"https:\/\/strangercam.com\/ro\/wp-json\/wp\/v2\/media?parent=12846"}],"curies":[{"name":"wp","href":"https:\/\/api.w.org\/{rel}","templated":true}]}}