{"id":12839,"date":"2025-05-14T09:36:44","date_gmt":"2025-05-14T07:36:44","guid":{"rendered":"https:\/\/strangercam.com\/?page_id=12839"},"modified":"2025-05-14T09:36:44","modified_gmt":"2025-05-14T07:36:44","slug":"joi","status":"publish","type":"page","link":"https:\/\/strangercam.com\/ro\/joi\/","title":{"rendered":"Joi"},"content":{"rendered":"<p>Odat\u0103 cu explozia aplica\u021biilor sociale bazate pe video din ultimii ani, nu este surprinz\u0103tor faptul c\u0103 a ap\u0103rut o nou\u0103 genera\u021bie de platforme care faciliteaz\u0103 \u00eent\u00e2lnirile fa\u021b\u0103 \u00een fa\u021b\u0103, \u00een timp real. Dintre acestea, Joi iese \u00een eviden\u021b\u0103 ca o aplica\u021bie mobil\u0103, care ofer\u0103 chat-uri video unu-la-unu rapide cu str\u0103ini din \u00eentreaga lume.<\/p>\n<p>Comercializat ca un \u201cmod distractiv de a <a href=\"https:\/\/strangercam.com\/ro\/coomeet\/\">\u00eent\u00e2lnire<\/a> oameni noi instantaneu\u201d, Joi preia conceptul tradi\u021bional de video aleatoriu <a href=\"https:\/\/strangercam.com\/ro\/chatroulette\/\">chat<\/a> \u0219i o \u00eempacheteaz\u0103 \u00eentr-o experien\u021b\u0103 elegant\u0103, exclusiv prin aplica\u021bie, conceput\u0103 pentru utilizatorii moderni, orienta\u021bi c\u0103tre mobil. Dar ce face ca Joi s\u0103 fie diferit de concuren\u021bi precum Chatspin, <a href=\"https:\/\/strangercam.com\/ro\/monkey-app\/\">Maimu\u021b\u0103<\/a>, Sau LiveMe? \u0218i mai important, este sigur, pl\u0103cut \u0219i merit\u0103 timpul dumneavoastr\u0103?<\/p>\n<p>\u00cen aceast\u0103 recenzie detaliat\u0103, vom explora tot ceea ce trebuie s\u0103 \u0219ti\u021bi despre Joi - cum func\u021bioneaz\u0103, cui se adreseaz\u0103, ce caracteristici ofer\u0103, c\u00e2t cost\u0103 \u0219i cum se compar\u0103 cu alte aplica\u021bii de video chat unu-la-unu \u00een 2025.<\/p>\n<h2>Ce este Joi?<\/h2>\n<p>Joi este o aplica\u021bie de chat video 1 la 1, disponibil\u0103 numai pe mobil, pe iOS \u0219i Android. Aceasta conecteaz\u0103 instantaneu utilizatorii cu persoane necunoscute din \u00eentreaga lume pentru conversa\u021bii video \u00een timp real. Este similar\u0103 \u00een spirit cu aplica\u021bii precum <a href=\"https:\/\/strangercam.com\/ro\/azar-app\/\">Azar<\/a> sau <a href=\"https:\/\/strangercam.com\/ro\/livu\/\">LivU<\/a>, dar cu o interfa\u021b\u0103 mai rafinat\u0103, \u00een stil swipe \u0219i un accent puternic pe potrivirea rapid\u0103, caracteristici premium \u0219i implicarea utilizatorului.<\/p>\n<p>Lansat\u0103 la sf\u00e2r\u0219itul anilor 2010, Joi a devenit \u00een mod constant una dintre cele mai bine cotate aplica\u021bii de video chat din categoria chat aleatoriu, \u00een special \u00een r\u00e2ndul utilizatorilor interesa\u021bi de conexiuni ocazionale, conversa\u021bii cochete sau pur \u0219i simplu s\u0103 petreac\u0103 timpul cu oameni noi.<\/p>\n<p>Spre deosebire de platformele de streaming bazate pe comunitate, Joi este strict unu-la-unu \u0219i se concentreaz\u0103 pe interac\u021biuni scurte, personale - cu op\u021biunea de a continua discu\u021bia dac\u0103 ambii utilizatori sunt de acord.<\/p>\n<h2>Care este scopul lui Joi?<\/h2>\n<p>Misiunea principal\u0103 a Joi este de a conecta utilizatorii \u00een chat-uri video \u00een timp real cu oameni noi din diferite culturi, limbi \u0219i medii. Acesta ofer\u0103 o modalitate f\u0103r\u0103 fric\u021biune de a:<\/p>\n<ul>\n<li>Face\u021bi cuno\u0219tin\u021b\u0103 instantaneu cu str\u0103inii fa\u021b\u0103 \u00een fa\u021b\u0103<\/li>\n<li>Flirta\u021bi sau discuta\u021bi ocazional \u00een camere video private<\/li>\n<li>Descoperi\u021bi oameni din diferite \u021b\u0103ri<\/li>\n<li>Experimenta\u021bi \u00eent\u00e2lniri sociale spontane<\/li>\n<\/ul>\n<p>Nu este o aplica\u021bie de \u00eent\u00e2lniri, nu este o platform\u0103 de transmisie live \u0219i nu este o re\u021bea social\u0103. \u00cen schimb, este construit\u0103 \u00een jurul interac\u021biunilor imediate \u0219i private - asem\u0103n\u0103toare experien\u021bei de a merge la cineva la o petrecere \u0219i de a \u00eencepe o conversa\u021bie.<\/p>\n<h2>Caracteristici principale<\/h2>\n<p>1. Chat video unu-la-unu<br \/>\nAcesta este nucleul aplica\u021biei Joi. Atinge\u021bi pentru a \u00eencepe \u0219i ve\u021bi fi conectat instantaneu la un alt utilizator pentru o conversa\u021bie video privat\u0103, \u00een direct. Pute\u021bi discuta at\u00e2ta timp c\u00e2t doresc ambii utilizatori sau pute\u021bi glisa pentru a trece la urm\u0103toarea persoan\u0103.<\/p>\n<p>2. Glisa\u021bi pentru potrivire<br \/>\nDac\u0103 nu v\u0103 place persoana cu care v\u0103 potrivi\u021bi, glisa\u021bi pentru a s\u0103ri \u0219i pentru a fi conectat la altcineva. Procesul este rapid \u0219i f\u0103r\u0103 cusur, iar algoritmul de potrivire al aplica\u021biei se ajusteaz\u0103 \u00een func\u021bie de preferin\u021be, interac\u021biunile anterioare \u0219i implicarea utilizatorului.<\/p>\n<p>3. Filtre de gen (Premium)<br \/>\nUtilizatorii pot filtra potrivirile \u00een func\u021bie de sex, de\u0219i aceasta este o caracteristic\u0103 pl\u0103tit\u0103. Utilizatorii gratui\u021bi sunt potrivi\u021bi cu oricine, \u00een timp ce utilizatorii premium pot alege s\u0103 se conecteze doar cu femei sau b\u0103rba\u021bi.<\/p>\n<p>4. Filtre de \u021bar\u0103<br \/>\nDe asemenea, pute\u021bi alege s\u0103 v\u0103 potrivi\u021bi cu persoane din anumite \u021b\u0103ri, ceea ce v\u0103 permite fie s\u0103 \u00eent\u00e2lni\u021bi localnici, fie s\u0103 explora\u021bi chat-uri cu persoane din culturi complet diferite.<\/p>\n<p>5. Monede \u0219i achizi\u021bii \u00een aplica\u021bie<br \/>\nJoi func\u021bioneaz\u0103 pe o economie bazat\u0103 pe monede. Utilizatorii pot cump\u0103ra monede \u0219i le pot cheltui pe:<\/p>\n<ul>\n<li>Filtre de gen<\/li>\n<li>Extensii de timp pentru chat<\/li>\n<li>Reconectarea cu un meci anterior<\/li>\n<li>Trimiterea de cadouri sau deblocarea func\u021biilor premium<\/li>\n<\/ul>\n<p>Monedele sunt achizi\u021bionate \u00een pachete prin achizi\u021bii \u00een aplica\u021bie, iar utilizatorii noi primesc adesea monede gratuite pentru \u00eenceput.<\/p>\n<p>6. Traducerea textului<br \/>\nPentru chat-urile interna\u021bionale, Joi include traducere \u00een timp real pentru mesaje, ajut\u00e2nd la eliminarea barierelor lingvistice. Aceast\u0103 caracteristic\u0103 este deosebit de util\u0103 dac\u0103 dori\u021bi s\u0103 v\u0103 conecta\u021bi cu utilizatori din alte \u021b\u0103ri, dar nu vorbi\u021bi aceea\u0219i limb\u0103.<\/p>\n<p>7. Personalizarea profilului<br \/>\nUtilizatorii pot ad\u0103uga o imagine de profil, pot alege un nume de utilizator \u0219i pot completa informa\u021bii de baz\u0103. Cu toate acestea, Joi nu este construit \u00een jurul profilurilor pe termen lung - se concentreaz\u0103 pe conexiuni spontane, \u00een timp real, mai degrab\u0103 dec\u00e2t pe urm\u0103rirea social\u0103 sau pe mesagerie.<\/p>\n<p>8. Instrumente de siguran\u021b\u0103<br \/>\nAplica\u021bia include instrumente de raportare de baz\u0103, posibilitatea de a bloca utilizatorii \u0219i moderare bazat\u0103 pe inteligen\u021b\u0103 artificial\u0103 pentru a semnala comportamentul nepotrivit. De\u0219i nu sunt perfecte, aceste instrumente ofer\u0103 un nivel de protec\u021bie care lipse\u0219te adesea \u00een aplica\u021bii similare.<\/p>\n<h2>Este Joi liber\u0103?<\/h2>\n<p>Joi poate fi desc\u0103rcat gratuit \u0219i pute\u021bi \u00eencepe s\u0103 \u00eel utiliza\u021bi f\u0103r\u0103 s\u0103 pl\u0103ti\u021bi. Cu toate acestea, versiunea gratuit\u0103 este limitat\u0103. Dup\u0103 c\u00e2teva chat-uri sau swipe-uri, ve\u021bi r\u0103m\u00e2ne f\u0103r\u0103 monede \u0219i va trebui fie s\u0103 a\u0219tepta\u021bi, fie s\u0103 urm\u0103ri\u021bi reclame, fie s\u0103 cump\u0103ra\u021bi mai multe.<\/p>\n<p>Modelul de monetizare al aplica\u021biei este construit \u00een jurul achizi\u021biilor \u00een aplica\u021bie, inclusiv:<\/p>\n<ul>\n<li>Pachete de monede (pentru accesarea chat-urilor \u0219i a filtrelor)<\/li>\n<li>Membru VIP (deblocheaz\u0103 filtrele de gen, glisarea nelimitat\u0103, eliminarea reclamei)<\/li>\n<li>Pachete bonus zilnice \u0219i oferte limitate \u00een timp<\/li>\n<\/ul>\n<p>Cu alte cuvinte: Joi este freemium. \u00cel pute\u021bi utiliza gratuit, dar cele mai bune caracteristici - \u0219i accesul constant - necesit\u0103 plat\u0103.<\/p>\n<h2>Cine folose\u0219te Joi?<\/h2>\n<p>Joi are o baz\u0103 larg\u0103 de utilizatori la nivel global, dar este deosebit de popular \u00een r\u00e2ndul:<\/p>\n<ul>\n<li>Tineri adul\u021bi cu v\u00e2rste cuprinse \u00eentre 18 \u0219i 35 de ani<\/li>\n<li>Utilizatori din Statele Unite, India, Orientul Mijlociu, Asia de Sud-Est \u0219i America Latin\u0103<\/li>\n<li>Persoane interesate de flirturi video ocazionale sau de a face prieteni interna\u021bionali<\/li>\n<li>Utilizatorii caut\u0103 conexiuni \u00een timp real \u00een detrimentul con\u021binutului social curatoriat<\/li>\n<\/ul>\n<p>Este important s\u0103 re\u021bine\u021bi c\u0103 Joi este o aplica\u021bie mobil\u0103 \u00een primul r\u00e2nd, astfel \u00eenc\u00e2t baza de utilizatori este format\u0103 din utilizatori de smartphone-uri care se simt confortabil cu chat-ul bazat pe aplica\u021bii \u0219i cu achizi\u021biile \u00een aplica\u021bii.<\/p>\n<p>Raportul de gen tinde s\u0103 fie preponderent masculin, \u00een special \u00een regiunile \u00een care aplica\u021biile de chat aleatorii sunt populare. Femeile de pe platform\u0103 primesc adesea mult mai multe cereri de potrivire, motiv pentru care filtrele de gen sunt blocate \u00een spatele unui paywall.<\/p>\n<h2>Siguran\u021b\u0103, confiden\u021bialitate \u0219i moderare<\/h2>\n<p>Joi include o serie de caracteristici de baz\u0103 pentru \u00eembun\u0103t\u0103\u021birea siguran\u021bei \u0219i reducerea abuzurilor:<\/p>\n<ul>\n<li>Raportarea utilizatorilor: Raporta\u021bi cu u\u0219urin\u021b\u0103 comportamentul inadecvat \u00een timpul unei discu\u021bii.<\/li>\n<li>Blocare: Preveni\u021bi \u00eent\u00e2lnirile viitoare cu o persoan\u0103 cu care nu dori\u021bi s\u0103 mai vorbi\u021bi.<\/li>\n<li>Moderarea AI: Aplica\u021bia utilizeaz\u0103 inteligen\u021ba artificial\u0103 pentru a detecta nuditatea sau gesturile jignitoare.<\/li>\n<li>Doar chat privat: F\u0103r\u0103 camere publice, f\u0103r\u0103 chat-uri de grup - doar apeluri video private, unu-la-unu.<\/li>\n<\/ul>\n<p>Cu toate acestea, ca \u00een cazul oric\u0103rei aplica\u021bii de chat video, unii utilizatori abuzeaz\u0103 de platform\u0103. Joi clarific\u0103 faptul c\u0103 nuditatea sau comportamentul inadecvat nu sunt tolerate, dar moderarea este mai degrab\u0103 reactiv\u0103 dec\u00e2t proactiv\u0103.<\/p>\n<p>Pentru utilizatori, acest lucru \u00eenseamn\u0103:<\/p>\n<ul>\n<li>Nu \u00eemp\u0103rt\u0103\u0219i\u021bi informa\u021bii personale (e-mail, telefon, contacte sociale)<\/li>\n<li>Fi\u021bi preg\u0103ti\u021bi s\u0103 s\u0103ri\u021bi sau s\u0103 raporta\u021bi rapid utilizatorii<\/li>\n<li>Utiliza\u021bi func\u021biile din aplica\u021bie \u00een mod responsabil, \u00een special atunci c\u00e2nd cheltui\u021bi monede<\/li>\n<\/ul>\n<h2>Experien\u021ba \u0219i designul utilizatorului<\/h2>\n<p>Joi str\u0103luce\u0219te \u00een ceea ce prive\u0219te utilitatea \u0219i designul interfe\u021bei. Aplica\u021bia este elegant\u0103, modern\u0103 \u0219i construit\u0103 \u00een mod clar pentru experien\u021ba mobil\u0103 de ast\u0103zi. Potrivirea este rapid\u0103, calitatea video este solid\u0103, iar tranzi\u021bia \u00eentre utilizatori este lin\u0103 \u0219i intuitiv\u0103.<\/p>\n<p>Caracteristicile designului:<\/p>\n<ul>\n<li>Ferestre video mari<\/li>\n<li>Interfa\u021b\u0103 \u00een stil TikTok, glisant\u0103<\/li>\n<li>Meniuri \u0219i pictograme curate<\/li>\n<li>Magazin \u00een aplica\u021bie pentru monede \u0219i upgrade-uri<\/li>\n<li>Traducere live atunci c\u00e2nd este necesar<\/li>\n<\/ul>\n<p>Nu exist\u0103 distrac\u021bii inutile, iar procesul de integrare este rapid. \u00cen 60 de secunde de la instalare, pute\u021bi participa la un chat video - nu sunt necesare s\u0103li de a\u0219teptare sau coduri de verificare.<\/p>\n<p>Aplica\u021bia este disponibil\u0103 pentru:<\/p>\n<ul>\n<li>iOS (iPhone \u0219i iPad)<\/li>\n<li>Smartphone-uri \u0219i tablete Android<\/li>\n<\/ul>\n<p>\u00cen acest moment, nu exist\u0103 o versiune pentru desktop sau browser, consolid\u00e2nd identitatea sa ca experien\u021b\u0103 exclusiv mobil\u0103.<\/p>\n<h2>Joi vs alte aplica\u021bii de chat video 1-la-1<\/h2>\n<p>S\u0103 compar\u0103m Joi cu alte aplica\u021bii populare de chat video unu-la-unu:<\/p>\n<table>\n<thead>\n<tr>\n<th>Caracteristic\u0103<\/th>\n<th>Joi<\/th>\n<th>Azar<\/th>\n<th>LivU<\/th>\n<th>Chatspin<\/th>\n<th>Maimu\u021b\u0103<\/th>\n<\/tr>\n<\/thead>\n<tbody>\n<tr>\n<td>Chat video unu-la-unu<\/td>\n<td>Da<\/td>\n<td>Da<\/td>\n<td>Da<\/td>\n<td>Da<\/td>\n<td>Da<\/td>\n<\/tr>\n<tr>\n<td>Filtru de gen<\/td>\n<td>Pl\u0103tite<\/td>\n<td>Pl\u0103tite<\/td>\n<td>Pl\u0103tite<\/td>\n<td>Pl\u0103tite<\/td>\n<td>limitat\u0103<\/td>\n<\/tr>\n<tr>\n<td>Filtru de \u021bar\u0103<\/td>\n<td>Da<\/td>\n<td>Da<\/td>\n<td>Da<\/td>\n<td>Pl\u0103tite<\/td>\n<td>Nu<\/td>\n<\/tr>\n<tr>\n<td>Numai mobil<\/td>\n<td>Da<\/td>\n<td>Da<\/td>\n<td>Da<\/td>\n<td>Nu<\/td>\n<td>Da<\/td>\n<\/tr>\n<tr>\n<td>Monede \/ Valut\u0103<\/td>\n<td>Da<\/td>\n<td>Da<\/td>\n<td>Da<\/td>\n<td>Nu<\/td>\n<td>Nu<\/td>\n<\/tr>\n<tr>\n<td>Traducerea textului<\/td>\n<td>Da<\/td>\n<td>Da<\/td>\n<td>Da<\/td>\n<td>Nu<\/td>\n<td>Nu<\/td>\n<\/tr>\n<tr>\n<td>Chat de grup<\/td>\n<td>Nu<\/td>\n<td>Nu<\/td>\n<td>Nu<\/td>\n<td>Nu<\/td>\n<td>Da<\/td>\n<\/tr>\n<tr>\n<td>Monetizarea aplica\u021biilor<\/td>\n<td>Agresiv<\/td>\n<td>Moderat<\/td>\n<td>Moderat<\/td>\n<td>Moderat<\/td>\n<td>Sc\u0103zut<\/td>\n<\/tr>\n<\/tbody>\n<\/table>\n<p>Rezumat: Joi este cel mai bun pentru utilizatorii care doresc o experien\u021b\u0103 video doar pe mobil \u0219i care nu se sup\u0103r\u0103 s\u0103 cheltuiasc\u0103 pu\u021bin pentru filtre premium \u0219i un control mai bun al potrivirilor.<\/p>\n<h2>Avantaje \u0219i dezavantaje<\/h2>\n<p>Avantaje:<\/p>\n<ul>\n<li>Chat video instantaneu, privat, unul la unul<\/li>\n<li>Interfa\u021b\u0103 elegant\u0103, modern\u0103, cu \u00eenc\u0103rcare rapid\u0103<\/li>\n<li>Traducerea \u00een timp real ajut\u0103 la chat-urile globale<\/li>\n<li>Baza de utilizatori activ\u0103, interna\u021bional\u0103<\/li>\n<li>Profil op\u021bional \u0219i design u\u0219or de utilizat<\/li>\n<li>Optimizat pentru mobil \u0219i u\u0219or de utilizat<\/li>\n<\/ul>\n<p>Cons:<\/p>\n<ul>\n<li>Multe caracteristici blocate \u00een spatele achizi\u021biilor \u00een aplica\u021bie<\/li>\n<li>Raport masculin-feminin ridicat<\/li>\n<li>Se pot \u00eent\u00e2lni comportamente inadecvate \u00een ciuda moder\u0103rii<\/li>\n<li>F\u0103r\u0103 acces la desktop<\/li>\n<li>F\u0103r\u0103 chat de grup sau caracteristici comunitare<\/li>\n<\/ul>\n<h2>Cazuri ideale de utilizare<\/h2>\n<p>Joi este ideal pentru:<\/p>\n<ul>\n<li>Utilizatori care doresc chat-uri video spontane, private<\/li>\n<li>Persoane deschise flirtului ocazional sau \u00eent\u00e2lnirii cu str\u0103ini \u00een timp real<\/li>\n<li>C\u0103l\u0103tori sau expatria\u021bi care doresc s\u0103 intre \u00een contact cu persoane din alte culturi<\/li>\n<li>Oricine se bucur\u0103 de o conversa\u021bie fa\u021b\u0103 \u00een fa\u021b\u0103 \u00een loc de text<\/li>\n<\/ul>\n<p>Nu este ideal pentru:<\/p>\n<ul>\n<li>Utilizatori care doresc acces gratuit nelimitat<\/li>\n<li>Cei care caut\u0103 \u00eent\u00e2lniri sau rela\u021bii pe termen lung<\/li>\n<li>Oameni care nu se simt confortabil cu modelele de tarifare freemium<\/li>\n<li>Utilizatorii care prefer\u0103 platformele desktop sau comunit\u0103\u021bile de grup<\/li>\n<\/ul>\n<h2>Verdict final<\/h2>\n<p>Joi este una dintre cele mai bune aplica\u021bii de chat video unu-la-unu disponibile pe mobil \u00een 2025. Cu interfa\u021ba sa curat\u0103, potrivire instantanee \u0219i acoperire interna\u021bional\u0103, aceasta ofer\u0103 o modalitate rapid\u0103, cochet\u0103 \u0219i flexibil\u0103 de a intra \u00een contact cu str\u0103inii - indiferent dac\u0103 sunte\u021bi \u00een c\u0103utarea distrac\u021biei, a prieteniei sau a ceva intermediar.<\/p>\n<p>Sistemul de monede \u0219i filtrele premium pot frustra unii utilizatori, \u00een special pe cei obi\u0219nui\u021bi cu platformele complet gratuite. Dar pentru cei care nu se sup\u0103r\u0103 s\u0103 cheltuiasc\u0103 c\u00e2\u021biva dolari pentru un control mai bun \u0219i o experien\u021b\u0103 mai fluid\u0103, Joi merit\u0103 neap\u0103rat \u00eencercat.<\/p>\n<p>Dac\u0103 dori\u021bi conversa\u021bii video spontane, \u00een timp real, din palm\u0103, Joi v\u0103 ofer\u0103 experien\u021ba cu vitez\u0103, rafinament \u0219i acoperire global\u0103.<\/p>","protected":false},"excerpt":{"rendered":"<p>With the explosion of video-based social apps over the past few years, it\u2019s no surprise that a new generation of platforms has emerged to facilitate real-time, face-to-face encounters. Among these, Joi stands out as a mobile-first, swipe-driven app that delivers fast-paced, one-on-one video chats with strangers from around the world. Marketed as a \u201cfun way [&hellip;]<\/p>\n","protected":false},"author":6,"featured_media":0,"parent":0,"menu_order":0,"comment_status":"closed","ping_status":"closed","template":"","meta":{"footnotes":""},"class_list":["post-12839","page","type-page","status-publish","hentry"],"yoast_head":"<!-- This site is optimized with the Yoast SEO plugin v27.4 - https:\/\/yoast.com\/product\/yoast-seo-wordpress\/ -->\n<title>Joi - 1 on 1 Video Chat App on StrangerCam.com<\/title>\n<meta name=\"description\" content=\"Like Joi? Come chat with more than 5.000.000 strangers on Stranger Cam for Free! Turn on your cam and find new friends &amp; maby a match!\" \/>\n<meta name=\"robots\" content=\"index, follow, max-snippet:-1, max-image-preview:large, max-video-preview:-1\" \/>\n<link rel=\"canonical\" href=\"https:\/\/strangercam.com\/ro\/joi\/\" \/>\n<meta property=\"og:locale\" content=\"ro_RO\" \/>\n<meta property=\"og:type\" content=\"article\" \/>\n<meta property=\"og:title\" content=\"Joi - 1 on 1 Video Chat App on StrangerCam.com\" \/>\n<meta property=\"og:description\" content=\"Like Joi? Come chat with more than 5.000.000 strangers on Stranger Cam for Free! Turn on your cam and find new friends &amp; maby a match!\" \/>\n<meta property=\"og:url\" content=\"https:\/\/strangercam.com\/ro\/joi\/\" \/>\n<meta property=\"og:site_name\" content=\"Strangercam\" \/>\n<meta property=\"article:publisher\" content=\"https:\/\/www.facebook.com\/strangercam\" \/>\n<meta property=\"og:image\" content=\"https:\/\/strangercam.com\/wp-content\/uploads\/2021\/10\/Untitled-2.png\" \/>\n\t<meta property=\"og:image:width\" content=\"800\" \/>\n\t<meta property=\"og:image:height\" content=\"532\" \/>\n\t<meta property=\"og:image:type\" content=\"image\/png\" \/>\n<meta name=\"twitter:card\" content=\"summary_large_image\" \/>\n<meta name=\"twitter:site\" content=\"@strangercamapp\" \/>\n<meta name=\"twitter:label1\" content=\"Timp estimat pentru citire\" \/>\n\t<meta name=\"twitter:data1\" content=\"7 minute\" \/>\n<script type=\"application\/ld+json\" class=\"yoast-schema-graph\">{\"@context\":\"https:\\\/\\\/schema.org\",\"@graph\":[{\"@type\":\"WebPage\",\"@id\":\"https:\\\/\\\/strangercam.com\\\/joi\\\/\",\"url\":\"https:\\\/\\\/strangercam.com\\\/joi\\\/\",\"name\":\"Joi - 1 on 1 Video Chat App on StrangerCam.com\",\"isPartOf\":{\"@id\":\"https:\\\/\\\/strangercam.com\\\/#website\"},\"datePublished\":\"2025-05-14T07:36:44+00:00\",\"description\":\"Like Joi? Come chat with more than 5.000.000 strangers on Stranger Cam for Free! Turn on your cam and find new friends & maby a match!\",\"breadcrumb\":{\"@id\":\"https:\\\/\\\/strangercam.com\\\/joi\\\/#breadcrumb\"},\"inLanguage\":\"ro-RO\",\"potentialAction\":[{\"@type\":\"ReadAction\",\"target\":[\"https:\\\/\\\/strangercam.com\\\/joi\\\/\"]}]},{\"@type\":\"BreadcrumbList\",\"@id\":\"https:\\\/\\\/strangercam.com\\\/joi\\\/#breadcrumb\",\"itemListElement\":[{\"@type\":\"ListItem\",\"position\":1,\"name\":\"Home\",\"item\":\"https:\\\/\\\/strangercam.com\\\/\"},{\"@type\":\"ListItem\",\"position\":2,\"name\":\"Joi\"}]},{\"@type\":\"WebSite\",\"@id\":\"https:\\\/\\\/strangercam.com\\\/#website\",\"url\":\"https:\\\/\\\/strangercam.com\\\/\",\"name\":\"Strangercam\",\"description\":\"Random Video Chat with Strangers\",\"publisher\":{\"@id\":\"https:\\\/\\\/strangercam.com\\\/#organization\"},\"alternateName\":\"Strangercam.com\",\"potentialAction\":[{\"@type\":\"SearchAction\",\"target\":{\"@type\":\"EntryPoint\",\"urlTemplate\":\"https:\\\/\\\/strangercam.com\\\/?s={search_term_string}\"},\"query-input\":{\"@type\":\"PropertyValueSpecification\",\"valueRequired\":true,\"valueName\":\"search_term_string\"}}],\"inLanguage\":\"ro-RO\"},{\"@type\":\"Organization\",\"@id\":\"https:\\\/\\\/strangercam.com\\\/#organization\",\"name\":\"Strangercam\",\"alternateName\":\"Strangercam.com\",\"url\":\"https:\\\/\\\/strangercam.com\\\/\",\"logo\":{\"@type\":\"ImageObject\",\"inLanguage\":\"ro-RO\",\"@id\":\"https:\\\/\\\/strangercam.com\\\/#\\\/schema\\\/logo\\\/image\\\/\",\"url\":\"https:\\\/\\\/strangercam.com\\\/wp-content\\\/uploads\\\/2020\\\/11\\\/cropped-new-favicon-black.png\",\"contentUrl\":\"https:\\\/\\\/strangercam.com\\\/wp-content\\\/uploads\\\/2020\\\/11\\\/cropped-new-favicon-black.png\",\"width\":512,\"height\":512,\"caption\":\"Strangercam\"},\"image\":{\"@id\":\"https:\\\/\\\/strangercam.com\\\/#\\\/schema\\\/logo\\\/image\\\/\"},\"sameAs\":[\"https:\\\/\\\/www.facebook.com\\\/strangercam\",\"https:\\\/\\\/x.com\\\/strangercamapp\"]}]}<\/script>\n<!-- \/ Yoast SEO plugin. -->","yoast_head_json":{"title":"Joi - Aplica\u021bie de chat video 1 la 1 pe StrangerCam.com","description":"\u00ce\u021bi place Joi? Vino s\u0103 vorbe\u0219ti cu mai mult de 5.000.000 de str\u0103ini pe Stranger Cam Gratuit! Porne\u0219te-\u021bi camera \u0219i g\u0103se\u0219te prieteni noi \u0219i poate o pereche!","robots":{"index":"index","follow":"follow","max-snippet":"max-snippet:-1","max-image-preview":"max-image-preview:large","max-video-preview":"max-video-preview:-1"},"canonical":"https:\/\/strangercam.com\/ro\/joi\/","og_locale":"ro_RO","og_type":"article","og_title":"Joi - 1 on 1 Video Chat App on StrangerCam.com","og_description":"Like Joi? Come chat with more than 5.000.000 strangers on Stranger Cam for Free! Turn on your cam and find new friends & maby a match!","og_url":"https:\/\/strangercam.com\/ro\/joi\/","og_site_name":"Strangercam","article_publisher":"https:\/\/www.facebook.com\/strangercam","og_image":[{"width":800,"height":532,"url":"https:\/\/strangercam.com\/wp-content\/uploads\/2021\/10\/Untitled-2.png","type":"image\/png"}],"twitter_card":"summary_large_image","twitter_site":"@strangercamapp","twitter_misc":{"Timp estimat pentru citire":"7 minute"},"schema":{"@context":"https:\/\/schema.org","@graph":[{"@type":"WebPage","@id":"https:\/\/strangercam.com\/joi\/","url":"https:\/\/strangercam.com\/joi\/","name":"Joi - Aplica\u021bie de chat video 1 la 1 pe StrangerCam.com","isPartOf":{"@id":"https:\/\/strangercam.com\/#website"},"datePublished":"2025-05-14T07:36:44+00:00","description":"\u00ce\u021bi place Joi? Vino s\u0103 vorbe\u0219ti cu mai mult de 5.000.000 de str\u0103ini pe Stranger Cam Gratuit! Porne\u0219te-\u021bi camera \u0219i g\u0103se\u0219te prieteni noi \u0219i poate o pereche!","breadcrumb":{"@id":"https:\/\/strangercam.com\/joi\/#breadcrumb"},"inLanguage":"ro-RO","potentialAction":[{"@type":"ReadAction","target":["https:\/\/strangercam.com\/joi\/"]}]},{"@type":"BreadcrumbList","@id":"https:\/\/strangercam.com\/joi\/#breadcrumb","itemListElement":[{"@type":"ListItem","position":1,"name":"Home","item":"https:\/\/strangercam.com\/"},{"@type":"ListItem","position":2,"name":"Joi"}]},{"@type":"WebSite","@id":"https:\/\/strangercam.com\/#website","url":"https:\/\/strangercam.com\/","name":"Strangercam","description":"Chat video aleatoriu cu str\u0103ini","publisher":{"@id":"https:\/\/strangercam.com\/#organization"},"alternateName":"Strangercam.com","potentialAction":[{"@type":"SearchAction","target":{"@type":"EntryPoint","urlTemplate":"https:\/\/strangercam.com\/?s={search_term_string}"},"query-input":{"@type":"PropertyValueSpecification","valueRequired":true,"valueName":"search_term_string"}}],"inLanguage":"ro-RO"},{"@type":"Organization","@id":"https:\/\/strangercam.com\/#organization","name":"Strangercam","alternateName":"Strangercam.com","url":"https:\/\/strangercam.com\/","logo":{"@type":"ImageObject","inLanguage":"ro-RO","@id":"https:\/\/strangercam.com\/#\/schema\/logo\/image\/","url":"https:\/\/strangercam.com\/wp-content\/uploads\/2020\/11\/cropped-new-favicon-black.png","contentUrl":"https:\/\/strangercam.com\/wp-content\/uploads\/2020\/11\/cropped-new-favicon-black.png","width":512,"height":512,"caption":"Strangercam"},"image":{"@id":"https:\/\/strangercam.com\/#\/schema\/logo\/image\/"},"sameAs":["https:\/\/www.facebook.com\/strangercam","https:\/\/x.com\/strangercamapp"]}]}},"_links":{"self":[{"href":"https:\/\/strangercam.com\/ro\/wp-json\/wp\/v2\/pages\/12839","targetHints":{"allow":["GET"]}}],"collection":[{"href":"https:\/\/strangercam.com\/ro\/wp-json\/wp\/v2\/pages"}],"about":[{"href":"https:\/\/strangercam.com\/ro\/wp-json\/wp\/v2\/types\/page"}],"author":[{"embeddable":true,"href":"https:\/\/strangercam.com\/ro\/wp-json\/wp\/v2\/users\/6"}],"replies":[{"embeddable":true,"href":"https:\/\/strangercam.com\/ro\/wp-json\/wp\/v2\/comments?post=12839"}],"version-history":[{"count":1,"href":"https:\/\/strangercam.com\/ro\/wp-json\/wp\/v2\/pages\/12839\/revisions"}],"predecessor-version":[{"id":12840,"href":"https:\/\/strangercam.com\/ro\/wp-json\/wp\/v2\/pages\/12839\/revisions\/12840"}],"wp:attachment":[{"href":"https:\/\/strangercam.com\/ro\/wp-json\/wp\/v2\/media?parent=12839"}],"curies":[{"name":"wp","href":"https:\/\/api.w.org\/{rel}","templated":true}]}}