{"id":12815,"date":"2025-04-22T13:50:44","date_gmt":"2025-04-22T11:50:44","guid":{"rendered":"https:\/\/strangercam.com\/?page_id=12815"},"modified":"2025-04-22T13:50:44","modified_gmt":"2025-04-22T11:50:44","slug":"vanachat","status":"publish","type":"page","link":"https:\/\/strangercam.com\/ro\/vanachat\/","title":{"rendered":"VanaChat"},"content":{"rendered":"<p>Lumea videoclipurilor aleatorii <a href=\"https:\/\/strangercam.com\/ro\/chathub\/\">chat<\/a> aplica\u021bii este extrem de competitiv\u0103, cu platforme precum <a href=\"https:\/\/strangercam.com\/ro\/omegle\/\">Omegle<\/a>, <a href=\"https:\/\/strangercam.com\/ro\/chatroulette\/\">Chatroulette<\/a>, iar nume mai noi precum ChatMatch se lupt\u0103 pentru domina\u021bie. Dar, din c\u00e2nd \u00een c\u00e2nd, un nou concurent intr\u0103 \u00een spa\u021biu cu o abordare unic\u0103. VanaChat este unul dintre aceste nume. Pozi\u021bionat undeva \u00eentre un casual <a href=\"https:\/\/strangercam.com\/ro\/bazoocam\/\">came<\/a> site-ul de chat \u0219i o aplica\u021bie social\u0103 u\u0219oar\u0103, VanaChat atrage rapid aten\u021bia - dar merit\u0103 de fapt folosit?<\/p>\n<p>\u00cen aceast\u0103 analiz\u0103 cuprinz\u0103toare, explor\u0103m tot ceea ce ofer\u0103 VanaChat: caracteristicile sale, experien\u021ba utilizatorului, audien\u021ba, instrumentele de siguran\u021b\u0103 \u0219i cum se compar\u0103 cu alte platforme de chat populare.<\/p>\n<h2>Ce este VanaChat?<\/h2>\n<p>VanaChat este o platform\u0103 de chat video aleatorie bazat\u0103 pe browser, care \u00eembin\u0103 conversa\u021biile video tradi\u021bionale unu-la-unu cu func\u021bii u\u0219oare de descoperire social\u0103. Spre deosebire de site-urile mai vechi care se concentreaz\u0103 exclusiv pe caracterul aleatoriu, VanaChat adaug\u0103 un strat social mai modern experien\u021bei - oferind profiluri op\u021bionale, potrivire bazat\u0103 pe interese \u0219i chiar un sistem u\u0219or de reputa\u021bie.<\/p>\n<p>Lansat la mijlocul anilor 2020, VanaChat se prezint\u0103 ca un \u201cspa\u021biu sigur \u0219i prietenos pentru <a href=\"https:\/\/strangercam.com\/ro\/coomeet\/\">\u00eent\u00e2lnire<\/a> oameni noi fa\u021b\u0103 \u00een fa\u021b\u0103\". De\u0219i experien\u021ba de baz\u0103 se bazeaz\u0103 \u00een continuare pe interac\u021biuni instantanee cu necunoscu\u021bi prin intermediul webcam-ului, platforma face un efort pentru a promova un mediu mai respectuos \u0219i mai atractiv.<\/p>\n<h2>Scopul VanaChat<\/h2>\n<p>Scopul principal al VanaChat este de a oferi o experien\u021b\u0103 de chat video aleatorie care s\u0103 par\u0103 mai uman\u0103 \u0219i mai pu\u021bin haotic\u0103. Este conceput\u0103 pentru a fi distractiv\u0103 \u0219i spontan\u0103, dar f\u0103r\u0103 trolling, nuditate \u0219i spam care se g\u0103sesc adesea pe platformele complet anonime.<\/p>\n<p>VanaChat este ideal pentru:<\/p>\n<ul>\n<li>Persoane care doresc s\u0103 cunoasc\u0103 alte persoane fa\u021b\u0103 \u00een fa\u021b\u0103 \u00een timp real<\/li>\n<li>Utilizatori care caut\u0103 conversa\u021bii ocazionale sau noi prietenii<\/li>\n<li>Utilizatori curio\u0219i din punct de vedere social c\u0103rora le place s\u0103 vorbeasc\u0103 cu str\u0103inii, dar care prefer\u0103 s\u0103 aib\u0103 un pic mai mult control asupra persoanelor cu care se conecteaz\u0103<\/li>\n<li>Oricine caut\u0103 o alternativ\u0103 mai sigur\u0103 \u0219i mai modern\u0103 la site-urile de camere video nemoderate<\/li>\n<\/ul>\n<p>Platforma nu este o aplica\u021bie de \u00eent\u00e2lniri \u00een sine, dar accept\u0103 flirtul u\u0219or \u0219i descoperirea social\u0103, \u00een special \u00een r\u00e2ndul adul\u021bilor tineri.<\/p>\n<h2>Caracteristici principale<\/h2>\n<p>1. Chat video unu-la-unu<br \/>\nLa baz\u0103, VanaChat ofer\u0103 chat video rapid \u0219i aleatoriu \u00eentre utilizatori. Un clic \u0219i sunte\u021bi conectat la cineva nou. Fluxurile video sunt receptive, iar aspectul este curat, prioritiz\u00e2nd experien\u021ba fa\u021b\u0103 \u00een fa\u021b\u0103.<\/p>\n<p>2. Potrivirea \u00een func\u021bie de interese<br \/>\nUtilizatorii pot selecta dintr-o list\u0103 de interese - de la filme \u0219i jocuri la limbi str\u0103ine \u0219i stil de via\u021b\u0103 - iar platforma \u00eencearc\u0103 s\u0103 g\u0103seasc\u0103 persoane cu preferin\u021be similare. De\u0219i nu este la fel de profund\u0103 ca aplica\u021biile de dating bazate pe algoritmi, aceasta reduce caracterul aleatoriu \u0219i ajut\u0103 la ini\u021bierea unor conversa\u021bii mai semnificative.<\/p>\n<p>3. Profiluri de utilizator op\u021bionale<br \/>\nPute\u021bi crea un profil de baz\u0103 cu un nume de afi\u0219are, interese \u0219i o scurt\u0103 biografie. De asemenea, pute\u021bi \u00eenc\u0103rca o imagine de profil. De\u0219i profilurile nu sunt obligatorii, utilizatorii cu profiluri complete tind s\u0103 ob\u021bin\u0103 potriviri mai lungi \u0219i mai frecvente.<\/p>\n<p>4. Sistemul de reputa\u021bie<br \/>\nDup\u0103 fiecare discu\u021bie, utilizatorii \u00ee\u0219i pot evalua experien\u021ba. \u00cen timp, acest lucru creeaz\u0103 un scor de reputa\u021bie moale care ajut\u0103 la scoaterea la suprafa\u021b\u0103 a utilizatorilor de calitate mai bun\u0103 \u0219i la respingerea spammerilor sau a trolilor. De\u0219i este \u00eenc\u0103 \u00een versiune beta, acest sistem este promi\u021b\u0103tor \u00een ceea ce prive\u0219te \u00eembun\u0103t\u0103\u021birea vibra\u021biei generale a platformei.<\/p>\n<p>5. Controale de chat \u0219i instrumente de moderare<br \/>\nPute\u021bi s\u0103ri peste utilizatori, s\u0103 \u00eei reduce\u021bi la t\u0103cere, s\u0103 raporta\u021bi un comportament neadecvat \u0219i s\u0103 bloca\u021bi pe oricine cu care nu dori\u021bi s\u0103 mai vorbi\u021bi. Rapoartele sunt revizuite de moderatori, iar sistemul este sus\u021binut de o scanare de baz\u0103 a con\u021binutului de c\u0103tre AI pentru a detecta nuditatea sau comportamentul ofensator.<\/p>\n<p>6. Optimizare desktop \u0219i mobil\u0103<br \/>\nVanaChat func\u021bioneaz\u0103 f\u0103r\u0103 probleme \u00een browserele moderne, at\u00e2t pe desktop, c\u00e2t \u0219i pe mobil. Nu exist\u0103 \u00eenc\u0103 o aplica\u021bie mobil\u0103 dedicat\u0103, dar experien\u021ba browserului mobil este receptiv\u0103 \u0219i intuitiv\u0103. Nu sunt necesare desc\u0103rc\u0103ri.<\/p>\n<p>7. Nu este necesar\u0103 \u00eenregistrarea (dar este \u00eencurajat\u0103)<br \/>\nPute\u021bi \u00eencepe s\u0103 discuta\u021bi f\u0103r\u0103 s\u0103 v\u0103 crea\u021bi un cont, dar \u00eenregistrarea deblocheaz\u0103 func\u021bii suplimentare precum filtrarea intereselor, salvarea profilului \u0219i accesarea scorului de reputa\u021bie.<\/p>\n<h2>Este VanaChat gratuit?<\/h2>\n<p>Da, utilizarea VanaChat este gratuit\u0103 \u0219i pute\u021bi accesa func\u021bionalitatea principal\u0103 de chat video f\u0103r\u0103 a pl\u0103ti un cent. Cu toate acestea, exist\u0103 un plan premium disponibil care deblocheaz\u0103:<\/p>\n<ul>\n<li>Potrivire \u00eembun\u0103t\u0103\u021bit\u0103 \u00een func\u021bie de regiune sau gen<\/li>\n<li>Plasarea prioritar\u0103 \u00een coada de discu\u021bii<\/li>\n<li>O experien\u021b\u0103 f\u0103r\u0103 reclame<\/li>\n<li>Op\u021biuni de personalizare a profilului<\/li>\n<\/ul>\n<p>Nivelul premium are un pre\u021b competitiv, de obicei \u00eentre $6-$10 pe lun\u0103, \u00een func\u021bie de planul de abonament. Pentru majoritatea utilizatorilor, versiunea gratuit\u0103 este perfect func\u021bional\u0103, dar versiunea premium este o valoare bun\u0103 pentru cei care caut\u0103 mai mult control \u0219i un flux de utilizator mai fluid.<\/p>\n<h2>Cine utilizeaz\u0103 VanaChat?<\/h2>\n<p>VanaChat are o baz\u0103 de utilizatori \u00een cre\u0219tere \u00een mai multe regiuni cheie:<\/p>\n<ul>\n<li>Statele Unite ale Americii<\/li>\n<li>Canada<\/li>\n<li>Regatul Unit<\/li>\n<li>Germania<\/li>\n<li>Brazilia<\/li>\n<li>India<\/li>\n<\/ul>\n<p>Majoritatea utilizatorilor au v\u00e2rste cuprinse \u00eentre 18 \u0219i 34 de ani, cu un mix destul de divers de genuri \u0219i medii. \u00cen timp ce majoritatea folosesc platforma pentru distrac\u021bie \u0219i conversa\u021bii ocazionale, o parte semnificativ\u0103 a utilizatorilor par cu adev\u0103rat interesa\u021bi s\u0103 \u00ee\u0219i fac\u0103 prieteni sau s\u0103 g\u0103seasc\u0103 persoane cu interese comune.<\/p>\n<p>VanaChat este deosebit de popular printre:<\/p>\n<ul>\n<li>Studen\u021bi de colegiu<\/li>\n<li>Tineri profesioni\u0219ti<\/li>\n<li>Nomazi digitali \u0219i expatria\u021bi care doresc s\u0103 cunoasc\u0103 oameni \u00een locuri noi<\/li>\n<li>cursan\u021bii de limbi str\u0103ine care doresc s\u0103 exerseze cu vorbitori nativi<\/li>\n<\/ul>\n<h2>Siguran\u021b\u0103, confiden\u021bialitate \u0219i moderare<\/h2>\n<p>Platformele de chat online se lupt\u0103 adesea cu siguran\u021ba \u0219i moderarea, dar VanaChat ia problema \u00een serios. Iat\u0103 cum:<\/p>\n<ul>\n<li>Monitorizare bazat\u0103 pe inteligen\u021b\u0103 artificial\u0103: Platforma utilizeaz\u0103 \u00eenv\u0103\u021barea automat\u0103 pentru a detecta automat nuditatea sau gesturile jignitoare din fluxurile video. De\u0219i nu este perfect\u0103, aceasta reduce expunerea la con\u021binut explicit.<\/li>\n<li>Rapoartele utilizatorilor \u0219i moderarea: Fiecare discu\u021bie se \u00eencheie cu o solicitare de feedback, iar rapoartele sunt revizuite \u00een termen de 24 de ore.<\/li>\n<li>Reputa\u021bie \u0219i sistem de evaluare: Ajut\u0103 la filtrarea utilizatorilor problematici \u0219i la promovarea unui comportament mai respectuos \u00een timp.<\/li>\n<li>Nu sunt necesare informa\u021bii personale: Nu vi se solicit\u0103 numere de telefon sau e-mailuri dec\u00e2t dac\u0103 v\u0103 \u00eenregistra\u021bi (\u0219i chiar \u0219i atunci, este op\u021bional).<\/li>\n<\/ul>\n<p>VanaChat nu colecteaz\u0103 date excesive \u0219i permite utilizatorilor s\u0103 r\u0103m\u00e2n\u0103 c\u00e2t de anonimi doresc. Cu toate acestea, utilizatorii ar trebui s\u0103 dea dovad\u0103 de bun sim\u021b - nu \u00eemp\u0103rt\u0103\u0219i\u021bi detalii personale, nu face\u021bi clic pe linkuri \u0219i nu intra\u021bi \u00een contact cu utilizatori care v\u0103 fac s\u0103 v\u0103 sim\u021bi\u021bi inconfortabil.<\/p>\n<h2>Experien\u021ba \u0219i designul utilizatorului<\/h2>\n<p>Interfa\u021ba VanaChat este extrem de modern\u0103. Platforma este curat\u0103 din punct de vedere vizual, intuitiv\u0103 \u0219i receptiv\u0103. Navigarea este simpl\u0103: un ecran video mare domin\u0103 interfa\u021ba, iar comenzile de chat \u0219i set\u0103rile sunt bine ascunse \u00een panourile laterale. Nu exist\u0103 bannere aglomerate, pop-up-uri sau reclame enervante care s\u0103 \u00eentrerup\u0103 fluxul.<\/p>\n<p>Estetica general\u0103 este tinereasc\u0103 \u0219i prietenoas\u0103, f\u0103r\u0103 a \u00eencerca prea mult s\u0103 apeleze la o anumit\u0103 categorie demografic\u0103. Se simte ca un produs creat pentru interac\u021biune ocazional\u0103 - nu pentru con\u021binut pentru adul\u021bi \u0219i nu pentru \u00eent\u00e2lniri - ceea ce \u00eel face o bun\u0103 solu\u021bie de mijloc.<\/p>\n<p>Timpii de \u00eenc\u0103rcare a paginilor sunt rapizi, calitatea video este solid\u0103, iar tranzi\u021biile \u00eentre chat-uri sunt fluide \u0219i f\u0103r\u0103 \u00eent\u00e2rzieri \u00een majoritatea cazurilor. Pe mobil, platforma se simte aproape ca o aplica\u021bie \u00een ceea ce prive\u0219te viteza \u0219i utilitatea, ceea ce este impresionant pentru o experien\u021b\u0103 bazat\u0103 pe browser.<\/p>\n<h2>VanaChat vs alte platforme de chat<\/h2>\n<p>S\u0103 arunc\u0103m o privire la modul \u00een care VanaChat se compar\u0103 cu alte platforme de top:<\/p>\n<table>\n<thead>\n<tr>\n<th>Caracteristic\u0103<\/th>\n<th>VanaChat<\/th>\n<th>Omegle<\/th>\n<th>ChatMatch<\/th>\n<th>Chatspin<\/th>\n<th>Emerald Chat<\/th>\n<\/tr>\n<\/thead>\n<tbody>\n<tr>\n<td>Chat video<\/td>\n<td>Da<\/td>\n<td>Da<\/td>\n<td>Da<\/td>\n<td>Da<\/td>\n<td>Da<\/td>\n<\/tr>\n<tr>\n<td>Potrivirea intereselor<\/td>\n<td>Da<\/td>\n<td>Nu<\/td>\n<td>Da<\/td>\n<td>Da<\/td>\n<td>Da<\/td>\n<\/tr>\n<tr>\n<td>Profiluri (op\u021bional)<\/td>\n<td>Da<\/td>\n<td>Nu<\/td>\n<td>Op\u021bional<\/td>\n<td>Op\u021bional<\/td>\n<td>Da<\/td>\n<\/tr>\n<tr>\n<td>Sistemul de reputa\u021bie<\/td>\n<td>Da<\/td>\n<td>Nu<\/td>\n<td>Nu<\/td>\n<td>Nu<\/td>\n<td>Da<\/td>\n<\/tr>\n<tr>\n<td>Filtre de gen\/regiune<\/td>\n<td>Pl\u0103tite<\/td>\n<td>Pl\u0103tite<\/td>\n<td>Pl\u0103tite<\/td>\n<td>Gratuit\/pl\u0103tit<\/td>\n<td>Da<\/td>\n<\/tr>\n<tr>\n<td>Optimizat pentru mobil<\/td>\n<td>Da<\/td>\n<td>Moderat<\/td>\n<td>Da<\/td>\n<td>Excelent\u0103<\/td>\n<td>Bun<\/td>\n<\/tr>\n<tr>\n<td>Instrumente de moderare<\/td>\n<td>Puternic<\/td>\n<td>Slab<\/td>\n<td>Moderat<\/td>\n<td>Bun<\/td>\n<td>Puternic<\/td>\n<\/tr>\n<tr>\n<td>\u00cenregistrare necesar\u0103<\/td>\n<td>Nu<\/td>\n<td>Nu<\/td>\n<td>Op\u021bional<\/td>\n<td>Op\u021bional<\/td>\n<td>Da<\/td>\n<\/tr>\n<\/tbody>\n<\/table>\n<h2>Avantaje \u0219i dezavantaje<\/h2>\n<p>Avantaje:<\/p>\n<ul>\n<li>Utilizare gratuit\u0103, f\u0103r\u0103 a fi necesar\u0103 autentificarea<\/li>\n<li>Interfa\u021b\u0103 curat\u0103, modern\u0103, cu performan\u021b\u0103 rapid\u0103<\/li>\n<li>Potrivirea bazat\u0103 pe interese \u00eembun\u0103t\u0103\u021be\u0219te calitatea conversa\u021biei<\/li>\n<li>Sistemul de reputa\u021bie recompenseaz\u0103 comportamentul bun<\/li>\n<li>Profiluri op\u021bionale f\u0103r\u0103 a fi intruzive<\/li>\n<li>Moderare activ\u0103 \u0219i scanarea con\u021binutului<\/li>\n<li>Mobile-friendly f\u0103r\u0103 a fi nevoie de o aplica\u021bie<\/li>\n<\/ul>\n<p>Cons:<\/p>\n<ul>\n<li>Baz\u0103 de utilizatori mai mic\u0103 dec\u00e2t platformele precum Omegle<\/li>\n<li>Filtrele de gen \u0219i regiune necesit\u0103 prim\u0103<\/li>\n<li>Este \u00eenc\u0103 supus unui comportament ocazional inadecvat<\/li>\n<li>Nu exist\u0103 translator \u00eencorporat pentru chat-urile interna\u021bionale<\/li>\n<li>Nu exist\u0103 \u00eenc\u0103 chat de grup sau caracteristici multi-utilizator<\/li>\n<\/ul>\n<h2>Cazuri ideale de utilizare<\/h2>\n<p>VanaChat este perfect pentru:<\/p>\n<ul>\n<li>Persoane c\u0103rora le place chat-ul video unu-la-unu cu un pic mai mult\u0103 structur\u0103<\/li>\n<li>Utilizatori care caut\u0103 conversa\u021bii spontane, dar respectuoase<\/li>\n<li>Socializare ocazional\u0103, flirturi u\u0219oare \u0219i \u00eent\u00e2lnirea cu oameni noi la nivel global<\/li>\n<li>Cei c\u0103rora nu le place haosul de pe platformele nemodificate precum Omegle<\/li>\n<\/ul>\n<p>Nu este ideal pentru:<\/p>\n<ul>\n<li>Utilizatorii se a\u0219teapt\u0103 la un nivel de curatoriat sau potrivire la nivelul aplica\u021biilor de \u00eent\u00e2lniri<\/li>\n<li>Cei care caut\u0103 chat-uri de grup sau camere de chat bazate pe subiecte<\/li>\n<li>Persoanele care prefer\u0103 interac\u021biunile pur anonime, doar prin text<\/li>\n<\/ul>\n<h2>Verdict final<\/h2>\n<p>VanaChat este o adi\u021bie r\u0103coritoare la peisajul video chat. Acesta combin\u0103 imediate\u021bea platformelor de chat aleatorii cu c\u00e2teva \u00eembun\u0103t\u0103\u021biri moderne - filtre de interes, sisteme de reputa\u021bie \u0219i profiluri op\u021bionale - care fac experien\u021ba mai pl\u0103cut\u0103 \u0219i mai u\u0219or de utilizat.<\/p>\n<p>Pentru cei care s-au s\u0103turat de robo\u021bi, troli sau surprize NSFW pe alte site-uri, VanaChat ofer\u0103 o experien\u021b\u0103 mai curat\u0103, mai prietenoas\u0103 \u0219i mai uman\u0103. Este posibil s\u0103 nu aib\u0103 un volum de utilizatori la fel de mare ca platformele cu nume mari, dar ceea ce \u00eei lipse\u0219te la scar\u0103, compenseaz\u0103 prin calitate.<\/p>\n<p>Dac\u0103 dori\u021bi s\u0103 discuta\u021bi cu necunoscu\u021bi, s\u0103 v\u0103 face\u021bi prieteni sau doar s\u0103 v\u0103 petrece\u021bi timpul \u00eentr-un mod mai social, VanaChat merit\u0103 neap\u0103rat verificat.<\/p>","protected":false},"excerpt":{"rendered":"<p>The world of random video chat apps is highly competitive, with platforms like Omegle, Chatroulette, and newer names like ChatMatch fighting for dominance. But every now and then, a new contender enters the space with a unique approach. VanaChat is one of those names. Positioned somewhere between a casual cam chat site and a lightweight [&hellip;]<\/p>\n","protected":false},"author":6,"featured_media":0,"parent":0,"menu_order":0,"comment_status":"closed","ping_status":"closed","template":"","meta":{"footnotes":""},"class_list":["post-12815","page","type-page","status-publish","hentry"],"yoast_head":"<!-- This site is optimized with the Yoast SEO plugin v27.4 - https:\/\/yoast.com\/product\/yoast-seo-wordpress\/ -->\n<title>VanaChat - Live video chat with girls on StrangerCam.com<\/title>\n<meta name=\"description\" content=\"Like VanaChat? Come chat with more than 5.000.000 strangers on Stranger Cam for Free! Turn on your cam and find new friends &amp; maby a match!\" \/>\n<meta name=\"robots\" content=\"index, follow, max-snippet:-1, max-image-preview:large, max-video-preview:-1\" \/>\n<link rel=\"canonical\" href=\"https:\/\/strangercam.com\/ro\/vanachat\/\" \/>\n<meta property=\"og:locale\" content=\"ro_RO\" \/>\n<meta property=\"og:type\" content=\"article\" \/>\n<meta property=\"og:title\" content=\"VanaChat - Live video chat with girls on StrangerCam.com\" \/>\n<meta property=\"og:description\" content=\"Like VanaChat? Come chat with more than 5.000.000 strangers on Stranger Cam for Free! Turn on your cam and find new friends &amp; maby a match!\" \/>\n<meta property=\"og:url\" content=\"https:\/\/strangercam.com\/ro\/vanachat\/\" \/>\n<meta property=\"og:site_name\" content=\"Strangercam\" \/>\n<meta property=\"article:publisher\" content=\"https:\/\/www.facebook.com\/strangercam\" \/>\n<meta property=\"og:image\" content=\"https:\/\/strangercam.com\/wp-content\/uploads\/2021\/10\/Untitled-2.png\" \/>\n\t<meta property=\"og:image:width\" content=\"800\" \/>\n\t<meta property=\"og:image:height\" content=\"532\" \/>\n\t<meta property=\"og:image:type\" content=\"image\/png\" \/>\n<meta name=\"twitter:card\" content=\"summary_large_image\" \/>\n<meta name=\"twitter:site\" content=\"@strangercamapp\" \/>\n<meta name=\"twitter:label1\" content=\"Timp estimat pentru citire\" \/>\n\t<meta name=\"twitter:data1\" content=\"7 minute\" \/>\n<script type=\"application\/ld+json\" class=\"yoast-schema-graph\">{\"@context\":\"https:\\\/\\\/schema.org\",\"@graph\":[{\"@type\":\"WebPage\",\"@id\":\"https:\\\/\\\/strangercam.com\\\/vanachat\\\/\",\"url\":\"https:\\\/\\\/strangercam.com\\\/vanachat\\\/\",\"name\":\"VanaChat - Live video chat with girls on StrangerCam.com\",\"isPartOf\":{\"@id\":\"https:\\\/\\\/strangercam.com\\\/#website\"},\"datePublished\":\"2025-04-22T11:50:44+00:00\",\"description\":\"Like VanaChat? Come chat with more than 5.000.000 strangers on Stranger Cam for Free! Turn on your cam and find new friends & maby a match!\",\"breadcrumb\":{\"@id\":\"https:\\\/\\\/strangercam.com\\\/vanachat\\\/#breadcrumb\"},\"inLanguage\":\"ro-RO\",\"potentialAction\":[{\"@type\":\"ReadAction\",\"target\":[\"https:\\\/\\\/strangercam.com\\\/vanachat\\\/\"]}]},{\"@type\":\"BreadcrumbList\",\"@id\":\"https:\\\/\\\/strangercam.com\\\/vanachat\\\/#breadcrumb\",\"itemListElement\":[{\"@type\":\"ListItem\",\"position\":1,\"name\":\"Home\",\"item\":\"https:\\\/\\\/strangercam.com\\\/\"},{\"@type\":\"ListItem\",\"position\":2,\"name\":\"VanaChat\"}]},{\"@type\":\"WebSite\",\"@id\":\"https:\\\/\\\/strangercam.com\\\/#website\",\"url\":\"https:\\\/\\\/strangercam.com\\\/\",\"name\":\"Strangercam\",\"description\":\"Random Video Chat with Strangers\",\"publisher\":{\"@id\":\"https:\\\/\\\/strangercam.com\\\/#organization\"},\"alternateName\":\"Strangercam.com\",\"potentialAction\":[{\"@type\":\"SearchAction\",\"target\":{\"@type\":\"EntryPoint\",\"urlTemplate\":\"https:\\\/\\\/strangercam.com\\\/?s={search_term_string}\"},\"query-input\":{\"@type\":\"PropertyValueSpecification\",\"valueRequired\":true,\"valueName\":\"search_term_string\"}}],\"inLanguage\":\"ro-RO\"},{\"@type\":\"Organization\",\"@id\":\"https:\\\/\\\/strangercam.com\\\/#organization\",\"name\":\"Strangercam\",\"alternateName\":\"Strangercam.com\",\"url\":\"https:\\\/\\\/strangercam.com\\\/\",\"logo\":{\"@type\":\"ImageObject\",\"inLanguage\":\"ro-RO\",\"@id\":\"https:\\\/\\\/strangercam.com\\\/#\\\/schema\\\/logo\\\/image\\\/\",\"url\":\"https:\\\/\\\/strangercam.com\\\/wp-content\\\/uploads\\\/2020\\\/11\\\/cropped-new-favicon-black.png\",\"contentUrl\":\"https:\\\/\\\/strangercam.com\\\/wp-content\\\/uploads\\\/2020\\\/11\\\/cropped-new-favicon-black.png\",\"width\":512,\"height\":512,\"caption\":\"Strangercam\"},\"image\":{\"@id\":\"https:\\\/\\\/strangercam.com\\\/#\\\/schema\\\/logo\\\/image\\\/\"},\"sameAs\":[\"https:\\\/\\\/www.facebook.com\\\/strangercam\",\"https:\\\/\\\/x.com\\\/strangercamapp\"]}]}<\/script>\n<!-- \/ Yoast SEO plugin. -->","yoast_head_json":{"title":"VanaChat - Chat video live cu fete pe StrangerCam.com","description":"\u00ce\u021bi place VanaChat? Vino s\u0103 vorbe\u0219ti cu mai mult de 5.000.000 de str\u0103ini pe Stranger Cam gratuit! Porne\u0219te-\u021bi camera \u0219i g\u0103se\u0219te prieteni noi \u0219i poate o pereche!","robots":{"index":"index","follow":"follow","max-snippet":"max-snippet:-1","max-image-preview":"max-image-preview:large","max-video-preview":"max-video-preview:-1"},"canonical":"https:\/\/strangercam.com\/ro\/vanachat\/","og_locale":"ro_RO","og_type":"article","og_title":"VanaChat - Live video chat with girls on StrangerCam.com","og_description":"Like VanaChat? Come chat with more than 5.000.000 strangers on Stranger Cam for Free! Turn on your cam and find new friends & maby a match!","og_url":"https:\/\/strangercam.com\/ro\/vanachat\/","og_site_name":"Strangercam","article_publisher":"https:\/\/www.facebook.com\/strangercam","og_image":[{"width":800,"height":532,"url":"https:\/\/strangercam.com\/wp-content\/uploads\/2021\/10\/Untitled-2.png","type":"image\/png"}],"twitter_card":"summary_large_image","twitter_site":"@strangercamapp","twitter_misc":{"Timp estimat pentru citire":"7 minute"},"schema":{"@context":"https:\/\/schema.org","@graph":[{"@type":"WebPage","@id":"https:\/\/strangercam.com\/vanachat\/","url":"https:\/\/strangercam.com\/vanachat\/","name":"VanaChat - Chat video live cu fete pe StrangerCam.com","isPartOf":{"@id":"https:\/\/strangercam.com\/#website"},"datePublished":"2025-04-22T11:50:44+00:00","description":"\u00ce\u021bi place VanaChat? Vino s\u0103 vorbe\u0219ti cu mai mult de 5.000.000 de str\u0103ini pe Stranger Cam gratuit! Porne\u0219te-\u021bi camera \u0219i g\u0103se\u0219te prieteni noi \u0219i poate o pereche!","breadcrumb":{"@id":"https:\/\/strangercam.com\/vanachat\/#breadcrumb"},"inLanguage":"ro-RO","potentialAction":[{"@type":"ReadAction","target":["https:\/\/strangercam.com\/vanachat\/"]}]},{"@type":"BreadcrumbList","@id":"https:\/\/strangercam.com\/vanachat\/#breadcrumb","itemListElement":[{"@type":"ListItem","position":1,"name":"Home","item":"https:\/\/strangercam.com\/"},{"@type":"ListItem","position":2,"name":"VanaChat"}]},{"@type":"WebSite","@id":"https:\/\/strangercam.com\/#website","url":"https:\/\/strangercam.com\/","name":"Strangercam","description":"Chat video aleatoriu cu str\u0103ini","publisher":{"@id":"https:\/\/strangercam.com\/#organization"},"alternateName":"Strangercam.com","potentialAction":[{"@type":"SearchAction","target":{"@type":"EntryPoint","urlTemplate":"https:\/\/strangercam.com\/?s={search_term_string}"},"query-input":{"@type":"PropertyValueSpecification","valueRequired":true,"valueName":"search_term_string"}}],"inLanguage":"ro-RO"},{"@type":"Organization","@id":"https:\/\/strangercam.com\/#organization","name":"Strangercam","alternateName":"Strangercam.com","url":"https:\/\/strangercam.com\/","logo":{"@type":"ImageObject","inLanguage":"ro-RO","@id":"https:\/\/strangercam.com\/#\/schema\/logo\/image\/","url":"https:\/\/strangercam.com\/wp-content\/uploads\/2020\/11\/cropped-new-favicon-black.png","contentUrl":"https:\/\/strangercam.com\/wp-content\/uploads\/2020\/11\/cropped-new-favicon-black.png","width":512,"height":512,"caption":"Strangercam"},"image":{"@id":"https:\/\/strangercam.com\/#\/schema\/logo\/image\/"},"sameAs":["https:\/\/www.facebook.com\/strangercam","https:\/\/x.com\/strangercamapp"]}]}},"_links":{"self":[{"href":"https:\/\/strangercam.com\/ro\/wp-json\/wp\/v2\/pages\/12815","targetHints":{"allow":["GET"]}}],"collection":[{"href":"https:\/\/strangercam.com\/ro\/wp-json\/wp\/v2\/pages"}],"about":[{"href":"https:\/\/strangercam.com\/ro\/wp-json\/wp\/v2\/types\/page"}],"author":[{"embeddable":true,"href":"https:\/\/strangercam.com\/ro\/wp-json\/wp\/v2\/users\/6"}],"replies":[{"embeddable":true,"href":"https:\/\/strangercam.com\/ro\/wp-json\/wp\/v2\/comments?post=12815"}],"version-history":[{"count":2,"href":"https:\/\/strangercam.com\/ro\/wp-json\/wp\/v2\/pages\/12815\/revisions"}],"predecessor-version":[{"id":12817,"href":"https:\/\/strangercam.com\/ro\/wp-json\/wp\/v2\/pages\/12815\/revisions\/12817"}],"wp:attachment":[{"href":"https:\/\/strangercam.com\/ro\/wp-json\/wp\/v2\/media?parent=12815"}],"curies":[{"name":"wp","href":"https:\/\/api.w.org\/{rel}","templated":true}]}}