{"id":12812,"date":"2025-04-22T13:45:21","date_gmt":"2025-04-22T11:45:21","guid":{"rendered":"https:\/\/strangercam.com\/?page_id=12812"},"modified":"2025-04-22T13:45:21","modified_gmt":"2025-04-22T11:45:21","slug":"chatmatch","status":"publish","type":"page","link":"https:\/\/strangercam.com\/ro\/chatmatch\/","title":{"rendered":"ChatMatch"},"content":{"rendered":"<p>Ca online <a href=\"https:\/\/strangercam.com\/ro\/chathub\/\">chat<\/a> devine din ce \u00een ce mai aglomerat, platformele se \u00eentrec pentru a ie\u0219i \u00een eviden\u021b\u0103 cu func\u021bii mai inteligente, design mai curat \u0219i experien\u021be mai bune pentru utilizatori. O platform\u0103 care \u00eencepe s\u0103 \u00ee\u0219i fac\u0103 un nume este ChatMatch - un serviciu de chat video aleatoriu bazat pe web care se bazeaz\u0103 pe potrivirea algoritmic\u0103 \u0219i interac\u021biunea \u00een timp real, f\u0103r\u0103 a compromite simplitatea.<\/p>\n<p>Dar este ChatMatch doar o alt\u0103 fa\u021b\u0103 \u00een mul\u021bime, sau aduce ceva nou la mas\u0103? \u00cen aceast\u0103 recenzie detaliat\u0103, v\u0103 prezent\u0103m tot ce trebuie s\u0103 \u0219ti\u021bi despre ChatMatch: cum func\u021bioneaz\u0103, pentru cine este, ce ofer\u0103 \u0219i dac\u0103 merit\u0103 s\u0103 v\u0103 pierde\u021bi timpul \u00een peisajul actual al aplica\u021biilor de chat video aleatorii.<\/p>\n<h2>Ce este ChatMatch?<\/h2>\n<p>ChatMatch este o platform\u0103 online care conecteaz\u0103 str\u0103ini prin chat video, cu o \u00eentors\u0103tur\u0103 - \u00een loc s\u0103 fie complet aleatoriu, cum ar fi <a href=\"https:\/\/strangercam.com\/ro\/omegle\/\">Omegle<\/a> sau <a href=\"https:\/\/strangercam.com\/ro\/chatroulette\/\">Chatroulette<\/a>, ChatMatch introduce caracteristici inteligente de potrivire care \u00eencearc\u0103 s\u0103 \u00eemperecheze utilizatorii pe baza intereselor comune, a loca\u021biei sau a preferin\u021belor de gen.<\/p>\n<p>Lansat la \u00eenceputul anilor 2020, ChatMatch \u0219i-a creat \u00eencet o baz\u0103 fidel\u0103 de utilizatori care caut\u0103 ceva mai inten\u021bionat dec\u00e2t o simpl\u0103 \u00eent\u00e2mplare. Acesta ofer\u0103 o experien\u021b\u0103 bazat\u0103 \u00een primul r\u00e2nd pe webcam, destinat\u0103 persoanelor care doresc s\u0103 stabileasc\u0103 leg\u0103turi reale, fie pentru prietenie, flirt ocazional sau chiar \u00eent\u00e2lniri.<\/p>\n<p>De\u0219i nu este o aplica\u021bie de \u00eent\u00e2lniri cu drepturi depline, ChatMatch se situeaz\u0103 la grani\u021ba dintre chat-ul video instant \u0219i combinarea u\u0219oar\u0103, ceea ce o face ideal\u0103 pentru utilizatorii care doresc s\u0103 mearg\u0103 dincolo de discu\u021biile m\u0103runte f\u0103r\u0103 sens.<\/p>\n<h2>Care este scopul ChatMatch?<\/h2>\n<p>Scopul principal al ChatMatch este de a crea interac\u021biuni mai semnificative \u00een lumea chat-ului video online. Spre deosebire de platformele tradi\u021bionale, unde utilizatorii sunt potrivi\u021bi \u00een \u00eentregime la \u00eent\u00e2mplare - ceea ce duce adesea la nepotriviri sau conversa\u021bii de scurt\u0103 durat\u0103 - ChatMatch \u00eencearc\u0103 s\u0103 v\u0103 ofere o \u0219ans\u0103 mai mare de a g\u0103si pe cineva cu care sunte\u021bi cu adev\u0103rat interesat s\u0103 vorbi\u021bi.<\/p>\n<p>Este construit pentru:<\/p>\n<ul>\n<li>Oameni care doresc conexiuni rapide, live, cu o fa\u021b\u0103 uman\u0103<\/li>\n<li>Utilizatorii caut\u0103 experien\u021be semi-curate f\u0103r\u0103 profiluri de dating complete<\/li>\n<li>Persoane obosite de troli, robo\u021bi sau pur orientate c\u0103tre adul\u021bi <a href=\"https:\/\/strangercam.com\/ro\/bazoocam\/\">came<\/a> site-uri<\/li>\n<li>Oricine este deschis la socializare ocazional\u0103, flirturi u\u0219oare sau \u00eent\u00e2lniri poten\u021biale<\/li>\n<\/ul>\n<h2>Caracteristici principale<\/h2>\n<p>1. Potrivire video instantanee<br \/>\nNucleul ChatMatch este chat-ul video aleatoriu, \u00een care sunte\u021bi asociat instantaneu cu un alt utilizator. Interfa\u021ba este elegant\u0103 \u0219i modern\u0103, cu suport pentru video HD \u0219i audio clar. Spre deosebire de platformele mai vechi, ChatMatch nu pare \u00eenvechit sau greoi.<\/p>\n<p>2. Potrivirea preferin\u021belor<br \/>\nAcesta este punctul \u00een care ChatMatch se diferen\u021biaz\u0103. Utilizatorii pot selecta preferin\u021be bazate pe:<\/p>\n<ul>\n<li>Sexul (b\u0103rbat, femeie sau toat\u0103 lumea)<\/li>\n<li>Regiune sau limb\u0103<\/li>\n<li>Interese comune (alese dintr-o list\u0103 de etichete sau categorii)<\/li>\n<\/ul>\n<p>Aceste filtre nu sunt perfecte, dar ajut\u0103 la reducerea num\u0103rului de potriviri complet irelevante \u0219i conduc la conversa\u021bii mai bune.<\/p>\n<p>3. Suport pentru chat text<br \/>\nNu sunte\u021bi preg\u0103ti\u021bi s\u0103 merge\u021bi imediat pe camer\u0103? Nicio problem\u0103. ChatMatch include o op\u021biune \u00eencorporat\u0103 de chat text care func\u021bioneaz\u0103 al\u0103turi de video, permi\u021b\u00e2nd utilizatorilor s\u0103 sparg\u0103 ghea\u021ba prin mesaje \u00eenainte de a se angaja complet fa\u021b\u0103 \u00een fa\u021b\u0103.<\/p>\n<p>4. Sistemul de conturi \u0219i profiluri (op\u021bional)<br \/>\nSpre deosebire de platforme precum Omegle, ChatMatch v\u0103 permite s\u0103 v\u0103 crea\u021bi op\u021bional un profil. Pute\u021bi \u00eenc\u0103rca o imagine de prezentare, pute\u021bi selecta interesele \u0219i chiar v\u0103 pute\u021bi conecta la Instagram (dac\u0103 v\u0103 sim\u021bi\u021bi confortabil). Crearea unui profil este op\u021bional\u0103, dar existen\u021ba acestuia v\u0103 cre\u0219te \u0219ansele de a fi asociat cu utilizatori similari.<\/p>\n<p>5. Design prietenos pentru dispozitive mobile<br \/>\nChatMatch este complet optimizat pentru mobil. Se \u00eencarc\u0103 rapid, se adapteaz\u0103 la ecrane mai mici \u0219i men\u021bine func\u021bionalitatea pe majoritatea dispozitivelor. De\u0219i nu exist\u0103 \u00eenc\u0103 o aplica\u021bie de sine st\u0103t\u0103toare, experien\u021ba browserului mobil este lin\u0103 \u0219i accesibil\u0103.<\/p>\n<p>6. Moderarea \u0219i raportarea utilizatorilor<br \/>\nPlatforma are instrumente de moderare integrate, inclusiv:<\/p>\n<ul>\n<li>Un buton de raportare a comportamentului inadecvat<\/li>\n<li>O func\u021bie bloc<\/li>\n<li>Detectarea nudit\u0103\u021bii \u0219i a spam-ului pe baz\u0103 de inteligen\u021b\u0103 artificial\u0103<\/li>\n<\/ul>\n<p>De\u0219i niciun sistem nu este perfect, ChatMatch face o treab\u0103 mai bun\u0103 dec\u00e2t majoritatea pentru a men\u021bine mediul relativ curat \u0219i respectuos.<\/p>\n<h2>ChatMatch este gratuit?<\/h2>\n<p>ChatMatch ofer\u0103 un model freemium.<\/p>\n<p>Utilizatorii gratui\u021bi pot:<\/p>\n<ul>\n<li>Al\u0103tura\u021bi-v\u0103 chat-urilor video aleatorii<\/li>\n<li>Seta\u021bi preferin\u021bele de potrivire de baz\u0103<\/li>\n<li>Utiliza\u021bi platforma f\u0103r\u0103 limit\u0103 de timp<\/li>\n<\/ul>\n<p>Utilizatorii pl\u0103ti\u021bi primesc acces la:<\/p>\n<ul>\n<li>Potrivire mai rafinat\u0103 (inclusiv filtre avansate \u00een func\u021bie de \u021bar\u0103, limb\u0103 sau interese)<\/li>\n<li>O func\u021bie de stimulare care v\u0103 pune \u00een fruntea cozii<\/li>\n<li>Experien\u021b\u0103 f\u0103r\u0103 reclame<\/li>\n<li>Insign\u0103 premium \u0219i vizibilitate sporit\u0103<\/li>\n<\/ul>\n<p>Planul premium are un pre\u021b accesibil (de obicei sub $10\/lun\u0103) \u0219i, de\u0219i nu este necesar pentru a beneficia de platform\u0103, este un upgrade bun pentru utilizatorii care doresc meciuri mai bune \u0219i mai pu\u021bine \u00eentreruperi.<\/p>\n<h2>Cine folose\u0219te ChatMatch?<\/h2>\n<p>ChatMatch a atras o baz\u0103 de utilizatori destul de echilibrat\u0103 \u0219i interna\u021bional\u0103. Platforma este popular\u0103 \u00een:<\/p>\n<ul>\n<li>America de Nord<\/li>\n<li>Europa de Vest<\/li>\n<li>Asia de sud-est<\/li>\n<\/ul>\n<p>\u00cen termeni demografici:<\/p>\n<ul>\n<li>Utilizatorii au de obicei v\u00e2rste cuprinse \u00eentre 18 \u0219i 35 de ani<\/li>\n<li>Un raport b\u0103rba\u021bi-femei relativ echilibrat (mai bun dec\u00e2t al multor concuren\u021bi)<\/li>\n<li>Mul\u021bi utilizatori sunt deschi\u0219i \u00eent\u00e2lnirilor ocazionale sau flirtului, \u00een timp ce al\u021bii sunt acolo doar pentru a discuta<\/li>\n<\/ul>\n<p>Aceast\u0103 varietate face parte din farmecul ChatMatch - site-ul reu\u0219e\u0219te s\u0103 fie ocazional f\u0103r\u0103 a fi sordid \u0219i social f\u0103r\u0103 a fi prea serios.<\/p>\n<h2>Siguran\u021b\u0103 \u0219i modera\u021bie<\/h2>\n<p>Platformele de chat online sunt \u00eentotdeauna un sac amestecat atunci c\u00e2nd vine vorba de siguran\u021b\u0103, dar ChatMatch o gestioneaz\u0103 mai bine dec\u00e2t multe.<\/p>\n<p>Iat\u0103 ce face bine:<\/p>\n<ul>\n<li>Filtrare automat\u0103 a con\u021binutului pentru a detecta nuditatea sau con\u021binutul ofensator<\/li>\n<li>Instrumente de raportare \u0219i blocare a utilizatorilor care chiar func\u021bioneaz\u0103<\/li>\n<li>Echipa de moderare activ\u0103 care revizuie\u0219te utilizatorii marca\u021bi<\/li>\n<li>Nu este nevoie s\u0103 partaja\u021bi informa\u021bii personale sau s\u0103 conecta\u021bi conturile sociale, cu excep\u021bia cazului \u00een care alege\u021bi acest lucru<\/li>\n<\/ul>\n<p>Cu toate acestea, la fel ca \u00een cazul oric\u0103rei platforme de chat, utilizatorii trebuie s\u0103 \u00ee\u0219i ia m\u0103surile de precau\u021bie standard:<\/p>\n<ul>\n<li>Nu \u00eemp\u0103rt\u0103\u0219i\u021bi detalii private (e-mail, num\u0103r de telefon, loca\u021bie)<\/li>\n<li>Nu face\u021bi clic pe linkuri suspecte<\/li>\n<li>Utiliza\u021bi cu generozitate func\u021biile de blocare \u0219i raportare<\/li>\n<li>Dac\u0103 sunte\u021bi minor, evita\u021bi platforma - este strict pentru 18+<\/li>\n<\/ul>\n<h2>Experien\u021ba \u0219i interfa\u021ba utilizatorului<\/h2>\n<p>Designul ChatMatch este una dintre cele mai bune caracteristici ale sale. Este elegant, modern \u0219i neaglomerat. Fluxurile video sunt mari, butoanele sunt intuitive, iar set\u0103rile sunt u\u0219or de g\u0103sit. Indiferent dac\u0103 \u00eel utiliza\u021bi de pe desktop sau de pe mobil, aspectul se adapteaz\u0103 bine, cu accent pe p\u0103strarea lucrurilor f\u0103r\u0103 distragere a aten\u021biei.<\/p>\n<p>Timpii de \u00eenc\u0103rcare sunt rapizi, exist\u0103 pu\u021bine \u00eent\u00e2rzieri chiar \u0219i pe conexiunile mai lente \u0219i, \u00een general, platforma pare stabil\u0103 \u0219i construit\u0103 profesional. Nu v\u0103 cople\u0219e\u0219te cu pop-up-uri, notific\u0103ri sau reclame spam - o schimbare r\u0103coritoare fa\u021b\u0103 de multe alte platforme de chat gratuite.<\/p>\n<h2>ChatMatch vs alte platforme de chat<\/h2>\n<p>S\u0103 vedem cum se situeaz\u0103 ChatMatch fa\u021b\u0103 de unii dintre concuren\u021bii s\u0103i populari:<\/p>\n<table>\n<thead>\n<tr>\n<th>Caracteristic\u0103<\/th>\n<th>ChatMatch<\/th>\n<th>Omegle<\/th>\n<th>Chatroulette<\/th>\n<th>Chatspin<\/th>\n<th>Emerald Chat<\/th>\n<\/tr>\n<\/thead>\n<tbody>\n<tr>\n<td>Chat video<\/td>\n<td>Da<\/td>\n<td>Da<\/td>\n<td>Da<\/td>\n<td>Da<\/td>\n<td>Da<\/td>\n<\/tr>\n<tr>\n<td>Potrivirea preferin\u021belor<\/td>\n<td>Da<\/td>\n<td>limitat\u0103<\/td>\n<td>Nu<\/td>\n<td>Da<\/td>\n<td>Da<\/td>\n<\/tr>\n<tr>\n<td>Op\u021biune chat text<\/td>\n<td>Da<\/td>\n<td>Da<\/td>\n<td>Nu<\/td>\n<td>Da<\/td>\n<td>Da<\/td>\n<\/tr>\n<tr>\n<td>\u00cenregistrare necesar\u0103<\/td>\n<td>Op\u021bional<\/td>\n<td>Nu<\/td>\n<td>Nu<\/td>\n<td>Op\u021bional<\/td>\n<td>Da<\/td>\n<\/tr>\n<tr>\n<td>Optimizat pentru mobil<\/td>\n<td>Da<\/td>\n<td>Bun<\/td>\n<td>Corect<\/td>\n<td>Excelent\u0103<\/td>\n<td>Bun<\/td>\n<\/tr>\n<tr>\n<td>Modera\u021bie<\/td>\n<td>Bun<\/td>\n<td>Slab<\/td>\n<td>Minimal\u0103<\/td>\n<td>Moderat<\/td>\n<td>Bun<\/td>\n<\/tr>\n<tr>\n<td>Caracteristici pl\u0103tite<\/td>\n<td>Op\u021bional<\/td>\n<td>Nu<\/td>\n<td>Nu<\/td>\n<td>Da<\/td>\n<td>Da<\/td>\n<\/tr>\n<\/tbody>\n<\/table>\n<p>Dup\u0103 cum arat\u0103 tabelul, ChatMatch echilibreaz\u0103 simplitatea Omegle cu sofisticarea platformelor precum Emerald Chat, oferind o experien\u021b\u0103 hibrid\u0103 care v\u0103 ofer\u0103 ce este mai bun din ambele lumi.<\/p>\n<h2>Avantaje \u0219i dezavantaje<\/h2>\n<p>Avantaje<\/p>\n<ul>\n<li>Interfa\u021b\u0103 curat\u0103 \u0219i modern\u0103<\/li>\n<li>Filtrele de potrivire \u00eembun\u0103t\u0103\u021besc calitatea conversa\u021biei<\/li>\n<li>Profiluri op\u021bionale f\u0103r\u0103 for\u021barea \u00eenscrierii<\/li>\n<li>Mediu mai sigur dec\u00e2t majoritatea platformelor gratuite de chat video<\/li>\n<li>Op\u021biuni de chat text \u0219i video disponibile<\/li>\n<li>Func\u021bioneaz\u0103 bine pe mobil \u0219i pe desktop<\/li>\n<li>Model freemium cu upgrade-uri premium valoroase<\/li>\n<\/ul>\n<p>Contra<\/p>\n<ul>\n<li>Este \u00eenc\u0103 supus unui con\u021binut inadecvat ocazional<\/li>\n<li>Filtrele de gen \u0219i potrivirea intereselor nu sunt perfecte<\/li>\n<li>Nu exist\u0103 \u00eenc\u0103 o aplica\u021bie mobil\u0103 de sine st\u0103t\u0103toare<\/li>\n<li>Baz\u0103 de utilizatori mai mic\u0103 dec\u00e2t Omegle sau Chatroulette<\/li>\n<li>Nu este ideal pentru \u00eent\u00e2lniri pe termen lung sau construirea unei rela\u021bii<\/li>\n<\/ul>\n<h2>Cazuri ideale de utilizare<\/h2>\n<p>ChatMatch este perfect pentru:<\/p>\n<ul>\n<li>Persoane care doresc chat-uri video sociale ocazionale, cu o potrivire mai bun\u0103 dec\u00e2t total aleatorie<\/li>\n<li>Utilizatori care caut\u0103 flirturi u\u0219oare sau conversa\u021bii distractive<\/li>\n<li>Cei care caut\u0103 o alternativ\u0103 mai sigur\u0103 \u0219i mai respectuoas\u0103 la alte platforme de chat video<\/li>\n<li>Oricine dore\u0219te s\u0103 converseze f\u0103r\u0103 a crea un profil complet sau a desc\u0103rca o aplica\u021bie<\/li>\n<\/ul>\n<p>Nu este ideal pentru:<\/p>\n<ul>\n<li>Utilizatori care se a\u0219teapt\u0103 la rela\u021bii profunde sau compatibilitate la nivelul aplica\u021biilor de dating<\/li>\n<li>Persoane care prefer\u0103 chat-uri anonime doar cu text<\/li>\n<li>Cei care caut\u0103 volume masive de utilizatori, cum ar fi pe Omegle<\/li>\n<\/ul>\n<h2>Verdict final<\/h2>\n<p>ChatMatch este una dintre cele mai echilibrate \u0219i bine concepute platforme de video chat disponibile. Face o treab\u0103 bun\u0103 combin\u00e2nd spontaneitatea cu un sentiment de structur\u0103. Fie c\u0103 sunte\u021bi acolo pentru a <a href=\"https:\/\/strangercam.com\/ro\/coomeet\/\">\u00eent\u00e2lnire<\/a> oameni noi, s\u0103 flirtezi sau doar s\u0103 vorbe\u0219ti cu cineva din afara cercului t\u0103u obi\u0219nuit, ofer\u0103 o experien\u021b\u0103 u\u0219oar\u0103, sigur\u0103 \u0219i pl\u0103cut\u0103.<\/p>\n<p>Posibilitatea de a utiliza platforma gratuit, asociat\u0103 cu upgrade-uri utile (dar op\u021bionale), o face accesibil\u0103 tuturor tipurilor de utilizatori. Nu \u00eencearc\u0103 s\u0103 fie un site de \u00eent\u00e2lniri sau o aplica\u021bie de socializare - iar aceast\u0103 claritate a scopului joac\u0103 \u00een favoarea sa.<\/p>\n<h2>Merit\u0103 s\u0103 \u00eencerca\u021bi ChatMatch?<\/h2>\n<p>Absolut. Dac\u0103 a\u021bi fost frustrat de atmosfera haotic\u0103 \u0219i nemoderat\u0103 a platformelor de chat mai vechi, ChatMatch ofer\u0103 o alternativ\u0103 mai bun\u0103. Este modern\u0103, bine construit\u0103 \u0219i v\u0103 ofer\u0103 un pic mai mult control asupra persoanelor cu care discuta\u021bi - f\u0103r\u0103 a ruina spontaneitatea.<\/p>\n<p>Dac\u0103 sunte\u021bi \u00een c\u0103utarea unui mod mai inteligent de a discuta cu str\u0103ini online, ChatMatch merit\u0103 un loc pe radarul dvs.<\/p>","protected":false},"excerpt":{"rendered":"<p>As the online chat space becomes more crowded, platforms are racing to stand out with smarter features, cleaner designs, and better user experiences. One platform that\u2019s starting to make a name for itself is ChatMatch \u2014 a web-based random video chat service that leans into algorithmic matching and real-time interaction without compromising on simplicity. But [&hellip;]<\/p>\n","protected":false},"author":6,"featured_media":0,"parent":0,"menu_order":0,"comment_status":"closed","ping_status":"closed","template":"","meta":{"footnotes":""},"class_list":["post-12812","page","type-page","status-publish","hentry"],"yoast_head":"<!-- This site is optimized with the Yoast SEO plugin v26.9 - https:\/\/yoast.com\/product\/yoast-seo-wordpress\/ -->\n<title>ChatMatch - Live video chat with girls on StrangerCam.com<\/title>\n<meta name=\"description\" content=\"Like ChatMatch? Come chat with more than 5.000.000 strangers on Stranger Cam for Free! Turn on your cam and find new friends &amp; maby a match!\" \/>\n<meta name=\"robots\" content=\"index, follow, max-snippet:-1, max-image-preview:large, max-video-preview:-1\" \/>\n<link rel=\"canonical\" href=\"https:\/\/strangercam.com\/ro\/chatmatch\/\" \/>\n<meta property=\"og:locale\" content=\"ro_RO\" \/>\n<meta property=\"og:type\" content=\"article\" \/>\n<meta property=\"og:title\" content=\"ChatMatch - Live video chat with girls on StrangerCam.com\" \/>\n<meta property=\"og:description\" content=\"Like ChatMatch? Come chat with more than 5.000.000 strangers on Stranger Cam for Free! Turn on your cam and find new friends &amp; maby a match!\" \/>\n<meta property=\"og:url\" content=\"https:\/\/strangercam.com\/ro\/chatmatch\/\" \/>\n<meta property=\"og:site_name\" content=\"Strangercam\" \/>\n<meta property=\"article:publisher\" content=\"https:\/\/www.facebook.com\/strangercam\" \/>\n<meta property=\"og:image\" content=\"https:\/\/strangercam.com\/wp-content\/uploads\/2021\/10\/Untitled-2.png\" \/>\n\t<meta property=\"og:image:width\" content=\"800\" \/>\n\t<meta property=\"og:image:height\" content=\"532\" \/>\n\t<meta property=\"og:image:type\" content=\"image\/png\" \/>\n<meta name=\"twitter:card\" content=\"summary_large_image\" \/>\n<meta name=\"twitter:site\" content=\"@strangercamapp\" \/>\n<meta name=\"twitter:label1\" content=\"Timp estimat pentru citire\" \/>\n\t<meta name=\"twitter:data1\" content=\"7 minute\" \/>\n<script type=\"application\/ld+json\" class=\"yoast-schema-graph\">{\"@context\":\"https:\/\/schema.org\",\"@graph\":[{\"@type\":\"WebPage\",\"@id\":\"https:\/\/strangercam.com\/chatmatch\/\",\"url\":\"https:\/\/strangercam.com\/chatmatch\/\",\"name\":\"ChatMatch - Live video chat with girls on StrangerCam.com\",\"isPartOf\":{\"@id\":\"https:\/\/strangercam.com\/#website\"},\"datePublished\":\"2025-04-22T11:45:21+00:00\",\"description\":\"Like ChatMatch? Come chat with more than 5.000.000 strangers on Stranger Cam for Free! Turn on your cam and find new friends & maby a match!\",\"breadcrumb\":{\"@id\":\"https:\/\/strangercam.com\/chatmatch\/#breadcrumb\"},\"inLanguage\":\"ro-RO\",\"potentialAction\":[{\"@type\":\"ReadAction\",\"target\":[\"https:\/\/strangercam.com\/chatmatch\/\"]}]},{\"@type\":\"BreadcrumbList\",\"@id\":\"https:\/\/strangercam.com\/chatmatch\/#breadcrumb\",\"itemListElement\":[{\"@type\":\"ListItem\",\"position\":1,\"name\":\"Home\",\"item\":\"https:\/\/strangercam.com\/\"},{\"@type\":\"ListItem\",\"position\":2,\"name\":\"ChatMatch\"}]},{\"@type\":\"WebSite\",\"@id\":\"https:\/\/strangercam.com\/#website\",\"url\":\"https:\/\/strangercam.com\/\",\"name\":\"Strangercam\",\"description\":\"Random Video Chat with Strangers\",\"publisher\":{\"@id\":\"https:\/\/strangercam.com\/#organization\"},\"alternateName\":\"Strangercam.com\",\"potentialAction\":[{\"@type\":\"SearchAction\",\"target\":{\"@type\":\"EntryPoint\",\"urlTemplate\":\"https:\/\/strangercam.com\/?s={search_term_string}\"},\"query-input\":{\"@type\":\"PropertyValueSpecification\",\"valueRequired\":true,\"valueName\":\"search_term_string\"}}],\"inLanguage\":\"ro-RO\"},{\"@type\":\"Organization\",\"@id\":\"https:\/\/strangercam.com\/#organization\",\"name\":\"Strangercam\",\"alternateName\":\"Strangercam.com\",\"url\":\"https:\/\/strangercam.com\/\",\"logo\":{\"@type\":\"ImageObject\",\"inLanguage\":\"ro-RO\",\"@id\":\"https:\/\/strangercam.com\/#\/schema\/logo\/image\/\",\"url\":\"https:\/\/strangercam.com\/wp-content\/uploads\/2020\/11\/cropped-new-favicon-black.png\",\"contentUrl\":\"https:\/\/strangercam.com\/wp-content\/uploads\/2020\/11\/cropped-new-favicon-black.png\",\"width\":512,\"height\":512,\"caption\":\"Strangercam\"},\"image\":{\"@id\":\"https:\/\/strangercam.com\/#\/schema\/logo\/image\/\"},\"sameAs\":[\"https:\/\/www.facebook.com\/strangercam\",\"https:\/\/x.com\/strangercamapp\"]}]}<\/script>\n<!-- \/ Yoast SEO plugin. -->","yoast_head_json":{"title":"ChatMatch - Chat video live cu fete pe StrangerCam.com","description":"\u00ce\u021bi place ChatMatch? Vino s\u0103 vorbe\u0219ti cu mai mult de 5.000.000 de str\u0103ini pe Stranger Cam gratuit! Porne\u0219te-\u021bi camera \u0219i g\u0103se\u0219te prieteni noi \u0219i poate o pereche!","robots":{"index":"index","follow":"follow","max-snippet":"max-snippet:-1","max-image-preview":"max-image-preview:large","max-video-preview":"max-video-preview:-1"},"canonical":"https:\/\/strangercam.com\/ro\/chatmatch\/","og_locale":"ro_RO","og_type":"article","og_title":"ChatMatch - Live video chat with girls on StrangerCam.com","og_description":"Like ChatMatch? Come chat with more than 5.000.000 strangers on Stranger Cam for Free! Turn on your cam and find new friends & maby a match!","og_url":"https:\/\/strangercam.com\/ro\/chatmatch\/","og_site_name":"Strangercam","article_publisher":"https:\/\/www.facebook.com\/strangercam","og_image":[{"width":800,"height":532,"url":"https:\/\/strangercam.com\/wp-content\/uploads\/2021\/10\/Untitled-2.png","type":"image\/png"}],"twitter_card":"summary_large_image","twitter_site":"@strangercamapp","twitter_misc":{"Timp estimat pentru citire":"7 minute"},"schema":{"@context":"https:\/\/schema.org","@graph":[{"@type":"WebPage","@id":"https:\/\/strangercam.com\/chatmatch\/","url":"https:\/\/strangercam.com\/chatmatch\/","name":"ChatMatch - Chat video live cu fete pe StrangerCam.com","isPartOf":{"@id":"https:\/\/strangercam.com\/#website"},"datePublished":"2025-04-22T11:45:21+00:00","description":"\u00ce\u021bi place ChatMatch? Vino s\u0103 vorbe\u0219ti cu mai mult de 5.000.000 de str\u0103ini pe Stranger Cam gratuit! Porne\u0219te-\u021bi camera \u0219i g\u0103se\u0219te prieteni noi \u0219i poate o pereche!","breadcrumb":{"@id":"https:\/\/strangercam.com\/chatmatch\/#breadcrumb"},"inLanguage":"ro-RO","potentialAction":[{"@type":"ReadAction","target":["https:\/\/strangercam.com\/chatmatch\/"]}]},{"@type":"BreadcrumbList","@id":"https:\/\/strangercam.com\/chatmatch\/#breadcrumb","itemListElement":[{"@type":"ListItem","position":1,"name":"Home","item":"https:\/\/strangercam.com\/"},{"@type":"ListItem","position":2,"name":"ChatMatch"}]},{"@type":"WebSite","@id":"https:\/\/strangercam.com\/#website","url":"https:\/\/strangercam.com\/","name":"Strangercam","description":"Chat video aleatoriu cu str\u0103ini","publisher":{"@id":"https:\/\/strangercam.com\/#organization"},"alternateName":"Strangercam.com","potentialAction":[{"@type":"SearchAction","target":{"@type":"EntryPoint","urlTemplate":"https:\/\/strangercam.com\/?s={search_term_string}"},"query-input":{"@type":"PropertyValueSpecification","valueRequired":true,"valueName":"search_term_string"}}],"inLanguage":"ro-RO"},{"@type":"Organization","@id":"https:\/\/strangercam.com\/#organization","name":"Strangercam","alternateName":"Strangercam.com","url":"https:\/\/strangercam.com\/","logo":{"@type":"ImageObject","inLanguage":"ro-RO","@id":"https:\/\/strangercam.com\/#\/schema\/logo\/image\/","url":"https:\/\/strangercam.com\/wp-content\/uploads\/2020\/11\/cropped-new-favicon-black.png","contentUrl":"https:\/\/strangercam.com\/wp-content\/uploads\/2020\/11\/cropped-new-favicon-black.png","width":512,"height":512,"caption":"Strangercam"},"image":{"@id":"https:\/\/strangercam.com\/#\/schema\/logo\/image\/"},"sameAs":["https:\/\/www.facebook.com\/strangercam","https:\/\/x.com\/strangercamapp"]}]}},"_links":{"self":[{"href":"https:\/\/strangercam.com\/ro\/wp-json\/wp\/v2\/pages\/12812","targetHints":{"allow":["GET"]}}],"collection":[{"href":"https:\/\/strangercam.com\/ro\/wp-json\/wp\/v2\/pages"}],"about":[{"href":"https:\/\/strangercam.com\/ro\/wp-json\/wp\/v2\/types\/page"}],"author":[{"embeddable":true,"href":"https:\/\/strangercam.com\/ro\/wp-json\/wp\/v2\/users\/6"}],"replies":[{"embeddable":true,"href":"https:\/\/strangercam.com\/ro\/wp-json\/wp\/v2\/comments?post=12812"}],"version-history":[{"count":2,"href":"https:\/\/strangercam.com\/ro\/wp-json\/wp\/v2\/pages\/12812\/revisions"}],"predecessor-version":[{"id":12814,"href":"https:\/\/strangercam.com\/ro\/wp-json\/wp\/v2\/pages\/12812\/revisions\/12814"}],"wp:attachment":[{"href":"https:\/\/strangercam.com\/ro\/wp-json\/wp\/v2\/media?parent=12812"}],"curies":[{"name":"wp","href":"https:\/\/api.w.org\/{rel}","templated":true}]}}