{"id":12708,"date":"2025-02-07T13:30:21","date_gmt":"2025-02-07T11:30:21","guid":{"rendered":"https:\/\/strangercam.com\/?page_id=12708"},"modified":"2025-02-07T13:30:59","modified_gmt":"2025-02-07T11:30:59","slug":"tochato","status":"publish","type":"page","link":"https:\/\/strangercam.com\/ro\/tochato\/","title":{"rendered":"Tochato"},"content":{"rendered":"<p>\u00cen peisajul \u00een continu\u0103 evolu\u021bie al comunic\u0103rii online, Tochato a ap\u0103rut ca o destina\u021bie remarcabil\u0103 pentru cei care caut\u0103 conexiuni spontane, bazate pe text. Pun\u00e2nd accentul pe anonimat \u0219i pe u\u0219urin\u021ba \u00een utilizare, Tochato ofer\u0103 un mediu \u00een care pute\u021bi purta o conversa\u021bie cu persoane complet necunoscute \u0219i, eventual, s\u0103 pleca\u021bi cu unul sau doi prieteni noi. Dac\u0103 sunte\u021bi o persoan\u0103 care prefer\u0103 simplitatea chat-urilor text \u00een locul apelurilor video, Tochato ar putea fi locul de \u00eent\u00e2lnire digital perfect.<\/p>\n<h2>Ce este Tochato?<\/h2>\n<p>La baza sa, Tochato este un <a href=\"https:\/\/strangercam.com\/ro\/chathub\/\">chat<\/a> care asociaz\u0103 utilizatorii pentru conversa\u021bii text \u00een timp real. Spre deosebire de multe site-uri moderne de chat care pun accentul pe interac\u021biunile video, Tochato adopt\u0103 o abordare de baz\u0103, pun\u00e2nd accentul pe chat-urile text pentru a crea un mediu mai confortabil \u0219i mai pu\u021bin stresant.<\/p>\n<ul>\n<li>Conexiuni anonime: Nici o cerin\u021b\u0103 video \u00eenseamn\u0103 c\u0103 pute\u021bi discuta mai liber f\u0103r\u0103 a\u0219tept\u0103rile vizuale obi\u0219nuite.<\/li>\n<li>\u00cemperechere instantanee: Conecteaz\u0103-te la un utilizator aleatoriu \u00een doar c\u00e2teva clicuri.<\/li>\n<li>Design u\u0219or de utilizat: Interfa\u021ba este simpl\u0103 \u0219i direct\u0103, fiind u\u0219or de navigat pentru \u00eencep\u0103tori.<\/li>\n<\/ul>\n<p>Tochato pune un accent puternic pe spontaneitate. Fiecare sesiune de chat \u00eencepe f\u0103r\u0103 preconcep\u021bii - nu \u0219tii niciodat\u0103 cine va <a href=\"https:\/\/strangercam.com\/ro\/coomeet\/\">\u00eent\u00e2lnire<\/a> sau ce pove\u0219ti ve\u021bi \u00eemp\u0103rt\u0103\u0219i. Aceast\u0103 imprevizibilitate se afl\u0103 \u00een centrul atractivit\u0103\u021bii Tochato, oferind senza\u021bia de a \u00eent\u00e2lni pe cineva nou f\u0103r\u0103 procese de \u00eenregistrare lungi sau configura\u021bii complicate.<\/p>\n<h2>Utilizarea Tochato este gratuit\u0103?<\/h2>\n<p>Una dintre cele mai mari atrac\u021bii ale Tochato este accesibilitatea sa. Platforma este gratuit\u0103 pentru oricine. De obicei, nu exist\u0103 nicio tax\u0103 de abonament sau plan premium; pur \u0219i simplu deschide\u021bi site-ul web \u0219i \u00eencepe\u021bi s\u0103 discuta\u021bi. \u00cen timp ce unele platforme de chat aleatorii blocheaz\u0103 caracteristicile avansate \u00een spatele unui zid de plat\u0103, Tochato men\u021bine o abordare f\u0103r\u0103 costuri, permi\u021b\u00e2nd fiec\u0103rui utilizator s\u0103:<\/p>\n<ul>\n<li>Conecta\u021bi-v\u0103 instantaneu cu str\u0103ini aleatori<\/li>\n<li>Implic\u0103-te \u00een conversa\u021bii text nelimitate<\/li>\n<li>Explora\u021bi diverse op\u021biuni de chat room (dac\u0103 sunt disponibile)<\/li>\n<\/ul>\n<p>Deoarece Tochato se bazeaz\u0103 \u00een principal pe comunicarea bazat\u0103 pe text, majoritatea func\u021biilor nu necesit\u0103 l\u0103\u021bime de band\u0103 mare sau hardware specializat - un alt avantaj care men\u021bine lucrurile at\u00e2t rentabile, c\u00e2t \u0219i lipsite de complica\u021bii.<\/p>\n<h2>Cum s\u0103 utiliza\u021bi Tochato<\/h2>\n<p>Unul dintre motivele pentru care Tochato a c\u00e2\u0219tigat popularitate este configurarea sa f\u0103r\u0103 efort. Iat\u0103 o scurt\u0103 prezentare a modului de pornire:<\/p>\n<ol>\n<li>Vizita\u021bi site-ul web<br \/>\nPur \u0219i simplu merge\u021bi la pagina de pornire Tochato. De obicei, ve\u021bi vedea imediat o op\u021biune pentru \"Start Chat\" sau \"Connect\".<\/li>\n<li>Intra\u021bi \u00een chat<br \/>\nFace\u021bi clic pe buton pentru a ini\u021bia un chat text aleatoriu. Sistemul v\u0103 va asocia instantaneu cu un alt utilizator.<\/li>\n<li>R\u0103m\u00e2ne\u021bi anonim sau stabili\u021bi un pseudonim<br \/>\n\u00cen timp ce mul\u021bi utilizatori se bucur\u0103 de anonimatul care rezult\u0103 din faptul c\u0103 nu folosesc niciun nume, unele platforme v\u0103 permit s\u0103 v\u0103 stabili\u021bi o porecl\u0103. Depinde doar de dumneavoastr\u0103.<\/li>\n<li>\u00cencepe\u021bi conversa\u021bia<br \/>\nOdat\u0103 ce sunte\u021bi conectat, trimite\u021bi un salut prietenos. Dac\u0103 conversa\u021bia nu se potrive\u0219te, de obicei pute\u021bi face clic pe \"Urm\u0103torul\" pentru a trece la un alt partener de chat aleatoriu.<\/li>\n<li>\u021aine\u021bi cont de liniile directoare ale comunit\u0103\u021bii<br \/>\nPentru ca chat-ul s\u0103 fie pl\u0103cut pentru toat\u0103 lumea, Tochato subliniaz\u0103 adesea reguli de baz\u0103, cum ar fi interzicerea spam-ului sau a limbajului abuziv. Asigura\u021bi-v\u0103 c\u0103 respecta\u021bi aceste reguli pentru a men\u021bine o experien\u021b\u0103 pozitiv\u0103 pentru dvs. \u0219i pentru ceilal\u021bi.<\/li>\n<\/ol>\n<h2>Pentru ce este Tochato mai bun?<\/h2>\n<p>Tochato str\u0103luce\u0219te ca platform\u0103 pentru conversa\u021bii text spontane, f\u0103r\u0103 presiune. Iat\u0103 unde iese cu adev\u0103rat \u00een eviden\u021b\u0103:<\/p>\n<ul>\n<li>Anonimat \u0219i confort: F\u0103r\u0103 stratul video suplimentar, este mai u\u0219or s\u0103 r\u0103m\u00e2i anonim, permi\u021b\u00e2nd oamenilor s\u0103 se deschid\u0103 sau s\u0103 se exprime mai liber.<\/li>\n<li>Conexiuni imediate: Deoarece pute\u021bi s\u0103ri instantaneu la urm\u0103torul chat, nu ve\u021bi petrece perioade lungi a\u0219tept\u00e2nd ca cineva s\u0103 se al\u0103ture camerei dvs.<\/li>\n<li>Interfa\u021b\u0103 obi\u0219nuit\u0103 \u0219i simpl\u0103: Perfect pentru oricine dore\u0219te o interac\u021biune social\u0103 rapid\u0103 f\u0103r\u0103 clopotele \u0219i fluierele (sau complica\u021biile) de <a href=\"https:\/\/strangercam.com\/ro\/rabbit-video-chat\/\">chat video<\/a>.<\/li>\n<li>Exersarea competen\u021belor lingvistice: Platformele bazate pe text sunt excelente pentru exersarea unei noi limbi \u00een conversa\u021bii \u00een timp real cu vorbitori diferi\u021bi din \u00eentreaga lume.<\/li>\n<\/ul>\n<p>Dac\u0103 sunte\u021bi o persoan\u0103 care prefer\u0103 un mediu mai relaxat, \u00een care aspectul \u0219i loca\u021bia nu sunt \u00een centrul aten\u021biei, abordarea Tochato bazat\u0103 doar pe text este probabil s\u0103 v\u0103 ofere exact ceea ce ave\u021bi nevoie.<\/p>\n<h2>Caracteristicile principale ale Tochato<\/h2>\n<p>De\u0219i Tochato este cunoscut pentru simplitatea sa, acesta vine totu\u0219i cu caracteristici concepute pentru a \u00eembun\u0103t\u0103\u021bi experien\u021ba utilizatorului:<\/p>\n<ul>\n<li>\u00cemperechere aleatorie: \u00cemperecheaz\u0103-te instantaneu cu persoane din diferite p\u0103r\u021bi ale lumii.<\/li>\n<li>Op\u021biunea \"Urm\u0103torul\" utilizator: Dac\u0103 o conversa\u021bie nu merge bine, pute\u021bi trece rapid la un alt utilizator.<\/li>\n<li>Configurare minim\u0103: Nu sunt necesare desc\u0103rc\u0103ri suplimentare sau instal\u0103ri complicate - trebuie doar s\u0103 deschide\u021bi site-ul \u0219i s\u0103 \u00eencepe\u021bi s\u0103 discuta\u021bi.<\/li>\n<li>Design responsiv: Tochato func\u021bioneaz\u0103 adesea f\u0103r\u0103 probleme at\u00e2t pe desktop, c\u00e2t \u0219i pe dispozitive mobile, permi\u021b\u00e2ndu-v\u0103 s\u0103 discuta\u021bi din mers.<\/li>\n<li>M\u0103suri de siguran\u021b\u0103: De\u0219i caracteristicile specifice pot varia, Tochato ofer\u0103 de obicei o form\u0103 de moderare sau un instrument de raportare pentru a semnala comportamentul neadecvat.<\/li>\n<\/ul>\n<p>Deoarece este gratuit\u0103 \u0219i simpl\u0103, este o platform\u0103 excelent\u0103 pentru interac\u021biuni rapide \u0219i spontane - nu este necesar\u0103 crearea unui cont sau a unor profiluri de utilizator elaborate.<\/p>\n<h2>Care sunt alternativele Tochato?<\/h2>\n<p>Dac\u0103 v\u0103 plac chat-urile aleatorii bazate pe text, exist\u0103 c\u00e2teva platforme alternative care v-ar putea st\u00e2rni interesul. Site-uri precum <a href=\"https:\/\/strangercam.com\/ro\/omegle\/\">Omegle<\/a> sau <a href=\"https:\/\/strangercam.com\/ro\/chatroulette\/\">Chatroulette<\/a> (de\u0219i au \u0219i op\u021biuni video) ofer\u0103 moduri numai text, \u00een timp ce site-urile mai orientate c\u0103tre comunitate v\u0103 permit s\u0103 v\u0103 al\u0103tura\u021bi camerelor de chat bazate pe subiecte. Cu toate acestea, accentul puternic pus de Tochato pe text fa\u021b\u0103 de video \u00eel diferen\u021biaz\u0103, \u00een special pentru utilizatorii care prefer\u0103 anonimatul \u0219i simplitatea.<\/p>\n<p>Explorarea diferitelor site-uri poate fi distractiv\u0103 \u0219i v\u0103 poate ajuta s\u0103 v\u0103 g\u0103si\u021bi comunitatea de chat ideal\u0103, dar Tochato r\u0103m\u00e2ne o alegere de top pentru cei care iubesc conversa\u021biile text aleatorii, f\u0103r\u0103 complica\u021bii.<\/p>\n<h2>Concluzie<\/h2>\n<p>Dac\u0103 sunte\u021bi \u00een c\u0103utarea unei platforme pe care s\u0103 pute\u021bi purta conversa\u021bii spontane prin text cu persoane complet necunoscute, f\u0103r\u0103 a v\u0103 confrunta cu presiunile chat-ului video, merit\u0103 s\u0103 explora\u021bi platforma Tochato. Gratuit, intuitiv \u0219i \u00eenc\u0103rcat cu suficiente func\u021bii pentru a men\u021bine lucrurile interesante, acesta capteaz\u0103 emo\u021bia de a cunoa\u0219te oameni noi, men\u021bin\u00e2nd \u00een acela\u0219i timp o atmosfer\u0103 relaxat\u0103 \u0219i anonim\u0103. \u00cencearc\u0103 Tochato \u0219i s-ar putea s\u0103 descoperi c\u0103 leg\u0103turile semnificative sunt doar la un mesaj text distan\u021b\u0103.<\/p>","protected":false},"excerpt":{"rendered":"<p>In the ever-evolving landscape of online communication, Tochato has emerged as a standout destination for those seeking spontaneous, text-based connections. With a focus on anonymity and user-friendliness, Tochato offers an environment where you can strike up a conversation with complete strangers\u2014and possibly walk away with a new friend or two. If you\u2019re someone who prefers [&hellip;]<\/p>\n","protected":false},"author":6,"featured_media":0,"parent":0,"menu_order":0,"comment_status":"closed","ping_status":"closed","template":"","meta":{"footnotes":""},"class_list":["post-12708","page","type-page","status-publish","hentry"],"yoast_head":"<!-- This site is optimized with the Yoast SEO plugin v27.4 - https:\/\/yoast.com\/product\/yoast-seo-wordpress\/ -->\n<title>Tochato - Free random chat with strangers on StrangerCam.com<\/title>\n<meta name=\"description\" content=\"Like Tochato? Come chat with more than 5.000.000 strangers on Stranger Cam for Free! Turn on your cam and find new friends &amp; maby a match!\" \/>\n<meta name=\"robots\" content=\"index, follow, max-snippet:-1, max-image-preview:large, max-video-preview:-1\" \/>\n<link rel=\"canonical\" href=\"https:\/\/strangercam.com\/ro\/tochato\/\" \/>\n<meta property=\"og:locale\" content=\"ro_RO\" \/>\n<meta property=\"og:type\" content=\"article\" \/>\n<meta property=\"og:title\" content=\"Tochato - Free random chat with strangers on StrangerCam.com\" \/>\n<meta property=\"og:description\" content=\"Like Tochato? Come chat with more than 5.000.000 strangers on Stranger Cam for Free! Turn on your cam and find new friends &amp; maby a match!\" \/>\n<meta property=\"og:url\" content=\"https:\/\/strangercam.com\/ro\/tochato\/\" \/>\n<meta property=\"og:site_name\" content=\"Strangercam\" \/>\n<meta property=\"article:publisher\" content=\"https:\/\/www.facebook.com\/strangercam\" \/>\n<meta property=\"article:modified_time\" content=\"2025-02-07T11:30:59+00:00\" \/>\n<meta property=\"og:image\" content=\"https:\/\/strangercam.com\/wp-content\/uploads\/2021\/10\/Untitled-2.png\" \/>\n\t<meta property=\"og:image:width\" content=\"800\" \/>\n\t<meta property=\"og:image:height\" content=\"532\" \/>\n\t<meta property=\"og:image:type\" content=\"image\/png\" \/>\n<meta name=\"twitter:card\" content=\"summary_large_image\" \/>\n<meta name=\"twitter:site\" content=\"@strangercamapp\" \/>\n<meta name=\"twitter:label1\" content=\"Timp estimat pentru citire\" \/>\n\t<meta name=\"twitter:data1\" content=\"4 minute\" \/>\n<script type=\"application\/ld+json\" class=\"yoast-schema-graph\">{\"@context\":\"https:\\\/\\\/schema.org\",\"@graph\":[{\"@type\":\"WebPage\",\"@id\":\"https:\\\/\\\/strangercam.com\\\/tochato\\\/\",\"url\":\"https:\\\/\\\/strangercam.com\\\/tochato\\\/\",\"name\":\"Tochato - Free random chat with strangers on StrangerCam.com\",\"isPartOf\":{\"@id\":\"https:\\\/\\\/strangercam.com\\\/#website\"},\"datePublished\":\"2025-02-07T11:30:21+00:00\",\"dateModified\":\"2025-02-07T11:30:59+00:00\",\"description\":\"Like Tochato? Come chat with more than 5.000.000 strangers on Stranger Cam for Free! Turn on your cam and find new friends & maby a match!\",\"breadcrumb\":{\"@id\":\"https:\\\/\\\/strangercam.com\\\/tochato\\\/#breadcrumb\"},\"inLanguage\":\"ro-RO\",\"potentialAction\":[{\"@type\":\"ReadAction\",\"target\":[\"https:\\\/\\\/strangercam.com\\\/tochato\\\/\"]}]},{\"@type\":\"BreadcrumbList\",\"@id\":\"https:\\\/\\\/strangercam.com\\\/tochato\\\/#breadcrumb\",\"itemListElement\":[{\"@type\":\"ListItem\",\"position\":1,\"name\":\"Home\",\"item\":\"https:\\\/\\\/strangercam.com\\\/\"},{\"@type\":\"ListItem\",\"position\":2,\"name\":\"Tochato\"}]},{\"@type\":\"WebSite\",\"@id\":\"https:\\\/\\\/strangercam.com\\\/#website\",\"url\":\"https:\\\/\\\/strangercam.com\\\/\",\"name\":\"Strangercam\",\"description\":\"Random Video Chat with Strangers\",\"publisher\":{\"@id\":\"https:\\\/\\\/strangercam.com\\\/#organization\"},\"alternateName\":\"Strangercam.com\",\"potentialAction\":[{\"@type\":\"SearchAction\",\"target\":{\"@type\":\"EntryPoint\",\"urlTemplate\":\"https:\\\/\\\/strangercam.com\\\/?s={search_term_string}\"},\"query-input\":{\"@type\":\"PropertyValueSpecification\",\"valueRequired\":true,\"valueName\":\"search_term_string\"}}],\"inLanguage\":\"ro-RO\"},{\"@type\":\"Organization\",\"@id\":\"https:\\\/\\\/strangercam.com\\\/#organization\",\"name\":\"Strangercam\",\"alternateName\":\"Strangercam.com\",\"url\":\"https:\\\/\\\/strangercam.com\\\/\",\"logo\":{\"@type\":\"ImageObject\",\"inLanguage\":\"ro-RO\",\"@id\":\"https:\\\/\\\/strangercam.com\\\/#\\\/schema\\\/logo\\\/image\\\/\",\"url\":\"https:\\\/\\\/strangercam.com\\\/wp-content\\\/uploads\\\/2020\\\/11\\\/cropped-new-favicon-black.png\",\"contentUrl\":\"https:\\\/\\\/strangercam.com\\\/wp-content\\\/uploads\\\/2020\\\/11\\\/cropped-new-favicon-black.png\",\"width\":512,\"height\":512,\"caption\":\"Strangercam\"},\"image\":{\"@id\":\"https:\\\/\\\/strangercam.com\\\/#\\\/schema\\\/logo\\\/image\\\/\"},\"sameAs\":[\"https:\\\/\\\/www.facebook.com\\\/strangercam\",\"https:\\\/\\\/x.com\\\/strangercamapp\"]}]}<\/script>\n<!-- \/ Yoast SEO plugin. -->","yoast_head_json":{"title":"Tochato - Chat aleatoriu gratuit cu str\u0103ini pe StrangerCam.com","description":"\u00ce\u021bi place Tochato? Vino s\u0103 vorbe\u0219ti cu mai mult de 5.000.000 de str\u0103ini pe Stranger Cam gratuit! Porne\u0219te-\u021bi camera \u0219i g\u0103se\u0219te prieteni noi \u0219i poate o pereche!","robots":{"index":"index","follow":"follow","max-snippet":"max-snippet:-1","max-image-preview":"max-image-preview:large","max-video-preview":"max-video-preview:-1"},"canonical":"https:\/\/strangercam.com\/ro\/tochato\/","og_locale":"ro_RO","og_type":"article","og_title":"Tochato - Free random chat with strangers on StrangerCam.com","og_description":"Like Tochato? Come chat with more than 5.000.000 strangers on Stranger Cam for Free! Turn on your cam and find new friends & maby a match!","og_url":"https:\/\/strangercam.com\/ro\/tochato\/","og_site_name":"Strangercam","article_publisher":"https:\/\/www.facebook.com\/strangercam","article_modified_time":"2025-02-07T11:30:59+00:00","og_image":[{"width":800,"height":532,"url":"https:\/\/strangercam.com\/wp-content\/uploads\/2021\/10\/Untitled-2.png","type":"image\/png"}],"twitter_card":"summary_large_image","twitter_site":"@strangercamapp","twitter_misc":{"Timp estimat pentru citire":"4 minute"},"schema":{"@context":"https:\/\/schema.org","@graph":[{"@type":"WebPage","@id":"https:\/\/strangercam.com\/tochato\/","url":"https:\/\/strangercam.com\/tochato\/","name":"Tochato - Chat aleatoriu gratuit cu str\u0103ini pe StrangerCam.com","isPartOf":{"@id":"https:\/\/strangercam.com\/#website"},"datePublished":"2025-02-07T11:30:21+00:00","dateModified":"2025-02-07T11:30:59+00:00","description":"\u00ce\u021bi place Tochato? Vino s\u0103 vorbe\u0219ti cu mai mult de 5.000.000 de str\u0103ini pe Stranger Cam gratuit! Porne\u0219te-\u021bi camera \u0219i g\u0103se\u0219te prieteni noi \u0219i poate o pereche!","breadcrumb":{"@id":"https:\/\/strangercam.com\/tochato\/#breadcrumb"},"inLanguage":"ro-RO","potentialAction":[{"@type":"ReadAction","target":["https:\/\/strangercam.com\/tochato\/"]}]},{"@type":"BreadcrumbList","@id":"https:\/\/strangercam.com\/tochato\/#breadcrumb","itemListElement":[{"@type":"ListItem","position":1,"name":"Home","item":"https:\/\/strangercam.com\/"},{"@type":"ListItem","position":2,"name":"Tochato"}]},{"@type":"WebSite","@id":"https:\/\/strangercam.com\/#website","url":"https:\/\/strangercam.com\/","name":"Strangercam","description":"Chat video aleatoriu cu str\u0103ini","publisher":{"@id":"https:\/\/strangercam.com\/#organization"},"alternateName":"Strangercam.com","potentialAction":[{"@type":"SearchAction","target":{"@type":"EntryPoint","urlTemplate":"https:\/\/strangercam.com\/?s={search_term_string}"},"query-input":{"@type":"PropertyValueSpecification","valueRequired":true,"valueName":"search_term_string"}}],"inLanguage":"ro-RO"},{"@type":"Organization","@id":"https:\/\/strangercam.com\/#organization","name":"Strangercam","alternateName":"Strangercam.com","url":"https:\/\/strangercam.com\/","logo":{"@type":"ImageObject","inLanguage":"ro-RO","@id":"https:\/\/strangercam.com\/#\/schema\/logo\/image\/","url":"https:\/\/strangercam.com\/wp-content\/uploads\/2020\/11\/cropped-new-favicon-black.png","contentUrl":"https:\/\/strangercam.com\/wp-content\/uploads\/2020\/11\/cropped-new-favicon-black.png","width":512,"height":512,"caption":"Strangercam"},"image":{"@id":"https:\/\/strangercam.com\/#\/schema\/logo\/image\/"},"sameAs":["https:\/\/www.facebook.com\/strangercam","https:\/\/x.com\/strangercamapp"]}]}},"_links":{"self":[{"href":"https:\/\/strangercam.com\/ro\/wp-json\/wp\/v2\/pages\/12708","targetHints":{"allow":["GET"]}}],"collection":[{"href":"https:\/\/strangercam.com\/ro\/wp-json\/wp\/v2\/pages"}],"about":[{"href":"https:\/\/strangercam.com\/ro\/wp-json\/wp\/v2\/types\/page"}],"author":[{"embeddable":true,"href":"https:\/\/strangercam.com\/ro\/wp-json\/wp\/v2\/users\/6"}],"replies":[{"embeddable":true,"href":"https:\/\/strangercam.com\/ro\/wp-json\/wp\/v2\/comments?post=12708"}],"version-history":[{"count":1,"href":"https:\/\/strangercam.com\/ro\/wp-json\/wp\/v2\/pages\/12708\/revisions"}],"predecessor-version":[{"id":12709,"href":"https:\/\/strangercam.com\/ro\/wp-json\/wp\/v2\/pages\/12708\/revisions\/12709"}],"wp:attachment":[{"href":"https:\/\/strangercam.com\/ro\/wp-json\/wp\/v2\/media?parent=12708"}],"curies":[{"name":"wp","href":"https:\/\/api.w.org\/{rel}","templated":true}]}}