{"id":12702,"date":"2025-02-07T13:19:12","date_gmt":"2025-02-07T11:19:12","guid":{"rendered":"https:\/\/strangercam.com\/?page_id=12702"},"modified":"2025-02-07T13:21:09","modified_gmt":"2025-02-07T11:21:09","slug":"chattijd","status":"publish","type":"page","link":"https:\/\/strangercam.com\/ro\/chattijd\/","title":{"rendered":"Chattijd"},"content":{"rendered":"<p>\u00cen lumea rapid\u0103 a comunic\u0103rii online, Chattijd s-a impus rapid ca o platform\u0103 plin\u0103 de via\u021b\u0103 \u0219i atractiv\u0103 care conecteaz\u0103 oameni din toate col\u021burile lumii. Fie c\u0103 sunte\u021bi \u00een c\u0103utarea unei conversa\u021bii ocazionale, a unor prietenii semnificative sau a divertismentului interactiv, aceast\u0103 platform\u0103 cu sediul \u00een Olanda ofer\u0103 o gam\u0103 larg\u0103 de oportunit\u0103\u021bi de a v\u0103 conecta cu persoane care g\u00e2ndesc la fel.<\/p>\n<p>Join ne scufund\u0103m \u00een lumea Chattijd, explor\u00e2ndu-i caracteristicile, avantajele \u0219i ceea ce \u00eel face un favorit pentru cei care apreciaz\u0103 conversa\u021biile dinamice, \u00een timp real. Aici, fiecare <a href=\"https:\/\/strangercam.com\/ro\/chatroulette\/\">chat<\/a> poate duce la o nou\u0103 descoperire, f\u0103c\u00e2ndu-l mai mult dec\u00e2t o alt\u0103 platform\u0103 online - este o comunitate global\u0103 construit\u0103 pe conexiuni autentice \u0219i interac\u021biuni interesante.<\/p>\n<h2>Ce este Chattijd?<\/h2>\n<p>Atunci c\u00e2nd navighezi prin universul \u00een continu\u0103 expansiune al platformelor de chat online, Chattijd iese \u00een eviden\u021b\u0103 ca un loc nou \u0219i captivant pentru <a href=\"https:\/\/strangercam.com\/ro\/coomeet\/\">\u00eent\u00e2lnire<\/a> \u0219i s\u0103 interac\u021biona\u021bi cu oameni noi. Spre deosebire de serviciile tradi\u021bionale de mesagerie, Chattijd pune un accent puternic pe crearea de conexiuni autentice, asigur\u00e2ndu-se c\u0103 fiecare conversa\u021bie este semnificativ\u0103 \u0219i captivant\u0103.<\/p>\n<p>La baz\u0103, Chattijd \u00ee\u0219i propune s\u0103 fie mai mult dec\u00e2t un simplu portal de chat. Este un portal social <a href=\"https:\/\/strangercam.com\/ro\/chathub\/\">hub<\/a> unde prieteniile pot \u00eenflori, iar fiecare interac\u021biune are poten\u021bialul de a se transforma \u00eentr-o experien\u021b\u0103 memorabil\u0103. Platforma integreaz\u0103 caracteristici de ultim\u0103 genera\u021bie - de la chat live instantaneu la elemente interactive amuzante - care fac conversa\u021bia fluent\u0103 \u0219i pl\u0103cut\u0103.<\/p>\n<ul>\n<li>Op\u021biuni de chat live: Conecta\u021bi-v\u0103 instantaneu cu utilizatorii din \u00eentreaga lume.<\/li>\n<li>Profiluri personalizabile: Exprim\u0103-te prin personalizarea profilului t\u0103u pentru a-\u021bi reflecta personalitatea \u0219i interesele.<\/li>\n<li>Activit\u0103\u021bi interactive: Lua\u021bi parte la jocuri juc\u0103u\u0219e \u0219i teste care stimuleaz\u0103 conversa\u021bia \u0219i ajut\u0103 la spargerea ghe\u021bii.<\/li>\n<\/ul>\n<p>Ceea ce distinge cu adev\u0103rat Chattijd este angajamentul s\u0103u de a promova un mediu sigur \u0219i incluziv. Echipa din spatele Chattijd investe\u0219te masiv \u00een tehnologii sigure \u0219i practici de moderare pentru a se asigura c\u0103 siguran\u021ba online a fiec\u0103rui utilizator este o prioritate absolut\u0103. Aceast\u0103 dedicare pentru a oferi un mediu primitor <a href=\"https:\/\/strangercam.com\/ro\/mocospace\/\">spa\u021biu<\/a> a propulsat Chattijd \u00een fruntea serviciilor de chat online din Olanda \u0219i nu numai.<\/p>\n<p>Pe m\u0103sur\u0103 ce explora\u021bi platforma, devine evident c\u0103 Chattijd a fost conceput pentru a revolu\u021biona modul \u00een care oamenii comunic\u0103 online. \u00cembin\u00e2nd descoperirea social\u0103 cu divertismentul interactiv, aceasta remodeleaz\u0103 conceptul nostru de chat online - transform\u00e2nd conversa\u021biile simple \u00een oportunit\u0103\u021bi de a \u00eenv\u0103\u021ba, de a cre\u0219te \u0219i de a stabili leg\u0103turi autentice cu oameni din toate categoriile sociale.<\/p>\n<h2>Este Chattijd gratuit de utilizat?<\/h2>\n<p>Una dintre cele mai frecvente \u00eentreb\u0103ri despre orice serviciu de chat online este dac\u0103 este gratuit. Chattijd ofer\u0103 flexibilitate prin furnizarea de op\u021biuni gratuite \u0219i premium pentru a se potrivi diferitelor preferin\u021be \u0219i bugete ale utilizatorilor.<\/p>\n<ul>\n<li>Membru gratuit:\n<ul>\n<li>Trimite\u021bi \u0219i primi\u021bi mesaje<\/li>\n<li>Join camere publice de chat<\/li>\n<li>R\u0103sfoi\u021bi profilurile utilizatorilor<\/li>\n<\/ul>\n<p>Cu un cont gratuit, ve\u021bi avea acces la caracteristicile esen\u021biale care fac din Chattijd o comunitate at\u00e2t de atractiv\u0103. Este o modalitate excelent\u0103 de a explora platforma f\u0103r\u0103 niciun angajament financiar.<\/li>\n<li>Membru Premium:<br \/>\nPentru utilizatorii care doresc o experien\u021b\u0103 \u0219i mai bogat\u0103, abonamentul premium Chattijd deblocheaz\u0103 caracteristici \u0219i avantaje avansate:<\/p>\n<ul>\n<li>Acces nelimitat la toate camerele de chat<\/li>\n<li>Filtre de c\u0103utare avansate<\/li>\n<li>O experien\u021b\u0103 f\u0103r\u0103 reclame<\/li>\n<li>Asisten\u021b\u0103 prioritar\u0103 pentru clien\u021bi<\/li>\n<\/ul>\n<\/li>\n<\/ul>\n<p>Mai jos g\u0103si\u021bi o scurt\u0103 prezentare a costurilor de aderare:<\/p>\n<table>\n<thead>\n<tr>\n<th>Calitatea de membru<\/th>\n<th>Cost lunar<\/th>\n<th>Cost anual<\/th>\n<\/tr>\n<\/thead>\n<tbody>\n<tr>\n<td>Gratuit<\/td>\n<td>$0<\/td>\n<td>$0<\/td>\n<\/tr>\n<tr>\n<td>Premium<\/td>\n<td>$9.99<\/td>\n<td>$99.90<\/td>\n<\/tr>\n<\/tbody>\n<\/table>\n<p>Indiferent dac\u0103 opta\u021bi pentru planul gratuit sau decide\u021bi s\u0103 face\u021bi upgrade pentru func\u021bii suplimentare, Chattijd men\u021bine acela\u0219i obiectiv principal: s\u0103 ofere un mediu viu \u0219i sigur \u00een care s\u0103 v\u0103 pute\u021bi conecta cu al\u021bii, s\u0103 \u00eemp\u0103rt\u0103\u0219i\u021bi experien\u021be \u0219i s\u0103 v\u0103 distra\u021bi.<\/p>\n<h2>Cum se utilizeaz\u0103 Chattijd<\/h2>\n<p>Utilizarea Chattijd este simpl\u0103, ceea ce permite oricui s\u0103 se conecteze \u0219i s\u0103 \u00eenceap\u0103 s\u0103 converseze imediat. Iat\u0103 un ghid pas cu pas pentru a \u00eencepe:<\/p>\n<ol>\n<li>Creeaz\u0103-\u021bi profilul<br \/>\n\u00cencepe\u021bi prin a v\u0103 \u00eenregistra pentru un cont gratuit. Personaliza\u021bi-v\u0103 profilul cu un nume de utilizator, o fotografie de profil \u0219i o scurt\u0103 descriere despre dvs. Eviden\u021biaz\u0103-\u021bi interesele pentru a ie\u0219i \u00een eviden\u021b\u0103 \u0219i pentru a facilita g\u0103sirea ta de c\u0103tre utilizatorii cu interese similare.<\/li>\n<li>Explora\u021bi camerele de chat<br \/>\nChattijd g\u0103zduie\u0219te o varietate de camere publice de chat. Aceste camere se ocup\u0103 de diferite subiecte \u0219i interese - de la muzic\u0103 \u0219i jocuri la c\u0103l\u0103torii \u0219i discu\u021bii ocazionale. Intrarea \u00een aceste camere poate fi o modalitate excelent\u0103 de a descoperi oameni noi \u0219i de a \u00eencepe discu\u021bii interesante.<\/li>\n<li>Conversa\u021bii private \u0219i mesaje directe<br \/>\nDac\u0103 preferi conversa\u021biile individuale mai concentrate, Chattijd ofer\u0103, de asemenea, mesagerie direct\u0103. Utiliza\u021bi func\u021bia de c\u0103utare pentru a g\u0103si utilizatori care v\u0103 \u00eemp\u0103rt\u0103\u0219esc interesele sau pur \u0219i simplu ini\u021bia\u021bi o discu\u021bie privat\u0103 cu cineva care v\u0103 atrage aten\u021bia \u00een camerele publice.<\/li>\n<li>Caracteristici interactive<br \/>\nProfita\u021bi de jocurile interactive, testele \u0219i alte caracteristici distractive pentru a sparge ghea\u021ba. Aceste activit\u0103\u021bi pot transforma o conversa\u021bie obi\u0219nuit\u0103 \u00eentr-o experien\u021b\u0103 comun\u0103 memorabil\u0103, ajut\u00e2ndu-v\u0103 s\u0103 v\u0103 conecta\u021bi mai natural.<\/li>\n<li>Upgrade la Premium (op\u021bional)<br \/>\nDac\u0103 v\u0103 dori\u021bi mai multe func\u021bii - cum ar fi filtre de c\u0103utare avansate, navigare f\u0103r\u0103 reclame \u0219i asisten\u021b\u0103 prioritar\u0103 - lua\u021bi \u00een considerare un abonament premium. Acest lucru v\u0103 permite s\u0103 debloca\u021bi \u00eentregul poten\u021bial al Chattijd, asigur\u00e2nd o experien\u021b\u0103 de chat \u0219i mai fluent\u0103 \u0219i mai personalizat\u0103.<\/li>\n<\/ol>\n<h2>Pentru ce este cel mai bun Chattijd?<\/h2>\n<p>Chattijd exceleaz\u0103 \u00een diverse domenii, ceea ce \u00eel face atractiv pentru o gam\u0103 larg\u0103 de utilizatori:<\/p>\n<ol>\n<li>Promovarea conexiunilor reale<br \/>\nPun\u00e2nd accentul pe autenticitate, Chattijd faciliteaz\u0103 g\u0103sirea altor persoane care \u00eemp\u0103rt\u0103\u0219esc pasiuni similare. Fie c\u0103 sunte\u021bi \u00een c\u0103utarea unei prietenii, a unui sprijin sau chiar a ceva mai mult, interfa\u021ba u\u0219or de utilizat \u0219i comunitatea de sus\u021binere Chattijd sunt perfecte pentru a dezvolta rela\u021bii semnificative.<\/li>\n<li>Diverse subiecte de conversa\u021bie<br \/>\nDe la camere de chat axate pe hobby-uri la discu\u021bii \u00een timp real despre evenimente actuale, platforma ofer\u0103 o selec\u021bie larg\u0103 de subiecte de conversa\u021bie. Aceast\u0103 varietate asigur\u0103 faptul c\u0103 fiecare vizit\u0103 la Chattijd este unic\u0103 \u0219i plin\u0103 de poten\u021bial pentru a cunoa\u0219te oameni noi.<\/li>\n<li>Mediu sigur \u0219i primitor<br \/>\nSiguran\u021ba online este primordial\u0103 la Chattijd. Moderarea continu\u0103 \u0219i m\u0103surile avansate de securitate contribuie la crearea unui spa\u021biu \u00een care pute\u021bi discuta liber f\u0103r\u0103 s\u0103 v\u0103 face\u021bi griji cu privire la confiden\u021bialitate sau interac\u021biuni nedorite.<\/li>\n<li>Divertisment prin interactivitate<br \/>\nV-a\u021bi plictisit de schimburile de texte simple? Chattijd integreaz\u0103 func\u021bii juc\u0103u\u0219e precum jocuri \u0219i chestionare, ad\u0103ug\u00e2nd o not\u0103 distractiv\u0103 conversa\u021biilor dvs. Aceste complet\u0103ri u\u0219oare faciliteaz\u0103 conectarea \u0219i men\u021bin experien\u021ba proasp\u0103t\u0103.<\/li>\n<\/ol>\n<p>Av\u00e2nd \u00een vedere aceste puncte forte, Chattijd este ideal pentru oricine caut\u0103 interac\u021biuni distractive \u0219i autentice \u00eentr-un mediu online sigur.<\/p>\n<h2>Ce caracteristici ofer\u0103 Chattijd?<\/h2>\n<p>Chattijd include o varietate de caracteristici menite s\u0103 v\u0103 fac\u0103 sesiunile de chat c\u00e2t mai pl\u0103cute \u0219i versatile posibil. Mai jos sunt prezentate c\u00e2teva dintre cele mai importante:<\/p>\n<ul>\n<li>Profiluri personalizabile<br \/>\nExprimarea personal\u0103 este o parte important\u0103 a interac\u021biunii online. Chattijd v\u0103 permite s\u0103 v\u0103 crea\u021bi profilul \u00eentr-un mod care s\u0103 v\u0103 reflecte adev\u0103rata personalitate, ajut\u00e2ndu-i pe ceilal\u021bi s\u0103 vad\u0103 ce v\u0103 pasioneaz\u0103.<\/li>\n<li>Func\u021bionalitate chat live<br \/>\nExperimenta\u021bi conectivitatea instantanee cu oameni din \u00eentreaga lume prin intermediul mesageriei \u00een timp real. Este rapid, u\u0219or de utilizat \u0219i perfect pentru conversa\u021bii spontane care pot varia de la glume u\u0219oare la discu\u021bii aprofundate.<\/li>\n<li>Jocuri interactive \u0219i chestionare<br \/>\nPentru cei care iubesc pu\u021bin\u0103 distrac\u021bie suplimentar\u0103, aceste func\u021bii sparg ghea\u021ba f\u0103r\u0103 efort. Provoac\u0103 un nou prieten la un joc rapid sau r\u0103spunde \u00eempreun\u0103 la teste pentru a descoperi interese comune.<\/li>\n<li>M\u0103suri avansate de securitate<br \/>\nSiguran\u021ba dvs. este crucial\u0103. Angajamentul Chattijd fa\u021b\u0103 de confiden\u021bialitate \u0219i instrumentele robuste de moderare v\u0103 asigur\u0103 c\u0103 v\u0103 pute\u021bi angaja cu \u00eencredere, \u0219tiind c\u0103 conversa\u021biile dvs. sunt sigure.<\/li>\n<li>Op\u021biuni flexibile de aderare<br \/>\nIndiferent dac\u0103 prefera\u021bi un cont gratuit sau un abonament premium, Chattijd ofer\u0103 mai multe modalit\u0103\u021bi de a experimenta platforma. Utilizatorii gratui\u021bi pot explora majoritatea func\u021biilor cheie, \u00een timp ce abona\u021bii premium se bucur\u0103 de navigare f\u0103r\u0103 reclame, asisten\u021b\u0103 prioritar\u0103 \u0219i capacit\u0103\u021bi de c\u0103utare avansate.<\/li>\n<\/ul>\n<p>Cu un set at\u00e2t de cuprinz\u0103tor de instrumente, Chattijd este bine echipat pentru a satisface diferite gusturi \u0219i cerin\u021be, asigur\u00e2ndu-se c\u0103 fiecare conversa\u021bie este satisf\u0103c\u0103toare \u0219i f\u0103r\u0103 probleme.<\/p>\n<h2>Care sunt alternativele Chattijd?<\/h2>\n<p>De\u0219i Chattijd \u0219i-a creat o ni\u0219\u0103 ca principal\u0103 destina\u021bie de chat online - \u00een special pentru vorbitorii de olandez\u0103 - nu este singura platform\u0103 unde pute\u021bi socializa \u0219i descoperi comunit\u0103\u021bi atractive. Alte servicii de chat ofer\u0103 propriile lor perspective unice asupra interac\u021biunii online, concentr\u00e2ndu-se pe anumite caracteristici sau caracteristici demografice.<\/p>\n<p>Unele platforme pun accentul pe <a href=\"https:\/\/strangercam.com\/ro\/rabbit-video-chat\/\">video<\/a> \u00een timp ce altele s-ar putea specializa \u00een camere de chat tematice sau caracteristici orientate spre \u00eent\u00e2lniri. Explor\u00e2nd aceste alternative, pute\u021bi g\u0103si site-uri care abordeaz\u0103 subiecte de ni\u0219\u0103 sau forme specializate de implicare. Cu toate acestea, combina\u021bia de interac\u021biune sigur\u0103, \u00een timp real, design u\u0219or de utilizat \u0219i caracteristici premium op\u021bionale ale Chattijd \u00eel fac o alegere remarcabil\u0103 pentru oricine caut\u0103 o experien\u021b\u0103 de chat cu multiple fa\u021bete.<\/p>\n<h2>Concluzie<\/h2>\n<p>Cu combina\u021bia sa de m\u0103suri de securitate robuste, caracteristici u\u0219or de utilizat \u0219i o comunitate divers\u0103, Chattijd dovede\u0219te c\u0103 chat-ul online poate fi at\u00e2t distractiv, c\u00e2t \u0219i \u00eembog\u0103\u021bitor. Fie c\u0103 alege\u021bi abonamentul gratuit sau opta\u021bi pentru avantajele premium, ve\u021bi g\u0103si posibilit\u0103\u021bi nelimitate de a v\u0103 conecta, de a \u00eemp\u0103rt\u0103\u0219i \u0219i de a descoperi noi prietenii. Intr\u0103 ast\u0103zi \u00een Chattijd \u0219i experimenteaz\u0103 o lume de conversa\u021bii vibrante, \u00een timp real - totul din confortul dispozitivului t\u0103u.<\/p>","protected":false},"excerpt":{"rendered":"<p>In the fast-paced world of online communication, Chattijd has quickly established itself as a lively and engaging platform connecting people from all corners of the globe. Whether you\u2019re searching for casual conversation, meaningful friendships, or interactive entertainment, this Dutch-based platform offers an array of opportunities to connect with like-minded individuals. Join us as we dive [&hellip;]<\/p>\n","protected":false},"author":6,"featured_media":0,"parent":0,"menu_order":0,"comment_status":"closed","ping_status":"closed","template":"","meta":{"footnotes":""},"class_list":["post-12702","page","type-page","status-publish","hentry"],"yoast_head":"<!-- This site is optimized with the Yoast SEO plugin v27.4 - https:\/\/yoast.com\/product\/yoast-seo-wordpress\/ -->\n<title>Chattijd - Free video chat with girls on StrangerCam.com<\/title>\n<meta name=\"description\" content=\"Like Chattijd? Come chat with more than 5.000.000 strangers on Stranger Cam for Free! Turn on your cam and find new friends &amp; maby a match!\" \/>\n<meta name=\"robots\" content=\"index, follow, max-snippet:-1, max-image-preview:large, max-video-preview:-1\" \/>\n<link rel=\"canonical\" href=\"https:\/\/strangercam.com\/ro\/chattijd\/\" \/>\n<meta property=\"og:locale\" content=\"ro_RO\" \/>\n<meta property=\"og:type\" content=\"article\" \/>\n<meta property=\"og:title\" content=\"Chattijd - Free video chat with girls on StrangerCam.com\" \/>\n<meta property=\"og:description\" content=\"Like Chattijd? Come chat with more than 5.000.000 strangers on Stranger Cam for Free! Turn on your cam and find new friends &amp; maby a match!\" \/>\n<meta property=\"og:url\" content=\"https:\/\/strangercam.com\/ro\/chattijd\/\" \/>\n<meta property=\"og:site_name\" content=\"Strangercam\" \/>\n<meta property=\"article:publisher\" content=\"https:\/\/www.facebook.com\/strangercam\" \/>\n<meta property=\"article:modified_time\" content=\"2025-02-07T11:21:09+00:00\" \/>\n<meta property=\"og:image\" content=\"https:\/\/strangercam.com\/wp-content\/uploads\/2021\/10\/Untitled-2.png\" \/>\n\t<meta property=\"og:image:width\" content=\"800\" \/>\n\t<meta property=\"og:image:height\" content=\"532\" \/>\n\t<meta property=\"og:image:type\" content=\"image\/png\" \/>\n<meta name=\"twitter:card\" content=\"summary_large_image\" \/>\n<meta name=\"twitter:site\" content=\"@strangercamapp\" \/>\n<meta name=\"twitter:label1\" content=\"Timp estimat pentru citire\" \/>\n\t<meta name=\"twitter:data1\" content=\"6 minute\" \/>\n<script type=\"application\/ld+json\" class=\"yoast-schema-graph\">{\"@context\":\"https:\\\/\\\/schema.org\",\"@graph\":[{\"@type\":\"WebPage\",\"@id\":\"https:\\\/\\\/strangercam.com\\\/chattijd\\\/\",\"url\":\"https:\\\/\\\/strangercam.com\\\/chattijd\\\/\",\"name\":\"Chattijd - Free video chat with girls on StrangerCam.com\",\"isPartOf\":{\"@id\":\"https:\\\/\\\/strangercam.com\\\/#website\"},\"datePublished\":\"2025-02-07T11:19:12+00:00\",\"dateModified\":\"2025-02-07T11:21:09+00:00\",\"description\":\"Like Chattijd? Come chat with more than 5.000.000 strangers on Stranger Cam for Free! Turn on your cam and find new friends & maby a match!\",\"breadcrumb\":{\"@id\":\"https:\\\/\\\/strangercam.com\\\/chattijd\\\/#breadcrumb\"},\"inLanguage\":\"ro-RO\",\"potentialAction\":[{\"@type\":\"ReadAction\",\"target\":[\"https:\\\/\\\/strangercam.com\\\/chattijd\\\/\"]}]},{\"@type\":\"BreadcrumbList\",\"@id\":\"https:\\\/\\\/strangercam.com\\\/chattijd\\\/#breadcrumb\",\"itemListElement\":[{\"@type\":\"ListItem\",\"position\":1,\"name\":\"Home\",\"item\":\"https:\\\/\\\/strangercam.com\\\/\"},{\"@type\":\"ListItem\",\"position\":2,\"name\":\"Chattijd\"}]},{\"@type\":\"WebSite\",\"@id\":\"https:\\\/\\\/strangercam.com\\\/#website\",\"url\":\"https:\\\/\\\/strangercam.com\\\/\",\"name\":\"Strangercam\",\"description\":\"Random Video Chat with Strangers\",\"publisher\":{\"@id\":\"https:\\\/\\\/strangercam.com\\\/#organization\"},\"alternateName\":\"Strangercam.com\",\"potentialAction\":[{\"@type\":\"SearchAction\",\"target\":{\"@type\":\"EntryPoint\",\"urlTemplate\":\"https:\\\/\\\/strangercam.com\\\/?s={search_term_string}\"},\"query-input\":{\"@type\":\"PropertyValueSpecification\",\"valueRequired\":true,\"valueName\":\"search_term_string\"}}],\"inLanguage\":\"ro-RO\"},{\"@type\":\"Organization\",\"@id\":\"https:\\\/\\\/strangercam.com\\\/#organization\",\"name\":\"Strangercam\",\"alternateName\":\"Strangercam.com\",\"url\":\"https:\\\/\\\/strangercam.com\\\/\",\"logo\":{\"@type\":\"ImageObject\",\"inLanguage\":\"ro-RO\",\"@id\":\"https:\\\/\\\/strangercam.com\\\/#\\\/schema\\\/logo\\\/image\\\/\",\"url\":\"https:\\\/\\\/strangercam.com\\\/wp-content\\\/uploads\\\/2020\\\/11\\\/cropped-new-favicon-black.png\",\"contentUrl\":\"https:\\\/\\\/strangercam.com\\\/wp-content\\\/uploads\\\/2020\\\/11\\\/cropped-new-favicon-black.png\",\"width\":512,\"height\":512,\"caption\":\"Strangercam\"},\"image\":{\"@id\":\"https:\\\/\\\/strangercam.com\\\/#\\\/schema\\\/logo\\\/image\\\/\"},\"sameAs\":[\"https:\\\/\\\/www.facebook.com\\\/strangercam\",\"https:\\\/\\\/x.com\\\/strangercamapp\"]}]}<\/script>\n<!-- \/ Yoast SEO plugin. -->","yoast_head_json":{"title":"Chattijd - Videochat gratuit cu fete pe StrangerCam.com","description":"\u00ce\u021bi place Chattijd? Vino s\u0103 vorbe\u0219ti cu mai mult de 5.000.000 de str\u0103ini pe Stranger Cam gratuit! Porne\u0219te-\u021bi camera \u0219i g\u0103se\u0219te prieteni noi \u0219i poate o pereche!","robots":{"index":"index","follow":"follow","max-snippet":"max-snippet:-1","max-image-preview":"max-image-preview:large","max-video-preview":"max-video-preview:-1"},"canonical":"https:\/\/strangercam.com\/ro\/chattijd\/","og_locale":"ro_RO","og_type":"article","og_title":"Chattijd - Free video chat with girls on StrangerCam.com","og_description":"Like Chattijd? Come chat with more than 5.000.000 strangers on Stranger Cam for Free! Turn on your cam and find new friends & maby a match!","og_url":"https:\/\/strangercam.com\/ro\/chattijd\/","og_site_name":"Strangercam","article_publisher":"https:\/\/www.facebook.com\/strangercam","article_modified_time":"2025-02-07T11:21:09+00:00","og_image":[{"width":800,"height":532,"url":"https:\/\/strangercam.com\/wp-content\/uploads\/2021\/10\/Untitled-2.png","type":"image\/png"}],"twitter_card":"summary_large_image","twitter_site":"@strangercamapp","twitter_misc":{"Timp estimat pentru citire":"6 minute"},"schema":{"@context":"https:\/\/schema.org","@graph":[{"@type":"WebPage","@id":"https:\/\/strangercam.com\/chattijd\/","url":"https:\/\/strangercam.com\/chattijd\/","name":"Chattijd - Videochat gratuit cu fete pe StrangerCam.com","isPartOf":{"@id":"https:\/\/strangercam.com\/#website"},"datePublished":"2025-02-07T11:19:12+00:00","dateModified":"2025-02-07T11:21:09+00:00","description":"\u00ce\u021bi place Chattijd? Vino s\u0103 vorbe\u0219ti cu mai mult de 5.000.000 de str\u0103ini pe Stranger Cam gratuit! Porne\u0219te-\u021bi camera \u0219i g\u0103se\u0219te prieteni noi \u0219i poate o pereche!","breadcrumb":{"@id":"https:\/\/strangercam.com\/chattijd\/#breadcrumb"},"inLanguage":"ro-RO","potentialAction":[{"@type":"ReadAction","target":["https:\/\/strangercam.com\/chattijd\/"]}]},{"@type":"BreadcrumbList","@id":"https:\/\/strangercam.com\/chattijd\/#breadcrumb","itemListElement":[{"@type":"ListItem","position":1,"name":"Home","item":"https:\/\/strangercam.com\/"},{"@type":"ListItem","position":2,"name":"Chattijd"}]},{"@type":"WebSite","@id":"https:\/\/strangercam.com\/#website","url":"https:\/\/strangercam.com\/","name":"Strangercam","description":"Chat video aleatoriu cu str\u0103ini","publisher":{"@id":"https:\/\/strangercam.com\/#organization"},"alternateName":"Strangercam.com","potentialAction":[{"@type":"SearchAction","target":{"@type":"EntryPoint","urlTemplate":"https:\/\/strangercam.com\/?s={search_term_string}"},"query-input":{"@type":"PropertyValueSpecification","valueRequired":true,"valueName":"search_term_string"}}],"inLanguage":"ro-RO"},{"@type":"Organization","@id":"https:\/\/strangercam.com\/#organization","name":"Strangercam","alternateName":"Strangercam.com","url":"https:\/\/strangercam.com\/","logo":{"@type":"ImageObject","inLanguage":"ro-RO","@id":"https:\/\/strangercam.com\/#\/schema\/logo\/image\/","url":"https:\/\/strangercam.com\/wp-content\/uploads\/2020\/11\/cropped-new-favicon-black.png","contentUrl":"https:\/\/strangercam.com\/wp-content\/uploads\/2020\/11\/cropped-new-favicon-black.png","width":512,"height":512,"caption":"Strangercam"},"image":{"@id":"https:\/\/strangercam.com\/#\/schema\/logo\/image\/"},"sameAs":["https:\/\/www.facebook.com\/strangercam","https:\/\/x.com\/strangercamapp"]}]}},"_links":{"self":[{"href":"https:\/\/strangercam.com\/ro\/wp-json\/wp\/v2\/pages\/12702","targetHints":{"allow":["GET"]}}],"collection":[{"href":"https:\/\/strangercam.com\/ro\/wp-json\/wp\/v2\/pages"}],"about":[{"href":"https:\/\/strangercam.com\/ro\/wp-json\/wp\/v2\/types\/page"}],"author":[{"embeddable":true,"href":"https:\/\/strangercam.com\/ro\/wp-json\/wp\/v2\/users\/6"}],"replies":[{"embeddable":true,"href":"https:\/\/strangercam.com\/ro\/wp-json\/wp\/v2\/comments?post=12702"}],"version-history":[{"count":3,"href":"https:\/\/strangercam.com\/ro\/wp-json\/wp\/v2\/pages\/12702\/revisions"}],"predecessor-version":[{"id":12707,"href":"https:\/\/strangercam.com\/ro\/wp-json\/wp\/v2\/pages\/12702\/revisions\/12707"}],"wp:attachment":[{"href":"https:\/\/strangercam.com\/ro\/wp-json\/wp\/v2\/media?parent=12702"}],"curies":[{"name":"wp","href":"https:\/\/api.w.org\/{rel}","templated":true}]}}