{"id":12700,"date":"2025-02-07T13:15:10","date_gmt":"2025-02-07T11:15:10","guid":{"rendered":"https:\/\/strangercam.com\/?page_id=12700"},"modified":"2025-02-07T13:15:40","modified_gmt":"2025-02-07T11:15:40","slug":"omegla","status":"publish","type":"page","link":"https:\/\/strangercam.com\/ro\/omegla\/","title":{"rendered":"Omegla"},"content":{"rendered":"<p>Odat\u0103 cu plecarea lui Omegle, o varietate de noi <a href=\"https:\/\/strangercam.com\/ro\/rabbit-video-chat\/\">video<\/a> <a href=\"https:\/\/strangercam.com\/ro\/chatroulette\/\">chat<\/a> au ap\u0103rut servicii pentru a umple acest gol. Omegla este o astfel de platform\u0103, care se inspir\u0103 din abordarea direct\u0103 a Omegle \u00een ceea ce prive\u0219te chat-ul unu-la-unu aleatoriu. Fie c\u0103 sunte\u021bi \u00een c\u0103utarea unei conversa\u021bii rapide, \u00een c\u0103utarea de noi prieteni din \u00eentreaga lume sau doar curios cu privire la cele mai recente inova\u021bii inspirate de Omegle, Omegla \u00ee\u0219i propune s\u0103 ofere o experien\u021b\u0103 video distractiv\u0103 \u0219i u\u0219or de utilizat. Mai jos este o privire cuprinz\u0103toare asupra a ceea ce aduce Omegla - principalele sale caracteristici, interfa\u021ba cu utilizatorul, m\u0103surile de siguran\u021b\u0103 \u0219i modul \u00een care se compar\u0103 cu alte <a href=\"https:\/\/strangercam.com\/ro\/omegle\/\">Omegle<\/a> alternative precum Uhmegle \u0219i Omegleweg.<\/p>\n<h2>Despre Omegla<\/h2>\n<p>Omegla urmeaz\u0103 cadrul clasic de chat aleatoriu:<\/p>\n<ol>\n<li><strong>Conexiuni imediate<\/strong>\n<ul>\n<li>Dup\u0103 o vizit\u0103 rapid\u0103 pe site, un singur clic sau o atingere v\u0103 conecteaz\u0103 cu un str\u0103in din orice col\u021b al lumii.<\/li>\n<\/ul>\n<\/li>\n<li><strong>Anonimatul pe primul loc<\/strong>\n<ul>\n<li>\u00cenregistrarea nu este obligatorie, ceea ce \u00eenseamn\u0103 c\u0103 pute\u021bi intra direct \u00een chat. Dac\u0103 prefera\u021bi, pute\u021bi crea un profil de baz\u0103, dar acesta este op\u021bional.<\/li>\n<\/ul>\n<\/li>\n<li><strong>Concentrare unu-la-unu<\/strong>\n<ul>\n<li>Omegla se concentreaz\u0103 pe <em>individual<\/em> conexiuni - aici nu exist\u0103 camere pentru grupuri mari sau func\u021bii de conferin\u021b\u0103, reflect\u00e2nd simplitatea caracteristic\u0103 Omegle.<\/li>\n<\/ul>\n<\/li>\n<\/ol>\n<p>Aceast\u0103 abordare minimalist\u0103 se adreseaz\u0103 utilizatorilor care doresc pur \u0219i simplu s\u0103 sar\u0103, <a href=\"https:\/\/strangercam.com\/ro\/coomeet\/\">\u00eent\u00e2lnire<\/a> pe cineva nou \u0219i fie s\u0103 continua\u021bi conversa\u021bia, fie s\u0103 trece\u021bi mai departe dac\u0103 nu v\u0103 potrivi\u021bi.<\/p>\n<h2>Principalele caracteristici la o privire de ansamblu<\/h2>\n<p>Tabelul urm\u0103tor prezint\u0103 principalele instrumente \u0219i func\u021bii care definesc experien\u021ba utilizatorului Omegla:<\/p>\n<table>\n<thead>\n<tr>\n<th><strong>Caracteristic\u0103<\/strong><\/th>\n<th><strong>Descriere<\/strong><\/th>\n<\/tr>\n<\/thead>\n<tbody>\n<tr>\n<td><strong>Potrivire aleatorie<\/strong><\/td>\n<td>\u00cemperecheaz\u0103-te instantaneu cu un utilizator aleatoriu pentru o conversa\u021bie spontan\u0103.<\/td>\n<\/tr>\n<tr>\n<td><strong>Op\u021biune chat text<\/strong><\/td>\n<td>Trimite\u021bi mesaje rapide \u00een tandem cu imagini video live pentru o claritate sporit\u0103.<\/td>\n<\/tr>\n<tr>\n<td><strong>Etichete de interes<\/strong><\/td>\n<td>Ad\u0103uga\u021bi sau selecta\u021bi interese generale pentru a direc\u021biona u\u0219or potrivirile aleatorii.<\/td>\n<\/tr>\n<tr>\n<td><strong>Salt sau Urm\u0103torul<\/strong><\/td>\n<td>Trece\u021bi f\u0103r\u0103 probleme la un nou utilizator dac\u0103 conexiunea curent\u0103 nu este potrivit\u0103.<\/td>\n<\/tr>\n<tr>\n<td><strong>Configurare minim\u0103<\/strong><\/td>\n<td>Nu sunt necesare \u00eenregistr\u0103ri greoaie sau set\u0103ri complicate.<\/td>\n<\/tr>\n<tr>\n<td><strong>Instrumente de feedback pentru utilizatori<\/strong><\/td>\n<td>Evalua\u021bi sau raporta\u021bi utilizatorii pentru a contribui la men\u021binerea standardelor comunit\u0103\u021bii.<\/td>\n<\/tr>\n<\/tbody>\n<\/table>\n<p>Prin design, Omegla \u00ee\u0219i p\u0103streaz\u0103 setul de caracteristici redus, asigur\u00e2ndu-se c\u0103 experien\u021ba de baz\u0103 - vorbirea cu str\u0103inii - r\u0103m\u00e2ne \u00een centrul aten\u021biei.<\/p>\n<h2>Interfa\u021ba \u0219i experien\u021ba utilizatorului<\/h2>\n<h3>Layout curat, simplificat<\/h3>\n<ul>\n<li><strong>Fereastr\u0103 video mare<\/strong>: \u00cen centrul ecranului, ve\u021bi vedea persoana cu care discuta\u021bi, f\u0103r\u0103 exces de dezordine.<\/li>\n<li><strong>Sidebar\/Panel mic<\/strong>: Comenzile esen\u021biale - start, urm\u0103tor, chat text \u0219i filtre - sunt aranjate ordonat pe lateral.<\/li>\n<li><strong>Comenzi familiare<\/strong>: Dac\u0103 a\u021bi folosit Omegle sau alte platforme similare, v\u0103 ve\u021bi adapta instantaneu la interfa\u021ba Omegla.<\/li>\n<\/ul>\n<h3>Conexiuni rapide<\/h3>\n<ul>\n<li><strong>Laten\u021b\u0103 redus\u0103<\/strong>: Pagina principal\u0103 a Omegla se \u00eencarc\u0103 rapid \u0219i este nevoie de doar o clip\u0103 pentru a g\u0103si o potrivire.<\/li>\n<li><strong>Calitate video adaptiv\u0103<\/strong>: Sistemul detecteaz\u0103 viteza dvs. de internet pentru a oferi cel mai bun con\u021binut video posibil, f\u0103r\u0103 buffering constant.<\/li>\n<li><strong>Tranzi\u021bie u\u0219oar\u0103 \"Urm\u0103torul<\/strong>: Trecerea de la un utilizator la altul cauzeaz\u0103 rareori \u00eent\u00e2rzieri, ceea ce simplific\u0103 chat-ul p\u00e2n\u0103 c\u00e2nd g\u0103si\u021bi persoana potrivit\u0103.<\/li>\n<\/ul>\n<h2>Siguran\u021b\u0103 \u0219i modera\u021bie<\/h2>\n<p>Deoarece chat-ul aleatoriu poate fi imprevizibil, Omegla utilizeaz\u0103 mai multe m\u0103suri pentru a asigura un mediu mai respectuos:<\/p>\n<ol>\n<li><strong>Func\u021bie de raport\/bloc<\/strong>\n<ul>\n<li>Cu un singur clic, pute\u021bi raporta orice utilizator care \u00eencalc\u0103 standardele comunit\u0103\u021bii. Echipa de moderare analizeaz\u0103 sesiunile semnalate.<\/li>\n<\/ul>\n<\/li>\n<li><strong>Orient\u0103ri privind con\u021binutul de baz\u0103<\/strong>\n<ul>\n<li>Regulile clare descriu comportamentele care sunt interzise, oferind comunit\u0103\u021bii de utilizatori un cadru convenit.<\/li>\n<\/ul>\n<\/li>\n<li><strong>Evalu\u0103ri utilizator<\/strong>\n<ul>\n<li>\u00cen unele cazuri, pute\u021bi l\u0103sa feedback cu privire la \u00eent\u00e2lnirile dvs., ajut\u00e2nd la promovarea interac\u021biunilor pozitive \u0219i la eliminarea comportamentelor problematice.<\/li>\n<\/ul>\n<\/li>\n<\/ol>\n<p>De\u0219i nicio platform\u0103 nu poate garanta perfec\u021biunea, aceste instrumente favorizeaz\u0103 o mai mare siguran\u021b\u0103 <a href=\"https:\/\/strangercam.com\/ro\/mocospace\/\">spa\u021biu<\/a> dec\u00e2t atmosfera liber\u0103 pentru to\u021bi care a afectat uneori platformele de chat aleatorii mai vechi.<\/p>\n<h2>Compara\u021bii cu alte alternative Omegle<\/h2>\n<p>Omegla este doar unul dintre numeroasele servicii emergente de tipul Omegle, cum ar fi <strong>Uhmegle<\/strong> \u0219i <strong>Omegleweg<\/strong>. Mai jos este prezentat un instantaneu al modului \u00een care acestea se compar\u0103 \u00een ceea ce prive\u0219te aspectele cheie:<\/p>\n<table>\n<thead>\n<tr>\n<th><strong>Platform\u0103<\/strong><\/th>\n<th><strong>U\u0219urin\u021ba de utilizare<\/strong><\/th>\n<th><strong>Calitate video<\/strong><\/th>\n<th><strong>Filtre\/ Etichete<\/strong><\/th>\n<th><strong>Instrumente de raportare<\/strong><\/th>\n<th><strong>Dimensiunea bazei de utilizatori<\/strong><\/th>\n<\/tr>\n<\/thead>\n<tbody>\n<tr>\n<td><strong>Omegla<\/strong><\/td>\n<td>Foarte simplu<\/td>\n<td>Streaming HD adaptiv<\/td>\n<td>Interese de baz\u0103<\/td>\n<td>Raport rapid\/bloc<\/td>\n<td>Cre\u0219tere rapid\u0103<\/td>\n<\/tr>\n<tr>\n<td>Uhmegle<\/td>\n<td>Simplu<\/td>\n<td>\u00cen general stabil\u0103<\/td>\n<td>Oarecum detaliate<\/td>\n<td>Echipa de revizuire a manualului<\/td>\n<td>Utilizatori stabili\u021bi<\/td>\n<\/tr>\n<tr>\n<td>Omegleweg<\/td>\n<td>Minimalist<\/td>\n<td>Solid (unele tampon\u0103ri)<\/td>\n<td>limitat\u0103<\/td>\n<td>Raportare de baz\u0103<\/td>\n<td>Moderat<\/td>\n<\/tr>\n<\/tbody>\n<\/table>\n<ul>\n<li><strong>U\u0219urin\u021ba de utilizare<\/strong>: Toate cele trei platforme \u00eemp\u0103rt\u0103\u0219esc o abordare f\u0103r\u0103 complica\u021bii, dar interfa\u021ba Omegla este deosebit de curat\u0103.<\/li>\n<li><strong>Calitate video<\/strong>: Omegla se concentreaz\u0103 pe streaming adaptiv, oferind o performan\u021b\u0103 destul de consistent\u0103.<\/li>\n<li><strong>Filtre\/ Etichete<\/strong>: Uhmegle poate oferi mai multe detalii, dar etichetele de interes de baz\u0103 ale Omegla men\u021bin lucrurile simple.<\/li>\n<li><strong>Instrumente de raportare<\/strong>: Omegla este cunoscut pentru butonul s\u0103u simplu de blocare\/raportare, asigur\u00e2nd o \u00eentrerupere minim\u0103 \u00een timpul sesiunilor live.<\/li>\n<\/ul>\n<h2>Datele demografice \u0219i activitatea utilizatorilor<\/h2>\n<h3>Cine utilizeaz\u0103 Omegla?<\/h3>\n<ul>\n<li><strong>Intervalul de v\u00e2rst\u0103 primar<\/strong>: Adul\u021bii tineri (18-35 de ani) reprezint\u0103 o mare parte, de\u0219i \u0219i persoanele mai \u00een v\u00e2rst\u0103 vin s\u0103 discute rapid.<\/li>\n<li><strong>Limbi str\u0103ine<\/strong>: Predominant vorbitoare de limba englez\u0103, dar ve\u021bi g\u0103si o varietate decent\u0103 de alte limbi datorit\u0103 accesibilit\u0103\u021bii globale.<\/li>\n<li><strong>Comunitatea global\u0103<\/strong>: Prezen\u021b\u0103 puternic\u0103 \u00een America de Nord \u0219i Europa, cu baze de utilizatori \u00een cre\u0219tere \u00een unele p\u0103r\u021bi din Asia \u0219i America de Sud.<\/li>\n<\/ul>\n<h3>Tendin\u021be de utilizare<\/h3>\n<ul>\n<li><strong>Ore de v\u00e2rf<\/strong>: Seara \u0219i la sf\u00e2r\u0219it de s\u0103pt\u0103m\u00e2n\u0103, c\u00e2nd oamenii se relaxeaz\u0103 de la munc\u0103 sau de la \u0219coal\u0103.<\/li>\n<li><strong>Conversa\u021bii ocazionale<\/strong>: Mul\u021bi utilizatori sunt acolo doar pentru divertisment sau pentru a petrece timpul.<\/li>\n<li><strong>Conversa\u021bia profund\u0103 ocazional\u0103<\/strong>: Unii oameni r\u0103m\u00e2n pentru discu\u021bii mai semnificative - hobby-uri, evenimente globale sau schimburi culturale.<\/li>\n<\/ul>\n<h2>Avantaje \u0219i dezavantaje<\/h2>\n<p>Mai jos este o defalcare rapid\u0103 a punctelor forte ale Omegla \u0219i a poten\u021bialelor domenii de \u00eembun\u0103t\u0103\u021bire:<\/p>\n<table>\n<thead>\n<tr>\n<th><strong>Avantaje<\/strong><\/th>\n<th><strong>Contra<\/strong><\/th>\n<\/tr>\n<\/thead>\n<tbody>\n<tr>\n<td>\u2013 <strong>Conversa\u021bii instantanee aleatorii<\/strong>: Butonul de pornire rapid\u0103 v\u0103 permite s\u0103 discuta\u021bi rapid.<\/td>\n<td>\u2013 <strong>Poten\u021bial con\u021binut neadecvat<\/strong>: Natura aleatorie \u00eenseamn\u0103 surprize.<\/td>\n<\/tr>\n<tr>\n<td>\u2013 <strong>Nu este necesar\u0103 \u00eenregistrarea<\/strong>: \u00censcrie\u021bi-v\u0103 f\u0103r\u0103 a partaja informa\u021bii personale.<\/td>\n<td>\u2013 <strong>Filtrare limitat\u0103<\/strong>: Etichetele de baz\u0103 v\u0103 permit doar s\u0103 restr\u00e2nge\u021bi c\u0103utarea \u00een func\u021bie de subiecte generale.<\/td>\n<\/tr>\n<tr>\n<td>\u2013 <strong>Conexiuni rapide, stabile<\/strong>: Fluxul adaptiv men\u021bine apelurile fluente.<\/td>\n<td>\u2013 <strong>Nu exist\u0103 personalizare a profilului<\/strong>: Cei care doresc mai mult\u0103 personalizare se pot sim\u021bi limita\u021bi.<\/td>\n<\/tr>\n<tr>\n<td>\u2013 <strong>Interfa\u021b\u0103 simpl\u0103<\/strong>: Curb\u0103 de \u00eenv\u0103\u021bare minim\u0103 pentru noii veni\u021bi.<\/td>\n<td>\u2013 <strong>\u00cencrederea \u00een rapoartele utilizatorilor<\/strong>: Eficacitatea moder\u0103rii depinde de vigilen\u021ba comunit\u0103\u021bii.<\/td>\n<\/tr>\n<\/tbody>\n<\/table>\n<h2>\u00cembun\u0103t\u0103\u021biri viitoare sugerate<\/h2>\n<p>Omegla continu\u0103 s\u0103 evolueze, iar utilizatorii transmit frecvent feedback. Unele \u00eembun\u0103t\u0103\u021biri poten\u021biale includ:<\/p>\n<ol>\n<li><strong>Categorii de interes extinse<\/strong>\n<ul>\n<li>Permite\u021bi utilizatorilor s\u0103 selecteze dintr-un set mai larg de interese pentru a face conexiunile mai relevante.<\/li>\n<\/ul>\n<\/li>\n<li><strong>Nume de utilizator sau profil op\u021bional<\/strong>\n<ul>\n<li>Oferi\u021bi un pic mai mult\u0103 personalizare pentru cei care doresc s\u0103 \u021bin\u0103 eviden\u021ba meciurilor amicale.<\/li>\n<\/ul>\n<\/li>\n<li><strong>Traducere \u00eencorporat\u0103<\/strong>\n<ul>\n<li>Facilita\u021bi conversa\u021biile \u00een mai multe limbi pentru o experien\u021b\u0103 \u0219i mai global\u0103.<\/li>\n<\/ul>\n<\/li>\n<li><strong>Filtrare imediat\u0103 pentru con\u021binut neadecvat<\/strong>\n<ul>\n<li>Detectarea bazat\u0103 pe inteligen\u021ba artificial\u0103 ar putea ajuta la reducerea mai rapid\u0103 a comportamentului explicit sau ofensator.<\/li>\n<\/ul>\n<\/li>\n<\/ol>\n<h2>No\u021biuni introductive: Un ghid rapid<\/h2>\n<p>Sunte\u021bi gata s\u0103 \u00eencerca\u021bi Omegla? Iat\u0103 o scurt\u0103 foaie de parcurs:<\/p>\n<ol>\n<li><strong>Vizita\u021bi Omegla<\/strong>: Intra\u021bi direct pe site \u00een orice browser obi\u0219nuit.<\/li>\n<li><strong>Permite\u021bi camera \u0219i microfonul<\/strong>: Acord\u0103 permisiunile necesare pentru audio \u0219i video.<\/li>\n<li><strong>Alege\u021bi interesele (op\u021bional)<\/strong>: Selecta\u021bi c\u00e2teva etichete generale pentru a ghida potrivirea aleatorie.<\/li>\n<li><strong>Face\u021bi clic pe \"Start<\/strong>: Ve\u021bi fi \u00eemperecheat rapid cu un alt utilizator.<\/li>\n<li><strong>Chat sau Skip<\/strong>: Dac\u0103 nu se potrive\u0219te, face\u021bi clic pe \"Urm\u0103torul\" pentru a trece mai departe.<\/li>\n<li><strong>Bloc\/Raport<\/strong>: Dac\u0103 un utilizator \u00eencalc\u0103 liniile directoare, este disponibil\u0103 o op\u021biune de raportare cu un singur clic.<\/li>\n<\/ol>\n<p>E\u0219ti online \u0219i cuno\u0219ti oameni noi \u00een c\u00e2teva secunde - nu sunt necesare \u00eenscrieri plictisitoare.<\/p>\n<h2>Concluzie<\/h2>\n<p>\u00centr-o lume \u00een care absen\u021ba Omegle a l\u0103sat un gol pentru fanii chat-urilor video spontane, Omegla se pozi\u021bioneaz\u0103 ca o alternativ\u0103 simpl\u0103 \u0219i modern\u0103. Interfa\u021ba sa minim\u0103, conexiunile rapide \u0219i angajamentul fa\u021b\u0103 de caracteristicile u\u0219or de utilizat reflect\u0103 esen\u021ba a ceea ce a f\u0103cut originalul Omegle at\u00e2t de atr\u0103g\u0103tor.<\/p>\n<p>\u00cen timp ce moderarea pe orice platform\u0103 aleatorie nu este niciodat\u0103 infailibil\u0103, instrumentele de raportare \u0219i blocare ale Omegla urm\u0103resc s\u0103 men\u021bin\u0103 o atmosfer\u0103 mai pozitiv\u0103. Pentru cei care t\u00e2njesc dup\u0103 interac\u021biuni interna\u021bionale aleatorii, f\u0103r\u0103 a fi nevoi\u021bi s\u0103 creeze conturi sau s\u0103 navigheze prin nenum\u0103rate set\u0103ri, Omegla ofer\u0103 o experien\u021b\u0103 atractiv\u0103, f\u0103r\u0103 complica\u021bii. Cu o perfec\u021bionare continu\u0103 \u0219i o moderare receptiv\u0103, are poten\u021bialul de a-\u0219i croi un loc stabil printre succesorii populari ai Omegle, precum Uhmegle \u0219i Omegleweg.<\/p>\n<p>Dac\u0103 sunte\u021bi \u00een c\u0103utarea acelei vibra\u021bii clasice de \"Str\u0103in la un click de buton\", Omegla ar putea fi urm\u0103toarea dvs. op\u021biune preferat\u0103 pentru a cunoa\u0219te oameni din \u00eentreaga lume - o discu\u021bie spontan\u0103 la un moment dat.<\/p>","protected":false},"excerpt":{"rendered":"<p>With Omegle\u2019s departure, a variety of new video chat services have emerged to fill the gap. Omegla is one such platform, taking inspiration from Omegle\u2019s straightforward approach to random one-on-one chatting. Whether you\u2019re looking for a quick conversation, seeking new friends worldwide, or just curious about the latest Omegle-inspired innovations, Omegla aims to provide a [&hellip;]<\/p>\n","protected":false},"author":6,"featured_media":0,"parent":0,"menu_order":0,"comment_status":"closed","ping_status":"closed","template":"","meta":{"footnotes":""},"class_list":["post-12700","page","type-page","status-publish","hentry"],"yoast_head":"<!-- This site is optimized with the Yoast SEO plugin v27.4 - https:\/\/yoast.com\/product\/yoast-seo-wordpress\/ -->\n<title>Omegla - Free video chat with girls on StrangerCam.com<\/title>\n<meta name=\"description\" content=\"Like Omegla? Come chat with more than 5.000.000 strangers on Stranger Cam for Free! Turn on your cam and find new friends &amp; maby a match!\" \/>\n<meta name=\"robots\" content=\"index, follow, max-snippet:-1, max-image-preview:large, max-video-preview:-1\" \/>\n<link rel=\"canonical\" href=\"https:\/\/strangercam.com\/ro\/omegla\/\" \/>\n<meta property=\"og:locale\" content=\"ro_RO\" \/>\n<meta property=\"og:type\" content=\"article\" \/>\n<meta property=\"og:title\" content=\"Omegla - Free video chat with girls on StrangerCam.com\" \/>\n<meta property=\"og:description\" content=\"Like Omegla? Come chat with more than 5.000.000 strangers on Stranger Cam for Free! Turn on your cam and find new friends &amp; maby a match!\" \/>\n<meta property=\"og:url\" content=\"https:\/\/strangercam.com\/ro\/omegla\/\" \/>\n<meta property=\"og:site_name\" content=\"Strangercam\" \/>\n<meta property=\"article:publisher\" content=\"https:\/\/www.facebook.com\/strangercam\" \/>\n<meta property=\"article:modified_time\" content=\"2025-02-07T11:15:40+00:00\" \/>\n<meta property=\"og:image\" content=\"https:\/\/strangercam.com\/wp-content\/uploads\/2021\/10\/Untitled-2.png\" \/>\n\t<meta property=\"og:image:width\" content=\"800\" \/>\n\t<meta property=\"og:image:height\" content=\"532\" \/>\n\t<meta property=\"og:image:type\" content=\"image\/png\" \/>\n<meta name=\"twitter:card\" content=\"summary_large_image\" \/>\n<meta name=\"twitter:site\" content=\"@strangercamapp\" \/>\n<meta name=\"twitter:label1\" content=\"Timp estimat pentru citire\" \/>\n\t<meta name=\"twitter:data1\" content=\"6 minute\" \/>\n<script type=\"application\/ld+json\" class=\"yoast-schema-graph\">{\"@context\":\"https:\\\/\\\/schema.org\",\"@graph\":[{\"@type\":\"WebPage\",\"@id\":\"https:\\\/\\\/strangercam.com\\\/omegla\\\/\",\"url\":\"https:\\\/\\\/strangercam.com\\\/omegla\\\/\",\"name\":\"Omegla - Free video chat with girls on StrangerCam.com\",\"isPartOf\":{\"@id\":\"https:\\\/\\\/strangercam.com\\\/#website\"},\"datePublished\":\"2025-02-07T11:15:10+00:00\",\"dateModified\":\"2025-02-07T11:15:40+00:00\",\"description\":\"Like Omegla? Come chat with more than 5.000.000 strangers on Stranger Cam for Free! Turn on your cam and find new friends & maby a match!\",\"breadcrumb\":{\"@id\":\"https:\\\/\\\/strangercam.com\\\/omegla\\\/#breadcrumb\"},\"inLanguage\":\"ro-RO\",\"potentialAction\":[{\"@type\":\"ReadAction\",\"target\":[\"https:\\\/\\\/strangercam.com\\\/omegla\\\/\"]}]},{\"@type\":\"BreadcrumbList\",\"@id\":\"https:\\\/\\\/strangercam.com\\\/omegla\\\/#breadcrumb\",\"itemListElement\":[{\"@type\":\"ListItem\",\"position\":1,\"name\":\"Home\",\"item\":\"https:\\\/\\\/strangercam.com\\\/\"},{\"@type\":\"ListItem\",\"position\":2,\"name\":\"Omegla\"}]},{\"@type\":\"WebSite\",\"@id\":\"https:\\\/\\\/strangercam.com\\\/#website\",\"url\":\"https:\\\/\\\/strangercam.com\\\/\",\"name\":\"Strangercam\",\"description\":\"Random Video Chat with Strangers\",\"publisher\":{\"@id\":\"https:\\\/\\\/strangercam.com\\\/#organization\"},\"alternateName\":\"Strangercam.com\",\"potentialAction\":[{\"@type\":\"SearchAction\",\"target\":{\"@type\":\"EntryPoint\",\"urlTemplate\":\"https:\\\/\\\/strangercam.com\\\/?s={search_term_string}\"},\"query-input\":{\"@type\":\"PropertyValueSpecification\",\"valueRequired\":true,\"valueName\":\"search_term_string\"}}],\"inLanguage\":\"ro-RO\"},{\"@type\":\"Organization\",\"@id\":\"https:\\\/\\\/strangercam.com\\\/#organization\",\"name\":\"Strangercam\",\"alternateName\":\"Strangercam.com\",\"url\":\"https:\\\/\\\/strangercam.com\\\/\",\"logo\":{\"@type\":\"ImageObject\",\"inLanguage\":\"ro-RO\",\"@id\":\"https:\\\/\\\/strangercam.com\\\/#\\\/schema\\\/logo\\\/image\\\/\",\"url\":\"https:\\\/\\\/strangercam.com\\\/wp-content\\\/uploads\\\/2020\\\/11\\\/cropped-new-favicon-black.png\",\"contentUrl\":\"https:\\\/\\\/strangercam.com\\\/wp-content\\\/uploads\\\/2020\\\/11\\\/cropped-new-favicon-black.png\",\"width\":512,\"height\":512,\"caption\":\"Strangercam\"},\"image\":{\"@id\":\"https:\\\/\\\/strangercam.com\\\/#\\\/schema\\\/logo\\\/image\\\/\"},\"sameAs\":[\"https:\\\/\\\/www.facebook.com\\\/strangercam\",\"https:\\\/\\\/x.com\\\/strangercamapp\"]}]}<\/script>\n<!-- \/ Yoast SEO plugin. -->","yoast_head_json":{"title":"Omegla - Videochat gratuit cu fete pe StrangerCam.com","description":"\u00ce\u021bi place Omegla? Vino s\u0103 vorbe\u0219ti cu mai mult de 5.000.000 de str\u0103ini pe Stranger Cam gratuit! Porne\u0219te-\u021bi camera \u0219i g\u0103se\u0219te prieteni noi \u0219i poate o pereche!","robots":{"index":"index","follow":"follow","max-snippet":"max-snippet:-1","max-image-preview":"max-image-preview:large","max-video-preview":"max-video-preview:-1"},"canonical":"https:\/\/strangercam.com\/ro\/omegla\/","og_locale":"ro_RO","og_type":"article","og_title":"Omegla - Free video chat with girls on StrangerCam.com","og_description":"Like Omegla? Come chat with more than 5.000.000 strangers on Stranger Cam for Free! Turn on your cam and find new friends & maby a match!","og_url":"https:\/\/strangercam.com\/ro\/omegla\/","og_site_name":"Strangercam","article_publisher":"https:\/\/www.facebook.com\/strangercam","article_modified_time":"2025-02-07T11:15:40+00:00","og_image":[{"width":800,"height":532,"url":"https:\/\/strangercam.com\/wp-content\/uploads\/2021\/10\/Untitled-2.png","type":"image\/png"}],"twitter_card":"summary_large_image","twitter_site":"@strangercamapp","twitter_misc":{"Timp estimat pentru citire":"6 minute"},"schema":{"@context":"https:\/\/schema.org","@graph":[{"@type":"WebPage","@id":"https:\/\/strangercam.com\/omegla\/","url":"https:\/\/strangercam.com\/omegla\/","name":"Omegla - Videochat gratuit cu fete pe StrangerCam.com","isPartOf":{"@id":"https:\/\/strangercam.com\/#website"},"datePublished":"2025-02-07T11:15:10+00:00","dateModified":"2025-02-07T11:15:40+00:00","description":"\u00ce\u021bi place Omegla? Vino s\u0103 vorbe\u0219ti cu mai mult de 5.000.000 de str\u0103ini pe Stranger Cam gratuit! Porne\u0219te-\u021bi camera \u0219i g\u0103se\u0219te prieteni noi \u0219i poate o pereche!","breadcrumb":{"@id":"https:\/\/strangercam.com\/omegla\/#breadcrumb"},"inLanguage":"ro-RO","potentialAction":[{"@type":"ReadAction","target":["https:\/\/strangercam.com\/omegla\/"]}]},{"@type":"BreadcrumbList","@id":"https:\/\/strangercam.com\/omegla\/#breadcrumb","itemListElement":[{"@type":"ListItem","position":1,"name":"Home","item":"https:\/\/strangercam.com\/"},{"@type":"ListItem","position":2,"name":"Omegla"}]},{"@type":"WebSite","@id":"https:\/\/strangercam.com\/#website","url":"https:\/\/strangercam.com\/","name":"Strangercam","description":"Chat video aleatoriu cu str\u0103ini","publisher":{"@id":"https:\/\/strangercam.com\/#organization"},"alternateName":"Strangercam.com","potentialAction":[{"@type":"SearchAction","target":{"@type":"EntryPoint","urlTemplate":"https:\/\/strangercam.com\/?s={search_term_string}"},"query-input":{"@type":"PropertyValueSpecification","valueRequired":true,"valueName":"search_term_string"}}],"inLanguage":"ro-RO"},{"@type":"Organization","@id":"https:\/\/strangercam.com\/#organization","name":"Strangercam","alternateName":"Strangercam.com","url":"https:\/\/strangercam.com\/","logo":{"@type":"ImageObject","inLanguage":"ro-RO","@id":"https:\/\/strangercam.com\/#\/schema\/logo\/image\/","url":"https:\/\/strangercam.com\/wp-content\/uploads\/2020\/11\/cropped-new-favicon-black.png","contentUrl":"https:\/\/strangercam.com\/wp-content\/uploads\/2020\/11\/cropped-new-favicon-black.png","width":512,"height":512,"caption":"Strangercam"},"image":{"@id":"https:\/\/strangercam.com\/#\/schema\/logo\/image\/"},"sameAs":["https:\/\/www.facebook.com\/strangercam","https:\/\/x.com\/strangercamapp"]}]}},"_links":{"self":[{"href":"https:\/\/strangercam.com\/ro\/wp-json\/wp\/v2\/pages\/12700","targetHints":{"allow":["GET"]}}],"collection":[{"href":"https:\/\/strangercam.com\/ro\/wp-json\/wp\/v2\/pages"}],"about":[{"href":"https:\/\/strangercam.com\/ro\/wp-json\/wp\/v2\/types\/page"}],"author":[{"embeddable":true,"href":"https:\/\/strangercam.com\/ro\/wp-json\/wp\/v2\/users\/6"}],"replies":[{"embeddable":true,"href":"https:\/\/strangercam.com\/ro\/wp-json\/wp\/v2\/comments?post=12700"}],"version-history":[{"count":1,"href":"https:\/\/strangercam.com\/ro\/wp-json\/wp\/v2\/pages\/12700\/revisions"}],"predecessor-version":[{"id":12701,"href":"https:\/\/strangercam.com\/ro\/wp-json\/wp\/v2\/pages\/12700\/revisions\/12701"}],"wp:attachment":[{"href":"https:\/\/strangercam.com\/ro\/wp-json\/wp\/v2\/media?parent=12700"}],"curies":[{"name":"wp","href":"https:\/\/api.w.org\/{rel}","templated":true}]}}