{"id":12683,"date":"2025-01-29T10:35:45","date_gmt":"2025-01-29T08:35:45","guid":{"rendered":"https:\/\/strangercam.com\/?page_id=12683"},"modified":"2025-02-04T09:27:22","modified_gmt":"2025-02-04T07:27:22","slug":"pink-video-chat","status":"publish","type":"page","link":"https:\/\/strangercam.com\/ro\/pink-video-chat\/","title":{"rendered":"Chat video roz"},"content":{"rendered":"<p>C\u0103uta\u021bi o modalitate plin\u0103 de via\u021b\u0103, spontan\u0103 de a <a href=\"https:\/\/strangercam.com\/ro\/coomeet\/\">\u00eent\u00e2lnire<\/a> oameni noi pe internet? Pink Video <a href=\"https:\/\/strangercam.com\/ro\/chatroulette\/\">Chat<\/a> ofer\u0103 o alternativ\u0103 distractiv\u0103 la platforme precum Chatrandom, concentr\u00e2ndu-se pe conexiuni video aleatorii care st\u00e2rnesc conversa\u021bii noi \u00een \u00eentreaga lume. \u00cen acest ghid, vom explora caracteristicile principale ale Pink Video Chat, modul \u00een care se deosebe\u0219te de alte site-uri de chat aleatorii \u0219i ceea ce \u00eel face o op\u021biune sigur\u0103 \u0219i distractiv\u0103 pentru cei care iubesc \u00eent\u00e2lnirile sociale rapide.<\/p>\n<h2>Caracteristici principale<\/h2>\n<p>Roz <a href=\"https:\/\/strangercam.com\/ro\/rabbit-video-chat\/\">Chat video<\/a> ofer\u0103 o metod\u0103 simpl\u0103, dar atr\u0103g\u0103toare, de a intra \u00een contact cu str\u0103inii \u00een timp real. De la interfa\u021ba sa u\u0219or de utilizat p\u00e2n\u0103 la suplimentele creative, scopul s\u0103u este de a men\u021bine conversa\u021biile distractive \u0219i sigure.<\/p>\n<ul>\n<li><strong>Potrivire video aleatorie<\/strong>: \u00cemperecheaz\u0103-te instantaneu cu persoane necunoscute \u0219i intr\u0103 \u00een chat-uri video ocazionale.<\/li>\n<li><strong>Efecte de spargere a ghe\u021bii<\/strong>: Condimenta\u021bi conversa\u021biile cu m\u0103\u0219ti juc\u0103u\u0219e, filtre \u0219i alte elemente vizuale.<\/li>\n<li><strong>Navigare rapid\u0103<\/strong>: Trece\u021bi rapid de la o discu\u021bie la alta, asigur\u00e2ndu-v\u0103 c\u0103 petrece\u021bi mai mult timp vorbind \u0219i mai pu\u021bin timp a\u0219tept\u00e2nd.<\/li>\n<li><strong>Optimizat pentru mobil<\/strong>: Fie pe smartphone sau pe desktop, bucura\u021bi-v\u0103 de chat-uri video f\u0103r\u0103 \u00eentreruperi, f\u0103r\u0103 a sacrifica calitatea.<\/li>\n<\/ul>\n<h2>Experien\u021b\u0103 aleatorie de chat video<\/h2>\n<p>Atrac\u021bia principal\u0103 a Pink Video Chat const\u0103 \u00een capacitatea sa de a v\u0103 pune \u00een leg\u0103tur\u0103 cu persoane necunoscute, unu la unu, prin simpla ap\u0103sare a unui buton.<\/p>\n<h3>Conexiuni instantanee<\/h3>\n<p>Imediat ce ap\u0103sa\u021bi \u201cStart\u201d, algoritmul Pink Video Chat g\u0103se\u0219te rapid un partener preg\u0103tit pentru o conversa\u021bie video. Nu este nevoie de profiluri extinse sau filtre complicate - doar dialog spontan.<\/p>\n<h3>Op\u021biune urm\u0103toare automat\u0103<\/h3>\n<p>Dac\u0103 conversa\u021bia curent\u0103 nu v\u0103 convine, o singur\u0103 atingere pe \"Urm\u0103torul\" v\u0103 pune \u00een leg\u0103tur\u0103 cu o nou\u0103 potrivire, men\u021bin\u00e2nd ritmul alert \u0219i ajut\u00e2ndu-v\u0103 s\u0103 descoperi\u021bi mai multe persoane.<\/p>\n<h3>Comunitatea global\u0103<\/h3>\n<p>Baza de utilizatori a Pink Video Chat se extinde la nivel mondial, oferindu-\u021bi \u0219ansa de a discuta cu persoane din medii diferite. Este perfect pentru a \u00eenv\u0103\u021ba limbi noi sau pentru a explora culturi interna\u021bionale \u00eentr-un format prietenos, fa\u021b\u0103 \u00een fa\u021b\u0103.<\/p>\n<h2>Fun Extras<\/h2>\n<p>Pe l\u00e2ng\u0103 func\u021bia sa esen\u021bial\u0103 de chat aleatoriu, Pink Video Chat ofer\u0103 complet\u0103ri interesante pentru a stimula implicarea \u0219i a sparge ghea\u021ba.<\/p>\n<table>\n<thead>\n<tr>\n<th>Caracteristic\u0103<\/th>\n<th>Descriere<\/th>\n<\/tr>\n<\/thead>\n<tbody>\n<tr>\n<td><strong>M\u0103\u0219ti \u0219i filtre digitale<\/strong><\/td>\n<td>Transforma\u021bi-v\u0103 aspectul pe ecran cu suprapuneri ciudate, p\u0103l\u0103rii amuzante sau efecte animate.<\/td>\n<\/tr>\n<tr>\n<td><strong>Integrare chat text<\/strong><\/td>\n<td>Scrie\u021bi mesaje rapide sau partaja\u021bi linkuri dac\u0103 prefera\u021bi s\u0103 nu vorbi\u021bi \u00een fa\u021ba camerei la \u00eenceput.<\/td>\n<\/tr>\n<tr>\n<td><strong>Instrumentul Instantaneu<\/strong><\/td>\n<td>Captura\u021bi momente memorabile (cu acordul dumneavoastr\u0103) pentru a le revedea dup\u0103 \u00eencheierea sesiunii.<\/td>\n<\/tr>\n<tr>\n<td><strong>Etichete de interes<\/strong><\/td>\n<td>Include\u021bi cuvinte cheie (muzic\u0103, sport, c\u0103l\u0103torii), astfel \u00eenc\u00e2t platforma s\u0103 poat\u0103 sugera potriviri mai relevante.<\/td>\n<\/tr>\n<\/tbody>\n<\/table>\n<h2>Interfa\u021ba \u0219i experien\u021ba utilizatorului<\/h2>\n<p>Layout-ul Pink Video Chat \u00ee\u0219i propune s\u0103 fie simplu, reduc\u00e2nd dezordinea \u0219i prioritiz\u00e2nd interac\u021biunile simple.<\/p>\n<h3>Design \u0219i navigare<\/h3>\n<ul>\n<li><strong>Configura\u021bie minimalist\u0103<\/strong>: Butoanele clare pentru \"Start\", \"Stop\" \u0219i \"Urm\u0103torul\" v\u0103 ajut\u0103 s\u0103 v\u0103 controla\u021bi conexiunile.<\/li>\n<li><strong>Meniuri bazate pe pictograme<\/strong>: Localiza\u021bi rapid suplimente precum filtre, chat text \u0219i func\u021bii de raportare.<\/li>\n<li><strong>Layout responsiv<\/strong>: Func\u021bioneaz\u0103 bine at\u00e2t pe dispozitive mobile, c\u00e2t \u0219i pe desktop-uri, asigur\u00e2nd c\u0103 chat-urile arat\u0103 bine pe orice ecran.<\/li>\n<\/ul>\n<h3>Profil \u0219i personalizare<\/h3>\n<ul>\n<li><strong>Nume de utilizator op\u021bionale<\/strong>: Crea\u021bi un profil scurt dac\u0103 dori\u021bi vizitatori recuren\u021bi sau r\u0103m\u00e2ne\u021bi anonim pentru mai mult\u0103 confiden\u021bialitate.<\/li>\n<li><strong>Preferin\u021be de notificare<\/strong>: Controla\u021bi alertele privind cererile de prietenie sau noile caracteristici.<\/li>\n<li><strong>Set\u0103ri de confiden\u021bialitate<\/strong>: Limita\u021bi partajarea loca\u021biei \u0219i ajusta\u021bi ce informa\u021bii sunt vizibile pentru al\u021bii.<\/li>\n<\/ul>\n<h2>Performan\u021b\u0103<\/h2>\n<p>Pentru orice <a href=\"https:\/\/strangercam.com\/ro\/chathub\/\">chat video aleatoriu<\/a> platforma, viteza \u0219i fiabilitatea sunt esen\u021biale. Pink Video Chat echilibreaz\u0103 calitatea cu designul u\u0219or de utilizat.<\/p>\n<h3>Conexiuni stabile<\/h3>\n<ul>\n<li><strong>Servere optimizate<\/strong>: Conceput pentru o \u00eent\u00e2rziere redus\u0103 \u0219i conversa\u021bii naturale.<\/li>\n<li><strong>Calitate adaptiv\u0103 a fluxului<\/strong>: Ajusteaz\u0103 automat rezolu\u021bia \u00een func\u021bie de l\u0103\u021bimea de band\u0103 a internetului.<\/li>\n<li><strong>Mod mobil prietenos cu datele<\/strong>: Op\u021biunile de utilizare redus\u0103 a datelor pentru re\u021belele de telefonie mobil\u0103 ajut\u0103 la buna func\u021bionare a clipurilor video.<\/li>\n<\/ul>\n<h2>Siguran\u021b\u0103 \u0219i modera\u021bie<\/h2>\n<p>Conversa\u021biile video aleatorii pot expune utilizatorii la interac\u021biuni nepotrivite, motiv pentru care Pink Video Chat acord\u0103 prioritate moder\u0103rii.<\/p>\n<h3>Monitorizarea comunit\u0103\u021bii<\/h3>\n<ul>\n<li><strong>Raport \u0219i blocare<\/strong>: Raporta\u021bi instantaneu utilizatorii care \u00eencalc\u0103 regulile \u0219i bloca\u021bi contactele viitoare pentru a men\u021bine o experien\u021b\u0103 pl\u0103cut\u0103.<\/li>\n<li><strong>Filtrarea AI<\/strong>: Sistemele automatizate identific\u0103 \u0219i limiteaz\u0103 con\u021binutul explicit sau abuziv din timp.<\/li>\n<li><strong>Moderarea uman\u0103<\/strong>: O echip\u0103 de sprijin dedicat\u0103 investigheaz\u0103 rapoartele serioase pentru protec\u021bie suplimentar\u0103.<\/li>\n<\/ul>\n<h3>Asigurarea confiden\u021bialit\u0103\u021bii<\/h3>\n<ul>\n<li><strong>Conversa\u021bii video anonime<\/strong>: Nu exist\u0103 nicio obliga\u021bie de a \u00eemp\u0103rt\u0103\u0219i detalii personale sau de a crea linkuri c\u0103tre profilurile de social media.<\/li>\n<li><strong>Manipularea securizat\u0103 a datelor<\/strong>: Criptarea de baz\u0103 ajut\u0103 la protejarea acredit\u0103rilor de cont \u0219i a informa\u021biilor de sesiune.<\/li>\n<li><strong>Politica privind v\u00e2rsta minim\u0103<\/strong>: Utilizatorii sub 18 ani sunt restric\u021biona\u021bi pentru a asigura conformitatea cu siguran\u021ba copiilor.<\/li>\n<\/ul>\n<h2>Monetizare \u0219i actualiz\u0103ri<\/h2>\n<p>Pink Video Chat ofer\u0103 caracteristicile sale principale de potrivire pentru <a href=\"https:\/\/strangercam.com\/ro\/chat4free\/\">liber<\/a>, dar avantajele op\u021bionale pl\u0103tite v\u0103 pot spori experien\u021ba.<\/p>\n<h3>Op\u021biuni de abonament<\/h3>\n<ul>\n<li><strong>Mod f\u0103r\u0103 reclame<\/strong>: Elimina\u021bi pop-up-urile \u0219i bannerele publicitare pentru un mediu de chat ne\u00eentrerupt.<\/li>\n<li><strong>Filtre exclusive<\/strong>: Debloca\u021bi efecte \u0219i fundaluri premium pentru a ie\u0219i \u00een eviden\u021b\u0103 \u00een fa\u021ba camerei.<\/li>\n<li><strong>Matchmaking avansat<\/strong>: Rafinarea etichetelor de interes pentru asocieri mai precise.<\/li>\n<\/ul>\n<h3>Recompense \u0219i credite<\/h3>\n<ul>\n<li><strong>Niveluri de loialitate<\/strong>: Ob\u021bine\u021bi puncte prin utilizarea frecvent\u0103, care pot fi r\u0103scump\u0103rate pentru bonusuri sau reduceri \u00een aplica\u021bie.<\/li>\n<li><strong>Stimulente de recomandare<\/strong>: Invita\u021bi prietenii la Pink Video Chat \u0219i c\u00e2\u0219tiga\u021bi credite pe care s\u0103 le cheltui\u021bi pentru func\u021bii premium.<\/li>\n<\/ul>\n<h2>Pozi\u021bionarea pe pia\u021b\u0103<\/h2>\n<p>Pink Video Chat se distinge ca o alternativ\u0103 vibrant\u0103 la platforme precum Chatrandom. Se bazeaz\u0103 pe \u00eent\u00e2lniri ocazionale, imprevizibile, oferind \u00een acela\u0219i timp suficiente m\u0103suri de siguran\u021b\u0103 \u0219i personalizare pentru a satisface un public larg.<\/p>\n<h3>Caracteristici demografice ale utilizatorilor<\/h3>\n<ul>\n<li><strong>Intervalul de v\u00e2rst\u0103<\/strong>: \u00cen principal 18-35 de ani, dar deschis adul\u021bilor de toate v\u00e2rstele.<\/li>\n<li><strong>Interese<\/strong>: Ideal pentru discu\u021bii ocazionale, schimburi culturale, practic\u0103 lingvistic\u0103 \u0219i orice altceva.<\/li>\n<li><strong>Utilizare de v\u00e2rf<\/strong>: Serile \u0219i weekendurile atrag cele mai mari mul\u021bimi care caut\u0103 conversa\u021bii distractive \u0219i relaxate.<\/li>\n<\/ul>\n<h3>\u00centindere global\u0103<\/h3>\n<ul>\n<li><strong>Baza interna\u021bional\u0103 de utilizatori<\/strong>: Face\u021bi cuno\u0219tin\u021b\u0103 cu str\u0103ini din nenum\u0103rate \u021b\u0103ri, extinz\u00e2ndu-v\u0103 viziunea asupra lumii cu fiecare conversa\u021bie \u00een parte.<\/li>\n<li><strong>Interfa\u021b\u0103 \u00een mai multe limbi<\/strong>: Alege\u021bi din mai multe op\u021biuni de limb\u0103 pentru o experien\u021b\u0103 localizat\u0103.<\/li>\n<\/ul>\n<h2>Avantaje \u0219i dezavantaje<\/h2>\n<p>Iat\u0103 o scurt\u0103 trecere \u00een revist\u0103 a punctelor forte \u0219i a posibilelor dezavantaje ale Pink Video Chat:<\/p>\n<table>\n<thead>\n<tr>\n<th>Avantaje<\/th>\n<th>Contra<\/th>\n<\/tr>\n<\/thead>\n<tbody>\n<tr>\n<td>\n<ul>\n<li>Conexiuni instantanee aleatorii<\/li>\n<li>Layout simplu, intuitiv<\/li>\n<li>Filtre \u0219i efecte juc\u0103u\u0219e<\/li>\n<li>Instrumente robuste de moderare<\/li>\n<li>Performan\u021b\u0103 preg\u0103tit\u0103 pentru mobil<\/li>\n<\/ul>\n<\/td>\n<td>\n<ul>\n<li>Expunere poten\u021bial\u0103 la con\u021binut nepotrivit (de\u0219i moderat)<\/li>\n<li>Cerin\u021be ridicate de internet pentru cea mai bun\u0103 calitate video<\/li>\n<li>Profil limitat \u0219i op\u021biuni de interes la nivel gratuit<\/li>\n<li>Concuren\u021ba din partea platformelor mai mari, consacrate<\/li>\n<\/ul>\n<\/td>\n<\/tr>\n<\/tbody>\n<\/table>\n<h2>Concluzie<\/h2>\n<p>Pink Video Chat ofer\u0103 o experien\u021b\u0103 de chat video juc\u0103u\u0219\u0103, aleatorie, potrivit\u0103 pentru oricine dore\u0219te \u00eent\u00e2lniri sociale spontane. Ca alternativ\u0103 la Chatrandom, aceasta echilibreaz\u0103 simplitatea \u0219i pl\u0103cerea, oferind caracteristici distractive precum m\u0103\u0219tile digitale \u0219i etichetele de interes, al\u0103turi de m\u0103suri de siguran\u021b\u0103 esen\u021biale precum raportarea \u0219i blocarea. Fie c\u0103 dori\u021bi s\u0103 v\u0103 face\u021bi prieteni noi, s\u0103 practica\u021bi o a doua limb\u0103 sau pur \u0219i simplu s\u0103 v\u0103 petrece\u021bi timpul \u00eentr-o comunitate online dinamic\u0103, Pink Video Chat are multe de oferit.<br \/>\nCu o interfa\u021b\u0103 de utilizator curat\u0103, compatibilitate mobil\u0103 \u0219i mediu de chat moderat, Pink Video Chat iese \u00een eviden\u021b\u0103 ca un concurent vibrant \u00een lumea site-urilor de chat video aleatorii. D\u0103-i o \u0219ans\u0103 \u0219i descoper\u0103 pe cine vei \u00eent\u00e2lni de cealalt\u0103 parte a urm\u0103torului t\u0103u click!<\/p>","protected":false},"excerpt":{"rendered":"<p>Are you looking for a lively, spontaneous way to meet new people online? Pink Video Chat offers a fun alternative to platforms like Chatrandom, focusing on random video connections that spark fresh conversations across the globe. In this guide, we\u2019ll explore Pink Video Chat\u2019s primary features, how it stands out from other random chat sites, [&hellip;]<\/p>\n","protected":false},"author":6,"featured_media":0,"parent":0,"menu_order":0,"comment_status":"closed","ping_status":"closed","template":"","meta":{"footnotes":""},"class_list":["post-12683","page","type-page","status-publish","hentry"],"yoast_head":"<!-- This site is optimized with the Yoast SEO plugin v26.9 - https:\/\/yoast.com\/product\/yoast-seo-wordpress\/ -->\n<title>Pink Video Chat - Chat with people on StrangerCam.com<\/title>\n<meta name=\"description\" content=\"Like Pink Video Chat? Come chat with more than 5.000.000 strangers on Stranger Cam for Free! Turn on your cam and find new friends &amp; maby a match!\" \/>\n<meta name=\"robots\" content=\"index, follow, max-snippet:-1, max-image-preview:large, max-video-preview:-1\" \/>\n<link rel=\"canonical\" href=\"https:\/\/strangercam.com\/ro\/pink-video-chat\/\" \/>\n<meta property=\"og:locale\" content=\"ro_RO\" \/>\n<meta property=\"og:type\" content=\"article\" \/>\n<meta property=\"og:title\" content=\"Pink Video Chat - Chat with people on StrangerCam.com\" \/>\n<meta property=\"og:description\" content=\"Like Pink Video Chat? Come chat with more than 5.000.000 strangers on Stranger Cam for Free! Turn on your cam and find new friends &amp; maby a match!\" \/>\n<meta property=\"og:url\" content=\"https:\/\/strangercam.com\/ro\/pink-video-chat\/\" \/>\n<meta property=\"og:site_name\" content=\"Strangercam\" \/>\n<meta property=\"article:publisher\" content=\"https:\/\/www.facebook.com\/strangercam\" \/>\n<meta property=\"article:modified_time\" content=\"2025-02-04T07:27:22+00:00\" \/>\n<meta property=\"og:image\" content=\"https:\/\/strangercam.com\/wp-content\/uploads\/2021\/10\/Untitled-2.png\" \/>\n\t<meta property=\"og:image:width\" content=\"800\" \/>\n\t<meta property=\"og:image:height\" content=\"532\" \/>\n\t<meta property=\"og:image:type\" content=\"image\/png\" \/>\n<meta name=\"twitter:card\" content=\"summary_large_image\" \/>\n<meta name=\"twitter:site\" content=\"@strangercamapp\" \/>\n<meta name=\"twitter:label1\" content=\"Timp estimat pentru citire\" \/>\n\t<meta name=\"twitter:data1\" content=\"5 minute\" \/>\n<script type=\"application\/ld+json\" class=\"yoast-schema-graph\">{\"@context\":\"https:\/\/schema.org\",\"@graph\":[{\"@type\":\"WebPage\",\"@id\":\"https:\/\/strangercam.com\/pink-video-chat\/\",\"url\":\"https:\/\/strangercam.com\/pink-video-chat\/\",\"name\":\"Pink Video Chat - Chat with people on StrangerCam.com\",\"isPartOf\":{\"@id\":\"https:\/\/strangercam.com\/#website\"},\"datePublished\":\"2025-01-29T08:35:45+00:00\",\"dateModified\":\"2025-02-04T07:27:22+00:00\",\"description\":\"Like Pink Video Chat? Come chat with more than 5.000.000 strangers on Stranger Cam for Free! Turn on your cam and find new friends & maby a match!\",\"breadcrumb\":{\"@id\":\"https:\/\/strangercam.com\/pink-video-chat\/#breadcrumb\"},\"inLanguage\":\"ro-RO\",\"potentialAction\":[{\"@type\":\"ReadAction\",\"target\":[\"https:\/\/strangercam.com\/pink-video-chat\/\"]}]},{\"@type\":\"BreadcrumbList\",\"@id\":\"https:\/\/strangercam.com\/pink-video-chat\/#breadcrumb\",\"itemListElement\":[{\"@type\":\"ListItem\",\"position\":1,\"name\":\"Home\",\"item\":\"https:\/\/strangercam.com\/\"},{\"@type\":\"ListItem\",\"position\":2,\"name\":\"Pink Video Chat\"}]},{\"@type\":\"WebSite\",\"@id\":\"https:\/\/strangercam.com\/#website\",\"url\":\"https:\/\/strangercam.com\/\",\"name\":\"Strangercam\",\"description\":\"Random Video Chat with Strangers\",\"publisher\":{\"@id\":\"https:\/\/strangercam.com\/#organization\"},\"alternateName\":\"Strangercam.com\",\"potentialAction\":[{\"@type\":\"SearchAction\",\"target\":{\"@type\":\"EntryPoint\",\"urlTemplate\":\"https:\/\/strangercam.com\/?s={search_term_string}\"},\"query-input\":{\"@type\":\"PropertyValueSpecification\",\"valueRequired\":true,\"valueName\":\"search_term_string\"}}],\"inLanguage\":\"ro-RO\"},{\"@type\":\"Organization\",\"@id\":\"https:\/\/strangercam.com\/#organization\",\"name\":\"Strangercam\",\"alternateName\":\"Strangercam.com\",\"url\":\"https:\/\/strangercam.com\/\",\"logo\":{\"@type\":\"ImageObject\",\"inLanguage\":\"ro-RO\",\"@id\":\"https:\/\/strangercam.com\/#\/schema\/logo\/image\/\",\"url\":\"https:\/\/strangercam.com\/wp-content\/uploads\/2020\/11\/cropped-new-favicon-black.png\",\"contentUrl\":\"https:\/\/strangercam.com\/wp-content\/uploads\/2020\/11\/cropped-new-favicon-black.png\",\"width\":512,\"height\":512,\"caption\":\"Strangercam\"},\"image\":{\"@id\":\"https:\/\/strangercam.com\/#\/schema\/logo\/image\/\"},\"sameAs\":[\"https:\/\/www.facebook.com\/strangercam\",\"https:\/\/x.com\/strangercamapp\"]}]}<\/script>\n<!-- \/ Yoast SEO plugin. -->","yoast_head_json":{"title":"Pink Video Chat - Conversa\u021bi cu oameni pe StrangerCam.com","description":"\u00ce\u021bi place Pink Video Chat? Vino s\u0103 vorbe\u0219ti cu mai mult de 5.000.000 de str\u0103ini pe Stranger Cam gratuit! Porne\u0219te-\u021bi camera \u0219i g\u0103se\u0219te prieteni noi \u0219i poate o pereche!","robots":{"index":"index","follow":"follow","max-snippet":"max-snippet:-1","max-image-preview":"max-image-preview:large","max-video-preview":"max-video-preview:-1"},"canonical":"https:\/\/strangercam.com\/ro\/pink-video-chat\/","og_locale":"ro_RO","og_type":"article","og_title":"Pink Video Chat - Chat with people on StrangerCam.com","og_description":"Like Pink Video Chat? Come chat with more than 5.000.000 strangers on Stranger Cam for Free! Turn on your cam and find new friends & maby a match!","og_url":"https:\/\/strangercam.com\/ro\/pink-video-chat\/","og_site_name":"Strangercam","article_publisher":"https:\/\/www.facebook.com\/strangercam","article_modified_time":"2025-02-04T07:27:22+00:00","og_image":[{"width":800,"height":532,"url":"https:\/\/strangercam.com\/wp-content\/uploads\/2021\/10\/Untitled-2.png","type":"image\/png"}],"twitter_card":"summary_large_image","twitter_site":"@strangercamapp","twitter_misc":{"Timp estimat pentru citire":"5 minute"},"schema":{"@context":"https:\/\/schema.org","@graph":[{"@type":"WebPage","@id":"https:\/\/strangercam.com\/pink-video-chat\/","url":"https:\/\/strangercam.com\/pink-video-chat\/","name":"Pink Video Chat - Conversa\u021bi cu oameni pe StrangerCam.com","isPartOf":{"@id":"https:\/\/strangercam.com\/#website"},"datePublished":"2025-01-29T08:35:45+00:00","dateModified":"2025-02-04T07:27:22+00:00","description":"\u00ce\u021bi place Pink Video Chat? Vino s\u0103 vorbe\u0219ti cu mai mult de 5.000.000 de str\u0103ini pe Stranger Cam gratuit! Porne\u0219te-\u021bi camera \u0219i g\u0103se\u0219te prieteni noi \u0219i poate o pereche!","breadcrumb":{"@id":"https:\/\/strangercam.com\/pink-video-chat\/#breadcrumb"},"inLanguage":"ro-RO","potentialAction":[{"@type":"ReadAction","target":["https:\/\/strangercam.com\/pink-video-chat\/"]}]},{"@type":"BreadcrumbList","@id":"https:\/\/strangercam.com\/pink-video-chat\/#breadcrumb","itemListElement":[{"@type":"ListItem","position":1,"name":"Home","item":"https:\/\/strangercam.com\/"},{"@type":"ListItem","position":2,"name":"Pink Video Chat"}]},{"@type":"WebSite","@id":"https:\/\/strangercam.com\/#website","url":"https:\/\/strangercam.com\/","name":"Strangercam","description":"Chat video aleatoriu cu str\u0103ini","publisher":{"@id":"https:\/\/strangercam.com\/#organization"},"alternateName":"Strangercam.com","potentialAction":[{"@type":"SearchAction","target":{"@type":"EntryPoint","urlTemplate":"https:\/\/strangercam.com\/?s={search_term_string}"},"query-input":{"@type":"PropertyValueSpecification","valueRequired":true,"valueName":"search_term_string"}}],"inLanguage":"ro-RO"},{"@type":"Organization","@id":"https:\/\/strangercam.com\/#organization","name":"Strangercam","alternateName":"Strangercam.com","url":"https:\/\/strangercam.com\/","logo":{"@type":"ImageObject","inLanguage":"ro-RO","@id":"https:\/\/strangercam.com\/#\/schema\/logo\/image\/","url":"https:\/\/strangercam.com\/wp-content\/uploads\/2020\/11\/cropped-new-favicon-black.png","contentUrl":"https:\/\/strangercam.com\/wp-content\/uploads\/2020\/11\/cropped-new-favicon-black.png","width":512,"height":512,"caption":"Strangercam"},"image":{"@id":"https:\/\/strangercam.com\/#\/schema\/logo\/image\/"},"sameAs":["https:\/\/www.facebook.com\/strangercam","https:\/\/x.com\/strangercamapp"]}]}},"_links":{"self":[{"href":"https:\/\/strangercam.com\/ro\/wp-json\/wp\/v2\/pages\/12683","targetHints":{"allow":["GET"]}}],"collection":[{"href":"https:\/\/strangercam.com\/ro\/wp-json\/wp\/v2\/pages"}],"about":[{"href":"https:\/\/strangercam.com\/ro\/wp-json\/wp\/v2\/types\/page"}],"author":[{"embeddable":true,"href":"https:\/\/strangercam.com\/ro\/wp-json\/wp\/v2\/users\/6"}],"replies":[{"embeddable":true,"href":"https:\/\/strangercam.com\/ro\/wp-json\/wp\/v2\/comments?post=12683"}],"version-history":[{"count":1,"href":"https:\/\/strangercam.com\/ro\/wp-json\/wp\/v2\/pages\/12683\/revisions"}],"predecessor-version":[{"id":12684,"href":"https:\/\/strangercam.com\/ro\/wp-json\/wp\/v2\/pages\/12683\/revisions\/12684"}],"wp:attachment":[{"href":"https:\/\/strangercam.com\/ro\/wp-json\/wp\/v2\/media?parent=12683"}],"curies":[{"name":"wp","href":"https:\/\/api.w.org\/{rel}","templated":true}]}}