{"id":12678,"date":"2025-01-29T10:31:15","date_gmt":"2025-01-29T08:31:15","guid":{"rendered":"https:\/\/strangercam.com\/?page_id=12678"},"modified":"2025-01-29T10:31:15","modified_gmt":"2025-01-29T08:31:15","slug":"doar2chat","status":"publish","type":"page","link":"https:\/\/strangercam.com\/ro\/only2chat\/","title":{"rendered":"Only2Chat"},"content":{"rendered":"<p>Dac\u0103 v\u0103 plac conexiunile spontane \u0219i cunoa\u0219terea de noi persoane online, Only2Chat este o alternativ\u0103 distractiv\u0103 la platformele tradi\u021bionale de tip chatroulette. Conceput\u0103 pentru a \u00eemperechea persoane necunoscute \u00een sesiuni video unu la unu, Only2Chat pune accentul pe interac\u021biunile rapide, f\u0103r\u0103 complica\u021bii \u0219i pe caracteristicile juc\u0103u\u0219e - toate acestea men\u021bin\u00e2nd un mediu sigur \u0219i u\u0219or de utilizat. \u00cen aceast\u0103 prezentare general\u0103, vom explora principalele atrac\u021bii ale platformei, vom discuta despre experien\u021ba utilizatorului \u0219i vom eviden\u021bia modul \u00een care aceasta se diferen\u021biaz\u0103 de alte platforme aleatorii <a href=\"https:\/\/strangercam.com\/ro\/coomeet\/\">chat video<\/a> site-uri web.<\/p>\n<h2>Caracteristici principale<\/h2>\n<p>Only2Chat se concentreaz\u0103 pe furnizarea unui mod casual \u0219i distractiv de a vorbi cu str\u0103inii prin video. Caracteristicile sale de baz\u0103 urm\u0103resc s\u0103 creeze un mediu captivant \u0219i sigur <a href=\"https:\/\/strangercam.com\/ro\/mocospace\/\">spa\u021biu<\/a> unde v\u0103 pute\u021bi conecta cu oameni din \u00eentreaga lume.<\/p>\n<ul>\n<li><strong>Potrivire video aleatorie<\/strong>: \u00cemperecheaz\u0103-te instantaneu cu al\u021bi utilizatori \u00eentr-o \u00eent\u00e2lnire fa\u021b\u0103 \u00een fa\u021b\u0103 <a href=\"https:\/\/strangercam.com\/ro\/chathub\/\">chat<\/a> mediu.<\/li>\n<li><strong>Filtre \u0219i efecte distractive<\/strong>: Adaug\u0103 un plus de stil conversa\u021biei tale cu filtre juc\u0103u\u0219e \u0219i efecte pe ecran.<\/li>\n<li><strong>Navigare u\u0219oar\u0103<\/strong>: O interfa\u021b\u0103 simpl\u0103 v\u0103 ajut\u0103 s\u0103 trece\u021bi de la o discu\u021bie la alta f\u0103r\u0103 complica\u021bii.<\/li>\n<li><strong>Design prietenos cu mobilul<\/strong>: Bucura\u021bi-v\u0103 de Only2Chat pe telefon, tablet\u0103 sau desktop pentru conversa\u021bii \u00een deplasare.<\/li>\n<\/ul>\n<h2>Experien\u021b\u0103 aleatorie de chat video<\/h2>\n<p>\u00cen esen\u021ba sa, Only2Chat ofer\u0103 o modalitate instantanee, f\u0103r\u0103 obliga\u021bii, de a te angaja \u00een apeluri video cu persoane noi.<\/p>\n<h3>Conexiuni unu-la-unu<\/h3>\n<p>Odat\u0103 ce ap\u0103sa\u021bi butonul \"Start\", algoritmul platformei v\u0103 \u00eemperecheaz\u0103 rapid cu un alt utilizator care caut\u0103, de asemenea, o discu\u021bie aleatorie. Discu\u021biile r\u0103m\u00e2n unu-la-unu, oferind o experien\u021b\u0103 mai personal\u0103 dec\u00e2t camerele de grup aglomerate.<\/p>\n<h3>Caracteristic\u0103 urm\u0103toare automat\u0103<\/h3>\n<p>Dac\u0103 conversa\u021bia curent\u0103 nu se potrive\u0219te - sau dac\u0103 v-a\u021bi s\u0103turat - face\u021bi clic pe \"Urm\u0103torul\" pentru a trece la urm\u0103toarea potrivire aleatorie. Acest lucru men\u021bine ritmul rapid \u0219i v\u0103 asigur\u0103 c\u0103 pute\u021bi g\u0103si rapid pe cineva nou cu care s\u0103 discuta\u021bi.<\/p>\n<h3>Comunitatea global\u0103<\/h3>\n<p>Only2Chat atrage utilizatori din diferite col\u021buri ale lumii, oferindu-\u021bi \u0219ansa de a \u00eenv\u0103\u021ba despre alte culturi, limbi \u0219i medii \u00een timp real. Fie c\u0103 dori\u021bi s\u0103 practica\u021bi o limb\u0103 str\u0103in\u0103 sau doar s\u0103 purta\u021bi o discu\u021bie amical\u0103, pute\u021bi g\u0103si pe cineva gata s\u0103 v\u0103 conecta\u021bi.<\/p>\n<h2>Suplimente distractive<\/h2>\n<p>Only2Chat nu \u00eenseamn\u0103 doar apeluri video standard. O varietate de extra v\u0103 \u00eembun\u0103t\u0103\u021besc experien\u021ba \u0219i v\u0103 ajut\u0103 s\u0103 sparge\u021bi ghea\u021ba.<\/p>\n<table>\n<thead>\n<tr>\n<th>Caracteristic\u0103<\/th>\n<th>Descriere<\/th>\n<\/tr>\n<\/thead>\n<tbody>\n<tr>\n<td><strong>M\u0103\u0219ti virtuale<\/strong><\/td>\n<td>Distreaz\u0103-\u021bi partenerul de chat purt\u00e2nd m\u0103\u0219ti sau accesorii digitale amuzante \u00een fa\u021ba camerei.<\/td>\n<\/tr>\n<tr>\n<td><strong>Integrare chat text<\/strong><\/td>\n<td>Trimite\u021bi mesaje rapide pentru a clarifica anumite puncte sau partaja\u021bi linkuri dac\u0103 nu sunte\u021bi \u00eenc\u0103 preg\u0103tit pentru o interac\u021biune video complet\u0103.<\/td>\n<\/tr>\n<tr>\n<td><strong>Op\u021biuni instantanee<\/strong><\/td>\n<td>Fotografia\u021bi momentele memorabile (cu permisiune) pentru a le revedea mai t\u00e2rziu.<\/td>\n<\/tr>\n<tr>\n<td><strong>Etichete de interes<\/strong><\/td>\n<td>Eticheta\u021bi chat-urile dvs. cu subiecte (muzic\u0103, jocuri, c\u0103l\u0103torii) pentru a g\u0103si meciuri mai compatibile.<\/td>\n<\/tr>\n<\/tbody>\n<\/table>\n<h2>Interfa\u021ba \u0219i experien\u021ba utilizatorului<\/h2>\n<p>Un design simplu \u0219i elegant \u00eei ajut\u0103 pe noii utilizatori s\u0103 intre direct \u00een chat. Layout-ul Only2Chat men\u021bine accentul pe fluxul dvs. video live, cu distrageri minime pe ecran.<\/p>\n<h3>Design \u0219i navigare<\/h3>\n<ul>\n<li><strong>Controale minime<\/strong>: Butoanele clar etichetate \"Start\", \"Stop\" \u0219i \"Next\" v\u0103 permit s\u0103 v\u0103 controla\u021bi sesiunile f\u0103r\u0103 efort.<\/li>\n<li><strong>Acces rapid la func\u021bii<\/strong>: Meniurile bazate pe pictograme afi\u0219eaz\u0103 dintr-o privire filtrele, op\u021biunile de chat text \u0219i comenzile de sunet.<\/li>\n<li><strong>Mobil-Friendly<\/strong>: Designul responsiv se adapteaz\u0103 la diferite dimensiuni ale ecranului, f\u0103c\u00e2nd chat-urile video pe baz\u0103 de telefon fluide \u0219i intuitive.<\/li>\n<\/ul>\n<h3>Personalizare<\/h3>\n<ul>\n<li><strong>Elemente de profil<\/strong>: Crea\u021bi un profil scurt, ad\u0103uga\u021bi un nume de utilizator op\u021bional sau lista\u021bi-v\u0103 interesele pentru a ghida algoritmul de potrivire.<\/li>\n<li><strong>Controale de notificare<\/strong>: Decide\u021bi c\u00e2nd \u0219i cum primi\u021bi notific\u0103ri, cum ar fi cereri de prietenie sau meciuri noi.<\/li>\n<li><strong>Set\u0103ri de confiden\u021bialitate<\/strong>: Limita\u021bi ce informa\u021bii personale sunt vizibile pentru al\u021bii \u0219i cum gestiona\u021bi partajarea loca\u021biei.<\/li>\n<\/ul>\n<h2>Performan\u021b\u0103<\/h2>\n<p>Deoarece chat-ul video aleatoriu se bazeaz\u0103 pe conexiuni \u00een timp real, Only2Chat se concentreaz\u0103 pe vitez\u0103 \u0219i stabilitate:<\/p>\n<h3>Conexiuni rapide, stabile<\/h3>\n<ul>\n<li><strong>Servere optimizate<\/strong>: Laten\u021ba minim\u0103 asigur\u0103 o conversa\u021bie natural\u0103 \u0219i ne\u00eentrerupt\u0103.<\/li>\n<li><strong>Calitate video adaptiv\u0103<\/strong>: Rezolu\u021bia se ajusteaz\u0103 \u00een func\u021bie de viteza internetului, oferind o experien\u021b\u0103 f\u0103r\u0103 probleme at\u00e2t pe re\u021bele puternice, c\u00e2t \u0219i pe cele mai slabe.<\/li>\n<li><strong>Eficien\u021ba datelor mobile<\/strong>: Utilizatorii \u00een mi\u0219care beneficiaz\u0103 de moduri de utilizare a datelor mai reduse.<\/li>\n<\/ul>\n<h2>Siguran\u021b\u0103 \u0219i modera\u021bie<\/h2>\n<p>Conversa\u021biile video aleatorii necesit\u0103 garan\u021bii solide. Only2Chat prioritizeaz\u0103 bun\u0103starea utilizatorilor prin instrumente de moderare \u0219i politici stricte.<\/p>\n<h3>Monitorizarea con\u021binutului<\/h3>\n<ul>\n<li><strong>Raport \u0219i blocare<\/strong>: Descoperi\u021bi o persoan\u0103 care \u00eencalc\u0103 regulile sau v\u0103 confrunta\u021bi cu h\u0103r\u021buirea? Raporta\u021bi-le \u0219i bloca\u021bi-le pentru o rezolvare imediat\u0103.<\/li>\n<li><strong>Screening AI<\/strong>: Sistemele automatizate ajut\u0103 la filtrarea con\u021binutului inadecvat \u00eenainte ca acesta s\u0103 escaladeze.<\/li>\n<li><strong>Echipa de evaluare uman\u0103<\/strong>: O echip\u0103 de moderare dedicat\u0103 evalueaz\u0103 comportamentul semnalat, asigur\u00e2nd o comunitate mai sigur\u0103.<\/li>\n<\/ul>\n<h3>Controlul confiden\u021bialit\u0103\u021bii<\/h3>\n<ul>\n<li><strong>Interac\u021biune anonim\u0103<\/strong>: Utiliza\u021bi Only2Chat f\u0103r\u0103 a v\u0103 dezv\u0103lui detaliile personale sau profilul, dac\u0103 prefera\u021bi.<\/li>\n<li><strong>Manipularea securizat\u0103 a datelor<\/strong>: Criptarea de baz\u0103 a datelor ajut\u0103 la protejarea informa\u021biilor din cont.<\/li>\n<li><strong>Restric\u021bii de v\u00e2rst\u0103<\/strong>: Platforma impune o v\u00e2rst\u0103 minim\u0103 pentru a proteja minorii.<\/li>\n<\/ul>\n<h2>Monetizare \u0219i actualiz\u0103ri<\/h2>\n<p>Only2Chat func\u021bioneaz\u0103 \u00een principal ca un serviciu gratuit, dar ofertele premium op\u021bionale ajut\u0103 la men\u021binerea \u0219i \u00eembun\u0103t\u0103\u021birea experien\u021bei utilizatorului.<\/p>\n<h3>Op\u021biuni de upgrade<\/h3>\n<ul>\n<li><strong>Navigare f\u0103r\u0103 reclame<\/strong>: Elimina\u021bi reclamele intruzive pentru o interfa\u021b\u0103 mai curat\u0103.<\/li>\n<li><strong>Filtre Premium<\/strong>: Debloca\u021bi efecte exclusive, fundaluri \u0219i anima\u021bii avatar.<\/li>\n<li><strong>Potrivirea avansat\u0103 a intereselor<\/strong>: Ajusteaz\u0103-\u021bi preferin\u021bele de chat pentru a g\u0103si cei mai compatibili str\u0103ini.<\/li>\n<\/ul>\n<h3>Programe de recompense<\/h3>\n<ul>\n<li><strong>Beneficii de loialitate<\/strong>: Utilizatorii frecven\u021bi pot c\u00e2\u0219tiga credite pentru a le cheltui pe articole premium.<\/li>\n<li><strong>Beneficii de recomandare<\/strong>: Invita\u021bi prietenii la Only2Chat \u0219i primi\u021bi recompense \u00een aplica\u021bie sau bonusuri de abonament.<\/li>\n<\/ul>\n<h2>Pozi\u021bionarea pe pia\u021b\u0103<\/h2>\n<p>Fiind un serviciu de tip chatroulette, Only2Chat se adreseaz\u0103 utilizatorilor care doresc conexiuni distractive \u0219i instantanee, f\u0103r\u0103 complexitatea unui site formal de \u00eent\u00e2lniri sau a unui instrument de \u00eent\u00e2lnire corporativ\u0103.<\/p>\n<h3>Audien\u021ba demografic\u0103<\/h3>\n<ul>\n<li><strong>Intervalul de v\u00e2rst\u0103<\/strong>: Tineri adul\u021bi \u0219i peste, de\u0219i \u00een principal 18-35 de ani.<\/li>\n<li><strong>Interese<\/strong>: Discu\u021bii ocazionale, practic\u0103 lingvistic\u0103, schimburi culturale sau pur \u0219i simplu petrecerea timpului.<\/li>\n<li><strong>Modele de utilizare<\/strong>: V\u00e2rfurile sunt \u00een weekend \u0219i seara, c\u00e2nd mai mul\u021bi oameni sunt online \u00een c\u0103utare de divertisment.<\/li>\n<\/ul>\n<h3>\u00centindere global\u0103<\/h3>\n<ul>\n<li><strong>Baza interna\u021bional\u0103 de utilizatori<\/strong>: Entuzia\u0219ti din diferite \u021b\u0103ri se conecteaz\u0103 pentru \u00eent\u00e2lniri spontane.<\/li>\n<li><strong>Set\u0103ri flexibile ale limbii<\/strong>: Interfa\u021ba poate fi comutat\u0103 \u00een mai multe limbi pentru experien\u021be localizate.<\/li>\n<\/ul>\n<h2>Avantaje \u0219i dezavantaje<\/h2>\n<p>Iat\u0103 o scurt\u0103 privire la ceea ce face ca Only2Chat s\u0103 ias\u0103 \u00een eviden\u021b\u0103, al\u0103turi de c\u00e2teva domenii \u00een care ar putea fi \u00eembun\u0103t\u0103\u021bit:<\/p>\n<table>\n<thead>\n<tr>\n<th>Avantaje<\/th>\n<th>Contra<\/th>\n<\/tr>\n<\/thead>\n<tbody>\n<tr>\n<td>\n<ul>\n<li>Potrivire aleatorie instantanee<\/li>\n<li>Interfa\u021b\u0103 u\u0219or de utilizat<\/li>\n<li>Filtre \u0219i efecte distractive<\/li>\n<li>Moderare dedicat\u0103 pentru \u00eent\u00e2lniri sigure<\/li>\n<li>Mobile-Friendly pentru chat-uri \u00een deplasare<\/li>\n<\/ul>\n<\/td>\n<td>\n<ul>\n<li>Probleme ocazionale de conectare \u00een unele regiuni<\/li>\n<li>Depinde de un internet mai puternic pentru o calitate video mai bun\u0103<\/li>\n<li>Expunere poten\u021bial\u0103 la con\u021binut neadecvat (atenuat\u0103 prin moderare)<\/li>\n<li>Caracteristici gratuite limitate \u00een compara\u021bie cu op\u021biunile Premium<\/li>\n<\/ul>\n<\/td>\n<\/tr>\n<\/tbody>\n<\/table>\n<h2>Concluzie<\/h2>\n<p>Only2Chat ofer\u0103 o abordare simpl\u0103 \u0219i distractiv\u0103 pentru a cunoa\u0219te oameni noi online. Fiind o platform\u0103 de tip chatroulette, se bazeaz\u0103 pe spontaneitate, asociind utilizatorii pentru interac\u021biuni fa\u021b\u0103 \u00een fa\u021b\u0103 aleatorii care pot genera prietenii scurte, sesiuni de practic\u0103 lingvistic\u0103 sau pur \u0219i simplu o modalitate pl\u0103cut\u0103 de a petrece timpul. Cu func\u021bii de moderare \u00eencorporate, controale de confiden\u021bialitate \u0219i extra-uri distractive precum filtrele, Only2Chat reu\u0219e\u0219te s\u0103 men\u021bin\u0103 chat-urile video vii \u0219i accesibile.<br \/>\nFie c\u0103 dori\u021bi s\u0103 r\u00e2de\u021bi rapid, s\u0103 explora\u021bi culturi noi sau doar s\u0103 purta\u021bi o conversa\u021bie la \u00eent\u00e2mplare, Only2Chat se remarc\u0103 ca o alternativ\u0103 dinamic\u0103 la alte <a href=\"https:\/\/strangercam.com\/ro\/chatroulette\/\">chatroulette<\/a> platforme. Dac\u0103 aprecia\u021bi simplitatea, siguran\u021ba \u0219i creativitatea \u00een conversa\u021biile video aleatorii, \u00eencerca\u021bi Only2Chat \u0219i vede\u021bi cine v\u0103 a\u0219teapt\u0103 de cealalt\u0103 parte a butonului \u201cUrm\u0103torul\u201d.<\/p>","protected":false},"excerpt":{"rendered":"<p>If you enjoy spontaneous connections and meeting new people online, Only2Chat is a fun alternative to traditional chatroulette-style platforms. Designed to pair strangers in one-on-one video sessions, Only2Chat emphasizes quick, hassle-free interactions and playful features\u2014all while maintaining a safe and user-friendly environment. In this overview, we\u2019ll explore the platform\u2019s main attractions, discuss the user experience, [&hellip;]<\/p>\n","protected":false},"author":6,"featured_media":0,"parent":0,"menu_order":0,"comment_status":"closed","ping_status":"closed","template":"","meta":{"footnotes":""},"class_list":["post-12678","page","type-page","status-publish","hentry"],"yoast_head":"<!-- This site is optimized with the Yoast SEO plugin v27.4 - https:\/\/yoast.com\/product\/yoast-seo-wordpress\/ -->\n<title>Only2Chat - Chatroulette random video chat on StrangerCam.com<\/title>\n<meta name=\"description\" content=\"Like Only2Chat? Come chat with more than 5.000.000 strangers on Stranger Cam for Free! Turn on your cam and find new friends &amp; maby a match!\" \/>\n<meta name=\"robots\" content=\"index, follow, max-snippet:-1, max-image-preview:large, max-video-preview:-1\" \/>\n<link rel=\"canonical\" href=\"https:\/\/strangercam.com\/ro\/doar2chat\/\" \/>\n<meta property=\"og:locale\" content=\"ro_RO\" \/>\n<meta property=\"og:type\" content=\"article\" \/>\n<meta property=\"og:title\" content=\"Only2Chat - Chatroulette random video chat on StrangerCam.com\" \/>\n<meta property=\"og:description\" content=\"Like Only2Chat? Come chat with more than 5.000.000 strangers on Stranger Cam for Free! Turn on your cam and find new friends &amp; maby a match!\" \/>\n<meta property=\"og:url\" content=\"https:\/\/strangercam.com\/ro\/doar2chat\/\" \/>\n<meta property=\"og:site_name\" content=\"Strangercam\" \/>\n<meta property=\"article:publisher\" content=\"https:\/\/www.facebook.com\/strangercam\" \/>\n<meta property=\"og:image\" content=\"https:\/\/strangercam.com\/wp-content\/uploads\/2021\/10\/Untitled-2.png\" \/>\n\t<meta property=\"og:image:width\" content=\"800\" \/>\n\t<meta property=\"og:image:height\" content=\"532\" \/>\n\t<meta property=\"og:image:type\" content=\"image\/png\" \/>\n<meta name=\"twitter:card\" content=\"summary_large_image\" \/>\n<meta name=\"twitter:site\" content=\"@strangercamapp\" \/>\n<meta name=\"twitter:label1\" content=\"Timp estimat pentru citire\" \/>\n\t<meta name=\"twitter:data1\" content=\"5 minute\" \/>\n<script type=\"application\/ld+json\" class=\"yoast-schema-graph\">{\"@context\":\"https:\\\/\\\/schema.org\",\"@graph\":[{\"@type\":\"WebPage\",\"@id\":\"https:\\\/\\\/strangercam.com\\\/only2chat\\\/\",\"url\":\"https:\\\/\\\/strangercam.com\\\/only2chat\\\/\",\"name\":\"Only2Chat - Chatroulette random video chat on StrangerCam.com\",\"isPartOf\":{\"@id\":\"https:\\\/\\\/strangercam.com\\\/#website\"},\"datePublished\":\"2025-01-29T08:31:15+00:00\",\"description\":\"Like Only2Chat? Come chat with more than 5.000.000 strangers on Stranger Cam for Free! Turn on your cam and find new friends & maby a match!\",\"breadcrumb\":{\"@id\":\"https:\\\/\\\/strangercam.com\\\/only2chat\\\/#breadcrumb\"},\"inLanguage\":\"ro-RO\",\"potentialAction\":[{\"@type\":\"ReadAction\",\"target\":[\"https:\\\/\\\/strangercam.com\\\/only2chat\\\/\"]}]},{\"@type\":\"BreadcrumbList\",\"@id\":\"https:\\\/\\\/strangercam.com\\\/only2chat\\\/#breadcrumb\",\"itemListElement\":[{\"@type\":\"ListItem\",\"position\":1,\"name\":\"Home\",\"item\":\"https:\\\/\\\/strangercam.com\\\/\"},{\"@type\":\"ListItem\",\"position\":2,\"name\":\"Only2Chat\"}]},{\"@type\":\"WebSite\",\"@id\":\"https:\\\/\\\/strangercam.com\\\/#website\",\"url\":\"https:\\\/\\\/strangercam.com\\\/\",\"name\":\"Strangercam\",\"description\":\"Random Video Chat with Strangers\",\"publisher\":{\"@id\":\"https:\\\/\\\/strangercam.com\\\/#organization\"},\"alternateName\":\"Strangercam.com\",\"potentialAction\":[{\"@type\":\"SearchAction\",\"target\":{\"@type\":\"EntryPoint\",\"urlTemplate\":\"https:\\\/\\\/strangercam.com\\\/?s={search_term_string}\"},\"query-input\":{\"@type\":\"PropertyValueSpecification\",\"valueRequired\":true,\"valueName\":\"search_term_string\"}}],\"inLanguage\":\"ro-RO\"},{\"@type\":\"Organization\",\"@id\":\"https:\\\/\\\/strangercam.com\\\/#organization\",\"name\":\"Strangercam\",\"alternateName\":\"Strangercam.com\",\"url\":\"https:\\\/\\\/strangercam.com\\\/\",\"logo\":{\"@type\":\"ImageObject\",\"inLanguage\":\"ro-RO\",\"@id\":\"https:\\\/\\\/strangercam.com\\\/#\\\/schema\\\/logo\\\/image\\\/\",\"url\":\"https:\\\/\\\/strangercam.com\\\/wp-content\\\/uploads\\\/2020\\\/11\\\/cropped-new-favicon-black.png\",\"contentUrl\":\"https:\\\/\\\/strangercam.com\\\/wp-content\\\/uploads\\\/2020\\\/11\\\/cropped-new-favicon-black.png\",\"width\":512,\"height\":512,\"caption\":\"Strangercam\"},\"image\":{\"@id\":\"https:\\\/\\\/strangercam.com\\\/#\\\/schema\\\/logo\\\/image\\\/\"},\"sameAs\":[\"https:\\\/\\\/www.facebook.com\\\/strangercam\",\"https:\\\/\\\/x.com\\\/strangercamapp\"]}]}<\/script>\n<!-- \/ Yoast SEO plugin. -->","yoast_head_json":{"title":"Only2Chat - Chatroulette video chat aleatoriu pe StrangerCam.com","description":"\u00ce\u021bi place Only2Chat? Vino s\u0103 vorbe\u0219ti cu mai mult de 5.000.000 de str\u0103ini pe Stranger Cam gratuit! Porne\u0219te-\u021bi camera \u0219i g\u0103se\u0219te prieteni noi \u0219i poate o pereche!","robots":{"index":"index","follow":"follow","max-snippet":"max-snippet:-1","max-image-preview":"max-image-preview:large","max-video-preview":"max-video-preview:-1"},"canonical":"https:\/\/strangercam.com\/ro\/doar2chat\/","og_locale":"ro_RO","og_type":"article","og_title":"Only2Chat - Chatroulette random video chat on StrangerCam.com","og_description":"Like Only2Chat? Come chat with more than 5.000.000 strangers on Stranger Cam for Free! Turn on your cam and find new friends & maby a match!","og_url":"https:\/\/strangercam.com\/ro\/doar2chat\/","og_site_name":"Strangercam","article_publisher":"https:\/\/www.facebook.com\/strangercam","og_image":[{"width":800,"height":532,"url":"https:\/\/strangercam.com\/wp-content\/uploads\/2021\/10\/Untitled-2.png","type":"image\/png"}],"twitter_card":"summary_large_image","twitter_site":"@strangercamapp","twitter_misc":{"Timp estimat pentru citire":"5 minute"},"schema":{"@context":"https:\/\/schema.org","@graph":[{"@type":"WebPage","@id":"https:\/\/strangercam.com\/only2chat\/","url":"https:\/\/strangercam.com\/only2chat\/","name":"Only2Chat - Chatroulette video chat aleatoriu pe StrangerCam.com","isPartOf":{"@id":"https:\/\/strangercam.com\/#website"},"datePublished":"2025-01-29T08:31:15+00:00","description":"\u00ce\u021bi place Only2Chat? Vino s\u0103 vorbe\u0219ti cu mai mult de 5.000.000 de str\u0103ini pe Stranger Cam gratuit! Porne\u0219te-\u021bi camera \u0219i g\u0103se\u0219te prieteni noi \u0219i poate o pereche!","breadcrumb":{"@id":"https:\/\/strangercam.com\/only2chat\/#breadcrumb"},"inLanguage":"ro-RO","potentialAction":[{"@type":"ReadAction","target":["https:\/\/strangercam.com\/only2chat\/"]}]},{"@type":"BreadcrumbList","@id":"https:\/\/strangercam.com\/only2chat\/#breadcrumb","itemListElement":[{"@type":"ListItem","position":1,"name":"Home","item":"https:\/\/strangercam.com\/"},{"@type":"ListItem","position":2,"name":"Only2Chat"}]},{"@type":"WebSite","@id":"https:\/\/strangercam.com\/#website","url":"https:\/\/strangercam.com\/","name":"Strangercam","description":"Chat video aleatoriu cu str\u0103ini","publisher":{"@id":"https:\/\/strangercam.com\/#organization"},"alternateName":"Strangercam.com","potentialAction":[{"@type":"SearchAction","target":{"@type":"EntryPoint","urlTemplate":"https:\/\/strangercam.com\/?s={search_term_string}"},"query-input":{"@type":"PropertyValueSpecification","valueRequired":true,"valueName":"search_term_string"}}],"inLanguage":"ro-RO"},{"@type":"Organization","@id":"https:\/\/strangercam.com\/#organization","name":"Strangercam","alternateName":"Strangercam.com","url":"https:\/\/strangercam.com\/","logo":{"@type":"ImageObject","inLanguage":"ro-RO","@id":"https:\/\/strangercam.com\/#\/schema\/logo\/image\/","url":"https:\/\/strangercam.com\/wp-content\/uploads\/2020\/11\/cropped-new-favicon-black.png","contentUrl":"https:\/\/strangercam.com\/wp-content\/uploads\/2020\/11\/cropped-new-favicon-black.png","width":512,"height":512,"caption":"Strangercam"},"image":{"@id":"https:\/\/strangercam.com\/#\/schema\/logo\/image\/"},"sameAs":["https:\/\/www.facebook.com\/strangercam","https:\/\/x.com\/strangercamapp"]}]}},"_links":{"self":[{"href":"https:\/\/strangercam.com\/ro\/wp-json\/wp\/v2\/pages\/12678","targetHints":{"allow":["GET"]}}],"collection":[{"href":"https:\/\/strangercam.com\/ro\/wp-json\/wp\/v2\/pages"}],"about":[{"href":"https:\/\/strangercam.com\/ro\/wp-json\/wp\/v2\/types\/page"}],"author":[{"embeddable":true,"href":"https:\/\/strangercam.com\/ro\/wp-json\/wp\/v2\/users\/6"}],"replies":[{"embeddable":true,"href":"https:\/\/strangercam.com\/ro\/wp-json\/wp\/v2\/comments?post=12678"}],"version-history":[{"count":2,"href":"https:\/\/strangercam.com\/ro\/wp-json\/wp\/v2\/pages\/12678\/revisions"}],"predecessor-version":[{"id":12680,"href":"https:\/\/strangercam.com\/ro\/wp-json\/wp\/v2\/pages\/12678\/revisions\/12680"}],"wp:attachment":[{"href":"https:\/\/strangercam.com\/ro\/wp-json\/wp\/v2\/media?parent=12678"}],"curies":[{"name":"wp","href":"https:\/\/api.w.org\/{rel}","templated":true}]}}