{"id":1261,"date":"2021-02-21T14:58:36","date_gmt":"2021-02-21T12:58:36","guid":{"rendered":"https:\/\/strangercam.com\/?page_id=1261"},"modified":"2023-08-21T12:24:41","modified_gmt":"2023-08-21T10:24:41","slug":"chatruletka","status":"publish","type":"page","link":"https:\/\/strangercam.com\/ro\/chatruletka\/","title":{"rendered":"Chatruletka"},"content":{"rendered":"<p>Este posibil s\u0103 fi auzit de <a href=\"https:\/\/strangercam.com\/ro\/chatroulette\/\">Chatroulette<\/a> - un site unde pute\u021bi fi asociat aleatoriu cu un str\u0103in pentru un videoclip <a href=\"https:\/\/strangercam.com\/ro\/chathub\/\">chat<\/a>. Dar \u0219tia\u021bi c\u0103 exist\u0103 acum o versiune a Chatroulette care este 100% sigur\u0103? Chatruletka este un nou serviciu de videochat care ofer\u0103 anonimat \u0219i securitate complete, astfel \u00eenc\u00e2t s\u0103 pute\u021bi discuta cu str\u0103inii f\u0103r\u0103 griji.<\/p>\n<h2>Ce este Chatruletka?<\/h2>\n<p>Chatruletka este un site de chat video aleatoriu care a c\u00e2\u0219tigat popularitate \u00een ultimii ani. Site-ul conecteaz\u0103 dou\u0103 persoane de oriunde din lume pentru o discu\u021bie. Problema este c\u0103 persoana cu care discuta\u021bi este aleas\u0103 la \u00eent\u00e2mplare. Acest lucru face din Chatruletka o alegere popular\u0103 pentru persoanele care doresc s\u0103 <a href=\"https:\/\/strangercam.com\/ro\/coomeet\/\">\u00eent\u00e2lnire<\/a> oameni noi din \u00eentreaga lume.<\/p>\n<p>Chatruletka este un site gratuit \u0219i nu necesit\u0103 \u00eenregistrare. Acest lucru \u00eel face foarte u\u0219or de utilizat. Tot ce trebuie s\u0103 face\u021bi este s\u0103 v\u0103 introduce\u021bi numele \u0219i s\u0103 \u00eencepe\u021bi chat-ul. De asemenea, pute\u021bi alege s\u0103 discuta\u021bi cu persoane din anumite \u021b\u0103ri, dac\u0103 dori\u021bi.<\/p>\n<p>Site-ul a c\u00e2\u0219tigat popularitate datorit\u0103 func\u021biei sale de siguran\u021b\u0103 100%. Aceast\u0103 caracteristic\u0103 asigur\u0103 faptul c\u0103 toate chat-urile sunt private \u0219i nu pot fi \u00eenregistrate sau monitorizate. Acest lucru face din Chatruletka un loc sigur pentru a discuta cu str\u0103inii.<\/p>\n<h2>Cum se utilizeaz\u0103 Chatruletka<\/h2>\n<p>Chatruletka este un serviciu gratuit de videochat online care v\u0103 permite s\u0103 v\u0103 conecta\u021bi cu persoane aleatorii din \u00eentreaga lume. Pentru a \u00eencepe s\u0103 utiliza\u021bi Chatruletka, trebuie doar s\u0103 accesa\u021bi site-ul web \u0219i s\u0103 face\u021bi clic pe butonul \u201cStart\u201d. Ve\u021bi fi apoi conectat cu o persoan\u0103 aleatorie de oriunde din lume.<\/p>\n<p>Pute\u021bi discuta cu persoana cu care sunte\u021bi conectat prin text, audio sau video. Pentru a \u00eencepe o discu\u021bie text, pur \u0219i simplu introduce\u021bi mesajul \u00een caseta din partea de jos a ecranului \u0219i ap\u0103sa\u021bi Enter. Pentru a \u00eencepe o discu\u021bie audio, face\u021bi clic pe butonul \u201cAudio\u201d. Acest lucru v\u0103 va permite s\u0103 v\u0103 porni\u021bi microfonul \u0219i s\u0103 \u00eencepe\u021bi s\u0103 vorbi\u021bi cu persoana cu care sunte\u021bi conectat. Pentru a \u00eencepe un chat video, face\u021bi clic pe butonul \u201cVideo\u201d. Acesta va porni camera dvs. web \u0219i v\u0103 va permite s\u0103 vede\u021bi persoana cu care vorbi\u021bi.<\/p>\n<p>Dac\u0103 dori\u021bi s\u0103 nu mai vorbi\u021bi cu persoana cu care sunte\u021bi conectat, pur \u0219i simplu face\u021bi clic pe butonul \u201cTerminare apel\u201d. Acest lucru va \u00eencheia apelul curent \u0219i v\u0103 va conecta cu o alt\u0103 persoan\u0103 aleatorie.<\/p>\n<p>Chatruletka este o modalitate excelent\u0103 de a cunoa\u0219te oameni noi din \u00eentreaga lume. Este complet gratuit de utilizat \u0219i este % sigur.<\/p>\n<h2>Avantajele utiliz\u0103rii Chatruletka<\/h2>\n<p>Exist\u0103 multe beneficii \u00een utilizarea Chatruletka, un serviciu de videochat aleatoriu.<\/p>\n<ul>\n<li style=\"font-weight: 400;\" aria-level=\"1\">\u00cen primul r\u00e2nd, este o modalitate excelent\u0103 de a cunoa\u0219te oameni noi din \u00eentreaga lume. Nu \u0219ti\u021bi niciodat\u0103 cu cine ve\u021bi ajunge s\u0103 discuta\u021bi, ceea ce poate fi interesant.<\/li>\n<li style=\"font-weight: 400;\" aria-level=\"1\">\u00cen al doilea r\u00e2nd, Chatruletka este complet gratuit de utilizat. Nu trebuie s\u0103 v\u0103 face\u021bi griji cu privire la plata oric\u0103ror taxe sau abonamente.<\/li>\n<li style=\"font-weight: 400;\" aria-level=\"1\">\u00cen al treilea r\u00e2nd, site-ul este 100% sigur \u0219i securizat. Pute\u021bi discuta cu persoane complet necunoscute f\u0103r\u0103 s\u0103 v\u0103 face\u021bi griji c\u0103 informa\u021biile dvs. personale vor fi compromise.<\/li>\n<li style=\"font-weight: 400;\" aria-level=\"1\">\u00cen al patrulea r\u00e2nd, Chatruletka este disponibil \u00een multe limbi diferite. Acest lucru \u00eel face accesibil persoanelor din \u00eentreaga lume.<\/li>\n<li style=\"font-weight: 400;\" aria-level=\"1\">\u00cen cele din urm\u0103, Chatruletka ofer\u0103 o modalitate excelent\u0103 de a v\u0103 conecta cu oamenii la un nivel mai profund. Pute\u021bi purta conversa\u021bii reale cu oamenii \u0219i pute\u021bi ajunge s\u0103 \u00eei cunoa\u0219te\u021bi \u00eentr-un mod pe care nu l-a\u021bi putea face dac\u0103 a\u021bi discuta doar textual.<\/li>\n<\/ul>\n<h2>La ce s\u0103 v\u0103 a\u0219tepta\u021bi c\u00e2nd utiliza\u021bi Chatruletka?<\/h2>\n<p>Atunci c\u00e2nd utiliza\u021bi Chatruletka, v\u0103 pute\u021bi a\u0219tepta s\u0103 fi\u021bi conectat cu o persoan\u0103 aleatorie de oriunde din lume. Ve\u021bi putea s\u0103 o vede\u021bi \u0219i s\u0103 o auzi\u021bi, iar ea va putea s\u0103 v\u0103 vad\u0103 \u0219i s\u0103 v\u0103 aud\u0103. Pute\u021bi discuta cu aceast\u0103 persoan\u0103 pentru c\u00e2t timp dori\u021bi sau pute\u021bi trece la o alt\u0103 persoan\u0103 \u00een orice moment.<\/p>\n<p>Chatruletka este un mod complet sigur \u0219i securizat de a discuta cu str\u0103inii. Informa\u021biile dvs. personale nu sunt niciodat\u0103 partajate cu altcineva, iar toate conversa\u021biile sunt 100% confiden\u021biale. De asemenea, pute\u021bi alege s\u0103 fi\u021bi anonim dac\u0103 prefera\u021bi.<\/p>\n<p>Chatruletka este o modalitate grozav\u0103 de a cunoa\u0219te oameni noi din \u00eentreaga lume. Este distractiv, u\u0219or de utilizat \u0219i complet sigur. A\u0219a c\u0103 de ce s\u0103 nu \u00eencerci ast\u0103zi?<\/p>\n<h2>Alternative la Chatruletka:<\/h2>\n<p>Exist\u0103 multe alternative la Chatruletka care ofer\u0103 un serviciu similar.<\/p>\n<p><a href=\"https:\/\/strangercam.com\/ro\/omegle\/\">Omegle<\/a> este o alternativ\u0103 popular\u0103. Omegle este un site de chat online gratuit care permite utilizatorilor s\u0103 se conecteze cu str\u0103ini din \u00eentreaga lume. Omegle nu solicit\u0103 utilizatorilor s\u0103 creeze un cont, ceea ce face ca \u00eenceperea s\u0103 fie rapid\u0103 \u0219i u\u0219oar\u0103. Ca \u0219i Chatruletka, Omegle are o sec\u021biune pentru conversa\u021bii pentru adul\u021bi, care nu sunt moderate. Cu toate acestea, Omegle are moderatori care pot interzice accesul utilizatorilor care au un comportament inadecvat.<\/p>\n<p>O alt\u0103 alternativ\u0103 popular\u0103 este Camsurf. Camsurf este un site de chat online gratuit care conecteaz\u0103 utilizatorii cu str\u0103ini din \u00eentreaga lume. Camsurf are o politic\u0103 strict\u0103 de nuditate, astfel \u00eenc\u00e2t utilizatorii pot fi siguri c\u0103 nu vor fi expu\u0219i la niciun con\u021binut explicit. Camsurf are, de asemenea, o echip\u0103 de moderare care monitorizeaz\u0103 conversa\u021biile \u0219i poate interzice accesul utilizatorilor care au un comportament inadecvat.<\/p>\n<p>Exist\u0103 multe alte alternative la Chatruletka care ofer\u0103 servicii similare. Acestea includ site-uri precum <a href=\"https:\/\/strangercam.com\/ro\/bazoocam\/\">Bazoocam<\/a>, Chatrandom \u0219i Tinychat.<\/p>\n<h2>Este sigur de utilizat?<\/h2>\n<p>Da, Chatruletka este o modalitate sigur\u0103 \u0219i securizat\u0103 de a conversa video cu persoane aleatorii din \u00eentreaga lume. Site-ul utilizeaz\u0103 criptarea SSL pentru a v\u0103 proteja informa\u021biile personale, iar toate chat-urile sunt moderate de o echip\u0103 de moderatori. \u00cen plus, pute\u021bi raporta orice utilizator care \u00eencalc\u0103 termenii de serviciu ai site-ului.<\/p>\n<h2>Concluzie<\/h2>\n<p>\u00cen general, Chatruletka este o op\u021biune excelent\u0103 pentru cei care caut\u0103 un site de videochat aleatoriu sigur \u0219i securizat. Utilizarea site-ului este gratuit\u0103 \u0219i nu exist\u0103 taxe sau tarife ascunse. Pute\u021bi s\u0103 discuta\u021bi cu str\u0103ini din \u00eentreaga lume \u0219i s\u0103 v\u0103 face\u021bi prieteni noi cu u\u0219urin\u021b\u0103. Deci, ce mai a\u0219tepta\u021bi? \u00cencerca\u021bi Chatruletka ast\u0103zi!<\/p>","protected":false},"excerpt":{"rendered":"<p>You may have heard of Chatroulette &#8211; a site where you can be randomly matched with a stranger for a video chat. But did you know that there is now a version of Chatroulette that is 100% safe? Chatruletka is a new video-chat service that offers complete anonymity and security, so you can chat with [&hellip;]<\/p>\n","protected":false},"author":6,"featured_media":559,"parent":0,"menu_order":0,"comment_status":"closed","ping_status":"closed","template":"","meta":{"footnotes":""},"class_list":["post-1261","page","type-page","status-publish","has-post-thumbnail","hentry"],"yoast_head":"<!-- This site is optimized with the Yoast SEO plugin v27.4 - https:\/\/yoast.com\/product\/yoast-seo-wordpress\/ -->\n<title>Chatruletka - Free Cam Chat on StrangerCam<\/title>\n<meta name=\"description\" content=\"Like Chatruletka? Come chat with more than 5.000.000 strangers on Stranger Cam for Free! Turn on your cam and find new friends!\" \/>\n<meta name=\"robots\" content=\"index, follow, max-snippet:-1, max-image-preview:large, max-video-preview:-1\" \/>\n<link rel=\"canonical\" href=\"https:\/\/strangercam.com\/ro\/chatruletka\/\" \/>\n<meta property=\"og:locale\" content=\"ro_RO\" \/>\n<meta property=\"og:type\" content=\"article\" \/>\n<meta property=\"og:title\" content=\"Chatruletka - Free Cam Chat on StrangerCam\" \/>\n<meta property=\"og:description\" content=\"Like Chatruletka? Come chat with more than 5.000.000 strangers on Stranger Cam for Free! Turn on your cam and find new friends!\" \/>\n<meta property=\"og:url\" content=\"https:\/\/strangercam.com\/ro\/chatruletka\/\" \/>\n<meta property=\"og:site_name\" content=\"Strangercam\" \/>\n<meta property=\"article:publisher\" content=\"https:\/\/www.facebook.com\/strangercam\" \/>\n<meta property=\"article:modified_time\" content=\"2023-08-21T10:24:41+00:00\" \/>\n<meta property=\"og:image\" content=\"https:\/\/strangercam.com\/wp-content\/uploads\/2020\/11\/stranger-cam-1.png\" \/>\n\t<meta property=\"og:image:width\" content=\"800\" \/>\n\t<meta property=\"og:image:height\" content=\"800\" \/>\n\t<meta property=\"og:image:type\" content=\"image\/png\" \/>\n<meta name=\"twitter:card\" content=\"summary_large_image\" \/>\n<meta name=\"twitter:site\" content=\"@strangercamapp\" \/>\n<meta name=\"twitter:label1\" content=\"Timp estimat pentru citire\" \/>\n\t<meta name=\"twitter:data1\" content=\"5 minute\" \/>\n<script type=\"application\/ld+json\" class=\"yoast-schema-graph\">{\"@context\":\"https:\\\/\\\/schema.org\",\"@graph\":[{\"@type\":\"WebPage\",\"@id\":\"https:\\\/\\\/strangercam.com\\\/chatruletka\\\/\",\"url\":\"https:\\\/\\\/strangercam.com\\\/chatruletka\\\/\",\"name\":\"Chatruletka - Free Cam Chat on StrangerCam\",\"isPartOf\":{\"@id\":\"https:\\\/\\\/strangercam.com\\\/#website\"},\"primaryImageOfPage\":{\"@id\":\"https:\\\/\\\/strangercam.com\\\/chatruletka\\\/#primaryimage\"},\"image\":{\"@id\":\"https:\\\/\\\/strangercam.com\\\/chatruletka\\\/#primaryimage\"},\"thumbnailUrl\":\"https:\\\/\\\/strangercam.com\\\/wp-content\\\/uploads\\\/2020\\\/11\\\/stranger-cam-1.png\",\"datePublished\":\"2021-02-21T12:58:36+00:00\",\"dateModified\":\"2023-08-21T10:24:41+00:00\",\"description\":\"Like Chatruletka? Come chat with more than 5.000.000 strangers on Stranger Cam for Free! Turn on your cam and find new friends!\",\"breadcrumb\":{\"@id\":\"https:\\\/\\\/strangercam.com\\\/chatruletka\\\/#breadcrumb\"},\"inLanguage\":\"ro-RO\",\"potentialAction\":[{\"@type\":\"ReadAction\",\"target\":[\"https:\\\/\\\/strangercam.com\\\/chatruletka\\\/\"]}]},{\"@type\":\"ImageObject\",\"inLanguage\":\"ro-RO\",\"@id\":\"https:\\\/\\\/strangercam.com\\\/chatruletka\\\/#primaryimage\",\"url\":\"https:\\\/\\\/strangercam.com\\\/wp-content\\\/uploads\\\/2020\\\/11\\\/stranger-cam-1.png\",\"contentUrl\":\"https:\\\/\\\/strangercam.com\\\/wp-content\\\/uploads\\\/2020\\\/11\\\/stranger-cam-1.png\",\"width\":800,\"height\":800,\"caption\":\"stranger cam random video chat\"},{\"@type\":\"BreadcrumbList\",\"@id\":\"https:\\\/\\\/strangercam.com\\\/chatruletka\\\/#breadcrumb\",\"itemListElement\":[{\"@type\":\"ListItem\",\"position\":1,\"name\":\"Home\",\"item\":\"https:\\\/\\\/strangercam.com\\\/\"},{\"@type\":\"ListItem\",\"position\":2,\"name\":\"Chatruletka\"}]},{\"@type\":\"WebSite\",\"@id\":\"https:\\\/\\\/strangercam.com\\\/#website\",\"url\":\"https:\\\/\\\/strangercam.com\\\/\",\"name\":\"Strangercam\",\"description\":\"Random Video Chat with Strangers\",\"publisher\":{\"@id\":\"https:\\\/\\\/strangercam.com\\\/#organization\"},\"alternateName\":\"Strangercam.com\",\"potentialAction\":[{\"@type\":\"SearchAction\",\"target\":{\"@type\":\"EntryPoint\",\"urlTemplate\":\"https:\\\/\\\/strangercam.com\\\/?s={search_term_string}\"},\"query-input\":{\"@type\":\"PropertyValueSpecification\",\"valueRequired\":true,\"valueName\":\"search_term_string\"}}],\"inLanguage\":\"ro-RO\"},{\"@type\":\"Organization\",\"@id\":\"https:\\\/\\\/strangercam.com\\\/#organization\",\"name\":\"Strangercam\",\"alternateName\":\"Strangercam.com\",\"url\":\"https:\\\/\\\/strangercam.com\\\/\",\"logo\":{\"@type\":\"ImageObject\",\"inLanguage\":\"ro-RO\",\"@id\":\"https:\\\/\\\/strangercam.com\\\/#\\\/schema\\\/logo\\\/image\\\/\",\"url\":\"https:\\\/\\\/strangercam.com\\\/wp-content\\\/uploads\\\/2020\\\/11\\\/cropped-new-favicon-black.png\",\"contentUrl\":\"https:\\\/\\\/strangercam.com\\\/wp-content\\\/uploads\\\/2020\\\/11\\\/cropped-new-favicon-black.png\",\"width\":512,\"height\":512,\"caption\":\"Strangercam\"},\"image\":{\"@id\":\"https:\\\/\\\/strangercam.com\\\/#\\\/schema\\\/logo\\\/image\\\/\"},\"sameAs\":[\"https:\\\/\\\/www.facebook.com\\\/strangercam\",\"https:\\\/\\\/x.com\\\/strangercamapp\"]}]}<\/script>\n<!-- \/ Yoast SEO plugin. -->","yoast_head_json":{"title":"Chatruletka - Cam chat gratuit pe StrangerCam","description":"\u00ce\u021bi place Chatruletka? Vino s\u0103 vorbe\u0219ti cu mai mult de 5.000.000 de str\u0103ini pe Stranger Cam gratuit! Porne\u0219te-\u021bi camera \u0219i g\u0103se\u0219te-\u021bi noi prieteni!","robots":{"index":"index","follow":"follow","max-snippet":"max-snippet:-1","max-image-preview":"max-image-preview:large","max-video-preview":"max-video-preview:-1"},"canonical":"https:\/\/strangercam.com\/ro\/chatruletka\/","og_locale":"ro_RO","og_type":"article","og_title":"Chatruletka - Free Cam Chat on StrangerCam","og_description":"Like Chatruletka? Come chat with more than 5.000.000 strangers on Stranger Cam for Free! Turn on your cam and find new friends!","og_url":"https:\/\/strangercam.com\/ro\/chatruletka\/","og_site_name":"Strangercam","article_publisher":"https:\/\/www.facebook.com\/strangercam","article_modified_time":"2023-08-21T10:24:41+00:00","og_image":[{"width":800,"height":800,"url":"https:\/\/strangercam.com\/wp-content\/uploads\/2020\/11\/stranger-cam-1.png","type":"image\/png"}],"twitter_card":"summary_large_image","twitter_site":"@strangercamapp","twitter_misc":{"Timp estimat pentru citire":"5 minute"},"schema":{"@context":"https:\/\/schema.org","@graph":[{"@type":"WebPage","@id":"https:\/\/strangercam.com\/chatruletka\/","url":"https:\/\/strangercam.com\/chatruletka\/","name":"Chatruletka - Cam chat gratuit pe StrangerCam","isPartOf":{"@id":"https:\/\/strangercam.com\/#website"},"primaryImageOfPage":{"@id":"https:\/\/strangercam.com\/chatruletka\/#primaryimage"},"image":{"@id":"https:\/\/strangercam.com\/chatruletka\/#primaryimage"},"thumbnailUrl":"https:\/\/strangercam.com\/wp-content\/uploads\/2020\/11\/stranger-cam-1.png","datePublished":"2021-02-21T12:58:36+00:00","dateModified":"2023-08-21T10:24:41+00:00","description":"\u00ce\u021bi place Chatruletka? Vino s\u0103 vorbe\u0219ti cu mai mult de 5.000.000 de str\u0103ini pe Stranger Cam gratuit! Porne\u0219te-\u021bi camera \u0219i g\u0103se\u0219te-\u021bi noi prieteni!","breadcrumb":{"@id":"https:\/\/strangercam.com\/chatruletka\/#breadcrumb"},"inLanguage":"ro-RO","potentialAction":[{"@type":"ReadAction","target":["https:\/\/strangercam.com\/chatruletka\/"]}]},{"@type":"ImageObject","inLanguage":"ro-RO","@id":"https:\/\/strangercam.com\/chatruletka\/#primaryimage","url":"https:\/\/strangercam.com\/wp-content\/uploads\/2020\/11\/stranger-cam-1.png","contentUrl":"https:\/\/strangercam.com\/wp-content\/uploads\/2020\/11\/stranger-cam-1.png","width":800,"height":800,"caption":"stranger cam random video chat"},{"@type":"BreadcrumbList","@id":"https:\/\/strangercam.com\/chatruletka\/#breadcrumb","itemListElement":[{"@type":"ListItem","position":1,"name":"Home","item":"https:\/\/strangercam.com\/"},{"@type":"ListItem","position":2,"name":"Chatruletka"}]},{"@type":"WebSite","@id":"https:\/\/strangercam.com\/#website","url":"https:\/\/strangercam.com\/","name":"Strangercam","description":"Chat video aleatoriu cu str\u0103ini","publisher":{"@id":"https:\/\/strangercam.com\/#organization"},"alternateName":"Strangercam.com","potentialAction":[{"@type":"SearchAction","target":{"@type":"EntryPoint","urlTemplate":"https:\/\/strangercam.com\/?s={search_term_string}"},"query-input":{"@type":"PropertyValueSpecification","valueRequired":true,"valueName":"search_term_string"}}],"inLanguage":"ro-RO"},{"@type":"Organization","@id":"https:\/\/strangercam.com\/#organization","name":"Strangercam","alternateName":"Strangercam.com","url":"https:\/\/strangercam.com\/","logo":{"@type":"ImageObject","inLanguage":"ro-RO","@id":"https:\/\/strangercam.com\/#\/schema\/logo\/image\/","url":"https:\/\/strangercam.com\/wp-content\/uploads\/2020\/11\/cropped-new-favicon-black.png","contentUrl":"https:\/\/strangercam.com\/wp-content\/uploads\/2020\/11\/cropped-new-favicon-black.png","width":512,"height":512,"caption":"Strangercam"},"image":{"@id":"https:\/\/strangercam.com\/#\/schema\/logo\/image\/"},"sameAs":["https:\/\/www.facebook.com\/strangercam","https:\/\/x.com\/strangercamapp"]}]}},"_links":{"self":[{"href":"https:\/\/strangercam.com\/ro\/wp-json\/wp\/v2\/pages\/1261","targetHints":{"allow":["GET"]}}],"collection":[{"href":"https:\/\/strangercam.com\/ro\/wp-json\/wp\/v2\/pages"}],"about":[{"href":"https:\/\/strangercam.com\/ro\/wp-json\/wp\/v2\/types\/page"}],"author":[{"embeddable":true,"href":"https:\/\/strangercam.com\/ro\/wp-json\/wp\/v2\/users\/6"}],"replies":[{"embeddable":true,"href":"https:\/\/strangercam.com\/ro\/wp-json\/wp\/v2\/comments?post=1261"}],"version-history":[{"count":0,"href":"https:\/\/strangercam.com\/ro\/wp-json\/wp\/v2\/pages\/1261\/revisions"}],"wp:featuredmedia":[{"embeddable":true,"href":"https:\/\/strangercam.com\/ro\/wp-json\/wp\/v2\/media\/559"}],"wp:attachment":[{"href":"https:\/\/strangercam.com\/ro\/wp-json\/wp\/v2\/media?parent=1261"}],"curies":[{"name":"wp","href":"https:\/\/api.w.org\/{rel}","templated":true}]}}