{"id":12587,"date":"2024-11-08T12:02:12","date_gmt":"2024-11-08T10:02:12","guid":{"rendered":"https:\/\/strangercam.com\/?page_id=12587"},"modified":"2025-02-04T09:36:39","modified_gmt":"2025-02-04T07:36:39","slug":"rabbit-video-chat","status":"publish","type":"page","link":"https:\/\/strangercam.com\/ro\/rabbit-video-chat\/","title":{"rendered":"Iepure Video Chat"},"content":{"rendered":"<p>C\u0103uta\u021bi o modalitate spontan\u0103 \u0219i plin\u0103 de via\u021b\u0103 de a intra \u00een contact cu oameni noi online? Iepurele Video <a href=\"https:\/\/strangercam.com\/ro\/chatroulette\/\">Chat<\/a> ofer\u0103 o experien\u021b\u0103 de tip chatroulette, asociindu-v\u0103 cu str\u0103ini din \u00eentreaga lume pentru \u00eent\u00e2lniri distractive fa\u021b\u0103 \u00een fa\u021b\u0103. Mai jos, explor\u0103m caracteristicile principale ale Rabbit Video Chat, modul \u00een care acesta difer\u0103 de alte site-uri de chat aleatorii \u0219i de ce este o alegere bun\u0103 pentru conexiuni sociale rapide \u0219i pline de via\u021b\u0103.<\/p>\n<h2>Caracteristici principale<\/h2>\n<p>Iepure <a href=\"https:\/\/strangercam.com\/ro\/coomeet\/\">Chat video<\/a> se concentreaz\u0103 pe simplitate \u0219i divertisment, ajut\u00e2ndu-v\u0103 s\u0103 trece\u021bi direct la conversa\u021bii video f\u0103r\u0103 obstacole inutile. Caracteristicile sale includ:<\/p>\n<ul>\n<li><strong>Potrivire video aleatorie<\/strong>: \u00cemperecheaz\u0103-te instantaneu cu necunoscu\u021bi din \u00eentreaga lume pentru chat-uri autentice unu-la-unu.<\/li>\n<li><strong>Filtre \u0219i efecte distractive<\/strong>: Ad\u0103uga\u021bi emo\u021bie conversa\u021biilor cu m\u0103\u0219ti digitale ciudate \u0219i suprapuneri juc\u0103u\u0219e.<\/li>\n<li><strong>Navigare rapid\u0103<\/strong>: Trece\u021bi rapid de la un meci la altul pentru a continua s\u0103 cunoa\u0219te\u021bi oameni noi.<\/li>\n<li><strong>Optimizat pentru mobil<\/strong>: Bucura\u021bi-v\u0103 de chat-uri video fluide at\u00e2t pe smartphone-uri, c\u00e2t \u0219i pe desktop-uri.<\/li>\n<\/ul>\n<h2>Experien\u021b\u0103 aleatorie de chat video<\/h2>\n<p>Rabbit Video Chat exceleaz\u0103 \u00een a v\u0103 pune instantaneu \u00een contact cu persoane noi, asigur\u00e2ndu-v\u0103 c\u0103 petrece\u021bi mai mult timp vorbind \u0219i mai pu\u021bin timp a\u0219tept\u00e2nd.<\/p>\n<h3>Asociere instantanee<\/h3>\n<p>Atinge\u021bi butonul \"Start\", iar algoritmul platformei v\u0103 va conecta rapid cu un alt utilizator care dore\u0219te s\u0103 discute. Este vorba despre spontaneitate - nu sunt necesare profiluri extinse sau pa\u0219i complica\u021bi.<\/p>\n<h3>Auto Urm\u0103torul<\/h3>\n<p>Nu sunte\u021bi de acord cu partenerul dvs. actual? Pur \u0219i simplu ap\u0103sa\u021bi \"Urm\u0103torul\" pentru a trece mai departe. Acest lucru asigur\u0103 un mediu rapid \u00een care po\u021bi g\u0103si perechea potrivit\u0103 pentru tine.<\/p>\n<h3>Comunitatea global\u0103<\/h3>\n<p>Baza de utilizatori a Rabbit Video Chat se \u00eentinde pe mai multe continente, oferind oportunit\u0103\u021bi ample de a \u00eenv\u0103\u021ba despre diferite culturi \u0219i poate chiar de a practica o nou\u0103 limb\u0103.<\/p>\n<h2>Fun Extras<\/h2>\n<p>Aceast\u0103 platform\u0103 merge dincolo de apelurile standard cu func\u021bii ad\u0103ugate care condimenteaz\u0103 experien\u021ba chat-ului aleatoriu:<\/p>\n<table>\n<thead>\n<tr>\n<th>Caracteristic\u0103<\/th>\n<th>Descriere<\/th>\n<\/tr>\n<\/thead>\n<tbody>\n<tr>\n<td><strong>Filtre \u0219i m\u0103\u0219ti digitale<\/strong><\/td>\n<td>Injecta\u021bi umor sau creativitate \u00een conversa\u021bii cu efecte vizuale amuzante.<\/td>\n<\/tr>\n<tr>\n<td><strong>Integrare chat text<\/strong><\/td>\n<td>Scrie\u021bi mesaje rapide sau partaja\u021bi linkuri dac\u0103 la \u00eenceput discu\u021bia vi se pare prea personal\u0103.<\/td>\n<\/tr>\n<tr>\n<td><strong>Instrumentul Instantaneu<\/strong><\/td>\n<td>\u00cenregistra\u021bi momente memorabile (cu acordul partenerului de chat) pentru a le revedea mai t\u00e2rziu.<\/td>\n<\/tr>\n<tr>\n<td><strong>Etichete de interes<\/strong><\/td>\n<td>Eticheta\u021bi chat-urile cu subiecte (muzic\u0103, c\u0103l\u0103torii, jocuri) pentru o mai bun\u0103 compatibilitate cu noile meciuri.<\/td>\n<\/tr>\n<\/tbody>\n<\/table>\n<h2>Interfa\u021ba \u0219i experien\u021ba utilizatorului<\/h2>\n<p>Rabbit Video Chat \u00ee\u0219i propune s\u0103 ofere o interfa\u021b\u0103 clar\u0103 \u0219i simpl\u0103, men\u021bin\u00e2nd accentul pe <a href=\"https:\/\/strangercam.com\/ro\/mili\/\">\u00een direct<\/a> video.<\/p>\n<h3>Design \u0219i navigare<\/h3>\n<ul>\n<li><strong>Comenzi minimaliste<\/strong>: Butoanele clar marcate \u201cStart\u201d, \u201cStop\u201d \u0219i \u201cUrm\u0103torul\u201d faciliteaz\u0103 gestionarea chat-urilor.<\/li>\n<li><strong>Meniuri bazate pe pictograme<\/strong>: Filtrele, chat-ul text \u0219i alte func\u021bii sunt accesibile prin intermediul pictogramelor intuitive.<\/li>\n<li><strong>Layout responsiv<\/strong>: De la smartphone-uri la monitoare mari, interfa\u021ba se adapteaz\u0103 f\u0103r\u0103 probleme.<\/li>\n<\/ul>\n<h3>Personalizare<\/h3>\n<ul>\n<li><strong>Profiluri op\u021bionale<\/strong>: Utiliza\u021bi o porecl\u0103 sau r\u0103m\u00e2ne\u021bi anonim pentru confiden\u021bialitate.<\/li>\n<li><strong>Preferin\u021be de notificare<\/strong>: Alege\u021bi modul \u00een care primi\u021bi cereri de prietenie sau actualiz\u0103ri.<\/li>\n<li><strong>Set\u0103ri de confiden\u021bialitate<\/strong>: Controla\u021bi partajarea loca\u021biei \u0219i gestiona\u021bi ce detalii sunt vizibile pentru al\u021bii.<\/li>\n<\/ul>\n<h2>Performan\u021b\u0103<\/h2>\n<p>Conexiunile rapide \u0219i stabile sunt esen\u021biale pentru orice aplica\u021bie video live, iar Rabbit Video Chat lucreaz\u0103 pentru a oferi o experien\u021b\u0103 fiabil\u0103:<\/p>\n<h3>Servere optimizate<\/h3>\n<ul>\n<li><strong>Decalaj redus<\/strong>: Infrastructura eficient\u0103 vizeaz\u0103 o laten\u021b\u0103 minim\u0103 \u00een apelurile video.<\/li>\n<li><strong>Calitatea adaptiv\u0103<\/strong>: Rezolu\u021bia video se ajusteaz\u0103 \u00een func\u021bie de viteza internetului pentru a minimiza \u00eentreruperile.<\/li>\n<li><strong>Mod eficient de date<\/strong>: Utilizatorii de telefonie mobil\u0103 pot activa set\u0103rile de utilizare redus\u0103 a datelor.<\/li>\n<\/ul>\n<h2>Siguran\u021b\u0103 \u0219i modera\u021bie<\/h2>\n<p>Conversa\u021biile video aleatorii pot aduce con\u021binut nea\u0219teptat, astfel \u00eenc\u00e2t Rabbit Video Chat include mai multe m\u0103suri de siguran\u021b\u0103:<\/p>\n<h3>Supravegherea comunitar\u0103<\/h3>\n<ul>\n<li><strong>Instrumente de raportare \u0219i blocare<\/strong>: Marca\u021bi rapid utilizatorii nepotrivi\u021bi \u0219i bloca\u021bi-i de la \u00eent\u00e2lniri viitoare.<\/li>\n<li><strong>Moderarea AI<\/strong>: Sistemele automatizate monitorizeaz\u0103 \u00een timp real comportamentele explicite sau d\u0103un\u0103toare.<\/li>\n<li><strong>Echipa de moderare uman\u0103<\/strong>: Membrii personalului analizeaz\u0103 problemele raportate pentru a men\u021bine platforma primitoare.<\/li>\n<\/ul>\n<h3>Controlul confiden\u021bialit\u0103\u021bii<\/h3>\n<ul>\n<li><strong>Interfa\u021b\u0103 anonim\u0103<\/strong>: Chat f\u0103r\u0103 a dezv\u0103lui detalii personale.<\/li>\n<li><strong>Stocarea criptat\u0103 a datelor<\/strong>: Criptarea de baz\u0103 protejeaz\u0103 informa\u021biile sensibile din cont.<\/li>\n<li><strong>Restric\u021bii de v\u00e2rst\u0103<\/strong>: Verificarea v\u00e2rstei ajut\u0103 la men\u021binerea siguran\u021bei minorilor.<\/li>\n<\/ul>\n<h2>Monetizare \u0219i actualiz\u0103ri<\/h2>\n<p>\u00cen timp ce Rabbit Video Chat este \u00een mare parte <a href=\"https:\/\/strangercam.com\/ro\/chat4free\/\">liber<\/a> de utilizat, acesta ofer\u0103 \u0219i func\u021bii premium:<\/p>\n<h3>Beneficii premium<\/h3>\n<ul>\n<li><strong>Navigare f\u0103r\u0103 reclame<\/strong>: Elimina\u021bi reclamele pentru o conversa\u021bie ne\u00eentrerupt\u0103.<\/li>\n<li><strong>Efecte exclusive<\/strong>: Debloca\u021bi filtre \u0219i fundaluri speciale.<\/li>\n<li><strong>Potrivire \u00eembun\u0103t\u0103\u021bit\u0103<\/strong>: Regla\u021bi cu precizie etichetele de interes \u0219i filtrele de loca\u021bie.<\/li>\n<\/ul>\n<h3>Sisteme de recompense<\/h3>\n<ul>\n<li><strong>Puncte de loialitate<\/strong>: Ob\u021bine\u021bi credite prin utilizarea frecvent\u0103, care pot fi r\u0103scump\u0103rate pentru articole premium.<\/li>\n<li><strong>Beneficii de recomandare<\/strong>: Invita\u021bi prietenii \u0219i primi\u021bi bonusuri pentru fiecare \u00eenscriere reu\u0219it\u0103.<\/li>\n<\/ul>\n<h2>Pozi\u021bionarea pe pia\u021b\u0103<\/h2>\n<p>Rabbit Video Chat serve\u0219te ca o alternativ\u0103 plin\u0103 de via\u021b\u0103 la mai multe stabilite <a href=\"https:\/\/strangercam.com\/ro\/chathub\/\">chat video aleatoriu<\/a> baz\u00e2ndu-se pe interfa\u021ba sa u\u0219or de utilizat \u0219i pe abordarea robust\u0103 de moderare.<\/p>\n<h3>Caracteristici demografice ale utilizatorilor<\/h3>\n<ul>\n<li><strong>Intervalul de v\u00e2rst\u0103<\/strong>: Predominant 18-35 de ani, de\u0219i particip\u0103 adul\u021bi de toate v\u00e2rstele.<\/li>\n<li><strong>Interese principale<\/strong>: Conversa\u021bii ocazionale, schimburi culturale, practic\u0103 lingvistic\u0103.<\/li>\n<li><strong>Ore de v\u00e2rf<\/strong>: Nop\u021bile \u0219i weekendurile \u00eenregistreaz\u0103 cel mai mare trafic de utilizatori.<\/li>\n<\/ul>\n<h3>\u00centindere global\u0103<\/h3>\n<ul>\n<li><strong>Utilizatori interna\u021bionali<\/strong>: Rela\u021biona\u021bi cu persoane din diferite \u021b\u0103ri \u0219i medii.<\/li>\n<li><strong>Interfa\u021b\u0103 \u00een mai multe limbi<\/strong>: Trece\u021bi la diferite op\u021biuni de limb\u0103 pentru o experien\u021b\u0103 localizat\u0103.<\/li>\n<\/ul>\n<h2>Avantaje \u0219i dezavantaje<\/h2>\n<p>Iat\u0103 o scurt\u0103 privire asupra avantajelor \u0219i poten\u021bialelor limit\u0103ri ale Rabbit Video Chat:<\/p>\n<table>\n<thead>\n<tr>\n<th>Avantaje<\/th>\n<th>Contra<\/th>\n<\/tr>\n<\/thead>\n<tbody>\n<tr>\n<td>\n<ul>\n<li>Conexiuni rapide aleatorii<\/li>\n<li>Interfa\u021b\u0103 simpl\u0103 pentru utilizator<\/li>\n<li>Filtre \u0219i efecte distractive<\/li>\n<li>Instrumente dedicate de moderare \u0219i siguran\u021b\u0103<\/li>\n<li>Func\u021bioneaz\u0103 bine pe dispozitive mobile<\/li>\n<\/ul>\n<\/td>\n<td>\n<ul>\n<li>Expunere ocazional\u0103 la con\u021binut nedorit<\/li>\n<li>Necesit\u0103 internet stabil pentru cea mai bun\u0103 calitate<\/li>\n<li>Mai pu\u021bine caracteristici gratuite comparativ cu upgrade-urile pl\u0103tite<\/li>\n<li>Concureaz\u0103 cu platforme mai mari, bine-cunoscute<\/li>\n<\/ul>\n<\/td>\n<\/tr>\n<\/tbody>\n<\/table>\n<h2>Concluzie<\/h2>\n<p>Rabbit Video Chat este o op\u021biune energizant\u0103 \u0219i u\u0219or de utilizat dac\u0103 v\u0103 place s\u0103 \u00eent\u00e2lni\u021bi persoane necunoscute prin apeluri video aleatorii. Designul s\u0103u simplist, comunitatea global\u0103 incluziv\u0103 \u0219i instrumentele robuste de moderare \u00eel fac o alegere solid\u0103 pentru chat-uri rapide, practic\u0103 lingvistic\u0103 sau \u00eent\u00e2lniri distractive \u00een timp real. Fie c\u0103 sunte\u021bi nou \u00een domeniul chat-urilor video aleatorii sau un profesionist experimentat, Rabbit Video Chat se remarc\u0103 ca o modalitate u\u0219oar\u0103 \u0219i fiabil\u0103 de a v\u0103 conecta cu oameni din toate categoriile sociale - la doar un clic distan\u021b\u0103.<\/p>","protected":false},"excerpt":{"rendered":"<p>Are you looking for a spirited and spontaneous way to connect with new people online? Rabbit Video Chat delivers a chatroulette-style experience, pairing you with strangers from across the globe for fun face-to-face encounters. Below, we explore Rabbit Video Chat\u2019s standout features, how it differs from other random chat sites, and why it\u2019s a go-to [&hellip;]<\/p>\n","protected":false},"author":6,"featured_media":0,"parent":0,"menu_order":0,"comment_status":"closed","ping_status":"closed","template":"","meta":{"footnotes":""},"class_list":["post-12587","page","type-page","status-publish","hentry"],"yoast_head":"<!-- This site is optimized with the Yoast SEO plugin v26.9 - https:\/\/yoast.com\/product\/yoast-seo-wordpress\/ -->\n<title>Rabbit Video Chat - Free Video Chat Rooms - StrangerCam.com<\/title>\n<meta name=\"description\" content=\"Discover Chamet, the ultimate online platform connecting you to free video chat rooms and live streams. Join Chamet today!\" \/>\n<meta name=\"robots\" content=\"index, follow, max-snippet:-1, max-image-preview:large, max-video-preview:-1\" \/>\n<link rel=\"canonical\" href=\"https:\/\/strangercam.com\/ro\/rabbit-video-chat\/\" \/>\n<meta property=\"og:locale\" content=\"ro_RO\" \/>\n<meta property=\"og:type\" content=\"article\" \/>\n<meta property=\"og:title\" content=\"Rabbit Video Chat - Free Video Chat Rooms - StrangerCam.com\" \/>\n<meta property=\"og:description\" content=\"Discover Chamet, the ultimate online platform connecting you to free video chat rooms and live streams. Join Chamet today!\" \/>\n<meta property=\"og:url\" content=\"https:\/\/strangercam.com\/ro\/rabbit-video-chat\/\" \/>\n<meta property=\"og:site_name\" content=\"Strangercam\" \/>\n<meta property=\"article:publisher\" content=\"https:\/\/www.facebook.com\/strangercam\" \/>\n<meta property=\"article:modified_time\" content=\"2025-02-04T07:36:39+00:00\" \/>\n<meta property=\"og:image\" content=\"https:\/\/strangercam.com\/wp-content\/uploads\/2021\/10\/Untitled-2.png\" \/>\n\t<meta property=\"og:image:width\" content=\"800\" \/>\n\t<meta property=\"og:image:height\" content=\"532\" \/>\n\t<meta property=\"og:image:type\" content=\"image\/png\" \/>\n<meta name=\"twitter:card\" content=\"summary_large_image\" \/>\n<meta name=\"twitter:site\" content=\"@strangercamapp\" \/>\n<meta name=\"twitter:label1\" content=\"Timp estimat pentru citire\" \/>\n\t<meta name=\"twitter:data1\" content=\"4 minute\" \/>\n<script type=\"application\/ld+json\" class=\"yoast-schema-graph\">{\"@context\":\"https:\/\/schema.org\",\"@graph\":[{\"@type\":\"WebPage\",\"@id\":\"https:\/\/strangercam.com\/rabbit-video-chat\/\",\"url\":\"https:\/\/strangercam.com\/rabbit-video-chat\/\",\"name\":\"Rabbit Video Chat - Free Video Chat Rooms - StrangerCam.com\",\"isPartOf\":{\"@id\":\"https:\/\/strangercam.com\/#website\"},\"datePublished\":\"2024-11-08T10:02:12+00:00\",\"dateModified\":\"2025-02-04T07:36:39+00:00\",\"description\":\"Discover Chamet, the ultimate online platform connecting you to free video chat rooms and live streams. Join Chamet today!\",\"breadcrumb\":{\"@id\":\"https:\/\/strangercam.com\/rabbit-video-chat\/#breadcrumb\"},\"inLanguage\":\"ro-RO\",\"potentialAction\":[{\"@type\":\"ReadAction\",\"target\":[\"https:\/\/strangercam.com\/rabbit-video-chat\/\"]}]},{\"@type\":\"BreadcrumbList\",\"@id\":\"https:\/\/strangercam.com\/rabbit-video-chat\/#breadcrumb\",\"itemListElement\":[{\"@type\":\"ListItem\",\"position\":1,\"name\":\"Home\",\"item\":\"https:\/\/strangercam.com\/\"},{\"@type\":\"ListItem\",\"position\":2,\"name\":\"Rabbit Video Chat\"}]},{\"@type\":\"WebSite\",\"@id\":\"https:\/\/strangercam.com\/#website\",\"url\":\"https:\/\/strangercam.com\/\",\"name\":\"Strangercam\",\"description\":\"Random Video Chat with Strangers\",\"publisher\":{\"@id\":\"https:\/\/strangercam.com\/#organization\"},\"alternateName\":\"Strangercam.com\",\"potentialAction\":[{\"@type\":\"SearchAction\",\"target\":{\"@type\":\"EntryPoint\",\"urlTemplate\":\"https:\/\/strangercam.com\/?s={search_term_string}\"},\"query-input\":{\"@type\":\"PropertyValueSpecification\",\"valueRequired\":true,\"valueName\":\"search_term_string\"}}],\"inLanguage\":\"ro-RO\"},{\"@type\":\"Organization\",\"@id\":\"https:\/\/strangercam.com\/#organization\",\"name\":\"Strangercam\",\"alternateName\":\"Strangercam.com\",\"url\":\"https:\/\/strangercam.com\/\",\"logo\":{\"@type\":\"ImageObject\",\"inLanguage\":\"ro-RO\",\"@id\":\"https:\/\/strangercam.com\/#\/schema\/logo\/image\/\",\"url\":\"https:\/\/strangercam.com\/wp-content\/uploads\/2020\/11\/cropped-new-favicon-black.png\",\"contentUrl\":\"https:\/\/strangercam.com\/wp-content\/uploads\/2020\/11\/cropped-new-favicon-black.png\",\"width\":512,\"height\":512,\"caption\":\"Strangercam\"},\"image\":{\"@id\":\"https:\/\/strangercam.com\/#\/schema\/logo\/image\/\"},\"sameAs\":[\"https:\/\/www.facebook.com\/strangercam\",\"https:\/\/x.com\/strangercamapp\"]}]}<\/script>\n<!-- \/ Yoast SEO plugin. -->","yoast_head_json":{"title":"Rabbit Video Chat - Camere video gratuite de chat - StrangerCam.com","description":"Descoper\u0103 Chamet, cea mai bun\u0103 platform\u0103 online care te conecteaz\u0103 la camere de videochat gratuite \u0219i la fluxuri live. Al\u0103tura\u021bi-v\u0103 Chamet ast\u0103zi!","robots":{"index":"index","follow":"follow","max-snippet":"max-snippet:-1","max-image-preview":"max-image-preview:large","max-video-preview":"max-video-preview:-1"},"canonical":"https:\/\/strangercam.com\/ro\/rabbit-video-chat\/","og_locale":"ro_RO","og_type":"article","og_title":"Rabbit Video Chat - Free Video Chat Rooms - StrangerCam.com","og_description":"Discover Chamet, the ultimate online platform connecting you to free video chat rooms and live streams. Join Chamet today!","og_url":"https:\/\/strangercam.com\/ro\/rabbit-video-chat\/","og_site_name":"Strangercam","article_publisher":"https:\/\/www.facebook.com\/strangercam","article_modified_time":"2025-02-04T07:36:39+00:00","og_image":[{"width":800,"height":532,"url":"https:\/\/strangercam.com\/wp-content\/uploads\/2021\/10\/Untitled-2.png","type":"image\/png"}],"twitter_card":"summary_large_image","twitter_site":"@strangercamapp","twitter_misc":{"Timp estimat pentru citire":"4 minute"},"schema":{"@context":"https:\/\/schema.org","@graph":[{"@type":"WebPage","@id":"https:\/\/strangercam.com\/rabbit-video-chat\/","url":"https:\/\/strangercam.com\/rabbit-video-chat\/","name":"Rabbit Video Chat - Camere video gratuite de chat - StrangerCam.com","isPartOf":{"@id":"https:\/\/strangercam.com\/#website"},"datePublished":"2024-11-08T10:02:12+00:00","dateModified":"2025-02-04T07:36:39+00:00","description":"Descoper\u0103 Chamet, cea mai bun\u0103 platform\u0103 online care te conecteaz\u0103 la camere de videochat gratuite \u0219i la fluxuri live. Al\u0103tura\u021bi-v\u0103 Chamet ast\u0103zi!","breadcrumb":{"@id":"https:\/\/strangercam.com\/rabbit-video-chat\/#breadcrumb"},"inLanguage":"ro-RO","potentialAction":[{"@type":"ReadAction","target":["https:\/\/strangercam.com\/rabbit-video-chat\/"]}]},{"@type":"BreadcrumbList","@id":"https:\/\/strangercam.com\/rabbit-video-chat\/#breadcrumb","itemListElement":[{"@type":"ListItem","position":1,"name":"Home","item":"https:\/\/strangercam.com\/"},{"@type":"ListItem","position":2,"name":"Rabbit Video Chat"}]},{"@type":"WebSite","@id":"https:\/\/strangercam.com\/#website","url":"https:\/\/strangercam.com\/","name":"Strangercam","description":"Chat video aleatoriu cu str\u0103ini","publisher":{"@id":"https:\/\/strangercam.com\/#organization"},"alternateName":"Strangercam.com","potentialAction":[{"@type":"SearchAction","target":{"@type":"EntryPoint","urlTemplate":"https:\/\/strangercam.com\/?s={search_term_string}"},"query-input":{"@type":"PropertyValueSpecification","valueRequired":true,"valueName":"search_term_string"}}],"inLanguage":"ro-RO"},{"@type":"Organization","@id":"https:\/\/strangercam.com\/#organization","name":"Strangercam","alternateName":"Strangercam.com","url":"https:\/\/strangercam.com\/","logo":{"@type":"ImageObject","inLanguage":"ro-RO","@id":"https:\/\/strangercam.com\/#\/schema\/logo\/image\/","url":"https:\/\/strangercam.com\/wp-content\/uploads\/2020\/11\/cropped-new-favicon-black.png","contentUrl":"https:\/\/strangercam.com\/wp-content\/uploads\/2020\/11\/cropped-new-favicon-black.png","width":512,"height":512,"caption":"Strangercam"},"image":{"@id":"https:\/\/strangercam.com\/#\/schema\/logo\/image\/"},"sameAs":["https:\/\/www.facebook.com\/strangercam","https:\/\/x.com\/strangercamapp"]}]}},"_links":{"self":[{"href":"https:\/\/strangercam.com\/ro\/wp-json\/wp\/v2\/pages\/12587","targetHints":{"allow":["GET"]}}],"collection":[{"href":"https:\/\/strangercam.com\/ro\/wp-json\/wp\/v2\/pages"}],"about":[{"href":"https:\/\/strangercam.com\/ro\/wp-json\/wp\/v2\/types\/page"}],"author":[{"embeddable":true,"href":"https:\/\/strangercam.com\/ro\/wp-json\/wp\/v2\/users\/6"}],"replies":[{"embeddable":true,"href":"https:\/\/strangercam.com\/ro\/wp-json\/wp\/v2\/comments?post=12587"}],"version-history":[{"count":3,"href":"https:\/\/strangercam.com\/ro\/wp-json\/wp\/v2\/pages\/12587\/revisions"}],"predecessor-version":[{"id":12689,"href":"https:\/\/strangercam.com\/ro\/wp-json\/wp\/v2\/pages\/12587\/revisions\/12689"}],"wp:attachment":[{"href":"https:\/\/strangercam.com\/ro\/wp-json\/wp\/v2\/media?parent=12587"}],"curies":[{"name":"wp","href":"https:\/\/api.w.org\/{rel}","templated":true}]}}