{"id":12574,"date":"2024-10-03T14:29:19","date_gmt":"2024-10-03T12:29:19","guid":{"rendered":"https:\/\/strangercam.com\/?page_id=12574"},"modified":"2025-06-16T13:27:40","modified_gmt":"2025-06-16T11:27:40","slug":"camsurf","status":"publish","type":"page","link":"https:\/\/strangercam.com\/ro\/camsurf\/","title":{"rendered":"Camsurf"},"content":{"rendered":"<p>Conectarea cu oameni din diferite p\u0103r\u021bi ale lumii a devenit mai u\u0219oar\u0103 ca niciodat\u0103. Camsurf profit\u0103 de aceast\u0103 tendin\u021b\u0103 oferind o platform\u0103 pentru <a href=\"https:\/\/strangercam.com\/ro\/rabbit-video-chat\/\">video<\/a> chat-uri, permi\u021b\u00e2nd utilizatorilor s\u0103 se angajeze \u00een conversa\u021bii spontane cu persoane necunoscute la nivel global. Aceast\u0103 recenzie ofer\u0103 o analiz\u0103 complet\u0103 a Camsurf, explor\u00e2nd caracteristicile sale, experien\u021ba utilizatorului, op\u021biunile de pre\u021b, m\u0103surile de siguran\u021b\u0103 \u0219i modul \u00een care se situeaz\u0103 fa\u021b\u0103 de concuren\u021bii s\u0103i.<\/p>\n<h2>Prezentare general\u0103 a Camsurf<\/h2>\n<p>Lansat cu misiunea de a face socializarea online simpl\u0103 \u0219i pl\u0103cut\u0103, Camsurf s-a stabilit ca o platform\u0103 de \u00eencredere pentru chat-uri video aleatorii. Platforma este conceput\u0103 pentru a imita interac\u021biunile din via\u021ba real\u0103 prin conectarea instantanee a utilizatorilor, elimin\u00e2nd necesitatea unor profiluri extinse sau a unor procese lungi de \u00eenscriere. Cu milioane de utilizatori din \u00eentreaga lume, Camsurf promoveaz\u0103 o comunitate divers\u0103 \u0219i vibrant\u0103 \u00een care persoanele \u00ee\u0219i pot face prieteni noi, pot practica limbi str\u0103ine sau pur \u0219i simplu se pot bucura de conversa\u021bii ocazionale.<\/p>\n<h2>Caracteristici principale<\/h2>\n<h3>Chat video aleatoriu<\/h3>\n<p>Nucleul Camsurf este video-ul s\u0103u aleatoriu <a href=\"https:\/\/strangercam.com\/ro\/chatroulette\/\">chat<\/a> care asociaz\u0103 utilizatorii cu persoane necunoscute pentru conversa\u021bii video unu la unu. Aceast\u0103 func\u021bionalitate este f\u0103r\u0103 cusur, oferind con\u021binut video \u0219i audio de \u00eenalt\u0103 calitate pentru a asigura interac\u021biuni fluide \u0219i captivante. Simplitatea ini\u021bierii unei conversa\u021bii cu un singur clic o face accesibil\u0103 utilizatorilor din toate mediile tehnice.<\/p>\n<h3>Filtre de gen \u0219i de \u021bar\u0103<\/h3>\n<p>Pentru a \u00eembun\u0103t\u0103\u021bi experien\u021ba utilizatorului, Camsurf ofer\u0103 filtre de gen \u0219i de \u021bar\u0103. Aceste filtre permit utilizatorilor s\u0103 specifice sexul persoanelor cu care doresc s\u0103 intre \u00een contact \u0219i s\u0103 selecteze anumite \u021b\u0103ri, permi\u021b\u00e2nd conversa\u021bii mai semnificative \u0219i relevante. Aceast\u0103 personalizare este deosebit de benefic\u0103 pentru cei care doresc s\u0103 practice o limb\u0103 nou\u0103 sau s\u0103 \u00eenve\u021be despre anumite culturi.<\/p>\n<h3>Suport lingvistic<\/h3>\n<p>Camsurf accept\u0103 mai multe limbi, facilit\u00e2nd comunicarea eficient\u0103 \u00eentre utilizatorii din medii lingvistice diferite. Interfa\u021ba platformei este disponibil\u0103 \u00een mai multe limbi, iar instrumentele de traducere \u00een timp real faciliteaz\u0103 conversa\u021bii mai fluente \u00eentre utilizatorii care vorbesc limbi diferite.<\/p>\n<h3>Interfa\u021b\u0103 u\u0219or de utilizat<\/h3>\n<p>Camsurf dispune de o interfa\u021b\u0103 curat\u0103 \u0219i intuitiv\u0103 care prioritizeaz\u0103 experien\u021ba utilizatorului. Aspectul este simplu, cu butoane clar etichetate \u0219i navigare u\u0219oar\u0103, permi\u021b\u00e2nd utilizatorilor s\u0103 \u00eenceap\u0103 chat-ul f\u0103r\u0103 nicio problem\u0103. Platforma este proiectat\u0103 pentru a fi receptiv\u0103, asigur\u00e2nd o performan\u021b\u0103 optim\u0103 pe diferite dispozitive \u0219i dimensiuni ale ecranului.<\/p>\n<h3>Compatibilitate mobil\u0103<\/h3>\n<p>\u00cen\u021beleg\u00e2nd importan\u021ba accesibilit\u0103\u021bii mobile, Camsurf ofer\u0103 un site web mobil care func\u021bioneaz\u0103 perfect pe smartphone-uri \u0219i tablete. De\u0219i nu exist\u0103 o aplica\u021bie mobil\u0103 dedicat\u0103, designul responsiv asigur\u0103 c\u0103 utilizatorii se pot bucura de \u00eentreaga gam\u0103 de caracteristici \u00een mi\u0219care, f\u0103r\u0103 a compromite func\u021bionalitatea.<\/p>\n<h3>M\u0103\u0219ti virtuale<\/h3>\n<p>Pentru a r\u0103spunde preocup\u0103rilor legate de confiden\u021bialitate, Camsurf ofer\u0103 m\u0103\u0219ti virtuale pe care utilizatorii le pot aplica \u00een timpul conversa\u021biilor video. Aceste m\u0103\u0219ti adaug\u0103 un strat de anonimat, permi\u021b\u00e2nd utilizatorilor s\u0103 \u00ee\u0219i ascund\u0103 identitatea \u00een timp ce se angajeaz\u0103 \u00een conversa\u021bii fa\u021b\u0103 \u00een fa\u021b\u0103. Aceast\u0103 caracteristic\u0103 este deosebit de atractiv\u0103 pentru cei care \u021bin la intimitatea lor, dar doresc s\u0103 se bucure de avantajele chat-ului video.<\/p>\n<h3>Raportare \u0219i blocare<\/h3>\n<p>Camsurf include func\u021bii robuste de raportare \u0219i blocare pentru a men\u021bine o comunitate sigur\u0103 \u0219i respectuoas\u0103. Utilizatorii pot raporta cu u\u0219urin\u021b\u0103 un comportament inadecvat sau pot bloca al\u021bi utilizatori care \u00eencalc\u0103 liniile directoare ale platformei, asigur\u00e2nd o experien\u021b\u0103 mai sigur\u0103 \u0219i mai pl\u0103cut\u0103 pentru toat\u0103 lumea.<\/p>\n<h2>Experien\u021ba utilizatorului<\/h2>\n<h3>Interfa\u021b\u0103 \u0219i design<\/h3>\n<p>Interfa\u021ba Camsurf este conceput\u0103 av\u00e2nd \u00een vedere simplitatea \u0219i func\u021bionalitatea. Pagina de pornire are un buton proeminent \"Start Chatting\", care permite utilizatorilor s\u0103 ini\u021bieze o <a href=\"https:\/\/strangercam.com\/ro\/coomeet\/\">chat video<\/a> instantaneu. Designul minimalist reduce distragerile, permi\u021b\u00e2nd utilizatorilor s\u0103 se concentreze asupra conversa\u021biilor lor. \u00cen plus, estetica platformei este modern\u0103 \u0219i atr\u0103g\u0103toare, sporind satisfac\u021bia general\u0103 a utilizatorului.<\/p>\n<h3>Procesul de \u00eenregistrare<\/h3>\n<p>Unul dintre aspectele remarcabile ale Camsurf este cerin\u021ba minim\u0103 de \u00eenregistrare. Utilizatorii pot \u00eencepe chat-ul f\u0103r\u0103 a crea un cont, ceea ce face ca procesul de integrare s\u0103 fie rapid \u0219i f\u0103r\u0103 complica\u021bii. Pentru cei care prefer\u0103 func\u021bii suplimentare sau doresc s\u0103 \u00ee\u0219i salveze preferin\u021bele, este disponibil\u0103 \u00eenregistrarea op\u021bional\u0103, care necesit\u0103 doar informa\u021bii de baz\u0103.<\/p>\n<h3>Performan\u021b\u0103 \u0219i fiabilitate<\/h3>\n<p>Camsurf este optimizat pentru performan\u021be ridicate, oferind o calitate video \u0219i audio fiabil\u0103 chiar \u0219i \u00een zonele cu l\u0103\u021bime de band\u0103 limitat\u0103. Serverele platformei sunt robuste, capabile s\u0103 gestioneze un num\u0103r mare de utilizatori simultani f\u0103r\u0103 \u00eent\u00e2rzieri semnificative sau timpi mor\u021bi. Aceast\u0103 fiabilitate asigur\u0103 c\u0103 utilizatorii se pot bucura de conversa\u021bii ne\u00eentrerupte \u00een orice moment.<\/p>\n<h3>Accesibilitate<\/h3>\n<p>Camsurf este accesibil pe diverse dispozitive, inclusiv desktop-uri, laptop-uri, smartphone-uri \u0219i tablete. Designul receptiv asigur\u0103 c\u0103 platforma func\u021bioneaz\u0103 f\u0103r\u0103 probleme pe ecrane de diferite dimensiuni, oferind o experien\u021b\u0103 consistent\u0103 utilizatorului, indiferent de dispozitivul utilizat.<\/p>\n<h2>Pre\u021bul \u0219i op\u021biunile de abonament<\/h2>\n<p>Camsurf ofer\u0103 o combina\u021bie de caracteristici gratuite \u0219i premium, pentru a satisface o gam\u0103 larg\u0103 de preferin\u021be \u0219i bugete ale utilizatorilor.<\/p>\n<h3>Caracteristici gratuite<\/h3>\n<ul>\n<li><strong><a href=\"https:\/\/strangercam.com\/ro\/chathub\/\">Chat video aleatoriu<\/a><\/strong>: Acces nelimitat la chat-uri video aleatorii f\u0103r\u0103 niciun cost.<\/li>\n<li><strong>Filtre de baz\u0103<\/strong>: Acces limitat la filtre de gen \u0219i de \u021bar\u0103.<\/li>\n<li><strong>M\u0103\u0219ti virtuale<\/strong>: Utilizarea de m\u0103\u0219ti virtuale standard \u00een timpul discu\u021biilor.<\/li>\n<li><strong>Suport lingvistic<\/strong>: Acces la mai multe limbi pentru comunicare.<\/li>\n<\/ul>\n<h3>Camsurf Premium Beneficii<\/h3>\n<p>Pentru utilizatorii care doresc o experien\u021b\u0103 \u00eembun\u0103t\u0103\u021bit\u0103, Camsurf ofer\u0103 un abonament premium cunoscut sub numele de <strong>Camsurf Premium<\/strong>. Nivelul premium include caracteristici suplimentare, cum ar fi:<\/p>\n<ul>\n<li><strong>Filtre avansate<\/strong>: Op\u021biuni mai specifice pentru gen \u0219i loca\u021bie, care permit conexiuni mai bine direc\u021bionate.<\/li>\n<li><strong>Experien\u021b\u0103 f\u0103r\u0103 reclame<\/strong>: Eliminarea reclamelor pentru o experien\u021b\u0103 de chat mai fluid\u0103 \u0219i ne\u00eentrerupt\u0103.<\/li>\n<li><strong>M\u0103\u0219ti virtuale exclusive<\/strong>: Acces la o varietate mai mare de m\u0103\u0219ti virtuale, oferind mai multe op\u021biuni de personalizare.<\/li>\n<li><strong>Asisten\u021b\u0103 prioritar\u0103<\/strong>: Timp de r\u0103spuns mai rapid \u0219i asisten\u021b\u0103 dedicat\u0103 pentru utilizatorii premium.<\/li>\n<li><strong>Reconect\u0103ri nelimitate<\/strong>: Abilitatea de a v\u0103 reconecta cu utilizatorii f\u0103r\u0103 restric\u021bii.<\/li>\n<\/ul>\n<h3>Planuri de abonament<\/h3>\n<p>Camsurf Premium este disponibil prin planuri de abonament flexibile:<\/p>\n<ul>\n<li><strong>Plan lunar<\/strong>: Ideal pentru utilizatorii care prefer\u0103 accesul pe termen scurt la func\u021bii premium.<\/li>\n<li><strong>Plan trimestrial<\/strong>: Ofer\u0103 un tarif redus fa\u021b\u0103 de planul lunar, potrivit pentru utilizarea pe termen mediu.<\/li>\n<li><strong>Planul anual<\/strong>: Ofer\u0103 cea mai bun\u0103 valoare pentru utilizatorii pe termen lung, cu economii semnificative fa\u021b\u0103 de planurile mai scurte.<\/li>\n<\/ul>\n<p>Pre\u021bul pentru Camsurf Premium este competitiv, reflect\u00e2nd valoarea suplimentar\u0103 oferit\u0103 de caracteristicile \u00eembun\u0103t\u0103\u021bite \u0219i experien\u021ba utilizatorului.<\/p>\n<h2>Avantaje \u0219i dezavantaje<\/h2>\n<h3>Avantaje<\/h3>\n<ul>\n<li><strong>U\u0219urin\u021ba de utilizare<\/strong>: Designul simplu al platformei permite utilizatorilor s\u0103 \u00eenceap\u0103 chat-ul instantaneu, f\u0103r\u0103 bariere tehnice.<\/li>\n<li><strong>Conectivitate global\u0103<\/strong>: Camsurf conecteaz\u0103 utilizatori din \u00eentreaga lume, promov\u00e2nd conversa\u021bii diverse \u0219i \u00eembog\u0103\u021bitoare.<\/li>\n<li><strong>\u00cenregistrare minim\u0103<\/strong>: Utilizatorii se pot angaja \u00een chat-uri video f\u0103r\u0103 a fi nevoie de procese extinse de \u00eenscriere, \u00eembun\u0103t\u0103\u021bind astfel accesibilitatea.<\/li>\n<li><strong>Filtre personalizabile<\/strong>: Filtrele de gen \u0219i de \u021bar\u0103 permit interac\u021biuni mai personalizate \u0219i mai relevante.<\/li>\n<li><strong>Caracteristici de confiden\u021bialitate<\/strong>: M\u0103\u0219tile virtuale ofer\u0103 un nivel suplimentar de anonimat, atr\u0103g\u00e2nd aten\u021bia utilizatorilor preocupa\u021bi de confiden\u021bialitate.<\/li>\n<\/ul>\n<h3>Contra<\/h3>\n<ul>\n<li><strong>Caracteristici gratuite limitate<\/strong>: Filtrele avansate \u0219i func\u021biile premium sunt rezervate abona\u021bilor pl\u0103ti\u021bi, limit\u00e2nd experien\u021ba utilizatorilor gratui\u021bi.<\/li>\n<li><strong>F\u0103r\u0103 aplica\u021bie mobil\u0103 dedicat\u0103<\/strong>: De\u0219i platforma este prietenoas\u0103 cu mobilul, absen\u021ba unei aplica\u021bii dedicate poate afecta confortul pentru unii utilizatori.<\/li>\n<li><strong>Poten\u021bial de con\u021binut nepotrivit<\/strong>: \u00cen ciuda func\u021biilor de raportare \u0219i blocare, unii utilizatori se pot confrunta cu un comportament neadecvat.<\/li>\n<li><strong>Reclame<\/strong>: Utilizatorii gratui\u021bi sunt supu\u0219i reclamelor, care pot \u00eentrerupe experien\u021ba de chat.<\/li>\n<\/ul>\n<h2>Siguran\u021ba \u0219i confiden\u021bialitatea utilizatorului<\/h2>\n<h3>Politici de moderare<\/h3>\n<p>Camsurf se angajeaz\u0103 s\u0103 men\u021bin\u0103 un mediu sigur \u0219i respectuos pentru utilizatorii s\u0103i. Platforma utilizeaz\u0103 at\u00e2t sisteme automate, c\u00e2t \u0219i moderatori umani pentru a monitoriza con\u021binutul \u0219i pentru a aplica liniile directoare ale comunit\u0103\u021bii. Utilizatorii sunt \u00eencuraja\u021bi s\u0103 raporteze orice comportament nepotrivit, iar \u00eempotriva celor care \u00eencalc\u0103 regulamentul se iau m\u0103suri rapide pentru a asigura integritatea comunit\u0103\u021bii.<\/p>\n<h3>M\u0103suri de confiden\u021bialitate<\/h3>\n<ul>\n<li><strong>Protec\u021bia datelor<\/strong>: Camsurf ader\u0103 la reglement\u0103ri stricte privind protec\u021bia datelor, asigur\u00e2ndu-se c\u0103 informa\u021biile utilizatorului sunt \u00een siguran\u021b\u0103 \u0219i nu sunt utilizate \u00een mod abuziv.<\/li>\n<li><strong>Op\u021biuni de anonimat<\/strong>: Caracteristici precum m\u0103\u0219tile virtuale permit utilizatorilor s\u0103 \u00ee\u0219i p\u0103streze intimitatea \u00een timp ce particip\u0103 la chat-uri video.<\/li>\n<li><strong>Comenzi utilizator<\/strong>: Utilizatorii au posibilitatea de a bloca \u0219i raporta alte persoane, oferindu-le control asupra interac\u021biunilor lor \u0219i sporindu-le sentimentul de securitate.<\/li>\n<\/ul>\n<h3>Sfaturi de siguran\u021b\u0103 pentru utilizatori<\/h3>\n<ul>\n<li><strong>Proteja\u021bi informa\u021biile personale<\/strong>: Evita\u021bi s\u0103 \u00eemp\u0103rt\u0103\u0219i\u021bi detalii sensibile, cum ar fi nume complete, adrese sau informa\u021bii financiare \u00een timpul conversa\u021biilor.<\/li>\n<li><strong>Utiliza\u021bi func\u021biile de confiden\u021bialitate<\/strong>: Utiliza\u021bi m\u0103\u0219tile virtuale \u0219i op\u021biunile de anonimat pentru a p\u0103stra confiden\u021bialitatea.<\/li>\n<li><strong>Fi\u021bi prudent<\/strong>: Ave\u021bi \u00eencredere \u00een instinctele dvs. \u0219i \u00eentrerupe\u021bi orice conversa\u021bie care vi se pare inconfortabil\u0103 sau nesigur\u0103.<\/li>\n<li><strong>Raporta\u021bi \u00eenc\u0103lc\u0103rile<\/strong>: Ajuta\u021bi la men\u021binerea unei comunit\u0103\u021bi sigure prin raportarea oric\u0103rui comportament sau con\u021binut inadecvat.<\/li>\n<\/ul>\n<h2>Compara\u021bie cu concuren\u021bii<\/h2>\n<h3>Camsurf vs. Omegle<\/h3>\n<ul>\n<li><strong>Caracteristici<\/strong>: Camsurf ofer\u0103 filtre mai avansate \u0219i m\u0103\u0219ti virtuale, \u00een timp ce <a href=\"https:\/\/strangercam.com\/ro\/omegle\/\">Omegle<\/a> are op\u021biuni de filtrare limitate.<\/li>\n<li><strong>Interfa\u021ba cu utilizatorul<\/strong>: Interfa\u021ba Camsurf este mai modern\u0103 \u0219i mai u\u0219or de utilizat \u00een compara\u021bie cu designul simplist al Omegle.<\/li>\n<li><strong>Compatibilitate mobil\u0103<\/strong>: Ambele platforme sunt accesibile de pe dispozitive mobile, dar designul responsiv al Camsurf ofer\u0103 o experien\u021b\u0103 mai consistent\u0103.<\/li>\n<\/ul>\n<h3>Camsurf vs. Chatroulette<\/h3>\n<ul>\n<li><strong>Modera\u021bie<\/strong>: Camsurf utilizeaz\u0103 politici de moderare mai solide pentru a reduce prezen\u021ba con\u021binutului inadecvat.<\/li>\n<li><strong>Caracteristici suplimentare<\/strong>: M\u0103\u0219tile virtuale \u0219i suportul lingvistic ale Camsurf ofer\u0103 o experien\u021b\u0103 mai personalizat\u0103 comparativ cu func\u021bionalitatea de chat video de baz\u0103 a Chatroulette.<\/li>\n<li><strong>Baza de utilizatori<\/strong>: Ambele platforme au o baz\u0103 global\u0103 mare de utilizatori, dar caracteristicile suplimentare ale Camsurf pot atrage un public mai divers.<\/li>\n<\/ul>\n<h3>Camsurf vs. Chatrandom<\/h3>\n<ul>\n<li><strong>Moduri de chat<\/strong>: Chatrandom ofer\u0103 mai multe moduri de chat, inclusiv chat-uri de grup \u0219i camere tematice, \u00een timp ce Camsurf se concentreaz\u0103 \u00een principal pe interac\u021biunile unu-la-unu.<\/li>\n<li><strong>Op\u021biuni premium<\/strong>: Ambele platforme ofer\u0103 abonamente premium, dar caracteristicile premium ale Camsurf sunt mai mult axate pe \u00eembun\u0103t\u0103\u021birea confiden\u021bialit\u0103\u021bii \u0219i personaliz\u0103rii.<\/li>\n<li><strong>Design de interfa\u021b\u0103<\/strong>: Ambele platforme acord\u0103 prioritate interfe\u021belor u\u0219or de utilizat, dar designul Camsurf este mai ra\u021bionalizat \u0219i mai modern.<\/li>\n<\/ul>\n<h2>Concluzie<\/h2>\n<p>Camsurf ofer\u0103 o platform\u0103 robust\u0103 pentru persoanele care caut\u0103 experien\u021be de video chat spontane \u0219i diverse. Accentul pus pe u\u0219urin\u021ba \u00een utilizare, conectivitatea global\u0103 \u0219i caracteristicile de confiden\u021bialitate, precum m\u0103\u0219tile virtuale, fac din aceasta o alegere conving\u0103toare pe pia\u021ba aglomerat\u0103 a platformelor de chat video aleatorii. De\u0219i exist\u0103 domenii care pot fi \u00eembun\u0103t\u0103\u021bite, cum ar fi extinderea func\u021biilor gratuite \u0219i dezvoltarea unei aplica\u021bii mobile dedicate, Camsurf faciliteaz\u0103 \u00een mod eficient conexiuni semnificative \u0219i pl\u0103cute \u00een \u00eentreaga lume. Fie c\u0103 dori\u021bi s\u0103 v\u0103 face\u021bi prieteni noi, s\u0103 exersa\u021bi o limb\u0103 sau pur \u0219i simplu s\u0103 v\u0103 bucura\u021bi de conversa\u021bii ocazionale, Camsurf ofer\u0103 o solu\u021bie valoroas\u0103 \u0219i accesibil\u0103.<\/p>","protected":false},"excerpt":{"rendered":"<p>Connecting with people from different parts of the world has become easier than ever. Camsurf leverages this trend by providing a platform for random video chats, allowing users to engage in spontaneous conversations with strangers globally. This review offers a comprehensive analysis of Camsurf, exploring its features, user experience, pricing options, safety measures, and how [&hellip;]<\/p>\n","protected":false},"author":7,"featured_media":0,"parent":0,"menu_order":0,"comment_status":"closed","ping_status":"closed","template":"","meta":{"footnotes":""},"class_list":["post-12574","page","type-page","status-publish","hentry"],"yoast_head":"<!-- This site is optimized with the Yoast SEO plugin v26.9 - https:\/\/yoast.com\/product\/yoast-seo-wordpress\/ -->\n<title>Camsurf - Alternatives &amp; Reviews of Chat Sites - StrangerCam<\/title>\n<meta name=\"description\" content=\"Discover the best Video Chat Sites, complete with ratings and reviews. Enjoy free cam chats that let you meet new people.\" \/>\n<meta name=\"robots\" content=\"index, follow, max-snippet:-1, max-image-preview:large, max-video-preview:-1\" \/>\n<link rel=\"canonical\" href=\"https:\/\/strangercam.com\/ro\/camsurf\/\" \/>\n<meta property=\"og:locale\" content=\"ro_RO\" \/>\n<meta property=\"og:type\" content=\"article\" \/>\n<meta property=\"og:title\" content=\"Camsurf - Alternatives &amp; Reviews of Chat Sites - StrangerCam\" \/>\n<meta property=\"og:description\" content=\"Discover the best Video Chat Sites, complete with ratings and reviews. Enjoy free cam chats that let you meet new people.\" \/>\n<meta property=\"og:url\" content=\"https:\/\/strangercam.com\/ro\/camsurf\/\" \/>\n<meta property=\"og:site_name\" content=\"Strangercam\" \/>\n<meta property=\"article:publisher\" content=\"https:\/\/www.facebook.com\/strangercam\" \/>\n<meta property=\"article:modified_time\" content=\"2025-06-16T11:27:40+00:00\" \/>\n<meta property=\"og:image\" content=\"https:\/\/strangercam.com\/wp-content\/uploads\/2021\/10\/Untitled-2.png\" \/>\n\t<meta property=\"og:image:width\" content=\"800\" \/>\n\t<meta property=\"og:image:height\" content=\"532\" \/>\n\t<meta property=\"og:image:type\" content=\"image\/png\" \/>\n<meta name=\"twitter:card\" content=\"summary_large_image\" \/>\n<meta name=\"twitter:site\" content=\"@strangercamapp\" \/>\n<meta name=\"twitter:label1\" content=\"Timp estimat pentru citire\" \/>\n\t<meta name=\"twitter:data1\" content=\"7 minute\" \/>\n<script type=\"application\/ld+json\" class=\"yoast-schema-graph\">{\"@context\":\"https:\/\/schema.org\",\"@graph\":[{\"@type\":\"WebPage\",\"@id\":\"https:\/\/strangercam.com\/camsurf\/\",\"url\":\"https:\/\/strangercam.com\/camsurf\/\",\"name\":\"Camsurf - Alternatives & Reviews of Chat Sites - StrangerCam\",\"isPartOf\":{\"@id\":\"https:\/\/strangercam.com\/#website\"},\"datePublished\":\"2024-10-03T12:29:19+00:00\",\"dateModified\":\"2025-06-16T11:27:40+00:00\",\"description\":\"Discover the best Video Chat Sites, complete with ratings and reviews. Enjoy free cam chats that let you meet new people.\",\"breadcrumb\":{\"@id\":\"https:\/\/strangercam.com\/camsurf\/#breadcrumb\"},\"inLanguage\":\"ro-RO\",\"potentialAction\":[{\"@type\":\"ReadAction\",\"target\":[\"https:\/\/strangercam.com\/camsurf\/\"]}]},{\"@type\":\"BreadcrumbList\",\"@id\":\"https:\/\/strangercam.com\/camsurf\/#breadcrumb\",\"itemListElement\":[{\"@type\":\"ListItem\",\"position\":1,\"name\":\"Home\",\"item\":\"https:\/\/strangercam.com\/\"},{\"@type\":\"ListItem\",\"position\":2,\"name\":\"Camsurf\"}]},{\"@type\":\"WebSite\",\"@id\":\"https:\/\/strangercam.com\/#website\",\"url\":\"https:\/\/strangercam.com\/\",\"name\":\"Strangercam\",\"description\":\"Random Video Chat with Strangers\",\"publisher\":{\"@id\":\"https:\/\/strangercam.com\/#organization\"},\"alternateName\":\"Strangercam.com\",\"potentialAction\":[{\"@type\":\"SearchAction\",\"target\":{\"@type\":\"EntryPoint\",\"urlTemplate\":\"https:\/\/strangercam.com\/?s={search_term_string}\"},\"query-input\":{\"@type\":\"PropertyValueSpecification\",\"valueRequired\":true,\"valueName\":\"search_term_string\"}}],\"inLanguage\":\"ro-RO\"},{\"@type\":\"Organization\",\"@id\":\"https:\/\/strangercam.com\/#organization\",\"name\":\"Strangercam\",\"alternateName\":\"Strangercam.com\",\"url\":\"https:\/\/strangercam.com\/\",\"logo\":{\"@type\":\"ImageObject\",\"inLanguage\":\"ro-RO\",\"@id\":\"https:\/\/strangercam.com\/#\/schema\/logo\/image\/\",\"url\":\"https:\/\/strangercam.com\/wp-content\/uploads\/2020\/11\/cropped-new-favicon-black.png\",\"contentUrl\":\"https:\/\/strangercam.com\/wp-content\/uploads\/2020\/11\/cropped-new-favicon-black.png\",\"width\":512,\"height\":512,\"caption\":\"Strangercam\"},\"image\":{\"@id\":\"https:\/\/strangercam.com\/#\/schema\/logo\/image\/\"},\"sameAs\":[\"https:\/\/www.facebook.com\/strangercam\",\"https:\/\/x.com\/strangercamapp\"]}]}<\/script>\n<!-- \/ Yoast SEO plugin. -->","yoast_head_json":{"title":"Camsurf - Alternative \u0219i recenzii ale site-urilor de chat - StrangerCam","description":"Descoperi\u021bi cele mai bune site-uri de videochat, complete cu evalu\u0103ri \u0219i recenzii. Bucura\u021bi-v\u0103 de chat-uri gratuite cu camere video care v\u0103 permit s\u0103 cunoa\u0219te\u021bi oameni noi.","robots":{"index":"index","follow":"follow","max-snippet":"max-snippet:-1","max-image-preview":"max-image-preview:large","max-video-preview":"max-video-preview:-1"},"canonical":"https:\/\/strangercam.com\/ro\/camsurf\/","og_locale":"ro_RO","og_type":"article","og_title":"Camsurf - Alternatives & Reviews of Chat Sites - StrangerCam","og_description":"Discover the best Video Chat Sites, complete with ratings and reviews. Enjoy free cam chats that let you meet new people.","og_url":"https:\/\/strangercam.com\/ro\/camsurf\/","og_site_name":"Strangercam","article_publisher":"https:\/\/www.facebook.com\/strangercam","article_modified_time":"2025-06-16T11:27:40+00:00","og_image":[{"width":800,"height":532,"url":"https:\/\/strangercam.com\/wp-content\/uploads\/2021\/10\/Untitled-2.png","type":"image\/png"}],"twitter_card":"summary_large_image","twitter_site":"@strangercamapp","twitter_misc":{"Timp estimat pentru citire":"7 minute"},"schema":{"@context":"https:\/\/schema.org","@graph":[{"@type":"WebPage","@id":"https:\/\/strangercam.com\/camsurf\/","url":"https:\/\/strangercam.com\/camsurf\/","name":"Camsurf - Alternative \u0219i recenzii ale site-urilor de chat - StrangerCam","isPartOf":{"@id":"https:\/\/strangercam.com\/#website"},"datePublished":"2024-10-03T12:29:19+00:00","dateModified":"2025-06-16T11:27:40+00:00","description":"Descoperi\u021bi cele mai bune site-uri de videochat, complete cu evalu\u0103ri \u0219i recenzii. Bucura\u021bi-v\u0103 de chat-uri gratuite cu camere video care v\u0103 permit s\u0103 cunoa\u0219te\u021bi oameni noi.","breadcrumb":{"@id":"https:\/\/strangercam.com\/camsurf\/#breadcrumb"},"inLanguage":"ro-RO","potentialAction":[{"@type":"ReadAction","target":["https:\/\/strangercam.com\/camsurf\/"]}]},{"@type":"BreadcrumbList","@id":"https:\/\/strangercam.com\/camsurf\/#breadcrumb","itemListElement":[{"@type":"ListItem","position":1,"name":"Home","item":"https:\/\/strangercam.com\/"},{"@type":"ListItem","position":2,"name":"Camsurf"}]},{"@type":"WebSite","@id":"https:\/\/strangercam.com\/#website","url":"https:\/\/strangercam.com\/","name":"Strangercam","description":"Chat video aleatoriu cu str\u0103ini","publisher":{"@id":"https:\/\/strangercam.com\/#organization"},"alternateName":"Strangercam.com","potentialAction":[{"@type":"SearchAction","target":{"@type":"EntryPoint","urlTemplate":"https:\/\/strangercam.com\/?s={search_term_string}"},"query-input":{"@type":"PropertyValueSpecification","valueRequired":true,"valueName":"search_term_string"}}],"inLanguage":"ro-RO"},{"@type":"Organization","@id":"https:\/\/strangercam.com\/#organization","name":"Strangercam","alternateName":"Strangercam.com","url":"https:\/\/strangercam.com\/","logo":{"@type":"ImageObject","inLanguage":"ro-RO","@id":"https:\/\/strangercam.com\/#\/schema\/logo\/image\/","url":"https:\/\/strangercam.com\/wp-content\/uploads\/2020\/11\/cropped-new-favicon-black.png","contentUrl":"https:\/\/strangercam.com\/wp-content\/uploads\/2020\/11\/cropped-new-favicon-black.png","width":512,"height":512,"caption":"Strangercam"},"image":{"@id":"https:\/\/strangercam.com\/#\/schema\/logo\/image\/"},"sameAs":["https:\/\/www.facebook.com\/strangercam","https:\/\/x.com\/strangercamapp"]}]}},"_links":{"self":[{"href":"https:\/\/strangercam.com\/ro\/wp-json\/wp\/v2\/pages\/12574","targetHints":{"allow":["GET"]}}],"collection":[{"href":"https:\/\/strangercam.com\/ro\/wp-json\/wp\/v2\/pages"}],"about":[{"href":"https:\/\/strangercam.com\/ro\/wp-json\/wp\/v2\/types\/page"}],"author":[{"embeddable":true,"href":"https:\/\/strangercam.com\/ro\/wp-json\/wp\/v2\/users\/7"}],"replies":[{"embeddable":true,"href":"https:\/\/strangercam.com\/ro\/wp-json\/wp\/v2\/comments?post=12574"}],"version-history":[{"count":1,"href":"https:\/\/strangercam.com\/ro\/wp-json\/wp\/v2\/pages\/12574\/revisions"}],"predecessor-version":[{"id":12862,"href":"https:\/\/strangercam.com\/ro\/wp-json\/wp\/v2\/pages\/12574\/revisions\/12862"}],"wp:attachment":[{"href":"https:\/\/strangercam.com\/ro\/wp-json\/wp\/v2\/media?parent=12574"}],"curies":[{"name":"wp","href":"https:\/\/api.w.org\/{rel}","templated":true}]}}