{"id":12565,"date":"2024-10-07T10:40:10","date_gmt":"2024-10-07T08:40:10","guid":{"rendered":"https:\/\/strangercam.com\/?page_id=12565"},"modified":"2025-02-04T09:34:08","modified_gmt":"2025-02-04T07:34:08","slug":"chamet","status":"publish","type":"page","link":"https:\/\/strangercam.com\/ro\/chamet\/","title":{"rendered":"Chamet"},"content":{"rendered":"<p>Sunte\u021bi \u00een c\u0103utarea unui videoclip plin de via\u021b\u0103 <a href=\"https:\/\/strangercam.com\/ro\/chatroulette\/\">chat<\/a> aplica\u021bie pentru <a href=\"https:\/\/strangercam.com\/ro\/coomeet\/\">\u00eent\u00e2lnire<\/a> oameni noi, s\u0103 v\u0103 angaja\u021bi \u00een conversa\u021bii \u00een timp real sau pur \u0219i simplu s\u0103 explora\u021bi culturi noi? Chamet ofer\u0103 o platform\u0103 interactiv\u0103 pentru apeluri video unu-la-unu, transmisiuni live \u0219i chat-uri de grup, reunind utilizatorii din \u00eentreaga lume. \u00cen aceast\u0103 prezentare detaliat\u0103, vom aprofunda principalele caracteristici ale Chamet, modul \u00een care func\u021bioneaz\u0103 \u0219i ce \u00eel diferen\u021biaz\u0103 de alte <a href=\"https:\/\/strangercam.com\/ro\/rabbit-video-chat\/\">chat video<\/a> aplica\u021bii de pe pia\u021b\u0103.<\/p>\n<h2>Ce este Chamet?<\/h2>\n<p>Chamet este un <strong>aplica\u021bie de chat video<\/strong> disponibil at\u00e2t pe dispozitive iOS, c\u00e2t \u0219i Android. Obiectivul s\u0103u principal este de a ajuta utilizatorii:<\/p>\n<ul>\n<li><strong>Face\u021bi cuno\u0219tin\u021b\u0103 cu oameni noi<\/strong>: Descoperi\u021bi fe\u021be noi din \u00eentreaga lume.<\/li>\n<li><strong>Participa\u021bi la discu\u021bii semnificative<\/strong>: Ini\u021bia\u021bi conversa\u021bii prin apeluri video live sau sesiuni de grup.<\/li>\n<li><strong>Bucura\u021bi-v\u0103 de traduceri \u00een timp real<\/strong>: Dep\u0103\u0219i\u021bi barierele lingvistice \u0219i intra\u021bi \u00een contact cu o comunitate interna\u021bional\u0103.<\/li>\n<li><strong>Explora\u021bi diverse culturi<\/strong>: Ob\u021bine\u021bi informa\u021bii despre diferite stiluri de via\u021b\u0103 \u0219i medii.<\/li>\n<\/ul>\n<p>Chamet combin\u0103 spontaneitatea chat-ului video aleatoriu cu caracteristici u\u0219or de utilizat, precum etichete de interes, cadouri virtuale \u0219i moned\u0103 \u00een aplica\u021bie pentru a \u00eembun\u0103t\u0103\u021bi experien\u021ba general\u0103.<\/p>\n<h2>Caracteristici principale<\/h2>\n<h3>1. Apeluri video live<\/h3>\n<p>Nucleul Chamet este <strong>chat-uri video unu-la-unu<\/strong> care v\u0103 permit s\u0103 v\u0103 conecta\u021bi instantaneu cu oameni noi. Pute\u021bi \u00eencepe un apel cu o simpl\u0103 atingere, iar dac\u0103 conversa\u021bia nu v\u0103 st\u00e2rne\u0219te interesul, pute\u021bi trece mai departe pentru a g\u0103si rapid o alt\u0103 potrivire.<\/p>\n<h3>2. Potrivire global\u0103<\/h3>\n<p>Chamet v\u0103 pune \u00een contact cu utilizatori din diferite \u021b\u0103ri, asigur\u00e2nd o <strong>comunitate global\u0103<\/strong>. Acest lucru este perfect pentru oricine dore\u0219te s\u0103 exerseze limbi noi sau s\u0103 \u00eenve\u021be direct despre culturi diferite.<\/p>\n<h3>3. Traducere \u00een timp real<\/h3>\n<p>Pentru a sparge barierele lingvistice, Chamet ofer\u0103 un translator \u00eencorporat care poate traduce automat mesajele \u00een timpul apelurilor video. Aceast\u0103 caracteristic\u0103 ajut\u0103 la crearea unor conversa\u021bii mai fluente, indiferent de limba dvs. matern\u0103.<\/p>\n<h3>4. Fluxuri live de grup<\/h3>\n<p>\u00cen plus fa\u021b\u0103 de apelurile unu-la-unu, Chamet suport\u0103, de asemenea, fluxuri live de grup \u00een care mai mul\u021bi utilizatori se pot al\u0103tura unei \u201ccamere\u201d virtuale. Gazdele se pot angaja cu publicul lor, ceea ce \u00eel face ideal pentru:<\/p>\n<ul>\n<li><strong>Petreceri virtuale<\/strong><\/li>\n<li><strong>Sesiuni de \u00eentreb\u0103ri \u0219i r\u0103spunsuri<\/strong><\/li>\n<li><strong>Grupuri de schimb lingvistic<\/strong><\/li>\n<li><strong>\u00cent\u00e2lniri ocazionale cu prietenii<\/strong><\/li>\n<\/ul>\n<h3>5. Cadouri virtuale \u0219i moned\u0103 \u00een aplica\u021bie<\/h3>\n<p>Chamet \u00eencorporeaz\u0103 o economie virtual\u0103 cu achizi\u021bii <strong>monede<\/strong>. Aceste monede pot fi folosite pentru a trimite fun <strong>cadouri virtuale<\/strong>-cum ar fi autocolantele \u0219i efectele speciale, gazdelor sau noilor prieteni. Cadourile adaug\u0103 un nivel de interac\u021biune \u0219i ajut\u0103 utilizatorii s\u0103 ias\u0103 \u00een eviden\u021b\u0103 \u00een timpul livestream-urilor aglomerate.<\/p>\n<h2>Cum func\u021bioneaz\u0103 Chamet<\/h2>\n<h3>1. \u00cenregistrare rapid\u0103<\/h3>\n<p>Utilizatorii pot <strong>\u00eenscrie\u021bi-v\u0103<\/strong> prin diverse metode, cum ar fi:<\/p>\n<ul>\n<li>Verificarea num\u0103rului de telefon<\/li>\n<li>Conturi de social media (precum Facebook sau Google)<\/li>\n<\/ul>\n<p>Odat\u0103 \u00eenregistrat, pute\u021bi crea un profil scurt \u0219i \u00eel pute\u021bi personaliza cu fotografii sau o scurt\u0103 biografie.<\/p>\n<h3>2. Configurarea \u0219i potrivirea profilului<\/h3>\n<p>Dup\u0103 \u00eenscriere, ave\u021bi op\u021biunea de a:<\/p>\n<ul>\n<li><strong>Alege\u021bi preferin\u021bele<\/strong> (de exemplu, limbi sau interese)<\/li>\n<li><strong>Activa\u021bi descoperirea bazat\u0103 pe loca\u021bie<\/strong> pentru chat-uri mai localizate<\/li>\n<li><strong>Utiliza\u021bi etichete de interes<\/strong> pentru a v\u0103 potrivi cu utilizatori care v\u0103 \u00eemp\u0103rt\u0103\u0219esc hobby-urile<\/li>\n<\/ul>\n<p>Algoritmul Chamet v\u0103 ajut\u0103 apoi s\u0103 v\u0103 conecta\u021bi cu utilizatorii \u00een timp real.<\/p>\n<h3>3. M\u0103suri de siguran\u021b\u0103 \u00een aplica\u021bie<\/h3>\n<p>\u00cenainte de \u00eenceperea oric\u0103rei sesiuni video, Chamet ofer\u0103 instrumente de moderare \u0219i verificare de baz\u0103 pentru a se asigura c\u0103 utilizatorii de pe platform\u0103 ader\u0103 la orient\u0103rile comunit\u0103\u021bii.<\/p>\n<h2>Siguran\u021b\u0103 \u0219i modera\u021bie<\/h2>\n<p><a href=\"https:\/\/strangercam.com\/ro\/chathub\/\">Chat video aleatoriu<\/a> aplica\u021biile pot \u00eent\u00e2lni uneori con\u021binut inadecvat sau d\u0103un\u0103tor. Chamet abordeaz\u0103 aceast\u0103 problem\u0103 prin:<\/p>\n<ul>\n<li><strong>Filtrarea con\u021binutului cu ajutorul inteligen\u021bei artificiale<\/strong>: Sistemul detecteaz\u0103 automat comportamentul explicit sau problematic.<\/li>\n<li><strong>Raportare \u0219i blocare<\/strong>: Utilizatorii pot raporta cu u\u0219urin\u021b\u0103 contravenien\u021bii \u0219i \u00eei pot bloca pentru a nu mai intra \u00een contact cu ace\u0219tia.<\/li>\n<li><strong>Orient\u0103ri pentru comunitate<\/strong>: Chamet aplic\u0103 reguli \u00eempotriva comportamentului explicit sau d\u0103un\u0103tor, cu posibila suspendare a contului pentru \u00eenc\u0103lc\u0103ri repetate.<\/li>\n<\/ul>\n<h2>Avantaje \u0219i dezavantaje ale Chamet<\/h2>\n<p>Ca orice platform\u0103, Chamet are avantajele \u0219i dezavantajele sale. Iat\u0103 o scurt\u0103 trecere \u00een revist\u0103:<\/p>\n<table>\n<thead>\n<tr>\n<th>Avantaje<\/th>\n<th>Contra<\/th>\n<\/tr>\n<\/thead>\n<tbody>\n<tr>\n<td>\n<ul>\n<li>Traducere \u00een timp real pentru a reduce barierele lingvistice<\/li>\n<li>Caracteristici variate, inclusiv fluxuri de grup \u0219i cadouri virtuale<\/li>\n<li>\u00cenregistrare u\u0219oar\u0103 cu mai multe op\u021biuni de \u00eenregistrare<\/li>\n<li>O baz\u0103 global\u0103 puternic\u0103 de utilizatori pentru interac\u021biuni diverse<\/li>\n<li>Instrumente de moderare \u00eencorporate pentru conversa\u021bii mai sigure<\/li>\n<\/ul>\n<\/td>\n<td>\n<ul>\n<li>Unele caracteristici blocate \u00een spatele achizi\u021biilor \u00een aplica\u021bie<\/li>\n<li>Poten\u021bial de a \u00eent\u00e2lni con\u021binut inadecvat (de\u0219i moderat)<\/li>\n<li>Consum mai mare de date pentru apelurile video HD<\/li>\n<li>Economia bazat\u0103 pe monede poate \u00eencuraja cheltuielile frecvente<\/li>\n<\/ul>\n<\/td>\n<\/tr>\n<\/tbody>\n<\/table>\n<h2>Sfaturi pentru a profita la maximum de Chamet<\/h2>\n<h3>1. Completeaz\u0103-\u021bi profilul<\/h3>\n<p>Ad\u0103uga\u021bi o imagine de profil clar\u0103 \u0219i lista\u021bi interesele sau limbile vorbite. Acest lucru v\u0103 cre\u0219te \u0219ansele de a angaja conversa\u021bii \u0219i de a crea rela\u021bii.<\/p>\n<h3>2. Utiliza\u021bi cu \u00een\u021belepciune traducerea \u00een timp real<\/h3>\n<p>Practica\u021bi ascultarea activ\u0103 \u0219i utiliza\u021bi func\u021bia de traducere pentru a \u00een\u021belege nuan\u021bele. Astfel, apelurile dvs. video vor fi mai u\u0219oare \u0219i mai satisf\u0103c\u0103toare.<\/p>\n<h3>3. Profita\u021bi de transmisiunile live ale grupului<\/h3>\n<p>Al\u0103tura\u021bi-v\u0103 sau g\u0103zdui\u021bi o sesiune de grup \u00een jurul unui subiect care v\u0103 place. Este o modalitate excelent\u0103 de a g\u0103si utilizatori care g\u00e2ndesc la fel \u0219i de a st\u00e2rni discu\u021bii animate.<\/p>\n<h3>4. R\u0103m\u00e2ne\u021bi \u00een siguran\u021b\u0103 online<\/h3>\n<ul>\n<li>Evita\u021bi s\u0103 \u00eemp\u0103rt\u0103\u0219i\u021bi informa\u021bii personale (adres\u0103, detalii financiare) pe fluxurile publice.<\/li>\n<li>Raporta\u021bi imediat orice comportament suspect sau ofensator.<\/li>\n<\/ul>\n<h2>Compara\u021bii cu alte aplica\u021bii de chat video<\/h2>\n<p>Chamet concureaz\u0103 pe o pia\u021b\u0103 aglomerat\u0103, al\u0103turi de aplica\u021bii populare de chat video aleatorii. Se diferen\u021biaz\u0103 prin:<\/p>\n<ul>\n<li><strong>Traduceri \u00een timp real<\/strong>: Conversa\u021bii interculturale f\u0103r\u0103 complica\u021bii.<\/li>\n<li><strong>Fluxuri live de grup<\/strong>: Permiterea interac\u021biunilor cu mai mul\u021bi utilizatori, \u00een timp ce multe aplica\u021bii aleatorii se limiteaz\u0103 la apeluri unu-la-unu.<\/li>\n<li><strong>Cadouri virtuale interactive<\/strong>: Oferi\u021bi o modalitate distractiv\u0103 de a v\u0103 ar\u0103ta aprecierea sau de a ie\u0219i \u00een eviden\u021b\u0103 fa\u021b\u0103 de al\u021bi spectatori.<\/li>\n<\/ul>\n<h2>Concluzie<\/h2>\n<p>Chamet iese \u00een eviden\u021b\u0103 \u00een aplica\u021bia de chat video <a href=\"https:\/\/strangercam.com\/ro\/mocospatiu\/\">spa\u021biu<\/a> prin combinarea unei comunit\u0103\u021bi globale cu caracteristici interactive precum traduceri live, cadouri virtuale \u0219i fluxuri de grup. Fie c\u0103 dori\u021bi s\u0103 v\u0103 face\u021bi prieteni de pe toate continentele, s\u0103 v\u0103 perfec\u021biona\u021bi competen\u021bele lingvistice sau pur \u0219i simplu s\u0103 \u00eencerca\u021bi un nou tip de implicare social\u0103, Chamet ofer\u0103 mai multe modalit\u0103\u021bi de a v\u0103 conecta \u00een timp real.<br \/>\nPun\u00e2nd accentul pe siguran\u021b\u0103 \u0219i distrac\u021bie, Chamet se adreseaz\u0103 unei baze largi de utilizatori - de la vorbitori ocazionali la entuzia\u0219ti ai social media care caut\u0103 o form\u0103 mai personal\u0103 de interac\u021biune online. Dac\u0103 sunte\u021bi gata s\u0103 v\u0103 \u00eembarca\u021bi \u00een noi prietenii digitale \u0219i s\u0103 explora\u021bi culturi virtuale din \u00eentreaga lume, \u00eencerca\u021bi Chamet \u0219i vede\u021bi cine v\u0103 a\u0219teapt\u0103 la cel\u0103lalt cap\u0103t al urm\u0103torului apel video.<\/p>","protected":false},"excerpt":{"rendered":"<p>Are you searching for a lively video chat app to meet new people, engage in real-time conversations, or simply explore new cultures? Chamet offers an interactive platform for one-on-one video calls, live streams, and group chats, bringing users together across the globe. In this detailed overview, we\u2019ll delve into Chamet\u2019s key features, how it works, [&hellip;]<\/p>\n","protected":false},"author":6,"featured_media":0,"parent":0,"menu_order":0,"comment_status":"closed","ping_status":"closed","template":"","meta":{"footnotes":""},"class_list":["post-12565","page","type-page","status-publish","hentry"],"yoast_head":"<!-- This site is optimized with the Yoast SEO plugin v26.9 - https:\/\/yoast.com\/product\/yoast-seo-wordpress\/ -->\n<title>Chamet - Global Video Connections &amp; Chat - StrangerCam.com<\/title>\n<meta name=\"description\" content=\"Discover Chamet, the ultimate online platform connecting you to free video chat rooms and live streams. Join Chamet today!\" \/>\n<meta name=\"robots\" content=\"index, follow, max-snippet:-1, max-image-preview:large, max-video-preview:-1\" \/>\n<link rel=\"canonical\" href=\"https:\/\/strangercam.com\/ro\/chamet\/\" \/>\n<meta property=\"og:locale\" content=\"ro_RO\" \/>\n<meta property=\"og:type\" content=\"article\" \/>\n<meta property=\"og:title\" content=\"Chamet - Global Video Connections &amp; Chat - StrangerCam.com\" \/>\n<meta property=\"og:description\" content=\"Discover Chamet, the ultimate online platform connecting you to free video chat rooms and live streams. Join Chamet today!\" \/>\n<meta property=\"og:url\" content=\"https:\/\/strangercam.com\/ro\/chamet\/\" \/>\n<meta property=\"og:site_name\" content=\"Strangercam\" \/>\n<meta property=\"article:publisher\" content=\"https:\/\/www.facebook.com\/strangercam\" \/>\n<meta property=\"article:modified_time\" content=\"2025-02-04T07:34:08+00:00\" \/>\n<meta property=\"og:image\" content=\"https:\/\/strangercam.com\/wp-content\/uploads\/2021\/10\/Untitled-2.png\" \/>\n\t<meta property=\"og:image:width\" content=\"800\" \/>\n\t<meta property=\"og:image:height\" content=\"532\" \/>\n\t<meta property=\"og:image:type\" content=\"image\/png\" \/>\n<meta name=\"twitter:card\" content=\"summary_large_image\" \/>\n<meta name=\"twitter:site\" content=\"@strangercamapp\" \/>\n<meta name=\"twitter:label1\" content=\"Timp estimat pentru citire\" \/>\n\t<meta name=\"twitter:data1\" content=\"4 minute\" \/>\n<script type=\"application\/ld+json\" class=\"yoast-schema-graph\">{\"@context\":\"https:\/\/schema.org\",\"@graph\":[{\"@type\":\"WebPage\",\"@id\":\"https:\/\/strangercam.com\/chamet\/\",\"url\":\"https:\/\/strangercam.com\/chamet\/\",\"name\":\"Chamet - Global Video Connections & Chat - StrangerCam.com\",\"isPartOf\":{\"@id\":\"https:\/\/strangercam.com\/#website\"},\"datePublished\":\"2024-10-07T08:40:10+00:00\",\"dateModified\":\"2025-02-04T07:34:08+00:00\",\"description\":\"Discover Chamet, the ultimate online platform connecting you to free video chat rooms and live streams. Join Chamet today!\",\"breadcrumb\":{\"@id\":\"https:\/\/strangercam.com\/chamet\/#breadcrumb\"},\"inLanguage\":\"ro-RO\",\"potentialAction\":[{\"@type\":\"ReadAction\",\"target\":[\"https:\/\/strangercam.com\/chamet\/\"]}]},{\"@type\":\"BreadcrumbList\",\"@id\":\"https:\/\/strangercam.com\/chamet\/#breadcrumb\",\"itemListElement\":[{\"@type\":\"ListItem\",\"position\":1,\"name\":\"Home\",\"item\":\"https:\/\/strangercam.com\/\"},{\"@type\":\"ListItem\",\"position\":2,\"name\":\"Chamet\"}]},{\"@type\":\"WebSite\",\"@id\":\"https:\/\/strangercam.com\/#website\",\"url\":\"https:\/\/strangercam.com\/\",\"name\":\"Strangercam\",\"description\":\"Random Video Chat with Strangers\",\"publisher\":{\"@id\":\"https:\/\/strangercam.com\/#organization\"},\"alternateName\":\"Strangercam.com\",\"potentialAction\":[{\"@type\":\"SearchAction\",\"target\":{\"@type\":\"EntryPoint\",\"urlTemplate\":\"https:\/\/strangercam.com\/?s={search_term_string}\"},\"query-input\":{\"@type\":\"PropertyValueSpecification\",\"valueRequired\":true,\"valueName\":\"search_term_string\"}}],\"inLanguage\":\"ro-RO\"},{\"@type\":\"Organization\",\"@id\":\"https:\/\/strangercam.com\/#organization\",\"name\":\"Strangercam\",\"alternateName\":\"Strangercam.com\",\"url\":\"https:\/\/strangercam.com\/\",\"logo\":{\"@type\":\"ImageObject\",\"inLanguage\":\"ro-RO\",\"@id\":\"https:\/\/strangercam.com\/#\/schema\/logo\/image\/\",\"url\":\"https:\/\/strangercam.com\/wp-content\/uploads\/2020\/11\/cropped-new-favicon-black.png\",\"contentUrl\":\"https:\/\/strangercam.com\/wp-content\/uploads\/2020\/11\/cropped-new-favicon-black.png\",\"width\":512,\"height\":512,\"caption\":\"Strangercam\"},\"image\":{\"@id\":\"https:\/\/strangercam.com\/#\/schema\/logo\/image\/\"},\"sameAs\":[\"https:\/\/www.facebook.com\/strangercam\",\"https:\/\/x.com\/strangercamapp\"]}]}<\/script>\n<!-- \/ Yoast SEO plugin. -->","yoast_head_json":{"title":"Chamet - Global Video Connections &amp; Chat - StrangerCam.com","description":"Descoper\u0103 Chamet, cea mai bun\u0103 platform\u0103 online care te conecteaz\u0103 la camere de videochat gratuite \u0219i la fluxuri live. Al\u0103tura\u021bi-v\u0103 Chamet ast\u0103zi!","robots":{"index":"index","follow":"follow","max-snippet":"max-snippet:-1","max-image-preview":"max-image-preview:large","max-video-preview":"max-video-preview:-1"},"canonical":"https:\/\/strangercam.com\/ro\/chamet\/","og_locale":"ro_RO","og_type":"article","og_title":"Chamet - Global Video Connections & Chat - StrangerCam.com","og_description":"Discover Chamet, the ultimate online platform connecting you to free video chat rooms and live streams. Join Chamet today!","og_url":"https:\/\/strangercam.com\/ro\/chamet\/","og_site_name":"Strangercam","article_publisher":"https:\/\/www.facebook.com\/strangercam","article_modified_time":"2025-02-04T07:34:08+00:00","og_image":[{"width":800,"height":532,"url":"https:\/\/strangercam.com\/wp-content\/uploads\/2021\/10\/Untitled-2.png","type":"image\/png"}],"twitter_card":"summary_large_image","twitter_site":"@strangercamapp","twitter_misc":{"Timp estimat pentru citire":"4 minute"},"schema":{"@context":"https:\/\/schema.org","@graph":[{"@type":"WebPage","@id":"https:\/\/strangercam.com\/chamet\/","url":"https:\/\/strangercam.com\/chamet\/","name":"Chamet - Global Video Connections &amp; Chat - StrangerCam.com","isPartOf":{"@id":"https:\/\/strangercam.com\/#website"},"datePublished":"2024-10-07T08:40:10+00:00","dateModified":"2025-02-04T07:34:08+00:00","description":"Descoper\u0103 Chamet, cea mai bun\u0103 platform\u0103 online care te conecteaz\u0103 la camere de videochat gratuite \u0219i la fluxuri live. Al\u0103tura\u021bi-v\u0103 Chamet ast\u0103zi!","breadcrumb":{"@id":"https:\/\/strangercam.com\/chamet\/#breadcrumb"},"inLanguage":"ro-RO","potentialAction":[{"@type":"ReadAction","target":["https:\/\/strangercam.com\/chamet\/"]}]},{"@type":"BreadcrumbList","@id":"https:\/\/strangercam.com\/chamet\/#breadcrumb","itemListElement":[{"@type":"ListItem","position":1,"name":"Home","item":"https:\/\/strangercam.com\/"},{"@type":"ListItem","position":2,"name":"Chamet"}]},{"@type":"WebSite","@id":"https:\/\/strangercam.com\/#website","url":"https:\/\/strangercam.com\/","name":"Strangercam","description":"Chat video aleatoriu cu str\u0103ini","publisher":{"@id":"https:\/\/strangercam.com\/#organization"},"alternateName":"Strangercam.com","potentialAction":[{"@type":"SearchAction","target":{"@type":"EntryPoint","urlTemplate":"https:\/\/strangercam.com\/?s={search_term_string}"},"query-input":{"@type":"PropertyValueSpecification","valueRequired":true,"valueName":"search_term_string"}}],"inLanguage":"ro-RO"},{"@type":"Organization","@id":"https:\/\/strangercam.com\/#organization","name":"Strangercam","alternateName":"Strangercam.com","url":"https:\/\/strangercam.com\/","logo":{"@type":"ImageObject","inLanguage":"ro-RO","@id":"https:\/\/strangercam.com\/#\/schema\/logo\/image\/","url":"https:\/\/strangercam.com\/wp-content\/uploads\/2020\/11\/cropped-new-favicon-black.png","contentUrl":"https:\/\/strangercam.com\/wp-content\/uploads\/2020\/11\/cropped-new-favicon-black.png","width":512,"height":512,"caption":"Strangercam"},"image":{"@id":"https:\/\/strangercam.com\/#\/schema\/logo\/image\/"},"sameAs":["https:\/\/www.facebook.com\/strangercam","https:\/\/x.com\/strangercamapp"]}]}},"_links":{"self":[{"href":"https:\/\/strangercam.com\/ro\/wp-json\/wp\/v2\/pages\/12565","targetHints":{"allow":["GET"]}}],"collection":[{"href":"https:\/\/strangercam.com\/ro\/wp-json\/wp\/v2\/pages"}],"about":[{"href":"https:\/\/strangercam.com\/ro\/wp-json\/wp\/v2\/types\/page"}],"author":[{"embeddable":true,"href":"https:\/\/strangercam.com\/ro\/wp-json\/wp\/v2\/users\/6"}],"replies":[{"embeddable":true,"href":"https:\/\/strangercam.com\/ro\/wp-json\/wp\/v2\/comments?post=12565"}],"version-history":[{"count":2,"href":"https:\/\/strangercam.com\/ro\/wp-json\/wp\/v2\/pages\/12565\/revisions"}],"predecessor-version":[{"id":12688,"href":"https:\/\/strangercam.com\/ro\/wp-json\/wp\/v2\/pages\/12565\/revisions\/12688"}],"wp:attachment":[{"href":"https:\/\/strangercam.com\/ro\/wp-json\/wp\/v2\/media?parent=12565"}],"curies":[{"name":"wp","href":"https:\/\/api.w.org\/{rel}","templated":true}]}}