{"id":12559,"date":"2024-09-30T14:05:14","date_gmt":"2024-09-30T12:05:14","guid":{"rendered":"https:\/\/strangercam.com\/?page_id=12559"},"modified":"2025-06-16T13:32:29","modified_gmt":"2025-06-16T11:32:29","slug":"shagle","status":"publish","type":"page","link":"https:\/\/strangercam.com\/ro\/shagle\/","title":{"rendered":"Shagle"},"content":{"rendered":"<p>\u00centr-o lume din ce \u00een ce mai conectat\u0103, dorin\u021ba de a <a href=\"https:\/\/strangercam.com\/ro\/coomeet\/\">\u00eent\u00e2lnire<\/a> oameni noi \u0219i de a experimenta culturi diferite a crescut semnificativ. Shagle r\u0103spunde acestei nevoi prin furnizarea unei platforme care conecteaz\u0103 utilizatorii prin chat-uri video aleatorii la nivel global. Oferind caracteristici precum filtre de gen \u0219i loca\u021bie, m\u0103\u0219ti virtuale \u0219i o interfa\u021b\u0103 u\u0219or de utilizat, Shagle faciliteaz\u0103 interac\u021biunile spontane \u0219i schimburile culturale \u00een timp real. Aceast\u0103 revizuire ofer\u0103 o analiz\u0103 aprofundat\u0103 a caracteristicilor Shagle, a experien\u021bei utilizatorului, a op\u021biunilor de pre\u021b, a m\u0103surilor de siguran\u021b\u0103 \u0219i a pozi\u021biei sale \u00een raport cu concuren\u021bii.<\/p>\n<h2>Prezentare general\u0103 a Shagle<\/h2>\n<p>Lansat \u00een 2017, Shagle a devenit rapid un juc\u0103tor important \u00een domeniul video online <a href=\"https:\/\/strangercam.com\/ro\/chatroulette\/\">chat<\/a> platforme. Acesta a fost creat pentru a permite utilizatorilor s\u0103 se conecteze instantaneu cu str\u0103ini din \u00eentreaga lume, promov\u00e2nd o comunitate global\u0103 de persoane care caut\u0103 noi prietenii, practic\u0103 lingvistic\u0103 sau pur \u0219i simplu conversa\u021bii interesante. Cu milioane de utilizatori din diferite \u021b\u0103ri, Shagle ofer\u0103 un mediu divers \u0219i dinamic pentru interac\u021biuni \u00een timp real.<\/p>\n<h2>Caracteristici principale<\/h2>\n<h3>Chat video aleatoriu<\/h3>\n<p>\u00cen centrul Shagle se afl\u0103 <a href=\"https:\/\/strangercam.com\/ro\/chathub\/\">chat video aleatoriu<\/a> func\u021bionalitate. Utilizatorii sunt asocia\u021bi aleatoriu cu alte persoane din \u00eentreaga lume, ceea ce permite conversa\u021bii spontane \u0219i interesante. Aceast\u0103 func\u021bie func\u021bioneaz\u0103 f\u0103r\u0103 probleme, oferind fluxuri video \u0219i audio de \u00eenalt\u0103 calitate pentru a asigura o experien\u021b\u0103 captivant\u0103.<\/p>\n<h3>Filtre de gen \u0219i loca\u021bie<\/h3>\n<p>Pentru a personaliza interac\u021biunile, Shagle ofer\u0103 filtre de gen \u0219i loca\u021bie:<\/p>\n<ul>\n<li><strong>Filtre de gen<\/strong>: Utilizatorii pot selecta s\u0103 discute cu persoane de un anumit sex, adapt\u00e2nd experien\u021ba la preferin\u021bele lor.<\/li>\n<li><strong>Filtre de loca\u021bie<\/strong>: Permite utilizatorilor s\u0103 se conecteze cu persoane din anumite \u021b\u0103ri, facilit\u00e2nd schimbul cultural sau practicarea limbii.<\/li>\n<\/ul>\n<p>Aceste filtre sporesc relevan\u021ba meciurilor \u0219i \u00eembun\u0103t\u0103\u021besc satisfac\u021bia utilizatorilor.<\/p>\n<h3>M\u0103\u0219ti virtuale<\/h3>\n<p>\u00cen\u021beleg\u00e2nd c\u0103 unii utilizatori pot prefera anonimatul, Shagle ofer\u0103 m\u0103\u0219ti virtuale:<\/p>\n<ul>\n<li><strong>Op\u021biuni de anonimat<\/strong>: Utilizatorii \u00ee\u0219i pot suprapune m\u0103\u0219ti digitale pe fa\u021b\u0103 \u00een timpul conversa\u021biilor video, ad\u0103ug\u00e2nd un nivel de confiden\u021bialitate.<\/li>\n<li><strong>Amuzant \u0219i captivant<\/strong>: M\u0103\u0219tile pot, de asemenea, s\u0103 fac\u0103 conversa\u021biile mai distractive \u0219i s\u0103 ajute utilizatorii s\u0103 se simt\u0103 mai confortabil.<\/li>\n<\/ul>\n<h3>Op\u021biune chat text<\/h3>\n<p>Pentru utilizatorii care nu au acces la o camer\u0103 web sau care prefer\u0103 s\u0103 nu foloseasc\u0103 video, Shagle ofer\u0103 un text <a href=\"https:\/\/strangercam.com\/ro\/chat-alternative\/\">alternativ\u0103 de chat<\/a>:<\/p>\n<ul>\n<li><strong>Flexibilitate<\/strong>: Comuta\u021bi f\u0103r\u0103 probleme \u00eentre modurile de chat video \u0219i text.<\/li>\n<li><strong>Accesibilitate<\/strong>: Asigur\u0103 c\u0103 utilizatorii se pot conecta \u0219i comunica \u00een continuare f\u0103r\u0103 video.<\/li>\n<\/ul>\n<h3>Compatibilitate mobil\u0103<\/h3>\n<p>Shagle recunoa\u0219te importan\u021ba accesibilit\u0103\u021bii \u0219i ofer\u0103:<\/p>\n<ul>\n<li><strong>Site web prietenos pentru mobil<\/strong>: Platforma este optimizat\u0103 pentru utilizarea pe smartphone-uri \u0219i tablete prin intermediul browserelor web.<\/li>\n<li><strong>Nu este necesar\u0103 nicio aplica\u021bie<\/strong>: Utilizatorii pot accesa toate func\u021biile f\u0103r\u0103 a desc\u0103rca o aplica\u021bie separat\u0103.<\/li>\n<\/ul>\n<h2>Experien\u021ba utilizatorului<\/h2>\n<h3>Interfa\u021b\u0103 \u0219i design<\/h3>\n<p>Shagle dispune de o interfa\u021b\u0103 curat\u0103 \u0219i intuitiv\u0103:<\/p>\n<ul>\n<li><strong>Navigare u\u0219oar\u0103<\/strong>: Layout simplu cu caracteristici clar etichetate.<\/li>\n<li><strong>Acces rapid<\/strong>: Utilizatorii pot \u00eencepe chat-ul cu doar c\u00e2teva clicuri.<\/li>\n<li><strong>Estetica modern\u0103<\/strong>: Designul este contemporan \u0219i atr\u0103g\u0103tor din punct de vedere vizual.<\/li>\n<\/ul>\n<h3>Procesul de \u00eenregistrare<\/h3>\n<p>Shagle permite utilizatorilor s\u0103 \u00eenceap\u0103 s\u0103 utilizeze platforma f\u0103r\u0103 \u00eenregistrare obligatorie:<\/p>\n<ul>\n<li><strong>Nu este nevoie de \u00eenscriere<\/strong>: Acces imediat la func\u021biile de baz\u0103.<\/li>\n<li><strong>Crearea op\u021bional\u0103 a contului<\/strong>: Utilizatorii se pot \u00eenregistra pentru a accesa func\u021bii suplimentare sau pentru a salva preferin\u021bele.<\/li>\n<li><strong>Concentrat pe confiden\u021bialitate<\/strong>: Sunt necesare informa\u021bii personale minime, sporind confiden\u021bialitatea utilizatorului.<\/li>\n<\/ul>\n<h3>Performan\u021b\u0103 \u0219i fiabilitate<\/h3>\n<p>Shagle este proiectat pentru performan\u021be optime:<\/p>\n<ul>\n<li><strong>Streaming de \u00eenalt\u0103 calitate<\/strong>: Ofer\u0103 o calitate video \u0219i audio fiabil\u0103.<\/li>\n<li><strong>Conexiuni rapide<\/strong>: \u00cemperecherea rapid\u0103 cu al\u021bi utilizatori reduce timpii de a\u0219teptare.<\/li>\n<li><strong>Platform\u0103 stabil\u0103<\/strong>: Timpul minim de inactivitate asigur\u0103 o disponibilitate constant\u0103.<\/li>\n<\/ul>\n<h2>Pre\u021bul \u0219i op\u021biunile de abonament<\/h2>\n<p>\u00cen timp ce multe dintre caracteristicile Shagle sunt disponibile gratuit, platforma ofer\u0103 un abonament premium cunoscut sub numele de <strong>Shagle Plus<\/strong> pentru utilizatorii care doresc experien\u021be \u00eembun\u0103t\u0103\u021bite.<\/p>\n<h3>Caracteristici gratuite<\/h3>\n<ul>\n<li><strong>Chat video aleatoriu<\/strong>: Acces nelimitat la chat-uri video aleatorii.<\/li>\n<li><strong>Filtru de gen<\/strong>: Acces de baz\u0103 la selec\u021bia de gen.<\/li>\n<li><strong>M\u0103\u0219ti virtuale<\/strong>: Utilizarea de m\u0103\u0219ti virtuale \u00een timpul discu\u021biilor.<\/li>\n<li><strong>Chat text<\/strong>: Op\u021biunea de a v\u0103 angaja \u00een conversa\u021bii bazate pe text.<\/li>\n<\/ul>\n<h3>Beneficii Shagle Plus<\/h3>\n<p>Abonarea la Shagle Plus deblocheaz\u0103 func\u021bii suplimentare:<\/p>\n<ul>\n<li><strong>Filtre de gen avansate<\/strong>: Op\u021biuni de selec\u021bie mai precise.<\/li>\n<li><strong>Filtre de loca\u021bie<\/strong>: Posibilitatea de a selecta anumite \u021b\u0103ri pentru conexiuni.<\/li>\n<li><strong>Experien\u021b\u0103 f\u0103r\u0103 reclame<\/strong>: Eliminarea reclamelor pentru un chat ne\u00eentrerupt.<\/li>\n<li><strong>M\u0103\u0219ti virtuale exclusive<\/strong>: Acces la o gam\u0103 mai larg\u0103 de m\u0103\u0219ti.<\/li>\n<li><strong>Caracteristic\u0103 de reconectare<\/strong>: Op\u021biunea de a v\u0103 reconecta cu utilizatorii anteriori.<\/li>\n<\/ul>\n<h3>Planuri de abonament<\/h3>\n<p>Shagle Plus ofer\u0103 op\u021biuni flexibile de abonament:<\/p>\n<ul>\n<li><strong>Plan s\u0103pt\u0103m\u00e2nal<\/strong>: Ideal pentru utilizare pe termen scurt sau pentru testare.<\/li>\n<li><strong>Plan lunar<\/strong>: Rentabil pentru utilizatorii obi\u0219nui\u021bi.<\/li>\n<li><strong>Planul anual<\/strong>: Ofer\u0103 economii semnificative pentru un angajament pe termen lung.<\/li>\n<\/ul>\n<p>Pre\u021burile sunt competitive \u0219i reflect\u0103 valoarea suplimentar\u0103 oferit\u0103 de caracteristicile premium.<\/p>\n<h2>Avantaje \u0219i dezavantaje<\/h2>\n<h3>Avantaje<\/h3>\n<ul>\n<li><strong>Interfa\u021b\u0103 u\u0219or de utilizat<\/strong>: Designul simplu \u0219i intuitiv \u00eembun\u0103t\u0103\u021be\u0219te u\u0219urin\u021ba \u00een utilizare.<\/li>\n<li><strong>Baza global\u0103 de utilizatori<\/strong>: Conecta\u021bi-v\u0103 cu oameni din \u00eentreaga lume.<\/li>\n<li><strong>F\u0103r\u0103 \u00eenregistrare obligatorie<\/strong>: Acces imediat la func\u021biile de baz\u0103 f\u0103r\u0103 \u00eenscriere.<\/li>\n<li><strong>Filtre flexibile<\/strong>: Filtrele de gen \u0219i loca\u021bie personalizeaz\u0103 experien\u021ba.<\/li>\n<li><strong>Op\u021biuni de anonimat<\/strong>: M\u0103\u0219tile virtuale ofer\u0103 intimitate \u0219i distrac\u021bie.<\/li>\n<\/ul>\n<h3>Contra<\/h3>\n<ul>\n<li><strong>Filtre gratuite limitate<\/strong>: Filtrele avansate sunt rezervate abona\u021bilor premium.<\/li>\n<li><strong>Reclame<\/strong>: Versiunea gratuit\u0103 include reclame care pot \u00eentrerupe experien\u021ba.<\/li>\n<li><strong>Poten\u021bial de con\u021binut nepotrivit<\/strong>: Utilizatorii se pot confrunta cu un comportament inadecvat \u00een ciuda eforturilor de moderare.<\/li>\n<li><strong>F\u0103r\u0103 aplica\u021bie mobil\u0103 dedicat\u0103<\/strong>: Lipsa unei aplica\u021bii mobile poate afecta confortul pentru unii utilizatori.<\/li>\n<\/ul>\n<h2>Siguran\u021ba \u0219i confiden\u021bialitatea utilizatorului<\/h2>\n<h3>Politici de moderare<\/h3>\n<p>Shagle se angajeaz\u0103 s\u0103 ofere un mediu sigur:<\/p>\n<ul>\n<li><strong>Moderare automatizat\u0103<\/strong>: Utilizeaz\u0103 tehnologia pentru a detecta \u0219i bloca con\u021binutul inadecvat.<\/li>\n<li><strong>Raportare utilizator<\/strong>: Permite utilizatorilor s\u0103 raporteze abateri sau \u00eenc\u0103lc\u0103ri.<\/li>\n<li><strong>Orient\u0103ri pentru comunitate<\/strong>: Sunt stabilite reguli clare pentru a promova interac\u021biunile respectuoase.<\/li>\n<\/ul>\n<h3>M\u0103suri de confiden\u021bialitate<\/h3>\n<ul>\n<li><strong>Protec\u021bia datelor<\/strong>: Conformitatea cu legile privind confiden\u021bialitatea asigur\u0103 securitatea datelor utilizatorilor.<\/li>\n<li><strong>Utilizare anonim\u0103<\/strong>: Utilizatorii pot discuta f\u0103r\u0103 a dezv\u0103lui informa\u021bii personale.<\/li>\n<li><strong>Caracteristici de control<\/strong>: Abilitatea de a deconecta, bloca sau raporta al\u021bi utilizatori.<\/li>\n<\/ul>\n<h3>Sfaturi de siguran\u021b\u0103 pentru utilizatori<\/h3>\n<ul>\n<li><strong>Proteja\u021bi informa\u021biile personale<\/strong>: Evita\u021bi s\u0103 \u00eemp\u0103rt\u0103\u0219i\u021bi detalii sensibile.<\/li>\n<li><strong>Utiliza\u021bi filtrele cu \u00een\u021belepciune<\/strong>: Adapta\u021bi conexiunile la datele demografice preferate.<\/li>\n<li><strong>Fi\u021bi prudent<\/strong>: Ave\u021bi \u00eencredere \u00een instincte \u0219i deconecta\u021bi-v\u0103 de situa\u021biile inconfortabile.<\/li>\n<li><strong>Raporta\u021bi \u00eenc\u0103lc\u0103rile<\/strong>: Ajuta\u021bi la men\u021binerea unei comunit\u0103\u021bi sigure prin raportarea problemelor.<\/li>\n<\/ul>\n<h2>Compara\u021bie cu concuren\u021bii<\/h2>\n<h3>Shagle vs. Omegle<\/h3>\n<ul>\n<li><strong>Caracteristici<\/strong>: Shagle ofer\u0103 filtre de gen \u0219i loca\u021bie, \u00een timp ce <a href=\"https:\/\/strangercam.com\/ro\/omegle\/\">Omegle<\/a> are op\u021biuni de filtrare limitate.<\/li>\n<li><strong>Interfa\u021ba cu utilizatorul<\/strong>: Interfa\u021ba Shagle este mai modern\u0103 \u0219i mai u\u0219or de utilizat.<\/li>\n<li><strong>Op\u021biuni de anonimat<\/strong>: Ambele platforme permit chat-ul anonim, dar Shagle ofer\u0103 m\u0103\u0219ti virtuale.<\/li>\n<\/ul>\n<h3>Shagle vs. Chatroulette<\/h3>\n<ul>\n<li><strong>Modera\u021bie<\/strong>: Shagle utilizeaz\u0103 politici de moderare mai stricte pentru a reduce con\u021binutul inadecvat.<\/li>\n<li><strong>Filtre<\/strong>: Shagle ofer\u0103 op\u021biuni de filtrare mai avansate.<\/li>\n<li><strong>Caracteristici suplimentare<\/strong>: M\u0103\u0219tile virtuale \u0219i op\u021biunile de chat text ofer\u0103 Shagle un avantaj.<\/li>\n<\/ul>\n<h3>Shagle vs. Chatrandom<\/h3>\n<ul>\n<li><strong>Baza de utilizatori<\/strong>: Ambele au comunit\u0103\u021bi globale mari.<\/li>\n<li><strong>Caracteristici<\/strong>: Chatrandom ofer\u0103 mai multe moduri de chat, \u00een timp ce Shagle se concentreaz\u0103 pe \u00eembun\u0103t\u0103\u021birea experien\u021bei unu-la-unu.<\/li>\n<li><strong>Op\u021biuni premium<\/strong>: Ambele ofer\u0103 abonamente premium cu beneficii similare.<\/li>\n<\/ul>\n<h2>Concluzie<\/h2>\n<p>Shagle prezint\u0103 o platform\u0103 conving\u0103toare pentru persoanele care doresc s\u0103 se conecteze cu al\u021bii prin chat-uri video aleatorii. Accentul pus pe experien\u021ba utilizatorului, cu caracteristici precum filtre de gen \u0219i de loca\u021bie, m\u0103\u0219ti virtuale \u0219i o interfa\u021b\u0103 u\u0219or de utilizat, o transform\u0103 \u00eentr-o op\u021biune remarcabil\u0103 pe pia\u021b\u0103. De\u0219i exist\u0103 domenii care pot fi \u00eembun\u0103t\u0103\u021bite, cum ar fi extinderea func\u021biilor gratuite \u0219i dezvoltarea unei aplica\u021bii mobile dedicate, Shagle faciliteaz\u0103 \u00een mod eficient conexiunile globale \u0219i schimburile culturale. Utilizatorii care caut\u0103 interac\u021biuni spontane \u0219i posibilitatea de a cunoa\u0219te persoane din diferite p\u0103r\u021bi ale lumii vor g\u0103si \u00een Shagle o resurs\u0103 valoroas\u0103.<\/p>","protected":false},"excerpt":{"rendered":"<p>In an increasingly connected world, the desire to meet new people and experience different cultures has grown significantly. Shagle addresses this need by providing a platform that connects users through random video chats globally. Offering features like gender and location filters, virtual masks, and a user-friendly interface, Shagle facilitates spontaneous interactions and cultural exchanges in [&hellip;]<\/p>\n","protected":false},"author":7,"featured_media":0,"parent":0,"menu_order":0,"comment_status":"closed","ping_status":"closed","template":"","meta":{"footnotes":""},"class_list":["post-12559","page","type-page","status-publish","hentry"],"yoast_head":"<!-- This site is optimized with the Yoast SEO plugin v26.9 - https:\/\/yoast.com\/product\/yoast-seo-wordpress\/ -->\n<title>Shagle - Alternatives &amp; Reviews of Chat Sites - StrangerCam<\/title>\n<meta name=\"description\" content=\"Discover the best Video Chat Sites, complete with ratings and reviews. Enjoy free cam chats that let you meet new people.\" \/>\n<meta name=\"robots\" content=\"index, follow, max-snippet:-1, max-image-preview:large, max-video-preview:-1\" \/>\n<link rel=\"canonical\" href=\"https:\/\/strangercam.com\/ro\/shagle\/\" \/>\n<meta property=\"og:locale\" content=\"ro_RO\" \/>\n<meta property=\"og:type\" content=\"article\" \/>\n<meta property=\"og:title\" content=\"Shagle - Alternatives &amp; Reviews of Chat Sites - StrangerCam\" \/>\n<meta property=\"og:description\" content=\"Discover the best Video Chat Sites, complete with ratings and reviews. Enjoy free cam chats that let you meet new people.\" \/>\n<meta property=\"og:url\" content=\"https:\/\/strangercam.com\/ro\/shagle\/\" \/>\n<meta property=\"og:site_name\" content=\"Strangercam\" \/>\n<meta property=\"article:publisher\" content=\"https:\/\/www.facebook.com\/strangercam\" \/>\n<meta property=\"article:modified_time\" content=\"2025-06-16T11:32:29+00:00\" \/>\n<meta property=\"og:image\" content=\"https:\/\/strangercam.com\/wp-content\/uploads\/2021\/10\/Untitled-2.png\" \/>\n\t<meta property=\"og:image:width\" content=\"800\" \/>\n\t<meta property=\"og:image:height\" content=\"532\" \/>\n\t<meta property=\"og:image:type\" content=\"image\/png\" \/>\n<meta name=\"twitter:card\" content=\"summary_large_image\" \/>\n<meta name=\"twitter:site\" content=\"@strangercamapp\" \/>\n<meta name=\"twitter:label1\" content=\"Timp estimat pentru citire\" \/>\n\t<meta name=\"twitter:data1\" content=\"5 minute\" \/>\n<script type=\"application\/ld+json\" class=\"yoast-schema-graph\">{\"@context\":\"https:\/\/schema.org\",\"@graph\":[{\"@type\":\"WebPage\",\"@id\":\"https:\/\/strangercam.com\/shagle\/\",\"url\":\"https:\/\/strangercam.com\/shagle\/\",\"name\":\"Shagle - Alternatives & Reviews of Chat Sites - StrangerCam\",\"isPartOf\":{\"@id\":\"https:\/\/strangercam.com\/#website\"},\"datePublished\":\"2024-09-30T12:05:14+00:00\",\"dateModified\":\"2025-06-16T11:32:29+00:00\",\"description\":\"Discover the best Video Chat Sites, complete with ratings and reviews. Enjoy free cam chats that let you meet new people.\",\"breadcrumb\":{\"@id\":\"https:\/\/strangercam.com\/shagle\/#breadcrumb\"},\"inLanguage\":\"ro-RO\",\"potentialAction\":[{\"@type\":\"ReadAction\",\"target\":[\"https:\/\/strangercam.com\/shagle\/\"]}]},{\"@type\":\"BreadcrumbList\",\"@id\":\"https:\/\/strangercam.com\/shagle\/#breadcrumb\",\"itemListElement\":[{\"@type\":\"ListItem\",\"position\":1,\"name\":\"Home\",\"item\":\"https:\/\/strangercam.com\/\"},{\"@type\":\"ListItem\",\"position\":2,\"name\":\"Shagle\"}]},{\"@type\":\"WebSite\",\"@id\":\"https:\/\/strangercam.com\/#website\",\"url\":\"https:\/\/strangercam.com\/\",\"name\":\"Strangercam\",\"description\":\"Random Video Chat with Strangers\",\"publisher\":{\"@id\":\"https:\/\/strangercam.com\/#organization\"},\"alternateName\":\"Strangercam.com\",\"potentialAction\":[{\"@type\":\"SearchAction\",\"target\":{\"@type\":\"EntryPoint\",\"urlTemplate\":\"https:\/\/strangercam.com\/?s={search_term_string}\"},\"query-input\":{\"@type\":\"PropertyValueSpecification\",\"valueRequired\":true,\"valueName\":\"search_term_string\"}}],\"inLanguage\":\"ro-RO\"},{\"@type\":\"Organization\",\"@id\":\"https:\/\/strangercam.com\/#organization\",\"name\":\"Strangercam\",\"alternateName\":\"Strangercam.com\",\"url\":\"https:\/\/strangercam.com\/\",\"logo\":{\"@type\":\"ImageObject\",\"inLanguage\":\"ro-RO\",\"@id\":\"https:\/\/strangercam.com\/#\/schema\/logo\/image\/\",\"url\":\"https:\/\/strangercam.com\/wp-content\/uploads\/2020\/11\/cropped-new-favicon-black.png\",\"contentUrl\":\"https:\/\/strangercam.com\/wp-content\/uploads\/2020\/11\/cropped-new-favicon-black.png\",\"width\":512,\"height\":512,\"caption\":\"Strangercam\"},\"image\":{\"@id\":\"https:\/\/strangercam.com\/#\/schema\/logo\/image\/\"},\"sameAs\":[\"https:\/\/www.facebook.com\/strangercam\",\"https:\/\/x.com\/strangercamapp\"]}]}<\/script>\n<!-- \/ Yoast SEO plugin. -->","yoast_head_json":{"title":"Shagle - Alternative \u0219i recenzii ale site-urilor de chat - StrangerCam","description":"Descoperi\u021bi cele mai bune site-uri de videochat, complete cu evalu\u0103ri \u0219i recenzii. Bucura\u021bi-v\u0103 de chat-uri gratuite cu camere video care v\u0103 permit s\u0103 cunoa\u0219te\u021bi oameni noi.","robots":{"index":"index","follow":"follow","max-snippet":"max-snippet:-1","max-image-preview":"max-image-preview:large","max-video-preview":"max-video-preview:-1"},"canonical":"https:\/\/strangercam.com\/ro\/shagle\/","og_locale":"ro_RO","og_type":"article","og_title":"Shagle - Alternatives & Reviews of Chat Sites - StrangerCam","og_description":"Discover the best Video Chat Sites, complete with ratings and reviews. Enjoy free cam chats that let you meet new people.","og_url":"https:\/\/strangercam.com\/ro\/shagle\/","og_site_name":"Strangercam","article_publisher":"https:\/\/www.facebook.com\/strangercam","article_modified_time":"2025-06-16T11:32:29+00:00","og_image":[{"width":800,"height":532,"url":"https:\/\/strangercam.com\/wp-content\/uploads\/2021\/10\/Untitled-2.png","type":"image\/png"}],"twitter_card":"summary_large_image","twitter_site":"@strangercamapp","twitter_misc":{"Timp estimat pentru citire":"5 minute"},"schema":{"@context":"https:\/\/schema.org","@graph":[{"@type":"WebPage","@id":"https:\/\/strangercam.com\/shagle\/","url":"https:\/\/strangercam.com\/shagle\/","name":"Shagle - Alternative \u0219i recenzii ale site-urilor de chat - StrangerCam","isPartOf":{"@id":"https:\/\/strangercam.com\/#website"},"datePublished":"2024-09-30T12:05:14+00:00","dateModified":"2025-06-16T11:32:29+00:00","description":"Descoperi\u021bi cele mai bune site-uri de videochat, complete cu evalu\u0103ri \u0219i recenzii. Bucura\u021bi-v\u0103 de chat-uri gratuite cu camere video care v\u0103 permit s\u0103 cunoa\u0219te\u021bi oameni noi.","breadcrumb":{"@id":"https:\/\/strangercam.com\/shagle\/#breadcrumb"},"inLanguage":"ro-RO","potentialAction":[{"@type":"ReadAction","target":["https:\/\/strangercam.com\/shagle\/"]}]},{"@type":"BreadcrumbList","@id":"https:\/\/strangercam.com\/shagle\/#breadcrumb","itemListElement":[{"@type":"ListItem","position":1,"name":"Home","item":"https:\/\/strangercam.com\/"},{"@type":"ListItem","position":2,"name":"Shagle"}]},{"@type":"WebSite","@id":"https:\/\/strangercam.com\/#website","url":"https:\/\/strangercam.com\/","name":"Strangercam","description":"Chat video aleatoriu cu str\u0103ini","publisher":{"@id":"https:\/\/strangercam.com\/#organization"},"alternateName":"Strangercam.com","potentialAction":[{"@type":"SearchAction","target":{"@type":"EntryPoint","urlTemplate":"https:\/\/strangercam.com\/?s={search_term_string}"},"query-input":{"@type":"PropertyValueSpecification","valueRequired":true,"valueName":"search_term_string"}}],"inLanguage":"ro-RO"},{"@type":"Organization","@id":"https:\/\/strangercam.com\/#organization","name":"Strangercam","alternateName":"Strangercam.com","url":"https:\/\/strangercam.com\/","logo":{"@type":"ImageObject","inLanguage":"ro-RO","@id":"https:\/\/strangercam.com\/#\/schema\/logo\/image\/","url":"https:\/\/strangercam.com\/wp-content\/uploads\/2020\/11\/cropped-new-favicon-black.png","contentUrl":"https:\/\/strangercam.com\/wp-content\/uploads\/2020\/11\/cropped-new-favicon-black.png","width":512,"height":512,"caption":"Strangercam"},"image":{"@id":"https:\/\/strangercam.com\/#\/schema\/logo\/image\/"},"sameAs":["https:\/\/www.facebook.com\/strangercam","https:\/\/x.com\/strangercamapp"]}]}},"_links":{"self":[{"href":"https:\/\/strangercam.com\/ro\/wp-json\/wp\/v2\/pages\/12559","targetHints":{"allow":["GET"]}}],"collection":[{"href":"https:\/\/strangercam.com\/ro\/wp-json\/wp\/v2\/pages"}],"about":[{"href":"https:\/\/strangercam.com\/ro\/wp-json\/wp\/v2\/types\/page"}],"author":[{"embeddable":true,"href":"https:\/\/strangercam.com\/ro\/wp-json\/wp\/v2\/users\/7"}],"replies":[{"embeddable":true,"href":"https:\/\/strangercam.com\/ro\/wp-json\/wp\/v2\/comments?post=12559"}],"version-history":[{"count":1,"href":"https:\/\/strangercam.com\/ro\/wp-json\/wp\/v2\/pages\/12559\/revisions"}],"predecessor-version":[{"id":12870,"href":"https:\/\/strangercam.com\/ro\/wp-json\/wp\/v2\/pages\/12559\/revisions\/12870"}],"wp:attachment":[{"href":"https:\/\/strangercam.com\/ro\/wp-json\/wp\/v2\/media?parent=12559"}],"curies":[{"name":"wp","href":"https:\/\/api.w.org\/{rel}","templated":true}]}}