{"id":12414,"date":"2024-06-10T14:11:20","date_gmt":"2024-06-10T12:11:20","guid":{"rendered":"https:\/\/strangercam.com\/?page_id=12414"},"modified":"2024-06-10T14:11:59","modified_gmt":"2024-06-10T12:11:59","slug":"chatbychance","status":"publish","type":"page","link":"https:\/\/strangercam.com\/ro\/chatbychance\/","title":{"rendered":"ChatbyChance"},"content":{"rendered":"<p data-pm-slice=\"1 1 []\">Cau\u021bi o modalitate interesant\u0103 de a intra \u00een contact cu oameni noi online? Scufunda\u021bi-v\u0103 \u00een lumea ChatbyChance, unde fiecare conversa\u021bie este o surpriz\u0103 care a\u0219teapt\u0103 s\u0103 se \u00eent\u00e2mple. La fel ca \u0219i alte videoclipuri aleatorii <a href=\"https:\/\/strangercam.com\/ro\/chatroulette\/\">chat<\/a> platforme precum Strangercam \u0219i Chatrandom, ChatbyChance ofer\u0103 o experien\u021b\u0103 palpitant\u0103 pentru cei care caut\u0103 interac\u021biuni spontane.<\/p>\n<p>La ChatbyChance, credem \u00een emo\u021bia conexiunilor nea\u0219teptate \u0219i \u00een bucuria de a \u00eent\u00e2lni str\u0103ini din \u00eentreaga lume. Fie c\u0103 dori\u021bi s\u0103 v\u0103 face\u021bi prieteni noi, s\u0103 purta\u021bi conversa\u021bii captivante sau pur \u0219i simplu s\u0103 trece\u021bi timpul cu discu\u021bii la \u00eent\u00e2mplare, ChatbyChance este poarta dvs. c\u0103tre posibilit\u0103\u021bi nelimitate.<\/p>\n<p>Join noi \u00een timp ce explor\u0103m lumea dinamic\u0103 a ChatbyChance, unde fiecare clic te aduce fa\u021b\u0103 \u00een fa\u021b\u0103 cu o nou\u0103 aventur\u0103. Preg\u0103te\u0219te-te s\u0103 experimentezi emo\u021bia chat-urilor video aleatorii ca niciodat\u0103.<\/p>\n<h2 id=\"overview-of-chatbychance\">Prezentare general\u0103 a ChatbyChance<\/h2>\n<h3 id=\"what-is-chatbychance\">Ce este ChatbyChance?<\/h3>\n<p>ChatbyChance este printre platformele populare precum StrangerCam, Chatrandom, EmeraldChat \u0219i altele, oferind <a href=\"https:\/\/strangercam.com\/ro\/chathub\/\">chat video aleatoriu<\/a> servicii. Utilizatorii pot intra \u00een contact cu persoane necunoscute din \u00eentreaga lume prin intermediul chat-urilor video, cre\u00e2nd o cale pentru interac\u021biuni spontane \u0219i pentru a face noi prieteni. Premisa platformei const\u0103 \u00een entuziasmul de a cunoa\u0219te oameni noi online \u00eentr-un mod imprevizibil \u0219i antrenant.<\/p>\n<h3 id=\"key-features-and-functionalities\">Caracteristici \u0219i func\u021bionalit\u0103\u021bi cheie<\/h3>\n<p>Similar cu alte site-uri de chat video aleatorii, ChatbyChance ofer\u0103 utilizatorilor urm\u0103toarele caracteristici \u0219i func\u021bionalit\u0103\u021bi cheie:<\/p>\n<ul class=\"list-disc list-outside leading-3 -mt-2 tight\" data-tight=\"true\">\n<li class=\"leading-normal -mb-2\">Conexiuni instantanee cu persoane necunoscute pentru chat-uri video aleatorii.<\/li>\n<li class=\"leading-normal -mb-2\">Anonimatul pentru a interac\u021biona cu al\u021bii f\u0103r\u0103 a dezv\u0103lui informa\u021bii personale.<\/li>\n<li class=\"leading-normal -mb-2\">Acoperire global\u0103, permi\u021b\u00e2nd utilizatorilor s\u0103 intre \u00een contact cu persoane din diferite \u021b\u0103ri.<\/li>\n<li class=\"leading-normal -mb-2\">Interfa\u021b\u0103 u\u0219or de utilizat pentru o experien\u021b\u0103 de chat f\u0103r\u0103 cusur.<\/li>\n<li class=\"leading-normal -mb-2\">Op\u021biuni pentru filtrarea conexiunilor \u00een func\u021bie de preferin\u021be precum sexul sau loca\u021bia.<\/li>\n<li class=\"leading-normal -mb-2\">Potrivire aleatorie pentru a experimenta o varietate de interac\u021biuni cu diferi\u021bi utilizatori.<\/li>\n<\/ul>\n<p>ChatbyChance, la fel ca omologii s\u0103i, se adreseaz\u0103 persoanelor care caut\u0103 experien\u021be inedite \u0219i care doresc s\u0103 interac\u021bioneze cu diverse persoane online prin chat-uri video spontane.<\/p>\n<h2 id=\"user-experience-on-chatbychance\">Experien\u021ba utilizatorului pe ChatbyChance<\/h2>\n<h3 id=\"user-interface-and-design\">Interfa\u021ba cu utilizatorul \u0219i designul<\/h3>\n<p>\u00cen ceea ce prive\u0219te interfa\u021ba cu utilizatorul \u0219i designul ChatbyChance, acesta prezint\u0103 similitudini cu alte platforme populare de chat video aleatorii, precum StrangerCam, Chatrandom \u0219i <a href=\"https:\/\/strangercam.com\/ro\/emerald-chat\/\">Smarald<\/a> Chat. Aspectul este de obicei intuitiv \u0219i simplu, permi\u021b\u00e2nd utilizatorilor s\u0103 navigheze cu u\u0219urin\u021b\u0103 pe site \u0219i s\u0103 ini\u021bieze chat-uri video aleatorii cu necunoscu\u021bi f\u0103r\u0103 efort. Designul se concentreaz\u0103 adesea pe simplitate, asigur\u00e2ndu-se c\u0103 utilizatorii pot \u00een\u021belege rapid cum s\u0103 \u00eenceap\u0103 sau s\u0103 \u00eencheie o sesiune de chat, s\u0103 ajusteze set\u0103rile sau s\u0103 se implice \u00een alte caracteristici oferite de platform\u0103.<\/p>\n<h3 id=\"real-user-reviews-and-feedback\">Recenzii \u0219i feedback real din partea utilizatorilor<\/h3>\n<p>Recenziile \u0219i feedback-ul real al utilizatorilor joac\u0103 un rol semnificativ \u00een modelarea percep\u021biei platformelor precum ChatbyChance \u00een cadrul comunit\u0103\u021bii online. Similar cu alte site-uri de chat video aleatorii, ChatbyChance prime\u0219te o gam\u0103 variat\u0103 de recenzii de la utilizatori din \u00eentreaga lume. Unii utilizatori subliniaz\u0103 entuziasmul de a \u00eent\u00e2lni oameni noi \u0219i de a purta conversa\u021bii captivante, subliniind spontaneitatea \u0219i emo\u021bia platformei. Al\u021bii pot men\u021biona aspecte precum calitatea conexiunii, varietatea de persoane \u00eent\u00e2lnite sau experien\u021ba general\u0103 a utilizatorului.<\/p>\n<p>\u00cen general, recenziile \u0219i feedback-ul utilizatorilor reali ofer\u0103 informa\u021bii valoroase despre punctele forte \u0219i domeniile de \u00eembun\u0103t\u0103\u021bire ale ChatbyChance, ajut\u00e2nd utilizatorii poten\u021biali s\u0103 ia decizii \u00een cuno\u0219tin\u021b\u0103 de cauz\u0103 cu privire la angajarea \u00een platforma pentru nevoile lor de chat video aleatorii.<\/p>\n<h2 id=\"safety-and-security-measures\">M\u0103suri de siguran\u021b\u0103 \u0219i securitate<\/h2>\n<h3 id=\"privacy-concerns-and-user-safety\">Preocup\u0103ri legate de confiden\u021bialitate \u0219i siguran\u021ba utilizatorilor<\/h3>\n<p>Atunci c\u00e2nd vine vorba de site-uri de chat video aleatorii, cum ar fi ChatbyChance, men\u021binerea confiden\u021bialit\u0103\u021bii \u0219i siguran\u021bei utilizatorilor este primordial\u0103. Aceste platforme, inclusiv StrangerCam \u0219i Chatrandom, acord\u0103 prioritate cre\u0103rii unui mediu sigur pentru ca utilizatorii lor s\u0103 se angajeze \u00een conexiuni online spontane.<\/p>\n<p>Siguran\u021ba utilizatorilor este asigurat\u0103 prin diverse m\u0103suri, cum ar fi monitorizarea chat-ului, sisteme de raportare a comportamentelor inadecvate \u0219i orient\u0103ri ale comunit\u0103\u021bii pe care utilizatorii trebuie s\u0103 le respecte cu stricte\u021be. Aceste platforme \u00eencurajeaz\u0103 utilizatorii s\u0103 raporteze orice comportament suspect sau abuziv, permi\u021b\u00e2nd luarea de m\u0103suri rapide pentru a r\u0103spunde preocup\u0103rilor \u0219i a men\u021bine o experien\u021b\u0103 pozitiv\u0103 pentru utilizatori.<\/p>\n<h3 id=\"data-protection-policies\">Politici de protec\u021bie a datelor<\/h3>\n<p>Site-urile de chat video aleatorii dispun de politici solide de protec\u021bie a datelor pentru a proteja informa\u021biile utilizatorilor. Platforme precum ChatbyChance, StrangerCam \u0219i Chatrandom implementeaz\u0103 protocoale de criptare pentru a securiza transmiterea datelor \u00een timpul chat-urilor video. \u00cen plus, acestea au politici stricte privind colectarea, stocarea \u0219i partajarea datelor utilizatorilor pentru a proteja confiden\u021bialitatea acestora.<\/p>\n<p>Prin aderarea la reglement\u0103ri stricte privind protec\u021bia datelor \u0219i prin actualizarea periodic\u0103 a m\u0103surilor lor de securitate, aceste platforme se asigur\u0103 c\u0103 informa\u021biile utilizatorilor r\u0103m\u00e2n confiden\u021biale \u0219i sigure. Utilizatorii se pot angaja \u00een chat-uri video aleatorii cu lini\u0219te, \u0219tiind c\u0103 datele lor sunt protejate \u0219i c\u0103 le este respectat\u0103 via\u021ba privat\u0103.<\/p>\n<h2 id=\"comparing-chatbychance-to-other-chat-platforms\">Compararea ChatbyChance cu alte platforme de chat<\/h2>\n<h3 id=\"unique-selling-propositions\">Propuneri unice de v\u00e2nzare<\/h3>\n<p>Atunci c\u00e2nd compar\u0103m ChatbyChance cu alte platforme de chat precum StrangerCam, Chatrandom \u0219i EmeraldChat, constat\u0103m c\u0103 toate acestea ofer\u0103 caracteristici similare site-urilor de chat video aleatorii. Aceste platforme ofer\u0103 utilizatorilor posibilitatea interesant\u0103 de a <a href=\"https:\/\/strangercam.com\/ro\/coomeet\/\">\u00eent\u00e2lnire<\/a> str\u0103ini din \u00eentreaga lume prin conversa\u021bii video spontane. Atrac\u021bia const\u0103 \u00een imprevizibilitatea acestor \u00eent\u00e2lniri \u0219i \u00een \u0219ansa de a stabili noi leg\u0103turi \u00eentr-un mediu online.<\/p>\n<h3 id=\"limitations-and-drawbacks\">Limit\u0103ri \u0219i dezavantaje<\/h3>\n<p>\u00cen timp ce ChatbyChance prezint\u0103 similitudini cu alte platforme de chat video aleatorii, aceasta se confrunt\u0103, de asemenea, cu limit\u0103ri \u0219i dezavantaje comune inerente acestui tip de serviciu. Un dezavantaj cheie este lipsa de control asupra persoanelor pe care utilizatorii le pot \u00eent\u00e2lni \u00een timpul conversa\u021biilor video aleatorii, ceea ce poate duce uneori la interac\u021biuni nepl\u0103cute sau la \u00eent\u00e2lniri cu con\u021binut nepotrivit. \u00cen plus, anonimatul oferit de aceste platforme poate prezenta riscuri pentru siguran\u021ba \u0219i confiden\u021bialitatea utilizatorilor, deoarece ace\u0219tia nu pot cunoa\u0219te \u00eentotdeauna identitatea real\u0103 a persoanelor cu care discut\u0103.<\/p>\n<p>Aceste limit\u0103ri eviden\u021biaz\u0103 necesitatea ca utilizatorii s\u0103 dea dovad\u0103 de pruden\u021b\u0103 \u0219i discre\u021bie atunci c\u00e2nd se angajeaz\u0103 \u00een chat-uri video aleatorii pe platforme precum ChatbyChance. Este esen\u021bial s\u0103 fie con\u0219tien\u021bi de riscurile poten\u021biale pe care le implic\u0103 interac\u021biunea online cu persoane necunoscute \u0219i s\u0103 acorde prioritate siguran\u021bei personale \u0219i vie\u021bii private \u00een timpul utiliz\u0103rii acestor servicii.<\/p>\n<h2 id=\"conclusion\">Concluzie<\/h2>\n<p>\u00centr-o lume \u00een care conexiunile conteaz\u0103 mai mult ca oric\u00e2nd, platforme precum ChatbyChance ofer\u0103 o cale pentru interac\u021biunile spontane. Am explorat caracteristicile unice \u0219i experien\u021bele utilizatorilor care diferen\u021biaz\u0103 ChatbyChance de omologii s\u0103i. De\u0219i atrac\u021bia de a cunoa\u0219te oameni noi \u00een \u00eentreaga lume este incontestabil\u0103, este esen\u021bial s\u0103 naviga\u021bi pe aceste platforme cu precau\u021bie. Dup\u0103 cum am v\u0103zut, siguran\u021ba \u0219i confiden\u021bialitatea utilizatorilor r\u0103m\u00e2n considerente cheie \u00een domeniul chat-urilor video aleatorii. Echilibr\u00e2nd entuziasmul \u00eent\u00e2lnirilor nea\u0219teptate cu o abordare atent\u0103 a securit\u0103\u021bii personale, utilizatorii pot profita la maximum de ceea ce ChatbyChance \u0219i platformele similare au de oferit. Accept\u0103 emo\u021bia necunoscutului, dar acord\u0103 \u00eentotdeauna prioritate bun\u0103st\u0103rii tale \u00een peisajul digital al conexiunilor \u00eent\u00e2mpl\u0103toare.<\/p>\n<h2 id=\"frequently-asked-questions\">\u00centreb\u0103ri frecvente<\/h2>\n<h3 id=\"what-is-chatbychance\">Ce este ChatbyChance?<\/h3>\n<p>ChatbyChance este o platform\u0103 pentru conexiuni online spontane prin chat-uri video aleatorii. Aceasta permite utilizatorilor s\u0103 cunoasc\u0103 persoane noi instantaneu \u0219i anonim.<\/p>\n<h3 id=\"how-does-chatbychance-differ-from-other-platforms-like-strangercam-and-chatrandom\">Cum difer\u0103 ChatbyChance de alte platforme precum StrangerCam \u0219i Chatrandom?<\/h3>\n<p>ChatbyChance se remarc\u0103 prin accentul pus pe conexiuni instantanee, acoperire global\u0103, anonimat \u0219i interfa\u021b\u0103 u\u0219or de utilizat. Acesta ofer\u0103 o experien\u021b\u0103 palpitant\u0103 de a \u00eent\u00e2lni str\u0103ini rapid.<\/p>\n<h3 id=\"what-do-user-reviews-say-about-chatbychance\">Ce spun recenziile utilizatorilor despre ChatbyChance?<\/h3>\n<p>Comentariile utilizatorilor eviden\u021biaz\u0103 entuziasmul de a cunoa\u0219te oameni noi pe ChatbyChance. Utilizatorii reali ai platformei modeleaz\u0103 percep\u021bia acesteia, \u00eemp\u0103rt\u0103\u0219ind emo\u021bia conexiunilor spontane.<\/p>\n<h3 id=\"what-are-the-pros-and-cons-of-using-platforms-like-chatbychance\">Care sunt avantajele \u0219i dezavantajele utiliz\u0103rii unor platforme precum ChatbyChance?<\/h3>\n<p>De\u0219i platformele precum ChatbyChance ofer\u0103 oportunit\u0103\u021bi interesante de a \u00eent\u00e2lni str\u0103ini la nivel global, acestea nu au control asupra \u00eent\u00e2lnirilor. Utilizatorii ar trebui s\u0103 acorde prioritate siguran\u021bei personale \u0219i vie\u021bii private.<\/p>","protected":false},"excerpt":{"rendered":"<p>Looking for an exciting way to connect with new people online? Dive into the world of ChatbyChance, where every conversation is a surprise waiting to happen. Similar to other random video chat platforms like Strangercam and Chatrandom, ChatbyChance offers a thrilling experience for those seeking spontaneous interactions. At ChatbyChance, we believe in the thrill of [&hellip;]<\/p>\n","protected":false},"author":6,"featured_media":12415,"parent":0,"menu_order":0,"comment_status":"closed","ping_status":"closed","template":"","meta":{"footnotes":""},"class_list":["post-12414","page","type-page","status-publish","has-post-thumbnail","hentry"],"yoast_head":"<!-- This site is optimized with the Yoast SEO plugin v26.9 - https:\/\/yoast.com\/product\/yoast-seo-wordpress\/ -->\n<title>ChatbyChance Random Video Chat - StrangerCam.com<\/title>\n<meta name=\"description\" content=\"Like ChatbyChance? Come chat with more than 5.000.000 strangers on Stranger Cam for Free! Turn on your cam and find new friends &amp; maby a match!\" \/>\n<meta name=\"robots\" content=\"index, follow, max-snippet:-1, max-image-preview:large, max-video-preview:-1\" \/>\n<link rel=\"canonical\" href=\"https:\/\/strangercam.com\/ro\/chatbychance\/\" \/>\n<meta property=\"og:locale\" content=\"ro_RO\" \/>\n<meta property=\"og:type\" content=\"article\" \/>\n<meta property=\"og:title\" content=\"ChatbyChance Random Video Chat - StrangerCam.com\" \/>\n<meta property=\"og:description\" content=\"Like ChatbyChance? Come chat with more than 5.000.000 strangers on Stranger Cam for Free! Turn on your cam and find new friends &amp; maby a match!\" \/>\n<meta property=\"og:url\" content=\"https:\/\/strangercam.com\/ro\/chatbychance\/\" \/>\n<meta property=\"og:site_name\" content=\"Strangercam\" \/>\n<meta property=\"article:publisher\" content=\"https:\/\/www.facebook.com\/strangercam\" \/>\n<meta property=\"article:modified_time\" content=\"2024-06-10T12:11:59+00:00\" \/>\n<meta property=\"og:image\" content=\"https:\/\/strangercam.com\/wp-content\/uploads\/2021\/10\/Untitled-2.png\" \/>\n\t<meta property=\"og:image:width\" content=\"800\" \/>\n\t<meta property=\"og:image:height\" content=\"532\" \/>\n\t<meta property=\"og:image:type\" content=\"image\/png\" \/>\n<meta name=\"twitter:card\" content=\"summary_large_image\" \/>\n<meta name=\"twitter:site\" content=\"@strangercamapp\" \/>\n<meta name=\"twitter:label1\" content=\"Timp estimat pentru citire\" \/>\n\t<meta name=\"twitter:data1\" content=\"1 minut\" \/>\n<script type=\"application\/ld+json\" class=\"yoast-schema-graph\">{\"@context\":\"https:\/\/schema.org\",\"@graph\":[{\"@type\":\"WebPage\",\"@id\":\"https:\/\/strangercam.com\/chatbychance\/\",\"url\":\"https:\/\/strangercam.com\/chatbychance\/\",\"name\":\"ChatbyChance Random Video Chat - StrangerCam.com\",\"isPartOf\":{\"@id\":\"https:\/\/strangercam.com\/#website\"},\"primaryImageOfPage\":{\"@id\":\"https:\/\/strangercam.com\/chatbychance\/#primaryimage\"},\"image\":{\"@id\":\"https:\/\/strangercam.com\/chatbychance\/#primaryimage\"},\"thumbnailUrl\":\"https:\/\/strangercam.com\/wp-content\/uploads\/2024\/06\/ChatbyChance.avif\",\"datePublished\":\"2024-06-10T12:11:20+00:00\",\"dateModified\":\"2024-06-10T12:11:59+00:00\",\"description\":\"Like ChatbyChance? Come chat with more than 5.000.000 strangers on Stranger Cam for Free! Turn on your cam and find new friends & maby a match!\",\"breadcrumb\":{\"@id\":\"https:\/\/strangercam.com\/chatbychance\/#breadcrumb\"},\"inLanguage\":\"ro-RO\",\"potentialAction\":[{\"@type\":\"ReadAction\",\"target\":[\"https:\/\/strangercam.com\/chatbychance\/\"]}]},{\"@type\":\"ImageObject\",\"inLanguage\":\"ro-RO\",\"@id\":\"https:\/\/strangercam.com\/chatbychance\/#primaryimage\",\"url\":\"https:\/\/strangercam.com\/wp-content\/uploads\/2024\/06\/ChatbyChance.avif\",\"contentUrl\":\"https:\/\/strangercam.com\/wp-content\/uploads\/2024\/06\/ChatbyChance.avif\",\"width\":1876,\"height\":878},{\"@type\":\"BreadcrumbList\",\"@id\":\"https:\/\/strangercam.com\/chatbychance\/#breadcrumb\",\"itemListElement\":[{\"@type\":\"ListItem\",\"position\":1,\"name\":\"Home\",\"item\":\"https:\/\/strangercam.com\/\"},{\"@type\":\"ListItem\",\"position\":2,\"name\":\"ChatbyChance\"}]},{\"@type\":\"WebSite\",\"@id\":\"https:\/\/strangercam.com\/#website\",\"url\":\"https:\/\/strangercam.com\/\",\"name\":\"Strangercam\",\"description\":\"Random Video Chat with Strangers\",\"publisher\":{\"@id\":\"https:\/\/strangercam.com\/#organization\"},\"alternateName\":\"Strangercam.com\",\"potentialAction\":[{\"@type\":\"SearchAction\",\"target\":{\"@type\":\"EntryPoint\",\"urlTemplate\":\"https:\/\/strangercam.com\/?s={search_term_string}\"},\"query-input\":{\"@type\":\"PropertyValueSpecification\",\"valueRequired\":true,\"valueName\":\"search_term_string\"}}],\"inLanguage\":\"ro-RO\"},{\"@type\":\"Organization\",\"@id\":\"https:\/\/strangercam.com\/#organization\",\"name\":\"Strangercam\",\"alternateName\":\"Strangercam.com\",\"url\":\"https:\/\/strangercam.com\/\",\"logo\":{\"@type\":\"ImageObject\",\"inLanguage\":\"ro-RO\",\"@id\":\"https:\/\/strangercam.com\/#\/schema\/logo\/image\/\",\"url\":\"https:\/\/strangercam.com\/wp-content\/uploads\/2020\/11\/cropped-new-favicon-black.png\",\"contentUrl\":\"https:\/\/strangercam.com\/wp-content\/uploads\/2020\/11\/cropped-new-favicon-black.png\",\"width\":512,\"height\":512,\"caption\":\"Strangercam\"},\"image\":{\"@id\":\"https:\/\/strangercam.com\/#\/schema\/logo\/image\/\"},\"sameAs\":[\"https:\/\/www.facebook.com\/strangercam\",\"https:\/\/x.com\/strangercamapp\"]}]}<\/script>\n<!-- \/ Yoast SEO plugin. -->","yoast_head_json":{"title":"ChatbyChance Video Chat aleatoriu - StrangerCam.com","description":"\u00ce\u021bi place ChatbyChance? Vino s\u0103 vorbe\u0219ti cu mai mult de 5.000.000 de str\u0103ini pe Stranger Cam gratuit! Porne\u0219te-\u021bi camera \u0219i g\u0103se\u0219te noi prieteni \u0219i poate o pereche!","robots":{"index":"index","follow":"follow","max-snippet":"max-snippet:-1","max-image-preview":"max-image-preview:large","max-video-preview":"max-video-preview:-1"},"canonical":"https:\/\/strangercam.com\/ro\/chatbychance\/","og_locale":"ro_RO","og_type":"article","og_title":"ChatbyChance Random Video Chat - StrangerCam.com","og_description":"Like ChatbyChance? Come chat with more than 5.000.000 strangers on Stranger Cam for Free! Turn on your cam and find new friends & maby a match!","og_url":"https:\/\/strangercam.com\/ro\/chatbychance\/","og_site_name":"Strangercam","article_publisher":"https:\/\/www.facebook.com\/strangercam","article_modified_time":"2024-06-10T12:11:59+00:00","og_image":[{"width":800,"height":532,"url":"https:\/\/strangercam.com\/wp-content\/uploads\/2021\/10\/Untitled-2.png","type":"image\/png"}],"twitter_card":"summary_large_image","twitter_site":"@strangercamapp","twitter_misc":{"Timp estimat pentru citire":"1 minut"},"schema":{"@context":"https:\/\/schema.org","@graph":[{"@type":"WebPage","@id":"https:\/\/strangercam.com\/chatbychance\/","url":"https:\/\/strangercam.com\/chatbychance\/","name":"ChatbyChance Video Chat aleatoriu - StrangerCam.com","isPartOf":{"@id":"https:\/\/strangercam.com\/#website"},"primaryImageOfPage":{"@id":"https:\/\/strangercam.com\/chatbychance\/#primaryimage"},"image":{"@id":"https:\/\/strangercam.com\/chatbychance\/#primaryimage"},"thumbnailUrl":"https:\/\/strangercam.com\/wp-content\/uploads\/2024\/06\/ChatbyChance.avif","datePublished":"2024-06-10T12:11:20+00:00","dateModified":"2024-06-10T12:11:59+00:00","description":"\u00ce\u021bi place ChatbyChance? Vino s\u0103 vorbe\u0219ti cu mai mult de 5.000.000 de str\u0103ini pe Stranger Cam gratuit! Porne\u0219te-\u021bi camera \u0219i g\u0103se\u0219te noi prieteni \u0219i poate o pereche!","breadcrumb":{"@id":"https:\/\/strangercam.com\/chatbychance\/#breadcrumb"},"inLanguage":"ro-RO","potentialAction":[{"@type":"ReadAction","target":["https:\/\/strangercam.com\/chatbychance\/"]}]},{"@type":"ImageObject","inLanguage":"ro-RO","@id":"https:\/\/strangercam.com\/chatbychance\/#primaryimage","url":"https:\/\/strangercam.com\/wp-content\/uploads\/2024\/06\/ChatbyChance.avif","contentUrl":"https:\/\/strangercam.com\/wp-content\/uploads\/2024\/06\/ChatbyChance.avif","width":1876,"height":878},{"@type":"BreadcrumbList","@id":"https:\/\/strangercam.com\/chatbychance\/#breadcrumb","itemListElement":[{"@type":"ListItem","position":1,"name":"Home","item":"https:\/\/strangercam.com\/"},{"@type":"ListItem","position":2,"name":"ChatbyChance"}]},{"@type":"WebSite","@id":"https:\/\/strangercam.com\/#website","url":"https:\/\/strangercam.com\/","name":"Strangercam","description":"Chat video aleatoriu cu str\u0103ini","publisher":{"@id":"https:\/\/strangercam.com\/#organization"},"alternateName":"Strangercam.com","potentialAction":[{"@type":"SearchAction","target":{"@type":"EntryPoint","urlTemplate":"https:\/\/strangercam.com\/?s={search_term_string}"},"query-input":{"@type":"PropertyValueSpecification","valueRequired":true,"valueName":"search_term_string"}}],"inLanguage":"ro-RO"},{"@type":"Organization","@id":"https:\/\/strangercam.com\/#organization","name":"Strangercam","alternateName":"Strangercam.com","url":"https:\/\/strangercam.com\/","logo":{"@type":"ImageObject","inLanguage":"ro-RO","@id":"https:\/\/strangercam.com\/#\/schema\/logo\/image\/","url":"https:\/\/strangercam.com\/wp-content\/uploads\/2020\/11\/cropped-new-favicon-black.png","contentUrl":"https:\/\/strangercam.com\/wp-content\/uploads\/2020\/11\/cropped-new-favicon-black.png","width":512,"height":512,"caption":"Strangercam"},"image":{"@id":"https:\/\/strangercam.com\/#\/schema\/logo\/image\/"},"sameAs":["https:\/\/www.facebook.com\/strangercam","https:\/\/x.com\/strangercamapp"]}]}},"_links":{"self":[{"href":"https:\/\/strangercam.com\/ro\/wp-json\/wp\/v2\/pages\/12414","targetHints":{"allow":["GET"]}}],"collection":[{"href":"https:\/\/strangercam.com\/ro\/wp-json\/wp\/v2\/pages"}],"about":[{"href":"https:\/\/strangercam.com\/ro\/wp-json\/wp\/v2\/types\/page"}],"author":[{"embeddable":true,"href":"https:\/\/strangercam.com\/ro\/wp-json\/wp\/v2\/users\/6"}],"replies":[{"embeddable":true,"href":"https:\/\/strangercam.com\/ro\/wp-json\/wp\/v2\/comments?post=12414"}],"version-history":[{"count":0,"href":"https:\/\/strangercam.com\/ro\/wp-json\/wp\/v2\/pages\/12414\/revisions"}],"wp:featuredmedia":[{"embeddable":true,"href":"https:\/\/strangercam.com\/ro\/wp-json\/wp\/v2\/media\/12415"}],"wp:attachment":[{"href":"https:\/\/strangercam.com\/ro\/wp-json\/wp\/v2\/media?parent=12414"}],"curies":[{"name":"wp","href":"https:\/\/api.w.org\/{rel}","templated":true}]}}