{"id":12412,"date":"2024-06-10T14:11:06","date_gmt":"2024-06-10T12:11:06","guid":{"rendered":"https:\/\/strangercam.com\/?page_id=12412"},"modified":"2024-06-10T14:12:03","modified_gmt":"2024-06-10T12:12:03","slug":"mixu","status":"publish","type":"page","link":"https:\/\/strangercam.com\/ro\/mixu\/","title":{"rendered":"Mixu"},"content":{"rendered":"<p data-pm-slice=\"1 1 []\">Deci, sunte\u021bi curio\u0219i despre Mixu? Ei bine, haide\u021bi s\u0103 p\u0103trundem \u00een lumea videoclipurilor aleatorii <a href=\"https:\/\/strangercam.com\/ro\/chatroulette\/\">chat<\/a> site-uri web. Mixu, la fel ca omologii s\u0103i precum StrangerCam, Chatrandom \u0219i <a href=\"https:\/\/strangercam.com\/ro\/emerald-chat\/\">Smarald<\/a> Chat, ofer\u0103 utilizatorilor senza\u021bia de a se conecta cu persoane necunoscute prin interac\u021biuni video live. Este vorba despre entuziasmul neprev\u0103zutului, unde fiecare chat aduce o experien\u021b\u0103 nou\u0103.<\/p>\n<p>La Mixu, posibilit\u0103\u021bile sunt nelimitate pe m\u0103sur\u0103 ce navig\u0103m prin t\u0103r\u00e2mul virtual al conversa\u021biilor spontane \u0219i al \u00eent\u00e2lnirilor \u00eent\u00e2mpl\u0103toare. Fie c\u0103 e\u0219ti \u00een c\u0103utarea unor noi prietenii, a unor discu\u021bii captivante sau pur \u0219i simplu a unui moment de distrac\u021bie, Mixu este poarta ta c\u0103tre o lume a conexiunilor f\u0103r\u0103 scenariu. Join noi \u00een timp ce explor\u0103m peisajul dinamic al chat-ului video online \u0219i s\u0103 \u00eembr\u0103\u021bi\u0219eze fiorul de a \u00eent\u00e2lni fe\u021be noi cu doar un clic.<\/p>\n<h2 id=\"overview-of-mixu\">Prezentare general\u0103 a Mixu<\/h2>\n<h3 id=\"what-is-mixu\">Ce este Mixu?<\/h3>\n<p>Mixu este aleatoriu <a href=\"https:\/\/strangercam.com\/ro\/coomeet\/\">chat video<\/a> care ofer\u0103 utilizatorilor pl\u0103cerea de a intra \u00een contact cu persoane necunoscute prin interac\u021biuni video \u00een direct. Similar unor platforme precum StrangerCam, Chatrandom \u0219i Emerald Chat, Mixu ofer\u0103 un spa\u021biu pentru conversa\u021bii spontane \u0219i \u00eent\u00e2lniri \u00eent\u00e2mpl\u0103toare pe t\u0103r\u00e2mul virtual al chat-ului video online. Utilizatorii se pot angaja \u00een discu\u021bii, \u00ee\u0219i pot face noi prieteni \u0219i se pot distra prin intermediul mediului de chat imprevizibil.<\/p>\n<ul class=\"list-disc list-outside leading-3 -mt-2 tight\" data-tight=\"true\">\n<li class=\"leading-normal -mb-2\">Conversa\u021bii video aleatorii: Mixu permite utilizatorilor s\u0103 se angajeze \u00een conversa\u021bii video aleatorii cu persoane necunoscute, ad\u0103ug\u00e2nd un element de emo\u021bie \u0219i imprevizibilitate la fiecare interac\u021biune.<\/li>\n<li class=\"leading-normal -mb-2\">Prietenii virtuale: Utilizatorii au posibilitatea de a lega noi prietenii cu persoane din \u00eentreaga lume prin intermediul func\u021biei de chat video a platformei.<\/li>\n<li class=\"leading-normal -mb-2\">Forumuri de discu\u021bii: Mixu ofer\u0103 forumuri de discu\u021bii unde utilizatorii pot participa la conversa\u021bii pe diverse teme, \u00eembun\u0103t\u0103\u021bind experien\u021ba social\u0103 pe site.<\/li>\n<li class=\"leading-normal -mb-2\">Set\u0103ri de confiden\u021bialitate: Platforma ofer\u0103 set\u0103ri de confiden\u021bialitate care permit utilizatorilor s\u0103 \u00ee\u0219i controleze vizibilitatea \u0219i interac\u021biunile \u00een timpul utiliz\u0103rii serviciului.<\/li>\n<li class=\"leading-normal -mb-2\">Interfa\u021b\u0103 u\u0219or de utilizat: Mixu dispune de o interfa\u021b\u0103 u\u0219or de utilizat, care faciliteaz\u0103 navigarea pe site \u0219i permite utilizatorilor s\u0103 se bucure de experien\u021be de chat video f\u0103r\u0103 \u00eentreruperi.<\/li>\n<\/ul>\n<p>\u00cen esen\u021b\u0103, Mixu se adreseaz\u0103 persoanelor care caut\u0103 interac\u021biuni online spontane, captivante \u0219i interactive prin intermediul <a href=\"https:\/\/strangercam.com\/ro\/chathub\/\">chat video aleatoriu<\/a> capacit\u0103\u021bi.<\/p>\n<h2 id=\"user-experience-with-mixu\">Experien\u021ba utilizatorului cu Mixu<\/h2>\n<h3 id=\"interface-and-usability\">Interfa\u021b\u0103 \u0219i utilitate<\/h3>\n<p>C\u00e2nd vine vorba de experien\u021ba utilizatorului cu Mixu, la fel ca alte site-uri de chat video aleatorii, cum ar fi StrangerCam, Chatrandom \u0219i Emerald Chat, accentul este pus pe simplitate \u0219i u\u0219urin\u021b\u0103 \u00een utilizare. Interfa\u021ba Mixu este conceput\u0103 pentru a fi intuitiv\u0103, permi\u021b\u00e2nd utilizatorilor s\u0103 navigheze rapid pe platform\u0103 f\u0103r\u0103 probleme. Cu un aspect u\u0219or de utilizat, utilizatorii pot accesa cu u\u0219urin\u021b\u0103 func\u021bii precum \u00eenceperea unui chat video aleatoriu, ajustarea set\u0103rilor \u0219i angajarea \u00een conversa\u021bii cu persoane necunoscute.<\/p>\n<h3 id=\"community-and-interaction-features\">Caracteristici comunitare \u0219i de interac\u021biune<\/h3>\n<p>\u00cen ceea ce prive\u0219te comunitatea \u0219i interac\u021biunea, Mixu ofer\u0103 func\u021bionalit\u0103\u021bi similare altor site-uri de chat video aleatorii. Utilizatorii se pot conecta cu persoane din \u00eentreaga lume, angaj\u00e2ndu-se \u00een conversa\u021bii spontane \u0219i construind prietenii virtuale. Platforma ofer\u0103 un spa\u021biu \u00een care utilizatorii pot interac\u021biona prin intermediul chat-urilor video live, promov\u00e2nd un sentiment de comunitate \u0219i conexiune \u00een mediul online. \u00cen plus, Mixu poate oferi caracteristici precum forumuri de discu\u021bii pe diverse teme, \u00eembun\u0103t\u0103\u021bind experien\u021ba general\u0103 a utilizatorului prin oferirea de c\u0103i pentru conversa\u021bii \u0219i interac\u021biuni captivante.<\/p>\n<h2 id=\"comparing-mixu-with-other-platforms\">Compararea Mixu cu alte platforme<\/h2>\n<h3 id=\"similarities-to-major-platforms\">Similitudini cu platformele majore<\/h3>\n<p>Atunci c\u00e2nd evalu\u0103m Mixu al\u0103turi de platforme importante precum StrangerCam, Chatrandom \u0219i Emerald Chat, putem identifica c\u00e2teva asem\u0103n\u0103ri esen\u021biale. \u00cen primul r\u00e2nd, toate aceste platforme func\u021bioneaz\u0103 ca site-uri de chat video aleatorii, facilit\u00e2nd conexiunile \u00eentre utilizatori \u0219i str\u0103ini. Acestea \u00eemp\u0103rt\u0103\u0219esc obiectivul comun de a crea un spa\u021biu pentru interac\u021biuni captivante prin intermediul conversa\u021biilor video \u00een direct.<\/p>\n<p>\u00cen ceea ce prive\u0219te experien\u021ba utilizatorului, Mixu, la fel ca omologii s\u0103i, se concentreaz\u0103 pe simplitate \u0219i u\u0219urin\u021b\u0103 de utilizare \u00een proiectarea interfe\u021bei sale. Navigarea pe platform\u0103, ini\u021bierea de chat-uri video aleatorii, ajustarea set\u0103rilor \u0219i angajarea \u00een conversa\u021bii cu persoane necunoscute sunt caracteristici care sunt consecvente pe aceste platforme. Utilizatorii se pot a\u0219tepta la o experien\u021b\u0103 simpl\u0103 \u0219i f\u0103r\u0103 probleme atunci c\u00e2nd interac\u021bioneaz\u0103 pe Mixu, la fel ca pe alte platforme importante.<\/p>\n<p>\u00cen plus, aceste platforme permit conexiuni globale, permi\u021b\u00e2nd utilizatorilor din \u00eentreaga lume s\u0103 interac\u021bioneze \u0219i s\u0103 construiasc\u0103 prietenii virtuale. Capacitatea de a intra \u00een contact cu persoane din medii \u0219i culturi diverse este o caracteristic\u0103 comun\u0103 a Mixu \u0219i a altor platforme importante. Aceast\u0103 acoperire global\u0103 spore\u0219te poten\u021bialul pentru conversa\u021bii spontane \u0219i \u00eembog\u0103\u021bitoare, promov\u00e2nd un sentiment de comunitate \u00een spa\u021biul online.<\/p>\n<h3 id=\"unique-elements-of-mixu\">Elemente unice ale Mixu<\/h3>\n<p>De\u0219i Mixu \u00eemp\u0103rt\u0103\u0219e\u0219te multe asem\u0103n\u0103ri cu alte platforme importante din ni\u0219a chat-ului video aleatoriu, aceasta \u00eencorporeaz\u0103, de asemenea, elemente unice care o diferen\u021biaz\u0103. O caracteristic\u0103 distinctiv\u0103 a Mixu poate fi abordarea sa fa\u021b\u0103 de construirea comunit\u0103\u021bii \u00een cadrul platformei. De\u0219i nu sunt furnizate detalii specifice, Mixu ar putea oferi caracteristici comunitare, cum ar fi forumuri de discu\u021bii pe diverse teme. Aceste caracteristici ar putea spori interac\u021biunea dintre utilizatori, ar putea oferi oportunit\u0103\u021bi pentru o implicare mai profund\u0103 \u0219i ar putea promova sentimentul de apartenen\u021b\u0103 \u00een r\u00e2ndul utilizatorilor.<\/p>\n<p>\u00cen plus, Mixu ar putea s\u0103 se diferen\u021bieze prin experien\u021be personalizate ale utilizatorilor sau instrumente inovatoare de implicare care nu se reg\u0103sesc pe alte platforme. Aceste elemente unice ar putea contribui la transformarea Mixu \u00eentr-o alegere remarcabil\u0103 pentru persoanele care caut\u0103 experien\u021be aleatorii de chat video care ofer\u0103 ceva \u00een plus sau diferit de ofertele standard din spa\u021biul de interac\u021biune online.<\/p>\n<p>De\u0219i Mixu se aliniaz\u0103 \u00eendeaproape platformelor majore precum StrangerCam, Chatrandom \u0219i Emerald Chat ca site de chat video aleatoriu, acesta poate prezenta factori distinctivi care atrag utilizatorii care caut\u0103 o experien\u021b\u0103 de interac\u021biune online unic\u0103 \u0219i captivant\u0103.<\/p>\n<h2 id=\"future-developments\">Evolu\u021bii viitoare<\/h2>\n<h3 id=\"anticipated-updates\">Actualiz\u0103ri anticipate<\/h3>\n<p>Atunci c\u00e2nd lu\u0103m \u00een considerare evolu\u021biile viitoare ale Mixu, ca \u0219i \u00een cazul altor site-uri de chat video aleatorii precum StrangerCam, Chatrandom \u0219i Emerald Chat, ne putem a\u0219tepta la \u00eembun\u0103t\u0103\u021biri continue ale platformei. Aceste actualiz\u0103ri se concentreaz\u0103 adesea pe \u00eembun\u0103t\u0103\u021birea experien\u021bei utilizatorului, ad\u0103ugarea de noi caracteristici \u0219i \u00eembun\u0103t\u0103\u021birea func\u021bionalit\u0103\u021bii generale. \u00centre\u021binerea \u0219i actualiz\u0103rile regulate sunt esen\u021biale pentru men\u021binerea competitivit\u0103\u021bii platformei \u00een peisajul dinamic al interac\u021biunii online. Utilizatorii se pot a\u0219tepta la actualiz\u0103ri periodice menite s\u0103 \u00eembun\u0103t\u0103\u021beasc\u0103 experien\u021ba de chat video, s\u0103 consolideze m\u0103surile de securitate \u0219i, eventual, s\u0103 introduc\u0103 noi modalit\u0103\u021bi de a intra \u00een contact cu str\u0103inii.<\/p>\n<h3 id=\"potential-market-expansions\">Extinderi poten\u021biale ale pie\u021bei<\/h3>\n<p>\u00cen ceea ce prive\u0219te poten\u021bialele extinderi ale pie\u021bei, Mixu, la fel ca omologii s\u0103i StrangerCam, Chatrandom \u0219i Emerald Chat, poate explora oportunit\u0103\u021bi de a-\u0219i l\u0103rgi baza de utilizatori \u0219i de a ajunge la noi categorii demografice. Extinderea pie\u021bei ar putea implica orientarea c\u0103tre anumite regiuni geografice, segmente demografice sau comunit\u0103\u021bi de ni\u0219\u0103 pentru a cre\u0219te implicarea utilizatorilor \u0219i popularitatea platformei. Prin \u00een\u021belegerea diverselor nevoi ale utilizatorilor din \u00eentreaga lume, Mixu \u0219i-ar putea adapta serviciile pentru a r\u0103spunde diferitelor preferin\u021be culturale, limbi sau dinamici sociale, extinz\u00e2ndu-\u0219i astfel raza de ac\u021biune global\u0103 \u0219i stabilind o prezen\u021b\u0103 mai puternic\u0103 pe pia\u021ba interac\u021biunii online.<\/p>\n<h2 id=\"conclusion\">Concluzie<\/h2>\n<p>Mixu iese \u00een eviden\u021b\u0103 \u00een domeniul site-urilor de chat video aleatorii, oferind o interfa\u021b\u0103 u\u0219or de utilizat \u0219i caracteristici comunitare unice. Pe m\u0103sur\u0103 ce privim spre viitor, anticip\u0103m noi \u00eembun\u0103t\u0103\u021biri ale experien\u021bei utilizatorilor \u0219i caracteristici suplimentare pentru a \u021bine pasul cu tendin\u021bele \u00een evolu\u021bie ale interac\u021biunii online. Pun\u00e2nd accentul pe conexiunile globale \u0219i interac\u021biunile personalizate, Mixu este preg\u0103tit\u0103 s\u0103 continue s\u0103 captiveze utilizatorii care caut\u0103 conversa\u021bii captivante cu necunoscu\u021bi. Angajamentul platformei fa\u021b\u0103 de inova\u021bie \u0219i incluziune o diferen\u021biaz\u0103 ca o alegere de top pentru cei care caut\u0103 o experien\u021b\u0103 distinctiv\u0103 de interac\u021biune online. R\u0103m\u00e2ne\u021bi la curent cu actualiz\u0103rile \u0219i evolu\u021biile pe m\u0103sur\u0103 ce Mixu se str\u0103duie\u0219te s\u0103 \u00ee\u0219i extind\u0103 aria de acoperire \u0219i s\u0103 se adreseze unui public divers din \u00eentreaga lume.<\/p>\n<h2 id=\"frequently-asked-questions\">\u00centreb\u0103ri frecvente<\/h2>\n<h3 id=\"what-is-mixu\">Ce este Mixu?<\/h3>\n<p>Mixu este un site de chat video aleatoriu care conecteaz\u0103 utilizatorii cu persoane necunoscute pentru interac\u021biuni captivante. Se concentreaz\u0103 pe simplitate, permi\u021b\u00e2nd utilizatorilor s\u0103 \u00eenceap\u0103 chat-uri video, s\u0103 ajusteze set\u0103rile \u0219i s\u0103 converseze cu u\u0219urin\u021b\u0103.<\/p>\n<h3 id=\"how-does-mixu-differ-from-other-random-video-chat-platforms\">Prin ce se deosebe\u0219te Mixu de alte platforme de chat video aleatorii?<\/h3>\n<p>Mixu ofer\u0103 elemente unice, cum ar fi poten\u021bialele caracteristici ale comunit\u0103\u021bii \u0219i experien\u021bele personalizate ale utilizatorilor, diferen\u021biindu-se de alte platforme din aceast\u0103 ni\u0219\u0103.<\/p>\n<h3 id=\"what-can-users-expect-in-the-future-of-mixu\">La ce se pot a\u0219tepta utilizatorii \u00een viitorul Mixu?<\/h3>\n<p>Dezvolt\u0103rile viitoare pot \u00eembun\u0103t\u0103\u021bi experien\u021ba utilizatorului, pot ad\u0103uga noi caracteristici \u0219i pot \u00eembun\u0103t\u0103\u021bi func\u021bionalitatea prin actualiz\u0103ri regulate. Extinderile de pia\u021b\u0103 pot viza anumite categorii demografice sau regiuni geografice pentru a-\u0219i l\u0103rgi baza de utilizatori \u0219i a-\u0219i cre\u0219te popularitatea.<\/p>","protected":false},"excerpt":{"rendered":"<p>So, you&#8217;re curious about Mixu? Well, let&#8217;s dive into the world of random video chat websites. Mixu, much like its counterparts such as StrangerCam, Chatrandom, and Emerald Chat, offers users the thrill of connecting with strangers through live video interactions. It&#8217;s all about the excitement of the unexpected, where every chat brings a new experience. [&hellip;]<\/p>\n","protected":false},"author":6,"featured_media":12413,"parent":0,"menu_order":0,"comment_status":"closed","ping_status":"closed","template":"","meta":{"footnotes":""},"class_list":["post-12412","page","type-page","status-publish","has-post-thumbnail","hentry"],"yoast_head":"<!-- This site is optimized with the Yoast SEO plugin v26.9 - https:\/\/yoast.com\/product\/yoast-seo-wordpress\/ -->\n<title>Mixu Random Video Chat - StrangerCam.com<\/title>\n<meta name=\"description\" content=\"Like Mixu? Come chat with more than 5.000.000 strangers on Stranger Cam for Free! Turn on your cam and find new friends &amp; maby a match!\" \/>\n<meta name=\"robots\" content=\"index, follow, max-snippet:-1, max-image-preview:large, max-video-preview:-1\" \/>\n<link rel=\"canonical\" href=\"https:\/\/strangercam.com\/ro\/mixu\/\" \/>\n<meta property=\"og:locale\" content=\"ro_RO\" \/>\n<meta property=\"og:type\" content=\"article\" \/>\n<meta property=\"og:title\" content=\"Mixu Random Video Chat - StrangerCam.com\" \/>\n<meta property=\"og:description\" content=\"Like Mixu? Come chat with more than 5.000.000 strangers on Stranger Cam for Free! Turn on your cam and find new friends &amp; maby a match!\" \/>\n<meta property=\"og:url\" content=\"https:\/\/strangercam.com\/ro\/mixu\/\" \/>\n<meta property=\"og:site_name\" content=\"Strangercam\" \/>\n<meta property=\"article:publisher\" content=\"https:\/\/www.facebook.com\/strangercam\" \/>\n<meta property=\"article:modified_time\" content=\"2024-06-10T12:12:03+00:00\" \/>\n<meta property=\"og:image\" content=\"https:\/\/strangercam.com\/wp-content\/uploads\/2024\/06\/Mixu.webp\" \/>\n\t<meta property=\"og:image:width\" content=\"721\" \/>\n\t<meta property=\"og:image:height\" content=\"305\" \/>\n\t<meta property=\"og:image:type\" content=\"image\/webp\" \/>\n<meta name=\"twitter:card\" content=\"summary_large_image\" \/>\n<meta name=\"twitter:site\" content=\"@strangercamapp\" \/>\n<meta name=\"twitter:label1\" content=\"Timp estimat pentru citire\" \/>\n\t<meta name=\"twitter:data1\" content=\"6 minute\" \/>\n<script type=\"application\/ld+json\" class=\"yoast-schema-graph\">{\"@context\":\"https:\/\/schema.org\",\"@graph\":[{\"@type\":\"WebPage\",\"@id\":\"https:\/\/strangercam.com\/mixu\/\",\"url\":\"https:\/\/strangercam.com\/mixu\/\",\"name\":\"Mixu Random Video Chat - StrangerCam.com\",\"isPartOf\":{\"@id\":\"https:\/\/strangercam.com\/#website\"},\"primaryImageOfPage\":{\"@id\":\"https:\/\/strangercam.com\/mixu\/#primaryimage\"},\"image\":{\"@id\":\"https:\/\/strangercam.com\/mixu\/#primaryimage\"},\"thumbnailUrl\":\"https:\/\/strangercam.com\/wp-content\/uploads\/2024\/06\/Mixu.webp\",\"datePublished\":\"2024-06-10T12:11:06+00:00\",\"dateModified\":\"2024-06-10T12:12:03+00:00\",\"description\":\"Like Mixu? Come chat with more than 5.000.000 strangers on Stranger Cam for Free! Turn on your cam and find new friends & maby a match!\",\"breadcrumb\":{\"@id\":\"https:\/\/strangercam.com\/mixu\/#breadcrumb\"},\"inLanguage\":\"ro-RO\",\"potentialAction\":[{\"@type\":\"ReadAction\",\"target\":[\"https:\/\/strangercam.com\/mixu\/\"]}]},{\"@type\":\"ImageObject\",\"inLanguage\":\"ro-RO\",\"@id\":\"https:\/\/strangercam.com\/mixu\/#primaryimage\",\"url\":\"https:\/\/strangercam.com\/wp-content\/uploads\/2024\/06\/Mixu.webp\",\"contentUrl\":\"https:\/\/strangercam.com\/wp-content\/uploads\/2024\/06\/Mixu.webp\",\"width\":721,\"height\":305},{\"@type\":\"BreadcrumbList\",\"@id\":\"https:\/\/strangercam.com\/mixu\/#breadcrumb\",\"itemListElement\":[{\"@type\":\"ListItem\",\"position\":1,\"name\":\"Home\",\"item\":\"https:\/\/strangercam.com\/\"},{\"@type\":\"ListItem\",\"position\":2,\"name\":\"Mixu\"}]},{\"@type\":\"WebSite\",\"@id\":\"https:\/\/strangercam.com\/#website\",\"url\":\"https:\/\/strangercam.com\/\",\"name\":\"Strangercam\",\"description\":\"Random Video Chat with Strangers\",\"publisher\":{\"@id\":\"https:\/\/strangercam.com\/#organization\"},\"alternateName\":\"Strangercam.com\",\"potentialAction\":[{\"@type\":\"SearchAction\",\"target\":{\"@type\":\"EntryPoint\",\"urlTemplate\":\"https:\/\/strangercam.com\/?s={search_term_string}\"},\"query-input\":{\"@type\":\"PropertyValueSpecification\",\"valueRequired\":true,\"valueName\":\"search_term_string\"}}],\"inLanguage\":\"ro-RO\"},{\"@type\":\"Organization\",\"@id\":\"https:\/\/strangercam.com\/#organization\",\"name\":\"Strangercam\",\"alternateName\":\"Strangercam.com\",\"url\":\"https:\/\/strangercam.com\/\",\"logo\":{\"@type\":\"ImageObject\",\"inLanguage\":\"ro-RO\",\"@id\":\"https:\/\/strangercam.com\/#\/schema\/logo\/image\/\",\"url\":\"https:\/\/strangercam.com\/wp-content\/uploads\/2020\/11\/cropped-new-favicon-black.png\",\"contentUrl\":\"https:\/\/strangercam.com\/wp-content\/uploads\/2020\/11\/cropped-new-favicon-black.png\",\"width\":512,\"height\":512,\"caption\":\"Strangercam\"},\"image\":{\"@id\":\"https:\/\/strangercam.com\/#\/schema\/logo\/image\/\"},\"sameAs\":[\"https:\/\/www.facebook.com\/strangercam\",\"https:\/\/x.com\/strangercamapp\"]}]}<\/script>\n<!-- \/ Yoast SEO plugin. -->","yoast_head_json":{"title":"Mixu Random Video Chat - StrangerCam.com","description":"\u00ce\u021bi place Mixu? Vino s\u0103 vorbe\u0219ti cu mai mult de 5.000.000 de str\u0103ini pe Stranger Cam Gratuit! Porne\u0219te-\u021bi camera \u0219i g\u0103se\u0219te prieteni noi \u0219i poate o pereche!","robots":{"index":"index","follow":"follow","max-snippet":"max-snippet:-1","max-image-preview":"max-image-preview:large","max-video-preview":"max-video-preview:-1"},"canonical":"https:\/\/strangercam.com\/ro\/mixu\/","og_locale":"ro_RO","og_type":"article","og_title":"Mixu Random Video Chat - StrangerCam.com","og_description":"Like Mixu? Come chat with more than 5.000.000 strangers on Stranger Cam for Free! Turn on your cam and find new friends & maby a match!","og_url":"https:\/\/strangercam.com\/ro\/mixu\/","og_site_name":"Strangercam","article_publisher":"https:\/\/www.facebook.com\/strangercam","article_modified_time":"2024-06-10T12:12:03+00:00","og_image":[{"width":721,"height":305,"url":"https:\/\/strangercam.com\/wp-content\/uploads\/2024\/06\/Mixu.webp","type":"image\/webp"}],"twitter_card":"summary_large_image","twitter_site":"@strangercamapp","twitter_misc":{"Timp estimat pentru citire":"6 minute"},"schema":{"@context":"https:\/\/schema.org","@graph":[{"@type":"WebPage","@id":"https:\/\/strangercam.com\/mixu\/","url":"https:\/\/strangercam.com\/mixu\/","name":"Mixu Random Video Chat - StrangerCam.com","isPartOf":{"@id":"https:\/\/strangercam.com\/#website"},"primaryImageOfPage":{"@id":"https:\/\/strangercam.com\/mixu\/#primaryimage"},"image":{"@id":"https:\/\/strangercam.com\/mixu\/#primaryimage"},"thumbnailUrl":"https:\/\/strangercam.com\/wp-content\/uploads\/2024\/06\/Mixu.webp","datePublished":"2024-06-10T12:11:06+00:00","dateModified":"2024-06-10T12:12:03+00:00","description":"\u00ce\u021bi place Mixu? Vino s\u0103 vorbe\u0219ti cu mai mult de 5.000.000 de str\u0103ini pe Stranger Cam Gratuit! Porne\u0219te-\u021bi camera \u0219i g\u0103se\u0219te prieteni noi \u0219i poate o pereche!","breadcrumb":{"@id":"https:\/\/strangercam.com\/mixu\/#breadcrumb"},"inLanguage":"ro-RO","potentialAction":[{"@type":"ReadAction","target":["https:\/\/strangercam.com\/mixu\/"]}]},{"@type":"ImageObject","inLanguage":"ro-RO","@id":"https:\/\/strangercam.com\/mixu\/#primaryimage","url":"https:\/\/strangercam.com\/wp-content\/uploads\/2024\/06\/Mixu.webp","contentUrl":"https:\/\/strangercam.com\/wp-content\/uploads\/2024\/06\/Mixu.webp","width":721,"height":305},{"@type":"BreadcrumbList","@id":"https:\/\/strangercam.com\/mixu\/#breadcrumb","itemListElement":[{"@type":"ListItem","position":1,"name":"Home","item":"https:\/\/strangercam.com\/"},{"@type":"ListItem","position":2,"name":"Mixu"}]},{"@type":"WebSite","@id":"https:\/\/strangercam.com\/#website","url":"https:\/\/strangercam.com\/","name":"Strangercam","description":"Chat video aleatoriu cu str\u0103ini","publisher":{"@id":"https:\/\/strangercam.com\/#organization"},"alternateName":"Strangercam.com","potentialAction":[{"@type":"SearchAction","target":{"@type":"EntryPoint","urlTemplate":"https:\/\/strangercam.com\/?s={search_term_string}"},"query-input":{"@type":"PropertyValueSpecification","valueRequired":true,"valueName":"search_term_string"}}],"inLanguage":"ro-RO"},{"@type":"Organization","@id":"https:\/\/strangercam.com\/#organization","name":"Strangercam","alternateName":"Strangercam.com","url":"https:\/\/strangercam.com\/","logo":{"@type":"ImageObject","inLanguage":"ro-RO","@id":"https:\/\/strangercam.com\/#\/schema\/logo\/image\/","url":"https:\/\/strangercam.com\/wp-content\/uploads\/2020\/11\/cropped-new-favicon-black.png","contentUrl":"https:\/\/strangercam.com\/wp-content\/uploads\/2020\/11\/cropped-new-favicon-black.png","width":512,"height":512,"caption":"Strangercam"},"image":{"@id":"https:\/\/strangercam.com\/#\/schema\/logo\/image\/"},"sameAs":["https:\/\/www.facebook.com\/strangercam","https:\/\/x.com\/strangercamapp"]}]}},"_links":{"self":[{"href":"https:\/\/strangercam.com\/ro\/wp-json\/wp\/v2\/pages\/12412","targetHints":{"allow":["GET"]}}],"collection":[{"href":"https:\/\/strangercam.com\/ro\/wp-json\/wp\/v2\/pages"}],"about":[{"href":"https:\/\/strangercam.com\/ro\/wp-json\/wp\/v2\/types\/page"}],"author":[{"embeddable":true,"href":"https:\/\/strangercam.com\/ro\/wp-json\/wp\/v2\/users\/6"}],"replies":[{"embeddable":true,"href":"https:\/\/strangercam.com\/ro\/wp-json\/wp\/v2\/comments?post=12412"}],"version-history":[{"count":0,"href":"https:\/\/strangercam.com\/ro\/wp-json\/wp\/v2\/pages\/12412\/revisions"}],"wp:featuredmedia":[{"embeddable":true,"href":"https:\/\/strangercam.com\/ro\/wp-json\/wp\/v2\/media\/12413"}],"wp:attachment":[{"href":"https:\/\/strangercam.com\/ro\/wp-json\/wp\/v2\/media?parent=12412"}],"curies":[{"name":"wp","href":"https:\/\/api.w.org\/{rel}","templated":true}]}}