{"id":12341,"date":"2024-02-07T12:40:26","date_gmt":"2024-02-07T10:40:26","guid":{"rendered":"https:\/\/strangercam.com\/?page_id=12341"},"modified":"2024-02-07T12:50:49","modified_gmt":"2024-02-07T10:50:49","slug":"cleefchat","status":"publish","type":"page","link":"https:\/\/strangercam.com\/ro\/cleefchat\/","title":{"rendered":"CleefChat"},"content":{"rendered":"<p>\u00cen era digital\u0103 de ast\u0103zi, g\u0103sirea unei platforme fiabile \u0219i atractive pentru comunicarea online este extrem de important\u0103. Acesta este locul \u00een care CleefChat, o companie german\u0103 <a href=\"https:\/\/strangercam.com\/ro\/chatroom2000\/\">camer\u0103 de chat<\/a> intr\u0103 \u00een joc. Explorarea noastr\u0103 \u00een CleefChat a dezv\u0103luit o platform\u0103 care nu numai c\u0103 \u00eendepline\u0219te cerin\u021bele moderne ale interac\u021biunii digitale, dar adaug\u0103 \u0219i o not\u0103 unic\u0103 experien\u021bei de chat. De la u\u0219urin\u021ba \u00een utilizare p\u00e2n\u0103 la setul s\u0103u cuprinz\u0103tor de func\u021bii, CleefChat se remarc\u0103 ca o destina\u021bie de referin\u021b\u0103 pentru cei care doresc s\u0103 se conecteze, s\u0103 \u00eemp\u0103rt\u0103\u0219easc\u0103 \u0219i s\u0103 se implice cu al\u021bii online. S\u0103 analiz\u0103m \u00een profunzime ce face din CleefChat prima platform\u0103 de chat din Germania.<\/p>\n<h2>Ce este CleefChat?<\/h2>\n<p>CleefChat este o platform\u0103 online inovatoare care reune\u0219te persoane \u00eentr-un mediu de chat dinamic \u0219i interactiv. N\u0103scut\u0103 din dorin\u021ba de a crea un <a href=\"https:\/\/strangercam.com\/ro\/mocospace\/\">spa\u021biu<\/a> \u00een care oamenii pot comunica liber, \u00eemp\u0103rt\u0103\u0219i idei \u0219i crea leg\u0103turi, CleefChat a devenit rapid proeminent \u00een lumea vorbitoare de limb\u0103 german\u0103. Interfa\u021ba sa u\u0219or de utilizat \u0219i infrastructura robust\u0103 \u00eel fac o alegere ideal\u0103 pentru utilizatorii de toate v\u00e2rstele \u0219i din toate mediile, care caut\u0103 orice, de la chat-uri ocazionale la discu\u021bii mai profunde.<\/p>\n<h2>Utilizarea CleefChat este gratuit\u0103?<\/h2>\n<p>Unul dintre cele mai atr\u0103g\u0103toare aspecte ale CleefChat este accesibilitatea sa. Da, CleefChat este \u00een \u00eentregime <a href=\"https:\/\/strangercam.com\/ro\/chat4free\/\">liber<\/a> de utilizat, ceea ce reduce imediat bariera pentru noii utilizatori care doresc s\u0103 se al\u0103ture platformei. Acest acces gratuit asigur\u0103 participarea unui grup divers de persoane, ceea ce face ca conversa\u021biile din camera de chat s\u0103 fie mai bogate \u0219i mai variate. De\u0219i ofer\u0103 acces gratuit, CleefChat men\u021bine un serviciu de \u00eenalt\u0103 calitate, asigur\u00e2ndu-se c\u0103 utilizatorii au o experien\u021b\u0103 pozitiv\u0103 \u0219i ne\u00eentrerupt\u0103.<\/p>\n<h2>Cum se utilizeaz\u0103<\/h2>\n<p>Utilizarea CleefChat este simpl\u0103, reflect\u00e2nd angajamentul platformei fa\u021b\u0103 de u\u0219urin\u021ba \u00een utilizare. Pentru a \u00eencepe, trebuie doar s\u0103 vizita\u021bi site-ul CleefChat, s\u0103 alege\u021bi o camer\u0103 de chat care v\u0103 intereseaz\u0103 \u0219i s\u0103 introduce\u021bi o porecl\u0103 dac\u0103 prefera\u021bi s\u0103 r\u0103m\u00e2ne\u021bi anonim. De acolo, pute\u021bi \u00eencepe s\u0103 participa\u021bi la conversa\u021bii, s\u0103 v\u0103 \u00eemp\u0103rt\u0103\u0219i\u021bi g\u00e2ndurile \u0219i s\u0103 v\u0103 conecta\u021bi cu al\u021bii. Platforma ofer\u0103, de asemenea, func\u021bii de mesagerie privat\u0103, permi\u021b\u00e2nd conversa\u021bii mai personale \u00een afara camerelor de chat publice.<\/p>\n<h2>Pentru ce este CleefChat cel mai bun?<\/h2>\n<p>CleefChat exceleaz\u0103 ca o platform\u0103 versatil\u0103, care satisface o gam\u0103 larg\u0103 de interese \u0219i nevoi. Fie c\u0103 sunte\u021bi \u00een c\u0103utarea unui loc \u00een care s\u0103 discuta\u021bi evenimente curente, s\u0103 v\u0103 \u00eemp\u0103rt\u0103\u0219i\u021bi cele mai recente hobby-uri sau s\u0103 cere\u021bi sfaturi cu privire la probleme personale, diversele camere de chat CleefChat ofer\u0103 un spa\u021biu pentru toate acestea. Este deosebit de benefic pentru cei care doresc s\u0103 interac\u021bioneze cu un public vorbitor de limb\u0103 german\u0103, fie pentru practicarea limbii, schimburi culturale sau socializare cu localnicii.<\/p>\n<h2>Ce caracteristici ofer\u0103 CleefChat?<\/h2>\n<p>CleefChat iese \u00een eviden\u021b\u0103 datorit\u0103 setului s\u0103u bogat de caracteristici, conceput pentru a \u00eembun\u0103t\u0103\u021bi experien\u021ba utilizatorului. Principalele caracteristici includ:<\/p>\n<ul>\n<li><strong>Diverse Chatrooms<\/strong>: Cu o varietate de subiecte, utilizatorii pot g\u0103si sau crea camere de chat care corespund intereselor lor.<\/li>\n<li><strong>Mesagerie privat\u0103<\/strong>: Pentru cei care doresc conversa\u021bii mai intime, func\u021bia de mesagerie privat\u0103 este nepre\u021buit\u0103.<\/li>\n<li><strong>Profiluri de utilizator<\/strong>: \u00cen timp ce anonimatul este o op\u021biune, utilizatorii pot crea, de asemenea, profiluri pentru a \u00eemp\u0103rt\u0103\u0219i mai multe despre ei \u00een\u0219i\u0219i.<\/li>\n<li><strong>Instrumente de moderare<\/strong>: Pentru a asigura un mediu sigur \u0219i primitor, CleefChat ofer\u0103 instrumente de moderare, men\u021bin\u00e2nd platforma liber\u0103 de con\u021binut neadecvat.<\/li>\n<\/ul>\n<h2>Ce sunt CleefChat Alternatives?<\/h2>\n<p>\u00cen timp ce CleefChat ofer\u0103 o platform\u0103 robust\u0103 pentru chat-uri online, exist\u0103 mai multe alternative pentru cei care caut\u0103 experien\u021be diferite sau caracteristici suplimentare. Printre alternativele populare se num\u0103r\u0103 Discord, pentru comunitatea sa \u0219i camerele de chat axate pe jocuri; Slack, care se adreseaz\u0103 comunic\u0103rii profesionale \u0219i de echip\u0103; \u0219i WhatsApp, cunoscut pentru utilizarea sa pe scar\u0103 larg\u0103 \u0219i pentru mesageria criptat\u0103 de la un cap\u0103t la altul. Fiecare platform\u0103 are punctele sale forte unice, dar CleefChat r\u0103m\u00e2ne o alegere preferat\u0103 pentru cei care apreciaz\u0103 simplitatea, comunitatea \u0219i concentrarea pe utilizatorii vorbitori de limb\u0103 german\u0103.<\/p>\n<h2>Concluzie<\/h2>\n<p>CleefChat s-a impus ca o platform\u0103 de chat de top \u00een Germania, oferind un amestec de simplitate, diversitate \u0219i conectivitate. Angajamentul s\u0103u de a oferi un mediu gratuit, accesibil \u0219i bogat \u00een caracteristici \u00eel face o alegere remarcabil\u0103 pentru comunicarea online. Fie c\u0103 dori\u021bi s\u0103 participa\u021bi la discu\u021bii animate, s\u0103 v\u0103 face\u021bi prieteni noi sau s\u0103 explora\u021bi cultura german\u0103, CleefChat ofer\u0103 platforma perfect\u0103 pentru a v\u0103 \u00eembog\u0103\u021bi experien\u021ba social\u0103 online. Pe m\u0103sur\u0103 ce continu\u0103m s\u0103 navig\u0103m \u00een lumea digital\u0103, platforme precum CleefChat ne reamintesc de puterea comunit\u0103\u021bii \u0219i de posibilit\u0103\u021bile nelimitate ale interac\u021biunii online.<\/p>\n<h2>\u00centreb\u0103ri frecvente<\/h2>\n<h3>CleefChat este disponibil \u00een \u00eentreaga lume?<\/h3>\n<p>Da, CleefChat este accesibil \u00een \u00eentreaga lume, oferind utilizatorilor o platform\u0103 global\u0103 pentru a se conecta. De\u0219i se adreseaz\u0103 \u00een primul r\u00e2nd unui public vorbitor de limb\u0103 german\u0103, mediul s\u0103u incluziv prime\u0219te persoane din toate col\u021burile lumii.<\/p>\n<h3>Trebuie s\u0103 m\u0103 \u00eenregistrez pentru a utiliza CleefChat?<\/h3>\n<p>Nu, una dintre caracteristicile excelente ale CleefChat este c\u0103 nu este necesar\u0103 \u00eenregistrarea pentru a v\u0103 al\u0103tura camerelor de chat \u0219i a participa la discu\u021bii. Utilizatorii au op\u021biunea de a <a href=\"https:\/\/strangercam.com\/ro\/chatroulette\/\">chat<\/a> anonim sau s\u0103 aleag\u0103 o porecl\u0103 pentru sesiunea lor.<\/p>\n<h3>Pot s\u0103-mi creez propria sal\u0103 de chat pe CleefChat?<\/h3>\n<p>Da, CleefChat permite utilizatorilor s\u0103 \u00ee\u0219i creeze propriile camere de chat. Aceast\u0103 caracteristic\u0103 le permite utilizatorilor s\u0103 \u00ee\u0219i adapteze subiectele din camera de chat, facilit\u00e2nd reunirea persoanelor care \u00eemp\u0103rt\u0103\u0219esc acelea\u0219i idei pentru discu\u021bii sau interese specifice.<\/p>\n<h3>Cum asigur\u0103 CleefChat siguran\u021ba \u0219i confiden\u021bialitatea utilizatorilor?<\/h3>\n<p>CleefChat ia \u00een serios siguran\u021ba \u0219i confiden\u021bialitatea utilizatorilor. Acesta implementeaz\u0103 diverse instrumente \u0219i politici de moderare pentru a monitoriza activit\u0103\u021bile din camerele de chat \u0219i pentru a elimina con\u021binutul inadecvat. \u00cen plus, op\u021biunea de acces anonim <a href=\"https:\/\/strangercam.com\/ro\/chatingly\/\">chat<\/a> ajut\u0103 la protejarea confiden\u021bialit\u0103\u021bii utilizatorilor.<\/p>\n<h3>Exist\u0103 restric\u021bii de v\u00e2rst\u0103 pentru utilizarea CleefChat?<\/h3>\n<p>CleefChat este conceput pentru a fi o platform\u0103 sigur\u0103 \u0219i primitoare pentru un public larg. Cu toate acestea, se recomand\u0103 \u00een general ca utilizatorii sub v\u00e2rsta de 13 ani s\u0103 ob\u021bin\u0103 permisiunea p\u0103rin\u021bilor \u00eenainte de a utiliza site-ul, \u00een conformitate cu orient\u0103rile generale privind siguran\u021ba pe internet.<\/p>\n<h3>Cum pot raporta un comportament inadecvat pe CleefChat?<\/h3>\n<p>CleefChat pune la dispozi\u021bia utilizatorilor instrumente de raportare a comportamentelor sau con\u021binuturilor inadecvate direct \u00een cadrul platformei. Aceast\u0103 caracteristic\u0103 contribuie la men\u021binerea unui mediu respectuos \u0219i sigur pentru to\u021bi utilizatorii.<\/p>\n<h3>Pot utiliza CleefChat pe dispozitivul meu mobil?<\/h3>\n<p>De\u0219i CleefChat este \u00een primul r\u00e2nd o platform\u0103 bazat\u0103 pe web, site-ul s\u0103u este optimizat pentru utilizarea mobil\u0103, permi\u021b\u00e2nd utilizatorilor s\u0103 acceseze camerele de chat \u0219i caracteristicile de pe smartphone-uri \u0219i tablete.<\/p>\n<h3>CleefChat accept\u0103 mai multe limbi?<\/h3>\n<p>CleefChat se concentreaz\u0103 \u00een primul r\u00e2nd pe comunitatea germanofon\u0103, dar platforma poate fi utilizat\u0103 de vorbitorii de alte limbi care doresc s\u0103 intre \u00een contact cu vorbitori de german\u0103 sau s\u0103 participe la chat-uri interna\u021bionale.<\/p>\n<h3>Ce face CleefChat diferit de alte site-uri de chat?<\/h3>\n<p>CleefChat se distinge prin accentul pus pe simplitate, comunitate \u0219i o experien\u021b\u0103 u\u0219or de utilizat. Dedica\u021bia sa de a promova un mediu sigur \u0219i captivant pentru utilizatorii vorbitori de limb\u0103 german\u0103 \u0219i nu numai, \u00eel diferen\u021biaz\u0103 de alte platforme.<\/p>\n<h3>Pot g\u0103si asisten\u021b\u0103 dac\u0103 am probleme tehnice pe CleefChat?<\/h3>\n<p>Da, CleefChat ofer\u0103 asisten\u021b\u0103 pentru utilizatorii care se confrunt\u0103 cu probleme tehnice. Asisten\u021ba poate fi solicitat\u0103 de obicei prin sec\u021biunea de ajutor a site-ului, unde utilizatorii pot g\u0103si \u00eentreb\u0103ri frecvente \u0219i informa\u021bii de contact pentru ajutor suplimentar.<\/p>","protected":false},"excerpt":{"rendered":"<p>In today&#8217;s digital era, finding a reliable and engaging platform for online communication is paramount. That&#8217;s where CleefChat, a German chatroom website, comes into play. Our exploration into CleefChat has revealed a platform that not only meets the modern demands of digital interaction but also adds a unique touch to the chatroom experience. From its [&hellip;]<\/p>\n","protected":false},"author":6,"featured_media":559,"parent":0,"menu_order":0,"comment_status":"closed","ping_status":"closed","template":"","meta":{"footnotes":""},"class_list":["post-12341","page","type-page","status-publish","has-post-thumbnail","hentry"],"yoast_head":"<!-- This site is optimized with the Yoast SEO plugin v27.4 - https:\/\/yoast.com\/product\/yoast-seo-wordpress\/ -->\n<title>CleefChat - Chat without Registering - StrangerCam<\/title>\n<meta name=\"description\" content=\"Like CleefChat? Join our 100% anonymous chatroom site with girls and strangers on StrangerCam for Free with CleefChat!\" \/>\n<meta name=\"robots\" content=\"index, follow, max-snippet:-1, max-image-preview:large, max-video-preview:-1\" \/>\n<link rel=\"canonical\" href=\"https:\/\/strangercam.com\/ro\/cleefchat\/\" \/>\n<meta property=\"og:locale\" content=\"ro_RO\" \/>\n<meta property=\"og:type\" content=\"article\" \/>\n<meta property=\"og:title\" content=\"CleefChat - Chat without Registering - StrangerCam\" \/>\n<meta property=\"og:description\" content=\"Like CleefChat? Join our 100% anonymous chatroom site with girls and strangers on StrangerCam for Free with CleefChat!\" \/>\n<meta property=\"og:url\" content=\"https:\/\/strangercam.com\/ro\/cleefchat\/\" \/>\n<meta property=\"og:site_name\" content=\"Strangercam\" \/>\n<meta property=\"article:publisher\" content=\"https:\/\/www.facebook.com\/strangercam\" \/>\n<meta property=\"article:modified_time\" content=\"2024-02-07T10:50:49+00:00\" \/>\n<meta property=\"og:image\" content=\"https:\/\/strangercam.com\/wp-content\/uploads\/2020\/11\/stranger-cam-1.png\" \/>\n\t<meta property=\"og:image:width\" content=\"800\" \/>\n\t<meta property=\"og:image:height\" content=\"800\" \/>\n\t<meta property=\"og:image:type\" content=\"image\/png\" \/>\n<meta name=\"twitter:card\" content=\"summary_large_image\" \/>\n<meta name=\"twitter:site\" content=\"@strangercamapp\" \/>\n<meta name=\"twitter:label1\" content=\"Timp estimat pentru citire\" \/>\n\t<meta name=\"twitter:data1\" content=\"5 minute\" \/>\n<script type=\"application\/ld+json\" class=\"yoast-schema-graph\">{\"@context\":\"https:\\\/\\\/schema.org\",\"@graph\":[{\"@type\":\"WebPage\",\"@id\":\"https:\\\/\\\/strangercam.com\\\/cleefchat\\\/\",\"url\":\"https:\\\/\\\/strangercam.com\\\/cleefchat\\\/\",\"name\":\"CleefChat - Chat without Registering - StrangerCam\",\"isPartOf\":{\"@id\":\"https:\\\/\\\/strangercam.com\\\/#website\"},\"primaryImageOfPage\":{\"@id\":\"https:\\\/\\\/strangercam.com\\\/cleefchat\\\/#primaryimage\"},\"image\":{\"@id\":\"https:\\\/\\\/strangercam.com\\\/cleefchat\\\/#primaryimage\"},\"thumbnailUrl\":\"https:\\\/\\\/strangercam.com\\\/wp-content\\\/uploads\\\/2020\\\/11\\\/stranger-cam-1.png\",\"datePublished\":\"2024-02-07T10:40:26+00:00\",\"dateModified\":\"2024-02-07T10:50:49+00:00\",\"description\":\"Like CleefChat? Join our 100% anonymous chatroom site with girls and strangers on StrangerCam for Free with CleefChat!\",\"breadcrumb\":{\"@id\":\"https:\\\/\\\/strangercam.com\\\/cleefchat\\\/#breadcrumb\"},\"inLanguage\":\"ro-RO\",\"potentialAction\":[{\"@type\":\"ReadAction\",\"target\":[\"https:\\\/\\\/strangercam.com\\\/cleefchat\\\/\"]}]},{\"@type\":\"ImageObject\",\"inLanguage\":\"ro-RO\",\"@id\":\"https:\\\/\\\/strangercam.com\\\/cleefchat\\\/#primaryimage\",\"url\":\"https:\\\/\\\/strangercam.com\\\/wp-content\\\/uploads\\\/2020\\\/11\\\/stranger-cam-1.png\",\"contentUrl\":\"https:\\\/\\\/strangercam.com\\\/wp-content\\\/uploads\\\/2020\\\/11\\\/stranger-cam-1.png\",\"width\":800,\"height\":800,\"caption\":\"stranger cam random video chat\"},{\"@type\":\"BreadcrumbList\",\"@id\":\"https:\\\/\\\/strangercam.com\\\/cleefchat\\\/#breadcrumb\",\"itemListElement\":[{\"@type\":\"ListItem\",\"position\":1,\"name\":\"Home\",\"item\":\"https:\\\/\\\/strangercam.com\\\/\"},{\"@type\":\"ListItem\",\"position\":2,\"name\":\"CleefChat\"}]},{\"@type\":\"WebSite\",\"@id\":\"https:\\\/\\\/strangercam.com\\\/#website\",\"url\":\"https:\\\/\\\/strangercam.com\\\/\",\"name\":\"Strangercam\",\"description\":\"Random Video Chat with Strangers\",\"publisher\":{\"@id\":\"https:\\\/\\\/strangercam.com\\\/#organization\"},\"alternateName\":\"Strangercam.com\",\"potentialAction\":[{\"@type\":\"SearchAction\",\"target\":{\"@type\":\"EntryPoint\",\"urlTemplate\":\"https:\\\/\\\/strangercam.com\\\/?s={search_term_string}\"},\"query-input\":{\"@type\":\"PropertyValueSpecification\",\"valueRequired\":true,\"valueName\":\"search_term_string\"}}],\"inLanguage\":\"ro-RO\"},{\"@type\":\"Organization\",\"@id\":\"https:\\\/\\\/strangercam.com\\\/#organization\",\"name\":\"Strangercam\",\"alternateName\":\"Strangercam.com\",\"url\":\"https:\\\/\\\/strangercam.com\\\/\",\"logo\":{\"@type\":\"ImageObject\",\"inLanguage\":\"ro-RO\",\"@id\":\"https:\\\/\\\/strangercam.com\\\/#\\\/schema\\\/logo\\\/image\\\/\",\"url\":\"https:\\\/\\\/strangercam.com\\\/wp-content\\\/uploads\\\/2020\\\/11\\\/cropped-new-favicon-black.png\",\"contentUrl\":\"https:\\\/\\\/strangercam.com\\\/wp-content\\\/uploads\\\/2020\\\/11\\\/cropped-new-favicon-black.png\",\"width\":512,\"height\":512,\"caption\":\"Strangercam\"},\"image\":{\"@id\":\"https:\\\/\\\/strangercam.com\\\/#\\\/schema\\\/logo\\\/image\\\/\"},\"sameAs\":[\"https:\\\/\\\/www.facebook.com\\\/strangercam\",\"https:\\\/\\\/x.com\\\/strangercamapp\"]}]}<\/script>\n<!-- \/ Yoast SEO plugin. -->","yoast_head_json":{"title":"CleefChat - Chat f\u0103r\u0103 \u00eenregistrare - StrangerCam","description":"\u00ce\u021bi place CleefChat? Al\u0103tura\u021bi-v\u0103 site-ului nostru de chat anonim 100% cu fete \u0219i str\u0103ini pe StrangerCam gratuit cu CleefChat!","robots":{"index":"index","follow":"follow","max-snippet":"max-snippet:-1","max-image-preview":"max-image-preview:large","max-video-preview":"max-video-preview:-1"},"canonical":"https:\/\/strangercam.com\/ro\/cleefchat\/","og_locale":"ro_RO","og_type":"article","og_title":"CleefChat - Chat without Registering - StrangerCam","og_description":"Like CleefChat? Join our 100% anonymous chatroom site with girls and strangers on StrangerCam for Free with CleefChat!","og_url":"https:\/\/strangercam.com\/ro\/cleefchat\/","og_site_name":"Strangercam","article_publisher":"https:\/\/www.facebook.com\/strangercam","article_modified_time":"2024-02-07T10:50:49+00:00","og_image":[{"width":800,"height":800,"url":"https:\/\/strangercam.com\/wp-content\/uploads\/2020\/11\/stranger-cam-1.png","type":"image\/png"}],"twitter_card":"summary_large_image","twitter_site":"@strangercamapp","twitter_misc":{"Timp estimat pentru citire":"5 minute"},"schema":{"@context":"https:\/\/schema.org","@graph":[{"@type":"WebPage","@id":"https:\/\/strangercam.com\/cleefchat\/","url":"https:\/\/strangercam.com\/cleefchat\/","name":"CleefChat - Chat f\u0103r\u0103 \u00eenregistrare - StrangerCam","isPartOf":{"@id":"https:\/\/strangercam.com\/#website"},"primaryImageOfPage":{"@id":"https:\/\/strangercam.com\/cleefchat\/#primaryimage"},"image":{"@id":"https:\/\/strangercam.com\/cleefchat\/#primaryimage"},"thumbnailUrl":"https:\/\/strangercam.com\/wp-content\/uploads\/2020\/11\/stranger-cam-1.png","datePublished":"2024-02-07T10:40:26+00:00","dateModified":"2024-02-07T10:50:49+00:00","description":"\u00ce\u021bi place CleefChat? Al\u0103tura\u021bi-v\u0103 site-ului nostru de chat anonim 100% cu fete \u0219i str\u0103ini pe StrangerCam gratuit cu CleefChat!","breadcrumb":{"@id":"https:\/\/strangercam.com\/cleefchat\/#breadcrumb"},"inLanguage":"ro-RO","potentialAction":[{"@type":"ReadAction","target":["https:\/\/strangercam.com\/cleefchat\/"]}]},{"@type":"ImageObject","inLanguage":"ro-RO","@id":"https:\/\/strangercam.com\/cleefchat\/#primaryimage","url":"https:\/\/strangercam.com\/wp-content\/uploads\/2020\/11\/stranger-cam-1.png","contentUrl":"https:\/\/strangercam.com\/wp-content\/uploads\/2020\/11\/stranger-cam-1.png","width":800,"height":800,"caption":"stranger cam random video chat"},{"@type":"BreadcrumbList","@id":"https:\/\/strangercam.com\/cleefchat\/#breadcrumb","itemListElement":[{"@type":"ListItem","position":1,"name":"Home","item":"https:\/\/strangercam.com\/"},{"@type":"ListItem","position":2,"name":"CleefChat"}]},{"@type":"WebSite","@id":"https:\/\/strangercam.com\/#website","url":"https:\/\/strangercam.com\/","name":"Strangercam","description":"Chat video aleatoriu cu str\u0103ini","publisher":{"@id":"https:\/\/strangercam.com\/#organization"},"alternateName":"Strangercam.com","potentialAction":[{"@type":"SearchAction","target":{"@type":"EntryPoint","urlTemplate":"https:\/\/strangercam.com\/?s={search_term_string}"},"query-input":{"@type":"PropertyValueSpecification","valueRequired":true,"valueName":"search_term_string"}}],"inLanguage":"ro-RO"},{"@type":"Organization","@id":"https:\/\/strangercam.com\/#organization","name":"Strangercam","alternateName":"Strangercam.com","url":"https:\/\/strangercam.com\/","logo":{"@type":"ImageObject","inLanguage":"ro-RO","@id":"https:\/\/strangercam.com\/#\/schema\/logo\/image\/","url":"https:\/\/strangercam.com\/wp-content\/uploads\/2020\/11\/cropped-new-favicon-black.png","contentUrl":"https:\/\/strangercam.com\/wp-content\/uploads\/2020\/11\/cropped-new-favicon-black.png","width":512,"height":512,"caption":"Strangercam"},"image":{"@id":"https:\/\/strangercam.com\/#\/schema\/logo\/image\/"},"sameAs":["https:\/\/www.facebook.com\/strangercam","https:\/\/x.com\/strangercamapp"]}]}},"_links":{"self":[{"href":"https:\/\/strangercam.com\/ro\/wp-json\/wp\/v2\/pages\/12341","targetHints":{"allow":["GET"]}}],"collection":[{"href":"https:\/\/strangercam.com\/ro\/wp-json\/wp\/v2\/pages"}],"about":[{"href":"https:\/\/strangercam.com\/ro\/wp-json\/wp\/v2\/types\/page"}],"author":[{"embeddable":true,"href":"https:\/\/strangercam.com\/ro\/wp-json\/wp\/v2\/users\/6"}],"replies":[{"embeddable":true,"href":"https:\/\/strangercam.com\/ro\/wp-json\/wp\/v2\/comments?post=12341"}],"version-history":[{"count":0,"href":"https:\/\/strangercam.com\/ro\/wp-json\/wp\/v2\/pages\/12341\/revisions"}],"wp:featuredmedia":[{"embeddable":true,"href":"https:\/\/strangercam.com\/ro\/wp-json\/wp\/v2\/media\/559"}],"wp:attachment":[{"href":"https:\/\/strangercam.com\/ro\/wp-json\/wp\/v2\/media?parent=12341"}],"curies":[{"name":"wp","href":"https:\/\/api.w.org\/{rel}","templated":true}]}}