{"id":12254,"date":"2025-09-29T10:09:11","date_gmt":"2025-09-29T08:09:11","guid":{"rendered":"https:\/\/strangercam.com\/?page_id=12254"},"modified":"2025-09-29T12:07:57","modified_gmt":"2025-09-29T10:07:57","slug":"apel-video-american-aleatoriu","status":"publish","type":"page","link":"https:\/\/strangercam.com\/ro\/american-random-video-call\/","title":{"rendered":"Apel video american aleatoriu"},"content":{"rendered":"<p>C\u0103uta\u021bi o platform\u0103 american\u0103 de apeluri video aleatorii? Sunte\u021bi \u00een locul potrivit. \u00cen 2025, mii de oameni caut\u0103 modalit\u0103\u021bi de a se conecta instantaneu cu persoane necunoscute din Statele Unite - fie pentru a-\u0219i face prieteni noi, pentru a purta conversa\u021bii ocazionale sau pur \u0219i simplu pentru a explora cultura american\u0103 online. Spre deosebire de aplica\u021biile tradi\u021bionale de \u00eent\u00e2lniri sau de re\u021belele sociale, platformele de apeluri video aleatorii v\u0103 permit s\u0103 \u00eent\u00e2lni\u021bi persoane reale fa\u021b\u0103 \u00een fa\u021b\u0103 \u00een doar c\u00e2teva secunde.<\/p>\n<p>Cu servicii precum StrangerCam, v\u0103 pute\u021bi al\u0103tura unui apel video american aleatoriu chiar acum. F\u0103r\u0103 \u00eenscriere, f\u0103r\u0103 taxe, f\u0103r\u0103 a\u0219teptare - doar conversa\u021bii video instantanee cu persoane din SUA \u0219i nu numai.<\/p>\n<p>Acest ghid va explica tot ce trebuie s\u0103 \u0219ti\u021bi: ce sunt apelurile video aleatorii americane, de ce sunt populare, cum func\u021bioneaz\u0103, ce caracteristici trebuie s\u0103 c\u0103uta\u021bi, o compara\u021bie a platformelor de top, sfaturi de siguran\u021b\u0103 \u0219i de ce StrangerCam este una dintre cele mai bune alegeri din prezent.<\/p>\n<h2>Ce este un apel video american aleatoriu?<\/h2>\n<p>Un apel video aleatoriu american este un apel video online unu-la-unu <a href=\"https:\/\/strangercam.com\/ro\/chathub\/\">chat<\/a> care v\u0103 pune \u00een leg\u0103tur\u0103 cu persoane necunoscute din Statele Unite. Experien\u021ba este simpl\u0103:<\/p>\n<ul>\n<li>Face\u021bi clic pe un buton.<\/li>\n<li>E\u0219ti pus instantaneu \u00een leg\u0103tur\u0103 cu o persoan\u0103 nou\u0103 din SUA.<\/li>\n<li>Pute\u021bi vorbi fa\u021b\u0103 \u00een fa\u021b\u0103 folosind camera web \u0219i microfonul.<\/li>\n<li>Nu v\u0103 place potrivirea? Face\u021bi clic pe Urm\u0103torul pentru a trece mai departe.<\/li>\n<\/ul>\n<p>Spre deosebire de aplica\u021biile de \u00eent\u00e2lniri, nu exist\u0103 a\u0219teptare pentru potrivire sau scrierea unor biografii lungi. Este direct, distractiv \u0219i imprevizibil.<\/p>\n<h2>De ce iubesc oamenii apelurile video aleatorii americane<\/h2>\n<p>Atrac\u021bia conect\u0103rii cu str\u0103inii \u00een SUA este clar\u0103:<\/p>\n<ul>\n<li>Curiozitate cultural\u0103: Face\u021bi cuno\u0219tin\u021b\u0103 cu americani din state, medii \u0219i stiluri de via\u021b\u0103 diferite.<\/li>\n<li>Practica\u021bi limba englez\u0103: Mul\u021bi utilizatori interna\u021bionali folosesc apelurile video aleatorii americane pentru a-\u0219i \u00eembun\u0103t\u0103\u021bi competen\u021bele lingvistice.<\/li>\n<li>Prietenie \u0219i flirt: Fie c\u0103 dori\u021bi o conversa\u021bie ocazional\u0103 sau un flirt juc\u0103u\u0219, chat-ul aleatoriu este perfect.<\/li>\n<li>Spontaneitate: Fiecare apel este diferit - nu \u0219tii niciodat\u0103 cu cine te vei \u00eent\u00e2lni data viitoare.<\/li>\n<li>Accesibilitate: Este gratuit, instantaneu \u0219i nu necesit\u0103 \u00eenscriere.<\/li>\n<\/ul>\n<h2>Cum func\u021bioneaz\u0103 American Random Video Call?<\/h2>\n<p>Este nevoie doar de c\u00e2\u021biva pa\u0219i:<\/p>\n<ol>\n<li>Deschide\u021bi platforma (cum ar fi StrangerCam).<\/li>\n<li>Permite\u021bi accesul la camer\u0103 \u0219i microfon.<\/li>\n<li>Face\u021bi clic pe \"\u00cencepe\u021bi apelul video\".<\/li>\n<li>\u00cemperecheaz\u0103-te instantaneu cu un str\u0103in din America.<\/li>\n<li>Face\u021bi clic pe \"Urm\u0103torul\" oric\u00e2nd pentru a cunoa\u0219te pe cineva nou.<\/li>\n<\/ol>\n<p>Asta este - rapid, u\u0219or \u0219i \u00eentotdeauna gratuit.<\/p>\n<h2>Caracteristici de c\u0103utat la o platform\u0103 american\u0103 de apeluri video aleatorii<\/h2>\n<p>Nu toate platformele ofer\u0103 aceea\u0219i experien\u021b\u0103. Iat\u0103 ce conteaz\u0103 cel mai mult:<\/p>\n<ul>\n<li>Filtre de loca\u021bie: Abilitatea de a se potrivi \u00een mod specific cu utilizatorii din SUA.<\/li>\n<li>Acces gratuit: Utilizare nelimitat\u0103 f\u0103r\u0103 ziduri de plat\u0103 ascunse.<\/li>\n<li>F\u0103r\u0103 \u00eenscriere: Chat instant f\u0103r\u0103 conturi.<\/li>\n<li>Mobile Friendly: Func\u021bioneaz\u0103 f\u0103r\u0103 probleme pe iOS \u0219i Android.<\/li>\n<li>Moderare sigur\u0103: Protec\u021bie \u00eempotriva robo\u021bilor \u0219i a con\u021binutului inadecvat.<\/li>\n<li>Calitate video: Video \u0219i sunet clare pentru conexiuni reale.<\/li>\n<\/ul>\n<h2>Cele mai bune platforme americane de apeluri video aleatorii \u00een 2025<\/h2>\n<p>Iat\u0103 cum se compar\u0103 cele mai populare servicii de ast\u0103zi:<\/p>\n<table>\n<thead>\n<tr>\n<th>Platform\u0103<\/th>\n<th align=\"center\">Acces gratuit<\/th>\n<th align=\"center\">SUA Loca\u021bie Filtru<\/th>\n<th align=\"center\">\u00cenregistrare necesar\u0103<\/th>\n<th align=\"center\">Asisten\u021b\u0103 mobil\u0103<\/th>\n<th align=\"center\">Modera\u021bie<\/th>\n<th>Note<\/th>\n<\/tr>\n<\/thead>\n<tbody>\n<tr>\n<td>StrangerCam<\/td>\n<td align=\"center\">\u2705<\/td>\n<td align=\"center\">\u2705 (Gratuit)<\/td>\n<td align=\"center\">\u274c<\/td>\n<td align=\"center\">\u2705<\/td>\n<td align=\"center\">\u2705<\/td>\n<td>Cel mai bun \u00een general: gratuit, axat pe SUA<\/td>\n<\/tr>\n<tr>\n<td><a href=\"https:\/\/strangercam.com\/ro\/chatroulette\/\">Chatroulette<\/a><\/td>\n<td align=\"center\">\u2705<\/td>\n<td align=\"center\">\u274c<\/td>\n<td align=\"center\">\u274c<\/td>\n<td align=\"center\">\u2705<\/td>\n<td align=\"center\">\u2705<\/td>\n<td>Clasic, doar aleatoriu<\/td>\n<\/tr>\n<tr>\n<td>Chatrandom<\/td>\n<td align=\"center\">\u2705<\/td>\n<td align=\"center\">\u2705 (pl\u0103tit)<\/td>\n<td align=\"center\">\u274c<\/td>\n<td align=\"center\">\u2705<\/td>\n<td align=\"center\">\u2705<\/td>\n<td>Popular, dar costul actualiz\u0103rilor<\/td>\n<\/tr>\n<tr>\n<td><a href=\"https:\/\/strangercam.com\/ro\/ometv\/\">OmeTV<\/a><\/td>\n<td align=\"center\">\u2705<\/td>\n<td align=\"center\">\u274c<\/td>\n<td align=\"center\">\u274c<\/td>\n<td align=\"center\">\u2705<\/td>\n<td align=\"center\">\u2705<\/td>\n<td>Bazat pe aplica\u021bii, focus global<\/td>\n<\/tr>\n<tr>\n<td>Shagle<\/td>\n<td align=\"center\">\u2705<\/td>\n<td align=\"center\">\u2705 (pl\u0103tit)<\/td>\n<td align=\"center\">\u274c<\/td>\n<td align=\"center\">\u2705<\/td>\n<td align=\"center\">\u2705<\/td>\n<td>Func\u021bii premium blocate<\/td>\n<\/tr>\n<tr>\n<td><a href=\"https:\/\/strangercam.com\/ro\/coomeet\/\">CooMeet<\/a><\/td>\n<td align=\"center\">\u274c (Trial)<\/td>\n<td align=\"center\">\u2705<\/td>\n<td align=\"center\">\u2705<\/td>\n<td align=\"center\">\u2705<\/td>\n<td align=\"center\">\u2705<\/td>\n<td>Pl\u0103tit, axat pe \u00eent\u00e2lnirea b\u0103rba\u021bilor cu femeile<\/td>\n<\/tr>\n<\/tbody>\n<\/table>\n<p>StrangerCam este una dintre singurele platforme care ofer\u0103 apeluri video aleatorii gratuite, \u00een special cu americani - f\u0103r\u0103 \u00eenregistrare \u0219i utilizare nelimitat\u0103.<\/p>\n<h2>De ce StrangerCam este cea mai bun\u0103 alegere<\/h2>\n<p>Iat\u0103 de ce StrangerCam este perfect pentru oricine caut\u0103 \"American random video call\":<\/p>\n<ul>\n<li>Complet gratuit \u0219i nelimitat - F\u0103r\u0103 teste sau sisteme de credit.<\/li>\n<li>USA Location Matching - Face\u021bi cuno\u0219tin\u021b\u0103 cu persoane reale din Statele Unite.<\/li>\n<li>Nu este nevoie de \u00eenscriere - R\u0103m\u00e2ne\u021bi anonim \u0219i \u00eencepe\u021bi imediat.<\/li>\n<li>Siguran\u021b\u0103 \u0219i moderare - Siguran\u021b\u0103 mai puternic\u0103 dec\u00e2t vechile platforme de tip Omegle.<\/li>\n<li>Gata pentru mobil \u0219i desktop - Func\u021bioneaz\u0103 oriunde \u0219i oric\u00e2nd.<\/li>\n<li>Baz\u0103 diversificat\u0103 de utilizatori - Face\u021bi cuno\u0219tin\u021b\u0103 cu americani de pe tot cuprinsul \u021b\u0103rii.<\/li>\n<\/ul>\n<h2>Testimoniale reale ale utilizatorilor<\/h2>\n<blockquote><p>\"Am vrut s\u0103-mi exersez engleza \u0219i am c\u0103utat apeluri video americane aleatorii. StrangerCam m-a conectat cu oameni din New York \u0219i California \u00een c\u00e2teva minute.\"<br \/>\n- Daniel, 24 (Spania)<\/p><\/blockquote>\n<blockquote><p>\"Este at\u00e2t de distractiv s\u0103 \u00eent\u00e2lne\u0219ti americani la \u00eent\u00e2mplare - uneori este ocazional, alteori flirt, \u00eentotdeauna interesant.\"<br \/>\n- Sophia, 21 de ani (Canada)<\/p><\/blockquote>\n<blockquote><p>\"Spre deosebire de alte site-uri, acesta este cu adev\u0103rat gratuit. F\u0103r\u0103 \u00eenscriere, f\u0103r\u0103 trucuri.\"<br \/>\n- Ryan, 29 (SUA)<\/p><\/blockquote>\n<blockquote><p>\"Am avut deja conversa\u021bii interesante cu oameni din Texas, Florida \u0219i Chicago. M\u0103 simt real\u0103 \u0219i \u00een siguran\u021b\u0103.\"<br \/>\n- Leah, 20 de ani (Germania)<\/p><\/blockquote>\n<h2>Sfaturi de siguran\u021b\u0103 pentru apelurile video aleatorii americane<\/h2>\n<p>De\u0219i este distractiv s\u0103 discu\u021bi cu str\u0103ini \u00een SUA, trebuie s\u0103 fii \u00eentotdeauna \u00een siguran\u021b\u0103:<\/p>\n<ul>\n<li>Nu \u00eemp\u0103rt\u0103\u0219i\u021bi niciodat\u0103 informa\u021bii personale (telefon, adres\u0103, locul de munc\u0103).<\/li>\n<li>Evita\u021bi linkurile suspecte \u00een timpul conversa\u021biilor.<\/li>\n<li>Folosi\u021bi Skip\/Block dac\u0103 cineva v\u0103 face s\u0103 v\u0103 sim\u021bi\u021bi inconfortabil.<\/li>\n<li>Verifica\u021bi fundalul \u00eenainte de a porni camera web.<\/li>\n<li>Folosi\u021bi o porecl\u0103 \u00een locul numelui dvs. real.<\/li>\n<li>Respecta\u021bi regulile de v\u00e2rst\u0103 ale platformei - dac\u0103 ave\u021bi sub 18 ani, nu folosi\u021bi chat-ul pentru adul\u021bi.<\/li>\n<\/ul>\n<h2>Cum s\u0103 \u00eencepe\u021bi - pas cu pas<\/h2>\n<p>Iat\u0103 cum s\u0103 \u00eencepe\u021bi primul dvs. apel video american aleatoriu:<\/p>\n<ol>\n<li>Deschide\u021bi StrangerCam \u00een browserul dvs. sau pe telefonul mobil.<\/li>\n<li>Permite\u021bi accesul la camer\u0103 \u0219i microfon.<\/li>\n<li>Alege\u021bi filtrul SUA (dac\u0103 este disponibil).<\/li>\n<li>Face\u021bi clic pe Start Chat.<\/li>\n<li>Face\u021bi cuno\u0219tin\u021b\u0103 instantaneu cu un str\u0103in american.<\/li>\n<li>Apas\u0103 Next oric\u00e2nd pentru a cunoa\u0219te pe cineva nou.<\/li>\n<\/ol>\n<p>\u00cen 2025, cererea de apeluri video americane aleatorii nu a fost niciodat\u0103 mai mare. Oamenii din \u00eentreaga lume sunt curio\u0219i s\u0103 ia leg\u0103tura cu americanii pentru prietenie, distrac\u021bie \u0219i schimburi culturale.<\/p>\n<p>Platforme precum StrangerCam faciliteaz\u0103 acest lucru: apeluri video gratuite, instantanee \u0219i sigure cu persoane reale din SUA. F\u0103r\u0103 \u00eenscriere, f\u0103r\u0103 taxe ascunse - doar conexiuni spontane cu americani, la un click de buton.<\/p>\n<p>Gata s\u0103 cuno\u0219ti pe cineva nou? \u00cencepe\u021bi ast\u0103zi apelul dvs. video American random \u0219i vede\u021bi cu cine v\u0103 ve\u021bi conecta \u00een continuare.<\/p>","protected":false},"excerpt":{"rendered":"<p>Looking for an American random video call platform? You\u2019re in the right place. In 2025, thousands of people search for ways to connect instantly with strangers in the United States\u2014whether to make new friends, enjoy casual conversations, or simply explore American culture online. Unlike traditional dating apps or social networks, random video call platforms let [&hellip;]<\/p>\n","protected":false},"author":8,"featured_media":0,"parent":0,"menu_order":0,"comment_status":"closed","ping_status":"closed","template":"","meta":{"footnotes":""},"class_list":["post-12254","page","type-page","status-publish","hentry"],"yoast_head":"<!-- This site is optimized with the Yoast SEO plugin v27.4 - https:\/\/yoast.com\/product\/yoast-seo-wordpress\/ -->\n<title>American Random Video Call with Video Chat on Strangercam.com<\/title>\n<meta name=\"description\" content=\"Liking American Random Video Call? Join millions on StrangerCam.com! Start a random video chat, turn on your cam, and meet strangers instantly.\" \/>\n<meta name=\"robots\" content=\"index, follow, max-snippet:-1, max-image-preview:large, max-video-preview:-1\" \/>\n<link rel=\"canonical\" href=\"https:\/\/strangercam.com\/ro\/apel-video-american-aleatoriu\/\" \/>\n<meta property=\"og:locale\" content=\"ro_RO\" \/>\n<meta property=\"og:type\" content=\"article\" \/>\n<meta property=\"og:title\" content=\"American Random Video Call with Video Chat on Strangercam.com\" \/>\n<meta property=\"og:description\" content=\"Liking American Random Video Call? Join millions on StrangerCam.com! Start a random video chat, turn on your cam, and meet strangers instantly.\" \/>\n<meta property=\"og:url\" content=\"https:\/\/strangercam.com\/ro\/apel-video-american-aleatoriu\/\" \/>\n<meta property=\"og:site_name\" content=\"Strangercam\" \/>\n<meta property=\"article:publisher\" content=\"https:\/\/www.facebook.com\/strangercam\" \/>\n<meta property=\"article:modified_time\" content=\"2025-09-29T10:07:57+00:00\" \/>\n<meta property=\"og:image\" content=\"https:\/\/strangercam.com\/wp-content\/uploads\/2021\/10\/Untitled-2.png\" \/>\n\t<meta property=\"og:image:width\" content=\"800\" \/>\n\t<meta property=\"og:image:height\" content=\"532\" \/>\n\t<meta property=\"og:image:type\" content=\"image\/png\" \/>\n<meta name=\"twitter:card\" content=\"summary_large_image\" \/>\n<meta name=\"twitter:site\" content=\"@strangercamapp\" \/>\n<meta name=\"twitter:label1\" content=\"Timp estimat pentru citire\" \/>\n\t<meta name=\"twitter:data1\" content=\"4 minute\" \/>\n<script type=\"application\/ld+json\" class=\"yoast-schema-graph\">{\"@context\":\"https:\\\/\\\/schema.org\",\"@graph\":[{\"@type\":\"WebPage\",\"@id\":\"https:\\\/\\\/strangercam.com\\\/american-random-video-call\\\/\",\"url\":\"https:\\\/\\\/strangercam.com\\\/american-random-video-call\\\/\",\"name\":\"American Random Video Call with Video Chat on Strangercam.com\",\"isPartOf\":{\"@id\":\"https:\\\/\\\/strangercam.com\\\/#website\"},\"datePublished\":\"2025-09-29T08:09:11+00:00\",\"dateModified\":\"2025-09-29T10:07:57+00:00\",\"description\":\"Liking American Random Video Call? Join millions on StrangerCam.com! Start a random video chat, turn on your cam, and meet strangers instantly.\",\"breadcrumb\":{\"@id\":\"https:\\\/\\\/strangercam.com\\\/american-random-video-call\\\/#breadcrumb\"},\"inLanguage\":\"ro-RO\",\"potentialAction\":[{\"@type\":\"ReadAction\",\"target\":[\"https:\\\/\\\/strangercam.com\\\/american-random-video-call\\\/\"]}]},{\"@type\":\"BreadcrumbList\",\"@id\":\"https:\\\/\\\/strangercam.com\\\/american-random-video-call\\\/#breadcrumb\",\"itemListElement\":[{\"@type\":\"ListItem\",\"position\":1,\"name\":\"Home\",\"item\":\"https:\\\/\\\/strangercam.com\\\/\"},{\"@type\":\"ListItem\",\"position\":2,\"name\":\"American Random Video Call\"}]},{\"@type\":\"WebSite\",\"@id\":\"https:\\\/\\\/strangercam.com\\\/#website\",\"url\":\"https:\\\/\\\/strangercam.com\\\/\",\"name\":\"Strangercam\",\"description\":\"Random Video Chat with Strangers\",\"publisher\":{\"@id\":\"https:\\\/\\\/strangercam.com\\\/#organization\"},\"alternateName\":\"Strangercam.com\",\"potentialAction\":[{\"@type\":\"SearchAction\",\"target\":{\"@type\":\"EntryPoint\",\"urlTemplate\":\"https:\\\/\\\/strangercam.com\\\/?s={search_term_string}\"},\"query-input\":{\"@type\":\"PropertyValueSpecification\",\"valueRequired\":true,\"valueName\":\"search_term_string\"}}],\"inLanguage\":\"ro-RO\"},{\"@type\":\"Organization\",\"@id\":\"https:\\\/\\\/strangercam.com\\\/#organization\",\"name\":\"Strangercam\",\"alternateName\":\"Strangercam.com\",\"url\":\"https:\\\/\\\/strangercam.com\\\/\",\"logo\":{\"@type\":\"ImageObject\",\"inLanguage\":\"ro-RO\",\"@id\":\"https:\\\/\\\/strangercam.com\\\/#\\\/schema\\\/logo\\\/image\\\/\",\"url\":\"https:\\\/\\\/strangercam.com\\\/wp-content\\\/uploads\\\/2020\\\/11\\\/cropped-new-favicon-black.png\",\"contentUrl\":\"https:\\\/\\\/strangercam.com\\\/wp-content\\\/uploads\\\/2020\\\/11\\\/cropped-new-favicon-black.png\",\"width\":512,\"height\":512,\"caption\":\"Strangercam\"},\"image\":{\"@id\":\"https:\\\/\\\/strangercam.com\\\/#\\\/schema\\\/logo\\\/image\\\/\"},\"sameAs\":[\"https:\\\/\\\/www.facebook.com\\\/strangercam\",\"https:\\\/\\\/x.com\\\/strangercamapp\"]}]}<\/script>\n<!-- \/ Yoast SEO plugin. -->","yoast_head_json":{"title":"American Random Video Call cu Video Chat pe Strangercam.com","description":"\u00ce\u021bi place American Random Video Call? Join milioane pe StrangerCam.com! \u00cencepe un chat video aleatoriu, porne\u0219te-\u021bi camera \u0219i \u00eent\u00e2lne\u0219te str\u0103ini instantaneu.","robots":{"index":"index","follow":"follow","max-snippet":"max-snippet:-1","max-image-preview":"max-image-preview:large","max-video-preview":"max-video-preview:-1"},"canonical":"https:\/\/strangercam.com\/ro\/apel-video-american-aleatoriu\/","og_locale":"ro_RO","og_type":"article","og_title":"American Random Video Call with Video Chat on Strangercam.com","og_description":"Liking American Random Video Call? Join millions on StrangerCam.com! Start a random video chat, turn on your cam, and meet strangers instantly.","og_url":"https:\/\/strangercam.com\/ro\/apel-video-american-aleatoriu\/","og_site_name":"Strangercam","article_publisher":"https:\/\/www.facebook.com\/strangercam","article_modified_time":"2025-09-29T10:07:57+00:00","og_image":[{"width":800,"height":532,"url":"https:\/\/strangercam.com\/wp-content\/uploads\/2021\/10\/Untitled-2.png","type":"image\/png"}],"twitter_card":"summary_large_image","twitter_site":"@strangercamapp","twitter_misc":{"Timp estimat pentru citire":"4 minute"},"schema":{"@context":"https:\/\/schema.org","@graph":[{"@type":"WebPage","@id":"https:\/\/strangercam.com\/american-random-video-call\/","url":"https:\/\/strangercam.com\/american-random-video-call\/","name":"American Random Video Call cu Video Chat pe Strangercam.com","isPartOf":{"@id":"https:\/\/strangercam.com\/#website"},"datePublished":"2025-09-29T08:09:11+00:00","dateModified":"2025-09-29T10:07:57+00:00","description":"\u00ce\u021bi place American Random Video Call? Join milioane pe StrangerCam.com! \u00cencepe un chat video aleatoriu, porne\u0219te-\u021bi camera \u0219i \u00eent\u00e2lne\u0219te str\u0103ini instantaneu.","breadcrumb":{"@id":"https:\/\/strangercam.com\/american-random-video-call\/#breadcrumb"},"inLanguage":"ro-RO","potentialAction":[{"@type":"ReadAction","target":["https:\/\/strangercam.com\/american-random-video-call\/"]}]},{"@type":"BreadcrumbList","@id":"https:\/\/strangercam.com\/american-random-video-call\/#breadcrumb","itemListElement":[{"@type":"ListItem","position":1,"name":"Home","item":"https:\/\/strangercam.com\/"},{"@type":"ListItem","position":2,"name":"American Random Video Call"}]},{"@type":"WebSite","@id":"https:\/\/strangercam.com\/#website","url":"https:\/\/strangercam.com\/","name":"Strangercam","description":"Chat video aleatoriu cu str\u0103ini","publisher":{"@id":"https:\/\/strangercam.com\/#organization"},"alternateName":"Strangercam.com","potentialAction":[{"@type":"SearchAction","target":{"@type":"EntryPoint","urlTemplate":"https:\/\/strangercam.com\/?s={search_term_string}"},"query-input":{"@type":"PropertyValueSpecification","valueRequired":true,"valueName":"search_term_string"}}],"inLanguage":"ro-RO"},{"@type":"Organization","@id":"https:\/\/strangercam.com\/#organization","name":"Strangercam","alternateName":"Strangercam.com","url":"https:\/\/strangercam.com\/","logo":{"@type":"ImageObject","inLanguage":"ro-RO","@id":"https:\/\/strangercam.com\/#\/schema\/logo\/image\/","url":"https:\/\/strangercam.com\/wp-content\/uploads\/2020\/11\/cropped-new-favicon-black.png","contentUrl":"https:\/\/strangercam.com\/wp-content\/uploads\/2020\/11\/cropped-new-favicon-black.png","width":512,"height":512,"caption":"Strangercam"},"image":{"@id":"https:\/\/strangercam.com\/#\/schema\/logo\/image\/"},"sameAs":["https:\/\/www.facebook.com\/strangercam","https:\/\/x.com\/strangercamapp"]}]}},"_links":{"self":[{"href":"https:\/\/strangercam.com\/ro\/wp-json\/wp\/v2\/pages\/12254","targetHints":{"allow":["GET"]}}],"collection":[{"href":"https:\/\/strangercam.com\/ro\/wp-json\/wp\/v2\/pages"}],"about":[{"href":"https:\/\/strangercam.com\/ro\/wp-json\/wp\/v2\/types\/page"}],"author":[{"embeddable":true,"href":"https:\/\/strangercam.com\/ro\/wp-json\/wp\/v2\/users\/8"}],"replies":[{"embeddable":true,"href":"https:\/\/strangercam.com\/ro\/wp-json\/wp\/v2\/comments?post=12254"}],"version-history":[{"count":2,"href":"https:\/\/strangercam.com\/ro\/wp-json\/wp\/v2\/pages\/12254\/revisions"}],"predecessor-version":[{"id":13051,"href":"https:\/\/strangercam.com\/ro\/wp-json\/wp\/v2\/pages\/12254\/revisions\/13051"}],"wp:attachment":[{"href":"https:\/\/strangercam.com\/ro\/wp-json\/wp\/v2\/media?parent=12254"}],"curies":[{"name":"wp","href":"https:\/\/api.w.org\/{rel}","templated":true}]}}