{"id":11954,"date":"2025-07-24T09:21:22","date_gmt":"2025-07-24T07:21:22","guid":{"rendered":"https:\/\/strangercam.com\/?page_id=11954"},"modified":"2025-07-24T09:26:04","modified_gmt":"2025-07-24T07:26:04","slug":"luckycrush","status":"publish","type":"page","link":"https:\/\/strangercam.com\/ro\/luckycrush\/","title":{"rendered":"LuckyCrush"},"content":{"rendered":"<p>\u00centr-o lume a glis\u0103rilor nesf\u00e2r\u0219ite \u0219i a chat-urilor text superficiale, platforme precum LuckyCrush dau o lovitur\u0103 de gra\u021bie \u00eent\u00e2lnirilor online \u0219i chat-urilor video aleatorii, concentr\u00e2ndu-se pe conexiunile directe, unu la unu, cu persoane necunoscute de sex opus. LuckyCrush nu este doar un alt <a href=\"https:\/\/strangercam.com\/ro\/bazoocam\/\">came<\/a> este o platform\u0103 unic\u0103, gamificat\u0103, conceput\u0103 pentru a \u00eemperechea b\u0103rba\u021bi cu femei (\u0219i viceversa) din \u00eentreaga lume pentru conversa\u021bii video instantanee \u0219i private care adesea estompeaz\u0103 grani\u021bele dintre \u00eent\u00e2lnirile rapide \u0219i camerele de flirt <a href=\"https:\/\/strangercam.com\/ro\/chatroulette\/\">rulet\u0103<\/a>.<\/p>\n<p>Dar este LuckyCrush o afacere real\u0103? Cum func\u021bioneaz\u0103, pentru cine este \u0219i merit\u0103 timpul \u0219i banii dumneavoastr\u0103? Aceast\u0103 revizuire \u00een profunzime acoper\u0103 tot ce trebuie s\u0103 \u0219ti\u021bi despre LuckyCrush \u00een 2025: caracteristicile sale, baza de utilizatori, pre\u021burile, siguran\u021ba \u0219i modul \u00een care se situeaz\u0103 fa\u021b\u0103 de mul\u021bimea \u00een cre\u0219tere a site-urilor de chat video.<\/p>\n<h2>Ce este LuckyCrush?<\/h2>\n<p>LuckyCrush este un site inovator de chat video aleatoriu care pune \u00een leg\u0103tur\u0103 b\u0103rba\u021bi \u0219i femei prin apeluri video live, private, unu la unu. Spre deosebire de majoritatea platformelor de chat aleatorii care pun \u00een leg\u0103tur\u0103 pe oricine cu oricine, LuckyCrush pune \u00een leg\u0103tur\u0103 numai b\u0103rba\u021bi cu femei \u0219i femei cu b\u0103rba\u021bi, cre\u00e2nd un mediu care este \u00een egal\u0103 m\u0103sur\u0103 flirt, \u00eent\u00e2lnire \u0219i distrac\u021bie.<\/p>\n<p>Platforma este bazat\u0103 pe browser, func\u021bioneaz\u0103 la nivel global \u0219i promite acces instantaneu - f\u0103r\u0103 \u00eenscriere \u00eendelungat\u0103, f\u0103r\u0103 glisare \u0219i f\u0103r\u0103 profiluri de completat. Indiferent dac\u0103 sunte\u021bi \u00een c\u0103utarea unui flirt rapid, a unui nou prieten sau chiar a unei iubiri digitale, LuckyCrush ofer\u0103 o versiune modern\u0103 a \u00eent\u00e2lnirii rapide cu video \u00een timp real.<\/p>\n<h2>Care este scopul LuckyCrush?<\/h2>\n<p>LuckyCrush a fost creat pentru a aborda dou\u0103 lacune majore \u00een chat-ul online \u0219i \u00een lumea \u00eent\u00e2lnirilor:<\/p>\n<ul>\n<li>Lipsa unei potriviri autentice b\u0103rbat-femeie \u00een majoritatea site-urilor de chat aleatorii<\/li>\n<li>Cererea de interac\u021biuni video spontane, f\u0103r\u0103 scenariu \u0219i personale<\/li>\n<\/ul>\n<p>Misiunea sa este de a face rapid \u0219i f\u0103r\u0103 efort s\u0103 cuno\u0219ti \u0219i s\u0103 flirtezi cu persoane singure din \u00eentreaga lume, \u00eentr-un format care seam\u0103n\u0103 cu o \u00eencruci\u0219are \u00eentre speed dating \u0219i originalul chat roulette - dar adaptat pentru persoanele care caut\u0103 chimie, nu doar conversa\u021bii ocazionale.<\/p>\n<p>Fie c\u0103 vrei s\u0103 te distrezi, s\u0103 flirtezi, s\u0103 exersezi o alt\u0103 limb\u0103 sau s\u0103 faci noi conexiuni din culturi diferite, LuckyCrush face totul posibil \u00een c\u00e2teva secunde.<\/p>\n<h2>Caracteristici principale<\/h2>\n<p>1. Chat video unu-la-unu, \u00eentotdeauna b\u0103rbat-femeie<br \/>\nCaracteristica principal\u0103 a LuckyCrush este algoritmul s\u0103u de \u00eemperechere pe sexe: b\u0103rba\u021bii sunt \u00eentotdeauna \u00eemperechea\u021bi cu femeile \u0219i viceversa. Acest lucru este unic printre <a href=\"https:\/\/strangercam.com\/ro\/cam-la-cam-chat\/\">cam chat<\/a> \u0219i ajut\u0103 la men\u021binerea echilibrului \u0219i a implic\u0103rii.<\/p>\n<p>2. Potrivire instantanee, f\u0103r\u0103 \u00eenregistrare necesar\u0103<br \/>\nPo\u021bi \u00eencepe chat-ul imediat dup\u0103 ce \u021bi-ai ales sexul. Procesul este instantaneu \u0219i anonim - nu este nevoie de \u00eenscriere sau verificare \u00eendelungat\u0103.<\/p>\n<p>3. Salt rapid \u0219i \u00eemperechere aleatorie<br \/>\nDac\u0103 nu te \u00een\u021belegi cu perechea ta, f\u0103 clic pe \"Urm\u0103torul\" pentru o nou\u0103 conexiune. Nu exist\u0103 nicio penalizare pentru s\u0103rituri \u0219i nicio a\u0219teptare \u00een cozi.<\/p>\n<p>4. Atingerea global\u0103<br \/>\nLuckyCrush este cu adev\u0103rat interna\u021bional, conect\u00e2nd persoane din peste 100 de \u021b\u0103ri. Acest lucru \u00eel face un loc minunat pentru conversa\u021bii interculturale, schimb de limbi str\u0103ine sau doar pentru a vedea cum sunt \u00eent\u00e2lnirile \u00een alte p\u0103r\u021bi ale lumii.<\/p>\n<p>5. Chat text \u00eencorporat<br \/>\nPe l\u00e2ng\u0103 video, pute\u021bi trimite \u0219i mesaje text \u00een fereastra de chat. Acest lucru este util pentru a sparge ghea\u021ba, pentru a partaja linkuri sau pentru a comunica \u00eentr-o alt\u0103 limb\u0103.<\/p>\n<p>6. Anonimatul \u0219i confiden\u021bialitatea<br \/>\nNu trebuie s\u0103 v\u0103 da\u021bi niciodat\u0103 numele real, adresa de e-mail sau detalii personale. Doar camera dvs. web este necesar\u0103, iar dvs. r\u0103m\u00e2ne\u021bi anonim p\u00e2n\u0103 c\u00e2nd alege\u021bi s\u0103 \u00eemp\u0103rt\u0103\u0219i\u021bi mai multe.<\/p>\n<p>7. Op\u021biuni pl\u0103tite \u0219i gratuite<br \/>\nUtilizatorii noi primesc minute gratuite de \u00eencercare pentru a testa platforma. Dup\u0103 aceea, continuarea chat-ului necesit\u0103 cump\u0103rarea de credite sau minute, ceea ce face ca LuckyCrush s\u0103 fie un serviciu cu plat\u0103 pe minut dup\u0103 \u00eencercarea ini\u021bial\u0103.<\/p>\n<h2>Este LuckyCrush gratuit?<\/h2>\n<p>Testarea LuckyCrush este gratuit\u0103 - to\u021bi utilizatorii noi primesc c\u00e2teva minute de timp de chat gratuit pentru a experimenta platforma. Cu toate acestea, pentru a continua chat-ul dup\u0103 perioada de \u00eencercare, utilizatorii trebuie s\u0103 achizi\u021bioneze credite, care sunt cheltuite pe minut \u00een timpul chat-urilor video.<\/p>\n<p>Modelul de tarifare al platformei asigur\u0103 utilizatori autentici \u0219i descurajeaz\u0103 robo\u021bii, spam-ul \u0219i trolling-ul. Caracteristicile cu plat\u0103 includ:<\/p>\n<ul>\n<li>Continuarea chat-ului video dup\u0103 perioada de prob\u0103<\/li>\n<li>Acces nerestric\u021bionat la meciuri noi<\/li>\n<li>Potrivire cu prioritate mai mare<\/li>\n<\/ul>\n<p>Pre\u021burile sunt competitive pentru industrie \u0219i sunt afi\u0219ate clar pe site. Exist\u0103 adesea pachete bonus \u0219i oferte sezoniere pentru valoare suplimentar\u0103.<\/p>\n<h2>Cine utilizeaz\u0103 LuckyCrush?<\/h2>\n<p>LuckyCrush a dezvoltat rapid o baz\u0103 de utilizatori interna\u021bional\u0103 divers\u0103, care include:<\/p>\n<ul>\n<li>B\u0103rba\u021bi \u0219i femei, cu v\u00e2rste cuprinse \u00eentre 18 \u0219i 40 de ani (majoritatea au \u00eentre 18 \u0219i 35 de ani)<\/li>\n<li>Utilizatori din America de Nord, Europa, America de Sud, India, Turcia, Asia de Sud-Est \u0219i altele<\/li>\n<li>Persoane care caut\u0103 \u00eent\u00e2lniri video distractive, cochete sau chiar romantice<\/li>\n<li>Cei care \u00eenva\u021b\u0103 limbi str\u0103ine, c\u0103l\u0103torii \u0219i cei curio\u0219i s\u0103 cunoasc\u0103 alte culturi<\/li>\n<\/ul>\n<p>LuckyCrush este deosebit de atr\u0103g\u0103tor pentru persoanele singure, expatriate \u0219i pentru persoanele care caut\u0103 o experien\u021b\u0103 care \u00eembin\u0103 \u00eent\u00e2lnirile rapide \u0219i emo\u021bia interac\u021biunii aleatorii, \u00een direct. Av\u00e2nd \u00een vedere c\u0103 b\u0103rba\u021bii \u0219i femeile sunt \u00eentotdeauna \u00eemperechea\u021bi, raportul de gen este mai echilibrat dec\u00e2t pe majoritatea site-urilor cu camere aleatorii.<\/p>\n<h2>Siguran\u021b\u0103, confiden\u021bialitate \u0219i moderare<\/h2>\n<p>LuckyCrush este conceput pentru a fi c\u00e2t mai sigur \u0219i mai privat posibil pentru o platform\u0103 de camere live:<\/p>\n<h3>Confiden\u021bialitate<\/h3>\n<ul>\n<li>Nu sunt necesare nume, e-mailuri sau conturi sociale<\/li>\n<li>Doar accesul la webcam\/microfon este necesar pentru chat<\/li>\n<li>Nu este creat niciun profil, cu excep\u021bia cazului \u00een care dori\u021bi s\u0103 salva\u021bi meciurile<\/li>\n<\/ul>\n<h3>Modera\u021bie<\/h3>\n<ul>\n<li>Instrumentele de raportare \u0219i blocare sunt disponibile \u00een orice moment<\/li>\n<li>Moderarea uman\u0103 ajut\u0103 la eliminarea utilizatorilor abuzivi, spam sau fal\u0219i<\/li>\n<li>Liniile directoare ale comunit\u0103\u021bii promoveaz\u0103 flirtul respectuos \u0219i comportamentul pozitiv<\/li>\n<li>Utilizatorii de sex feminin beneficiaz\u0103 \u00een special de instrumente de siguran\u021b\u0103 suplimentare pentru a bloca sau raporta h\u0103r\u021buirea<\/li>\n<\/ul>\n<h3>Control utilizator<\/h3>\n<ul>\n<li>S\u0103ri\u021bi sau \u00eencheia\u021bi instantaneu o discu\u021bie<\/li>\n<li>Partaja\u021bi c\u00e2t de multe sau de pu\u021bine informa\u021bii personale dori\u021bi<\/li>\n<li>Controla\u021bi permisiunile camerelor \u0219i microfoanelor \u00een orice moment<\/li>\n<\/ul>\n<p>LuckyCrush este doar pentru adul\u021bi (peste 18 ani), iar utilizatorii sunt sf\u0103tui\u021bi s\u0103 nu \u00eemp\u0103rt\u0103\u0219easc\u0103 niciodat\u0103 informa\u021bii sensibile sau s\u0103 nu se mute pe alte platforme p\u00e2n\u0103 c\u00e2nd nu se simt confortabil.<\/p>\n<h2>Experien\u021ba \u0219i designul utilizatorului<\/h2>\n<p>LuckyCrush este unul dintre cele mai perfec\u021bionate \u0219i u\u0219or de utilizat site-uri de chat video aleatoriu:<\/p>\n<ul>\n<li>Pagina de pornire prezint\u0103 un buton de pornire clar \u0219i o selec\u021bie a genurilor<\/li>\n<li>Ferestrele de chat video sunt mari \u0219i receptive, func\u021bion\u00e2nd at\u00e2t pe desktop, c\u00e2t \u0219i pe browserele mobile<\/li>\n<li>Controalele pentru omiterea, dezactivarea, raportarea \u0219i terminarea discu\u021biilor sunt intuitive \u0219i u\u0219or de g\u0103sit<\/li>\n<li>Timp de \u00eenc\u0103rcare minim \u0219i potrivire aproape instantanee \u00eentre utilizatori<\/li>\n<li>Layout simplu, neaglomerat, cu informa\u021bii clare despre pre\u021buri \u0219i resurse de ajutor<\/li>\n<\/ul>\n<p>Site-ul este optimizat pentru vitez\u0103 \u0219i confiden\u021bialitate, f\u0103r\u0103 reclame enervante sau pop-up-uri care s\u0103 v\u0103 \u00eencetineasc\u0103.<\/p>\n<h2>LuckyCrush vs alte site-uri de chat video<\/h2>\n<p>Cum se compar\u0103 LuckyCrush cu alte site-uri de top de cam chat \u0219i \u00eent\u00e2lniri video aleatorii?<\/p>\n<table>\n<thead>\n<tr>\n<th>Caracteristic\u0103<\/th>\n<th>LuckyCrush<\/th>\n<th><a href=\"https:\/\/strangercam.com\/ro\/omegle\/\">Omegle<\/a> (\u00eenchis)<\/th>\n<th>Chatrandom<\/th>\n<th><a href=\"https:\/\/strangercam.com\/ro\/coomeet\/\">CooMeet<\/a><\/th>\n<th>Chatspin<\/th>\n<\/tr>\n<\/thead>\n<tbody>\n<tr>\n<td>Potrivirea genurilor<\/td>\n<td>Da<\/td>\n<td>Nu<\/td>\n<td>Nu<\/td>\n<td>Da<\/td>\n<td>Da<\/td>\n<\/tr>\n<tr>\n<td>\u00cenregistrare necesar\u0103<\/td>\n<td>Nu<\/td>\n<td>Nu<\/td>\n<td>Op\u021bional<\/td>\n<td>Da<\/td>\n<td>Op\u021bional<\/td>\n<\/tr>\n<tr>\n<td>Utilizare gratuit\u0103<\/td>\n<td>Numai prob\u0103<\/td>\n<td>Da<\/td>\n<td>Da\/Paid<\/td>\n<td>Numai prob\u0103<\/td>\n<td>Da\/Paid<\/td>\n<\/tr>\n<tr>\n<td>Chat video unu-la-unu<\/td>\n<td>Da<\/td>\n<td>Da<\/td>\n<td>Da<\/td>\n<td>Da<\/td>\n<td>Da<\/td>\n<\/tr>\n<tr>\n<td>Acoperire interna\u021bional\u0103<\/td>\n<td>Da<\/td>\n<td>Da<\/td>\n<td>Da<\/td>\n<td>Da<\/td>\n<td>Da<\/td>\n<\/tr>\n<tr>\n<td>Actualiz\u0103ri pl\u0103tite<\/td>\n<td>Da<\/td>\n<td>Nu<\/td>\n<td>Da<\/td>\n<td>Da<\/td>\n<td>Da<\/td>\n<\/tr>\n<tr>\n<td>Instrumente de moderare<\/td>\n<td>Puternic<\/td>\n<td>De baz\u0103<\/td>\n<td>Moderat<\/td>\n<td>Puternic<\/td>\n<td>Moderat<\/td>\n<\/tr>\n<\/tbody>\n<\/table>\n<p>Rezumat: LuckyCrush se remarc\u0103 prin potrivirea video b\u0103rbat-femeie, structura de plat\u0103 pe minut \u0219i designul de nivel premium, oferind o experien\u021b\u0103 diferit\u0103 fa\u021b\u0103 de site-urile care conecteaz\u0103 pur \u0219i simplu pe oricine cu oricine.<\/p>\n<h2>Avantaje \u0219i dezavantaje<\/h2>\n<p>Avantaje:<\/p>\n<ul>\n<li>Potrivire video chat b\u0103rbat-femeie, excelent\u0103 pentru flirt<\/li>\n<li>Testare gratuit\u0103 pentru a testa platforma<\/li>\n<li>Acoperire global\u0103 cu utilizatori diver\u0219i<\/li>\n<li>Nu este necesar\u0103 \u00eenregistrarea sau datele personale<\/li>\n<li>Design modern, receptiv pentru desktop \u0219i mobil<\/li>\n<li>Caracteristici puternice de siguran\u021b\u0103 \u0219i raportare<\/li>\n<\/ul>\n<p>Cons:<\/p>\n<ul>\n<li>Utilizarea continu\u0103 necesit\u0103 credite pl\u0103tite (plat\u0103 pe minut)<\/li>\n<li>F\u0103r\u0103 perechi de acela\u0219i gen (\u00een prezent doar b\u0103rba\u021bi-femei)<\/li>\n<li>F\u0103r\u0103 profiluri sau liste de prieteni pentru urm\u0103rire<\/li>\n<li>Este posibil ca unii utilizatori s\u0103 p\u0103r\u0103seasc\u0103 chat-urile rapid sau s\u0103 chiuleasc\u0103 des<\/li>\n<li>Trebuie s\u0103 ave\u021bi peste 18 ani pentru a v\u0103 \u00eenscrie<\/li>\n<\/ul>\n<h2>Cazuri ideale de utilizare<\/h2>\n<p>LuckyCrush este perfect pentru:<\/p>\n<ul>\n<li>Singuri \u00een c\u0103utare de video speed dating sau flirt instant<\/li>\n<li>Adul\u021bi care doresc s\u0103 cunoasc\u0103 oameni din alte culturi \u00een timp real<\/li>\n<li>Cei care \u00eenva\u021b\u0103 limbi str\u0103ine \u0219i c\u0103l\u0103torii interesa\u021bi de chat-ul global<\/li>\n<li>Utilizatori care apreciaz\u0103 confiden\u021bialitatea, spontaneitatea \u0219i conexiunea uman\u0103 direct\u0103<\/li>\n<\/ul>\n<p>Este mai pu\u021bin ideal pentru:<\/p>\n<ul>\n<li>Oameni care caut\u0103 chat nelimitat, complet gratuit<\/li>\n<li>Utilizatorii nu se simt confortabil cu imaginile video sau cu faptul c\u0103 sunt filma\u021bi<\/li>\n<li>Cei care caut\u0103 \u00eent\u00e2lniri pe termen lung, bazate pe profil<\/li>\n<li>Utilizatori sub 18 ani (numai adul\u021bi)<\/li>\n<\/ul>\n<p>LuckyCrush se remarc\u0103 pe ni\u0219a chat-ului video aleatoriu \u0219i a \u00eent\u00e2lnirilor, oferind un amestec unic de vitez\u0103, confiden\u021bialitate \u0219i flirt autentic. Concentr\u00e2ndu-se pe \u00eemperecherea b\u0103rbat-femeie \u0219i oferind o experien\u021b\u0103 de utilizare sigur\u0103 \u0219i rafinat\u0103, reu\u0219e\u0219te acolo unde multe platforme generice de cam chat nu reu\u0219esc.<\/p>\n<p>Cu acces instantaneu, acoperire global\u0103 \u0219i un sistem de testare echitabil, LuckyCrush merit\u0103 neap\u0103rat \u00eencercat de oricine este interesat de conexiuni online rapide, cochete \u0219i autentice \u00een 2025. Dac\u0103 v-a\u021bi s\u0103turat de swipe-uri interminabile \u0219i dori\u021bi s\u0103 experimenta\u021bi o chimie real\u0103 fa\u021b\u0103 \u00een fa\u021b\u0103, aceasta este una dintre cele mai bune platforme disponibile \u00een prezent.<\/p>","protected":false},"excerpt":{"rendered":"<p>In a world of endless swiping and shallow text chats, platforms like LuckyCrush are shaking up online dating and random video chat by focusing on live, one-on-one connections with strangers of the opposite sex. LuckyCrush isn\u2019t just another cam chat site\u2014it\u2019s a unique, gamified platform designed to pair men with women (and vice versa) from [&hellip;]<\/p>\n","protected":false},"author":6,"featured_media":0,"parent":0,"menu_order":0,"comment_status":"closed","ping_status":"closed","template":"","meta":{"footnotes":""},"class_list":["post-11954","page","type-page","status-publish","hentry"],"yoast_head":"<!-- This site is optimized with the Yoast SEO plugin v26.9 - https:\/\/yoast.com\/product\/yoast-seo-wordpress\/ -->\n<title>LuckyCrush - Live Video Chat with Random People - StrangerCam<\/title>\n<meta name=\"description\" content=\"Like LuckyCrush? Come chat with more than 5.000.000 strangers on Stranger Cam for Free! Turn on your cam and find new friends &amp; maby a match!\" \/>\n<meta name=\"robots\" content=\"index, follow, max-snippet:-1, max-image-preview:large, max-video-preview:-1\" \/>\n<link rel=\"canonical\" href=\"https:\/\/strangercam.com\/ro\/luckycrush\/\" \/>\n<meta property=\"og:locale\" content=\"ro_RO\" \/>\n<meta property=\"og:type\" content=\"article\" \/>\n<meta property=\"og:title\" content=\"LuckyCrush - Live Video Chat with Random People - StrangerCam\" \/>\n<meta property=\"og:description\" content=\"Like LuckyCrush? Come chat with more than 5.000.000 strangers on Stranger Cam for Free! Turn on your cam and find new friends &amp; maby a match!\" \/>\n<meta property=\"og:url\" content=\"https:\/\/strangercam.com\/ro\/luckycrush\/\" \/>\n<meta property=\"og:site_name\" content=\"Strangercam\" \/>\n<meta property=\"article:publisher\" content=\"https:\/\/www.facebook.com\/strangercam\" \/>\n<meta property=\"article:modified_time\" content=\"2025-07-24T07:26:04+00:00\" \/>\n<meta property=\"og:image\" content=\"https:\/\/strangercam.com\/wp-content\/uploads\/2021\/10\/Untitled-2.png\" \/>\n\t<meta property=\"og:image:width\" content=\"800\" \/>\n\t<meta property=\"og:image:height\" content=\"532\" \/>\n\t<meta property=\"og:image:type\" content=\"image\/png\" \/>\n<meta name=\"twitter:card\" content=\"summary_large_image\" \/>\n<meta name=\"twitter:site\" content=\"@strangercamapp\" \/>\n<meta name=\"twitter:label1\" content=\"Timp estimat pentru citire\" \/>\n\t<meta name=\"twitter:data1\" content=\"6 minute\" \/>\n<script type=\"application\/ld+json\" class=\"yoast-schema-graph\">{\"@context\":\"https:\/\/schema.org\",\"@graph\":[{\"@type\":\"WebPage\",\"@id\":\"https:\/\/strangercam.com\/luckycrush\/\",\"url\":\"https:\/\/strangercam.com\/luckycrush\/\",\"name\":\"LuckyCrush - Live Video Chat with Random People - StrangerCam\",\"isPartOf\":{\"@id\":\"https:\/\/strangercam.com\/#website\"},\"datePublished\":\"2025-07-24T07:21:22+00:00\",\"dateModified\":\"2025-07-24T07:26:04+00:00\",\"description\":\"Like LuckyCrush? Come chat with more than 5.000.000 strangers on Stranger Cam for Free! Turn on your cam and find new friends & maby a match!\",\"breadcrumb\":{\"@id\":\"https:\/\/strangercam.com\/luckycrush\/#breadcrumb\"},\"inLanguage\":\"ro-RO\",\"potentialAction\":[{\"@type\":\"ReadAction\",\"target\":[\"https:\/\/strangercam.com\/luckycrush\/\"]}]},{\"@type\":\"BreadcrumbList\",\"@id\":\"https:\/\/strangercam.com\/luckycrush\/#breadcrumb\",\"itemListElement\":[{\"@type\":\"ListItem\",\"position\":1,\"name\":\"Home\",\"item\":\"https:\/\/strangercam.com\/\"},{\"@type\":\"ListItem\",\"position\":2,\"name\":\"LuckyCrush\"}]},{\"@type\":\"WebSite\",\"@id\":\"https:\/\/strangercam.com\/#website\",\"url\":\"https:\/\/strangercam.com\/\",\"name\":\"Strangercam\",\"description\":\"Random Video Chat with Strangers\",\"publisher\":{\"@id\":\"https:\/\/strangercam.com\/#organization\"},\"alternateName\":\"Strangercam.com\",\"potentialAction\":[{\"@type\":\"SearchAction\",\"target\":{\"@type\":\"EntryPoint\",\"urlTemplate\":\"https:\/\/strangercam.com\/?s={search_term_string}\"},\"query-input\":{\"@type\":\"PropertyValueSpecification\",\"valueRequired\":true,\"valueName\":\"search_term_string\"}}],\"inLanguage\":\"ro-RO\"},{\"@type\":\"Organization\",\"@id\":\"https:\/\/strangercam.com\/#organization\",\"name\":\"Strangercam\",\"alternateName\":\"Strangercam.com\",\"url\":\"https:\/\/strangercam.com\/\",\"logo\":{\"@type\":\"ImageObject\",\"inLanguage\":\"ro-RO\",\"@id\":\"https:\/\/strangercam.com\/#\/schema\/logo\/image\/\",\"url\":\"https:\/\/strangercam.com\/wp-content\/uploads\/2020\/11\/cropped-new-favicon-black.png\",\"contentUrl\":\"https:\/\/strangercam.com\/wp-content\/uploads\/2020\/11\/cropped-new-favicon-black.png\",\"width\":512,\"height\":512,\"caption\":\"Strangercam\"},\"image\":{\"@id\":\"https:\/\/strangercam.com\/#\/schema\/logo\/image\/\"},\"sameAs\":[\"https:\/\/www.facebook.com\/strangercam\",\"https:\/\/x.com\/strangercamapp\"]}]}<\/script>\n<!-- \/ Yoast SEO plugin. -->","yoast_head_json":{"title":"LuckyCrush - Chat video live cu persoane aleatorii - StrangerCam","description":"\u00ce\u021bi place LuckyCrush? Vino s\u0103 vorbe\u0219ti cu mai mult de 5.000.000 de str\u0103ini pe Stranger Cam gratuit! Porne\u0219te-\u021bi camera \u0219i g\u0103se\u0219te prieteni noi \u0219i poate o pereche!","robots":{"index":"index","follow":"follow","max-snippet":"max-snippet:-1","max-image-preview":"max-image-preview:large","max-video-preview":"max-video-preview:-1"},"canonical":"https:\/\/strangercam.com\/ro\/luckycrush\/","og_locale":"ro_RO","og_type":"article","og_title":"LuckyCrush - Live Video Chat with Random People - StrangerCam","og_description":"Like LuckyCrush? Come chat with more than 5.000.000 strangers on Stranger Cam for Free! Turn on your cam and find new friends & maby a match!","og_url":"https:\/\/strangercam.com\/ro\/luckycrush\/","og_site_name":"Strangercam","article_publisher":"https:\/\/www.facebook.com\/strangercam","article_modified_time":"2025-07-24T07:26:04+00:00","og_image":[{"width":800,"height":532,"url":"https:\/\/strangercam.com\/wp-content\/uploads\/2021\/10\/Untitled-2.png","type":"image\/png"}],"twitter_card":"summary_large_image","twitter_site":"@strangercamapp","twitter_misc":{"Timp estimat pentru citire":"6 minute"},"schema":{"@context":"https:\/\/schema.org","@graph":[{"@type":"WebPage","@id":"https:\/\/strangercam.com\/luckycrush\/","url":"https:\/\/strangercam.com\/luckycrush\/","name":"LuckyCrush - Chat video live cu persoane aleatorii - StrangerCam","isPartOf":{"@id":"https:\/\/strangercam.com\/#website"},"datePublished":"2025-07-24T07:21:22+00:00","dateModified":"2025-07-24T07:26:04+00:00","description":"\u00ce\u021bi place LuckyCrush? Vino s\u0103 vorbe\u0219ti cu mai mult de 5.000.000 de str\u0103ini pe Stranger Cam gratuit! Porne\u0219te-\u021bi camera \u0219i g\u0103se\u0219te prieteni noi \u0219i poate o pereche!","breadcrumb":{"@id":"https:\/\/strangercam.com\/luckycrush\/#breadcrumb"},"inLanguage":"ro-RO","potentialAction":[{"@type":"ReadAction","target":["https:\/\/strangercam.com\/luckycrush\/"]}]},{"@type":"BreadcrumbList","@id":"https:\/\/strangercam.com\/luckycrush\/#breadcrumb","itemListElement":[{"@type":"ListItem","position":1,"name":"Home","item":"https:\/\/strangercam.com\/"},{"@type":"ListItem","position":2,"name":"LuckyCrush"}]},{"@type":"WebSite","@id":"https:\/\/strangercam.com\/#website","url":"https:\/\/strangercam.com\/","name":"Strangercam","description":"Chat video aleatoriu cu str\u0103ini","publisher":{"@id":"https:\/\/strangercam.com\/#organization"},"alternateName":"Strangercam.com","potentialAction":[{"@type":"SearchAction","target":{"@type":"EntryPoint","urlTemplate":"https:\/\/strangercam.com\/?s={search_term_string}"},"query-input":{"@type":"PropertyValueSpecification","valueRequired":true,"valueName":"search_term_string"}}],"inLanguage":"ro-RO"},{"@type":"Organization","@id":"https:\/\/strangercam.com\/#organization","name":"Strangercam","alternateName":"Strangercam.com","url":"https:\/\/strangercam.com\/","logo":{"@type":"ImageObject","inLanguage":"ro-RO","@id":"https:\/\/strangercam.com\/#\/schema\/logo\/image\/","url":"https:\/\/strangercam.com\/wp-content\/uploads\/2020\/11\/cropped-new-favicon-black.png","contentUrl":"https:\/\/strangercam.com\/wp-content\/uploads\/2020\/11\/cropped-new-favicon-black.png","width":512,"height":512,"caption":"Strangercam"},"image":{"@id":"https:\/\/strangercam.com\/#\/schema\/logo\/image\/"},"sameAs":["https:\/\/www.facebook.com\/strangercam","https:\/\/x.com\/strangercamapp"]}]}},"_links":{"self":[{"href":"https:\/\/strangercam.com\/ro\/wp-json\/wp\/v2\/pages\/11954","targetHints":{"allow":["GET"]}}],"collection":[{"href":"https:\/\/strangercam.com\/ro\/wp-json\/wp\/v2\/pages"}],"about":[{"href":"https:\/\/strangercam.com\/ro\/wp-json\/wp\/v2\/types\/page"}],"author":[{"embeddable":true,"href":"https:\/\/strangercam.com\/ro\/wp-json\/wp\/v2\/users\/6"}],"replies":[{"embeddable":true,"href":"https:\/\/strangercam.com\/ro\/wp-json\/wp\/v2\/comments?post=11954"}],"version-history":[{"count":1,"href":"https:\/\/strangercam.com\/ro\/wp-json\/wp\/v2\/pages\/11954\/revisions"}],"predecessor-version":[{"id":12919,"href":"https:\/\/strangercam.com\/ro\/wp-json\/wp\/v2\/pages\/11954\/revisions\/12919"}],"wp:attachment":[{"href":"https:\/\/strangercam.com\/ro\/wp-json\/wp\/v2\/media?parent=11954"}],"curies":[{"name":"wp","href":"https:\/\/api.w.org\/{rel}","templated":true}]}}