{"id":11949,"date":"2023-10-24T11:57:43","date_gmt":"2023-10-24T09:57:43","guid":{"rendered":"https:\/\/strangercam.com\/?page_id=11949"},"modified":"2023-10-24T12:02:42","modified_gmt":"2023-10-24T10:02:42","slug":"cammatch","status":"publish","type":"page","link":"https:\/\/strangercam.com\/ro\/cammatch\/","title":{"rendered":"Cammatch"},"content":{"rendered":"<p>\u00cen vasta lume a comunic\u0103rii online, g\u0103sirea unei platforme care s\u0103 ias\u0103 cu adev\u0103rat \u00een eviden\u021b\u0103 poate fi o provocare. Introduce\u021bi Cammatch, o <a href=\"https:\/\/strangercam.com\/ro\/rabbit-video-chat\/\">video<\/a> serviciu de chat care promite mai mult dec\u00e2t \u00eent\u00e2lniri virtuale. \u00cen timp ce multe platforme ofer\u0103 video <a href=\"https:\/\/strangercam.com\/ro\/chatroulette\/\">chat<\/a>, Cammatch \u0219i-a f\u0103cut rapid un nume pentru sine, asigur\u00e2ndu-se c\u0103 utilizatorii au o experien\u021b\u0103 f\u0103r\u0103 probleme, captivant\u0103 \u0219i, cel mai important, autentic\u0103. De la interfa\u021ba sa intuitiv\u0103 la caracteristicile sale unice, aceast\u0103 recenzie analizeaz\u0103 \u00een profunzime ceea ce face din Cammatch un concurent demn de remarcat \u00een domeniul platformelor de chat video online. Fie c\u0103 sunte\u021bi un utilizator experimentat al acestor servicii sau un nou venit care caut\u0103 un loc de \u00eencredere pentru a \u00eencepe, \u00een\u021belegerea a ceea ce aduce Cammatch la mas\u0103 se va dovedi, f\u0103r\u0103 \u00eendoial\u0103, benefic\u0103.<\/p>\n<h2>Ce este Cammatch?<\/h2>\n<p>CamMatch, \u00een peisajul digital al chat-ului video, reprezint\u0103 un far de inova\u021bie \u0219i precizie. Nu este vorba doar despre conectarea persoanelor; este vorba despre selectarea acestor conexiuni pentru a se asigura c\u0103 fiecare utilizator g\u0103se\u0219te valoare \u0219i satisfac\u021bie \u00een fiecare interac\u021biune. \u00cen timp ce majoritatea platformelor las\u0103 procesul de potrivire la <a href=\"https:\/\/strangercam.com\/ro\/chatbychance\/\">\u0219ans\u0103<\/a>, CamMatch ajusteaz\u0103 meticulos experien\u021ba.<\/p>\n<p>La baza sa, CamMatch promoveaz\u0103 interac\u021biunile direc\u021bionate. Recunosc\u00e2nd preferin\u021bele multor utilizatori, platforma a conceput meticulos un algoritm care asigur\u0103 c\u0103 b\u0103rba\u021bii se conecteaz\u0103 exclusiv cu femeile \u0219i viceversa. Aceast\u0103 abordare specific\u0103 nu numai c\u0103 elimin\u0103 caracterul aleatoriu, adesea frustrant, al altor platforme, dar creeaz\u0103, de asemenea, un mediu adaptat promov\u0103rii conexiunilor autentice.<\/p>\n<p>Pe m\u0103sur\u0103 ce ne ad\u00e2ncim \u00een era digital\u0103, \u00een care conexiunile online nu sunt doar obi\u0219nuite, ci adesea preferate, caracteristicile CamMatch, cum ar fi mecanismul de tranzi\u021bie rapid\u0103, intr\u0103 \u00een joc. Un simplu clic pe butonul \"Urm\u0103torul\" \u0219i utilizatorii sunt prezenta\u021bi unui nou poten\u021bial prieten, confident sau interes romantic. Aceast\u0103 tranzi\u021bie f\u0103r\u0103 \u00eentreruperi asigur\u0103 faptul c\u0103 utilizatorii r\u0103m\u00e2n implica\u021bi, iar platforma r\u0103m\u00e2ne dinamic\u0103.<\/p>\n<p>Cu toate acestea, nu este vorba doar despre tranzi\u021bii rapide \u0219i interac\u021biuni specifice. CamMatch recunoa\u0219te natura global\u0103 a internetului \u0219i provoc\u0103rile care vin odat\u0103 cu aceasta. O provocare semnificativ\u0103 cu care mul\u021bi se confrunt\u0103 este bariera lingvistic\u0103. Dar cu CamMatch, acest obstacol devine practic inexistent. Sistemul de traducere \u00een timp real al platformei traduce f\u0103r\u0103 efort mesajele primite \u0219i trimise, asigur\u00e2ndu-se c\u0103 diferen\u021bele lingvistice nu \u00eempiedic\u0103 conexiunile semnificative. Acest lucru nu numai c\u0103 amplific\u0103 experien\u021ba utilizatorului, dar asigur\u0103, de asemenea, c\u0103 conversa\u021biile decurg \u00een mod natural, chiar dac\u0103 participan\u021bii se afl\u0103 la cap\u0103tul opus al lumii.<\/p>\n<p>\u00cen esen\u021b\u0103, CamMatch nu este doar un alt juc\u0103tor \u00een domeniul vast al online <a href=\"https:\/\/strangercam.com\/ro\/coomeet\/\">chat video<\/a> servicii. Schimb\u0103 regulile jocului. Concentr\u00e2ndu-se pe preferin\u021bele utilizatorilor, elimin\u00e2nd barierele lingvistice \u0219i asigur\u00e2nd o platform\u0103 dinamic\u0103 \u0219i atractiv\u0103, CamMatch redefine\u0219te modul \u00een care percepem interac\u021biunile online. Pentru cei care apreciaz\u0103 conversa\u021biile semnificative, direc\u021bionate \u0219i fluide, CamMatch apare ca platforma de alegere, promi\u021b\u00e2nd o experien\u021b\u0103 de chat video online f\u0103r\u0103 egal.<\/p>\n<h2>Caracteristici Cammatch<\/h2>\n<p><strong>1. Interac\u021biuni direc\u021bionate:<\/strong> Propunerea unic\u0103 de v\u00e2nzare a Cammatch const\u0103 \u00een angajamentul s\u0103u de a oferi chat-uri video direc\u021bionate. Recunosc\u00e2nd preferin\u021ba multor utilizatori, Cammatch se asigur\u0103 c\u0103 b\u0103rba\u021bii sunt \u00eemperechea\u021bi exclusiv cu femei \u0219i viceversa. Aceast\u0103 abordare personalizat\u0103 minimizeaz\u0103 caracterul aleatoriu \u0219i \u00eembun\u0103t\u0103\u021be\u0219te calitatea interac\u021biunilor.<\/p>\n<p><strong>2. Mecanism de tranzi\u021bie rapid\u0103:<\/strong> Butonul \u201cUrm\u0103torul\u201d este mai mult dec\u00e2t o simpl\u0103 caracteristic\u0103; este o poart\u0103 c\u0103tre noi conversa\u021bii. Cu un simplu clic, utilizatorii pot trece f\u0103r\u0103 probleme la un nou partener de chat. Aceast\u0103 fluiditate asigur\u0103 c\u0103 exist\u0103 \u00eentotdeauna ceva nou \u0219i interesant dup\u0103 col\u021b, men\u021bin\u00e2nd dinamic\u0103 experien\u021ba utilizatorului.<\/p>\n<p><strong>3. Sistem de traducere \u00een timp real:<\/strong> \u00cen lumea divers\u0103 a internetului, barierele lingvistice pot \u00eempiedica adesea conexiunile semnificative. Capacitatea de traducere \u00een timp real a Cammatch reduce acest decalaj f\u0103r\u0103 efort. Sistemul traduce automat mesajele primite \u00een limba preferat\u0103 a utilizatorului \u0219i viceversa, asigur\u00e2ndu-se c\u0103 conversa\u021biile decurg \u00een mod natural, indiferent de diferen\u021bele lingvistice.<\/p>\n<p><strong>4. Streaming video de \u00eenalt\u0103 calitate:<\/strong> Cammatch prioritizeaz\u0103 calitatea interac\u021biunilor, iar acest lucru este evident \u00een angajamentul s\u0103u fa\u021b\u0103 de streamingul video de \u00eenalt\u0103 calitate. Utilizatorii se pot a\u0219tepta la imagini clare, f\u0103r\u0103 \u00eent\u00e2rzieri, asigur\u00e2ndu-se c\u0103 conversa\u021biile lor sunt c\u00e2t se poate de reale \u0219i imersive.<\/p>\n<p><strong>5. Interfa\u021b\u0103 u\u0219or de utilizat:<\/strong> Platforma se m\u00e2ndre\u0219te cu un design intuitiv, asigur\u00e2ndu-se c\u0103 at\u00e2t utilizatorii pasiona\u021bi de tehnologie, c\u00e2t \u0219i \u00eencep\u0103torii pot naviga \u0219i utiliza caracteristicile sale cu u\u0219urin\u021b\u0103. De la \u00eenregistrare la \u00eenceperea unei conversa\u021bii, fiecare pas este simplificat pentru confortul utilizatorului.<\/p>\n<p><strong>6. M\u0103suri de siguran\u021b\u0103 \u0219i securitate:<\/strong> Cammatch este dedicat furniz\u0103rii unui mediu sigur pentru utilizatorii s\u0103i. Cu caracteristici care permit raportarea activit\u0103\u021bilor nepotrivite \u0219i o politic\u0103 strict\u0103 \u00eempotriva escrocilor online, utilizatorii se pot angaja cu lini\u0219te, \u0219tiind c\u0103 platforma acord\u0103 prioritate siguran\u021bei lor.<\/p>\n<p><strong>7. Planuri de aderare:<\/strong> Pentru a veni \u00een \u00eent\u00e2mpinarea unei baze diverse de utilizatori, Cammatch ofer\u0103 planuri de membru Basic \u0219i Premium. \u00cen timp ce planul Basic ofer\u0103 acces la caracteristicile standard, planul Premium deblocheaz\u0103 o multitudine de func\u021bionalit\u0103\u021bi \u00eembun\u0103t\u0103\u021bite, inclusiv filtre avansate, pentru o experien\u021b\u0103 mai rafinat\u0103.<\/p>\n<p><strong>8. Raza de ac\u021biune global\u0103:<\/strong> Baza de utilizatori a Cammatch se \u00eentinde pe mai multe \u021b\u0103ri, permi\u021b\u00e2nd utilizatorilor s\u0103 intre \u00een contact cu persoane din medii culturale \u0219i medii de via\u021b\u0103 diferite. Aceast\u0103 acoperire global\u0103 spore\u0219te atractivitatea platformei, oferind o tapiserie de experien\u021be \u0219i interac\u021biuni.<\/p>\n<table>\n<thead>\n<tr>\n<th><strong>Caracteristici<\/strong><\/th>\n<th><strong>Descriere<\/strong><\/th>\n<\/tr>\n<\/thead>\n<tbody>\n<tr>\n<td>Interac\u021biuni direc\u021bionate<\/td>\n<td>Masculii se \u00eemperecheaz\u0103 exclusiv cu femelele \u0219i viceversa<\/td>\n<\/tr>\n<tr>\n<td>Mecanismul de tranzi\u021bie rapid\u0103<\/td>\n<td>Trecere u\u0219oar\u0103 la un nou partener de chat cu ajutorul butonului \u201cUrm\u0103torul\u201d<\/td>\n<\/tr>\n<tr>\n<td>Sistem de traducere \u00een timp real<\/td>\n<td>Traduceri automate pentru mesajele primite \u0219i trimise<\/td>\n<\/tr>\n<tr>\n<td>Streaming video de \u00eenalt\u0103 calitate<\/td>\n<td>Conversa\u021bii video clare, f\u0103r\u0103 \u00eent\u00e2rzieri, pentru conversa\u021bii captivante<\/td>\n<\/tr>\n<tr>\n<td>Interfa\u021b\u0103 u\u0219or de utilizat<\/td>\n<td>Design intuitiv pentru navigare \u0219i utilizare u\u0219oar\u0103<\/td>\n<\/tr>\n<tr>\n<td>M\u0103suri de siguran\u021b\u0103 \u0219i securitate<\/td>\n<td>Func\u021bii de raportare a activit\u0103\u021bilor inadecvate; politici \u00eempotriva escrocilor online<\/td>\n<\/tr>\n<tr>\n<td>Planuri de aderare<\/td>\n<td>Planuri Basic \u0219i Premium adaptate pentru diverse preferin\u021be ale utilizatorilor<\/td>\n<\/tr>\n<tr>\n<td>\u00centindere global\u0103<\/td>\n<td>Intra\u021bi \u00een contact cu persoane din diferite \u021b\u0103ri \u0219i culturi<\/td>\n<\/tr>\n<\/tbody>\n<\/table>\n<p>\u00cen concluzie, caracteristicile Cammatch nu sunt doar func\u021bionalit\u0103\u021bi tehnice. Acestea sunt o dovad\u0103 a angajamentului platformei de a se asigura c\u0103 fiecare utilizator g\u0103se\u0219te valoare, conexiune \u0219i satisfac\u021bie \u00een fiecare interac\u021biune. Fiecare caracteristic\u0103 este proiectat\u0103 meticulos, \u021bin\u00e2nd cont de experien\u021ba utilizatorului, ceea ce face ca Cammatch s\u0103 se remarce \u00een domeniul platformelor de chat video online.<\/p>\n<h2>Sfaturi \u0219i trucuri<\/h2>\n<p><strong>1. Optimiza\u021bi-v\u0103 mediul:<\/strong><\/p>\n<ul>\n<li><strong>Iluminat<\/strong>: Asigura\u021bi-v\u0103 c\u0103 v\u0103 afla\u021bi \u00eentr-o zon\u0103 bine luminat\u0103. Lumina natural\u0103 func\u021bioneaz\u0103 cel mai bine, dar dac\u0103 acest lucru nu este posibil, utiliza\u021bi lumin\u0103 artificial\u0103 moale pentru a evita umbrele dure.<\/li>\n<li><strong>Context<\/strong>: Folosi\u021bi un fundal \u00eengrijit, f\u0103r\u0103 dezordine. Acesta ajut\u0103 la men\u021binerea aten\u021biei asupra dumneavoastr\u0103 \u0219i face conversa\u021bia mai profesional\u0103 \u0219i mai pl\u0103cut\u0103.<\/li>\n<\/ul>\n<p><strong>2. Utiliza\u021bi filtrele cu \u00een\u021belepciune:<\/strong> Cammatch ofer\u0103 diverse filtre, inclusiv sexul \u0219i \u021bara. Folosi\u021bi aceste filtre pentru a v\u0103 adapta interac\u021biunile, mai ales dac\u0103 ave\u021bi preferin\u021be sau obiective specifice pentru conversa\u021biile dvs.<\/p>\n<p><strong>3. Siguran\u021ba \u00eenainte de toate:<\/strong> Nu uita\u021bi niciodat\u0103 s\u0103 evita\u021bi s\u0103 \u00eemp\u0103rt\u0103\u0219i\u021bi detalii personale precum adresa, informa\u021bii financiare sau alte date sensibile. De\u0219i Cammatch dispune de m\u0103suri de securitate, este \u00eentotdeauna bine s\u0103 fi\u021bi precaut.<\/p>\n<p><strong>4. Utiliza\u021bi c\u0103\u0219tile:<\/strong> Pentru a asigura un sunet clar \u0219i a evita feedback-ul sau ecourile, este o idee bun\u0103 s\u0103 folosi\u021bi c\u0103\u0219ti sau c\u0103\u0219ti pentru urechi \u00een timpul discu\u021biilor.<\/p>\n<p><strong>5. Explora\u021bi caracteristicile premium:<\/strong> Dac\u0103 utiliza\u021bi Cammatch \u00een mod frecvent, lua\u021bi \u00een considerare upgrade-ul la abonamentul Premium. Func\u021biile suplimentare v\u0103 pot \u00eembun\u0103t\u0103\u021bi foarte mult experien\u021ba.<\/p>\n<p><strong>6. Fi\u021bi deschis, dar respectuos:<\/strong> Una dintre bucuriile platformelor precum Cammatch este \u00eent\u00e2lnirea cu diverse puncte de vedere \u0219i culturi. \u00cen timp ce sunte\u021bi deschis la perspective diferite, p\u0103stra\u021bi \u00eentotdeauna respectul \u0219i civiliza\u021bia.<\/p>\n<p><strong>7. Profita\u021bi de butonul \"Urm\u0103torul\":<\/strong> Dac\u0103 o conversa\u021bie nu corespunde preferin\u021belor sau confortului dvs., nu ezita\u021bi s\u0103 utiliza\u021bi butonul \"Urm\u0103torul\". Acesta este acolo pentru a v\u0103 asigura c\u0103 experien\u021ba dvs. r\u0103m\u00e2ne pl\u0103cut\u0103.<\/p>\n<p><strong>8. Utiliza\u021bi func\u021bia de traducere:<\/strong> Interac\u021biona\u021bi cu persoane din medii lingvistice diferite. Nu l\u0103sa\u021bi limba s\u0103 fie o barier\u0103. Func\u021bia de traducere \u00een timp real poate schimba regulile jocului \u00een a \u00een\u021belege \u0219i a fi \u00een\u021beles.<\/p>\n<p><strong>9. Raporta\u021bi comportamentul neadecvat:<\/strong> Ajuta\u021bi la men\u021binerea comunit\u0103\u021bii Cammatch \u00een siguran\u021b\u0103 \u0219i pl\u0103cut\u0103 pentru toat\u0103 lumea. Dac\u0103 \u00eent\u00e2mpina\u021bi un comportament neadecvat sau b\u0103nui\u021bi c\u0103 un utilizator are inten\u021bii r\u0103uvoitoare, utiliza\u021bi func\u021bia de raportare a platformei.<\/p>\n<p><strong>10. Personaliza\u021bi notific\u0103rile:<\/strong> Dac\u0103 sunte\u021bi un utilizator obi\u0219nuit, personaliza\u021bi notific\u0103rile astfel \u00eenc\u00e2t s\u0103 fi\u021bi avertizat cu privire la mesaje sau alte actualiz\u0103ri importante f\u0103r\u0103 a fi cople\u0219it.<\/p>\n<p>\u00cencorpor\u00e2nd aceste sfaturi \u0219i trucuri \u00een experien\u021ba dumneavoastr\u0103 Cammatch, v\u0103 pute\u021bi asigura interac\u021biuni mai semnificative, mai pl\u0103cute \u0219i mai sigure. Fie c\u0103 sunte\u021bi un utilizator experimentat sau la \u00eenceput de drum, aceste sfaturi v\u0103 pot ajuta s\u0103 profita\u021bi la maximum de ceea ce Cammatch are de oferit.<\/p>\n<h2>Cum func\u021bioneaz\u0103 Cammatch?<\/h2>\n<p>Cammatch func\u021bioneaz\u0103 ca o platform\u0103 de chat video online conceput\u0103 pentru a conecta persoane din toate col\u021burile lumii. Iat\u0103 o prezentare pas cu pas a modului s\u0103u de func\u021bionare:<\/p>\n<ol>\n<li><strong>\u00cenregistrare<\/strong>: Utilizatorii \u00eencep prin a se \u00eenscrie pe platform\u0103, solicit\u00e2nd de obicei detalii de baz\u0103 precum un nume de utilizator, o adres\u0103 de e-mail \u0219i o parol\u0103.<\/li>\n<li><strong>Personalizare<\/strong>: Odat\u0103 \u00eenregistra\u021bi, utilizatorii \u00ee\u0219i pot configura profilurile \u0219i, dac\u0103 doresc, pot utiliza filtre precum sexul \u0219i \u021bara pentru a-\u0219i rafina preferin\u021bele de chat.<\/li>\n<li><strong>Participarea la chat-uri<\/strong>: Cu profilul setat, utilizatorii pot intra \u00een lumea Cammatch f\u0103c\u00e2nd clic pe \u201cJoin Now\u201d sau pe un buton similar. Ei vor fi apoi conecta\u021bi aleatoriu cu un alt utilizator pentru un chat video.<\/li>\n<li><strong>Caracteristici interactive<\/strong>: \u00cen timpul chat-ului, utilizatorii pot utiliza diverse func\u021bii precum traducerea \u00een timp real, care ajut\u0103 la eliminarea barierelor lingvistice. De asemenea, ace\u0219tia pot trece cu u\u0219urin\u021b\u0103 de la un partener de chat la altul prin utilizarea butonului \u201cUrm\u0103torul\u201d, asigur\u00e2nd astfel interac\u021biuni dinamice.<\/li>\n<li><strong>Feedback \u0219i raportare<\/strong>: \u00cen cazul \u00een care un utilizator se confrunt\u0103 cu un comportament sau un con\u021binut inadecvat, exist\u0103 mecanisme de raportare a acestor incidente pentru a men\u021bine integritatea platformei.<\/li>\n<\/ol>\n<h2>Este sigur?<\/h2>\n<p>Siguran\u021ba \u0219i confiden\u021bialitatea utilizatorilor sunt preocup\u0103ri primordiale pentru orice platform\u0103 online, iar Cammatch nu face excep\u021bie. Platforma a integrat mai multe m\u0103suri pentru a spori siguran\u021ba:<\/p>\n<ol>\n<li><strong>Cerin\u021ba de \u00eenregistrare<\/strong>: Spre deosebire de unele platforme \u00een care interac\u021biunile pot fi complet anonime, Cammatch solicit\u0103 utilizatorilor s\u0103 se \u00eenregistreze. Acest nivel de responsabilitate contribuie la descurajarea posibilelor abuzuri.<\/li>\n<li><strong>Politici stricte<\/strong>: Cammatch are politici stricte \u00eempotriva escrocilor online, a comportamentului inadecvat \u0219i a oric\u0103rei forme de h\u0103r\u021buire. Utilizatorii care \u00eencalc\u0103 aceste linii directoare se confrunt\u0103 cu consecin\u021be, inclusiv poten\u021biale interdic\u021bii.<\/li>\n<li><strong>Mecanisme de raportare<\/strong>: Utilizatorii au la dispozi\u021bie instrumentele necesare pentru a raporta orice activitate suspect\u0103 sau inadecvat\u0103 pe care o \u00eent\u00e2lnesc. Acest lucru nu numai c\u0103 le asigur\u0103 siguran\u021ba, dar contribuie \u0219i la securitatea general\u0103 a platformei.<\/li>\n<li><strong>Protec\u021bia datelor<\/strong>: Cammatch utilizeaz\u0103 criptarea \u0219i alte m\u0103suri de securitate pentru a proteja datele utilizatorilor \u0219i a le asigura confiden\u021bialitatea.<\/li>\n<li><strong>Discre\u021bia utilizatorului<\/strong>: \u00cen timp ce Cammatch dispune de m\u0103suri de siguran\u021b\u0103, utilizatorii sunt, de asemenea, sf\u0103tui\u021bi s\u0103 dea dovad\u0103 de pruden\u021b\u0103, cum ar fi s\u0103 nu partajeze informa\u021bii personale sau sensibile \u00een timpul chat-urilor.<\/li>\n<\/ol>\n<p>\u00cen concluzie, de\u0219i Cammatch depune eforturi semnificative pentru a asigura siguran\u021ba utilizatorilor, este, de asemenea, esen\u021bial ca ace\u0219tia s\u0103 fie vigilen\u021bi \u0219i s\u0103 practice un comportament online sigur.<\/p>","protected":false},"excerpt":{"rendered":"<p>In the vast world of online communication, finding a platform that genuinely stands out can be a challenge. Enter Cammatch, a video chatting service that promises more than just virtual meet-ups. While many platforms offer video chat, Cammatch has quickly made a name for itself by ensuring that users have a seamless, engaging, and, most [&hellip;]<\/p>\n","protected":false},"author":6,"featured_media":0,"parent":0,"menu_order":0,"comment_status":"closed","ping_status":"closed","template":"","meta":{"footnotes":""},"class_list":["post-11949","page","type-page","status-publish","hentry"],"yoast_head":"<!-- This site is optimized with the Yoast SEO plugin v26.9 - https:\/\/yoast.com\/product\/yoast-seo-wordpress\/ -->\n<title>Cammatch with strangers on StrangerCam.com<\/title>\n<meta name=\"description\" content=\"Like Cammatch? Come chat with more than 5.000.000 strangers on Stranger Cam for Free! Turn on your cam and find new friends &amp; maby a match!\" \/>\n<meta name=\"robots\" content=\"index, follow, max-snippet:-1, max-image-preview:large, max-video-preview:-1\" \/>\n<link rel=\"canonical\" href=\"https:\/\/strangercam.com\/ro\/cammatch\/\" \/>\n<meta property=\"og:locale\" content=\"ro_RO\" \/>\n<meta property=\"og:type\" content=\"article\" \/>\n<meta property=\"og:title\" content=\"Cammatch with strangers on StrangerCam.com\" \/>\n<meta property=\"og:description\" content=\"Like Cammatch? Come chat with more than 5.000.000 strangers on Stranger Cam for Free! Turn on your cam and find new friends &amp; maby a match!\" \/>\n<meta property=\"og:url\" content=\"https:\/\/strangercam.com\/ro\/cammatch\/\" \/>\n<meta property=\"og:site_name\" content=\"Strangercam\" \/>\n<meta property=\"article:publisher\" content=\"https:\/\/www.facebook.com\/strangercam\" \/>\n<meta property=\"article:modified_time\" content=\"2023-10-24T10:02:42+00:00\" \/>\n<meta property=\"og:image\" content=\"https:\/\/strangercam.com\/wp-content\/uploads\/2021\/10\/Untitled-2.png\" \/>\n\t<meta property=\"og:image:width\" content=\"800\" \/>\n\t<meta property=\"og:image:height\" content=\"532\" \/>\n\t<meta property=\"og:image:type\" content=\"image\/png\" \/>\n<meta name=\"twitter:card\" content=\"summary_large_image\" \/>\n<meta name=\"twitter:site\" content=\"@strangercamapp\" \/>\n<meta name=\"twitter:label1\" content=\"Timp estimat pentru citire\" \/>\n\t<meta name=\"twitter:data1\" content=\"8 minute\" \/>\n<script type=\"application\/ld+json\" class=\"yoast-schema-graph\">{\"@context\":\"https:\/\/schema.org\",\"@graph\":[{\"@type\":\"WebPage\",\"@id\":\"https:\/\/strangercam.com\/cammatch\/\",\"url\":\"https:\/\/strangercam.com\/cammatch\/\",\"name\":\"Cammatch with strangers on StrangerCam.com\",\"isPartOf\":{\"@id\":\"https:\/\/strangercam.com\/#website\"},\"datePublished\":\"2023-10-24T09:57:43+00:00\",\"dateModified\":\"2023-10-24T10:02:42+00:00\",\"description\":\"Like Cammatch? Come chat with more than 5.000.000 strangers on Stranger Cam for Free! Turn on your cam and find new friends & maby a match!\",\"breadcrumb\":{\"@id\":\"https:\/\/strangercam.com\/cammatch\/#breadcrumb\"},\"inLanguage\":\"ro-RO\",\"potentialAction\":[{\"@type\":\"ReadAction\",\"target\":[\"https:\/\/strangercam.com\/cammatch\/\"]}]},{\"@type\":\"BreadcrumbList\",\"@id\":\"https:\/\/strangercam.com\/cammatch\/#breadcrumb\",\"itemListElement\":[{\"@type\":\"ListItem\",\"position\":1,\"name\":\"Home\",\"item\":\"https:\/\/strangercam.com\/\"},{\"@type\":\"ListItem\",\"position\":2,\"name\":\"Cammatch\"}]},{\"@type\":\"WebSite\",\"@id\":\"https:\/\/strangercam.com\/#website\",\"url\":\"https:\/\/strangercam.com\/\",\"name\":\"Strangercam\",\"description\":\"Random Video Chat with Strangers\",\"publisher\":{\"@id\":\"https:\/\/strangercam.com\/#organization\"},\"alternateName\":\"Strangercam.com\",\"potentialAction\":[{\"@type\":\"SearchAction\",\"target\":{\"@type\":\"EntryPoint\",\"urlTemplate\":\"https:\/\/strangercam.com\/?s={search_term_string}\"},\"query-input\":{\"@type\":\"PropertyValueSpecification\",\"valueRequired\":true,\"valueName\":\"search_term_string\"}}],\"inLanguage\":\"ro-RO\"},{\"@type\":\"Organization\",\"@id\":\"https:\/\/strangercam.com\/#organization\",\"name\":\"Strangercam\",\"alternateName\":\"Strangercam.com\",\"url\":\"https:\/\/strangercam.com\/\",\"logo\":{\"@type\":\"ImageObject\",\"inLanguage\":\"ro-RO\",\"@id\":\"https:\/\/strangercam.com\/#\/schema\/logo\/image\/\",\"url\":\"https:\/\/strangercam.com\/wp-content\/uploads\/2020\/11\/cropped-new-favicon-black.png\",\"contentUrl\":\"https:\/\/strangercam.com\/wp-content\/uploads\/2020\/11\/cropped-new-favicon-black.png\",\"width\":512,\"height\":512,\"caption\":\"Strangercam\"},\"image\":{\"@id\":\"https:\/\/strangercam.com\/#\/schema\/logo\/image\/\"},\"sameAs\":[\"https:\/\/www.facebook.com\/strangercam\",\"https:\/\/x.com\/strangercamapp\"]}]}<\/script>\n<!-- \/ Yoast SEO plugin. -->","yoast_head_json":{"title":"Cammatch cu str\u0103ini pe StrangerCam.com","description":"\u00ce\u021bi place Cammatch? Vino s\u0103 vorbe\u0219ti cu mai mult de 5.000.000 de str\u0103ini pe Stranger Cam gratuit! Porne\u0219te-\u021bi camera \u0219i g\u0103se\u0219te prieteni noi \u0219i poate o pereche!","robots":{"index":"index","follow":"follow","max-snippet":"max-snippet:-1","max-image-preview":"max-image-preview:large","max-video-preview":"max-video-preview:-1"},"canonical":"https:\/\/strangercam.com\/ro\/cammatch\/","og_locale":"ro_RO","og_type":"article","og_title":"Cammatch with strangers on StrangerCam.com","og_description":"Like Cammatch? Come chat with more than 5.000.000 strangers on Stranger Cam for Free! Turn on your cam and find new friends & maby a match!","og_url":"https:\/\/strangercam.com\/ro\/cammatch\/","og_site_name":"Strangercam","article_publisher":"https:\/\/www.facebook.com\/strangercam","article_modified_time":"2023-10-24T10:02:42+00:00","og_image":[{"width":800,"height":532,"url":"https:\/\/strangercam.com\/wp-content\/uploads\/2021\/10\/Untitled-2.png","type":"image\/png"}],"twitter_card":"summary_large_image","twitter_site":"@strangercamapp","twitter_misc":{"Timp estimat pentru citire":"8 minute"},"schema":{"@context":"https:\/\/schema.org","@graph":[{"@type":"WebPage","@id":"https:\/\/strangercam.com\/cammatch\/","url":"https:\/\/strangercam.com\/cammatch\/","name":"Cammatch cu str\u0103ini pe StrangerCam.com","isPartOf":{"@id":"https:\/\/strangercam.com\/#website"},"datePublished":"2023-10-24T09:57:43+00:00","dateModified":"2023-10-24T10:02:42+00:00","description":"\u00ce\u021bi place Cammatch? Vino s\u0103 vorbe\u0219ti cu mai mult de 5.000.000 de str\u0103ini pe Stranger Cam gratuit! Porne\u0219te-\u021bi camera \u0219i g\u0103se\u0219te prieteni noi \u0219i poate o pereche!","breadcrumb":{"@id":"https:\/\/strangercam.com\/cammatch\/#breadcrumb"},"inLanguage":"ro-RO","potentialAction":[{"@type":"ReadAction","target":["https:\/\/strangercam.com\/cammatch\/"]}]},{"@type":"BreadcrumbList","@id":"https:\/\/strangercam.com\/cammatch\/#breadcrumb","itemListElement":[{"@type":"ListItem","position":1,"name":"Home","item":"https:\/\/strangercam.com\/"},{"@type":"ListItem","position":2,"name":"Cammatch"}]},{"@type":"WebSite","@id":"https:\/\/strangercam.com\/#website","url":"https:\/\/strangercam.com\/","name":"Strangercam","description":"Chat video aleatoriu cu str\u0103ini","publisher":{"@id":"https:\/\/strangercam.com\/#organization"},"alternateName":"Strangercam.com","potentialAction":[{"@type":"SearchAction","target":{"@type":"EntryPoint","urlTemplate":"https:\/\/strangercam.com\/?s={search_term_string}"},"query-input":{"@type":"PropertyValueSpecification","valueRequired":true,"valueName":"search_term_string"}}],"inLanguage":"ro-RO"},{"@type":"Organization","@id":"https:\/\/strangercam.com\/#organization","name":"Strangercam","alternateName":"Strangercam.com","url":"https:\/\/strangercam.com\/","logo":{"@type":"ImageObject","inLanguage":"ro-RO","@id":"https:\/\/strangercam.com\/#\/schema\/logo\/image\/","url":"https:\/\/strangercam.com\/wp-content\/uploads\/2020\/11\/cropped-new-favicon-black.png","contentUrl":"https:\/\/strangercam.com\/wp-content\/uploads\/2020\/11\/cropped-new-favicon-black.png","width":512,"height":512,"caption":"Strangercam"},"image":{"@id":"https:\/\/strangercam.com\/#\/schema\/logo\/image\/"},"sameAs":["https:\/\/www.facebook.com\/strangercam","https:\/\/x.com\/strangercamapp"]}]}},"_links":{"self":[{"href":"https:\/\/strangercam.com\/ro\/wp-json\/wp\/v2\/pages\/11949","targetHints":{"allow":["GET"]}}],"collection":[{"href":"https:\/\/strangercam.com\/ro\/wp-json\/wp\/v2\/pages"}],"about":[{"href":"https:\/\/strangercam.com\/ro\/wp-json\/wp\/v2\/types\/page"}],"author":[{"embeddable":true,"href":"https:\/\/strangercam.com\/ro\/wp-json\/wp\/v2\/users\/6"}],"replies":[{"embeddable":true,"href":"https:\/\/strangercam.com\/ro\/wp-json\/wp\/v2\/comments?post=11949"}],"version-history":[{"count":0,"href":"https:\/\/strangercam.com\/ro\/wp-json\/wp\/v2\/pages\/11949\/revisions"}],"wp:attachment":[{"href":"https:\/\/strangercam.com\/ro\/wp-json\/wp\/v2\/media?parent=11949"}],"curies":[{"name":"wp","href":"https:\/\/api.w.org\/{rel}","templated":true}]}}