{"id":11922,"date":"2023-10-23T10:00:20","date_gmt":"2023-10-23T08:00:20","guid":{"rendered":"https:\/\/strangercam.com\/?page_id=11922"},"modified":"2023-10-23T12:31:54","modified_gmt":"2023-10-23T10:31:54","slug":"strangermeetup","status":"publish","type":"page","link":"https:\/\/strangercam.com\/ro\/strangermeetup\/","title":{"rendered":"StrangerMeetup"},"content":{"rendered":"<p>StrangerMeetup s-a pozi\u021bionat \u00een domeniul aglomerat al \u00eent\u00e2lnirilor online <a href=\"https:\/\/strangercam.com\/ro\/chatroulette\/\">chat<\/a> ca o alegere popular\u0103 pentru cei care doresc s\u0103 se angajeze \u00een conversa\u021bii anonime. Spre deosebire de multe platforme de socializare \u00een care predomin\u0103 profilurile personale, istoricul \u0219i fotografiile, StrangerMeetup ofer\u0103 o perspectiv\u0103 nou\u0103. Aici, accentul este pus pe interac\u021biunea \u00een timp real, f\u0103r\u0103 bagajul identit\u0103\u021bii, ceea ce o face atractiv\u0103 <a href=\"https:\/\/strangercam.com\/ro\/mocospace\/\">spa\u021biu<\/a> pentru cei care acord\u0103 prioritate confiden\u021bialit\u0103\u021bii sau pur \u0219i simplu doresc o pauz\u0103 de la dinamica online obi\u0219nuit\u0103.<\/p>\n<p>\u00cen esen\u021ba sa, platforma este conceput\u0103 pentru a facilita conexiuni autentice \u00eentre persoane din medii diverse. Interfa\u021ba sa u\u0219or de utilizat \u0219i accentul pus pe anonimat \u00eenseamn\u0103 c\u0103 participan\u021bii se pot lansa \u00een conversa\u021bii f\u0103r\u0103 temerile adesea asociate interac\u021biunilor digitale. Atrac\u021bia este clar\u0103: o oportunitate de a-\u0219i l\u0103rgi orizonturile, de a \u00eenv\u0103\u021ba de la al\u021bii sau chiar de a se bucura de o discu\u021bie ocazional\u0103, toate acestea \u00eenf\u0103\u0219urate \u00een mantia reconfortant\u0103 a anonimatului.<\/p>\n<p>Cu toate acestea, ca toate platformele, StrangerMeetup nu este lipsit\u0103 de ciud\u0103\u021beniile \u0219i caracteristicile sale. Pentru cei care nu cunosc platforma sau se g\u00e2ndesc s\u0103 o \u00eencerce, este esen\u021bial s\u0103 \u00eei \u00een\u021beleag\u0103 nuan\u021bele, beneficiile \u0219i poten\u021bialele dezavantaje. Era digital\u0103 a adus nenum\u0103rate modalit\u0103\u021bi de comunicare, iar StrangerMeetup, cu amestecul s\u0103u de simplitate \u0219i anonimat, \u00ee\u0219i las\u0103 cu siguran\u021b\u0103 amprenta.<\/p>\n<h2>Ce este StrangerMeetup?<\/h2>\n<p>StrangerMeetup este o platform\u0103 de chat online care ofer\u0103 utilizatorilor un spa\u021biu \u00een care s\u0103 se angajeze \u00een conversa\u021bii anonime cu persoane din diferite p\u0103r\u021bi ale lumii. Distinct de platformele conven\u021bionale de social media, unde detaliile personale, fotografiile \u0219i istoricul sunt adesea \u00een prim-plan, StrangerMeetup se concentreaz\u0103 pe interac\u021biuni \u00een timp real lipsite de marcaje de identitate personal\u0103. Acest accent pus pe anonimat \u00eel transform\u0103 \u00eentr-un mediu digital unic, permi\u021b\u00e2nd utilizatorilor s\u0103 comunice f\u0103r\u0103 barierele conven\u021bionale sau temerile legate de persoanele lor din lumea real\u0103.<\/p>\n<p>Designul platformei \u00eencurajeaz\u0103 conexiunile spontane \u0219i autentice. Cu o interfa\u021b\u0103 u\u0219or de utilizat, participan\u021bii pot ini\u021bia \u0219i sus\u021bine cu u\u0219urin\u021b\u0103 conversa\u021bii, indiferent de abilit\u0103\u021bile lor tehnice. Acest lucru asigur\u0103 faptul c\u0103 accentul r\u0103m\u00e2ne pe schimbul de idei, pove\u0219ti sau discu\u021bii ocazionale, permi\u021b\u00e2nd o tapiserie bogat\u0103 de interac\u021biuni care pot fi at\u00e2t instructive, c\u00e2t \u0219i distractive.<\/p>\n<p>\u00cen esen\u021b\u0103, StrangerMeetup serve\u0219te ca o \u00eent\u00e2lnire digital\u0103 modern\u0103, unde emo\u021bia de a \u00eent\u00e2lni pe cineva nou este combinat\u0103 cu securitatea \u0219i confiden\u021bialitatea unui mediu online. Fie c\u0103 sunt \u00een c\u0103utarea unor noi prietenii, a unor conversa\u021bii ocazionale sau a unei ferestre c\u0103tre perspective diferite, utilizatorii se \u00eenghesuie la StrangerMeetup pentru combina\u021bia unic\u0103 de anonimat \u0219i conexiune uman\u0103 autentic\u0103.<\/p>\n<h2>Caracteristici ale StrangerMeetup<\/h2>\n<p>StrangerMeetup, cu pozi\u021bia sa distinct\u0103 \u00een domeniul platformelor de chat online, ofer\u0103 o varietate de caracteristici care \u00eel disting de concuren\u021bii s\u0103i. Aceste caracteristici au fost atent concepute pentru a \u00eembun\u0103t\u0103\u021bi experien\u021ba utilizatorului, acord\u00e2nd \u00een acela\u0219i timp prioritate anonimatului \u0219i u\u0219urin\u021bei \u00een utilizare.<\/p>\n<ol>\n<li><strong>Anonimatul utilizatorului:<\/strong> \u00cen centrul StrangerMeetup se afl\u0103 angajamentul s\u0103u fa\u021b\u0103 de anonimatul utilizatorului. Spre deosebire de multe alte platforme, aceasta nu solicit\u0103 utilizatorilor s\u0103 furnizeze detalii personale sau fotografii. Astfel, conversa\u021biile r\u0103m\u00e2n private, iar identit\u0103\u021bile sunt protejate.<\/li>\n<li><strong>Chat \u00een timp real:<\/strong> Platforma se m\u00e2ndre\u0219te cu un sistem de chat \u00een timp real f\u0103r\u0103 \u00eentreruperi. Utilizatorii pot intra \u00een conversa\u021bii f\u0103r\u0103 \u00eent\u00e2rzieri, asigur\u00e2ndu-se c\u0103 fluxul de discu\u021bii este fluid \u0219i instantaneu.<\/li>\n<li><strong>Baza global\u0103 de utilizatori:<\/strong> StrangerMeetup ofer\u0103 posibilitatea de a intra \u00een contact cu persoane din \u00eentreaga lume. Aceast\u0103 acoperire interna\u021bional\u0103 le permite utilizatorilor s\u0103 ob\u021bin\u0103 informa\u021bii despre diferite culturi, tradi\u021bii \u0219i perspective.<\/li>\n<li><strong>Interfa\u021b\u0103 u\u0219or de utilizat:<\/strong> Designul StrangerMeetup este intuitiv, asigur\u00e2ndu-se c\u0103 \u0219i cei care nu sunt familiariza\u021bi cu tehnologia pot naviga \u0219i utiliza platforma cu u\u0219urin\u021b\u0103.<\/li>\n<li><strong>M\u0103suri de siguran\u021b\u0103:<\/strong> Platforma a implementat mai multe caracteristici de siguran\u021b\u0103. Utilizatorii pot raporta sau bloca alte persoane care au un comportament inadecvat, asigur\u00e2ndu-se c\u0103 mediul de chat r\u0103m\u00e2ne respectuos \u0219i sigur.<\/li>\n<li><strong>Camere private de chat:<\/strong> \u00cen afar\u0103 de perechile de chat aleatorii, StrangerMeetup ofer\u0103 \u0219i camere de chat private. Aceast\u0103 caracteristic\u0103 permite utilizatorilor s\u0103 se angajeze \u00een discu\u021bii mai concentrate, f\u0103r\u0103 \u00eentreruperi.<\/li>\n<li><strong>Compatibilitate mobil\u0103:<\/strong> Recunosc\u00e2nd importan\u021ba accesibilit\u0103\u021bii \u00een mi\u0219care, StrangerMeetup este compatibil cu dispozitivele mobile, asigur\u00e2nd c\u0103 utilizatorii pot discuta de oriunde \u0219i oric\u00e2nd.<\/li>\n<\/ol>\n<table>\n<thead>\n<tr>\n<th>Caracteristic\u0103<\/th>\n<th>Descriere<\/th>\n<\/tr>\n<\/thead>\n<tbody>\n<tr>\n<td>Anonimatul utilizatorului<\/td>\n<td>Nu este nevoie de detalii personale sau fotografii; asigur\u0103 conversa\u021bii private \u0219i identit\u0103\u021bi protejate.<\/td>\n<\/tr>\n<tr>\n<td>Chat \u00een timp real<\/td>\n<td>Sistem de chat perfect \u0219i instantaneu pentru discu\u021bii fluente.<\/td>\n<\/tr>\n<tr>\n<td>Baza global\u0103 de utilizatori<\/td>\n<td>Rela\u021biona\u021bi cu persoane din medii \u0219i culturi diferite.<\/td>\n<\/tr>\n<tr>\n<td>Interfa\u021b\u0103 u\u0219or de utilizat<\/td>\n<td>Design intuitiv pentru navigare \u0219i utilizare u\u0219oar\u0103.<\/td>\n<\/tr>\n<tr>\n<td>M\u0103suri de siguran\u021b\u0103<\/td>\n<td>Op\u021biuni de raportare sau blocare a comportamentelor inadecvate, asigur\u00e2nd un mediu de chat sigur.<\/td>\n<\/tr>\n<tr>\n<td>Camere private de chat<\/td>\n<td>Participa\u021bi la discu\u021bii concentrate \u00een set\u0103ri private de chat.<\/td>\n<\/tr>\n<tr>\n<td>Compatibilitate mobil\u0103<\/td>\n<td>Conversa\u021bi din mers cu compatibilitate pe diverse dispozitive mobile.<\/td>\n<\/tr>\n<\/tbody>\n<\/table>\n<h2>Sfaturi pentru utilizarea StrangerMeetup \u00een siguran\u021b\u0103<\/h2>\n<p>Navigarea \u00een peisajul digital al platformelor de chat online precum StrangerMeetup necesit\u0103 at\u00e2t curiozitate, c\u00e2t \u0219i pruden\u021b\u0103. \u00cen timp ce platforma acord\u0103 prioritate anonimatului \u0219i ofer\u0103 caracteristici pentru a spori siguran\u021ba utilizatorilor, persoanele trebuie s\u0103 ia, de asemenea, m\u0103suri personale pentru a-\u0219i asigura propria securitate \u0219i bun\u0103stare. Iat\u0103 c\u00e2teva sfaturi de care trebuie s\u0103 \u021bine\u021bi cont atunci c\u00e2nd utiliza\u021bi StrangerMeetup \u00een siguran\u021b\u0103:<\/p>\n<ol>\n<li><strong>P\u0103stra\u021bi informa\u021biile personale:<\/strong> Atrac\u021bia anonimatului poate duce uneori la sc\u0103derea nivelului de protec\u021bie. Este esen\u021bial s\u0103 r\u0103m\u00e2ne\u021bi precaut \u0219i s\u0103 v\u0103 ab\u021bine\u021bi de la \u00eemp\u0103rt\u0103\u0219irea detaliilor personale, cum ar fi numele reale, adresele, numerele de telefon sau informa\u021biile financiare.<\/li>\n<li><strong>Utiliza\u021bi un nume de utilizator unic:<\/strong> Alege\u021bi un nume de utilizator pe care nu l-a\u021bi folosit pe alte platforme. Astfel, este mai greu pentru cineva s\u0103 v\u0103 urm\u0103reasc\u0103 activit\u0103\u021bile online sau s\u0103 v\u0103 asocieze identitatea StrangerMeetup cu alte profiluri online.<\/li>\n<li><strong>Ai \u00eencredere \u00een instinctele tale:<\/strong> Dac\u0103 o conversa\u021bie vi se pare inconfortabil\u0103 sau dac\u0103 comportamentul cuiva pare suspect, ave\u021bi \u00eencredere \u00een instinctul dumneavoastr\u0103. \u00centotdeauna este bine s\u0103 \u00eencheia\u021bi o conversa\u021bie sau s\u0103 bloca\u021bi un utilizator dac\u0103 v\u0103 sim\u021bi\u021bi inconfortabil.<\/li>\n<li><strong>Utiliza\u021bi func\u021bia Raport:<\/strong> Dac\u0103 v\u0103 confrunta\u021bi cu un comportament inadecvat, utiliza\u021bi func\u021bia de raportare a platformei. Acest lucru nu numai c\u0103 v\u0103 ajut\u0103, dar ajut\u0103 \u0219i comunitatea prin semnalarea poten\u021bialelor probleme.<\/li>\n<li><strong>Evita\u021bi s\u0103 face\u021bi clic pe linkuri necunoscute:<\/strong> Link-urile periculoase pot fi uneori partajate \u00een camerele de chat. Este \u00een\u021belept s\u0103 evita\u021bi s\u0103 face\u021bi clic pe orice link de la necunoscu\u021bi, deoarece acestea ar putea duce la site-uri d\u0103un\u0103toare sau ar putea desc\u0103rca programe malware pe dispozitivul dvs.<\/li>\n<li><strong>\u00cent\u00e2lniri \u00een via\u021ba real\u0103:<\/strong> Dac\u0103, din orice motiv, decide\u021bi s\u0103 <a href=\"https:\/\/strangercam.com\/ro\/coomeet\/\">\u00eent\u00e2lnire<\/a> cineva de la StrangerMeetup \u00een via\u021ba real\u0103, alege\u021bi \u00eentotdeauna un loc public, informa\u021bi o persoan\u0103 de \u00eencredere despre \u00eent\u00e2lnire \u0219i asigura\u021bi-v\u0103 mai \u00eent\u00e2i propria siguran\u021b\u0103.<\/li>\n<li><strong>Informeaz\u0103-te:<\/strong> Familiariza\u021bi-v\u0103 cu liniile directoare \u0219i m\u0103surile de siguran\u021b\u0103 ale StrangerMeetup. Cu c\u00e2t \u0219ti\u021bi mai multe despre politicile platformei, cu at\u00e2t ve\u021bi fi mai bine echipat pentru a naviga \u00een siguran\u021b\u0103.<\/li>\n<li><strong>R\u0103m\u00e2ne\u021bi la curent:<\/strong> Asigura\u021bi-v\u0103 c\u0103, dac\u0103 utiliza\u021bi o versiune a aplica\u021biei StrangerMeetup pentru dispozitive mobile sau desktop, aceasta este \u00eentotdeauna actualizat\u0103 la cea mai recent\u0103 versiune. Actualiz\u0103rile includ adesea \u00eembun\u0103t\u0103\u021biri ale securit\u0103\u021bii.<\/li>\n<\/ol>\n<p>\u00cen esen\u021b\u0103, de\u0219i StrangerMeetup ofer\u0103 un spa\u021biu unic pentru conversa\u021bii anonime, este vital ca utilizatorii s\u0103 combine caracteristicile de siguran\u021b\u0103 ale platformei cu vigilen\u021ba personal\u0103. Echilibrarea emo\u021biei de a cunoa\u0219te oameni noi cu con\u0219tientizarea siguran\u021bei digitale va asigura o experien\u021b\u0103 pozitiv\u0103 \u0219i sigur\u0103.<\/p>\n<h2>Concluzie<\/h2>\n<p>StrangerMeetup este o dovad\u0103 remarcabil\u0103 a naturii evolutive a interac\u021biunii umane \u00een era digital\u0103. Oferind o <a href=\"https:\/\/strangercam.com\/ro\/chat-avenue\/\">bulevard<\/a> pentru chat-uri anonime, \u00een timp real, aceasta creeaz\u0103 o punte \u00eentre culturi, ideologii \u0219i experien\u021be personale din \u00eentreaga lume. Cu toate acestea, la fel ca \u00een cazul tuturor platformelor digitale, aceasta este \u00eempletit\u0103 cu dubla provocare de a asigura securitatea, p\u0103str\u00e2nd \u00een acela\u0219i timp esen\u021ba <a href=\"https:\/\/strangercam.com\/ro\/chat4free\/\">liber<\/a> comunicare. Prin \u00eembinarea caracteristicilor de siguran\u021b\u0103 \u00eenn\u0103scute ale platformei cu m\u0103surile de precau\u021bie personale, utilizatorii pot intra \u00eentr-o lume a interac\u021biunilor diverse, promov\u00e2nd conexiunile \u0219i \u00een\u021belegerea \u00eentr-o lume digital\u0103 altfel fragmentat\u0103. \u00cen concluzie, StrangerMeetup nu numai c\u0103 reflect\u0103 interconectarea lumii noastre globalizate, dar subliniaz\u0103 \u0219i nevoia perpetu\u0103 de vigilen\u021b\u0103 \u00een domeniul vast al interac\u021biunilor online.<\/p>","protected":false},"excerpt":{"rendered":"<p>StrangerMeetup has positioned itself in the crowded realm of online chat platforms as a popular choice for those looking to engage in anonymous conversations. Unlike many social media platforms where personal profiles, histories, and pictures dominate, StrangerMeetup offers a fresh perspective. Here, the emphasis is on real-time interaction without the baggage of identity, making it [&hellip;]<\/p>\n","protected":false},"author":6,"featured_media":559,"parent":0,"menu_order":0,"comment_status":"closed","ping_status":"closed","template":"","meta":{"footnotes":""},"class_list":["post-11922","page","type-page","status-publish","has-post-thumbnail","hentry"],"yoast_head":"<!-- This site is optimized with the Yoast SEO plugin v27.4 - https:\/\/yoast.com\/product\/yoast-seo-wordpress\/ -->\n<title>StrangerMeetup - Chat with strangers on StrangerCam.com<\/title>\n<meta name=\"description\" content=\"Like StrangerMeetup? Come chat with more than 5.000.000 strangers on Stranger Cam for Free! Turn on your cam and find new friends &amp; maby a match!\" \/>\n<meta name=\"robots\" content=\"index, follow, max-snippet:-1, max-image-preview:large, max-video-preview:-1\" \/>\n<link rel=\"canonical\" href=\"https:\/\/strangercam.com\/ro\/strangermeetup\/\" \/>\n<meta property=\"og:locale\" content=\"ro_RO\" \/>\n<meta property=\"og:type\" content=\"article\" \/>\n<meta property=\"og:title\" content=\"StrangerMeetup - Chat with strangers on StrangerCam.com\" \/>\n<meta property=\"og:description\" content=\"Like StrangerMeetup? Come chat with more than 5.000.000 strangers on Stranger Cam for Free! Turn on your cam and find new friends &amp; maby a match!\" \/>\n<meta property=\"og:url\" content=\"https:\/\/strangercam.com\/ro\/strangermeetup\/\" \/>\n<meta property=\"og:site_name\" content=\"Strangercam\" \/>\n<meta property=\"article:publisher\" content=\"https:\/\/www.facebook.com\/strangercam\" \/>\n<meta property=\"article:modified_time\" content=\"2023-10-23T10:31:54+00:00\" \/>\n<meta property=\"og:image\" content=\"https:\/\/strangercam.com\/wp-content\/uploads\/2020\/11\/stranger-cam-1.png\" \/>\n\t<meta property=\"og:image:width\" content=\"800\" \/>\n\t<meta property=\"og:image:height\" content=\"800\" \/>\n\t<meta property=\"og:image:type\" content=\"image\/png\" \/>\n<meta name=\"twitter:card\" content=\"summary_large_image\" \/>\n<meta name=\"twitter:site\" content=\"@strangercamapp\" \/>\n<meta name=\"twitter:label1\" content=\"Timp estimat pentru citire\" \/>\n\t<meta name=\"twitter:data1\" content=\"6 minute\" \/>\n<script type=\"application\/ld+json\" class=\"yoast-schema-graph\">{\"@context\":\"https:\\\/\\\/schema.org\",\"@graph\":[{\"@type\":\"WebPage\",\"@id\":\"https:\\\/\\\/strangercam.com\\\/strangermeetup\\\/\",\"url\":\"https:\\\/\\\/strangercam.com\\\/strangermeetup\\\/\",\"name\":\"StrangerMeetup - Chat with strangers on StrangerCam.com\",\"isPartOf\":{\"@id\":\"https:\\\/\\\/strangercam.com\\\/#website\"},\"primaryImageOfPage\":{\"@id\":\"https:\\\/\\\/strangercam.com\\\/strangermeetup\\\/#primaryimage\"},\"image\":{\"@id\":\"https:\\\/\\\/strangercam.com\\\/strangermeetup\\\/#primaryimage\"},\"thumbnailUrl\":\"https:\\\/\\\/strangercam.com\\\/wp-content\\\/uploads\\\/2020\\\/11\\\/stranger-cam-1.png\",\"datePublished\":\"2023-10-23T08:00:20+00:00\",\"dateModified\":\"2023-10-23T10:31:54+00:00\",\"description\":\"Like StrangerMeetup? Come chat with more than 5.000.000 strangers on Stranger Cam for Free! Turn on your cam and find new friends & maby a match!\",\"breadcrumb\":{\"@id\":\"https:\\\/\\\/strangercam.com\\\/strangermeetup\\\/#breadcrumb\"},\"inLanguage\":\"ro-RO\",\"potentialAction\":[{\"@type\":\"ReadAction\",\"target\":[\"https:\\\/\\\/strangercam.com\\\/strangermeetup\\\/\"]}]},{\"@type\":\"ImageObject\",\"inLanguage\":\"ro-RO\",\"@id\":\"https:\\\/\\\/strangercam.com\\\/strangermeetup\\\/#primaryimage\",\"url\":\"https:\\\/\\\/strangercam.com\\\/wp-content\\\/uploads\\\/2020\\\/11\\\/stranger-cam-1.png\",\"contentUrl\":\"https:\\\/\\\/strangercam.com\\\/wp-content\\\/uploads\\\/2020\\\/11\\\/stranger-cam-1.png\",\"width\":800,\"height\":800,\"caption\":\"stranger cam random video chat\"},{\"@type\":\"BreadcrumbList\",\"@id\":\"https:\\\/\\\/strangercam.com\\\/strangermeetup\\\/#breadcrumb\",\"itemListElement\":[{\"@type\":\"ListItem\",\"position\":1,\"name\":\"Home\",\"item\":\"https:\\\/\\\/strangercam.com\\\/\"},{\"@type\":\"ListItem\",\"position\":2,\"name\":\"StrangerMeetup\"}]},{\"@type\":\"WebSite\",\"@id\":\"https:\\\/\\\/strangercam.com\\\/#website\",\"url\":\"https:\\\/\\\/strangercam.com\\\/\",\"name\":\"Strangercam\",\"description\":\"Random Video Chat with Strangers\",\"publisher\":{\"@id\":\"https:\\\/\\\/strangercam.com\\\/#organization\"},\"alternateName\":\"Strangercam.com\",\"potentialAction\":[{\"@type\":\"SearchAction\",\"target\":{\"@type\":\"EntryPoint\",\"urlTemplate\":\"https:\\\/\\\/strangercam.com\\\/?s={search_term_string}\"},\"query-input\":{\"@type\":\"PropertyValueSpecification\",\"valueRequired\":true,\"valueName\":\"search_term_string\"}}],\"inLanguage\":\"ro-RO\"},{\"@type\":\"Organization\",\"@id\":\"https:\\\/\\\/strangercam.com\\\/#organization\",\"name\":\"Strangercam\",\"alternateName\":\"Strangercam.com\",\"url\":\"https:\\\/\\\/strangercam.com\\\/\",\"logo\":{\"@type\":\"ImageObject\",\"inLanguage\":\"ro-RO\",\"@id\":\"https:\\\/\\\/strangercam.com\\\/#\\\/schema\\\/logo\\\/image\\\/\",\"url\":\"https:\\\/\\\/strangercam.com\\\/wp-content\\\/uploads\\\/2020\\\/11\\\/cropped-new-favicon-black.png\",\"contentUrl\":\"https:\\\/\\\/strangercam.com\\\/wp-content\\\/uploads\\\/2020\\\/11\\\/cropped-new-favicon-black.png\",\"width\":512,\"height\":512,\"caption\":\"Strangercam\"},\"image\":{\"@id\":\"https:\\\/\\\/strangercam.com\\\/#\\\/schema\\\/logo\\\/image\\\/\"},\"sameAs\":[\"https:\\\/\\\/www.facebook.com\\\/strangercam\",\"https:\\\/\\\/x.com\\\/strangercamapp\"]}]}<\/script>\n<!-- \/ Yoast SEO plugin. -->","yoast_head_json":{"title":"StrangerMeetup - Chat cu str\u0103ini pe StrangerCam.com","description":"\u00ce\u021bi place StrangerMeetup? Vino s\u0103 vorbe\u0219ti cu mai mult de 5.000.000 de str\u0103ini pe Stranger Cam gratuit! Porne\u0219te-\u021bi camera \u0219i g\u0103se\u0219te prieteni noi \u0219i poate o pereche!","robots":{"index":"index","follow":"follow","max-snippet":"max-snippet:-1","max-image-preview":"max-image-preview:large","max-video-preview":"max-video-preview:-1"},"canonical":"https:\/\/strangercam.com\/ro\/strangermeetup\/","og_locale":"ro_RO","og_type":"article","og_title":"StrangerMeetup - Chat with strangers on StrangerCam.com","og_description":"Like StrangerMeetup? Come chat with more than 5.000.000 strangers on Stranger Cam for Free! Turn on your cam and find new friends & maby a match!","og_url":"https:\/\/strangercam.com\/ro\/strangermeetup\/","og_site_name":"Strangercam","article_publisher":"https:\/\/www.facebook.com\/strangercam","article_modified_time":"2023-10-23T10:31:54+00:00","og_image":[{"width":800,"height":800,"url":"https:\/\/strangercam.com\/wp-content\/uploads\/2020\/11\/stranger-cam-1.png","type":"image\/png"}],"twitter_card":"summary_large_image","twitter_site":"@strangercamapp","twitter_misc":{"Timp estimat pentru citire":"6 minute"},"schema":{"@context":"https:\/\/schema.org","@graph":[{"@type":"WebPage","@id":"https:\/\/strangercam.com\/strangermeetup\/","url":"https:\/\/strangercam.com\/strangermeetup\/","name":"StrangerMeetup - Chat cu str\u0103ini pe StrangerCam.com","isPartOf":{"@id":"https:\/\/strangercam.com\/#website"},"primaryImageOfPage":{"@id":"https:\/\/strangercam.com\/strangermeetup\/#primaryimage"},"image":{"@id":"https:\/\/strangercam.com\/strangermeetup\/#primaryimage"},"thumbnailUrl":"https:\/\/strangercam.com\/wp-content\/uploads\/2020\/11\/stranger-cam-1.png","datePublished":"2023-10-23T08:00:20+00:00","dateModified":"2023-10-23T10:31:54+00:00","description":"\u00ce\u021bi place StrangerMeetup? Vino s\u0103 vorbe\u0219ti cu mai mult de 5.000.000 de str\u0103ini pe Stranger Cam gratuit! Porne\u0219te-\u021bi camera \u0219i g\u0103se\u0219te prieteni noi \u0219i poate o pereche!","breadcrumb":{"@id":"https:\/\/strangercam.com\/strangermeetup\/#breadcrumb"},"inLanguage":"ro-RO","potentialAction":[{"@type":"ReadAction","target":["https:\/\/strangercam.com\/strangermeetup\/"]}]},{"@type":"ImageObject","inLanguage":"ro-RO","@id":"https:\/\/strangercam.com\/strangermeetup\/#primaryimage","url":"https:\/\/strangercam.com\/wp-content\/uploads\/2020\/11\/stranger-cam-1.png","contentUrl":"https:\/\/strangercam.com\/wp-content\/uploads\/2020\/11\/stranger-cam-1.png","width":800,"height":800,"caption":"stranger cam random video chat"},{"@type":"BreadcrumbList","@id":"https:\/\/strangercam.com\/strangermeetup\/#breadcrumb","itemListElement":[{"@type":"ListItem","position":1,"name":"Home","item":"https:\/\/strangercam.com\/"},{"@type":"ListItem","position":2,"name":"StrangerMeetup"}]},{"@type":"WebSite","@id":"https:\/\/strangercam.com\/#website","url":"https:\/\/strangercam.com\/","name":"Strangercam","description":"Chat video aleatoriu cu str\u0103ini","publisher":{"@id":"https:\/\/strangercam.com\/#organization"},"alternateName":"Strangercam.com","potentialAction":[{"@type":"SearchAction","target":{"@type":"EntryPoint","urlTemplate":"https:\/\/strangercam.com\/?s={search_term_string}"},"query-input":{"@type":"PropertyValueSpecification","valueRequired":true,"valueName":"search_term_string"}}],"inLanguage":"ro-RO"},{"@type":"Organization","@id":"https:\/\/strangercam.com\/#organization","name":"Strangercam","alternateName":"Strangercam.com","url":"https:\/\/strangercam.com\/","logo":{"@type":"ImageObject","inLanguage":"ro-RO","@id":"https:\/\/strangercam.com\/#\/schema\/logo\/image\/","url":"https:\/\/strangercam.com\/wp-content\/uploads\/2020\/11\/cropped-new-favicon-black.png","contentUrl":"https:\/\/strangercam.com\/wp-content\/uploads\/2020\/11\/cropped-new-favicon-black.png","width":512,"height":512,"caption":"Strangercam"},"image":{"@id":"https:\/\/strangercam.com\/#\/schema\/logo\/image\/"},"sameAs":["https:\/\/www.facebook.com\/strangercam","https:\/\/x.com\/strangercamapp"]}]}},"_links":{"self":[{"href":"https:\/\/strangercam.com\/ro\/wp-json\/wp\/v2\/pages\/11922","targetHints":{"allow":["GET"]}}],"collection":[{"href":"https:\/\/strangercam.com\/ro\/wp-json\/wp\/v2\/pages"}],"about":[{"href":"https:\/\/strangercam.com\/ro\/wp-json\/wp\/v2\/types\/page"}],"author":[{"embeddable":true,"href":"https:\/\/strangercam.com\/ro\/wp-json\/wp\/v2\/users\/6"}],"replies":[{"embeddable":true,"href":"https:\/\/strangercam.com\/ro\/wp-json\/wp\/v2\/comments?post=11922"}],"version-history":[{"count":0,"href":"https:\/\/strangercam.com\/ro\/wp-json\/wp\/v2\/pages\/11922\/revisions"}],"wp:featuredmedia":[{"embeddable":true,"href":"https:\/\/strangercam.com\/ro\/wp-json\/wp\/v2\/media\/559"}],"wp:attachment":[{"href":"https:\/\/strangercam.com\/ro\/wp-json\/wp\/v2\/media?parent=11922"}],"curies":[{"name":"wp","href":"https:\/\/api.w.org\/{rel}","templated":true}]}}