{"id":11273,"date":"2022-08-11T20:04:37","date_gmt":"2022-08-11T18:04:37","guid":{"rendered":"https:\/\/strangercam.com\/?page_id=11273"},"modified":"2023-08-21T11:40:07","modified_gmt":"2023-08-21T09:40:07","slug":"321chat","status":"publish","type":"page","link":"https:\/\/strangercam.com\/ro\/321chat\/","title":{"rendered":"321chat"},"content":{"rendered":"<p>Cunoa\u0219tem cu to\u021bii sentimentul de st\u00e2njeneal\u0103 c\u00e2nd suntem \u00eentr-o situa\u021bie social\u0103 \u0219i nu cunoa\u0219tem pe nimeni. Chiar dac\u0103 sunt \u0219i alte persoane \u00een jur, putem avea impresia c\u0103 suntem singurii din \u00eenc\u0103pere. Dar dac\u0103 ar exista o modalitate de a vorbi cu str\u0103inii care s\u0103 nu implice nici un fel de st\u00e2njeneal\u0103 sau stres?<\/p>\n<p>Introducere <a href=\"https:\/\/strangercam.com\/ro\/strangermeetup\/\">321chat<\/a>, a <a href=\"https:\/\/strangercam.com\/ro\/chatroulette\/\">chat<\/a> care v\u0103 permite s\u0103 v\u0103 conecta\u021bi cu oameni din \u00eentreaga lume. Fie c\u0103 e\u0219ti \u00een c\u0103utarea unui nou prieten sau vrei doar s\u0103 discu\u021bi despre hobby-urile tale, 321chat este locul perfect pentru tine.<\/p>\n<h2>Ce este 321chat?<\/h2>\n<p>321chat este un site web care ofer\u0103 o platform\u0103 pentru ca oamenii s\u0103 discute cu persoane necunoscute. Site-ul este conceput pentru a facilita conversa\u021biile anonime \u00eentre dou\u0103 persoane.<\/p>\n<p>321chat nu necesit\u0103 \u00eenregistrare sau informa\u021bii personale. Tot ce trebuie s\u0103 face\u021bi este s\u0103 alege\u021bi un nume de utilizator \u0219i s\u0103 \u00eencepe\u021bi s\u0103 discuta\u021bi.<\/p>\n<p>Conversa\u021biile de pe 321chat sunt complet anonime. Acest lucru \u00eenseamn\u0103 c\u0103 pute\u021bi spune orice dori\u021bi f\u0103r\u0103 s\u0103 v\u0103 face\u021bi griji c\u0103 ve\u021bi fi judeca\u021bi.<\/p>\n<p>321chat este un loc minunat pentru a vorbi despre orice \u0219i despre orice. Po\u021bi vorbi despre ziua ta, hobby-urile tale, g\u00e2ndurile tale \u0219i orice altceva despre care vrei s\u0103 vorbe\u0219ti.<\/p>\n<p>Dac\u0103 te sim\u021bi singur sau vrei doar s\u0103 vorbe\u0219ti cu cineva, 321chat este locul perfect pentru tine. Pute\u021bi g\u0103si persoane care v\u0103 \u00eemp\u0103rt\u0103\u0219esc interesele \u0219i pute\u021bi construi noi rela\u021bii.<\/p>\n<h2>Cum func\u021bioneaz\u0103 321chat?<\/h2>\n<p>321chat este un site web care v\u0103 permite s\u0103 discuta\u021bi cu str\u0103ini din \u00eentreaga lume.<\/p>\n<p>Pute\u021bi \u00eencepe chat-ul introduc\u00e2ndu-v\u0103 numele \u0219i aleg\u00e2nd o camer\u0103 de chat. Odat\u0103 ce sunte\u021bi \u00een camera de chat, ve\u021bi putea vedea ceilal\u021bi utilizatori din camer\u0103 \u0219i ve\u021bi putea \u00eencepe s\u0103 discuta\u021bi cu ei.<\/p>\n<p>Conversa\u021biile din 321chat sunt anonime, ceea ce \u00eenseamn\u0103 c\u0103 po\u021bi spune ce vrei f\u0103r\u0103 s\u0103 te temi c\u0103 vei fi judecat.<\/p>\n<p>321chat este o modalitate excelent\u0103 de a <a href=\"https:\/\/strangercam.com\/ro\/coomeet\/\">\u00eent\u00e2lnire<\/a> oameni noi \u0219i s\u0103 v\u0103 face\u021bi prieteni noi. Este, de asemenea, o modalitate excelent\u0103 de a \u00eenv\u0103\u021ba despre alte culturi \u0219i de a v\u0103 exersa cuno\u0219tin\u021bele de limba englez\u0103.<\/p>\n<h2>Cum s\u0103 \u00eencepe\u021bi o conversa\u021bie pe 321chat<\/h2>\n<p>\u00cenceperea unei conversa\u021bii pe 321chat poate fi u\u0219oar\u0103 dac\u0103 \u0219ti\u021bi cum s\u0103 o aborda\u021bi. Cheia este s\u0103 fii tu \u00eensu\u021bi \u0219i s\u0103 nu-\u021bi fie team\u0103 s\u0103 pui \u00eentreb\u0103ri.<\/p>\n<p>C\u00e2nd \u00eencepe\u021bi s\u0103 discuta\u021bi cu cineva, este important s\u0103 v\u0103 prezenta\u021bi. Acest lucru o va ajuta pe cealalt\u0103 persoan\u0103 s\u0103 se simt\u0103 mai confortabil vorbind cu dumneavoastr\u0103. Odat\u0103 ce v-a\u021bi prezentat, pute\u021bi \u00eencepe s\u0103 pune\u021bi \u00eentreb\u0103ri despre cealalt\u0103 persoan\u0103.<\/p>\n<p>De asemenea, este important s\u0103 fi\u021bi un ascult\u0103tor activ atunci c\u00e2nd discuta\u021bi cu cineva. Aceasta \u00eenseamn\u0103 c\u0103 trebuie s\u0103 acorda\u021bi aten\u021bie la ceea ce spune cealalt\u0103 persoan\u0103 \u0219i s\u0103 \u00eencerca\u021bi s\u0103 v\u0103 implica\u021bi \u00een conversa\u021bie. Nu a\u0219tepta\u021bi doar s\u0103 v\u0103 vin\u0103 r\u00e2ndul s\u0103 vorbi\u021bi!<\/p>\n<p>Dac\u0103 nu reu\u0219i\u021bi s\u0103 v\u0103 g\u00e2ndi\u021bi la ce s\u0103 spune\u021bi, pute\u021bi oric\u00e2nd s\u0103 \u00eentreba\u021bi cealalt\u0103 persoan\u0103 despre hobby-urile sau interesele sale. Oamenilor le place s\u0103 vorbeasc\u0103 despre ei \u00een\u0219i\u0219i, a\u0219a c\u0103 aceasta este o modalitate excelent\u0103 de a porni conversa\u021bia.<\/p>\n<p>\u00cen cele din urm\u0103, nu uita\u021bi s\u0103 v\u0103 distra\u021bi! Discu\u021biile cu str\u0103inii pot fi o modalitate excelent\u0103 de a-\u021bi face noi prieteni, a\u0219a c\u0103 distreaz\u0103-te \u0219i nu-\u021bi fie team\u0103 s\u0103 fii tu \u00eensu\u021bi.<\/p>\n<h2>Ce s\u0103 faci dac\u0103 te sim\u021bi timid pe 321chat<\/h2>\n<p>Dac\u0103 v\u0103 sim\u021bi\u021bi timid pe 321chat, nu v\u0103 face\u021bi griji! Exist\u0103 o mul\u021bime de lucruri pe care le pute\u021bi face pentru a face experien\u021ba mai pl\u0103cut\u0103.<\/p>\n<p>\u00cen primul r\u00e2nd, respira\u021bi ad\u00e2nc \u0219i relaxa\u021bi-v\u0103. Este important s\u0103 v\u0103 aminti\u021bi c\u0103 toat\u0103 lumea este aici doar pentru a discuta \u0219i a se distra. Nu este nevoie s\u0103 fi\u021bi nervo\u0219i.<\/p>\n<p>\u00cen al doilea r\u00e2nd, \u00eencepe\u021bi prin a discuta cu persoanele care sunt \u00een aceea\u0219i camer\u0103 cu dvs. \u00cen acest fel, pute\u021bi ajunge s\u0103 \u00eei cunoa\u0219te\u021bi pu\u021bin \u00eenainte de a trece la chat-uri private.<\/p>\n<p>\u00cen al treilea r\u00e2nd, \u00eencerca\u021bi s\u0103 fi\u021bi voi \u00een\u0219iv\u0103! Fi\u021bi prietenos \u0219i deschis, iar oamenii vor r\u0103spunde la fel. Nu v\u0103 fie team\u0103 s\u0103 pune\u021bi \u00eentreb\u0103ri sau s\u0103 \u00eencepe\u021bi conversa\u021bii.<\/p>\n<p>\u00cen al patrulea r\u00e2nd, dac\u0103 v\u0103 sim\u021bi\u021bi inconfortabil, pute\u021bi p\u0103r\u0103si oric\u00e2nd camera de chat. Nimeni nu v\u0103 va for\u021ba s\u0103 r\u0103m\u00e2ne\u021bi dac\u0103 nu v\u0103 sim\u021bi\u021bi bine.<\/p>\n<p>A\u0219a c\u0103 da\u021bi-i drumul \u0219i \u00eencerca\u021bi 321chat! \u00ce\u021bi promitem c\u0103 te vei sim\u021bi bine.<\/p>\n<h2>Care sunt avantajele de a vorbi cu str\u0103inii pe 321chat?<\/h2>\n<p>Cunoa\u0219tem cu to\u021bii acel sentiment de disconfort c\u00e2nd ne afl\u0103m \u00eentr-o situa\u021bie social\u0103 \u00een care nu cunoa\u0219tem pe nimeni. Este \u00een natura uman\u0103 s\u0103 vrei s\u0103 te conectezi cu ceilal\u021bi \u0219i, uneori, cea mai bun\u0103 modalitate de a face acest lucru este s\u0103 vorbe\u0219ti cu str\u0103inii.<\/p>\n<p>Exist\u0103 de fapt destul de multe beneficii \u00een a vorbi cu str\u0103inii pe 321chat. \u00cen primul r\u00e2nd, v\u0103 poate ajuta s\u0103 v\u0103 exersa\u021bi abilit\u0103\u021bile sociale. Dac\u0103 sunte\u021bi timid sau introvertit, discu\u021biile cu str\u0103inii pot fi o modalitate foarte bun\u0103 de a v\u0103 consolida \u00eencrederea.<\/p>\n<p>De asemenea, v\u0103 poate ajuta s\u0103 v\u0103 extinde\u021bi cercul social. Nu se \u0219tie niciodat\u0103, s-ar putea s\u0103 cuno\u0219ti pe cineva pe 321chat care s\u0103 devin\u0103 un prieten bun sau chiar mai mult.<\/p>\n<p>Discu\u021biile cu str\u0103inii pot fi, de asemenea, o modalitate excelent\u0103 de a \u00eenv\u0103\u021ba despre culturi \u0219i experien\u021be noi. Ve\u021bi fi surprin\u0219i de c\u00e2t de multe pute\u021bi afla despre cineva doar discut\u00e2nd cu el c\u00e2teva minute.<\/p>\n<p>A\u0219adar, data viitoare c\u00e2nd v\u0103 afla\u021bi pe 321chat, nu v\u0103 fie team\u0103 s\u0103 \u00eencepe\u021bi o conversa\u021bie cu cineva nou. S-ar putea s\u0103 descoperi c\u0103 este cea mai bun\u0103 decizie pe care ai luat-o vreodat\u0103!<\/p>\n<h2>Avantaje \u0219i dezavantaje ale 321chat<\/h2>\n<p>Unele avantaje ale 321chat includ faptul c\u0103 este un site de chat gratuit \u0219i sigur, c\u0103 are o baz\u0103 mare de utilizatori \u0219i c\u0103 este disponibil \u00een multe limbi. \u00cen plus, 321chat ofer\u0103 caracteristici precum chat \u00een grup, apeluri VoIP \u0219i partajarea fi\u0219ierelor.<\/p>\n<p>Cu toate acestea, unele dezavantaje ale 321chat includ faptul c\u0103 poate fi dificil s\u0103 g\u0103se\u0219ti prieteni pe site \u0219i c\u0103 acesta poate fi uneori lent.<\/p>\n<h2>Cum s\u0103 profita\u021bi la maximum de 321chat?<\/h2>\n<p>321chat este o modalitate excelent\u0103 de a-\u021bi face prieteni noi \u0219i de a te conecta cu oameni din \u00eentreaga lume. Este, de asemenea, o modalitate excelent\u0103 de a purta conversa\u021bii cu str\u0103inii, ceea ce poate fi foarte distractiv!<\/p>\n<p>Exist\u0103 c\u00e2teva lucruri pe care le pute\u021bi face pentru a profita la maximum de 321chat:<\/p>\n<ol>\n<li>Utiliza\u021bi chat-ul pentru a purta conversa\u021bii ocazionale cu str\u0103inii. Aceasta este o modalitate excelent\u0103 de a afla mai multe despre ei \u0219i de a \u00eencepe o eventual\u0103 prietenie.<\/li>\n<li>Utiliza\u021bi chat-ul pentru a g\u0103si informa\u021bii sau sfaturi. Dac\u0103 c\u0103uta\u021bi informa\u021bii despre un subiect, utilizarea chat-ului poate fi o modalitate mai rapid\u0103 \u0219i mai u\u0219oar\u0103 de a le g\u0103si dec\u00e2t c\u0103utarea online.<\/li>\n<li>Folose\u0219te chat-ul ca o oportunitate de a-\u021bi exersa cuno\u0219tin\u021bele de englez\u0103 vorbit\u0103. Nu se \u0219tie niciodat\u0103 c\u00e2nd va trebui s\u0103 folosi\u021bi limba englez\u0103 \u00eentr-un interviu sau \u00eentr-o conversa\u021bie \u00een afara 321chat!<\/li>\n<\/ol>\n<h2>Este sigur de utilizat?<\/h2>\n<p>Nu exist\u0103 nicio \u00eendoial\u0103 c\u0103 a vorbi cu str\u0103inii pe chat este o experien\u021b\u0103 distractiv\u0103 \u0219i palpitant\u0103. Cu toate acestea, este important s\u0103 v\u0103 aminti\u021bi c\u0103 este \u00eenc\u0103 extrem de important s\u0103 fi\u021bi prudent atunci c\u00e2nd v\u0103 angaja\u021bi \u00een conversa\u021bii pe chat.<\/p>\n<p>Una dintre cele mai mari probleme de siguran\u021b\u0103 atunci c\u00e2nd se utilizeaz\u0103 chat-ul este h\u0103r\u021buirea cibernetic\u0103. Cyberbullying se refer\u0103 la orice tip de h\u0103r\u021buire online sau offline care are loc \u00eentre persoane care se cunosc \u00eentre ele. Aceasta poate include trimiterea de mesaje jignitoare, luarea \u00een r\u00e2s a cuiva sau postarea de fotografii jenante.<\/p>\n<p>Este important s\u0103 v\u0103 aminti\u021bi c\u0103 ave\u021bi de-a face cu persoane pe care nu le cunoa\u0219te\u021bi \u00eentr-un loc public <a href=\"https:\/\/strangercam.com\/ro\/mocospace\/\">spa\u021biu<\/a>. Aceasta \u00eenseamn\u0103 c\u0103 persoana poate fi sup\u0103rat\u0103 sau furioas\u0103 pe dvs. \u00een orice moment. Dac\u0103 v\u0103 sim\u021bi\u021bi inconfortabil sau amenin\u021bat, v\u0103 rug\u0103m s\u0103 \u00eenceta\u021bi imediat comunicarea cu persoana respectiv\u0103.<\/p>\n<h2>M\u0103suri preventive \u00een timpul utiliz\u0103rii chat-ului video aleatoriu<\/h2>\n<p>Una dintre cele mai bune modalit\u0103\u021bi de a v\u0103 \u00eempiedica s\u0103 fi\u021bi atacat sau h\u0103r\u021buit \u00een timp ce utiliza\u021bi <a href=\"https:\/\/strangercam.com\/ro\/chathub\/\">chat video aleatoriu<\/a> este s\u0103 lua\u021bi m\u0103suri proactive. Iat\u0103 c\u00e2teva sfaturi de urmat:<\/p>\n<ol>\n<li>Utiliza\u021bi \u00eentotdeauna un VPN atunci c\u00e2nd utiliza\u021bi chat-ul video aleatoriu. Un VPN v\u0103 va cripta datele \u0219i le va proteja pentru a nu fi v\u0103zute de oricine altcineva de pe re\u021bea. Acest lucru v\u0103 va ajuta s\u0103 evita\u021bi eventualele atacuri sau h\u0103r\u021buiri.<\/li>\n<li>Utiliza\u021bi \u00eentotdeauna un nume de utilizator \u0219i o parol\u0103 diferite pentru fiecare cont de chat video aleatoriu pe care \u00eel crea\u021bi. \u00cen acest fel, dac\u0103 cineva v\u0103 atac\u0103 sau v\u0103 h\u0103r\u021buie\u0219te, nu va putea s\u0103 v\u0103 acceseze celelalte conturi cu acel nume de utilizator \u0219i parol\u0103.<\/li>\n<li>Nu \u00eemp\u0103rt\u0103\u0219i\u021bi informa\u021bii personale, cum ar fi numele complet sau adresa dvs., cu persoane necunoscute \u00een cadrul unui chat video aleatoriu. Dac\u0103 cineva v\u0103 atac\u0103 sau v\u0103 h\u0103r\u021buie\u0219te, va putea afla mai multe despre dvs. \u00een acest fel.<\/li>\n<\/ol>\n<p>Urm\u00e2nd aceste m\u0103suri de precau\u021bie, v\u0103 pute\u021bi asigura c\u0103 ave\u021bi o experien\u021b\u0103 sigur\u0103 \u0219i pl\u0103cut\u0103 folosind chat-ul video aleatoriu<\/p>\n<h2>Concluzie<\/h2>\n<p>321chat este o resurs\u0103 excelent\u0103 pentru persoanele care doresc s\u0103 \u00ee\u0219i fac\u0103 prieteni sau s\u0103 \u00ee\u0219i g\u0103seasc\u0103 al\u021bii noi. Camera de chat este deschis\u0103 24 de ore din 24, 7 zile din 7, \u0219i v\u0103 pute\u021bi \u00eenscrie tast\u00e2nd ora\u0219ul sau \u021bara dvs. \u0219i f\u0103c\u00e2nd clic pe link. Odat\u0103 ce v-a\u021bi conectat, \u00eencepe\u021bi s\u0103 discuta\u021bi cu oricine vi se pare interesant! Nu ve\u021bi \u0219ti niciodat\u0103 ce fel de prietenii pute\u021bi forma \u00een acest fel.<\/p>","protected":false},"excerpt":{"rendered":"<p>We all know that feeling of awkwardness when we&#8217;re in a social situation and we don&#8217;t know anyone. Even if there are other people around, it can feel like we&#8217;re the only ones in the room. But what if there was a way to talk to strangers that didn&#8217;t involve any of the awkwardness or [&hellip;]<\/p>\n","protected":false},"author":6,"featured_media":559,"parent":0,"menu_order":0,"comment_status":"closed","ping_status":"closed","template":"","meta":{"footnotes":""},"class_list":["post-11273","page","type-page","status-publish","has-post-thumbnail","hentry"],"yoast_head":"<!-- This site is optimized with the Yoast SEO plugin v27.4 - https:\/\/yoast.com\/product\/yoast-seo-wordpress\/ -->\n<title>321chat - Chat with strangers on StrangerCam.com<\/title>\n<meta name=\"description\" content=\"Like 321chat? Come chat with more than 5.000.000 strangers on Stranger Cam for Free! Turn on your cam and find new friends &amp; maby a match!\" \/>\n<meta name=\"robots\" content=\"index, follow, max-snippet:-1, max-image-preview:large, max-video-preview:-1\" \/>\n<link rel=\"canonical\" href=\"https:\/\/strangercam.com\/ro\/321chat\/\" \/>\n<meta property=\"og:locale\" content=\"ro_RO\" \/>\n<meta property=\"og:type\" content=\"article\" \/>\n<meta property=\"og:title\" content=\"321chat - Chat with strangers on StrangerCam.com\" \/>\n<meta property=\"og:description\" content=\"Like 321chat? Come chat with more than 5.000.000 strangers on Stranger Cam for Free! Turn on your cam and find new friends &amp; maby a match!\" \/>\n<meta property=\"og:url\" content=\"https:\/\/strangercam.com\/ro\/321chat\/\" \/>\n<meta property=\"og:site_name\" content=\"Strangercam\" \/>\n<meta property=\"article:publisher\" content=\"https:\/\/www.facebook.com\/strangercam\" \/>\n<meta property=\"article:modified_time\" content=\"2023-08-21T09:40:07+00:00\" \/>\n<meta property=\"og:image\" content=\"https:\/\/strangercam.com\/wp-content\/uploads\/2020\/11\/stranger-cam-1.png\" \/>\n\t<meta property=\"og:image:width\" content=\"800\" \/>\n\t<meta property=\"og:image:height\" content=\"800\" \/>\n\t<meta property=\"og:image:type\" content=\"image\/png\" \/>\n<meta name=\"twitter:card\" content=\"summary_large_image\" \/>\n<meta name=\"twitter:site\" content=\"@strangercamapp\" \/>\n<meta name=\"twitter:label1\" content=\"Timp estimat pentru citire\" \/>\n\t<meta name=\"twitter:data1\" content=\"7 minute\" \/>\n<script type=\"application\/ld+json\" class=\"yoast-schema-graph\">{\"@context\":\"https:\\\/\\\/schema.org\",\"@graph\":[{\"@type\":\"WebPage\",\"@id\":\"https:\\\/\\\/strangercam.com\\\/321chat\\\/\",\"url\":\"https:\\\/\\\/strangercam.com\\\/321chat\\\/\",\"name\":\"321chat - Chat with strangers on StrangerCam.com\",\"isPartOf\":{\"@id\":\"https:\\\/\\\/strangercam.com\\\/#website\"},\"primaryImageOfPage\":{\"@id\":\"https:\\\/\\\/strangercam.com\\\/321chat\\\/#primaryimage\"},\"image\":{\"@id\":\"https:\\\/\\\/strangercam.com\\\/321chat\\\/#primaryimage\"},\"thumbnailUrl\":\"https:\\\/\\\/strangercam.com\\\/wp-content\\\/uploads\\\/2020\\\/11\\\/stranger-cam-1.png\",\"datePublished\":\"2022-08-11T18:04:37+00:00\",\"dateModified\":\"2023-08-21T09:40:07+00:00\",\"description\":\"Like 321chat? Come chat with more than 5.000.000 strangers on Stranger Cam for Free! Turn on your cam and find new friends & maby a match!\",\"breadcrumb\":{\"@id\":\"https:\\\/\\\/strangercam.com\\\/321chat\\\/#breadcrumb\"},\"inLanguage\":\"ro-RO\",\"potentialAction\":[{\"@type\":\"ReadAction\",\"target\":[\"https:\\\/\\\/strangercam.com\\\/321chat\\\/\"]}]},{\"@type\":\"ImageObject\",\"inLanguage\":\"ro-RO\",\"@id\":\"https:\\\/\\\/strangercam.com\\\/321chat\\\/#primaryimage\",\"url\":\"https:\\\/\\\/strangercam.com\\\/wp-content\\\/uploads\\\/2020\\\/11\\\/stranger-cam-1.png\",\"contentUrl\":\"https:\\\/\\\/strangercam.com\\\/wp-content\\\/uploads\\\/2020\\\/11\\\/stranger-cam-1.png\",\"width\":800,\"height\":800,\"caption\":\"stranger cam random video chat\"},{\"@type\":\"BreadcrumbList\",\"@id\":\"https:\\\/\\\/strangercam.com\\\/321chat\\\/#breadcrumb\",\"itemListElement\":[{\"@type\":\"ListItem\",\"position\":1,\"name\":\"Home\",\"item\":\"https:\\\/\\\/strangercam.com\\\/\"},{\"@type\":\"ListItem\",\"position\":2,\"name\":\"321chat\"}]},{\"@type\":\"WebSite\",\"@id\":\"https:\\\/\\\/strangercam.com\\\/#website\",\"url\":\"https:\\\/\\\/strangercam.com\\\/\",\"name\":\"Strangercam\",\"description\":\"Random Video Chat with Strangers\",\"publisher\":{\"@id\":\"https:\\\/\\\/strangercam.com\\\/#organization\"},\"alternateName\":\"Strangercam.com\",\"potentialAction\":[{\"@type\":\"SearchAction\",\"target\":{\"@type\":\"EntryPoint\",\"urlTemplate\":\"https:\\\/\\\/strangercam.com\\\/?s={search_term_string}\"},\"query-input\":{\"@type\":\"PropertyValueSpecification\",\"valueRequired\":true,\"valueName\":\"search_term_string\"}}],\"inLanguage\":\"ro-RO\"},{\"@type\":\"Organization\",\"@id\":\"https:\\\/\\\/strangercam.com\\\/#organization\",\"name\":\"Strangercam\",\"alternateName\":\"Strangercam.com\",\"url\":\"https:\\\/\\\/strangercam.com\\\/\",\"logo\":{\"@type\":\"ImageObject\",\"inLanguage\":\"ro-RO\",\"@id\":\"https:\\\/\\\/strangercam.com\\\/#\\\/schema\\\/logo\\\/image\\\/\",\"url\":\"https:\\\/\\\/strangercam.com\\\/wp-content\\\/uploads\\\/2020\\\/11\\\/cropped-new-favicon-black.png\",\"contentUrl\":\"https:\\\/\\\/strangercam.com\\\/wp-content\\\/uploads\\\/2020\\\/11\\\/cropped-new-favicon-black.png\",\"width\":512,\"height\":512,\"caption\":\"Strangercam\"},\"image\":{\"@id\":\"https:\\\/\\\/strangercam.com\\\/#\\\/schema\\\/logo\\\/image\\\/\"},\"sameAs\":[\"https:\\\/\\\/www.facebook.com\\\/strangercam\",\"https:\\\/\\\/x.com\\\/strangercamapp\"]}]}<\/script>\n<!-- \/ Yoast SEO plugin. -->","yoast_head_json":{"title":"321chat - Conversa\u021bi cu str\u0103inii pe StrangerCam.com","description":"\u00ce\u021bi place 321chat? Vino s\u0103 vorbe\u0219ti cu mai mult de 5.000.000 de str\u0103ini pe Stranger Cam gratuit! Porne\u0219te-\u021bi camera \u0219i g\u0103se\u0219te prieteni noi \u0219i poate o pereche!","robots":{"index":"index","follow":"follow","max-snippet":"max-snippet:-1","max-image-preview":"max-image-preview:large","max-video-preview":"max-video-preview:-1"},"canonical":"https:\/\/strangercam.com\/ro\/321chat\/","og_locale":"ro_RO","og_type":"article","og_title":"321chat - Chat with strangers on StrangerCam.com","og_description":"Like 321chat? Come chat with more than 5.000.000 strangers on Stranger Cam for Free! Turn on your cam and find new friends & maby a match!","og_url":"https:\/\/strangercam.com\/ro\/321chat\/","og_site_name":"Strangercam","article_publisher":"https:\/\/www.facebook.com\/strangercam","article_modified_time":"2023-08-21T09:40:07+00:00","og_image":[{"width":800,"height":800,"url":"https:\/\/strangercam.com\/wp-content\/uploads\/2020\/11\/stranger-cam-1.png","type":"image\/png"}],"twitter_card":"summary_large_image","twitter_site":"@strangercamapp","twitter_misc":{"Timp estimat pentru citire":"7 minute"},"schema":{"@context":"https:\/\/schema.org","@graph":[{"@type":"WebPage","@id":"https:\/\/strangercam.com\/321chat\/","url":"https:\/\/strangercam.com\/321chat\/","name":"321chat - Conversa\u021bi cu str\u0103inii pe StrangerCam.com","isPartOf":{"@id":"https:\/\/strangercam.com\/#website"},"primaryImageOfPage":{"@id":"https:\/\/strangercam.com\/321chat\/#primaryimage"},"image":{"@id":"https:\/\/strangercam.com\/321chat\/#primaryimage"},"thumbnailUrl":"https:\/\/strangercam.com\/wp-content\/uploads\/2020\/11\/stranger-cam-1.png","datePublished":"2022-08-11T18:04:37+00:00","dateModified":"2023-08-21T09:40:07+00:00","description":"\u00ce\u021bi place 321chat? Vino s\u0103 vorbe\u0219ti cu mai mult de 5.000.000 de str\u0103ini pe Stranger Cam gratuit! Porne\u0219te-\u021bi camera \u0219i g\u0103se\u0219te prieteni noi \u0219i poate o pereche!","breadcrumb":{"@id":"https:\/\/strangercam.com\/321chat\/#breadcrumb"},"inLanguage":"ro-RO","potentialAction":[{"@type":"ReadAction","target":["https:\/\/strangercam.com\/321chat\/"]}]},{"@type":"ImageObject","inLanguage":"ro-RO","@id":"https:\/\/strangercam.com\/321chat\/#primaryimage","url":"https:\/\/strangercam.com\/wp-content\/uploads\/2020\/11\/stranger-cam-1.png","contentUrl":"https:\/\/strangercam.com\/wp-content\/uploads\/2020\/11\/stranger-cam-1.png","width":800,"height":800,"caption":"stranger cam random video chat"},{"@type":"BreadcrumbList","@id":"https:\/\/strangercam.com\/321chat\/#breadcrumb","itemListElement":[{"@type":"ListItem","position":1,"name":"Home","item":"https:\/\/strangercam.com\/"},{"@type":"ListItem","position":2,"name":"321chat"}]},{"@type":"WebSite","@id":"https:\/\/strangercam.com\/#website","url":"https:\/\/strangercam.com\/","name":"Strangercam","description":"Chat video aleatoriu cu str\u0103ini","publisher":{"@id":"https:\/\/strangercam.com\/#organization"},"alternateName":"Strangercam.com","potentialAction":[{"@type":"SearchAction","target":{"@type":"EntryPoint","urlTemplate":"https:\/\/strangercam.com\/?s={search_term_string}"},"query-input":{"@type":"PropertyValueSpecification","valueRequired":true,"valueName":"search_term_string"}}],"inLanguage":"ro-RO"},{"@type":"Organization","@id":"https:\/\/strangercam.com\/#organization","name":"Strangercam","alternateName":"Strangercam.com","url":"https:\/\/strangercam.com\/","logo":{"@type":"ImageObject","inLanguage":"ro-RO","@id":"https:\/\/strangercam.com\/#\/schema\/logo\/image\/","url":"https:\/\/strangercam.com\/wp-content\/uploads\/2020\/11\/cropped-new-favicon-black.png","contentUrl":"https:\/\/strangercam.com\/wp-content\/uploads\/2020\/11\/cropped-new-favicon-black.png","width":512,"height":512,"caption":"Strangercam"},"image":{"@id":"https:\/\/strangercam.com\/#\/schema\/logo\/image\/"},"sameAs":["https:\/\/www.facebook.com\/strangercam","https:\/\/x.com\/strangercamapp"]}]}},"_links":{"self":[{"href":"https:\/\/strangercam.com\/ro\/wp-json\/wp\/v2\/pages\/11273","targetHints":{"allow":["GET"]}}],"collection":[{"href":"https:\/\/strangercam.com\/ro\/wp-json\/wp\/v2\/pages"}],"about":[{"href":"https:\/\/strangercam.com\/ro\/wp-json\/wp\/v2\/types\/page"}],"author":[{"embeddable":true,"href":"https:\/\/strangercam.com\/ro\/wp-json\/wp\/v2\/users\/6"}],"replies":[{"embeddable":true,"href":"https:\/\/strangercam.com\/ro\/wp-json\/wp\/v2\/comments?post=11273"}],"version-history":[{"count":0,"href":"https:\/\/strangercam.com\/ro\/wp-json\/wp\/v2\/pages\/11273\/revisions"}],"wp:featuredmedia":[{"embeddable":true,"href":"https:\/\/strangercam.com\/ro\/wp-json\/wp\/v2\/media\/559"}],"wp:attachment":[{"href":"https:\/\/strangercam.com\/ro\/wp-json\/wp\/v2\/media?parent=11273"}],"curies":[{"name":"wp","href":"https:\/\/api.w.org\/{rel}","templated":true}]}}