{"id":11261,"date":"2022-08-11T20:01:47","date_gmt":"2022-08-11T18:01:47","guid":{"rendered":"https:\/\/strangercam.com\/?page_id=11261"},"modified":"2023-08-21T12:47:03","modified_gmt":"2023-08-21T10:47:03","slug":"yesichat","status":"publish","type":"page","link":"https:\/\/strangercam.com\/ro\/yesichat\/","title":{"rendered":"Yesichat"},"content":{"rendered":"<p>Dac\u0103 sunte\u021bi \u00een c\u0103utarea unui loc pentru <a href=\"https:\/\/strangercam.com\/ro\/chatroulette\/\">chat<\/a> cu str\u0103inii online, a\u021bi ajuns \u00een locul potrivit! Yesichat este un site de chat gratuit care v\u0103 permite s\u0103 discuta\u021bi cu str\u0103inii f\u0103r\u0103 a fi nevoie s\u0103 v\u0103 \u00eenregistra\u021bi. Pur \u0219i simplu introduce\u021bi un nume de utilizator \u0219i \u00eencepe\u021bi s\u0103 discuta\u021bi!<\/p>\n<h2>Ce este yesichat?<\/h2>\n<p>Yesichat este un site de chat care v\u0103 permite s\u0103 vorbi\u021bi cu str\u0103ini. Este o modalitate excelent\u0103 de a <a href=\"https:\/\/strangercam.com\/ro\/coomeet\/\">\u00eent\u00e2lnire<\/a> oameni noi \u0219i f\u0103-\u021bi prieteni noi. De asemenea, pute\u021bi utiliza yesichat pentru a g\u0103si o \u00eent\u00e2lnire sau doar pentru a discuta cu cineva care v\u0103 intereseaz\u0103.<\/p>\n<h2>Cum s\u0103 utiliza\u021bi yesichat?<\/h2>\n<p>Yesichat este o platform\u0103 excelent\u0103 pentru a vorbi cu str\u0103inii. Este simplu \u0219i u\u0219or de utilizat \u0219i este o modalitate excelent\u0103 de a intra \u00een contact cu oameni din \u00eentreaga lume. Iat\u0103 c\u00e2teva sfaturi despre cum s\u0103 utiliza\u021bi yesichat:<\/p>\n<ol>\n<li>\u00cencepe\u021bi prin a v\u0103 crea un profil. Acest lucru v\u0103 va ajuta s\u0103 g\u0103si\u021bi persoane cu care s\u0103 discuta\u021bi care v\u0103 \u00eemp\u0103rt\u0103\u0219esc interesele.<\/li>\n<li>Odat\u0103 ce v-a\u021bi creat profilul, arunca\u021bi o privire la diferitele camere de chat disponibile. Pute\u021bi alege s\u0103 discuta\u021bi \u00eentr-o camer\u0103 public\u0103 sau \u00eentr-o camer\u0103 privat\u0103.<\/li>\n<li>C\u00e2nd sunte\u021bi \u00eentr-o camer\u0103 de chat, respecta\u021bi ceilal\u021bi utilizatori. Nu umple\u021bi camera cu mesaje \u0219i nu fi\u021bi nepoliticos sau ofensator.<\/li>\n<li>Yesichat este un loc minunat pentru a cunoa\u0219te oameni noi \u0219i pentru a-\u021bi face prieteni noi. A\u0219a c\u0103 bucura\u021bi-v\u0103 de timpul petrecut pe site \u0219i nu ezita\u021bi s\u0103 contacta\u021bi pe cineva dac\u0103 dori\u021bi s\u0103 discuta\u021bi!<\/li>\n<\/ol>\n<h2>Avantajele utiliz\u0103rii yesichat<\/h2>\n<p>Exist\u0103 o mul\u021bime de motive pentru a utiliza yesichat atunci c\u00e2nd dori\u021bi s\u0103 discuta\u021bi online cu necunoscu\u021bi. \u00cen primul r\u00e2nd, este o modalitate excelent\u0103 de a cunoa\u0219te oameni noi din \u00eentreaga lume. De asemenea, pute\u021bi utiliza yesichat pentru a g\u0103si noi prieteni sau chiar poten\u021biale \u00eent\u00e2lniri.<\/p>\n<p>Un alt mare avantaj al yesichat este c\u0103 este complet gratuit de utilizat. Nu trebuie s\u0103 v\u0103 face\u021bi griji cu privire la plata oric\u0103ror taxe sau abonamente lunare. Pute\u021bi pur \u0219i simplu s\u0103 v\u0103 bucura\u021bi de chat-ul cu str\u0103inii f\u0103r\u0103 nicio obliga\u021bie.<\/p>\n<p>\u00cen cele din urm\u0103, yesichat este o platform\u0103 excelent\u0103 pentru construirea de rela\u021bii. Fie c\u0103 sunte\u021bi \u00een c\u0103utarea prieteniei sau a dragostei, pute\u021bi fi sigur c\u0103 o ve\u021bi g\u0103si pe yesichat. A\u0219a c\u0103 de ce s\u0103 nu \u00eencerca\u021bi ast\u0103zi?<\/p>\n<h2>Dezavantajele utiliz\u0103rii yesichat<\/h2>\n<p>Dac\u0103 sunte\u021bi \u00een c\u0103utarea unei aplica\u021bii de chat pe care s\u0103 o utiliza\u021bi cu str\u0103inii, ar fi bine s\u0103 v\u0103 g\u00e2ndi\u021bi de dou\u0103 ori \u00eenainte de a utiliza yesichat. De\u0219i aplica\u021bia are unele caracteristici care pot fi avantajoase, exist\u0103 \u0219i c\u00e2teva dezavantaje de care ar trebui s\u0103 fi\u021bi con\u0219tien\u021bi.<\/p>\n<p>Unul dintre cele mai mari dezavantaje ale yesichat este c\u0103 nu este foarte sigur. Aplica\u021bia nu solicit\u0103 utilizatorilor s\u0103 creeze un cont sau s\u0103 se conecteze, ceea ce \u00eenseamn\u0103 c\u0103 oricine se poate al\u0103tura unei camere de chat \u0219i poate \u00eencepe s\u0103 discute. Acest lucru poate fi problematic dac\u0103 \u00eencerca\u021bi s\u0103 v\u0103 p\u0103stra\u021bi identitatea ascuns\u0103 sau dac\u0103 sunte\u021bi \u00eengrijorat de faptul c\u0103 oamenii pot afla informa\u021bii personale despre dvs.<\/p>\n<p>Un alt dezavantaj al yesichat este c\u0103 nu este foarte privat. Toate conversa\u021biile de pe aplica\u021bie sunt publice \u0219i pot fi v\u0103zute de oricine se al\u0103tur\u0103 camerei de chat. Acest lucru \u00eenseamn\u0103 c\u0103 ai putea avea conversa\u021bii sensibile cu persoane pe care nu le cuno\u0219ti bine \u0219i care ar putea profita de tine.<\/p>\n<p>\u00cen cele din urm\u0103, yesichat poate fi destul de buggy \u0219i nesigur\u0103. Se \u0219tie c\u0103 aplica\u021bia se blocheaz\u0103 \u00een mijlocul conversa\u021biilor, ceea ce poate fi frustrant dac\u0103 \u00eencerca\u021bi s\u0103 discuta\u021bi cu cineva important sau dac\u0103 sunte\u021bi \u00een mijlocul unei discu\u021bii aprinse.<\/p>\n<p>\u00cen general, yesichat nu este un mare<\/p>\n<h2>Cum s\u0103 profita\u021bi la maximum de yesichat<\/h2>\n<p>Dac\u0103 sunte\u021bi \u00een c\u0103utarea unei modalit\u0103\u021bi de a intra \u00een contact cu persoane noi \u0219i interesante, yesichat este o op\u021biune excelent\u0103. Cu peste un milion de utilizatori din \u00eentreaga lume, platforma ofer\u0103 un mediu sigur \u0219i distractiv pentru a discuta cu str\u0103ini din \u00eentreaga lume.<\/p>\n<p>Iat\u0103 c\u00e2teva sfaturi care s\u0103 v\u0103 ajute s\u0103 profita\u021bi la maximum de experien\u021ba yesichat:<\/p>\n<ol>\n<li>Fi\u021bi respectuos \u0219i politicos. Acest lucru este esen\u021bial \u00een orice mediu de chat, dar este deosebit de important atunci c\u00e2nd vorbi\u021bi cu str\u0103inii.<\/li>\n<li>Pune\u021bi \u00eentreb\u0103ri \u0219i fi\u021bi curio\u0219i. Ini\u021biativele de conversa\u021bie precum \"care este preferatul t\u0103u...\" sau \"spune-mi despre...\" pot ajuta la spargerea ghe\u021bii \u0219i la men\u021binerea interesului.<\/li>\n<li>\u00cemp\u0103rt\u0103\u0219e\u0219te pu\u021bin despre tine. Este \u00een regul\u0103 s\u0103 fii deschis \u0219i sincer cu privire la cine e\u0219ti, dar nu oferi prea multe informa\u021bii personale.<\/li>\n<li>Fi\u021bi r\u0103bd\u0103tor \u0219i \u00een\u021beleg\u0103tor. Fiecare persoan\u0103 are un nivel diferit de confort atunci c\u00e2nd vine vorba de a discuta cu str\u0103inii. Respecta\u021bi-le limitele \u0219i nu insista\u021bi prea mult pentru informa\u021bii sau intimitate.<\/li>\n<li>Distreaz\u0103-te! Yesichat este un loc minunat pentru a cunoa\u0219te oameni noi \u0219i pentru a-\u021bi face noi prieteni. A\u0219a c\u0103 relaxeaz\u0103-te, distreaz\u0103-te \u0219i vezi unde te duce conversa\u021bia!<\/li>\n<\/ol>\n<h2>De ce yesichat este at\u00e2t de popular\u0103 platforma de video chat aleatoriu?<\/h2>\n<p>Yesichat este o platform\u0103 popular\u0103 de chat video aleatoriu din mai multe motive. \u00cen primul r\u00e2nd, platforma este complet gratuit de utilizat. \u00cen al doilea r\u00e2nd, nu exist\u0103 cerin\u021be de \u00eenregistrare sau \u00eenscriere - pur \u0219i simplu introduce\u021bi un nume de utilizator la alegere \u0219i \u00eencepe\u021bi chat-ul. \u00cen al treilea r\u00e2nd, interfa\u021ba este extrem de prietenoas\u0103 \u0219i u\u0219or de navigat. \u00cen al patrulea r\u00e2nd, yesichat ofer\u0103 o gam\u0103 larg\u0103 de caracteristici care \u00eembun\u0103t\u0103\u021besc experien\u021ba utilizatorului, cum ar fi posibilitatea de a crea camere de chat, de a trimite mesaje private \u0219i de a partaja fi\u0219iere media. \u00cen cele din urm\u0103, platforma are o comunitate mare \u0219i activ\u0103 de utilizatori, ceea ce face s\u0103 fie u\u0219or s\u0103 g\u0103se\u0219ti persoane cu care s\u0103 discu\u021bi.<\/p>\n<h2>Este sigur de utilizat?<\/h2>\n<p>Talk With Strangers este o aplica\u021bie popular\u0103 de chat online care are at\u00e2t chat-uri private, c\u00e2t \u0219i de grup. Aplica\u021bia este disponibil\u0103 pe dispozitive Android \u0219i iOS \u0219i este gratuit\u0103. Cu toate acestea, exist\u0103 c\u00e2teva m\u0103suri de precau\u021bie pe care trebuie s\u0103 le lua\u021bi \u00eenainte de a utiliza aplica\u021bia.<\/p>\n<p>\u00cen primul \u0219i \u00een primul r\u00e2nd, Talk With Strangers este o platform\u0103 de social media. Prin urmare, este important s\u0103 re\u021bine\u021bi c\u0103 ceea ce spune\u021bi \u00eentr-o camer\u0103 de chat poate fi v\u0103zut de oricine viziteaz\u0103 pagina sau aplica\u021bia unde a avut loc discu\u021bia. \u00cen plus, Talk With Strangers nu este criptat, astfel \u00eenc\u00e2t conversa\u021biile dvs. ar putea fi monitorizate sau chiar interceptate. \u00cen cele din urm\u0103, Talk With Strangers nu are o politic\u0103 de confiden\u021bialitate \u00een vigoare, astfel \u00eenc\u00e2t compania nu poate garanta c\u0103 conversa\u021biile dvs. vor r\u0103m\u00e2ne confiden\u021biale.<\/p>\n<p>A\u0219adar, de\u0219i Talk With Strangers este o modalitate distractiv\u0103 \u0219i convenabil\u0103 de a comunica cu prietenii \u0219i familia, ave\u021bi grij\u0103 c\u00e2nd utiliza\u021bi aplica\u021bia.<\/p>\n<h2>M\u0103suri preventive \u00een timpul utiliz\u0103rii chat-ului video aleatoriu<\/h2>\n<p>Atunci c\u00e2nd utiliza\u021bi <a href=\"https:\/\/strangercam.com\/ro\/chathub\/\">chat video aleatoriu<\/a>, este important s\u0103 lua\u021bi m\u0103suri preventive pentru a evita s\u0103 deveni\u021bi o victim\u0103. Iat\u0103 patru sfaturi pentru a v\u0103 men\u021bine \u00een siguran\u021b\u0103:<\/p>\n<ol>\n<li>Utiliza\u021bi un VPN atunci c\u00e2nd v\u0103 conecta\u021bi la chat-uri video aleatorii. Un VPN v\u0103 va ajuta s\u0103 v\u0103 proteja\u021bi confiden\u021bialitatea prin criptarea traficului \u0219i ascunderea loca\u021biei dvs. VPN-urile sunt disponibile gratuit \u0219i pot fi utilizate at\u00e2t pe desktop, c\u00e2t \u0219i pe dispozitive mobile.<\/li>\n<li>Folosi\u021bi bunul sim\u021b atunci c\u00e2nd v\u0103 angaja\u021bi \u00een activit\u0103\u021bi aleatorii <a href=\"https:\/\/strangercam.com\/ro\/rabbit-video-chat\/\">chat video<\/a>. Dac\u0103 ceva pare prea frumos pentru a fi adev\u0103rat, probabil c\u0103 este. \u00centotdeauna proceda\u021bi cu precau\u021bie atunci c\u00e2nd v\u0103 \u00eent\u00e2lni\u021bi cu cineva pe care l-a\u021bi <a href=\"https:\/\/strangercam.com\/ro\/chamet\/\">\u00eent\u00e2lnit<\/a> online prin intermediul unui serviciu de chat video aleatoriu.<\/li>\n<li>Fi\u021bi aten\u021bi \u00een permanen\u021b\u0103 la mediul \u00eenconjur\u0103tor \u00een timp ce utiliza\u021bi un serviciu de chat video aleatoriu. Nu \u00eemp\u0103rt\u0103\u0219i\u021bi informa\u021bii personale, cum ar fi adresa sau num\u0103rul de telefon, cu nicio persoan\u0103 pe care o \u00eent\u00e2lni\u021bi prin intermediul unui serviciu de chat video aleatoriu. fi\u021bi \u00eentotdeauna prudent atunci c\u00e2nd furniza\u021bi informa\u021bii personale online.<\/li>\n<li>Raporta\u021bi imediat autorit\u0103\u021bilor orice activitate suspect\u0103. Dac\u0103 sim\u021bi\u021bi c\u0103 sunte\u021bi amenin\u021bat sau h\u0103r\u021buit \u00een vreun fel \u00een timp ce utiliza\u021bi chat-ul video aleatoriu, v\u0103 rug\u0103m s\u0103 raporta\u021bi acest lucru autorit\u0103\u021bilor c\u00e2t mai cur\u00e2nd posibil!<\/li>\n<\/ol>\n<h2>Concluzie<\/h2>\n<p>Dac\u0103 e\u0219ti interesat s\u0103 \u00ee\u021bi faci prieteni noi \u0219i s\u0103 te distrezi, atunci yesichat este site-ul pentru tine! Pe yesichat, pute\u021bi discuta cu str\u0103ini din \u00eentreaga lume \u00eentr-un mediu sigur \u0219i u\u0219or de utilizat. Cu tone de camere de chat din care s\u0103 alegi, cu siguran\u021b\u0103 va exista una care se potrive\u0219te intereselor tale. Deci, ce mai a\u0219tep\u021bi? \u00censcrie\u021bi-v\u0103 acum \u0219i \u00eencepe\u021bi s\u0103 discuta\u021bi cu ni\u0219te oameni extraordinari!<\/p>","protected":false},"excerpt":{"rendered":"<p>If you&#8217;re looking for a place to chat with strangers online, you&#8217;ve come to the right place! Yesichat is a free chat site that allows you to chat with strangers without having to register. Simply enter a username and start chatting! What is yesichat? Yesichat is a chat website that allows you to talk with [&hellip;]<\/p>\n","protected":false},"author":6,"featured_media":559,"parent":0,"menu_order":0,"comment_status":"closed","ping_status":"closed","template":"","meta":{"footnotes":""},"class_list":["post-11261","page","type-page","status-publish","has-post-thumbnail","hentry"],"yoast_head":"<!-- This site is optimized with the Yoast SEO plugin v27.4 - https:\/\/yoast.com\/product\/yoast-seo-wordpress\/ -->\n<title>Yesichat - Chat with strangers on StrangerCam.com<\/title>\n<meta name=\"description\" content=\"Like Yesichat? Come chat with more than 5.000.000 strangers on Stranger Cam for Free! Turn on your cam and find new friends &amp; maby a match!\" \/>\n<meta name=\"robots\" content=\"index, follow, max-snippet:-1, max-image-preview:large, max-video-preview:-1\" \/>\n<link rel=\"canonical\" href=\"https:\/\/strangercam.com\/ro\/yesichat\/\" \/>\n<meta property=\"og:locale\" content=\"ro_RO\" \/>\n<meta property=\"og:type\" content=\"article\" \/>\n<meta property=\"og:title\" content=\"Yesichat - Chat with strangers on StrangerCam.com\" \/>\n<meta property=\"og:description\" content=\"Like Yesichat? Come chat with more than 5.000.000 strangers on Stranger Cam for Free! Turn on your cam and find new friends &amp; maby a match!\" \/>\n<meta property=\"og:url\" content=\"https:\/\/strangercam.com\/ro\/yesichat\/\" \/>\n<meta property=\"og:site_name\" content=\"Strangercam\" \/>\n<meta property=\"article:publisher\" content=\"https:\/\/www.facebook.com\/strangercam\" \/>\n<meta property=\"article:modified_time\" content=\"2023-08-21T10:47:03+00:00\" \/>\n<meta property=\"og:image\" content=\"https:\/\/strangercam.com\/wp-content\/uploads\/2020\/11\/stranger-cam-1.png\" \/>\n\t<meta property=\"og:image:width\" content=\"800\" \/>\n\t<meta property=\"og:image:height\" content=\"800\" \/>\n\t<meta property=\"og:image:type\" content=\"image\/png\" \/>\n<meta name=\"twitter:card\" content=\"summary_large_image\" \/>\n<meta name=\"twitter:site\" content=\"@strangercamapp\" \/>\n<meta name=\"twitter:label1\" content=\"Timp estimat pentru citire\" \/>\n\t<meta name=\"twitter:data1\" content=\"6 minute\" \/>\n<script type=\"application\/ld+json\" class=\"yoast-schema-graph\">{\"@context\":\"https:\\\/\\\/schema.org\",\"@graph\":[{\"@type\":\"WebPage\",\"@id\":\"https:\\\/\\\/strangercam.com\\\/yesichat\\\/\",\"url\":\"https:\\\/\\\/strangercam.com\\\/yesichat\\\/\",\"name\":\"Yesichat - Chat with strangers on StrangerCam.com\",\"isPartOf\":{\"@id\":\"https:\\\/\\\/strangercam.com\\\/#website\"},\"primaryImageOfPage\":{\"@id\":\"https:\\\/\\\/strangercam.com\\\/yesichat\\\/#primaryimage\"},\"image\":{\"@id\":\"https:\\\/\\\/strangercam.com\\\/yesichat\\\/#primaryimage\"},\"thumbnailUrl\":\"https:\\\/\\\/strangercam.com\\\/wp-content\\\/uploads\\\/2020\\\/11\\\/stranger-cam-1.png\",\"datePublished\":\"2022-08-11T18:01:47+00:00\",\"dateModified\":\"2023-08-21T10:47:03+00:00\",\"description\":\"Like Yesichat? Come chat with more than 5.000.000 strangers on Stranger Cam for Free! Turn on your cam and find new friends & maby a match!\",\"breadcrumb\":{\"@id\":\"https:\\\/\\\/strangercam.com\\\/yesichat\\\/#breadcrumb\"},\"inLanguage\":\"ro-RO\",\"potentialAction\":[{\"@type\":\"ReadAction\",\"target\":[\"https:\\\/\\\/strangercam.com\\\/yesichat\\\/\"]}]},{\"@type\":\"ImageObject\",\"inLanguage\":\"ro-RO\",\"@id\":\"https:\\\/\\\/strangercam.com\\\/yesichat\\\/#primaryimage\",\"url\":\"https:\\\/\\\/strangercam.com\\\/wp-content\\\/uploads\\\/2020\\\/11\\\/stranger-cam-1.png\",\"contentUrl\":\"https:\\\/\\\/strangercam.com\\\/wp-content\\\/uploads\\\/2020\\\/11\\\/stranger-cam-1.png\",\"width\":800,\"height\":800,\"caption\":\"stranger cam random video chat\"},{\"@type\":\"BreadcrumbList\",\"@id\":\"https:\\\/\\\/strangercam.com\\\/yesichat\\\/#breadcrumb\",\"itemListElement\":[{\"@type\":\"ListItem\",\"position\":1,\"name\":\"Home\",\"item\":\"https:\\\/\\\/strangercam.com\\\/\"},{\"@type\":\"ListItem\",\"position\":2,\"name\":\"Yesichat\"}]},{\"@type\":\"WebSite\",\"@id\":\"https:\\\/\\\/strangercam.com\\\/#website\",\"url\":\"https:\\\/\\\/strangercam.com\\\/\",\"name\":\"Strangercam\",\"description\":\"Random Video Chat with Strangers\",\"publisher\":{\"@id\":\"https:\\\/\\\/strangercam.com\\\/#organization\"},\"alternateName\":\"Strangercam.com\",\"potentialAction\":[{\"@type\":\"SearchAction\",\"target\":{\"@type\":\"EntryPoint\",\"urlTemplate\":\"https:\\\/\\\/strangercam.com\\\/?s={search_term_string}\"},\"query-input\":{\"@type\":\"PropertyValueSpecification\",\"valueRequired\":true,\"valueName\":\"search_term_string\"}}],\"inLanguage\":\"ro-RO\"},{\"@type\":\"Organization\",\"@id\":\"https:\\\/\\\/strangercam.com\\\/#organization\",\"name\":\"Strangercam\",\"alternateName\":\"Strangercam.com\",\"url\":\"https:\\\/\\\/strangercam.com\\\/\",\"logo\":{\"@type\":\"ImageObject\",\"inLanguage\":\"ro-RO\",\"@id\":\"https:\\\/\\\/strangercam.com\\\/#\\\/schema\\\/logo\\\/image\\\/\",\"url\":\"https:\\\/\\\/strangercam.com\\\/wp-content\\\/uploads\\\/2020\\\/11\\\/cropped-new-favicon-black.png\",\"contentUrl\":\"https:\\\/\\\/strangercam.com\\\/wp-content\\\/uploads\\\/2020\\\/11\\\/cropped-new-favicon-black.png\",\"width\":512,\"height\":512,\"caption\":\"Strangercam\"},\"image\":{\"@id\":\"https:\\\/\\\/strangercam.com\\\/#\\\/schema\\\/logo\\\/image\\\/\"},\"sameAs\":[\"https:\\\/\\\/www.facebook.com\\\/strangercam\",\"https:\\\/\\\/x.com\\\/strangercamapp\"]}]}<\/script>\n<!-- \/ Yoast SEO plugin. -->","yoast_head_json":{"title":"Yesichat - Converseaz\u0103 cu str\u0103inii pe StrangerCam.com","description":"\u00ce\u021bi place Yesichat? Vino s\u0103 vorbe\u0219ti cu mai mult de 5.000.000 de str\u0103ini pe Stranger Cam gratuit! Porne\u0219te-\u021bi camera \u0219i g\u0103se\u0219te prieteni noi \u0219i poate o pereche!","robots":{"index":"index","follow":"follow","max-snippet":"max-snippet:-1","max-image-preview":"max-image-preview:large","max-video-preview":"max-video-preview:-1"},"canonical":"https:\/\/strangercam.com\/ro\/yesichat\/","og_locale":"ro_RO","og_type":"article","og_title":"Yesichat - Chat with strangers on StrangerCam.com","og_description":"Like Yesichat? Come chat with more than 5.000.000 strangers on Stranger Cam for Free! Turn on your cam and find new friends & maby a match!","og_url":"https:\/\/strangercam.com\/ro\/yesichat\/","og_site_name":"Strangercam","article_publisher":"https:\/\/www.facebook.com\/strangercam","article_modified_time":"2023-08-21T10:47:03+00:00","og_image":[{"width":800,"height":800,"url":"https:\/\/strangercam.com\/wp-content\/uploads\/2020\/11\/stranger-cam-1.png","type":"image\/png"}],"twitter_card":"summary_large_image","twitter_site":"@strangercamapp","twitter_misc":{"Timp estimat pentru citire":"6 minute"},"schema":{"@context":"https:\/\/schema.org","@graph":[{"@type":"WebPage","@id":"https:\/\/strangercam.com\/yesichat\/","url":"https:\/\/strangercam.com\/yesichat\/","name":"Yesichat - Converseaz\u0103 cu str\u0103inii pe StrangerCam.com","isPartOf":{"@id":"https:\/\/strangercam.com\/#website"},"primaryImageOfPage":{"@id":"https:\/\/strangercam.com\/yesichat\/#primaryimage"},"image":{"@id":"https:\/\/strangercam.com\/yesichat\/#primaryimage"},"thumbnailUrl":"https:\/\/strangercam.com\/wp-content\/uploads\/2020\/11\/stranger-cam-1.png","datePublished":"2022-08-11T18:01:47+00:00","dateModified":"2023-08-21T10:47:03+00:00","description":"\u00ce\u021bi place Yesichat? Vino s\u0103 vorbe\u0219ti cu mai mult de 5.000.000 de str\u0103ini pe Stranger Cam gratuit! Porne\u0219te-\u021bi camera \u0219i g\u0103se\u0219te prieteni noi \u0219i poate o pereche!","breadcrumb":{"@id":"https:\/\/strangercam.com\/yesichat\/#breadcrumb"},"inLanguage":"ro-RO","potentialAction":[{"@type":"ReadAction","target":["https:\/\/strangercam.com\/yesichat\/"]}]},{"@type":"ImageObject","inLanguage":"ro-RO","@id":"https:\/\/strangercam.com\/yesichat\/#primaryimage","url":"https:\/\/strangercam.com\/wp-content\/uploads\/2020\/11\/stranger-cam-1.png","contentUrl":"https:\/\/strangercam.com\/wp-content\/uploads\/2020\/11\/stranger-cam-1.png","width":800,"height":800,"caption":"stranger cam random video chat"},{"@type":"BreadcrumbList","@id":"https:\/\/strangercam.com\/yesichat\/#breadcrumb","itemListElement":[{"@type":"ListItem","position":1,"name":"Home","item":"https:\/\/strangercam.com\/"},{"@type":"ListItem","position":2,"name":"Yesichat"}]},{"@type":"WebSite","@id":"https:\/\/strangercam.com\/#website","url":"https:\/\/strangercam.com\/","name":"Strangercam","description":"Chat video aleatoriu cu str\u0103ini","publisher":{"@id":"https:\/\/strangercam.com\/#organization"},"alternateName":"Strangercam.com","potentialAction":[{"@type":"SearchAction","target":{"@type":"EntryPoint","urlTemplate":"https:\/\/strangercam.com\/?s={search_term_string}"},"query-input":{"@type":"PropertyValueSpecification","valueRequired":true,"valueName":"search_term_string"}}],"inLanguage":"ro-RO"},{"@type":"Organization","@id":"https:\/\/strangercam.com\/#organization","name":"Strangercam","alternateName":"Strangercam.com","url":"https:\/\/strangercam.com\/","logo":{"@type":"ImageObject","inLanguage":"ro-RO","@id":"https:\/\/strangercam.com\/#\/schema\/logo\/image\/","url":"https:\/\/strangercam.com\/wp-content\/uploads\/2020\/11\/cropped-new-favicon-black.png","contentUrl":"https:\/\/strangercam.com\/wp-content\/uploads\/2020\/11\/cropped-new-favicon-black.png","width":512,"height":512,"caption":"Strangercam"},"image":{"@id":"https:\/\/strangercam.com\/#\/schema\/logo\/image\/"},"sameAs":["https:\/\/www.facebook.com\/strangercam","https:\/\/x.com\/strangercamapp"]}]}},"_links":{"self":[{"href":"https:\/\/strangercam.com\/ro\/wp-json\/wp\/v2\/pages\/11261","targetHints":{"allow":["GET"]}}],"collection":[{"href":"https:\/\/strangercam.com\/ro\/wp-json\/wp\/v2\/pages"}],"about":[{"href":"https:\/\/strangercam.com\/ro\/wp-json\/wp\/v2\/types\/page"}],"author":[{"embeddable":true,"href":"https:\/\/strangercam.com\/ro\/wp-json\/wp\/v2\/users\/6"}],"replies":[{"embeddable":true,"href":"https:\/\/strangercam.com\/ro\/wp-json\/wp\/v2\/comments?post=11261"}],"version-history":[{"count":0,"href":"https:\/\/strangercam.com\/ro\/wp-json\/wp\/v2\/pages\/11261\/revisions"}],"wp:featuredmedia":[{"embeddable":true,"href":"https:\/\/strangercam.com\/ro\/wp-json\/wp\/v2\/media\/559"}],"wp:attachment":[{"href":"https:\/\/strangercam.com\/ro\/wp-json\/wp\/v2\/media?parent=11261"}],"curies":[{"name":"wp","href":"https:\/\/api.w.org\/{rel}","templated":true}]}}