{"id":11248,"date":"2022-08-11T19:57:16","date_gmt":"2022-08-11T17:57:16","guid":{"rendered":"https:\/\/strangercam.com\/?page_id=11248"},"modified":"2023-08-21T12:38:41","modified_gmt":"2023-08-21T10:38:41","slug":"spinchat","status":"publish","type":"page","link":"https:\/\/strangercam.com\/ro\/spinchat\/","title":{"rendered":"Spinchat"},"content":{"rendered":"<p>Dac\u0103 v\u0103 sim\u021bi\u021bi singur sau pur \u0219i simplu dori\u021bi s\u0103 vorbi\u021bi cu cineva, SpinChat este un loc minunat pentru a face acest lucru. Acesta <a href=\"https:\/\/strangercam.com\/ro\/chatroulette\/\">chat<\/a> v\u0103 permite s\u0103 vorbi\u021bi cu str\u0103ini din \u00eentreaga lume \u0219i nu \u0219ti\u021bi niciodat\u0103 cu cine a\u021bi putea <a href=\"https:\/\/strangercam.com\/ro\/coomeet\/\">\u00eent\u00e2lnire<\/a>. S-ar putea s\u0103 v\u0103 face\u021bi un nou prieten sau chiar s\u0103 v\u0103 g\u0103si\u021bi sufletul pereche. A\u0219a c\u0103 de ce s\u0103 nu \u00eencerca\u021bi?<\/p>\n<h2>Ce este spinchat?<\/h2>\n<p>SpinChat este un <a href=\"https:\/\/strangercam.com\/ro\/chathub\/\">chat video aleatoriu<\/a> care v\u0103 permite s\u0103 discuta\u021bi cu persoane necunoscute din \u00eentreaga lume. Este o modalitate excelent\u0103 de a cunoa\u0219te oameni noi \u0219i de a-\u021bi face noi prieteni. De asemenea, pute\u021bi utiliza SpinChat pentru a g\u0103si dragostea sau doar pentru a v\u0103 distra.<\/p>\n<h2>Cum s\u0103 utiliza\u021bi spinchat?<\/h2>\n<p>Dac\u0103 sunte\u021bi \u00een c\u0103utarea unui mod distractiv \u0219i u\u0219or de a cunoa\u0219te oameni noi, ar trebui s\u0103 \u00eencerca\u021bi spinchat! Iat\u0103 cum s\u0103 \u00eel folose\u0219ti:<\/p>\n<ul>\n<li style=\"font-weight: 400;\" aria-level=\"1\">Accesa\u021bi site-ul Spinchat \u0219i crea\u021bi un cont.<\/li>\n<li style=\"font-weight: 400;\" aria-level=\"1\">Odat\u0103 ce v-a\u021bi conectat, ve\u021bi putea vedea o list\u0103 cu toate camerele de chat disponibile.<\/li>\n<li style=\"font-weight: 400;\" aria-level=\"1\">Alege\u021bi camera care v\u0103 intereseaz\u0103 \u0219i \u00eencepe\u021bi s\u0103 discuta\u021bi!<\/li>\n<li style=\"font-weight: 400;\" aria-level=\"1\">Pentru a face lucrurile mai interesante, \u00eencerca\u021bi s\u0103 utiliza\u021bi modul anonim, astfel \u00eenc\u00e2t identitatea dumneavoastr\u0103 s\u0103 fie ascuns\u0103.<\/li>\n<li style=\"font-weight: 400;\" aria-level=\"1\">Distreaz\u0103-te \u0219i f\u0103-\u021bi noi prieteni!<\/li>\n<\/ul>\n<h2>Beneficiile utiliz\u0103rii spinchat<\/h2>\n<p>Exist\u0103 multe beneficii \u00een utilizarea spinchat, inclusiv posibilitatea de a intra \u00een contact cu oameni din \u00eentreaga lume. Cu spinchat, pute\u021bi vorbi cu str\u0103inii \u00eentr-un mediu sigur \u0219i securizat. Aceasta poate fi o modalitate excelent\u0103 de a v\u0103 face noi prieteni sau chiar de a g\u0103si un partener romantic. \u00cen plus, spinchat este o modalitate excelent\u0103 de a \u00eenv\u0103\u021ba despre alte culturi \u0219i de a ob\u021bine informa\u021bii despre diferite p\u0103r\u021bi ale lumii.<\/p>\n<h2>Pericolele utiliz\u0103rii spinchat<\/h2>\n<p>Exist\u0103 multe pericole asociate cu utilizarea spinchat, o re\u021bea de socializare care permite utilizatorilor s\u0103 comunice cu persoane necunoscute. Unele dintre aceste pericole includ:<\/p>\n<ul>\n<li style=\"font-weight: 400;\" aria-level=\"1\">Pr\u0103d\u0103tori: Exist\u0103 pr\u0103d\u0103tori care folosesc spinchat-ul pentru a pr\u0103da copii \u0219i adul\u021bi vulnerabili. Ace\u0219tia se pot preface c\u0103 sunt altcineva pentru a v\u0103 c\u00e2\u0219tiga \u00eencrederea, apoi v\u0103 exploateaz\u0103 emo\u021bional sau sexual.<\/li>\n<li style=\"font-weight: 400;\" aria-level=\"1\">Cyberbullying: Este posibil s\u0103 fi\u021bi h\u0103r\u021buit pe spinchat de cineva care nu v\u0103 place sau nu este de acord cu dumneavoastr\u0103. Acest lucru poate fi foarte dureros \u0219i v\u0103 poate face s\u0103 v\u0103 sim\u021bi\u021bi izolat.<\/li>\n<li style=\"font-weight: 400;\" aria-level=\"1\">Escrocherii \u0219i fraude: Exist\u0103 \u0219i escroci pe spinchat care vor \u00eencerca s\u0103 v\u0103 p\u0103c\u0103leasc\u0103 s\u0103 le da\u021bi bani sau informa\u021bii personale. Ace\u0219tia se pot da drept altcineva pentru a v\u0103 c\u00e2\u0219tiga \u00eencrederea, apoi v\u0103 pot fura.<\/li>\n<li style=\"font-weight: 400;\" aria-level=\"1\">Viru\u0219i \u0219i programe malware: De asemenea, este posibil s\u0103 desc\u0103rca\u021bi din gre\u0219eal\u0103 viru\u0219i sau programe malware pe computerul dvs. atunci c\u00e2nd utiliza\u021bi spinchat. Acestea v\u0103 pot deteriora computerul \u0219i v\u0103 pot pune \u00een pericol informa\u021biile personale.<\/li>\n<li style=\"font-weight: 400;\" aria-level=\"1\">Dependen\u021b\u0103: Unii oameni devin dependen\u021bi de spinchat \u0219i \u00ee\u0219i petrec tot timpul st\u00e2nd de vorb\u0103 cu str\u0103ini \u00een loc s\u0103 fac\u0103 lucruri mai productive. Acest lucru poate duce la probleme \u00een via\u021ba real\u0103, cum ar fi pierderea oportunit\u0103\u021bilor de angajare sau neglijarea prietenilor \u0219i a membrilor familiei.<\/li>\n<\/ul>\n<h2>Avantaje \u0219i dezavantaje ale spinchat<\/h2>\n<p>Dac\u0103 sunte\u021bi \u00een c\u0103utarea unei modalit\u0103\u021bi de a intra \u00een contact cu persoane din \u00eentreaga lume, atunci poate v\u0103 \u00eentreba\u021bi dac\u0103 SpinChat este platforma potrivit\u0103 pentru dvs. \u00cen aceast\u0103 postare pe blog, vom analiza avantajele \u0219i dezavantajele utiliz\u0103rii SpinChat, astfel \u00eenc\u00e2t s\u0103 pute\u021bi decide singur dac\u0103 este potrivit\u0103 pentru dvs.<\/p>\n<p>Pe de alt\u0103 parte, SpinChat ofer\u0103 o modalitate excelent\u0103 de a intra \u00een contact cu oameni din toate col\u021burile lumii. Pute\u021bi s\u0103 v\u0103 al\u0103tura\u021bi camerelor de chat pe o varietate de subiecte sau s\u0103 v\u0103 crea\u021bi propria camer\u0103 de chat \u0219i s\u0103 invita\u021bi oamenii s\u0103 vi se al\u0103ture. De asemenea, pute\u021bi trimite mesaje private altor utilizatori de pe platform\u0103.<\/p>\n<p>Un alt avantaj al SpinChat este faptul c\u0103 este o platform\u0103 gratuit\u0103 de utilizat. Nu trebuie s\u0103 pl\u0103ti\u021bi nimic pentru a v\u0103 \u00eenscrie sau pentru a utiliza func\u021biile site-ului.<\/p>\n<p>Cu toate acestea, exist\u0103 \u0219i unele dezavantaje \u00een utilizarea SpinChat. Un dezavantaj este c\u0103 site-ul nu are nicio func\u021bie care s\u0103 v\u0103 ajute s\u0103 verifica\u021bi persoanele cu care vorbi\u021bi. Acest lucru \u00eenseamn\u0103 c\u0103 a\u021bi putea ajunge s\u0103 vorbi\u021bi cu cineva care nu este cine spune c\u0103 este sau care are inten\u021bii r\u0103uvoitoare.<\/p>\n<p>Un alt poten\u021bial dezavantaj este faptul c\u0103 SpinChat nu are niciun fel de suport activ pentru clien\u021bi.<\/p>\n<h2>Cum s\u0103 profita\u021bi la maximum de spinchat?<\/h2>\n<p>Dac\u0103 dori\u021bi s\u0103 discuta\u021bi cu necunoscu\u021bi \u0219i s\u0103 v\u0103 face\u021bi prieteni noi, spinchat este un loc minunat pentru a \u00eencepe. Iat\u0103 c\u00e2teva sfaturi care s\u0103 te ajute s\u0103 profi\u021bi la maximum de experien\u021ba ta:<\/p>\n<ul>\n<li style=\"font-weight: 400;\" aria-level=\"1\">Fii tu \u00eensu\u021bi - nu este nevoie s\u0103-\u021bi pui o personalitate sau s\u0103 te por\u021bi ca cineva care nu e\u0219ti. Fii tu \u00eensu\u021bi \u0219i \u00ee\u021bi va fi mult mai u\u0219or s\u0103 te conectezi cu ceilal\u021bi.<\/li>\n<li style=\"font-weight: 400;\" aria-level=\"1\">Pune\u021bi \u00eentreb\u0103ri - oamenilor le place s\u0103 vorbeasc\u0103 despre ei \u00een\u0219i\u0219i, a\u0219a c\u0103 pune\u021bi o mul\u021bime de \u00eentreb\u0103ri pentru a face conversa\u021biile s\u0103 curg\u0103.<\/li>\n<li style=\"font-weight: 400;\" aria-level=\"1\">Fii respectuos - aminte\u0219te-\u021bi c\u0103 to\u021bi cei cu care discu\u021bi sunt persoane reale, la fel ca tine, a\u0219a c\u0103 trateaz\u0103-i cu respect \u0219i polite\u021be.<\/li>\n<li style=\"font-weight: 400;\" aria-level=\"1\">\u00a0Distreaz\u0103-te! - discu\u021biile cu oameni noi pot fi pl\u0103cute, a\u0219a c\u0103 relaxa\u021bi-v\u0103 \u0219i distra\u021bi-v\u0103!<\/li>\n<\/ul>\n<h2>Ce s\u0103 discuta\u021bi cu str\u0103inii pe videochat?<\/h2>\n<p>\u00cen lumea de ast\u0103zi, este u\u0219or s\u0103 te sim\u021bi deconectat \u0219i singur. Cu toat\u0103 tehnologia pe care o avem la \u00eendem\u00e2n\u0103, este u\u0219or s\u0103 trecem prin via\u021b\u0103 f\u0103r\u0103 s\u0103 ne conect\u0103m vreodat\u0103 cu cineva la un nivel mai profund. De aceea, chat-ul video poate fi o modalitate at\u00e2t de bun\u0103 de a intra \u00een contact cu ceilal\u021bi.<\/p>\n<p>C\u00e2nd vorbe\u0219ti cu str\u0103inii pe <a href=\"https:\/\/strangercam.com\/ro\/rabbit-video-chat\/\">chat video<\/a>, exist\u0103 posibilit\u0103\u021bi nelimitate de conversa\u021bii interesante. Fie c\u0103 vrei s\u0103 vorbe\u0219ti despre evenimente curente, despre cultura pop sau doar despre via\u021ba ta de zi cu zi, cu siguran\u021b\u0103 vei g\u0103si ceva despre care s\u0103 vorbe\u0219ti. \u0218i cine \u0219tie? S-ar putea s\u0103 v\u0103 face\u021bi un nou prieten \u00een acest proces.<\/p>\n<h2>De ce spinchat este at\u00e2t de popular\u0103 platforma de chat video aleatoriu?<\/h2>\n<p>Exist\u0103 multe motive pentru care spinchat este o platform\u0103 de chat video aleatoriu at\u00e2t de popular\u0103. Un motiv este faptul c\u0103 utilizarea este gratuit\u0103. Un alt motiv este c\u0103 este u\u0219or de utilizat \u0219i nu necesit\u0103 nicio \u00eenregistrare. \u00cen cele din urm\u0103, ofer\u0103 utilizatorilor o modalitate excelent\u0103 de a cunoa\u0219te oameni noi \u0219i de a-\u0219i face noi prieteni.<\/p>\n<h2>Cum s\u0103 sta\u021bi \u00een siguran\u021b\u0103 pe spinchat<\/h2>\n<p>Spinchat este o platform\u0103 grozav\u0103 pentru a cunoa\u0219te oameni noi \u0219i pentru a-\u021bi face prieteni. Cu toate acestea, este important s\u0103 r\u0103m\u00e2ne\u021bi \u00een siguran\u021b\u0103 atunci c\u00e2nd vorbi\u021bi cu str\u0103ini online. Iat\u0103 c\u00e2teva sfaturi care s\u0103 v\u0103 ajute s\u0103 fi\u021bi \u00een siguran\u021b\u0103 pe spinchat:<\/p>\n<ul>\n<li style=\"font-weight: 400;\" aria-level=\"1\">Nu furniza\u021bi informa\u021bii personale. Acestea includ numele dvs. complet, adresa, num\u0103rul de telefon etc.<\/li>\n<li style=\"font-weight: 400;\" aria-level=\"1\">Dac\u0103 cineva v\u0103 face s\u0103 v\u0103 sim\u021bi\u021bi inconfortabil, bloca\u021bi-l \u0219i raporta\u021bi-l moderatorilor.<\/li>\n<li style=\"font-weight: 400;\" aria-level=\"1\">Nu v\u0103 \u00eent\u00e2lni\u021bi cu cineva pe care l-a\u021bi <a href=\"https:\/\/strangercam.com\/ro\/chamet\/\">\u00eent\u00e2lnit<\/a> online \u00een persoan\u0103.<\/li>\n<li style=\"font-weight: 400;\" aria-level=\"1\">Utiliza\u021bi func\u021bia de mesagerie privat\u0103 pentru a vorbi cu persoanele pe care le cunoa\u0219te\u021bi \u0219i \u00een care ave\u021bi \u00eencredere.<\/li>\n<\/ul>\n<p>Urm\u00e2nd aceste sfaturi simple de siguran\u021b\u0103, v\u0103 pute\u021bi distra de minune pe spinchat, r\u0103m\u00e2n\u00e2nd \u00een siguran\u021b\u0103.<\/p>\n<h2>Concluzie<\/h2>\n<p>Unul dintre cele mai bune avantaje ale re\u021belelor de socializare este posibilitatea de a intra \u00een contact cu persoane care g\u00e2ndesc la fel, din \u00eentreaga lume. Fie c\u0103 sunte\u021bi \u00een c\u0103utarea unei prietenii, a unui sfat profesional sau doar a cuiva cu care s\u0103 discuta\u021bi, exist\u0103 o mul\u021bime de comunit\u0103\u021bi care se vor potrivi nevoilor dumneavoastr\u0103. Un exemplu excelent este spinchat - o platform\u0103 care permite utilizatorilor s\u0103 discute cu persoane necunoscute prin chat video. Dac\u0103 v\u0103 sim\u021bi\u021bi vreodat\u0103 pierdut \u0219i nu \u0219ti\u021bi \u00eencotro s\u0103 v\u0103 \u00eendrepta\u021bi, \u00eencerca\u021bi spinchat!<\/p>","protected":false},"excerpt":{"rendered":"<p>If you&#8217;re feeling lonely or just want to talk to someone, SpinChat is a great place to do it. This chat site lets you talk to strangers all over the world, and you never know who you might meet. You might make a new friend, or even find your soulmate. So why not give it [&hellip;]<\/p>\n","protected":false},"author":6,"featured_media":559,"parent":0,"menu_order":0,"comment_status":"closed","ping_status":"closed","template":"","meta":{"footnotes":""},"class_list":["post-11248","page","type-page","status-publish","has-post-thumbnail","hentry"],"yoast_head":"<!-- This site is optimized with the Yoast SEO plugin v26.9 - https:\/\/yoast.com\/product\/yoast-seo-wordpress\/ -->\n<title>Spinchat - Chat with strangers on StrangerCam.com<\/title>\n<meta name=\"description\" content=\"Like Spinchat? Come chat with more than 5.000.000 strangers on Stranger Cam for Free! Turn on your cam and find new friends &amp; maby a match!\" \/>\n<meta name=\"robots\" content=\"index, follow, max-snippet:-1, max-image-preview:large, max-video-preview:-1\" \/>\n<link rel=\"canonical\" href=\"https:\/\/strangercam.com\/ro\/spinchat\/\" \/>\n<meta property=\"og:locale\" content=\"ro_RO\" \/>\n<meta property=\"og:type\" content=\"article\" \/>\n<meta property=\"og:title\" content=\"Spinchat - Chat with strangers on StrangerCam.com\" \/>\n<meta property=\"og:description\" content=\"Like Spinchat? Come chat with more than 5.000.000 strangers on Stranger Cam for Free! Turn on your cam and find new friends &amp; maby a match!\" \/>\n<meta property=\"og:url\" content=\"https:\/\/strangercam.com\/ro\/spinchat\/\" \/>\n<meta property=\"og:site_name\" content=\"Strangercam\" \/>\n<meta property=\"article:publisher\" content=\"https:\/\/www.facebook.com\/strangercam\" \/>\n<meta property=\"article:modified_time\" content=\"2023-08-21T10:38:41+00:00\" \/>\n<meta property=\"og:image\" content=\"https:\/\/strangercam.com\/wp-content\/uploads\/2020\/11\/stranger-cam-1.png\" \/>\n\t<meta property=\"og:image:width\" content=\"800\" \/>\n\t<meta property=\"og:image:height\" content=\"800\" \/>\n\t<meta property=\"og:image:type\" content=\"image\/png\" \/>\n<meta name=\"twitter:card\" content=\"summary_large_image\" \/>\n<meta name=\"twitter:site\" content=\"@strangercamapp\" \/>\n<meta name=\"twitter:label1\" content=\"Timp estimat pentru citire\" \/>\n\t<meta name=\"twitter:data1\" content=\"6 minute\" \/>\n<script type=\"application\/ld+json\" class=\"yoast-schema-graph\">{\"@context\":\"https:\/\/schema.org\",\"@graph\":[{\"@type\":\"WebPage\",\"@id\":\"https:\/\/strangercam.com\/spinchat\/\",\"url\":\"https:\/\/strangercam.com\/spinchat\/\",\"name\":\"Spinchat - Chat with strangers on StrangerCam.com\",\"isPartOf\":{\"@id\":\"https:\/\/strangercam.com\/#website\"},\"primaryImageOfPage\":{\"@id\":\"https:\/\/strangercam.com\/spinchat\/#primaryimage\"},\"image\":{\"@id\":\"https:\/\/strangercam.com\/spinchat\/#primaryimage\"},\"thumbnailUrl\":\"https:\/\/strangercam.com\/wp-content\/uploads\/2020\/11\/stranger-cam-1.png\",\"datePublished\":\"2022-08-11T17:57:16+00:00\",\"dateModified\":\"2023-08-21T10:38:41+00:00\",\"description\":\"Like Spinchat? Come chat with more than 5.000.000 strangers on Stranger Cam for Free! Turn on your cam and find new friends & maby a match!\",\"breadcrumb\":{\"@id\":\"https:\/\/strangercam.com\/spinchat\/#breadcrumb\"},\"inLanguage\":\"ro-RO\",\"potentialAction\":[{\"@type\":\"ReadAction\",\"target\":[\"https:\/\/strangercam.com\/spinchat\/\"]}]},{\"@type\":\"ImageObject\",\"inLanguage\":\"ro-RO\",\"@id\":\"https:\/\/strangercam.com\/spinchat\/#primaryimage\",\"url\":\"https:\/\/strangercam.com\/wp-content\/uploads\/2020\/11\/stranger-cam-1.png\",\"contentUrl\":\"https:\/\/strangercam.com\/wp-content\/uploads\/2020\/11\/stranger-cam-1.png\",\"width\":800,\"height\":800,\"caption\":\"stranger cam random video chat\"},{\"@type\":\"BreadcrumbList\",\"@id\":\"https:\/\/strangercam.com\/spinchat\/#breadcrumb\",\"itemListElement\":[{\"@type\":\"ListItem\",\"position\":1,\"name\":\"Home\",\"item\":\"https:\/\/strangercam.com\/\"},{\"@type\":\"ListItem\",\"position\":2,\"name\":\"Spinchat\"}]},{\"@type\":\"WebSite\",\"@id\":\"https:\/\/strangercam.com\/#website\",\"url\":\"https:\/\/strangercam.com\/\",\"name\":\"Strangercam\",\"description\":\"Random Video Chat with Strangers\",\"publisher\":{\"@id\":\"https:\/\/strangercam.com\/#organization\"},\"alternateName\":\"Strangercam.com\",\"potentialAction\":[{\"@type\":\"SearchAction\",\"target\":{\"@type\":\"EntryPoint\",\"urlTemplate\":\"https:\/\/strangercam.com\/?s={search_term_string}\"},\"query-input\":{\"@type\":\"PropertyValueSpecification\",\"valueRequired\":true,\"valueName\":\"search_term_string\"}}],\"inLanguage\":\"ro-RO\"},{\"@type\":\"Organization\",\"@id\":\"https:\/\/strangercam.com\/#organization\",\"name\":\"Strangercam\",\"alternateName\":\"Strangercam.com\",\"url\":\"https:\/\/strangercam.com\/\",\"logo\":{\"@type\":\"ImageObject\",\"inLanguage\":\"ro-RO\",\"@id\":\"https:\/\/strangercam.com\/#\/schema\/logo\/image\/\",\"url\":\"https:\/\/strangercam.com\/wp-content\/uploads\/2020\/11\/cropped-new-favicon-black.png\",\"contentUrl\":\"https:\/\/strangercam.com\/wp-content\/uploads\/2020\/11\/cropped-new-favicon-black.png\",\"width\":512,\"height\":512,\"caption\":\"Strangercam\"},\"image\":{\"@id\":\"https:\/\/strangercam.com\/#\/schema\/logo\/image\/\"},\"sameAs\":[\"https:\/\/www.facebook.com\/strangercam\",\"https:\/\/x.com\/strangercamapp\"]}]}<\/script>\n<!-- \/ Yoast SEO plugin. -->","yoast_head_json":{"title":"Spinchat - Converseaz\u0103 cu str\u0103inii pe StrangerCam.com","description":"\u00ce\u021bi place Spinchat? Vino s\u0103 vorbe\u0219ti cu mai mult de 5.000.000 de str\u0103ini pe Stranger Cam gratuit! Porne\u0219te-\u021bi camera \u0219i g\u0103se\u0219te prieteni noi \u0219i poate o pereche!","robots":{"index":"index","follow":"follow","max-snippet":"max-snippet:-1","max-image-preview":"max-image-preview:large","max-video-preview":"max-video-preview:-1"},"canonical":"https:\/\/strangercam.com\/ro\/spinchat\/","og_locale":"ro_RO","og_type":"article","og_title":"Spinchat - Chat with strangers on StrangerCam.com","og_description":"Like Spinchat? Come chat with more than 5.000.000 strangers on Stranger Cam for Free! Turn on your cam and find new friends & maby a match!","og_url":"https:\/\/strangercam.com\/ro\/spinchat\/","og_site_name":"Strangercam","article_publisher":"https:\/\/www.facebook.com\/strangercam","article_modified_time":"2023-08-21T10:38:41+00:00","og_image":[{"width":800,"height":800,"url":"https:\/\/strangercam.com\/wp-content\/uploads\/2020\/11\/stranger-cam-1.png","type":"image\/png"}],"twitter_card":"summary_large_image","twitter_site":"@strangercamapp","twitter_misc":{"Timp estimat pentru citire":"6 minute"},"schema":{"@context":"https:\/\/schema.org","@graph":[{"@type":"WebPage","@id":"https:\/\/strangercam.com\/spinchat\/","url":"https:\/\/strangercam.com\/spinchat\/","name":"Spinchat - Converseaz\u0103 cu str\u0103inii pe StrangerCam.com","isPartOf":{"@id":"https:\/\/strangercam.com\/#website"},"primaryImageOfPage":{"@id":"https:\/\/strangercam.com\/spinchat\/#primaryimage"},"image":{"@id":"https:\/\/strangercam.com\/spinchat\/#primaryimage"},"thumbnailUrl":"https:\/\/strangercam.com\/wp-content\/uploads\/2020\/11\/stranger-cam-1.png","datePublished":"2022-08-11T17:57:16+00:00","dateModified":"2023-08-21T10:38:41+00:00","description":"\u00ce\u021bi place Spinchat? Vino s\u0103 vorbe\u0219ti cu mai mult de 5.000.000 de str\u0103ini pe Stranger Cam gratuit! Porne\u0219te-\u021bi camera \u0219i g\u0103se\u0219te prieteni noi \u0219i poate o pereche!","breadcrumb":{"@id":"https:\/\/strangercam.com\/spinchat\/#breadcrumb"},"inLanguage":"ro-RO","potentialAction":[{"@type":"ReadAction","target":["https:\/\/strangercam.com\/spinchat\/"]}]},{"@type":"ImageObject","inLanguage":"ro-RO","@id":"https:\/\/strangercam.com\/spinchat\/#primaryimage","url":"https:\/\/strangercam.com\/wp-content\/uploads\/2020\/11\/stranger-cam-1.png","contentUrl":"https:\/\/strangercam.com\/wp-content\/uploads\/2020\/11\/stranger-cam-1.png","width":800,"height":800,"caption":"stranger cam random video chat"},{"@type":"BreadcrumbList","@id":"https:\/\/strangercam.com\/spinchat\/#breadcrumb","itemListElement":[{"@type":"ListItem","position":1,"name":"Home","item":"https:\/\/strangercam.com\/"},{"@type":"ListItem","position":2,"name":"Spinchat"}]},{"@type":"WebSite","@id":"https:\/\/strangercam.com\/#website","url":"https:\/\/strangercam.com\/","name":"Strangercam","description":"Chat video aleatoriu cu str\u0103ini","publisher":{"@id":"https:\/\/strangercam.com\/#organization"},"alternateName":"Strangercam.com","potentialAction":[{"@type":"SearchAction","target":{"@type":"EntryPoint","urlTemplate":"https:\/\/strangercam.com\/?s={search_term_string}"},"query-input":{"@type":"PropertyValueSpecification","valueRequired":true,"valueName":"search_term_string"}}],"inLanguage":"ro-RO"},{"@type":"Organization","@id":"https:\/\/strangercam.com\/#organization","name":"Strangercam","alternateName":"Strangercam.com","url":"https:\/\/strangercam.com\/","logo":{"@type":"ImageObject","inLanguage":"ro-RO","@id":"https:\/\/strangercam.com\/#\/schema\/logo\/image\/","url":"https:\/\/strangercam.com\/wp-content\/uploads\/2020\/11\/cropped-new-favicon-black.png","contentUrl":"https:\/\/strangercam.com\/wp-content\/uploads\/2020\/11\/cropped-new-favicon-black.png","width":512,"height":512,"caption":"Strangercam"},"image":{"@id":"https:\/\/strangercam.com\/#\/schema\/logo\/image\/"},"sameAs":["https:\/\/www.facebook.com\/strangercam","https:\/\/x.com\/strangercamapp"]}]}},"_links":{"self":[{"href":"https:\/\/strangercam.com\/ro\/wp-json\/wp\/v2\/pages\/11248","targetHints":{"allow":["GET"]}}],"collection":[{"href":"https:\/\/strangercam.com\/ro\/wp-json\/wp\/v2\/pages"}],"about":[{"href":"https:\/\/strangercam.com\/ro\/wp-json\/wp\/v2\/types\/page"}],"author":[{"embeddable":true,"href":"https:\/\/strangercam.com\/ro\/wp-json\/wp\/v2\/users\/6"}],"replies":[{"embeddable":true,"href":"https:\/\/strangercam.com\/ro\/wp-json\/wp\/v2\/comments?post=11248"}],"version-history":[{"count":0,"href":"https:\/\/strangercam.com\/ro\/wp-json\/wp\/v2\/pages\/11248\/revisions"}],"wp:featuredmedia":[{"embeddable":true,"href":"https:\/\/strangercam.com\/ro\/wp-json\/wp\/v2\/media\/559"}],"wp:attachment":[{"href":"https:\/\/strangercam.com\/ro\/wp-json\/wp\/v2\/media?parent=11248"}],"curies":[{"name":"wp","href":"https:\/\/api.w.org\/{rel}","templated":true}]}}