{"id":11235,"date":"2022-08-11T19:54:01","date_gmt":"2022-08-11T17:54:01","guid":{"rendered":"https:\/\/strangercam.com\/?page_id=11235"},"modified":"2023-10-23T09:41:42","modified_gmt":"2023-10-23T07:41:42","slug":"dataway","status":"publish","type":"page","link":"https:\/\/strangercam.com\/ro\/dateway\/","title":{"rendered":"Dateway"},"content":{"rendered":"<p>\u00cen lumea de ast\u0103zi, poate fi dificil s\u0103 <a href=\"https:\/\/strangercam.com\/ro\/coomeet\/\">\u00eent\u00e2lnire<\/a> oameni noi \u0219i s\u0103 formeze leg\u0103turi. Av\u00e2nd \u00een vedere c\u0103 programele tuturor sunt at\u00e2t de \u00eenc\u0103rcate, este greu s\u0103 g\u0103se\u0219ti timp s\u0103 ie\u0219i \u0219i s\u0103 socializezi. Din fericire, exist\u0103 acum platforme online care pot ajuta \u00een acest sens, cum ar fi Dateway.<\/p>\n<p>Dateway este o aplica\u021bie care v\u0103 permite s\u0103 <a href=\"https:\/\/strangercam.com\/ro\/chatroulette\/\">chat<\/a> cu str\u0103ini din toate col\u021burile lumii. Este o modalitate excelent\u0103 de a cunoa\u0219te oameni noi \u0219i de a \u00eenv\u0103\u021ba despre culturi diferite. Nu \u0219tii niciodat\u0103 pe cine ai putea \u00eent\u00e2lni pe Dateway - a\u0219a c\u0103 ce mai a\u0219tep\u021bi? \u00cencearc\u0103 ast\u0103zi!<\/p>\n<h2>Ce este dateway?<\/h2>\n<p>Dateway este o platform\u0103 social media care permite utilizatorilor s\u0103 intre \u00een contact cu persoane din \u00eentreaga lume. Platforma ofer\u0103 un mediu sigur \u0219i securizat pentru ca utilizatorii s\u0103 comunice \u00eentre ei. Dateway ofer\u0103, de asemenea, o varietate de caracteristici, cum ar fi chat-ul video \u0219i mesageria, care faciliteaz\u0103 conectarea utilizatorilor \u00eentre ei.<\/p>\n<h2>Care sunt avantajele de a vorbi cu str\u0103inii pe dateway?<\/h2>\n<p>Discu\u021biile cu str\u0103inii pe dateway au multe avantaje. V\u0103 poate ajuta s\u0103 cunoa\u0219te\u021bi oameni noi, s\u0103 v\u0103 face\u021bi prieteni noi \u0219i s\u0103 afla\u021bi despre culturi \u0219i stiluri de via\u021b\u0103 diferite. De asemenea, v\u0103 poate ajuta s\u0103 v\u0103 \u00eembun\u0103t\u0103\u021bi\u021bi abilit\u0103\u021bile de comunicare \u0219i s\u0103 v\u0103 consolida\u021bi \u00eencrederea. Discu\u021biile cu str\u0103inii pot fi o modalitate excelent\u0103 de a \u00eenv\u0103\u021ba mai multe despre tine \u0219i despre lumea din jurul t\u0103u.<\/p>\n<h2>Cum s\u0103 \u00eencepi o conversa\u021bie pe dateway?<\/h2>\n<p>Dac\u0103 sunte\u021bi \u00een c\u0103utarea unor modalit\u0103\u021bi de a \u00eencepe o conversa\u021bie pe dateway, a\u021bi ajuns la locul potrivit. V\u0103 vom oferi c\u00e2teva sfaturi despre cum s\u0103 sparge\u021bi ghea\u021ba \u0219i s\u0103 porni\u021bi conversa\u021bia.<\/p>\n<p>\u00cen primul r\u00e2nd, arunca\u021bi o privire la profilul persoanei \u0219i vede\u021bi dac\u0103 exist\u0103 ceva care v\u0103 intereseaz\u0103. Dac\u0103 vede\u021bi ceva ce ave\u021bi \u00een comun, men\u021biona\u021bi acest lucru \u00een mesajul dvs. de deschidere. De exemplu, \"Am v\u0103zut c\u0103 e\u0219ti un fan al forma\u021biei The Beatles. \u0218i eu sunt un mare fan!\" Aceasta este o modalitate excelent\u0103 de a \u00eencepe o conversa\u021bie, deoarece arat\u0103 c\u0103 ave\u021bi ceva \u00een comun.<\/p>\n<p>O alt\u0103 modalitate excelent\u0103 de a \u00eencepe o conversa\u021bie este s\u0103 pune\u021bi o \u00eentrebare. Aceasta poate fi despre orice lucru de care sunte\u021bi curios. De exemplu, \"M\u0103 \u00eentrebam dac\u0103 \u00eemi pute\u021bi recomanda c\u0103r\u021bi bune despre \u00eent\u00e2lniri?\" Acest lucru arat\u0103 c\u0103 sunte\u021bi interesat s\u0103 o cunoa\u0219te\u021bi pe cealalt\u0103 persoan\u0103 \u0219i c\u0103 sunte\u021bi dispus s\u0103 v\u0103 angaja\u021bi \u00eentr-o discu\u021bie.<\/p>\n<p>\u00cen cele din urm\u0103, nu v\u0103 fie team\u0103 s\u0103 fi\u021bi voi \u00een\u0219iv\u0103! Cel mai r\u0103u lucru care se poate \u00eent\u00e2mpla este ca cealalt\u0103 persoan\u0103 s\u0103 nu r\u0103spund\u0103. Dar, chiar dac\u0103 se \u00eent\u00e2mpl\u0103 asta, nu este sf\u00e2r\u0219itul lumii. Vei g\u0103si pe altcineva care este interesat s\u0103 vorbeasc\u0103 cu tine. A\u0219adar, ie\u0219i\u021bi \u0219i \u00eencepe\u021bi<\/p>\n<h2>Care sunt c\u00e2teva lucruri despre care s\u0103 vorbe\u0219ti pe dateway?<\/h2>\n<p>C\u00e2nd vine vorba de \u00eent\u00e2lniri online, exist\u0103 o mul\u021bime de lucruri despre care pute\u021bi vorbi pe Dateway. Important este s\u0103 men\u021bii conversa\u021bia \u00een desf\u0103\u0219urare \u0219i s\u0103 evi\u021bi t\u0103cerile st\u00e2njenitoare. Iat\u0103 c\u00e2teva lucruri despre care pute\u021bi vorbi pe Dateway:<\/p>\n<p>Hobby-urile \u0219i interesele tale: Aceasta este o modalitate excelent\u0103 de a afla dac\u0103 ave\u021bi interese comune cu cealalt\u0103 persoan\u0103. Vorbind despre hobby-urile \u0219i interesele dvs. pute\u021bi, de asemenea, s\u0103 sparge\u021bi ghea\u021ba \u0219i s\u0103 \u00eencepe\u021bi conversa\u021bia.<\/p>\n<p>Munca sau studiile tale: Acesta este un alt subiect important despre care s\u0103 discuta\u021bi la Dateway. V\u0103 poate ajuta s\u0103 afla\u021bi dac\u0103 ave\u021bi ceva \u00een comun cu cealalt\u0103 persoan\u0103. Vorbind despre munca sau studiile dvs. pute\u021bi, de asemenea, ajuta la men\u021binerea conversa\u021biei.<\/p>\n<p>Familia \u0219i prietenii dumneavoastr\u0103: Aceasta este o modalitate excelent\u0103 de a o cunoa\u0219te mai bine pe cealalt\u0103 persoan\u0103. Vorbind despre familia \u0219i prietenii dvs. pute\u021bi crea o leg\u0103tur\u0103 cu cealalt\u0103 persoan\u0103.<\/p>\n<p>Visurile \u0219i aspira\u021biile tale: Aceasta este o modalitate excelent\u0103 de a motiva \u0219i inspira cealalt\u0103 persoan\u0103. A vorbi despre visele \u0219i aspira\u021biile tale poate ajuta, de asemenea, la men\u021binerea unei conversa\u021bii fluente.<\/p>\n<h2>Cum s\u0103 \u00eenchei o conversa\u021bie pe dateway?<\/h2>\n<p>Dac\u0103 sunte\u021bi pe dateway \u0219i dori\u021bi s\u0103 \u00eencheia\u021bi o conversa\u021bie, pute\u021bi face c\u00e2teva lucruri. \u00cen primul r\u00e2nd, pute\u021bi \u00eencerca s\u0103 refuza\u021bi orice alt\u0103 invita\u021bie la chat. Dac\u0103 cealalt\u0103 persoan\u0103 persist\u0103, pute\u021bi fi direct \u0219i s\u0103 spune\u021bi c\u0103 nu sunte\u021bi interesat s\u0103 discuta\u021bi. De asemenea, pute\u021bi bloca persoana respectiv\u0103 dac\u0103 devine prea insistent\u0103.<\/p>\n<h2>Ce trebuie \u0219i ce nu trebuie s\u0103 faci c\u00e2nd vorbe\u0219ti cu str\u0103inii pe dateway?<\/h2>\n<p>Atunci c\u00e2nd discuta\u021bi cu persoane necunoscute pe dateway, este important s\u0103 fi\u021bi con\u0219tient de c\u00e2teva reguli de baz\u0103. \u00cen primul r\u00e2nd, asigura\u021bi-v\u0103 c\u0103 sunte\u021bi \u00een siguran\u021b\u0103 \u0219i nu \u00eemp\u0103rt\u0103\u0219i\u021bi nicio informa\u021bie personal\u0103 persoanei cu care vorbi\u021bi. \u00cen al doilea r\u00e2nd, respecta\u021bi cealalt\u0103 persoan\u0103 \u0219i limitele sale personale. \u00cen cele din urm\u0103, dac\u0103 conversa\u021bia decurge bine, lua\u021bi lucrurile \u00eentr-un ritm rezonabil de lent, astfel \u00eenc\u00e2t s\u0103 nu interveni\u021bi prea puternic.<\/p>\n<h2>De ce dateway este at\u00e2t de popular\u0103 platforma de videochat aleatoriu?<\/h2>\n<p>Exist\u0103 multe motive pentru care <a href=\"https:\/\/strangercam.com\/ro\/echat\/\">EChat<\/a> este o platform\u0103 de chat video aleatoriu at\u00e2t de popular\u0103. \u00cen primul r\u00e2nd, utilizarea sa este complet gratuit\u0103. Nu trebuie s\u0103 v\u0103 \u00eenregistra\u021bi pentru un cont sau ceva de genul acesta. Trebuie doar s\u0103 deschide\u021bi aplica\u021bia \u0219i s\u0103 \u00eencepe\u021bi s\u0103 discuta\u021bi. Un alt motiv este c\u0103 este foarte u\u0219or de utilizat. Interfa\u021ba este simpl\u0103 \u0219i direct\u0103. \u00cen cele din urm\u0103, exist\u0103 \u00eentotdeauna mii de persoane online la un moment dat, a\u0219a c\u0103 nu v\u0103 ve\u021bi plictisi niciodat\u0103.<\/p>\n<h2>Cum func\u021bioneaz\u0103 dateway?<\/h2>\n<p>Nu exist\u0103 un r\u0103spuns fix la aceast\u0103 \u00eentrebare, deoarece Dateway poate fi utilizat \u00een multe moduri diferite. Unii oameni \u00eel folosesc pentru a cunoa\u0219te oameni noi \u0219i pentru a-\u0219i face prieteni, \u00een timp ce al\u021bii \u00eel folosesc pentru a g\u0103si poten\u021biali parteneri romantici. Indiferent de modul \u00een care \u00eel utiliza\u021bi, totu\u0219i, Dateway este conceput pentru a v\u0103 ajuta s\u0103 v\u0103 conecta\u021bi cu alte persoane care v\u0103 \u00eemp\u0103rt\u0103\u0219esc interesele \u0219i valorile.<\/p>\n<h2>Cum s\u0103 r\u0103m\u00e2ne\u021bi \u00een siguran\u021b\u0103 \u00een timp ce utiliza\u021bi orice platform\u0103 de chat video aleatorie?<\/h2>\n<p>C\u00e2nd vine vorba de siguran\u021ba online, unul dintre cele mai importante lucruri de re\u021binut este s\u0103 nu v\u0103 \u00eent\u00e2lni\u021bi niciodat\u0103 cu cineva cu care <a href=\"https:\/\/strangercam.com\/ro\/chamet\/\">\u00eent\u00e2lnit<\/a> online \u00een persoan\u0103. De\u0219i exist\u0103 o mul\u021bime de modalit\u0103\u021bi de a r\u0103m\u00e2ne \u00een siguran\u021b\u0103 atunci c\u00e2nd utiliza\u021bi <a href=\"https:\/\/strangercam.com\/ro\/chathub\/\">chat video aleatoriu<\/a> platforme precum Dateway, exist\u0103 \u0219i unele riscuri implicate.<\/p>\n<p>Cel mai bun mod de a r\u0103m\u00e2ne \u00een siguran\u021b\u0103 \u00een timp ce utiliza\u021bi orice platform\u0103 de chat video aleatorie este s\u0103 v\u0103 asigura\u021bi c\u0103 nu furniza\u021bi niciodat\u0103 informa\u021bii personale nim\u0103nui. Acestea includ numele complet, adresa, num\u0103rul de telefon sau chiar conturile de socializare. De asemenea, este important s\u0103 nu accepta\u021bi niciodat\u0103 s\u0103 v\u0103 \u00eent\u00e2lni\u021bi personal cu cineva pe care l-a\u021bi cunoscut online.<\/p>\n<p>Dac\u0103 v\u0103 decide\u021bi s\u0103 v\u0103 \u00eent\u00e2lni\u021bi cu cineva pe care l-a\u021bi cunoscut online, asigura\u021bi-v\u0103 c\u0103 o face\u021bi \u00eentr-un loc public \u0219i c\u0103 spune\u021bi unui prieten sau unui membru al familiei unde merge\u021bi. Nu merge\u021bi niciodat\u0103 singur \u0219i ave\u021bi \u00eentotdeauna un plan de ie\u0219ire dac\u0103 nu v\u0103 sim\u021bi\u021bi \u00een siguran\u021b\u0103.<\/p>\n<p>Platformele de chat video aleatorii pot fi foarte distractive, dar este important s\u0103 v\u0103 pune\u021bi \u00eentotdeauna siguran\u021ba pe primul loc. Urm\u00e2nd aceste sfaturi simple, v\u0103 pute\u021bi asigura c\u0103 ave\u021bi o experien\u021b\u0103 sigur\u0103 \u0219i pl\u0103cut\u0103.<\/p>\n<h2>Concluzie<\/h2>\n<p>Dac\u0103 sunte\u021bi \u00een c\u0103utarea unei modalit\u0103\u021bi simple \u0219i distractive de a cunoa\u0219te oameni noi, atunci v\u0103 recomand s\u0103 folosi\u021bi aplica\u021bia Dateway. Este o modalitate excelent\u0103 de a intra \u00een contact cu oameni din \u00eentreaga lume \u0219i nu \u0219tii niciodat\u0103 pe cine po\u021bi \u00eent\u00e2lni. A\u0219a c\u0103 desc\u0103rca\u021bi aplica\u021bia, crea\u021bi-v\u0103 un profil \u0219i \u00eencepe\u021bi s\u0103 discuta\u021bi ast\u0103zi cu ni\u0219te necunoscu\u021bi!<\/p>","protected":false},"excerpt":{"rendered":"<p>In today&#8217;s world, it can be difficult to meet new people and form connections. With everyone&#8217;s schedules being so busy, it&#8217;s hard to find the time to go out and socialize. Thankfully, there are now online platforms that can help with this, such as Dateway. Dateway is a app that allows you to chat with [&hellip;]<\/p>\n","protected":false},"author":6,"featured_media":559,"parent":0,"menu_order":0,"comment_status":"closed","ping_status":"closed","template":"","meta":{"footnotes":""},"class_list":["post-11235","page","type-page","status-publish","has-post-thumbnail","hentry"],"yoast_head":"<!-- This site is optimized with the Yoast SEO plugin v27.4 - https:\/\/yoast.com\/product\/yoast-seo-wordpress\/ -->\n<title>Dateway - Chat with strangers on StrangerCam.com<\/title>\n<meta name=\"description\" content=\"Like Dateway? Come chat with more than 5.000.000 strangers on Stranger Cam for Free! Turn on your cam and find new friends &amp; maby a match!\" \/>\n<meta name=\"robots\" content=\"index, follow, max-snippet:-1, max-image-preview:large, max-video-preview:-1\" \/>\n<link rel=\"canonical\" href=\"https:\/\/strangercam.com\/ro\/dataway\/\" \/>\n<meta property=\"og:locale\" content=\"ro_RO\" \/>\n<meta property=\"og:type\" content=\"article\" \/>\n<meta property=\"og:title\" content=\"Dateway - Chat with strangers on StrangerCam.com\" \/>\n<meta property=\"og:description\" content=\"Like Dateway? Come chat with more than 5.000.000 strangers on Stranger Cam for Free! Turn on your cam and find new friends &amp; maby a match!\" \/>\n<meta property=\"og:url\" content=\"https:\/\/strangercam.com\/ro\/dataway\/\" \/>\n<meta property=\"og:site_name\" content=\"Strangercam\" \/>\n<meta property=\"article:publisher\" content=\"https:\/\/www.facebook.com\/strangercam\" \/>\n<meta property=\"article:modified_time\" content=\"2023-10-23T07:41:42+00:00\" \/>\n<meta property=\"og:image\" content=\"https:\/\/strangercam.com\/wp-content\/uploads\/2020\/11\/stranger-cam-1.png\" \/>\n\t<meta property=\"og:image:width\" content=\"800\" \/>\n\t<meta property=\"og:image:height\" content=\"800\" \/>\n\t<meta property=\"og:image:type\" content=\"image\/png\" \/>\n<meta name=\"twitter:card\" content=\"summary_large_image\" \/>\n<meta name=\"twitter:site\" content=\"@strangercamapp\" \/>\n<meta name=\"twitter:label1\" content=\"Timp estimat pentru citire\" \/>\n\t<meta name=\"twitter:data1\" content=\"6 minute\" \/>\n<script type=\"application\/ld+json\" class=\"yoast-schema-graph\">{\"@context\":\"https:\\\/\\\/schema.org\",\"@graph\":[{\"@type\":\"WebPage\",\"@id\":\"https:\\\/\\\/strangercam.com\\\/dateway\\\/\",\"url\":\"https:\\\/\\\/strangercam.com\\\/dateway\\\/\",\"name\":\"Dateway - Chat with strangers on StrangerCam.com\",\"isPartOf\":{\"@id\":\"https:\\\/\\\/strangercam.com\\\/#website\"},\"primaryImageOfPage\":{\"@id\":\"https:\\\/\\\/strangercam.com\\\/dateway\\\/#primaryimage\"},\"image\":{\"@id\":\"https:\\\/\\\/strangercam.com\\\/dateway\\\/#primaryimage\"},\"thumbnailUrl\":\"https:\\\/\\\/strangercam.com\\\/wp-content\\\/uploads\\\/2020\\\/11\\\/stranger-cam-1.png\",\"datePublished\":\"2022-08-11T17:54:01+00:00\",\"dateModified\":\"2023-10-23T07:41:42+00:00\",\"description\":\"Like Dateway? Come chat with more than 5.000.000 strangers on Stranger Cam for Free! Turn on your cam and find new friends & maby a match!\",\"breadcrumb\":{\"@id\":\"https:\\\/\\\/strangercam.com\\\/dateway\\\/#breadcrumb\"},\"inLanguage\":\"ro-RO\",\"potentialAction\":[{\"@type\":\"ReadAction\",\"target\":[\"https:\\\/\\\/strangercam.com\\\/dateway\\\/\"]}]},{\"@type\":\"ImageObject\",\"inLanguage\":\"ro-RO\",\"@id\":\"https:\\\/\\\/strangercam.com\\\/dateway\\\/#primaryimage\",\"url\":\"https:\\\/\\\/strangercam.com\\\/wp-content\\\/uploads\\\/2020\\\/11\\\/stranger-cam-1.png\",\"contentUrl\":\"https:\\\/\\\/strangercam.com\\\/wp-content\\\/uploads\\\/2020\\\/11\\\/stranger-cam-1.png\",\"width\":800,\"height\":800,\"caption\":\"stranger cam random video chat\"},{\"@type\":\"BreadcrumbList\",\"@id\":\"https:\\\/\\\/strangercam.com\\\/dateway\\\/#breadcrumb\",\"itemListElement\":[{\"@type\":\"ListItem\",\"position\":1,\"name\":\"Home\",\"item\":\"https:\\\/\\\/strangercam.com\\\/\"},{\"@type\":\"ListItem\",\"position\":2,\"name\":\"Dateway\"}]},{\"@type\":\"WebSite\",\"@id\":\"https:\\\/\\\/strangercam.com\\\/#website\",\"url\":\"https:\\\/\\\/strangercam.com\\\/\",\"name\":\"Strangercam\",\"description\":\"Random Video Chat with Strangers\",\"publisher\":{\"@id\":\"https:\\\/\\\/strangercam.com\\\/#organization\"},\"alternateName\":\"Strangercam.com\",\"potentialAction\":[{\"@type\":\"SearchAction\",\"target\":{\"@type\":\"EntryPoint\",\"urlTemplate\":\"https:\\\/\\\/strangercam.com\\\/?s={search_term_string}\"},\"query-input\":{\"@type\":\"PropertyValueSpecification\",\"valueRequired\":true,\"valueName\":\"search_term_string\"}}],\"inLanguage\":\"ro-RO\"},{\"@type\":\"Organization\",\"@id\":\"https:\\\/\\\/strangercam.com\\\/#organization\",\"name\":\"Strangercam\",\"alternateName\":\"Strangercam.com\",\"url\":\"https:\\\/\\\/strangercam.com\\\/\",\"logo\":{\"@type\":\"ImageObject\",\"inLanguage\":\"ro-RO\",\"@id\":\"https:\\\/\\\/strangercam.com\\\/#\\\/schema\\\/logo\\\/image\\\/\",\"url\":\"https:\\\/\\\/strangercam.com\\\/wp-content\\\/uploads\\\/2020\\\/11\\\/cropped-new-favicon-black.png\",\"contentUrl\":\"https:\\\/\\\/strangercam.com\\\/wp-content\\\/uploads\\\/2020\\\/11\\\/cropped-new-favicon-black.png\",\"width\":512,\"height\":512,\"caption\":\"Strangercam\"},\"image\":{\"@id\":\"https:\\\/\\\/strangercam.com\\\/#\\\/schema\\\/logo\\\/image\\\/\"},\"sameAs\":[\"https:\\\/\\\/www.facebook.com\\\/strangercam\",\"https:\\\/\\\/x.com\\\/strangercamapp\"]}]}<\/script>\n<!-- \/ Yoast SEO plugin. -->","yoast_head_json":{"title":"Dateway - Converseaz\u0103 cu str\u0103inii pe StrangerCam.com","description":"\u00ce\u021bi place Dateway? Vino s\u0103 vorbe\u0219ti cu mai mult de 5.000.000 de str\u0103ini pe Stranger Cam gratuit! Porne\u0219te-\u021bi camera \u0219i g\u0103se\u0219te prieteni noi \u0219i poate o pereche!","robots":{"index":"index","follow":"follow","max-snippet":"max-snippet:-1","max-image-preview":"max-image-preview:large","max-video-preview":"max-video-preview:-1"},"canonical":"https:\/\/strangercam.com\/ro\/dataway\/","og_locale":"ro_RO","og_type":"article","og_title":"Dateway - Chat with strangers on StrangerCam.com","og_description":"Like Dateway? Come chat with more than 5.000.000 strangers on Stranger Cam for Free! Turn on your cam and find new friends & maby a match!","og_url":"https:\/\/strangercam.com\/ro\/dataway\/","og_site_name":"Strangercam","article_publisher":"https:\/\/www.facebook.com\/strangercam","article_modified_time":"2023-10-23T07:41:42+00:00","og_image":[{"width":800,"height":800,"url":"https:\/\/strangercam.com\/wp-content\/uploads\/2020\/11\/stranger-cam-1.png","type":"image\/png"}],"twitter_card":"summary_large_image","twitter_site":"@strangercamapp","twitter_misc":{"Timp estimat pentru citire":"6 minute"},"schema":{"@context":"https:\/\/schema.org","@graph":[{"@type":"WebPage","@id":"https:\/\/strangercam.com\/dateway\/","url":"https:\/\/strangercam.com\/dateway\/","name":"Dateway - Converseaz\u0103 cu str\u0103inii pe StrangerCam.com","isPartOf":{"@id":"https:\/\/strangercam.com\/#website"},"primaryImageOfPage":{"@id":"https:\/\/strangercam.com\/dateway\/#primaryimage"},"image":{"@id":"https:\/\/strangercam.com\/dateway\/#primaryimage"},"thumbnailUrl":"https:\/\/strangercam.com\/wp-content\/uploads\/2020\/11\/stranger-cam-1.png","datePublished":"2022-08-11T17:54:01+00:00","dateModified":"2023-10-23T07:41:42+00:00","description":"\u00ce\u021bi place Dateway? Vino s\u0103 vorbe\u0219ti cu mai mult de 5.000.000 de str\u0103ini pe Stranger Cam gratuit! Porne\u0219te-\u021bi camera \u0219i g\u0103se\u0219te prieteni noi \u0219i poate o pereche!","breadcrumb":{"@id":"https:\/\/strangercam.com\/dateway\/#breadcrumb"},"inLanguage":"ro-RO","potentialAction":[{"@type":"ReadAction","target":["https:\/\/strangercam.com\/dateway\/"]}]},{"@type":"ImageObject","inLanguage":"ro-RO","@id":"https:\/\/strangercam.com\/dateway\/#primaryimage","url":"https:\/\/strangercam.com\/wp-content\/uploads\/2020\/11\/stranger-cam-1.png","contentUrl":"https:\/\/strangercam.com\/wp-content\/uploads\/2020\/11\/stranger-cam-1.png","width":800,"height":800,"caption":"stranger cam random video chat"},{"@type":"BreadcrumbList","@id":"https:\/\/strangercam.com\/dateway\/#breadcrumb","itemListElement":[{"@type":"ListItem","position":1,"name":"Home","item":"https:\/\/strangercam.com\/"},{"@type":"ListItem","position":2,"name":"Dateway"}]},{"@type":"WebSite","@id":"https:\/\/strangercam.com\/#website","url":"https:\/\/strangercam.com\/","name":"Strangercam","description":"Chat video aleatoriu cu str\u0103ini","publisher":{"@id":"https:\/\/strangercam.com\/#organization"},"alternateName":"Strangercam.com","potentialAction":[{"@type":"SearchAction","target":{"@type":"EntryPoint","urlTemplate":"https:\/\/strangercam.com\/?s={search_term_string}"},"query-input":{"@type":"PropertyValueSpecification","valueRequired":true,"valueName":"search_term_string"}}],"inLanguage":"ro-RO"},{"@type":"Organization","@id":"https:\/\/strangercam.com\/#organization","name":"Strangercam","alternateName":"Strangercam.com","url":"https:\/\/strangercam.com\/","logo":{"@type":"ImageObject","inLanguage":"ro-RO","@id":"https:\/\/strangercam.com\/#\/schema\/logo\/image\/","url":"https:\/\/strangercam.com\/wp-content\/uploads\/2020\/11\/cropped-new-favicon-black.png","contentUrl":"https:\/\/strangercam.com\/wp-content\/uploads\/2020\/11\/cropped-new-favicon-black.png","width":512,"height":512,"caption":"Strangercam"},"image":{"@id":"https:\/\/strangercam.com\/#\/schema\/logo\/image\/"},"sameAs":["https:\/\/www.facebook.com\/strangercam","https:\/\/x.com\/strangercamapp"]}]}},"_links":{"self":[{"href":"https:\/\/strangercam.com\/ro\/wp-json\/wp\/v2\/pages\/11235","targetHints":{"allow":["GET"]}}],"collection":[{"href":"https:\/\/strangercam.com\/ro\/wp-json\/wp\/v2\/pages"}],"about":[{"href":"https:\/\/strangercam.com\/ro\/wp-json\/wp\/v2\/types\/page"}],"author":[{"embeddable":true,"href":"https:\/\/strangercam.com\/ro\/wp-json\/wp\/v2\/users\/6"}],"replies":[{"embeddable":true,"href":"https:\/\/strangercam.com\/ro\/wp-json\/wp\/v2\/comments?post=11235"}],"version-history":[{"count":0,"href":"https:\/\/strangercam.com\/ro\/wp-json\/wp\/v2\/pages\/11235\/revisions"}],"wp:featuredmedia":[{"embeddable":true,"href":"https:\/\/strangercam.com\/ro\/wp-json\/wp\/v2\/media\/559"}],"wp:attachment":[{"href":"https:\/\/strangercam.com\/ro\/wp-json\/wp\/v2\/media?parent=11235"}],"curies":[{"name":"wp","href":"https:\/\/api.w.org\/{rel}","templated":true}]}}