{"id":11221,"date":"2022-08-11T16:07:53","date_gmt":"2022-08-11T14:07:53","guid":{"rendered":"https:\/\/strangercam.com\/?page_id=11221"},"modified":"2023-08-21T12:24:42","modified_gmt":"2023-08-21T10:24:42","slug":"meetme","status":"publish","type":"page","link":"https:\/\/strangercam.com\/ro\/meetme\/","title":{"rendered":"Meetme"},"content":{"rendered":"<p>Dac\u0103 sunte\u021bi \u00een c\u0103utarea unui nou mod de a <a href=\"https:\/\/strangercam.com\/ro\/coomeet\/\">\u00eent\u00e2lnire<\/a> oameni \u0219i <a href=\"https:\/\/strangercam.com\/ro\/flingster\/\">flirt<\/a> cu str\u0103inii, atunci ar trebui s\u0103 verifica\u021bi meetme. Aceast\u0103 aplica\u021bie v\u0103 permite s\u0103 v\u0103 conecta\u021bi cu persoane din apropierea dvs. care sunt, de asemenea, \u00een c\u0103utarea de noi prieteni sau a unui partener romantic. Pute\u021bi <a href=\"https:\/\/strangercam.com\/ro\/chatroulette\/\">chat<\/a> cu ei, \u00eemp\u0103rt\u0103\u0219i\u021bi fotografii \u0219i interese \u0219i chiar \u00eent\u00e2lni\u021bi-v\u0103 personal dac\u0103 sunte\u021bi am\u00e2ndoi interesa\u021bi. Deci, de ce s\u0103 nu \u00eencerca\u021bi? Nu se \u0219tie niciodat\u0103 pe cine a\u021bi putea \u00eent\u00e2lni!<\/p>\n<h2>Ce este meetme?<\/h2>\n<p>Meetme este un <a href=\"https:\/\/strangercam.com\/ro\/chathub\/\">chat video aleatoriu<\/a> care v\u0103 permite s\u0103 cunoa\u0219te\u021bi oameni noi \u0219i s\u0103 flirta\u021bi cu necunoscu\u021bi. Este o modalitate excelent\u0103 de a \u00eent\u00e2lni noi prieteni sau poten\u021biali parteneri. De asemenea, pute\u021bi utiliza meetme pentru a g\u0103si persoane cu interese similare sau pentru a \u00eencepe o conversa\u021bie cu cineva care v\u0103 intereseaz\u0103.<\/p>\n<h2>Cum s\u0103 utiliza\u021bi meetme<\/h2>\n<p>Dac\u0103 sunte\u021bi \u00een c\u0103utarea unei noi modalit\u0103\u021bi de a cunoa\u0219te oameni \u0219i de a flirta cu str\u0103inii, atunci ar trebui s\u0103 verifica\u021bi meetme. Este o modalitate excelent\u0103 de a intra \u00een contact cu oameni noi \u0219i, eventual, de a g\u0103si dragostea. Iat\u0103 cum s\u0103 folose\u0219ti meetme:<\/p>\n<ul>\n<li style=\"font-weight: 400;\" aria-level=\"1\">\u00cen primul r\u00e2nd, crea\u021bi un profil \u00eenscriindu-v\u0103 cu adresa dvs. de e-mail sau conect\u00e2ndu-v\u0103 contul de Facebook. Nu uita\u021bi s\u0103 ad\u0103uga\u021bi o fotografie \u0219i c\u00e2teva informa\u021bii de baz\u0103 despre dvs., astfel \u00eenc\u00e2t oamenii s\u0103 v\u0103 poat\u0103 cunoa\u0219te.<\/li>\n<li style=\"font-weight: 400;\" aria-level=\"1\">Odat\u0103 ce ave\u021bi un profil, \u00eencepe\u021bi s\u0103 r\u0103sfoi\u021bi profilurile altor utilizatori. C\u00e2nd g\u0103si\u021bi pe cineva care v\u0103 intereseaz\u0103, trimite\u021bi-i un mesaj \u0219i vede\u021bi dac\u0103 este interesat s\u0103 discuta\u021bi.<\/li>\n<li style=\"font-weight: 400;\" aria-level=\"1\">Dac\u0103 v\u0103 \u00een\u021belege\u021bi bine cu cineva, pute\u021bi \u00eencepe s\u0103 flirta\u021bi cu el. Acest lucru poate fi orice, de la trimiterea de complimente la glume juc\u0103u\u0219e. Doar distreaz\u0103-te \u0219i vezi cum evolueaz\u0103 lucrurile!<\/li>\n<li style=\"font-weight: 400;\" aria-level=\"1\">Dac\u0103 lucrurile par s\u0103 mearg\u0103 bine, pute\u021bi invita persoana respectiv\u0103 la o \u00eent\u00e2lnire. Doar asigura\u021bi-v\u0103 c\u0103 am\u00e2ndoi sunte\u021bi pe aceea\u0219i lungime de und\u0103 cu privire la ceea ce c\u0103uta\u021bi \u00eenainte de a v\u0103 \u00eent\u00e2lni \u00een persoan\u0103.<\/li>\n<li style=\"font-weight: 400;\" aria-level=\"1\">\u0218i asta e tot! Folose\u0219te meetme pentru a cunoa\u0219te oameni noi \u0219i a flirta cu str\u0103ini \u00eentr-un mediu sigur \u0219i distractiv.<\/li>\n<\/ul>\n<h2>Pro \u0219i contra \u00eent\u00e2lnirii<\/h2>\n<p>Exist\u0103 at\u00e2t lucruri bune, c\u00e2t \u0219i rele \u00een leg\u0103tur\u0103 cu aplica\u021bia meetme. Pe de o parte, poate fi o modalitate excelent\u0103 de a cunoa\u0219te oameni noi \u0219i de a-\u021bi face prieteni noi. Pe de alt\u0103 parte, exist\u0103 \u0219i posibilitatea de a \u00eent\u00e2lni str\u0103ini periculo\u0219i. Este important s\u0103 fi\u021bi con\u0219tien\u021bi at\u00e2t de avantajele, c\u00e2t \u0219i de dezavantaje \u00eenainte de a utiliza aceast\u0103 aplica\u021bie.<\/p>\n<p>Lucrul bun la meetme este c\u0103 pute\u021bi vorbi cu oameni din \u00eentreaga lume. Acest lucru v\u0103 ofer\u0103 posibilitatea de a \u00eenv\u0103\u021ba despre diferite culturi \u0219i de a v\u0103 face noi prieteni. De asemenea, pute\u021bi flirta cu oameni pe meetme, ceea ce poate fi distractiv dac\u0103 sunte\u021bi singur \u0219i c\u0103uta\u021bi o \u00eent\u00e2lnire.<\/p>\n<p>Dezavantajul meetme este c\u0103 a\u021bi putea \u00eent\u00e2lni str\u0103ini periculo\u0219i. Deoarece vorbi\u021bi cu persoane pe care nu le cunoa\u0219te\u021bi, este important s\u0103 fi\u021bi atent la informa\u021biile pe care le \u00eemp\u0103rt\u0103\u0219i\u021bi. Nu trebuie s\u0103 v\u0103 da\u021bi niciodat\u0103 informa\u021biile personale sau s\u0103 accepta\u021bi s\u0103 v\u0103 \u00eent\u00e2lni\u021bi cu cineva \u00een persoan\u0103 dec\u00e2t dac\u0103 sunte\u021bi absolut sigur c\u0103 persoana respectiv\u0103 este \u00een siguran\u021b\u0103.<\/p>\n<p>\u00cen general, meetme poate fi o modalitate excelent\u0103 de a cunoa\u0219te oameni noi \u0219i de a te distra. Cu toate acestea, este important s\u0103 fi\u021bi con\u0219tien\u021bi de riscuri \u00eenainte de a utiliza aceast\u0103 aplica\u021bie.<\/p>\n<h2>De ce meetme este o platform\u0103 de videochat aleatoriu at\u00e2t de popular\u0103?<\/h2>\n<p>Exist\u0103 multe motive pentru care meetme este o platform\u0103 de chat video aleatoriu at\u00e2t de popular\u0103. Pentru \u00eenceput, este incredibil de u\u0219or de utilizat. Nu trebuie s\u0103 v\u0103 \u00eenregistra\u021bi pentru un cont sau ceva de genul acesta. Trebuie doar s\u0103 deschide\u021bi aplica\u021bia \u0219i s\u0103 \u00eencepe\u021bi s\u0103 discuta\u021bi cu oameni din \u00eentreaga lume.<\/p>\n<p>Un alt motiv pentru care meetme este at\u00e2t de popular este faptul c\u0103 este anonim. Nu trebuie s\u0103 v\u0103 da\u021bi numele sau alte informa\u021bii personale atunci c\u00e2nd \u00eel utiliza\u021bi. Aceasta o face o platform\u0103 excelent\u0103 pentru persoanele care doresc s\u0103 discute cu necunoscu\u021bi f\u0103r\u0103 a dezv\u0103lui prea multe despre ei \u00een\u0219i\u0219i.<\/p>\n<p>\u00cen cele din urm\u0103, meetme este popular pentru c\u0103 este o modalitate excelent\u0103 de a cunoa\u0219te oameni noi \u0219i de a-\u021bi face noi prieteni. Pute\u021bi discuta cu oameni din \u00eentreaga lume \u0219i pute\u021bi ajunge s\u0103 \u00eei cunoa\u0219te\u021bi mai bine. Fie c\u0103 sunte\u021bi \u00een c\u0103utarea unui nou prieten sau a unui poten\u021bial partener romantic, meetme este un loc minunat de unde s\u0103 \u00eencepe\u021bi.<\/p>\n<h2>Cum s\u0103 profita\u021bi la maximum de meetme?<\/h2>\n<p>Dac\u0103 sunte\u021bi \u00een c\u0103utarea dragostei sau doar a unui moment pl\u0103cut, nu pute\u021bi da gre\u0219 cu meetme. Aceast\u0103 re\u021bea de socializare v\u0103 permite s\u0103 cunoa\u0219te\u021bi oameni noi \u0219i s\u0103 flirta\u021bi cu necunoscu\u021bi \u00eentr-un mediu sigur \u0219i distractiv. Iat\u0103 c\u00e2teva sfaturi care s\u0103 v\u0103 ajute s\u0103 profita\u021bi la maximum de experien\u021ba meetme:<\/p>\n<ol>\n<li style=\"font-weight: 400;\" aria-level=\"1\">Completeaz\u0103-\u021bi profilul. Cu c\u00e2t furniza\u021bi mai multe informa\u021bii despre dvs., cu at\u00e2t va fi mai u\u0219or pentru ceilal\u021bi s\u0103 v\u0103 g\u0103seasc\u0103 \u0219i s\u0103 intre \u00een leg\u0103tur\u0103 cu dvs. Asigura\u021bi-v\u0103 c\u0103 include\u021bi o fotografie recent\u0103, astfel \u00eenc\u00e2t oamenii s\u0103 v\u0103 poat\u0103 vedea cum ar\u0103ta\u021bi.<\/li>\n<li style=\"font-weight: 400;\" aria-level=\"1\">Utiliza\u021bi func\u021bia de c\u0103utare. meetme are o func\u021bie de c\u0103utare excelent\u0103 care v\u0103 permite s\u0103 g\u0103si\u021bi persoane care \u00eemp\u0103rt\u0103\u0219esc interesele dvs. \u0219i care locuiesc \u00een apropierea dvs. Utiliza\u021bi func\u021bia de c\u0103utare pentru a g\u0103si poten\u021biali parteneri \u0219i \u00eencepe\u021bi s\u0103 discuta\u021bi cu ei.<\/li>\n<li style=\"font-weight: 400;\" aria-level=\"1\">Nu v\u0103 fie team\u0103 s\u0103 flirta\u021bi. Flirtul este o modalitate excelent\u0103 de a cunoa\u0219te mai bine pe cineva. Dac\u0103 te sim\u021bi \u00eendr\u0103zne\u021b, \u00eencearc\u0103 s\u0103 trimi\u021bi un mesaj privat sau s\u0103 flirtezi cu cineva \u00een camerele de chat publice. Ave\u021bi grij\u0103 s\u0103 v\u0103 p\u0103stra\u021bi manierele \u0219i s\u0103 p\u0103stra\u021bi o atmosfer\u0103 lejer\u0103, astfel \u00eenc\u00e2t nimeni s\u0103 nu se simt\u0103 inconfortabil.<\/li>\n<li style=\"font-weight: 400;\" aria-level=\"1\">Face\u021bi cuno\u0219tin\u021b\u0103 \u00een persoan\u0103. Dup\u0103 ce a\u021bi ajuns s\u0103 cunoa\u0219te\u021bi pe cineva destul de bine online, este timpul s\u0103 lua\u021bi lucrurile offline \u0219i s\u0103 v\u0103 \u00eent\u00e2lni\u021bi \u00een persoan\u0103. \u00cent\u00e2lnirea<\/li>\n<\/ol>\n<h2>La ce s\u0103 v\u0103 a\u0219tepta\u021bi atunci c\u00e2nd utiliza\u021bi o platform\u0103 de videochat aleatoriu?<\/h2>\n<p>Atunci c\u00e2nd utiliza\u021bi o platform\u0103 de videochat aleatoriu precum meetme, v\u0103 pute\u021bi a\u0219tepta s\u0103 \u00eent\u00e2lni\u021bi oameni noi din \u00eentreaga lume. Ve\u021bi putea s\u0103 discuta\u021bi cu ei \u0219i s\u0103 \u00eei cunoa\u0219te\u021bi mai bine. S-ar putea chiar s\u0103 flirtezi cu ei!<\/p>\n<h2>Avantajele utiliz\u0103rii unui chat video aleatoriu<\/h2>\n<p>Exist\u0103 o mul\u021bime de avantaje \u00een utilizarea unui serviciu de videochat aleatoriu precum meetme. \u00cen primul r\u00e2nd, este o modalitate excelent\u0103 de a cunoa\u0219te oameni noi din \u00eentreaga lume. Nu \u0219tii niciodat\u0103 pe cine vei \u00eent\u00e2lni sau de unde sunt, ceea ce poate duce la conversa\u021bii interesante.<\/p>\n<p>Un alt avantaj este c\u0103 este o modalitate excelent\u0103 de a-\u021bi exersa abilit\u0103\u021bile sociale. Dac\u0103 sunte\u021bi timid sau nu v\u0103 pricepe\u021bi foarte bine s\u0103 vorbi\u021bi cu oamenii, un chat video la \u00eent\u00e2mplare poate fi o modalitate excelent\u0103 de a exersa. De asemenea, pute\u021bi \u00eenv\u0103\u021ba mai multe despre limbajul corpului \u0219i cum s\u0103 citi\u021bi al\u021bi oameni prin chat-ul online.<\/p>\n<p>\u00cen cele din urm\u0103, un chat video aleatoriu poate fi foarte distractiv. Este o modalitate excelent\u0103 de a omor\u00ee timpul \u0219i de a cunoa\u0219te oameni noi \u0219i interesan\u021bi. Deci, dac\u0103 sunte\u021bi \u00een c\u0103utarea a ceva de f\u0103cut, de ce s\u0103 nu \u00eencerca\u021bi?<\/p>\n<h2>Este sigur de utilizat?<\/h2>\n<p>Exist\u0103 o mul\u021bime de oameni care caut\u0103 dragoste, companie \u0219i chiar doar o \u00eent\u00e2lnire. Dar este cu adev\u0103rat sigur s\u0103 cuno\u0219ti pe cineva online \u0219i s\u0103 flirtezi cu el? Exist\u0103 o mul\u021bime de riscuri asociate cu \u00eent\u00e2lnirea online, dar exist\u0103 \u0219i o mul\u021bime de recompense. Trebuie doar s\u0103 fii atent \u0219i s\u0103 \u00ee\u021bi folose\u0219ti judecata.<\/p>\n<p>Dac\u0103 sunte\u021bi \u00een c\u0103utarea iubirii, atunci \u00eent\u00e2lnirea online poate fi o modalitate excelent\u0103 de a v\u0103 g\u0103si sufletul pereche. Dar trebuie s\u0103 fii atent cu cine vorbe\u0219ti \u0219i c\u00e2t de mult dezv\u0103lui despre tine. Este important s\u0103 v\u0103 aminti\u021bi c\u0103 nu toat\u0103 lumea este cine spune c\u0103 este online. Exist\u0103 o mul\u021bime de pr\u0103d\u0103tori care caut\u0103 s\u0103 profite de oameni. A\u0219a c\u0103 trebuie s\u0103 fi\u021bi aten\u021bi cu cine vorbi\u021bi \u0219i s\u0103 v\u0103 asigura\u021bi c\u0103 nu dezv\u0103lui\u021bi prea multe despre dumneavoastr\u0103.<\/p>\n<p>Dac\u0103 e\u0219ti doar \u00een c\u0103utarea unei \u00eent\u00e2lniri, atunci s\u0103 cuno\u0219ti pe cineva online poate fi o modalitate excelent\u0103 de a ob\u021bine ceea ce \u00ee\u021bi dore\u0219ti. Dar, din nou, trebuie s\u0103 fii atent cu cine vorbe\u0219ti \u0219i c\u00e2t de mult dezv\u0103lui despre tine.<\/p>\n<h2>Cum s\u0103 r\u0103m\u00e2i \u00een siguran\u021b\u0103 pe meetme<\/h2>\n<p>Dac\u0103 dori\u021bi s\u0103 cunoa\u0219te\u021bi oameni noi \u0219i poate chiar s\u0103 flirta\u021bi cu ni\u0219te str\u0103ini, meetme este o op\u021biune excelent\u0103. Cu toate acestea, este important s\u0103 r\u0103m\u00e2ne\u021bi \u00een siguran\u021b\u0103 atunci c\u00e2nd utiliza\u021bi aceast\u0103 aplica\u021bie sau orice alt\u0103 aplica\u021bie de \u00eent\u00e2lniri. Iat\u0103 c\u00e2teva sfaturi care s\u0103 v\u0103 ajute s\u0103 r\u0103m\u00e2ne\u021bi \u00een siguran\u021b\u0103 atunci c\u00e2nd utiliza\u021bi meetme:<\/p>\n<ul>\n<li style=\"font-weight: 400;\" aria-level=\"1\">Nu oferi prea multe informa\u021bii personale. Atunci c\u00e2nd \u00eencepi s\u0103 cuno\u0219ti pe cineva, cel mai bine este s\u0103 p\u0103strezi private lucruri precum adresa \u0219i num\u0103rul de telefon.<\/li>\n<li style=\"font-weight: 400;\" aria-level=\"1\">Ave\u021bi grij\u0103 cu cine v\u0103 \u00eent\u00e2lni\u021bi \u00een persoan\u0103. Dac\u0103 v\u0103 decide\u021bi s\u0103 v\u0103 \u00eent\u00e2lni\u021bi personal cu cineva de pe meetme, asigura\u021bi-v\u0103 c\u0103 o face\u021bi \u00eentr-un loc public \u0219i anun\u021ba\u021bi un prieten sau un membru al familiei unde ve\u021bi fi.<\/li>\n<li style=\"font-weight: 400;\" aria-level=\"1\">Nu trimite\u021bi bani sau cadouri unei persoane pe care a\u021bi <a href=\"https:\/\/strangercam.com\/ro\/chamet\/\">\u00eent\u00e2lnit<\/a> online, indiferent c\u00e2t de bine crezi c\u0103 \u00eei cuno\u0219ti.<\/li>\n<li style=\"font-weight: 400;\" aria-level=\"1\">Ave\u021bi \u00eencredere \u00een instinctele dumneavoastr\u0103. Dac\u0103 ceva nu vi se pare \u00een regul\u0103, nu ezita\u021bi s\u0103 bloca\u021bi sau s\u0103 raporta\u021bi utilizatorul.<\/li>\n<\/ul>\n<h2>Concluzie<\/h2>\n<p>Dac\u0103 sunte\u021bi \u00een c\u0103utarea unei noi modalit\u0103\u021bi de a cunoa\u0219te oameni \u0219i de a flirta cu necunoscu\u021bi, atunci MeetMe ar putea fi aplica\u021bia potrivit\u0103 pentru dvs. Cu interfa\u021ba sa u\u0219or de utilizat \u0219i caracteristicile sale extraordinare, merit\u0103 cu siguran\u021b\u0103 s\u0103 o verifica\u021bi. Cine \u0219tie, s-ar putea s\u0103 v\u0103 g\u0103si\u021bi urm\u0103toarea \u00eent\u00e2lnire sau rela\u021bie pe MeetMe!<\/p>","protected":false},"excerpt":{"rendered":"<p>If you&#8217;re looking for a new way to meet people and flirt with strangers, then you should check out meetme. This app allows you to connect with people near you who are also looking for new friends or a romantic partner. You can chat with them, share photos and interests, and even meet up in [&hellip;]<\/p>\n","protected":false},"author":6,"featured_media":559,"parent":0,"menu_order":0,"comment_status":"closed","ping_status":"closed","template":"","meta":{"footnotes":""},"class_list":["post-11221","page","type-page","status-publish","has-post-thumbnail","hentry"],"yoast_head":"<!-- This site is optimized with the Yoast SEO plugin v26.9 - https:\/\/yoast.com\/product\/yoast-seo-wordpress\/ -->\n<title>Meetme - Chat with strangers on StrangerCam.com<\/title>\n<meta name=\"description\" content=\"Like Meetme? Come chat with more than 5.000.000 strangers on Stranger Cam for Free! Turn on your cam and find new friends &amp; maby a match!\" \/>\n<meta name=\"robots\" content=\"index, follow, max-snippet:-1, max-image-preview:large, max-video-preview:-1\" \/>\n<link rel=\"canonical\" href=\"https:\/\/strangercam.com\/ro\/meetme\/\" \/>\n<meta property=\"og:locale\" content=\"ro_RO\" \/>\n<meta property=\"og:type\" content=\"article\" \/>\n<meta property=\"og:title\" content=\"Meetme - Chat with strangers on StrangerCam.com\" \/>\n<meta property=\"og:description\" content=\"Like Meetme? Come chat with more than 5.000.000 strangers on Stranger Cam for Free! Turn on your cam and find new friends &amp; maby a match!\" \/>\n<meta property=\"og:url\" content=\"https:\/\/strangercam.com\/ro\/meetme\/\" \/>\n<meta property=\"og:site_name\" content=\"Strangercam\" \/>\n<meta property=\"article:publisher\" content=\"https:\/\/www.facebook.com\/strangercam\" \/>\n<meta property=\"article:modified_time\" content=\"2023-08-21T10:24:42+00:00\" \/>\n<meta property=\"og:image\" content=\"https:\/\/strangercam.com\/wp-content\/uploads\/2020\/11\/stranger-cam-1.png\" \/>\n\t<meta property=\"og:image:width\" content=\"800\" \/>\n\t<meta property=\"og:image:height\" content=\"800\" \/>\n\t<meta property=\"og:image:type\" content=\"image\/png\" \/>\n<meta name=\"twitter:card\" content=\"summary_large_image\" \/>\n<meta name=\"twitter:site\" content=\"@strangercamapp\" \/>\n<meta name=\"twitter:label1\" content=\"Timp estimat pentru citire\" \/>\n\t<meta name=\"twitter:data1\" content=\"7 minute\" \/>\n<script type=\"application\/ld+json\" class=\"yoast-schema-graph\">{\"@context\":\"https:\/\/schema.org\",\"@graph\":[{\"@type\":\"WebPage\",\"@id\":\"https:\/\/strangercam.com\/meetme\/\",\"url\":\"https:\/\/strangercam.com\/meetme\/\",\"name\":\"Meetme - Chat with strangers on StrangerCam.com\",\"isPartOf\":{\"@id\":\"https:\/\/strangercam.com\/#website\"},\"primaryImageOfPage\":{\"@id\":\"https:\/\/strangercam.com\/meetme\/#primaryimage\"},\"image\":{\"@id\":\"https:\/\/strangercam.com\/meetme\/#primaryimage\"},\"thumbnailUrl\":\"https:\/\/strangercam.com\/wp-content\/uploads\/2020\/11\/stranger-cam-1.png\",\"datePublished\":\"2022-08-11T14:07:53+00:00\",\"dateModified\":\"2023-08-21T10:24:42+00:00\",\"description\":\"Like Meetme? Come chat with more than 5.000.000 strangers on Stranger Cam for Free! Turn on your cam and find new friends & maby a match!\",\"breadcrumb\":{\"@id\":\"https:\/\/strangercam.com\/meetme\/#breadcrumb\"},\"inLanguage\":\"ro-RO\",\"potentialAction\":[{\"@type\":\"ReadAction\",\"target\":[\"https:\/\/strangercam.com\/meetme\/\"]}]},{\"@type\":\"ImageObject\",\"inLanguage\":\"ro-RO\",\"@id\":\"https:\/\/strangercam.com\/meetme\/#primaryimage\",\"url\":\"https:\/\/strangercam.com\/wp-content\/uploads\/2020\/11\/stranger-cam-1.png\",\"contentUrl\":\"https:\/\/strangercam.com\/wp-content\/uploads\/2020\/11\/stranger-cam-1.png\",\"width\":800,\"height\":800,\"caption\":\"stranger cam random video chat\"},{\"@type\":\"BreadcrumbList\",\"@id\":\"https:\/\/strangercam.com\/meetme\/#breadcrumb\",\"itemListElement\":[{\"@type\":\"ListItem\",\"position\":1,\"name\":\"Home\",\"item\":\"https:\/\/strangercam.com\/\"},{\"@type\":\"ListItem\",\"position\":2,\"name\":\"Meetme\"}]},{\"@type\":\"WebSite\",\"@id\":\"https:\/\/strangercam.com\/#website\",\"url\":\"https:\/\/strangercam.com\/\",\"name\":\"Strangercam\",\"description\":\"Random Video Chat with Strangers\",\"publisher\":{\"@id\":\"https:\/\/strangercam.com\/#organization\"},\"alternateName\":\"Strangercam.com\",\"potentialAction\":[{\"@type\":\"SearchAction\",\"target\":{\"@type\":\"EntryPoint\",\"urlTemplate\":\"https:\/\/strangercam.com\/?s={search_term_string}\"},\"query-input\":{\"@type\":\"PropertyValueSpecification\",\"valueRequired\":true,\"valueName\":\"search_term_string\"}}],\"inLanguage\":\"ro-RO\"},{\"@type\":\"Organization\",\"@id\":\"https:\/\/strangercam.com\/#organization\",\"name\":\"Strangercam\",\"alternateName\":\"Strangercam.com\",\"url\":\"https:\/\/strangercam.com\/\",\"logo\":{\"@type\":\"ImageObject\",\"inLanguage\":\"ro-RO\",\"@id\":\"https:\/\/strangercam.com\/#\/schema\/logo\/image\/\",\"url\":\"https:\/\/strangercam.com\/wp-content\/uploads\/2020\/11\/cropped-new-favicon-black.png\",\"contentUrl\":\"https:\/\/strangercam.com\/wp-content\/uploads\/2020\/11\/cropped-new-favicon-black.png\",\"width\":512,\"height\":512,\"caption\":\"Strangercam\"},\"image\":{\"@id\":\"https:\/\/strangercam.com\/#\/schema\/logo\/image\/\"},\"sameAs\":[\"https:\/\/www.facebook.com\/strangercam\",\"https:\/\/x.com\/strangercamapp\"]}]}<\/script>\n<!-- \/ Yoast SEO plugin. -->","yoast_head_json":{"title":"Meetme - Converseaz\u0103 cu str\u0103inii pe StrangerCam.com","description":"\u00ce\u021bi place Meetme? Vino s\u0103 vorbe\u0219ti cu mai mult de 5.000.000 de str\u0103ini pe Stranger Cam gratuit! Porne\u0219te-\u021bi camera \u0219i g\u0103se\u0219te prieteni noi \u0219i poate o pereche!","robots":{"index":"index","follow":"follow","max-snippet":"max-snippet:-1","max-image-preview":"max-image-preview:large","max-video-preview":"max-video-preview:-1"},"canonical":"https:\/\/strangercam.com\/ro\/meetme\/","og_locale":"ro_RO","og_type":"article","og_title":"Meetme - Chat with strangers on StrangerCam.com","og_description":"Like Meetme? Come chat with more than 5.000.000 strangers on Stranger Cam for Free! Turn on your cam and find new friends & maby a match!","og_url":"https:\/\/strangercam.com\/ro\/meetme\/","og_site_name":"Strangercam","article_publisher":"https:\/\/www.facebook.com\/strangercam","article_modified_time":"2023-08-21T10:24:42+00:00","og_image":[{"width":800,"height":800,"url":"https:\/\/strangercam.com\/wp-content\/uploads\/2020\/11\/stranger-cam-1.png","type":"image\/png"}],"twitter_card":"summary_large_image","twitter_site":"@strangercamapp","twitter_misc":{"Timp estimat pentru citire":"7 minute"},"schema":{"@context":"https:\/\/schema.org","@graph":[{"@type":"WebPage","@id":"https:\/\/strangercam.com\/meetme\/","url":"https:\/\/strangercam.com\/meetme\/","name":"Meetme - Converseaz\u0103 cu str\u0103inii pe StrangerCam.com","isPartOf":{"@id":"https:\/\/strangercam.com\/#website"},"primaryImageOfPage":{"@id":"https:\/\/strangercam.com\/meetme\/#primaryimage"},"image":{"@id":"https:\/\/strangercam.com\/meetme\/#primaryimage"},"thumbnailUrl":"https:\/\/strangercam.com\/wp-content\/uploads\/2020\/11\/stranger-cam-1.png","datePublished":"2022-08-11T14:07:53+00:00","dateModified":"2023-08-21T10:24:42+00:00","description":"\u00ce\u021bi place Meetme? Vino s\u0103 vorbe\u0219ti cu mai mult de 5.000.000 de str\u0103ini pe Stranger Cam gratuit! Porne\u0219te-\u021bi camera \u0219i g\u0103se\u0219te prieteni noi \u0219i poate o pereche!","breadcrumb":{"@id":"https:\/\/strangercam.com\/meetme\/#breadcrumb"},"inLanguage":"ro-RO","potentialAction":[{"@type":"ReadAction","target":["https:\/\/strangercam.com\/meetme\/"]}]},{"@type":"ImageObject","inLanguage":"ro-RO","@id":"https:\/\/strangercam.com\/meetme\/#primaryimage","url":"https:\/\/strangercam.com\/wp-content\/uploads\/2020\/11\/stranger-cam-1.png","contentUrl":"https:\/\/strangercam.com\/wp-content\/uploads\/2020\/11\/stranger-cam-1.png","width":800,"height":800,"caption":"stranger cam random video chat"},{"@type":"BreadcrumbList","@id":"https:\/\/strangercam.com\/meetme\/#breadcrumb","itemListElement":[{"@type":"ListItem","position":1,"name":"Home","item":"https:\/\/strangercam.com\/"},{"@type":"ListItem","position":2,"name":"Meetme"}]},{"@type":"WebSite","@id":"https:\/\/strangercam.com\/#website","url":"https:\/\/strangercam.com\/","name":"Strangercam","description":"Chat video aleatoriu cu str\u0103ini","publisher":{"@id":"https:\/\/strangercam.com\/#organization"},"alternateName":"Strangercam.com","potentialAction":[{"@type":"SearchAction","target":{"@type":"EntryPoint","urlTemplate":"https:\/\/strangercam.com\/?s={search_term_string}"},"query-input":{"@type":"PropertyValueSpecification","valueRequired":true,"valueName":"search_term_string"}}],"inLanguage":"ro-RO"},{"@type":"Organization","@id":"https:\/\/strangercam.com\/#organization","name":"Strangercam","alternateName":"Strangercam.com","url":"https:\/\/strangercam.com\/","logo":{"@type":"ImageObject","inLanguage":"ro-RO","@id":"https:\/\/strangercam.com\/#\/schema\/logo\/image\/","url":"https:\/\/strangercam.com\/wp-content\/uploads\/2020\/11\/cropped-new-favicon-black.png","contentUrl":"https:\/\/strangercam.com\/wp-content\/uploads\/2020\/11\/cropped-new-favicon-black.png","width":512,"height":512,"caption":"Strangercam"},"image":{"@id":"https:\/\/strangercam.com\/#\/schema\/logo\/image\/"},"sameAs":["https:\/\/www.facebook.com\/strangercam","https:\/\/x.com\/strangercamapp"]}]}},"_links":{"self":[{"href":"https:\/\/strangercam.com\/ro\/wp-json\/wp\/v2\/pages\/11221","targetHints":{"allow":["GET"]}}],"collection":[{"href":"https:\/\/strangercam.com\/ro\/wp-json\/wp\/v2\/pages"}],"about":[{"href":"https:\/\/strangercam.com\/ro\/wp-json\/wp\/v2\/types\/page"}],"author":[{"embeddable":true,"href":"https:\/\/strangercam.com\/ro\/wp-json\/wp\/v2\/users\/6"}],"replies":[{"embeddable":true,"href":"https:\/\/strangercam.com\/ro\/wp-json\/wp\/v2\/comments?post=11221"}],"version-history":[{"count":0,"href":"https:\/\/strangercam.com\/ro\/wp-json\/wp\/v2\/pages\/11221\/revisions"}],"wp:featuredmedia":[{"embeddable":true,"href":"https:\/\/strangercam.com\/ro\/wp-json\/wp\/v2\/media\/559"}],"wp:attachment":[{"href":"https:\/\/strangercam.com\/ro\/wp-json\/wp\/v2\/media?parent=11221"}],"curies":[{"name":"wp","href":"https:\/\/api.w.org\/{rel}","templated":true}]}}