{"id":11208,"date":"2022-08-11T16:02:32","date_gmt":"2022-08-11T14:02:32","guid":{"rendered":"https:\/\/strangercam.com\/?page_id=11208"},"modified":"2023-08-21T12:24:41","modified_gmt":"2023-08-21T10:24:41","slug":"epikchat","status":"publish","type":"page","link":"https:\/\/strangercam.com\/ro\/epikchat\/","title":{"rendered":"Epikchat"},"content":{"rendered":"<p>Epikchat este o nou\u0103 re\u021bea social\u0103 \u0219i o aplica\u021bie de \u00eent\u00e2lniri care v\u0103 permite <a href=\"https:\/\/strangercam.com\/ro\/coomeet\/\">\u00eent\u00e2lnire<\/a> oameni noi \u0219i flirteaz\u0103 cu str\u0103inii. Aplica\u021bia este disponibil\u0103 \u00een prezent pentru dispozitive iOS \u0219i Android.<\/p>\n<h2>Ce este Epikchat?<\/h2>\n<p>Epikchat este un videoclip live <a href=\"https:\/\/strangercam.com\/ro\/chathub\/\">chat<\/a> platform\u0103 care permite utilizatorilor s\u0103 se conecteze \u00eentre ei \u00een timp real. Epikchat ofer\u0103 o modalitate unic\u0103 \u0219i convenabil\u0103 pentru ca oamenii s\u0103 comunice \u00eentre ei \u0219i s\u0103 se bucure de timpul lor.<\/p>\n<h2>Cum se utilizeaz\u0103 Epikchat<\/h2>\n<p>Primul pas este s\u0103 crea\u021bi un cont cu Epikchat. Pute\u021bi face acest lucru acces\u00e2nd site-ul lor web \u0219i f\u0103c\u00e2nd clic pe butonul \"\u00cenregistrare\". Dup\u0103 ce a\u021bi creat un cont, va trebui s\u0103 v\u0103 verifica\u021bi adresa de e-mail. Odat\u0103 ce adresa dvs. de e-mail este verificat\u0103, ve\u021bi putea s\u0103 v\u0103 conecta\u021bi la contul dvs.<\/p>\n<p>Odat\u0103 ce v-a\u021bi conectat, ve\u021bi putea vedea o list\u0103 cu toate camerele de chat care sunt disponibile. Pute\u021bi alege s\u0103 v\u0103 al\u0103tura\u021bi oric\u0103reia dintre aceste camere de chat sau pute\u021bi s\u0103 v\u0103 crea\u021bi propria camer\u0103 de chat. Dac\u0103 decide\u021bi s\u0103 v\u0103 crea\u021bi propria camer\u0103 de chat, va trebui s\u0103 alege\u021bi un nume pentru camera dvs. \u0219i o parol\u0103. Odat\u0103 ce a\u021bi ales un nume \u0219i o parol\u0103 pentru camera dvs., ve\u021bi putea invita alte persoane s\u0103 se al\u0103ture camerei dvs.<\/p>\n<h2>Avantaje \u0219i dezavantaje ale utiliz\u0103rii Epikchat<\/h2>\n<p>Exist\u0103 multe motive pentru care oamenii folosescEpikchat. Unii oameni \u00eel folosesc pentru a-\u0219i face prieteni noi, al\u021bii \u00eel folosesc pentru a flirta cu str\u0103ini, iar al\u021bii \u00eel folosesc pentru a g\u0103si o \u00eent\u00e2lnire. Cu toate acestea, exist\u0103 \u0219i unele dezavantaje ale utiliz\u0103rii Epikchat. Iat\u0103 c\u00e2teva avantaje \u0219i dezavantaje ale utiliz\u0103rii Epikchat:<\/p>\n<h4>Avantaje:<\/h4>\n<ul>\n<li style=\"font-weight: 400;\" aria-level=\"1\">Pute\u021bi cunoa\u0219te oameni noi din \u00eentreaga lume.<\/li>\n<li style=\"font-weight: 400;\" aria-level=\"1\">Este o modalitate excelent\u0103 de a-\u021bi exersa abilit\u0103\u021bile de flirt.<\/li>\n<li style=\"font-weight: 400;\" aria-level=\"1\">Pute\u021bi \u00eenv\u0103\u021ba despre alte culturi discut\u00e2nd cu persoane din diferite \u021b\u0103ri.<\/li>\n<li style=\"font-weight: 400;\" aria-level=\"1\">Este o modalitate excelent\u0103 de a-\u021bi face noi prieteni.<\/li>\n<\/ul>\n<h4>Cons:<\/h4>\n<ul>\n<li style=\"font-weight: 400;\" aria-level=\"1\">Unii oameni folosesc Epikchat pentru intimidare cibernetic\u0103.<\/li>\n<li style=\"font-weight: 400;\" aria-level=\"1\">Este posibil s\u0103 v\u0103 confrunta\u021bi cu con\u021binut neadecvat \u00een timp ce discuta\u021bi cu persoane necunoscute.<\/li>\n<li style=\"font-weight: 400;\" aria-level=\"1\">Informa\u021biile dvs. personale pot fi \u00een pericol dac\u0103 nu utiliza\u021bi corect set\u0103rile de confiden\u021bialitate.<\/li>\n<\/ul>\n<h2>La ce s\u0103 v\u0103 a\u0219tepta\u021bi c\u00e2nd utiliza\u021bi Epikchat<\/h2>\n<p>Epikchat este un nou site de re\u021bele sociale care v\u0103 permite s\u0103 cunoa\u0219te\u021bi oameni noi \u0219i s\u0103 flirta\u021bi cu ei. Este o modalitate excelent\u0103 de a-\u021bi face noi prieteni \u0219i poate chiar de a g\u0103si dragostea. Cu toate acestea, exist\u0103 unele lucruri la care ar trebui s\u0103 v\u0103 a\u0219tepta\u021bi atunci c\u00e2nd utiliza\u021bi acest site.<\/p>\n<p>\u00cen primul r\u00e2nd, va trebui s\u0103 v\u0103 crea\u021bi un profil. Acesta va include numele, v\u00e2rsta, sexul \u0219i interesele dumneavoastr\u0103. De asemenea, pute\u021bi \u00eenc\u0103rca o fotografie cu dvs. Odat\u0103 ce v-a\u021bi creat profilul, pute\u021bi \u00eencepe s\u0103 c\u0103uta\u021bi al\u021bi membri.<\/p>\n<p>Pute\u021bi c\u0103uta membri \u00een func\u021bie de loca\u021bie, v\u00e2rst\u0103 sau interese. Odat\u0103 ce g\u0103si\u021bi pe cineva cu care dori\u021bi s\u0103 discuta\u021bi, \u00eei pute\u021bi trimite un mesaj. Dac\u0103 sunt online, pute\u021bi discuta cu ei \u00een timp real. Dac\u0103 nu sunt online, le pute\u021bi trimite mesaje, dar nu vor putea r\u0103spunde p\u00e2n\u0103 nu se vor conecta din nou.<\/p>\n<p>Epikchat este o modalitate excelent\u0103 de a cunoa\u0219te oameni noi \u0219i de a flirta cu ei. Cu toate acestea, exist\u0103 unele lucruri la care trebuie s\u0103 te a\u0219tep\u021bi atunci c\u00e2nd folose\u0219ti acest site. A\u0219a c\u0103 da\u021bi-i drumul \u0219i crea\u021bi-v\u0103 un profil ast\u0103zi \u0219i \u00eencepe\u021bi s\u0103 discuta\u021bi cu ni\u0219te prieteni noi!<\/p>\n<h2>De ce Epikchat este at\u00e2t de popular\u0103 platforma de video chat aleatoriu?<\/h2>\n<p>Epikchat este o platform\u0103 popular\u0103 de chat video aleatoriu din mai multe motive. \u00cen primul r\u00e2nd, este incredibil de u\u0219or de utilizat. Tot ce ave\u021bi nevoie este o camer\u0103 web \u0219i o conexiune la internet, \u0219i pute\u021bi \u00eencepe s\u0103 discuta\u021bi cu str\u0103ini din \u00eentreaga lume. \u00cen al doilea r\u00e2nd, site-ul are o comunitate foarte activ\u0103 de utilizatori, care sunt \u00eentotdeauna bucuro\u0219i s\u0103 discute \u0219i s\u0103 flirteze cu oameni noi. \u00cen cele din urm\u0103, Epikchat este complet gratuit de utilizat, astfel \u00eenc\u00e2t s\u0103 pute\u021bi discuta c\u00e2t de mult dori\u021bi f\u0103r\u0103 s\u0103 v\u0103 face\u021bi griji cu privire la orice taxe.<\/p>\n<h2>Epikchat vs alt\u0103 platform\u0103 de video chat aleatorie<\/h2>\n<p>Epikchat este o nou\u0103 platform\u0103 de chat video aleatoriu care c\u00e2\u0219tig\u0103 rapid popularitate. De\u0219i exist\u0103 multe alte platforme similare, Epikchat are c\u00e2teva caracteristici care o diferen\u021biaz\u0103 de concuren\u021b\u0103.<\/p>\n<p>\u00cen primul r\u00e2nd, Epikchat este complet gratuit de utilizat. Nu exist\u0103 taxe ascunse sau abonamente pl\u0103tite necesare pentru a accesa toate caracteristicile. Acest lucru \u00eel face foarte atr\u0103g\u0103tor pentru utilizatorii care caut\u0103 o op\u021biune prietenoas\u0103 cu bugetul.<\/p>\n<p>\u00cen al doilea r\u00e2nd, Epikchat are o interfa\u021b\u0103 mult mai curat\u0103 \u0219i mai u\u0219or de utilizat dec\u00e2t majoritatea celorlalte platforme de chat. Designul este elegant \u0219i modern, iar navigarea este u\u0219or de \u00een\u021beles. Acest lucru \u00eel face ideal pentru utilizatorii care doresc o experien\u021b\u0103 f\u0103r\u0103 complica\u021bii.<\/p>\n<p>\u00cen cele din urm\u0103, Epikchat ofer\u0103 o func\u021bie unic\u0103 de \u201cflirt\u201d care permite utilizatorilor s\u0103 trimit\u0103 anonim mesaje de flirt necunoscu\u021bilor. Dac\u0103 destinatarului \u00eei place conversa\u021bia, acesta poate alege s\u0103 \u00ee\u0219i dezv\u0103luie identitatea. Acest lucru poate duce la unele interac\u021biuni distractive \u0219i interesante!<\/p>\n<h2>Avantajele utiliz\u0103rii oric\u0103rei platforme de chat video aleatorii<\/h2>\n<p>Exist\u0103 multe beneficii \u00een utilizarea oric\u0103rei platforme de videochat aleatorii. Cel mai important beneficiu este c\u0103 v\u0103 ajut\u0103 s\u0103 v\u0103 conecta\u021bi cu oameni din \u00eentreaga lume. V\u0103 pute\u021bi face prieteni noi, pute\u021bi \u00eenv\u0103\u021ba culturi \u0219i limbi noi \u0219i chiar pute\u021bi g\u0103si dragostea pe aceste platforme.<\/p>\n<p>Un alt mare avantaj este c\u0103 v\u0103 pute\u021bi distra foarte mult pe aceste platforme. Pute\u021bi juca jocuri, partaja fotografii \u0219i videoclipuri \u0219i, \u00een general, s\u0103 v\u0103 distra\u021bi. Exist\u0103, de asemenea, multe oportunit\u0103\u021bi de a cunoa\u0219te oameni noi \u0219i de a flirta cu ei pe aceste platforme. Deci, dac\u0103 sunte\u021bi \u00een c\u0103utarea unei modalit\u0103\u021bi distractive \u0219i u\u0219oare de a cunoa\u0219te oameni noi, atunci ar trebui s\u0103 verifica\u021bi cu siguran\u021b\u0103 orice platform\u0103 de chat video aleatorie.<\/p>\n<h2>Cum s\u0103 r\u0103m\u00e2ne\u021bi \u00een siguran\u021b\u0103 atunci c\u00e2nd utiliza\u021bi Epikchat<\/h2>\n<p>Dac\u0103 dori\u021bi s\u0103 cunoa\u0219te\u021bi oameni noi \u0219i s\u0103 flirta\u021bi cu necunoscu\u021bi, Epikchat este o op\u021biune excelent\u0103. Cu toate acestea, exist\u0103 c\u00e2teva lucruri pe care ar trebui s\u0103 le ave\u021bi \u00een vedere pentru a r\u0103m\u00e2ne \u00een siguran\u021b\u0103 \u00een timp ce utiliza\u021bi aplica\u021bia.<\/p>\n<p>\u00cen primul r\u00e2nd, nu furniza\u021bi niciodat\u0103 informa\u021bii personale unei persoane pe care nu o cunoa\u0219te\u021bi. Acestea includ numele dvs. complet, adresa, num\u0103rul de telefon, adresa de e-mail sau orice alte informa\u021bii sensibile. De asemenea, trebuie s\u0103 evita\u021bi s\u0103 distribui\u021bi fotografii sau videoclipuri care ar putea fi folosite pentru a v\u0103 identifica.<\/p>\n<p>Un alt sfat de siguran\u021b\u0103 important este s\u0103 nu v\u0103 \u00eent\u00e2lni\u021bi niciodat\u0103 personal cu o persoan\u0103 pe care a\u021bi cunoscut-o online. Dac\u0103 v\u0103 decide\u021bi s\u0103 v\u0103 \u00eent\u00e2lni\u021bi cu cineva, asigura\u021bi-v\u0103 c\u0103 o face\u021bi \u00eentr-un loc public \u0219i aduce\u021bi cu dvs. un prieten sau un membru al familiei. Nu pleca\u021bi niciodat\u0103 singur cu o persoan\u0103 pe care nu o cunoa\u0219te\u021bi.<\/p>\n<p>\u00cen cele din urm\u0103, dac\u0103 v\u0103 sim\u021bi\u021bi vreodat\u0103 inconfortabil sau nesigur \u00een timp ce utiliza\u021bi Epikchat, asigura\u021bi-v\u0103 c\u0103 raporta\u021bi utilizatorul moderatorilor aplica\u021biei. Ace\u0219tia vor lua m\u0103surile necesare pentru a v\u0103 men\u021bine \u00een siguran\u021b\u0103.<\/p>\n<p>Urm\u00e2nd aceste sfaturi simple de siguran\u021b\u0103, v\u0103 pute\u021bi distra de minune folosind Epikchat f\u0103r\u0103 a v\u0103 pune \u00een pericol.<\/p>\n<h2>Alternative pentru Epikchat<\/h2>\n<p>Dac\u0103 sunte\u021bi \u00een c\u0103utarea pentru alternative la Epikchat, exist\u0103 o mul\u021bime de op\u021biuni disponibile. Iat\u0103 c\u00e2teva dintre preferatele noastre:<\/p>\n<ol>\n<li><a href=\"https:\/\/strangercam.com\/ro\/chatroulette\/\">Chatroulette<\/a>: Acest site este foarte asem\u0103n\u0103tor cu Epikchat, permi\u021b\u00e2ndu-v\u0103 s\u0103 discuta\u021bi cu str\u0103ini aleatori din \u00eentreaga lume. Cu toate acestea, are \u0219i unele caracteristici suplimentare, cum ar fi posibilitatea de a filtra rezultatele \u00een func\u021bie de \u021bar\u0103 sau sex.<\/li>\n<li><a href=\"https:\/\/strangercam.com\/ro\/omegle\/\">Omegle<\/a>: Omegle este un alt site de chat popular care ofer\u0103 o experien\u021b\u0103 similar\u0103 cu Epikchat. Cu toate acestea, una dintre caracteristicile unice ale acestui site este c\u0103 are, de asemenea, o sec\u021biune pentru chat pe baz\u0103 de text, \u00een plus fa\u021b\u0103 de chat-ul video.<\/li>\n<li>TinyChat: TinyChat este o op\u021biune mai nou\u0103 care a devenit destul de popular\u0103 \u00een ultimii ani. Acesta ofer\u0103 o interfa\u021b\u0103 simpl\u0103 \u0219i v\u0103 permite s\u0103 crea\u021bi \u201ccamere\u201d pentru chat-uri de grup cu p\u00e2n\u0103 la 12 persoane. De asemenea, v\u0103 pute\u021bi al\u0103tura camerelor publice pe TinyChat pentru a cunoa\u0219te oameni noi.<\/li>\n<\/ol>\n<h2>Concluzie<\/h2>\n<p>Epikchat este o modalitate grozav\u0103 de a cunoa\u0219te oameni noi \u0219i de a flirta cu str\u0103inii. Este u\u0219or de utilizat \u0219i v\u0103 pute\u021bi conecta cu oameni din \u00eentreaga lume. Dac\u0103 sunte\u021bi \u00een c\u0103utarea unei modalit\u0103\u021bi distractive de a cunoa\u0219te oameni noi, Epikchat merit\u0103 cu siguran\u021b\u0103 verificat.<\/p>","protected":false},"excerpt":{"rendered":"<p>Epikchat is a new social networking and dating app that lets you meet new people and flirt with strangers. The app is currently available for iOS and Android devices. What is Epikchat? Epikchat is a live video chat platform that allows users to connect with each other in real time. Epikchat provides a unique and [&hellip;]<\/p>\n","protected":false},"author":6,"featured_media":559,"parent":0,"menu_order":0,"comment_status":"closed","ping_status":"closed","template":"","meta":{"footnotes":""},"class_list":["post-11208","page","type-page","status-publish","has-post-thumbnail","hentry"],"yoast_head":"<!-- This site is optimized with the Yoast SEO plugin v27.4 - https:\/\/yoast.com\/product\/yoast-seo-wordpress\/ -->\n<title>Epikchat - Chat with strangers on StrangerCam.com<\/title>\n<meta name=\"description\" content=\"Like Epikchat? Come chat with more than 5.000.000 strangers on Stranger Cam for Free! Turn on your cam and find new friends &amp; maby a match!\" \/>\n<meta name=\"robots\" content=\"index, follow, max-snippet:-1, max-image-preview:large, max-video-preview:-1\" \/>\n<link rel=\"canonical\" href=\"https:\/\/strangercam.com\/ro\/epikchat\/\" \/>\n<meta property=\"og:locale\" content=\"ro_RO\" \/>\n<meta property=\"og:type\" content=\"article\" \/>\n<meta property=\"og:title\" content=\"Epikchat - Chat with strangers on StrangerCam.com\" \/>\n<meta property=\"og:description\" content=\"Like Epikchat? Come chat with more than 5.000.000 strangers on Stranger Cam for Free! Turn on your cam and find new friends &amp; maby a match!\" \/>\n<meta property=\"og:url\" content=\"https:\/\/strangercam.com\/ro\/epikchat\/\" \/>\n<meta property=\"og:site_name\" content=\"Strangercam\" \/>\n<meta property=\"article:publisher\" content=\"https:\/\/www.facebook.com\/strangercam\" \/>\n<meta property=\"article:modified_time\" content=\"2023-08-21T10:24:41+00:00\" \/>\n<meta property=\"og:image\" content=\"https:\/\/strangercam.com\/wp-content\/uploads\/2020\/11\/stranger-cam-1.png\" \/>\n\t<meta property=\"og:image:width\" content=\"800\" \/>\n\t<meta property=\"og:image:height\" content=\"800\" \/>\n\t<meta property=\"og:image:type\" content=\"image\/png\" \/>\n<meta name=\"twitter:card\" content=\"summary_large_image\" \/>\n<meta name=\"twitter:site\" content=\"@strangercamapp\" \/>\n<meta name=\"twitter:label1\" content=\"Timp estimat pentru citire\" \/>\n\t<meta name=\"twitter:data1\" content=\"6 minute\" \/>\n<script type=\"application\/ld+json\" class=\"yoast-schema-graph\">{\"@context\":\"https:\\\/\\\/schema.org\",\"@graph\":[{\"@type\":\"WebPage\",\"@id\":\"https:\\\/\\\/strangercam.com\\\/epikchat\\\/\",\"url\":\"https:\\\/\\\/strangercam.com\\\/epikchat\\\/\",\"name\":\"Epikchat - Chat with strangers on StrangerCam.com\",\"isPartOf\":{\"@id\":\"https:\\\/\\\/strangercam.com\\\/#website\"},\"primaryImageOfPage\":{\"@id\":\"https:\\\/\\\/strangercam.com\\\/epikchat\\\/#primaryimage\"},\"image\":{\"@id\":\"https:\\\/\\\/strangercam.com\\\/epikchat\\\/#primaryimage\"},\"thumbnailUrl\":\"https:\\\/\\\/strangercam.com\\\/wp-content\\\/uploads\\\/2020\\\/11\\\/stranger-cam-1.png\",\"datePublished\":\"2022-08-11T14:02:32+00:00\",\"dateModified\":\"2023-08-21T10:24:41+00:00\",\"description\":\"Like Epikchat? Come chat with more than 5.000.000 strangers on Stranger Cam for Free! Turn on your cam and find new friends & maby a match!\",\"breadcrumb\":{\"@id\":\"https:\\\/\\\/strangercam.com\\\/epikchat\\\/#breadcrumb\"},\"inLanguage\":\"ro-RO\",\"potentialAction\":[{\"@type\":\"ReadAction\",\"target\":[\"https:\\\/\\\/strangercam.com\\\/epikchat\\\/\"]}]},{\"@type\":\"ImageObject\",\"inLanguage\":\"ro-RO\",\"@id\":\"https:\\\/\\\/strangercam.com\\\/epikchat\\\/#primaryimage\",\"url\":\"https:\\\/\\\/strangercam.com\\\/wp-content\\\/uploads\\\/2020\\\/11\\\/stranger-cam-1.png\",\"contentUrl\":\"https:\\\/\\\/strangercam.com\\\/wp-content\\\/uploads\\\/2020\\\/11\\\/stranger-cam-1.png\",\"width\":800,\"height\":800,\"caption\":\"stranger cam random video chat\"},{\"@type\":\"BreadcrumbList\",\"@id\":\"https:\\\/\\\/strangercam.com\\\/epikchat\\\/#breadcrumb\",\"itemListElement\":[{\"@type\":\"ListItem\",\"position\":1,\"name\":\"Home\",\"item\":\"https:\\\/\\\/strangercam.com\\\/\"},{\"@type\":\"ListItem\",\"position\":2,\"name\":\"Epikchat\"}]},{\"@type\":\"WebSite\",\"@id\":\"https:\\\/\\\/strangercam.com\\\/#website\",\"url\":\"https:\\\/\\\/strangercam.com\\\/\",\"name\":\"Strangercam\",\"description\":\"Random Video Chat with Strangers\",\"publisher\":{\"@id\":\"https:\\\/\\\/strangercam.com\\\/#organization\"},\"alternateName\":\"Strangercam.com\",\"potentialAction\":[{\"@type\":\"SearchAction\",\"target\":{\"@type\":\"EntryPoint\",\"urlTemplate\":\"https:\\\/\\\/strangercam.com\\\/?s={search_term_string}\"},\"query-input\":{\"@type\":\"PropertyValueSpecification\",\"valueRequired\":true,\"valueName\":\"search_term_string\"}}],\"inLanguage\":\"ro-RO\"},{\"@type\":\"Organization\",\"@id\":\"https:\\\/\\\/strangercam.com\\\/#organization\",\"name\":\"Strangercam\",\"alternateName\":\"Strangercam.com\",\"url\":\"https:\\\/\\\/strangercam.com\\\/\",\"logo\":{\"@type\":\"ImageObject\",\"inLanguage\":\"ro-RO\",\"@id\":\"https:\\\/\\\/strangercam.com\\\/#\\\/schema\\\/logo\\\/image\\\/\",\"url\":\"https:\\\/\\\/strangercam.com\\\/wp-content\\\/uploads\\\/2020\\\/11\\\/cropped-new-favicon-black.png\",\"contentUrl\":\"https:\\\/\\\/strangercam.com\\\/wp-content\\\/uploads\\\/2020\\\/11\\\/cropped-new-favicon-black.png\",\"width\":512,\"height\":512,\"caption\":\"Strangercam\"},\"image\":{\"@id\":\"https:\\\/\\\/strangercam.com\\\/#\\\/schema\\\/logo\\\/image\\\/\"},\"sameAs\":[\"https:\\\/\\\/www.facebook.com\\\/strangercam\",\"https:\\\/\\\/x.com\\\/strangercamapp\"]}]}<\/script>\n<!-- \/ Yoast SEO plugin. -->","yoast_head_json":{"title":"Epikchat - Conversa\u021bi cu str\u0103inii pe StrangerCam.com","description":"\u00ce\u021bi place Epikchat? Vino s\u0103 vorbe\u0219ti cu mai mult de 5.000.000 de str\u0103ini pe Stranger Cam gratuit! Porne\u0219te-\u021bi camera \u0219i g\u0103se\u0219te prieteni noi \u0219i poate o pereche!","robots":{"index":"index","follow":"follow","max-snippet":"max-snippet:-1","max-image-preview":"max-image-preview:large","max-video-preview":"max-video-preview:-1"},"canonical":"https:\/\/strangercam.com\/ro\/epikchat\/","og_locale":"ro_RO","og_type":"article","og_title":"Epikchat - Chat with strangers on StrangerCam.com","og_description":"Like Epikchat? Come chat with more than 5.000.000 strangers on Stranger Cam for Free! Turn on your cam and find new friends & maby a match!","og_url":"https:\/\/strangercam.com\/ro\/epikchat\/","og_site_name":"Strangercam","article_publisher":"https:\/\/www.facebook.com\/strangercam","article_modified_time":"2023-08-21T10:24:41+00:00","og_image":[{"width":800,"height":800,"url":"https:\/\/strangercam.com\/wp-content\/uploads\/2020\/11\/stranger-cam-1.png","type":"image\/png"}],"twitter_card":"summary_large_image","twitter_site":"@strangercamapp","twitter_misc":{"Timp estimat pentru citire":"6 minute"},"schema":{"@context":"https:\/\/schema.org","@graph":[{"@type":"WebPage","@id":"https:\/\/strangercam.com\/epikchat\/","url":"https:\/\/strangercam.com\/epikchat\/","name":"Epikchat - Conversa\u021bi cu str\u0103inii pe StrangerCam.com","isPartOf":{"@id":"https:\/\/strangercam.com\/#website"},"primaryImageOfPage":{"@id":"https:\/\/strangercam.com\/epikchat\/#primaryimage"},"image":{"@id":"https:\/\/strangercam.com\/epikchat\/#primaryimage"},"thumbnailUrl":"https:\/\/strangercam.com\/wp-content\/uploads\/2020\/11\/stranger-cam-1.png","datePublished":"2022-08-11T14:02:32+00:00","dateModified":"2023-08-21T10:24:41+00:00","description":"\u00ce\u021bi place Epikchat? Vino s\u0103 vorbe\u0219ti cu mai mult de 5.000.000 de str\u0103ini pe Stranger Cam gratuit! Porne\u0219te-\u021bi camera \u0219i g\u0103se\u0219te prieteni noi \u0219i poate o pereche!","breadcrumb":{"@id":"https:\/\/strangercam.com\/epikchat\/#breadcrumb"},"inLanguage":"ro-RO","potentialAction":[{"@type":"ReadAction","target":["https:\/\/strangercam.com\/epikchat\/"]}]},{"@type":"ImageObject","inLanguage":"ro-RO","@id":"https:\/\/strangercam.com\/epikchat\/#primaryimage","url":"https:\/\/strangercam.com\/wp-content\/uploads\/2020\/11\/stranger-cam-1.png","contentUrl":"https:\/\/strangercam.com\/wp-content\/uploads\/2020\/11\/stranger-cam-1.png","width":800,"height":800,"caption":"stranger cam random video chat"},{"@type":"BreadcrumbList","@id":"https:\/\/strangercam.com\/epikchat\/#breadcrumb","itemListElement":[{"@type":"ListItem","position":1,"name":"Home","item":"https:\/\/strangercam.com\/"},{"@type":"ListItem","position":2,"name":"Epikchat"}]},{"@type":"WebSite","@id":"https:\/\/strangercam.com\/#website","url":"https:\/\/strangercam.com\/","name":"Strangercam","description":"Chat video aleatoriu cu str\u0103ini","publisher":{"@id":"https:\/\/strangercam.com\/#organization"},"alternateName":"Strangercam.com","potentialAction":[{"@type":"SearchAction","target":{"@type":"EntryPoint","urlTemplate":"https:\/\/strangercam.com\/?s={search_term_string}"},"query-input":{"@type":"PropertyValueSpecification","valueRequired":true,"valueName":"search_term_string"}}],"inLanguage":"ro-RO"},{"@type":"Organization","@id":"https:\/\/strangercam.com\/#organization","name":"Strangercam","alternateName":"Strangercam.com","url":"https:\/\/strangercam.com\/","logo":{"@type":"ImageObject","inLanguage":"ro-RO","@id":"https:\/\/strangercam.com\/#\/schema\/logo\/image\/","url":"https:\/\/strangercam.com\/wp-content\/uploads\/2020\/11\/cropped-new-favicon-black.png","contentUrl":"https:\/\/strangercam.com\/wp-content\/uploads\/2020\/11\/cropped-new-favicon-black.png","width":512,"height":512,"caption":"Strangercam"},"image":{"@id":"https:\/\/strangercam.com\/#\/schema\/logo\/image\/"},"sameAs":["https:\/\/www.facebook.com\/strangercam","https:\/\/x.com\/strangercamapp"]}]}},"_links":{"self":[{"href":"https:\/\/strangercam.com\/ro\/wp-json\/wp\/v2\/pages\/11208","targetHints":{"allow":["GET"]}}],"collection":[{"href":"https:\/\/strangercam.com\/ro\/wp-json\/wp\/v2\/pages"}],"about":[{"href":"https:\/\/strangercam.com\/ro\/wp-json\/wp\/v2\/types\/page"}],"author":[{"embeddable":true,"href":"https:\/\/strangercam.com\/ro\/wp-json\/wp\/v2\/users\/6"}],"replies":[{"embeddable":true,"href":"https:\/\/strangercam.com\/ro\/wp-json\/wp\/v2\/comments?post=11208"}],"version-history":[{"count":0,"href":"https:\/\/strangercam.com\/ro\/wp-json\/wp\/v2\/pages\/11208\/revisions"}],"wp:featuredmedia":[{"embeddable":true,"href":"https:\/\/strangercam.com\/ro\/wp-json\/wp\/v2\/media\/559"}],"wp:attachment":[{"href":"https:\/\/strangercam.com\/ro\/wp-json\/wp\/v2\/media?parent=11208"}],"curies":[{"name":"wp","href":"https:\/\/api.w.org\/{rel}","templated":true}]}}