{"id":11194,"date":"2022-08-11T15:50:53","date_gmt":"2022-08-11T13:50:53","guid":{"rendered":"https:\/\/strangercam.com\/?page_id=11194"},"modified":"2023-08-21T11:40:39","modified_gmt":"2023-08-21T09:40:39","slug":"camskip","status":"publish","type":"page","link":"https:\/\/strangercam.com\/ro\/camskip\/","title":{"rendered":"Camskip"},"content":{"rendered":"<p>\u021ai-ai dorit vreodat\u0103 s\u0103 po\u021bi s\u0103ri peste toate discu\u021biile m\u0103runte \u0219i s\u0103 treci la partea distractiv\u0103 a \u00eent\u00e2lnirii cu oameni noi? Ei bine, acum exist\u0103 o aplica\u021bie pentru asta! Camskip este o nou\u0103 aplica\u021bie de \u00eent\u00e2lniri care \u00ee\u021bi permite s\u0103 faci exact asta - <a href=\"https:\/\/strangercam.com\/ro\/coomeet\/\">\u00eent\u00e2lnire<\/a> oameni noi \u0219i <a href=\"https:\/\/strangercam.com\/ro\/flingster\/\">flirt<\/a> cu str\u0103inii, f\u0103r\u0103 toate complica\u021biile.<\/p>\n<h2>Ce este camskip?<\/h2>\n<p>camskip este un nou aleator <a href=\"https:\/\/strangercam.com\/ro\/chatroulette\/\">chat<\/a> platform\u0103 care v\u0103 permite s\u0103 cunoa\u0219te\u021bi oameni noi \u0219i s\u0103 flirta\u021bi cu necunoscu\u021bi. Platforma c\u00e2\u0219tig\u0103 popularitate \u00een r\u00e2ndul utilizatorilor. Conceptul platformei este simplu: pute\u021bi fie s\u0103 v\u0103 al\u0103tura\u021bi unei camere de chat existente, fie s\u0103 v\u0103 crea\u021bi propria camer\u0103 \u0219i s\u0103 invita\u021bi oameni s\u0103 se al\u0103ture. Odat\u0103 ce sunte\u021bi \u00eentr-o sal\u0103 de chat, pute\u021bi \u00eencepe s\u0103 flirta\u021bi cu al\u021bi utilizatori. Dac\u0103 cineva v\u0103 capteaz\u0103 interesul, \u00eel pute\u021bi ad\u0103uga \u00een lista de prieteni \u0219i pute\u021bi continua s\u0103 discuta\u021bi cu el.<\/p>\n<h2>Cum s\u0103 utiliza\u021bi camskip<\/h2>\n<p>Dac\u0103 vrei s\u0103 cuno\u0219ti oameni noi \u0219i s\u0103 flirtezi cu necunoscu\u021bi, camskip este platforma perfect\u0103 pentru tine. Iat\u0103 un ghid rapid despre cum s\u0103 folose\u0219ti camskip:<\/p>\n<ol>\n<li>\u00censcrie\u021bi-v\u0103 pentru un cont gratuit. Va trebui s\u0103 furniza\u021bi o adres\u0103 de e-mail valid\u0103 \u0219i s\u0103 crea\u021bi un nume de utilizator \u0219i o parol\u0103.<\/li>\n<li>Odat\u0103 ce v-a\u021bi conectat, pute\u021bi \u00eencepe s\u0103 discuta\u021bi cu oricine este online. Pentru a face acest lucru, pur \u0219i simplu face\u021bi clic pe butonul \u201cChat\u201d din partea de sus a paginii.<\/li>\n<li>Dac\u0103 vede\u021bi pe cineva care v\u0103 place, \u00eei pute\u021bi trimite un mesaj privat f\u0103c\u00e2nd clic pe butonul \"Mesaj\".<\/li>\n<li>Pentru a flirta cu cineva, face\u021bi clic pe butonul \u201cFlirt\u201d. Acesta \u00eei va trimite un mesaj de flirt pe care \u00eel poate accepta sau refuza.<\/li>\n<li>Dac\u0103 dori\u021bi s\u0103 trece\u021bi la nivelul urm\u0103tor, \u00eei pute\u021bi ad\u0103uga \u00een lista dvs. de \u201cPrieteni\u201d f\u0103c\u00e2nd clic pe butonul \u201cAdaug\u0103 prieten\u201d. \u00cen acest fel, pute\u021bi discuta cu ei oric\u00e2nd sunt online.<\/li>\n<\/ol>\n<h2>Avantaje \u0219i dezavantaje ale camskip<\/h2>\n<p>Exist\u0103 at\u00e2t avantaje, c\u00e2t \u0219i dezavantaje pentru camming. Aspectele pozitive includ posibilitatea de a c\u00e2\u0219tiga bani de acas\u0103, flexibilitatea de a lucra c\u00e2nd dori\u021bi \u0219i posibilitatea de a intra \u00een contact cu oameni din \u00eentreaga lume. Pe de alt\u0103 parte, cammingul poate crea dependen\u021b\u0103 \u0219i poate duce la dificult\u0103\u021bi financiare dac\u0103 nu este gestionat cu aten\u021bie.<\/p>\n<p>Camskip are o serie de avantaje fa\u021b\u0103 de alte metode de comunicare online. Poate cel mai evident avantaj este faptul c\u0103 utilizarea sa este gratuit\u0103. Acest lucru \u00eenseamn\u0103 c\u0103 oricine are o conexiune la internet poate utiliza camskip f\u0103r\u0103 a pl\u0103ti vreo tax\u0103.<\/p>\n<p>Un alt avantaj al camskip este c\u0103 ofer\u0103 utilizatorilor o form\u0103 de comunicare mai intim\u0103 dec\u00e2t alte metode, cum ar fi camerele de chat sau forumurile. Acest lucru se datoreaz\u0103 faptului c\u0103 utilizatorii \u00ee\u0219i pot vedea reciproc fe\u021bele \u00een timp ce vorbesc. Acest lucru poate ajuta la construirea \u00eencrederii \u0219i a rela\u021biilor \u00eentre utilizatori.<\/p>\n<p>Cu toate acestea, exist\u0103 \u0219i unele dezavantaje asociate cu camskip. Unul dintre acestea este c\u0103 poate fi destul de dificil s\u0103 g\u0103se\u0219ti persoanele cu care vrei s\u0103 vorbe\u0219ti pe camskip. Acest lucru se datoreaz\u0103 faptului c\u0103 site-ul se bazeaz\u0103 pe faptul c\u0103 utilizatorii se g\u0103sesc \u00eentre ei prin cuvinte cheie \u0219i etichete. Prin urmare, poate fi destul de dificil s\u0103 g\u0103se\u0219ti pe camskip pe cineva care \u00eemp\u0103rt\u0103\u0219e\u0219te interesele tale.<\/p>\n<h2>La ce s\u0103 v\u0103 a\u0219tepta\u021bi c\u00e2nd utiliza\u021bi camskip<\/h2>\n<p>Atunci c\u00e2nd utiliza\u021bi camskip, v\u0103 pute\u021bi a\u0219tepta s\u0103 \u00eent\u00e2lni\u021bi oameni noi din \u00eentreaga lume. Ve\u021bi putea s\u0103 discuta\u021bi cu ei \u0219i s\u0103 flirta\u021bi cu ei. Pute\u021bi chiar s\u0103 v\u0103 afla\u021bi \u00eentr-o rela\u021bie cu cineva pe care l-a\u021bi cunoscut pe camskip.<\/p>\n<h2>De ce camskip este o platform\u0103 de videochat aleatoriu at\u00e2t de popular\u0103?<\/h2>\n<p>De la lansarea sa la \u00eenceputul anului 2020, camskip a devenit una dintre cele mai populare platforme de chat video aleatoriu de pe internet. Exist\u0103 c\u00e2teva motive cheie pentru care camskip este at\u00e2t de popular:<\/p>\n<ul>\n<li style=\"font-weight: 400;\" aria-level=\"1\">Camskip este complet gratuit - nu exist\u0103 taxe ascunse sau costuri suplimentare.<\/li>\n<li style=\"font-weight: 400;\" aria-level=\"1\">Camskip este foarte u\u0219or de utilizat - tot ce ai nevoie este o camer\u0103 web \u0219i o conexiune la internet.<\/li>\n<li style=\"font-weight: 400;\" aria-level=\"1\">Camskip ofer\u0103 o mare varietate de func\u021bii, inclusiv posibilitatea de a cunoa\u0219te oameni noi \u0219i de a flirta cu str\u0103inii.<\/li>\n<li style=\"font-weight: 400;\" aria-level=\"1\">Camskip este disponibil \u00een mai multe limbi, astfel \u00eenc\u00e2t utilizatorii din \u00eentreaga lume se pot bucura de el.<\/li>\n<li style=\"font-weight: 400;\" aria-level=\"1\">Camskip adaug\u0103 \u00een mod constant caracteristici noi \u0219i \u00eembun\u0103t\u0103\u021be\u0219te experien\u021ba utilizatorului.<\/li>\n<\/ul>\n<p>Dac\u0103 sunte\u021bi \u00een c\u0103utarea unui mod distractiv \u0219i u\u0219or de a cunoa\u0219te oameni noi \u0219i de a flirta cu necunoscu\u021bi, atunci camskip merit\u0103 cu siguran\u021b\u0103 verificat!<\/p>\n<h2>Cum s\u0103 profita\u021bi la maximum de camskip<\/h2>\n<p>Nu exist\u0103 nicio \u00eendoial\u0103 c\u0103 camskip este o modalitate excelent\u0103 de a cunoa\u0219te oameni noi \u0219i de a flirta cu necunoscu\u021bi. Dar dac\u0103 dori\u021bi cu adev\u0103rat s\u0103 profita\u021bi la maximum de acest site de socializare, exist\u0103 c\u00e2teva lucruri pe care ar trebui s\u0103 le ave\u021bi \u00een vedere.<\/p>\n<p>\u00cen primul r\u00e2nd, aminti\u021bi-v\u0103 s\u0103 fi\u021bi \u00een siguran\u021b\u0103. Nu oferi\u021bi informa\u021bii personale nim\u0103nui pe care nu \u00eel cunoa\u0219te\u021bi \u0219i ave\u021bi grij\u0103 ce spune\u021bi \u00een camerele de chat. Nu se \u0219tie niciodat\u0103 cine ar putea fi la p\u00e2nd\u0103 la cel\u0103lalt cap\u0103t al firului.<\/p>\n<p>\u00cen al doilea r\u00e2nd, profit\u0103 de toate func\u021biile pe care camskip le are de oferit. Utiliza\u021bi func\u021bia de c\u0103utare pentru a g\u0103si persoane cu interese similare, al\u0103tura\u021bi-v\u0103 grupurilor \u0219i participa\u021bi la discu\u021bii. Cu c\u00e2t interac\u021biona\u021bi mai mult cu ceilal\u021bi, cu at\u00e2t este mai probabil s\u0103 g\u0103si\u021bi pe cineva special.<\/p>\n<p>\u00cen cele din urm\u0103, distreaz\u0103-te! Flirtul \u0219i \u00eent\u00e2lnirea cu oameni noi pot fi foarte distractive, a\u0219a c\u0103 nu te lua prea \u00een serios. Relaxeaz\u0103-te \u0219i bucur\u0103-te de experien\u021b\u0103, \u0219i cu siguran\u021b\u0103 te vei sim\u021bi bine.<\/p>\n<h2>La ce fel de oameni te po\u021bi a\u0219tepta pe orice platform\u0103 de video chat aleatorie?.<\/h2>\n<p>Oamenii pe care \u00eei ve\u021bi \u00eent\u00e2lni pe orice <a href=\"https:\/\/strangercam.com\/ro\/chathub\/\">chat video aleatoriu<\/a> platforma va fi mixt\u0103. Unii vor fi prieteno\u0219i \u0219i deschi\u0219i, \u00een timp ce al\u021bii vor fi mai rezerva\u021bi. De asemenea, este posibil s\u0103 \u00eent\u00e2lni\u021bi oameni din toate categoriile sociale, inclusiv din diferite culturi \u0219i medii.<\/p>\n<p>Dac\u0103 e\u0219ti \u00een c\u0103utarea iubirii sau doar a unui pic de distrac\u021bie, cu siguran\u021b\u0103 o vei g\u0103si pe o platform\u0103 de videochat aleatorie precum camskip. Nu \u0219tii niciodat\u0103 pe cine vei \u00eent\u00e2lni pe aceste platforme - ar putea fi un str\u0103in complet de oriunde din lume. Dar un lucru este sigur: te vei distra mult flirt\u00e2nd \u0219i discut\u00e2nd cu oameni noi pe camskip.<\/p>\n<h2>Este sigur de utilizat?<\/h2>\n<p>Dac\u0103 te g\u00e2nde\u0219ti s\u0103 folose\u0219ti CamSkip pentru a cunoa\u0219te oameni noi \u0219i pentru a flirta cu necunoscu\u021bi, poate c\u0103 te \u00eentrebi dac\u0103 este sigur s\u0103 \u00eel folose\u0219ti. De\u0219i nu exist\u0103 nicio garan\u021bie c\u0103 ve\u021bi avea o experien\u021b\u0103 pozitiv\u0103 folosind site-ul, exist\u0103 c\u00e2teva lucruri pe care le pute\u021bi face pentru a v\u0103 asigura siguran\u021ba. \u00cen primul r\u00e2nd, acorda\u021bi pu\u021bin timp citirii sfaturilor de siguran\u021b\u0103 ale site-ului. Aceste sfaturi v\u0103 pot ajuta s\u0103 evita\u021bi poten\u021bialele zone periculoase \u0219i s\u0103 v\u0103 asigura\u021bi c\u0103 \u0219ti\u021bi cum s\u0103 r\u0103m\u00e2ne\u021bi \u00een siguran\u021b\u0103 \u00een timp ce utiliza\u021bi site-ul. \u00cen plus, asigura\u021bi-v\u0103 c\u0103 discuta\u021bi cu str\u0103inii doar \u00een locuri publice. Acest lucru v\u0103 va ajuta s\u0103 reduce\u021bi riscul de a \u00eent\u00e2lni pe cineva care s-ar putea s\u0103 nu fie at\u00e2t de demn de \u00eencredere pe c\u00e2t v-a\u021bi dori. \u00cen cele din urm\u0103, ave\u021bi \u00eencredere \u00een instinctul dumneavoastr\u0103. Dac\u0103 sim\u021bi\u021bi ceva ciudat la o persoan\u0103 cu care discuta\u021bi, probabil c\u0103 este mai bine s\u0103 trece\u021bi la altcineva. Urm\u00e2nd aceste sfaturi simple de siguran\u021b\u0103, v\u0103 pute\u021bi asigura c\u0103 experien\u021ba dvs. de utilizare a CamSkip este una pozitiv\u0103.<\/p>\n<h2>M\u0103suri preventive \u00een timpul utiliz\u0103rii chat-ului video aleatoriu<\/h2>\n<p>Atunci c\u00e2nd utiliza\u021bi chat-ul video aleatoriu, exist\u0103 anumite m\u0103suri pe care le pute\u021bi lua pentru a preveni orice experien\u021be negative. \u00cen primul r\u00e2nd, asigura\u021bi-v\u0103 c\u0103 v\u0103 conecta\u021bi numai cu persoane pe care le cunoa\u0219te\u021bi \u0219i \u00een care ave\u021bi \u00eencredere. Dac\u0103 nu cunoa\u0219te\u021bi persoana cu care v\u0103 conecta\u021bi, asigura\u021bi-v\u0103 c\u0103 face\u021bi mai \u00eent\u00e2i cercet\u0103ri. \u00cen al doilea r\u00e2nd, evita\u021bi s\u0103 \u00eemp\u0103rt\u0103\u0219i\u021bi informa\u021bii personale sau s\u0103 v\u0103 implica\u021bi \u00een activit\u0103\u021bi care ar putea duce la furt de identitate sau fraud\u0103. \u00cen cele din urm\u0103, fi\u021bi \u00eentotdeauna prudent atunci c\u00e2nd \u00eent\u00e2lni\u021bi pe cineva \u00een persoan\u0103 pentru prima dat\u0103. Dac\u0103 este posibil, \u00eent\u00e2lni\u021bi-v\u0103 \u00eentr-un loc public \u0219i lua\u021bi pe cineva cu dumneavoastr\u0103. Urm\u00e2nd aceste sfaturi simple, v\u0103 pute\u021bi asigura c\u0103 experien\u021ba dvs. cu chat-ul video aleatoriu este una pozitiv\u0103.<\/p>\n<h2>Alternativ\u0103 la camskip<\/h2>\n<p>Exist\u0103 multe alternative la camskip. Fie c\u0103 sunte\u021bi \u00een c\u0103utarea unei experien\u021be mai cochete, fie c\u0103 dori\u021bi doar s\u0103 cunoa\u0219te\u021bi oameni noi, exist\u0103 o op\u021biune pentru dvs. Iat\u0103 c\u00e2teva dintre cele mai bune alternative la camskip:<\/p>\n<ol>\n<li><a href=\"https:\/\/strangercam.com\/ro\/omegle\/\">Omegle<\/a>: Acest site este similar cu camskip \u00een sensul c\u0103 v\u0103 permite s\u0103 discuta\u021bi cu persoane necunoscute. Cu toate acestea, are \u0219i o sec\u021biune \u00een care pute\u021bi flirta cu oamenii. Acest lucru \u00eel face excelent pentru cei care caut\u0103 o experien\u021b\u0103 mai cochet\u0103.<\/li>\n<li>Chatrandom: Acest site este similar cu camskip \u00een sensul c\u0103 v\u0103 permite s\u0103 discuta\u021bi cu persoane necunoscute. Cu toate acestea, are \u0219i o sec\u021biune \u00een care pute\u021bi flirta cu oamenii. Acest lucru \u00eel face excelent pentru cei care caut\u0103 o experien\u021b\u0103 mai cochet\u0103.<\/li>\n<li>DirtyRoulette: Acest site este similar cu camskip \u00een sensul c\u0103 v\u0103 permite s\u0103 discuta\u021bi cu persoane necunoscute. Cu toate acestea, are \u0219i o sec\u021biune \u00een care pute\u021bi flirta cu oamenii. Acest lucru \u00eel face excelent pentru cei care caut\u0103 o experien\u021b\u0103 mai cochet\u0103.<\/li>\n<\/ol>\n<h2>Concluzie<\/h2>\n<p>Dac\u0103 sunte\u021bi \u00een c\u0103utarea unei noi modalit\u0103\u021bi de a cunoa\u0219te oameni \u0219i de a flirta cu str\u0103inii, camskip merit\u0103 cu siguran\u021b\u0103 verificat\u0103. Aplica\u021bia este gratuit\u0103 \u0219i u\u0219or de navigat, ceea ce o face o op\u021biune excelent\u0103 pentru oricine este curios cu privire la \u00eent\u00e2lnirile online sau pur \u0219i simplu dore\u0219te s\u0103 discute cu oameni din \u00eentreaga lume. Fie c\u0103 sunte\u021bi \u00een c\u0103utarea unei prietenii sau a ceva mai mult, camskip v\u0103 poate ajuta s\u0103 v\u0103 conecta\u021bi cu persoane care g\u00e2ndesc la fel \u00eentr-un mediu sigur \u0219i distractiv. A\u0219a c\u0103 de ce s\u0103 nu \u00eencerci ast\u0103zi?<\/p>","protected":false},"excerpt":{"rendered":"<p>Have you ever wished you could just skip past all the small talk and get to the fun part of meeting new people? Well, now there&#8217;s an app for that! Camskip is a new dating app that allows you to do just that &#8211; meet new people and flirt with strangers, without all the hassle. [&hellip;]<\/p>\n","protected":false},"author":6,"featured_media":559,"parent":0,"menu_order":0,"comment_status":"closed","ping_status":"closed","template":"","meta":{"footnotes":""},"class_list":["post-11194","page","type-page","status-publish","has-post-thumbnail","hentry"],"yoast_head":"<!-- This site is optimized with the Yoast SEO plugin v26.9 - https:\/\/yoast.com\/product\/yoast-seo-wordpress\/ -->\n<title>Camskip - Chat with strangers on StrangerCam.com<\/title>\n<meta name=\"description\" content=\"Like Camskip? Come chat with more than 5.000.000 strangers on Stranger Cam for Free! Turn on your cam and find new friends &amp; maby a match!\" \/>\n<meta name=\"robots\" content=\"index, follow, max-snippet:-1, max-image-preview:large, max-video-preview:-1\" \/>\n<link rel=\"canonical\" href=\"https:\/\/strangercam.com\/ro\/camskip\/\" \/>\n<meta property=\"og:locale\" content=\"ro_RO\" \/>\n<meta property=\"og:type\" content=\"article\" \/>\n<meta property=\"og:title\" content=\"Camskip - Chat with strangers on StrangerCam.com\" \/>\n<meta property=\"og:description\" content=\"Like Camskip? Come chat with more than 5.000.000 strangers on Stranger Cam for Free! Turn on your cam and find new friends &amp; maby a match!\" \/>\n<meta property=\"og:url\" content=\"https:\/\/strangercam.com\/ro\/camskip\/\" \/>\n<meta property=\"og:site_name\" content=\"Strangercam\" \/>\n<meta property=\"article:publisher\" content=\"https:\/\/www.facebook.com\/strangercam\" \/>\n<meta property=\"article:modified_time\" content=\"2023-08-21T09:40:39+00:00\" \/>\n<meta property=\"og:image\" content=\"https:\/\/strangercam.com\/wp-content\/uploads\/2020\/11\/stranger-cam-1.png\" \/>\n\t<meta property=\"og:image:width\" content=\"800\" \/>\n\t<meta property=\"og:image:height\" content=\"800\" \/>\n\t<meta property=\"og:image:type\" content=\"image\/png\" \/>\n<meta name=\"twitter:card\" content=\"summary_large_image\" \/>\n<meta name=\"twitter:site\" content=\"@strangercamapp\" \/>\n<meta name=\"twitter:label1\" content=\"Timp estimat pentru citire\" \/>\n\t<meta name=\"twitter:data1\" content=\"7 minute\" \/>\n<script type=\"application\/ld+json\" class=\"yoast-schema-graph\">{\"@context\":\"https:\/\/schema.org\",\"@graph\":[{\"@type\":\"WebPage\",\"@id\":\"https:\/\/strangercam.com\/camskip\/\",\"url\":\"https:\/\/strangercam.com\/camskip\/\",\"name\":\"Camskip - Chat with strangers on StrangerCam.com\",\"isPartOf\":{\"@id\":\"https:\/\/strangercam.com\/#website\"},\"primaryImageOfPage\":{\"@id\":\"https:\/\/strangercam.com\/camskip\/#primaryimage\"},\"image\":{\"@id\":\"https:\/\/strangercam.com\/camskip\/#primaryimage\"},\"thumbnailUrl\":\"https:\/\/strangercam.com\/wp-content\/uploads\/2020\/11\/stranger-cam-1.png\",\"datePublished\":\"2022-08-11T13:50:53+00:00\",\"dateModified\":\"2023-08-21T09:40:39+00:00\",\"description\":\"Like Camskip? Come chat with more than 5.000.000 strangers on Stranger Cam for Free! Turn on your cam and find new friends & maby a match!\",\"breadcrumb\":{\"@id\":\"https:\/\/strangercam.com\/camskip\/#breadcrumb\"},\"inLanguage\":\"ro-RO\",\"potentialAction\":[{\"@type\":\"ReadAction\",\"target\":[\"https:\/\/strangercam.com\/camskip\/\"]}]},{\"@type\":\"ImageObject\",\"inLanguage\":\"ro-RO\",\"@id\":\"https:\/\/strangercam.com\/camskip\/#primaryimage\",\"url\":\"https:\/\/strangercam.com\/wp-content\/uploads\/2020\/11\/stranger-cam-1.png\",\"contentUrl\":\"https:\/\/strangercam.com\/wp-content\/uploads\/2020\/11\/stranger-cam-1.png\",\"width\":800,\"height\":800,\"caption\":\"stranger cam random video chat\"},{\"@type\":\"BreadcrumbList\",\"@id\":\"https:\/\/strangercam.com\/camskip\/#breadcrumb\",\"itemListElement\":[{\"@type\":\"ListItem\",\"position\":1,\"name\":\"Home\",\"item\":\"https:\/\/strangercam.com\/\"},{\"@type\":\"ListItem\",\"position\":2,\"name\":\"Camskip\"}]},{\"@type\":\"WebSite\",\"@id\":\"https:\/\/strangercam.com\/#website\",\"url\":\"https:\/\/strangercam.com\/\",\"name\":\"Strangercam\",\"description\":\"Random Video Chat with Strangers\",\"publisher\":{\"@id\":\"https:\/\/strangercam.com\/#organization\"},\"alternateName\":\"Strangercam.com\",\"potentialAction\":[{\"@type\":\"SearchAction\",\"target\":{\"@type\":\"EntryPoint\",\"urlTemplate\":\"https:\/\/strangercam.com\/?s={search_term_string}\"},\"query-input\":{\"@type\":\"PropertyValueSpecification\",\"valueRequired\":true,\"valueName\":\"search_term_string\"}}],\"inLanguage\":\"ro-RO\"},{\"@type\":\"Organization\",\"@id\":\"https:\/\/strangercam.com\/#organization\",\"name\":\"Strangercam\",\"alternateName\":\"Strangercam.com\",\"url\":\"https:\/\/strangercam.com\/\",\"logo\":{\"@type\":\"ImageObject\",\"inLanguage\":\"ro-RO\",\"@id\":\"https:\/\/strangercam.com\/#\/schema\/logo\/image\/\",\"url\":\"https:\/\/strangercam.com\/wp-content\/uploads\/2020\/11\/cropped-new-favicon-black.png\",\"contentUrl\":\"https:\/\/strangercam.com\/wp-content\/uploads\/2020\/11\/cropped-new-favicon-black.png\",\"width\":512,\"height\":512,\"caption\":\"Strangercam\"},\"image\":{\"@id\":\"https:\/\/strangercam.com\/#\/schema\/logo\/image\/\"},\"sameAs\":[\"https:\/\/www.facebook.com\/strangercam\",\"https:\/\/x.com\/strangercamapp\"]}]}<\/script>\n<!-- \/ Yoast SEO plugin. -->","yoast_head_json":{"title":"Camskip - Converseaz\u0103 cu str\u0103inii pe StrangerCam.com","description":"\u00ce\u021bi place Camskip? Vino s\u0103 vorbe\u0219ti cu mai mult de 5.000.000 de str\u0103ini pe Stranger Cam gratuit! Porne\u0219te-\u021bi camera \u0219i g\u0103se\u0219te prieteni noi \u0219i poate o pereche!","robots":{"index":"index","follow":"follow","max-snippet":"max-snippet:-1","max-image-preview":"max-image-preview:large","max-video-preview":"max-video-preview:-1"},"canonical":"https:\/\/strangercam.com\/ro\/camskip\/","og_locale":"ro_RO","og_type":"article","og_title":"Camskip - Chat with strangers on StrangerCam.com","og_description":"Like Camskip? Come chat with more than 5.000.000 strangers on Stranger Cam for Free! Turn on your cam and find new friends & maby a match!","og_url":"https:\/\/strangercam.com\/ro\/camskip\/","og_site_name":"Strangercam","article_publisher":"https:\/\/www.facebook.com\/strangercam","article_modified_time":"2023-08-21T09:40:39+00:00","og_image":[{"width":800,"height":800,"url":"https:\/\/strangercam.com\/wp-content\/uploads\/2020\/11\/stranger-cam-1.png","type":"image\/png"}],"twitter_card":"summary_large_image","twitter_site":"@strangercamapp","twitter_misc":{"Timp estimat pentru citire":"7 minute"},"schema":{"@context":"https:\/\/schema.org","@graph":[{"@type":"WebPage","@id":"https:\/\/strangercam.com\/camskip\/","url":"https:\/\/strangercam.com\/camskip\/","name":"Camskip - Converseaz\u0103 cu str\u0103inii pe StrangerCam.com","isPartOf":{"@id":"https:\/\/strangercam.com\/#website"},"primaryImageOfPage":{"@id":"https:\/\/strangercam.com\/camskip\/#primaryimage"},"image":{"@id":"https:\/\/strangercam.com\/camskip\/#primaryimage"},"thumbnailUrl":"https:\/\/strangercam.com\/wp-content\/uploads\/2020\/11\/stranger-cam-1.png","datePublished":"2022-08-11T13:50:53+00:00","dateModified":"2023-08-21T09:40:39+00:00","description":"\u00ce\u021bi place Camskip? Vino s\u0103 vorbe\u0219ti cu mai mult de 5.000.000 de str\u0103ini pe Stranger Cam gratuit! Porne\u0219te-\u021bi camera \u0219i g\u0103se\u0219te prieteni noi \u0219i poate o pereche!","breadcrumb":{"@id":"https:\/\/strangercam.com\/camskip\/#breadcrumb"},"inLanguage":"ro-RO","potentialAction":[{"@type":"ReadAction","target":["https:\/\/strangercam.com\/camskip\/"]}]},{"@type":"ImageObject","inLanguage":"ro-RO","@id":"https:\/\/strangercam.com\/camskip\/#primaryimage","url":"https:\/\/strangercam.com\/wp-content\/uploads\/2020\/11\/stranger-cam-1.png","contentUrl":"https:\/\/strangercam.com\/wp-content\/uploads\/2020\/11\/stranger-cam-1.png","width":800,"height":800,"caption":"stranger cam random video chat"},{"@type":"BreadcrumbList","@id":"https:\/\/strangercam.com\/camskip\/#breadcrumb","itemListElement":[{"@type":"ListItem","position":1,"name":"Home","item":"https:\/\/strangercam.com\/"},{"@type":"ListItem","position":2,"name":"Camskip"}]},{"@type":"WebSite","@id":"https:\/\/strangercam.com\/#website","url":"https:\/\/strangercam.com\/","name":"Strangercam","description":"Chat video aleatoriu cu str\u0103ini","publisher":{"@id":"https:\/\/strangercam.com\/#organization"},"alternateName":"Strangercam.com","potentialAction":[{"@type":"SearchAction","target":{"@type":"EntryPoint","urlTemplate":"https:\/\/strangercam.com\/?s={search_term_string}"},"query-input":{"@type":"PropertyValueSpecification","valueRequired":true,"valueName":"search_term_string"}}],"inLanguage":"ro-RO"},{"@type":"Organization","@id":"https:\/\/strangercam.com\/#organization","name":"Strangercam","alternateName":"Strangercam.com","url":"https:\/\/strangercam.com\/","logo":{"@type":"ImageObject","inLanguage":"ro-RO","@id":"https:\/\/strangercam.com\/#\/schema\/logo\/image\/","url":"https:\/\/strangercam.com\/wp-content\/uploads\/2020\/11\/cropped-new-favicon-black.png","contentUrl":"https:\/\/strangercam.com\/wp-content\/uploads\/2020\/11\/cropped-new-favicon-black.png","width":512,"height":512,"caption":"Strangercam"},"image":{"@id":"https:\/\/strangercam.com\/#\/schema\/logo\/image\/"},"sameAs":["https:\/\/www.facebook.com\/strangercam","https:\/\/x.com\/strangercamapp"]}]}},"_links":{"self":[{"href":"https:\/\/strangercam.com\/ro\/wp-json\/wp\/v2\/pages\/11194","targetHints":{"allow":["GET"]}}],"collection":[{"href":"https:\/\/strangercam.com\/ro\/wp-json\/wp\/v2\/pages"}],"about":[{"href":"https:\/\/strangercam.com\/ro\/wp-json\/wp\/v2\/types\/page"}],"author":[{"embeddable":true,"href":"https:\/\/strangercam.com\/ro\/wp-json\/wp\/v2\/users\/6"}],"replies":[{"embeddable":true,"href":"https:\/\/strangercam.com\/ro\/wp-json\/wp\/v2\/comments?post=11194"}],"version-history":[{"count":0,"href":"https:\/\/strangercam.com\/ro\/wp-json\/wp\/v2\/pages\/11194\/revisions"}],"wp:featuredmedia":[{"embeddable":true,"href":"https:\/\/strangercam.com\/ro\/wp-json\/wp\/v2\/media\/559"}],"wp:attachment":[{"href":"https:\/\/strangercam.com\/ro\/wp-json\/wp\/v2\/media?parent=11194"}],"curies":[{"name":"wp","href":"https:\/\/api.w.org\/{rel}","templated":true}]}}