{"id":11180,"date":"2022-08-11T15:28:24","date_gmt":"2022-08-11T13:28:24","guid":{"rendered":"https:\/\/strangercam.com\/?page_id=11180"},"modified":"2023-08-21T12:46:37","modified_gmt":"2023-08-21T10:46:37","slug":"randomskip","status":"publish","type":"page","link":"https:\/\/strangercam.com\/ro\/randomskip\/","title":{"rendered":"Randomskip"},"content":{"rendered":"<p>Exist\u0103 mul\u021bi oameni care caut\u0103 modalit\u0103\u021bi de a <a href=\"https:\/\/strangercam.com\/ro\/coomeet\/\">\u00eent\u00e2lnire<\/a> oameni noi \u0219i <a href=\"https:\/\/strangercam.com\/ro\/flingster\/\">flirt<\/a> cu str\u0103inii. Exist\u0103 o mul\u021bime de site-uri \u0219i aplica\u021bii care v\u0103 pot ajuta \u00een acest sens, dar toate au propriul set de reguli \u0219i reglement\u0103ri. Cu randomskip, pute\u021bi cunoa\u0219te oameni noi \u0219i flirta cu str\u0103ini f\u0103r\u0103 nicio restric\u021bie!<\/p>\n<h2>Ce este randomskip?<\/h2>\n<p>Randomskip este un site nou care \u00ee\u021bi permite s\u0103 cuno\u0219ti oameni noi \u0219i s\u0103 flirtezi cu necunoscu\u021bi. Utilizarea site-ului este gratuit\u0103 \u0219i v\u0103 pute\u021bi crea propriul profil pentru a cunoa\u0219te oameni noi.<\/p>\n<h2>Cum s\u0103 utiliza\u021bi randomskip<\/h2>\n<p>Dac\u0103 vrei s\u0103 cuno\u0219ti oameni noi \u0219i s\u0103 flirtezi cu necunoscu\u021bi, atunci randomskip este site-ul perfect pentru tine! Iat\u0103 cum s\u0103 folose\u0219ti site-ul nostru \u00een avantajul t\u0103u.<\/p>\n<p>\u00cen primul r\u00e2nd, crea\u021bi un profil care include c\u00e2teva informa\u021bii de baz\u0103 despre dvs. Nu uita s\u0103 incluzi o fotografie, astfel \u00eenc\u00e2t ceilal\u021bi utilizatori s\u0103 poat\u0103 vedea cum ar\u0103\u021bi. Apoi, pute\u021bi \u00eencepe s\u0103 discuta\u021bi, Randomskip v\u0103 va g\u0103si o potrivire.<\/p>\n<h2>Flirteaz\u0103 cu str\u0103inii pe randomskip<\/h2>\n<p>Cau\u021bi s\u0103 adaugi pu\u021bin\u0103 emo\u021bie vie\u021bii tale? De ce s\u0103 nu flirtezi cu ni\u0219te str\u0103ini pe randomskip? Este o modalitate grozav\u0103 de a cunoa\u0219te oameni noi \u0219i de a te distra. \u00cen plus, nu \u0219tii niciodat\u0103 unde te-ar putea duce. A\u0219a c\u0103 da\u021bi-i drumul \u0219i \u00eencerca\u021bi. Cine \u0219tie, s-ar putea s\u0103 v\u0103 g\u0103si\u021bi perechea perfect\u0103.<\/p>\n<h2>Avantaje \u0219i dezavantaje ale randomskip<\/h2>\n<p>Exist\u0103 o mul\u021bime de modalit\u0103\u021bi de a cunoa\u0219te oameni noi \u0219i de a flirta cu str\u0103inii, dar nu toate sunt create la fel. Randomskip este o nou\u0103 aplica\u021bie care \u00eencearc\u0103 s\u0103 fac\u0103 procesul mai distractiv \u0219i mai eficient, permi\u021b\u00e2nd utilizatorilor s\u0103 treac\u0103 peste profiluri p\u00e2n\u0103 c\u00e2nd g\u0103sesc o potrivire. Dar func\u021bioneaz\u0103 cu adev\u0103rat? S\u0103 arunc\u0103m o privire la avantajele \u0219i dezavantajele utiliz\u0103rii Randomskip.<\/p>\n<h4>PROS:<\/h4>\n<ul>\n<li style=\"font-weight: 400;\" aria-level=\"1\">Pute\u021bi cunoa\u0219te o mul\u021bime de oameni noi \u00eentr-un timp scurt.<\/li>\n<li style=\"font-weight: 400;\" aria-level=\"1\">Este o modalitate excelent\u0103 de a-\u021bi exersa abilit\u0103\u021bile de flirt.<\/li>\n<li style=\"font-weight: 400;\" aria-level=\"1\">Utilizarea este gratuit\u0103.<\/li>\n<\/ul>\n<h4>CONS:<\/h4>\n<ul>\n<li style=\"font-weight: 400;\" aria-level=\"1\">Unii oameni pot considera conceptul superficial sau juvenil.<\/li>\n<li style=\"font-weight: 400;\" aria-level=\"1\">Ave\u021bi doar o cantitate limitat\u0103 de informa\u021bii pe care s\u0103 v\u0103 baza\u021bi atunci c\u00e2nd decide\u021bi dac\u0103 s\u0103 s\u0103ri\u021bi sau nu peste cineva.<\/li>\n<\/ul>\n<h2>Cum s\u0103 profita\u021bi la maximum de randomskip?<\/h2>\n<p>Dac\u0103 vrei s\u0103 cuno\u0219ti oameni noi \u0219i s\u0103 flirtezi cu necunoscu\u021bi, atunci randomskip este locul perfect pentru tine! Iat\u0103 c\u00e2teva sfaturi despre cum s\u0103 profi\u021bi la maximum de experien\u021ba ta:<\/p>\n<ul>\n<li style=\"font-weight: 400;\" aria-level=\"1\">Fii deschis \u0219i prietenos. Nu v\u0103 fie team\u0103 s\u0103 \u00eencepe\u021bi o conversa\u021bie cu cineva pe care nu \u00eel cunoa\u0219te\u021bi.<\/li>\n<li style=\"font-weight: 400;\" aria-level=\"1\">Fii tu \u00eensu\u021bi. Las\u0103-\u021bi personalitatea s\u0103 transpar\u0103 \u0219i cu siguran\u021b\u0103 vei atrage aten\u021bia.<\/li>\n<li style=\"font-weight: 400;\" aria-level=\"1\">Utiliza\u021bi <a href=\"https:\/\/strangercam.com\/ro\/chatroulette\/\">chat<\/a> caracteristic\u0103 pentru a cunoa\u0219te mai bine oamenii. Flirtul este distractiv, dar este \u0219i mai distractiv atunci c\u00e2nd po\u021bi purta o conversa\u021bie cu persoana cu care flirtezi!<\/li>\n<li style=\"font-weight: 400;\" aria-level=\"1\">Distreaz\u0103-te! Aceasta ar trebui s\u0103 fie o experien\u021b\u0103 distractiv\u0103, a\u0219a c\u0103 asigura\u021bi-v\u0103 c\u0103 v\u0103 sim\u021bi\u021bi bine!<\/li>\n<\/ul>\n<h2>De ce randomskip este at\u00e2t de popular\u0103 platforma de video chat aleatoriu?<\/h2>\n<p>Exist\u0103 o serie de motive pentru care randomskip a devenit o platform\u0103 de videochat aleatoriu at\u00e2t de popular\u0103. \u00cen primul \u0219i \u00een primul r\u00e2nd, este incredibil de u\u0219or de utilizat. Tot ce ai nevoie este o camer\u0103 web \u0219i o conexiune la internet \u0219i e\u0219ti gata de plecare.<\/p>\n<p>Un alt motiv al popularit\u0103\u021bii sale este faptul c\u0103 ofer\u0103 o oportunitate unic\u0103 de a cunoa\u0219te oameni noi \u0219i de a flirta cu necunoscu\u021bi. Nu \u0219tii niciodat\u0103 pe cine vei \u00eent\u00e2lni pe randomskip, ceea ce \u00eel face cu at\u00e2t mai interesant.<\/p>\n<p>\u00cen cele din urm\u0103, utilizarea platformei este complet gratuit\u0103. Nu trebuie s\u0103 v\u0103 face\u021bi griji cu privire la plata vreunei taxe sau abonamente; pur \u0219i simplu bucura\u021bi-v\u0103 de experien\u021ba de a cunoa\u0219te oameni noi din \u00eentreaga lume.<\/p>\n<h2>Este sigur de utilizat?<\/h2>\n<p>Dac\u0103 v\u0103 g\u00e2ndi\u021bi s\u0103 folosi\u021bi aplica\u021bia randomskip pentru a cunoa\u0219te oameni noi \u0219i a flirta cu necunoscu\u021bi, probabil c\u0103 v\u0103 \u00eentreba\u021bi dac\u0103 este sigur s\u0103 o folosi\u021bi. De\u0219i nu exist\u0103 nicio garan\u021bie c\u0103 nu ve\u021bi \u00eent\u00e2lni niciun pericol \u00een timp ce utiliza\u021bi aplica\u021bia, exist\u0103 c\u00e2teva m\u0103suri pe care le pute\u021bi lua pentru a v\u0103 asigura siguran\u021ba. \u00cen primul r\u00e2nd, discuta\u021bi numai cu persoane cu care v\u0103 sim\u021bi\u021bi confortabil \u0219i \u00een care ave\u021bi \u00eencredere. Dac\u0103 cineva v\u0103 face s\u0103 v\u0103 sim\u021bi\u021bi inconfortabil, bloca\u021bi-l \u0219i raporta\u021bi-l administratorilor aplica\u021biei. De asemenea, asigura\u021bi-v\u0103 c\u0103 anun\u021ba\u021bi un prieten sau un membru al familiei c\u00e2nd \u0219i unde v\u0103 ve\u021bi \u00eent\u00e2lni cu persoane din aplica\u021bie. Lu\u00e2nd aceste m\u0103suri de precau\u021bie, v\u0103 pute\u021bi asigura c\u0103 experien\u021ba dvs. de utilizare a randomskip este una sigur\u0103 \u0219i pozitiv\u0103.<\/p>\n<h2>Alternative de rondomskip<\/h2>\n<p>Dac\u0103 sunte\u021bi \u00een c\u0103utarea unei alternative la rondomskip, exist\u0103 o mul\u021bime de alte modalit\u0103\u021bi de a cunoa\u0219te oameni noi \u0219i de a flirta cu str\u0103inii. Iat\u0103 c\u00e2teva dintre preferatele noastre:<\/p>\n<ol>\n<li>Chatrandom<\/li>\n<\/ol>\n<p>Chatrandom este unul dintre cele mai populare site-uri de chat de pe internet \u0219i este perfect pentru a cunoa\u0219te oameni noi \u0219i a flirta cu str\u0103ini. Site-ul are milioane de utilizatori din \u00eentreaga lume, a\u0219a c\u0103 ve\u021bi g\u0103si cu siguran\u021b\u0103 pe cineva cu care s\u0103 discuta\u021bi, indiferent unde v\u0103 afla\u021bi.<\/p>\n<ol start=\"2\">\n<li><a href=\"https:\/\/strangercam.com\/ro\/omegle\/\">Omegle<\/a><\/li>\n<\/ol>\n<p>Omegle este un alt site de chat popular care este perfect pentru a cunoa\u0219te oameni noi \u0219i pentru a flirta cu str\u0103ini. Site-ul are milioane de utilizatori din \u00eentreaga lume, a\u0219a c\u0103 ve\u021bi g\u0103si cu siguran\u021b\u0103 pe cineva cu care s\u0103 discuta\u021bi, indiferent unde v\u0103 afla\u021bi.<\/p>\n<ol start=\"3\">\n<li><a href=\"https:\/\/strangercam.com\/ro\/camsurf\/\">Camsurf<\/a><\/li>\n<\/ol>\n<p>Camsurf este un site de chat bazat pe webcam, perfect pentru a cunoa\u0219te oameni noi \u0219i a flirta cu str\u0103ini. Site-ul are milioane de utilizatori din \u00eentreaga lume, a\u0219a c\u0103 ve\u021bi g\u0103si cu siguran\u021b\u0103 pe cineva cu care s\u0103 discuta\u021bi, indiferent unde v\u0103 afla\u021bi.<\/p>\n<h2>Concluzie<\/h2>\n<p>Dac\u0103 vrei s\u0103 cuno\u0219ti oameni noi \u0219i s\u0103 flirtezi cu necunoscu\u021bi, nu exist\u0103 un loc mai bun pentru a face asta dec\u00e2t pe randomskip.com. Cu mii de utilizatori online \u00een orice moment, cu siguran\u021b\u0103 vei g\u0103si pe cineva interesant cu care s\u0103 discu\u021bi, indiferent de interesele tale. Deci, ce mai a\u0219tep\u021bi? \u00cenregistreaz\u0103-te ast\u0103zi \u0219i \u00eencepe s\u0103 cuno\u0219ti oameni noi!<\/p>","protected":false},"excerpt":{"rendered":"<p>There are many people who are looking for ways to meet new people and flirt with strangers. There are a lot of websites and apps that can help you with this, but they all have their own set of rules and regulations. With randomskip, you can meet new people and flirt with strangers without any [&hellip;]<\/p>\n","protected":false},"author":6,"featured_media":559,"parent":0,"menu_order":0,"comment_status":"closed","ping_status":"closed","template":"","meta":{"footnotes":""},"class_list":["post-11180","page","type-page","status-publish","has-post-thumbnail","hentry"],"yoast_head":"<!-- This site is optimized with the Yoast SEO plugin v27.4 - https:\/\/yoast.com\/product\/yoast-seo-wordpress\/ -->\n<title>Randomskip - Chat with strangers on StrangerCam.com<\/title>\n<meta name=\"description\" content=\"Like Randomskip? Come chat with more than 5.000.000 strangers on Stranger Cam for Free! Turn on your cam and find new friends &amp; maby a match!\" \/>\n<meta name=\"robots\" content=\"index, follow, max-snippet:-1, max-image-preview:large, max-video-preview:-1\" \/>\n<link rel=\"canonical\" href=\"https:\/\/strangercam.com\/ro\/randomskip\/\" \/>\n<meta property=\"og:locale\" content=\"ro_RO\" \/>\n<meta property=\"og:type\" content=\"article\" \/>\n<meta property=\"og:title\" content=\"Randomskip - Chat with strangers on StrangerCam.com\" \/>\n<meta property=\"og:description\" content=\"Like Randomskip? Come chat with more than 5.000.000 strangers on Stranger Cam for Free! Turn on your cam and find new friends &amp; maby a match!\" \/>\n<meta property=\"og:url\" content=\"https:\/\/strangercam.com\/ro\/randomskip\/\" \/>\n<meta property=\"og:site_name\" content=\"Strangercam\" \/>\n<meta property=\"article:publisher\" content=\"https:\/\/www.facebook.com\/strangercam\" \/>\n<meta property=\"article:modified_time\" content=\"2023-08-21T10:46:37+00:00\" \/>\n<meta property=\"og:image\" content=\"https:\/\/strangercam.com\/wp-content\/uploads\/2020\/11\/stranger-cam-1.png\" \/>\n\t<meta property=\"og:image:width\" content=\"800\" \/>\n\t<meta property=\"og:image:height\" content=\"800\" \/>\n\t<meta property=\"og:image:type\" content=\"image\/png\" \/>\n<meta name=\"twitter:card\" content=\"summary_large_image\" \/>\n<meta name=\"twitter:site\" content=\"@strangercamapp\" \/>\n<meta name=\"twitter:label1\" content=\"Timp estimat pentru citire\" \/>\n\t<meta name=\"twitter:data1\" content=\"5 minute\" \/>\n<script type=\"application\/ld+json\" class=\"yoast-schema-graph\">{\"@context\":\"https:\\\/\\\/schema.org\",\"@graph\":[{\"@type\":\"WebPage\",\"@id\":\"https:\\\/\\\/strangercam.com\\\/randomskip\\\/\",\"url\":\"https:\\\/\\\/strangercam.com\\\/randomskip\\\/\",\"name\":\"Randomskip - Chat with strangers on StrangerCam.com\",\"isPartOf\":{\"@id\":\"https:\\\/\\\/strangercam.com\\\/#website\"},\"primaryImageOfPage\":{\"@id\":\"https:\\\/\\\/strangercam.com\\\/randomskip\\\/#primaryimage\"},\"image\":{\"@id\":\"https:\\\/\\\/strangercam.com\\\/randomskip\\\/#primaryimage\"},\"thumbnailUrl\":\"https:\\\/\\\/strangercam.com\\\/wp-content\\\/uploads\\\/2020\\\/11\\\/stranger-cam-1.png\",\"datePublished\":\"2022-08-11T13:28:24+00:00\",\"dateModified\":\"2023-08-21T10:46:37+00:00\",\"description\":\"Like Randomskip? Come chat with more than 5.000.000 strangers on Stranger Cam for Free! Turn on your cam and find new friends & maby a match!\",\"breadcrumb\":{\"@id\":\"https:\\\/\\\/strangercam.com\\\/randomskip\\\/#breadcrumb\"},\"inLanguage\":\"ro-RO\",\"potentialAction\":[{\"@type\":\"ReadAction\",\"target\":[\"https:\\\/\\\/strangercam.com\\\/randomskip\\\/\"]}]},{\"@type\":\"ImageObject\",\"inLanguage\":\"ro-RO\",\"@id\":\"https:\\\/\\\/strangercam.com\\\/randomskip\\\/#primaryimage\",\"url\":\"https:\\\/\\\/strangercam.com\\\/wp-content\\\/uploads\\\/2020\\\/11\\\/stranger-cam-1.png\",\"contentUrl\":\"https:\\\/\\\/strangercam.com\\\/wp-content\\\/uploads\\\/2020\\\/11\\\/stranger-cam-1.png\",\"width\":800,\"height\":800,\"caption\":\"stranger cam random video chat\"},{\"@type\":\"BreadcrumbList\",\"@id\":\"https:\\\/\\\/strangercam.com\\\/randomskip\\\/#breadcrumb\",\"itemListElement\":[{\"@type\":\"ListItem\",\"position\":1,\"name\":\"Home\",\"item\":\"https:\\\/\\\/strangercam.com\\\/\"},{\"@type\":\"ListItem\",\"position\":2,\"name\":\"Randomskip\"}]},{\"@type\":\"WebSite\",\"@id\":\"https:\\\/\\\/strangercam.com\\\/#website\",\"url\":\"https:\\\/\\\/strangercam.com\\\/\",\"name\":\"Strangercam\",\"description\":\"Random Video Chat with Strangers\",\"publisher\":{\"@id\":\"https:\\\/\\\/strangercam.com\\\/#organization\"},\"alternateName\":\"Strangercam.com\",\"potentialAction\":[{\"@type\":\"SearchAction\",\"target\":{\"@type\":\"EntryPoint\",\"urlTemplate\":\"https:\\\/\\\/strangercam.com\\\/?s={search_term_string}\"},\"query-input\":{\"@type\":\"PropertyValueSpecification\",\"valueRequired\":true,\"valueName\":\"search_term_string\"}}],\"inLanguage\":\"ro-RO\"},{\"@type\":\"Organization\",\"@id\":\"https:\\\/\\\/strangercam.com\\\/#organization\",\"name\":\"Strangercam\",\"alternateName\":\"Strangercam.com\",\"url\":\"https:\\\/\\\/strangercam.com\\\/\",\"logo\":{\"@type\":\"ImageObject\",\"inLanguage\":\"ro-RO\",\"@id\":\"https:\\\/\\\/strangercam.com\\\/#\\\/schema\\\/logo\\\/image\\\/\",\"url\":\"https:\\\/\\\/strangercam.com\\\/wp-content\\\/uploads\\\/2020\\\/11\\\/cropped-new-favicon-black.png\",\"contentUrl\":\"https:\\\/\\\/strangercam.com\\\/wp-content\\\/uploads\\\/2020\\\/11\\\/cropped-new-favicon-black.png\",\"width\":512,\"height\":512,\"caption\":\"Strangercam\"},\"image\":{\"@id\":\"https:\\\/\\\/strangercam.com\\\/#\\\/schema\\\/logo\\\/image\\\/\"},\"sameAs\":[\"https:\\\/\\\/www.facebook.com\\\/strangercam\",\"https:\\\/\\\/x.com\\\/strangercamapp\"]}]}<\/script>\n<!-- \/ Yoast SEO plugin. -->","yoast_head_json":{"title":"Randomskip - Conversa\u021bi cu str\u0103inii pe StrangerCam.com","description":"\u00ce\u021bi place Randomskip? Vino s\u0103 vorbe\u0219ti cu mai mult de 5.000.000 de str\u0103ini pe Stranger Cam gratuit! Porne\u0219te-\u021bi camera \u0219i g\u0103se\u0219te noi prieteni \u0219i poate o pereche!","robots":{"index":"index","follow":"follow","max-snippet":"max-snippet:-1","max-image-preview":"max-image-preview:large","max-video-preview":"max-video-preview:-1"},"canonical":"https:\/\/strangercam.com\/ro\/randomskip\/","og_locale":"ro_RO","og_type":"article","og_title":"Randomskip - Chat with strangers on StrangerCam.com","og_description":"Like Randomskip? Come chat with more than 5.000.000 strangers on Stranger Cam for Free! Turn on your cam and find new friends & maby a match!","og_url":"https:\/\/strangercam.com\/ro\/randomskip\/","og_site_name":"Strangercam","article_publisher":"https:\/\/www.facebook.com\/strangercam","article_modified_time":"2023-08-21T10:46:37+00:00","og_image":[{"width":800,"height":800,"url":"https:\/\/strangercam.com\/wp-content\/uploads\/2020\/11\/stranger-cam-1.png","type":"image\/png"}],"twitter_card":"summary_large_image","twitter_site":"@strangercamapp","twitter_misc":{"Timp estimat pentru citire":"5 minute"},"schema":{"@context":"https:\/\/schema.org","@graph":[{"@type":"WebPage","@id":"https:\/\/strangercam.com\/randomskip\/","url":"https:\/\/strangercam.com\/randomskip\/","name":"Randomskip - Conversa\u021bi cu str\u0103inii pe StrangerCam.com","isPartOf":{"@id":"https:\/\/strangercam.com\/#website"},"primaryImageOfPage":{"@id":"https:\/\/strangercam.com\/randomskip\/#primaryimage"},"image":{"@id":"https:\/\/strangercam.com\/randomskip\/#primaryimage"},"thumbnailUrl":"https:\/\/strangercam.com\/wp-content\/uploads\/2020\/11\/stranger-cam-1.png","datePublished":"2022-08-11T13:28:24+00:00","dateModified":"2023-08-21T10:46:37+00:00","description":"\u00ce\u021bi place Randomskip? Vino s\u0103 vorbe\u0219ti cu mai mult de 5.000.000 de str\u0103ini pe Stranger Cam gratuit! Porne\u0219te-\u021bi camera \u0219i g\u0103se\u0219te noi prieteni \u0219i poate o pereche!","breadcrumb":{"@id":"https:\/\/strangercam.com\/randomskip\/#breadcrumb"},"inLanguage":"ro-RO","potentialAction":[{"@type":"ReadAction","target":["https:\/\/strangercam.com\/randomskip\/"]}]},{"@type":"ImageObject","inLanguage":"ro-RO","@id":"https:\/\/strangercam.com\/randomskip\/#primaryimage","url":"https:\/\/strangercam.com\/wp-content\/uploads\/2020\/11\/stranger-cam-1.png","contentUrl":"https:\/\/strangercam.com\/wp-content\/uploads\/2020\/11\/stranger-cam-1.png","width":800,"height":800,"caption":"stranger cam random video chat"},{"@type":"BreadcrumbList","@id":"https:\/\/strangercam.com\/randomskip\/#breadcrumb","itemListElement":[{"@type":"ListItem","position":1,"name":"Home","item":"https:\/\/strangercam.com\/"},{"@type":"ListItem","position":2,"name":"Randomskip"}]},{"@type":"WebSite","@id":"https:\/\/strangercam.com\/#website","url":"https:\/\/strangercam.com\/","name":"Strangercam","description":"Chat video aleatoriu cu str\u0103ini","publisher":{"@id":"https:\/\/strangercam.com\/#organization"},"alternateName":"Strangercam.com","potentialAction":[{"@type":"SearchAction","target":{"@type":"EntryPoint","urlTemplate":"https:\/\/strangercam.com\/?s={search_term_string}"},"query-input":{"@type":"PropertyValueSpecification","valueRequired":true,"valueName":"search_term_string"}}],"inLanguage":"ro-RO"},{"@type":"Organization","@id":"https:\/\/strangercam.com\/#organization","name":"Strangercam","alternateName":"Strangercam.com","url":"https:\/\/strangercam.com\/","logo":{"@type":"ImageObject","inLanguage":"ro-RO","@id":"https:\/\/strangercam.com\/#\/schema\/logo\/image\/","url":"https:\/\/strangercam.com\/wp-content\/uploads\/2020\/11\/cropped-new-favicon-black.png","contentUrl":"https:\/\/strangercam.com\/wp-content\/uploads\/2020\/11\/cropped-new-favicon-black.png","width":512,"height":512,"caption":"Strangercam"},"image":{"@id":"https:\/\/strangercam.com\/#\/schema\/logo\/image\/"},"sameAs":["https:\/\/www.facebook.com\/strangercam","https:\/\/x.com\/strangercamapp"]}]}},"_links":{"self":[{"href":"https:\/\/strangercam.com\/ro\/wp-json\/wp\/v2\/pages\/11180","targetHints":{"allow":["GET"]}}],"collection":[{"href":"https:\/\/strangercam.com\/ro\/wp-json\/wp\/v2\/pages"}],"about":[{"href":"https:\/\/strangercam.com\/ro\/wp-json\/wp\/v2\/types\/page"}],"author":[{"embeddable":true,"href":"https:\/\/strangercam.com\/ro\/wp-json\/wp\/v2\/users\/6"}],"replies":[{"embeddable":true,"href":"https:\/\/strangercam.com\/ro\/wp-json\/wp\/v2\/comments?post=11180"}],"version-history":[{"count":0,"href":"https:\/\/strangercam.com\/ro\/wp-json\/wp\/v2\/pages\/11180\/revisions"}],"wp:featuredmedia":[{"embeddable":true,"href":"https:\/\/strangercam.com\/ro\/wp-json\/wp\/v2\/media\/559"}],"wp:attachment":[{"href":"https:\/\/strangercam.com\/ro\/wp-json\/wp\/v2\/media?parent=11180"}],"curies":[{"name":"wp","href":"https:\/\/api.w.org\/{rel}","templated":true}]}}