{"id":11167,"date":"2022-08-11T15:18:17","date_gmt":"2022-08-11T13:18:17","guid":{"rendered":"https:\/\/strangercam.com\/?page_id=11167"},"modified":"2023-08-21T12:48:49","modified_gmt":"2023-08-21T10:48:49","slug":"ulive-chat","status":"publish","type":"page","link":"https:\/\/strangercam.com\/ro\/ulive-chat\/","title":{"rendered":"Ulive Chat"},"content":{"rendered":"<p>\u00cen aceste zile de distan\u021bare social\u0103, poate fi greu s\u0103 g\u0103se\u0219ti modalit\u0103\u021bi de a te conecta cu ceilal\u021bi. Dar exist\u0103 un loc unde pute\u021bi merge \u00eentotdeauna pentru a vorbi cu str\u0103inii: ulive-chat. Pe ulive-chat, pute\u021bi <a href=\"https:\/\/strangercam.com\/ro\/chatroulette\/\">chat<\/a> cu oameni din \u00eentreaga lume despre orice \u0219i despre toate. A\u0219a c\u0103 intra\u021bi \u0219i \u00eencepe\u021bi <a href=\"https:\/\/strangercam.com\/ro\/chatingly\/\">chat<\/a>!<\/p>\n<h2>Ce este ulive chat?<\/h2>\n<p>ulive-chat este o nou\u0103 platform\u0103 de social media care permite utilizatorilor s\u0103 se conecteze \u00eentre ei prin intermediul unor mesaje scurte, de 10 secunde <a href=\"https:\/\/strangercam.com\/ro\/rabbit-video-chat\/\">video<\/a> chat-uri. Este o modalitate excelent\u0103 de a <a href=\"https:\/\/strangercam.com\/ro\/coomeet\/\">\u00eent\u00e2lnire<\/a> oameni noi \u0219i s\u0103 v\u0103 face\u021bi prieteni din \u00eentreaga lume. Pute\u021bi folosi ulive-chat pentru a vorbi despre orice dori\u021bi, fie c\u0103 este vorba despre emisiunea TV preferat\u0103, cele mai recente \u0219tiri sau pur \u0219i simplu despre ceea ce v\u0103 preocup\u0103.<\/p>\n<h2>Cum s\u0103 \u00eencepe\u021bi un chat pe ulive chat<\/h2>\n<p>Dac\u0103 v\u0103 sim\u021bi\u021bi singur \u0219i dori\u021bi s\u0103 vorbi\u021bi cu cineva, ulive-chat este o op\u021biune excelent\u0103. Este un serviciu de chat care v\u0103 conecteaz\u0103 cu oameni din \u00eentreaga lume, astfel \u00eenc\u00e2t s\u0103 v\u0103 pute\u021bi face prieteni noi \u0219i s\u0103 afla\u021bi despre culturi noi. Iat\u0103 cum s\u0103 \u00eencepe\u021bi un chat pe ulive-chat:<\/p>\n<ol>\n<li>Accesa\u021bi site-ul ulive-chat \u0219i crea\u021bi-v\u0103 un cont.<\/li>\n<li>Odat\u0103 ce v-a\u021bi conectat, face\u021bi clic pe butonul \"Start Chatting\".<\/li>\n<li>Va ap\u0103rea o list\u0103 cu persoanele care sunt \u00een prezent online. Alege\u021bi o persoan\u0103 cu care dori\u021bi s\u0103 discuta\u021bi \u0219i face\u021bi clic pe numele ei.<\/li>\n<li>Se va deschide o nou\u0103 fereastr\u0103 de chat. \u00cencepe\u021bi s\u0103 discuta\u021bi cu noul dvs. prieten!<\/li>\n<\/ol>\n<h2>Despre ce s\u0103 vorbe\u0219ti cu str\u0103inii pe ulive chat<\/h2>\n<p>Dac\u0103 cau\u021bi ceva despre care s\u0103 vorbe\u0219ti cu str\u0103inii pe ulive-chat, iat\u0103 c\u00e2teva idei:<\/p>\n<ul>\n<li style=\"font-weight: 400;\" aria-level=\"1\">Prezenta\u021bi-v\u0103 \u0219i \u00eentreba\u021bi cealalt\u0103 persoan\u0103 cum o cheam\u0103?<\/li>\n<li style=\"font-weight: 400;\" aria-level=\"1\">De unde sunt acestea?<\/li>\n<li style=\"font-weight: 400;\" aria-level=\"1\">Cu ce se ocup\u0103 ei?<\/li>\n<li style=\"font-weight: 400;\" aria-level=\"1\">Care sunt hobby-urile lor?<\/li>\n<li style=\"font-weight: 400;\" aria-level=\"1\">Au animale de companie?<\/li>\n<li style=\"font-weight: 400;\" aria-level=\"1\">Care este muzica\/filmul\/ serialul lor preferat?<\/li>\n<li style=\"font-weight: 400;\" aria-level=\"1\">Care a fost cea mai frumoas\u0103 zi din via\u021ba lor?<\/li>\n<li style=\"font-weight: 400;\" aria-level=\"1\">Care este cea mai mare fric\u0103 a lor?<\/li>\n<li style=\"font-weight: 400;\" aria-level=\"1\">Care este cea mai mare realizare a lor?<\/li>\n<li style=\"font-weight: 400;\" aria-level=\"1\">Au vreun talent ciudat?<\/li>\n<li style=\"font-weight: 400;\" aria-level=\"1\">Care este cel mai bun sfat pe care l-au primit vreodat\u0103?<\/li>\n<\/ul>\n<h2>Avantaje \u0219i dezavantaje ale chat-ului uliv<\/h2>\n<p>ulive-chat este un site de re\u021bele sociale care permite utilizatorilor s\u0103 comunice \u00eentre ei \u00een timp real. Site-ul exist\u0103 de c\u00e2\u021biva ani \u0219i a c\u00e2\u0219tigat un num\u0103r mare de utilizatori fideli. Cu toate acestea, la fel ca toate site-urile de re\u021bele sociale, exist\u0103 avantaje \u0219i dezavantaje \u00een utilizarea ulive-chat.<\/p>\n<p>Avantajele utiliz\u0103rii ulive-chat includ urm\u0103toarele:<\/p>\n<ul>\n<li style=\"font-weight: 400;\" aria-level=\"1\">Site-ul este u\u0219or de utilizat \u0219i de navigat.<\/li>\n<li style=\"font-weight: 400;\" aria-level=\"1\">Utilizatorii pot comunica \u00eentre ei \u00een timp real.<\/li>\n<li style=\"font-weight: 400;\" aria-level=\"1\">Site-ul are un grup fidel de utilizatori.<\/li>\n<li style=\"font-weight: 400;\" aria-level=\"1\">Site-ul este <a href=\"https:\/\/strangercam.com\/ro\/chat4free\/\">liber<\/a> de utilizat.<\/li>\n<\/ul>\n<p>Dezavantajele utiliz\u0103rii ulive-chat includ urm\u0103toarele:<\/p>\n<ul>\n<li style=\"font-weight: 400;\" aria-level=\"1\">Unii utilizatori au raportat c\u0103 site-ul a fost defectuos \u0219i lent uneori.<\/li>\n<li style=\"font-weight: 400;\" aria-level=\"1\">Nu exist\u0103 nicio modalitate de a verifica identitatea altor utilizatori, astfel \u00eenc\u00e2t exist\u0103 un poten\u021bial de \u00een\u0219el\u0103torie sau fraud\u0103.<\/li>\n<li style=\"font-weight: 400;\" aria-level=\"1\">Unii utilizatori s-au pl\u00e2ns c\u0103 interfa\u021ba site-ului nu este at\u00e2t de u\u0219or de utilizat pe c\u00e2t ar putea fi.<\/li>\n<\/ul>\n<h2>De ce ulive chat este at\u00e2t de popular\u0103 platforma de video chat aleatoriu?<\/h2>\n<p>ulive-chat este o platform\u0103 popular\u0103 de chat video aleatoriu din mai multe motive. \u00cen primul r\u00e2nd, este u\u0219or de utilizat \u0219i nu necesit\u0103 nicio \u00eenregistrare. \u00cen al doilea r\u00e2nd, ofer\u0103 o gam\u0103 larg\u0103 de caracteristici care permit utilizatorilor s\u0103 \u00ee\u0219i personalizeze experien\u021ba. \u00cen cele din urm\u0103, are o comunitate puternic\u0103 de utilizatori care sunt \u00eentotdeauna dispu\u0219i s\u0103 ajute \u00eencep\u0103torii.<\/p>\n<h2>Cum s\u0103 \u00eenchei un chat pe ulive chat<\/h2>\n<p>Dac\u0103 a\u021bi terminat de vorbit cu cineva pe ulive-chat, pur \u0219i simplu face\u021bi clic pe butonul \"end chat\". Acest lucru va \u00eencheia conversa\u021bia \u0219i v\u0103 va duce \u00eenapoi la pagina principal\u0103 ulive-chat.<\/p>\n<h2>Beneficiile de a vorbi cu str\u0103inii pe ulive chat<\/h2>\n<p>Cu to\u021bii cunoa\u0219tem zicala: \u201cEste bine s\u0103 vorbe\u0219ti cu str\u0103inii\u201d. \u0218i exist\u0103 mult adev\u0103r \u00een asta. S\u0103 vorbe\u0219ti cu str\u0103inii poate fi o modalitate excelent\u0103 de a ie\u0219i din zona de confort \u0219i de a cunoa\u0219te oameni noi. Dar ce se \u00eent\u00e2mpl\u0103 dac\u0103 nu sunte\u021bi sigur cum s\u0103 \u00eencepe\u021bi o conversa\u021bie cu un str\u0103in? Aici intervine ulive-chat.<\/p>\n<p>ulive-chat este un site web care v\u0103 permite s\u0103 discuta\u021bi cu persoane necunoscute din \u00eentreaga lume. Este o modalitate excelent\u0103 de a-\u021bi exersa abilit\u0103\u021bile sociale \u0219i de a cunoa\u0219te oameni din culturi diferite. \u0218i cel mai bun dintre toate, este complet gratuit!<\/p>\n<p>A\u0219a c\u0103 de ce s\u0103 nu \u00eencerci? S-ar putea s\u0103 descoperi\u021bi c\u0103 a vorbi cu str\u0103inii este mai distractiv dec\u00e2t a\u021bi crezut!<\/p>\n<h2>Cum s\u0103 profita\u021bi la maximum de ulive chat?<\/h2>\n<p>ulive-chat este o platform\u0103 excelent\u0103 pentru a vorbi cu str\u0103inii \u0219i a v\u0103 face noi prieteni. Iat\u0103 c\u00e2teva sfaturi pentru a profita la maximum de experien\u021ba ulive-chat:<\/p>\n<ol>\n<li>Fi\u021bi deschis \u0219i prietenos. Nimeni nu vrea s\u0103 vorbeasc\u0103 cu o persoan\u0103 moroc\u0103noas\u0103, a\u0219a c\u0103 z\u00e2mbi\u021bi \u0219i fi\u021bi gata s\u0103 intra\u021bi \u00een vorb\u0103.<\/li>\n<li>Nu v\u0103 fie team\u0103 s\u0103 \u00eencepe\u021bi conversa\u021bia. Poate fi greu s\u0103 spargi ghea\u021ba, dar aminte\u0219te-\u021bi c\u0103 to\u021bi ceilal\u021bi sunt \u00een aceea\u0219i situa\u021bie. Doar saluta\u021bi \u0219i vede\u021bi unde v\u0103 duce conversa\u021bia.<\/li>\n<li>Pune\u021bi \u00eentreb\u0103ri. Oamenilor le place s\u0103 vorbeasc\u0103 despre ei \u00een\u0219i\u0219i, a\u0219a c\u0103 pune\u021bi o mul\u021bime de \u00eentreb\u0103ri pentru a-i face pe ceilal\u021bi s\u0103 vorbeasc\u0103. Ve\u021bi afla astfel tot felul de lucruri interesante despre ei.<\/li>\n<li>Fi\u021bi un ascult\u0103tor activ. Fi\u021bi cu adev\u0103rat atent la ceea ce spune cealalt\u0103 persoan\u0103 \u0219i ve\u021bi construi rapid o rela\u021bie cu ea.<\/li>\n<li>Sim\u021bi\u021bi-v\u0103 bine! Discu\u021biile cu str\u0103inii pot fi foarte distractive, a\u0219a c\u0103 relaxa\u021bi-v\u0103 \u0219i bucura\u021bi-v\u0103 de experien\u021b\u0103.<\/li>\n<\/ol>\n<h2>Riscurile de a vorbi cu str\u0103inii pe ulive chat<\/h2>\n<p>C\u00e2nd vorbe\u0219ti cu cineva pe ulive-chat, nu e\u0219ti niciodat\u0103 sigur cine este. Ar putea fi oricine, de oriunde din lume, \u0219i nu \u0219tii care sunt inten\u021biile lor. De\u0219i este minunat s\u0103 cuno\u0219ti oameni noi \u0219i s\u0103 ai conversa\u021bii amuzante, trebuie s\u0103 fii con\u0219tient de riscurile pe care le implic\u0103 discu\u021biile online cu str\u0103inii. Iat\u0103 c\u00e2teva lucruri de care trebuie s\u0103 \u021bine\u021bi cont:<\/p>\n<ol>\n<li>Nu \u0219ti\u021bi cine sunt. Persoana cu care vorbe\u0219ti ar putea min\u021bi cu privire la identitatea sa. Ar putea pretinde c\u0103 este cineva care nu este, sau ar putea folosi o imagine de profil fals\u0103. Fi\u021bi prudent atunci c\u00e2nd \u00eemp\u0103rt\u0103\u0219i\u021bi informa\u021bii personale cu o persoan\u0103 pe care nu o cunoa\u0219te\u021bi.<\/li>\n<li>Ar putea \u00eencerca s\u0103 v\u0103 \u00een\u0219ele. Din nefericire, exist\u0103 oameni care \u00eencearc\u0103 s\u0103 profite de al\u021bii, p\u0103c\u0103lindu-i s\u0103 trimit\u0103 bani sau s\u0103 \u00eemp\u0103rt\u0103\u0219easc\u0103 informa\u021bii personale. Dac\u0103 cineva de pe ulive-chat \u00ee\u021bi cere bani sau num\u0103rul cardului t\u0103u de credit, ai grij\u0103!<\/li>\n<li>Ai putea dezv\u0103lui prea multe despre tine. Atunci c\u00e2nd vorbe\u0219ti cu cineva pe care nu \u00eel cuno\u0219ti, este u\u0219or s\u0103 te la\u0219i prins \u00een conversa\u021bie \u0219i s\u0103 dezv\u0103lui mai mult dec\u00e2t ai inten\u021bionat. Fii atent la ceea ce \u00eemp\u0103rt\u0103\u0219e\u0219ti \u0219i nu dezv\u0103lui<\/li>\n<\/ol>\n<h2>Este sigur de utilizat?<\/h2>\n<p>Dac\u0103 v\u0103 \u00eentreba\u021bi dac\u0103 este sigur s\u0103 folosi\u021bi ulive-chat pentru a vorbi cu str\u0103inii, r\u0103spunsul este: depinde. De\u0219i ulive-chat dispune de unele m\u0103suri de siguran\u021b\u0103, cum ar fi permiterea folosirii site-ului numai de c\u0103tre utilizatorii care au peste 18 ani, exist\u0103 \u00eentotdeauna un risc atunci c\u00e2nd vorbe\u0219ti online cu persoane pe care nu le cuno\u0219ti.<\/p>\n<p>Acestea fiind spuse, dac\u0103 folosi\u021bi bunul sim\u021b \u0219i lua\u021bi c\u00e2teva m\u0103suri de precau\u021bie de baz\u0103, cum ar fi s\u0103 nu \u00eemp\u0103rt\u0103\u0219i\u021bi informa\u021bii personale sau s\u0103 v\u0103 \u00eent\u00e2lni\u021bi cu str\u0103ini \u00een persoan\u0103, atunci ar trebui s\u0103 fi\u021bi \u00een siguran\u021b\u0103. At\u00e2t timp c\u00e2t sunte\u021bi con\u0219tient de riscuri, utilizarea ulive-chat pentru a vorbi cu str\u0103inii poate fi o experien\u021b\u0103 distractiv\u0103 \u0219i interesant\u0103.<\/p>\n<h2>Concluzie<\/h2>\n<p>Dac\u0103 sunte\u021bi \u00een c\u0103utarea unei modalit\u0103\u021bi distractive \u0219i u\u0219oare de a intra \u00een contact cu oameni noi, atunci ulive-chat merit\u0103 cu siguran\u021b\u0103 verificat. Cea mai bun\u0103 parte este c\u0103 nu exist\u0103 str\u0103ini pe ulive-chat - toat\u0103 lumea este acolo pentru a discuta \u0219i a se sim\u021bi bine. A\u0219a c\u0103 da\u021bi-i drumul \u0219i \u00eencerca\u021bi - s-ar putea s\u0103 v\u0103 face\u021bi prieteni noi.<\/p>","protected":false},"excerpt":{"rendered":"<p>In these days of social distancing, it can be hard to find ways to connect with others. But there&#8217;s one place you can always go to talk with strangers: ulive-chat. On ulive-chat, you can chat with people from all over the world about anything and everything. So come on in and start chatting! What is [&hellip;]<\/p>\n","protected":false},"author":6,"featured_media":559,"parent":0,"menu_order":0,"comment_status":"closed","ping_status":"closed","template":"","meta":{"footnotes":""},"class_list":["post-11167","page","type-page","status-publish","has-post-thumbnail","hentry"],"yoast_head":"<!-- This site is optimized with the Yoast SEO plugin v27.4 - https:\/\/yoast.com\/product\/yoast-seo-wordpress\/ -->\n<title>Ulive Chat - Chat with strangers on StrangerCam.com<\/title>\n<meta name=\"description\" content=\"Like Ulive Chat? Come chat with more than 5.000.000 strangers on Stranger Cam for Free! Turn on your cam and find new friends &amp; maby a match!\" \/>\n<meta name=\"robots\" content=\"index, follow, max-snippet:-1, max-image-preview:large, max-video-preview:-1\" \/>\n<link rel=\"canonical\" href=\"https:\/\/strangercam.com\/ro\/ulive-chat\/\" \/>\n<meta property=\"og:locale\" content=\"ro_RO\" \/>\n<meta property=\"og:type\" content=\"article\" \/>\n<meta property=\"og:title\" content=\"Ulive Chat - Chat with strangers on StrangerCam.com\" \/>\n<meta property=\"og:description\" content=\"Like Ulive Chat? Come chat with more than 5.000.000 strangers on Stranger Cam for Free! Turn on your cam and find new friends &amp; maby a match!\" \/>\n<meta property=\"og:url\" content=\"https:\/\/strangercam.com\/ro\/ulive-chat\/\" \/>\n<meta property=\"og:site_name\" content=\"Strangercam\" \/>\n<meta property=\"article:publisher\" content=\"https:\/\/www.facebook.com\/strangercam\" \/>\n<meta property=\"article:modified_time\" content=\"2023-08-21T10:48:49+00:00\" \/>\n<meta property=\"og:image\" content=\"https:\/\/strangercam.com\/wp-content\/uploads\/2020\/11\/stranger-cam-1.png\" \/>\n\t<meta property=\"og:image:width\" content=\"800\" \/>\n\t<meta property=\"og:image:height\" content=\"800\" \/>\n\t<meta property=\"og:image:type\" content=\"image\/png\" \/>\n<meta name=\"twitter:card\" content=\"summary_large_image\" \/>\n<meta name=\"twitter:site\" content=\"@strangercamapp\" \/>\n<meta name=\"twitter:label1\" content=\"Timp estimat pentru citire\" \/>\n\t<meta name=\"twitter:data1\" content=\"6 minute\" \/>\n<script type=\"application\/ld+json\" class=\"yoast-schema-graph\">{\"@context\":\"https:\\\/\\\/schema.org\",\"@graph\":[{\"@type\":\"WebPage\",\"@id\":\"https:\\\/\\\/strangercam.com\\\/ulive-chat\\\/\",\"url\":\"https:\\\/\\\/strangercam.com\\\/ulive-chat\\\/\",\"name\":\"Ulive Chat - Chat with strangers on StrangerCam.com\",\"isPartOf\":{\"@id\":\"https:\\\/\\\/strangercam.com\\\/#website\"},\"primaryImageOfPage\":{\"@id\":\"https:\\\/\\\/strangercam.com\\\/ulive-chat\\\/#primaryimage\"},\"image\":{\"@id\":\"https:\\\/\\\/strangercam.com\\\/ulive-chat\\\/#primaryimage\"},\"thumbnailUrl\":\"https:\\\/\\\/strangercam.com\\\/wp-content\\\/uploads\\\/2020\\\/11\\\/stranger-cam-1.png\",\"datePublished\":\"2022-08-11T13:18:17+00:00\",\"dateModified\":\"2023-08-21T10:48:49+00:00\",\"description\":\"Like Ulive Chat? Come chat with more than 5.000.000 strangers on Stranger Cam for Free! Turn on your cam and find new friends & maby a match!\",\"breadcrumb\":{\"@id\":\"https:\\\/\\\/strangercam.com\\\/ulive-chat\\\/#breadcrumb\"},\"inLanguage\":\"ro-RO\",\"potentialAction\":[{\"@type\":\"ReadAction\",\"target\":[\"https:\\\/\\\/strangercam.com\\\/ulive-chat\\\/\"]}]},{\"@type\":\"ImageObject\",\"inLanguage\":\"ro-RO\",\"@id\":\"https:\\\/\\\/strangercam.com\\\/ulive-chat\\\/#primaryimage\",\"url\":\"https:\\\/\\\/strangercam.com\\\/wp-content\\\/uploads\\\/2020\\\/11\\\/stranger-cam-1.png\",\"contentUrl\":\"https:\\\/\\\/strangercam.com\\\/wp-content\\\/uploads\\\/2020\\\/11\\\/stranger-cam-1.png\",\"width\":800,\"height\":800,\"caption\":\"stranger cam random video chat\"},{\"@type\":\"BreadcrumbList\",\"@id\":\"https:\\\/\\\/strangercam.com\\\/ulive-chat\\\/#breadcrumb\",\"itemListElement\":[{\"@type\":\"ListItem\",\"position\":1,\"name\":\"Home\",\"item\":\"https:\\\/\\\/strangercam.com\\\/\"},{\"@type\":\"ListItem\",\"position\":2,\"name\":\"Ulive Chat\"}]},{\"@type\":\"WebSite\",\"@id\":\"https:\\\/\\\/strangercam.com\\\/#website\",\"url\":\"https:\\\/\\\/strangercam.com\\\/\",\"name\":\"Strangercam\",\"description\":\"Random Video Chat with Strangers\",\"publisher\":{\"@id\":\"https:\\\/\\\/strangercam.com\\\/#organization\"},\"alternateName\":\"Strangercam.com\",\"potentialAction\":[{\"@type\":\"SearchAction\",\"target\":{\"@type\":\"EntryPoint\",\"urlTemplate\":\"https:\\\/\\\/strangercam.com\\\/?s={search_term_string}\"},\"query-input\":{\"@type\":\"PropertyValueSpecification\",\"valueRequired\":true,\"valueName\":\"search_term_string\"}}],\"inLanguage\":\"ro-RO\"},{\"@type\":\"Organization\",\"@id\":\"https:\\\/\\\/strangercam.com\\\/#organization\",\"name\":\"Strangercam\",\"alternateName\":\"Strangercam.com\",\"url\":\"https:\\\/\\\/strangercam.com\\\/\",\"logo\":{\"@type\":\"ImageObject\",\"inLanguage\":\"ro-RO\",\"@id\":\"https:\\\/\\\/strangercam.com\\\/#\\\/schema\\\/logo\\\/image\\\/\",\"url\":\"https:\\\/\\\/strangercam.com\\\/wp-content\\\/uploads\\\/2020\\\/11\\\/cropped-new-favicon-black.png\",\"contentUrl\":\"https:\\\/\\\/strangercam.com\\\/wp-content\\\/uploads\\\/2020\\\/11\\\/cropped-new-favicon-black.png\",\"width\":512,\"height\":512,\"caption\":\"Strangercam\"},\"image\":{\"@id\":\"https:\\\/\\\/strangercam.com\\\/#\\\/schema\\\/logo\\\/image\\\/\"},\"sameAs\":[\"https:\\\/\\\/www.facebook.com\\\/strangercam\",\"https:\\\/\\\/x.com\\\/strangercamapp\"]}]}<\/script>\n<!-- \/ Yoast SEO plugin. -->","yoast_head_json":{"title":"Ulive Chat - Converseaz\u0103 cu str\u0103inii pe StrangerCam.com","description":"\u00ce\u021bi place Ulive Chat? Vino s\u0103 vorbe\u0219ti cu mai mult de 5.000.000 de str\u0103ini pe Stranger Cam gratuit! Porne\u0219te-\u021bi camera \u0219i g\u0103se\u0219te prieteni noi \u0219i poate o pereche!","robots":{"index":"index","follow":"follow","max-snippet":"max-snippet:-1","max-image-preview":"max-image-preview:large","max-video-preview":"max-video-preview:-1"},"canonical":"https:\/\/strangercam.com\/ro\/ulive-chat\/","og_locale":"ro_RO","og_type":"article","og_title":"Ulive Chat - Chat with strangers on StrangerCam.com","og_description":"Like Ulive Chat? Come chat with more than 5.000.000 strangers on Stranger Cam for Free! Turn on your cam and find new friends & maby a match!","og_url":"https:\/\/strangercam.com\/ro\/ulive-chat\/","og_site_name":"Strangercam","article_publisher":"https:\/\/www.facebook.com\/strangercam","article_modified_time":"2023-08-21T10:48:49+00:00","og_image":[{"width":800,"height":800,"url":"https:\/\/strangercam.com\/wp-content\/uploads\/2020\/11\/stranger-cam-1.png","type":"image\/png"}],"twitter_card":"summary_large_image","twitter_site":"@strangercamapp","twitter_misc":{"Timp estimat pentru citire":"6 minute"},"schema":{"@context":"https:\/\/schema.org","@graph":[{"@type":"WebPage","@id":"https:\/\/strangercam.com\/ulive-chat\/","url":"https:\/\/strangercam.com\/ulive-chat\/","name":"Ulive Chat - Converseaz\u0103 cu str\u0103inii pe StrangerCam.com","isPartOf":{"@id":"https:\/\/strangercam.com\/#website"},"primaryImageOfPage":{"@id":"https:\/\/strangercam.com\/ulive-chat\/#primaryimage"},"image":{"@id":"https:\/\/strangercam.com\/ulive-chat\/#primaryimage"},"thumbnailUrl":"https:\/\/strangercam.com\/wp-content\/uploads\/2020\/11\/stranger-cam-1.png","datePublished":"2022-08-11T13:18:17+00:00","dateModified":"2023-08-21T10:48:49+00:00","description":"\u00ce\u021bi place Ulive Chat? Vino s\u0103 vorbe\u0219ti cu mai mult de 5.000.000 de str\u0103ini pe Stranger Cam gratuit! Porne\u0219te-\u021bi camera \u0219i g\u0103se\u0219te prieteni noi \u0219i poate o pereche!","breadcrumb":{"@id":"https:\/\/strangercam.com\/ulive-chat\/#breadcrumb"},"inLanguage":"ro-RO","potentialAction":[{"@type":"ReadAction","target":["https:\/\/strangercam.com\/ulive-chat\/"]}]},{"@type":"ImageObject","inLanguage":"ro-RO","@id":"https:\/\/strangercam.com\/ulive-chat\/#primaryimage","url":"https:\/\/strangercam.com\/wp-content\/uploads\/2020\/11\/stranger-cam-1.png","contentUrl":"https:\/\/strangercam.com\/wp-content\/uploads\/2020\/11\/stranger-cam-1.png","width":800,"height":800,"caption":"stranger cam random video chat"},{"@type":"BreadcrumbList","@id":"https:\/\/strangercam.com\/ulive-chat\/#breadcrumb","itemListElement":[{"@type":"ListItem","position":1,"name":"Home","item":"https:\/\/strangercam.com\/"},{"@type":"ListItem","position":2,"name":"Ulive Chat"}]},{"@type":"WebSite","@id":"https:\/\/strangercam.com\/#website","url":"https:\/\/strangercam.com\/","name":"Strangercam","description":"Chat video aleatoriu cu str\u0103ini","publisher":{"@id":"https:\/\/strangercam.com\/#organization"},"alternateName":"Strangercam.com","potentialAction":[{"@type":"SearchAction","target":{"@type":"EntryPoint","urlTemplate":"https:\/\/strangercam.com\/?s={search_term_string}"},"query-input":{"@type":"PropertyValueSpecification","valueRequired":true,"valueName":"search_term_string"}}],"inLanguage":"ro-RO"},{"@type":"Organization","@id":"https:\/\/strangercam.com\/#organization","name":"Strangercam","alternateName":"Strangercam.com","url":"https:\/\/strangercam.com\/","logo":{"@type":"ImageObject","inLanguage":"ro-RO","@id":"https:\/\/strangercam.com\/#\/schema\/logo\/image\/","url":"https:\/\/strangercam.com\/wp-content\/uploads\/2020\/11\/cropped-new-favicon-black.png","contentUrl":"https:\/\/strangercam.com\/wp-content\/uploads\/2020\/11\/cropped-new-favicon-black.png","width":512,"height":512,"caption":"Strangercam"},"image":{"@id":"https:\/\/strangercam.com\/#\/schema\/logo\/image\/"},"sameAs":["https:\/\/www.facebook.com\/strangercam","https:\/\/x.com\/strangercamapp"]}]}},"_links":{"self":[{"href":"https:\/\/strangercam.com\/ro\/wp-json\/wp\/v2\/pages\/11167","targetHints":{"allow":["GET"]}}],"collection":[{"href":"https:\/\/strangercam.com\/ro\/wp-json\/wp\/v2\/pages"}],"about":[{"href":"https:\/\/strangercam.com\/ro\/wp-json\/wp\/v2\/types\/page"}],"author":[{"embeddable":true,"href":"https:\/\/strangercam.com\/ro\/wp-json\/wp\/v2\/users\/6"}],"replies":[{"embeddable":true,"href":"https:\/\/strangercam.com\/ro\/wp-json\/wp\/v2\/comments?post=11167"}],"version-history":[{"count":0,"href":"https:\/\/strangercam.com\/ro\/wp-json\/wp\/v2\/pages\/11167\/revisions"}],"wp:featuredmedia":[{"embeddable":true,"href":"https:\/\/strangercam.com\/ro\/wp-json\/wp\/v2\/media\/559"}],"wp:attachment":[{"href":"https:\/\/strangercam.com\/ro\/wp-json\/wp\/v2\/media?parent=11167"}],"curies":[{"name":"wp","href":"https:\/\/api.w.org\/{rel}","templated":true}]}}