{"id":11154,"date":"2022-08-11T15:12:40","date_gmt":"2022-08-11T13:12:40","guid":{"rendered":"https:\/\/strangercam.com\/?page_id=11154"},"modified":"2023-08-21T12:24:41","modified_gmt":"2023-08-21T10:24:41","slug":"chatride","status":"publish","type":"page","link":"https:\/\/strangercam.com\/ro\/chatride\/","title":{"rendered":"Chatride"},"content":{"rendered":"<p>Video aleatoriu <a href=\"https:\/\/strangercam.com\/ro\/chatroulette\/\">chat<\/a> este noua tendin\u021b\u0103, iar Chatride este una dintre cele mai populare platforme de videochat aleatoriu. Dac\u0103 dori\u021bi s\u0103 afla\u021bi toate detaliile despre Chatride, continua\u021bi s\u0103 citi\u021bi, aici, \u00een acest articol vom acoperi toate detaliile pe care trebuie s\u0103 le \u0219ti\u021bi \u00eenainte de a utiliza aceast\u0103 platform\u0103.<\/p>\n<h2>Ce este chatride?<\/h2>\n<p>Chatride este un nou mod de a conversa cu prietenii \u0219i familia. Este o modalitate excelent\u0103 de a r\u0103m\u00e2ne conectat cu cei dragi, indiferent dac\u0103 sunte\u021bi aproape sau departe. Pute\u021bi utiliza Chatride pentru a discuta cu oricine din lume, cu condi\u021bia s\u0103 aib\u0103 o conexiune la internet. Tot ce ave\u021bi nevoie este un browser web \u0219i un cont la Chatride.Odat\u0103 ce v-a\u021bi conectat, pute\u021bi \u00eencepe s\u0103 discuta\u021bi imediat. Trebuie doar s\u0103 introduce\u021bi mesajul dvs. \u0219i s\u0103 ap\u0103sa\u021bi butonul Trimite. Mesajul dvs. va ap\u0103rea \u00een fereastra de chat pentru ca toat\u0103 lumea s\u0103 \u00eel vad\u0103. De asemenea, pute\u021bi ad\u0103uga prieteni \u0219i rude la chat, astfel \u00eenc\u00e2t ace\u0219tia s\u0103 poat\u0103 participa la conversa\u021bie. Deci, ce mai a\u0219tepta\u021bi? \u00cencepe\u021bi ast\u0103zi s\u0103 discuta\u021bi cu cei dragi!<\/p>\n<h2>Care sunt beneficiile chatride?<\/h2>\n<p>Unele beneficii ale Chatride includ:<\/p>\n<ul>\n<li style=\"font-weight: 400;\" aria-level=\"1\">Este o modalitate excelent\u0103 de a <a href=\"https:\/\/strangercam.com\/ro\/coomeet\/\">\u00eent\u00e2lnire<\/a> oameni noi din \u00eentreaga lume.<\/li>\n<li style=\"font-weight: 400;\" aria-level=\"1\">Pute\u021bi \u00eenv\u0103\u021ba despre diferite culturi \u0219i stiluri de via\u021b\u0103.<\/li>\n<li style=\"font-weight: 400;\" aria-level=\"1\">V\u0103 pute\u021bi exersa competen\u021bele lingvistice cu vorbitori nativi.<\/li>\n<li style=\"font-weight: 400;\" aria-level=\"1\">Este o modalitate distractiv\u0103 \u0219i u\u0219oar\u0103 de a-\u021bi face noi prieteni.<\/li>\n<\/ul>\n<h2>Cum s\u0103 utiliza\u021bi chatride?<\/h2>\n<p>Chatride este o modalitate nou\u0103 \u0219i revolu\u021bionar\u0103 de a conversa cu persoane aleatorii din \u00eentreaga lume. Iat\u0103 un ghid rapid despre cum s\u0103 utiliza\u021bi Chatride:<\/p>\n<ul>\n<li style=\"font-weight: 400;\" aria-level=\"1\">\u00cen primul r\u00e2nd, desc\u0103rca\u021bi aplica\u021bia din magazinul dvs. de aplica\u021bii (disponibil\u0103 at\u00e2t pentru iPhone, c\u00e2t \u0219i pentru Android).<\/li>\n<li style=\"font-weight: 400;\" aria-level=\"1\">Dup\u0103 ce a\u021bi instalat aplica\u021bia, deschide\u021bi-o \u0219i crea\u021bi-v\u0103 un cont. Va trebui s\u0103 v\u0103 furniza\u021bi numele, adresa de e-mail \u0219i o parol\u0103.<\/li>\n<li style=\"font-weight: 400;\" aria-level=\"1\">Odat\u0103 ce te-ai conectat, vei putea \u00eencepe s\u0103 discu\u021bi cu persoane aleatorii. Chatride \u00ee\u021bi va g\u0103si cel mai bun partener \u00een func\u021bie de<\/li>\n<\/ul>\n<h2>Sfaturi pentru a \u00eencepe pe chatride?<\/h2>\n<p>Iat\u0103 c\u00e2teva sfaturi pentru a \u00eencepe:<\/p>\n<ol>\n<li style=\"font-weight: 400;\" aria-level=\"1\">Utiliza\u021bi bara de c\u0103utare: Bara de c\u0103utare este cel mai bun prieten al t\u0103u pe Chatride. O pute\u021bi folosi pentru a g\u0103si persoane cu interese similare cu ale dvs. sau pentru a g\u0103si subiecte care v\u0103 intereseaz\u0103.<\/li>\n<li style=\"font-weight: 400;\" aria-level=\"1\">Conecteaz\u0103-te cu oamenii: Chatride \u00eenseamn\u0103 s\u0103 te conectezi cu oamenii. a\u0219a c\u0103 nu fi timid, \u00eentinde m\u00e2na \u0219i \u00eencepe s\u0103 vorbe\u0219ti cu cineva. Nu \u0219tii niciodat\u0103 pe cine vei \u00eent\u00e2lni!<\/li>\n<li style=\"font-weight: 400;\" aria-level=\"1\">Join grupuri: Grupurile sunt o modalitate excelent\u0103 de a cunoa\u0219te oameni noi \u0219i de a g\u0103si persoane care g\u00e2ndesc la fel. Dac\u0103 exist\u0103 un grup care v\u0103 intereseaz\u0103, al\u0103tura\u021bi-v\u0103 acestuia \u0219i \u00eencepe\u021bi s\u0103 discuta\u021bi!<\/li>\n<li style=\"font-weight: 400;\" aria-level=\"1\">Folosi\u021bi s\u0103lile de chat: Camerele de chat de pe Chatride sunt locuri minunate pentru a cunoa\u0219te oameni noi \u0219i pentru a purta conversa\u021bii distractive. A\u0219a c\u0103 da\u021bi-i drumul \u0219i intra\u021bi!<\/li>\n<li style=\"font-weight: 400;\" aria-level=\"1\">Distreaz\u0103-te!: Acesta este cel mai important sfat dintre toate.<\/li>\n<\/ol>\n<h2>Avantaje \u0219i dezavantaje ale chatride<\/h2>\n<h4>Avantaje:<\/h4>\n<ul>\n<li style=\"font-weight: 400;\" aria-level=\"1\">Desc\u0103rcare \u0219i utilizare gratuit\u0103<\/li>\n<li style=\"font-weight: 400;\" aria-level=\"1\">Pute\u021bi intra \u00een contact cu persoane din \u00eentreaga lume<\/li>\n<li style=\"font-weight: 400;\" aria-level=\"1\">Calitatea video \u0219i audio este bun\u0103<\/li>\n<li style=\"font-weight: 400;\" aria-level=\"1\">Are o varietate de func\u021bii, cum ar fi text, voce \u0219i <a href=\"https:\/\/strangercam.com\/ro\/apel-video-american-aleatoriu\/\">apel video<\/a>, chat de grup, etc.<\/li>\n<\/ul>\n<h4>Cons:<\/h4>\n<ol>\n<li style=\"font-weight: 400;\" aria-level=\"1\">Aplica\u021bia poate fi defectuoas\u0103 uneori<\/li>\n<li style=\"font-weight: 400;\" aria-level=\"1\">Conexiunea poate fi pierdut\u0103 cu u\u0219urin\u021b\u0103<\/li>\n<\/ol>\n<h2>Chatride vs. alte platforme de comunicare<\/h2>\n<p>Exist\u0103 o mul\u021bime de platforme de comunicare, dar Chatride este cu siguran\u021b\u0103 una dintre cele mai bune. Iat\u0103 de ce:<\/p>\n<ul>\n<li style=\"font-weight: 400;\" aria-level=\"1\">Chatride este incredibil de u\u0219or de utilizat. Nu trebuie s\u0103 fi\u021bi un expert \u00een tehnologie pentru a-l utiliza - oricine \u00eel poate lua \u00een m\u00e2n\u0103 \u0219i poate \u00eencepe s\u0103 vorbeasc\u0103 \u00een c\u00e2teva minute.<\/li>\n<li style=\"font-weight: 400;\" aria-level=\"1\">Chatride este complet gratuit de utilizat. Nu exist\u0103 costuri ascunse sau taxe de abonament - pute\u021bi discuta c\u00e2t de mult dori\u021bi, f\u0103r\u0103 s\u0103 v\u0103 face\u021bi griji pentru portofelul dvs.<\/li>\n<li style=\"font-weight: 400;\" aria-level=\"1\">Chatride este extrem de rapid \u0219i fiabil. Nu va trebui niciodat\u0103 s\u0103 v\u0103 face\u021bi griji cu privire la \u00eent\u00e2rzieri sau probleme de conexiune atunci c\u00e2nd utiliza\u021bi Chatride.<\/li>\n<li style=\"font-weight: 400;\" aria-level=\"1\">Chatride ofer\u0103 o mare selec\u021bie de caracteristici \u0219i op\u021biuni. Fie c\u0103 sunte\u021bi \u00een c\u0103utarea unui chat de grup sau a unei mesagerii private, Chatride are tot ce v\u0103 trebuie.<\/li>\n<li style=\"font-weight: 400;\" aria-level=\"1\">Chatride este actualizat\u0103 constant cu noi caracteristici \u0219i \u00eembun\u0103t\u0103\u021biri. Echipa din spatele Chatride lucreaz\u0103 mereu din greu pentru a se asigura c\u0103 platforma este cea mai bun\u0103 posibil.<\/li>\n<\/ul>\n<p>Dac\u0103 sunte\u021bi \u00een c\u0103utarea unei platforme de comunicare care s\u0103 \u00eendeplineasc\u0103 toate condi\u021biile, atunci nu c\u0103uta\u021bi mai departe de Chatride!<\/p>\n<h2>De ce Chatride este o platform\u0103 de video chat aleatorie at\u00e2t de popular\u0103?<\/h2>\n<p>Exist\u0103 o mul\u021bime de motive pentru care Chatride este o platform\u0103 de videochat aleatoriu at\u00e2t de popular\u0103. \u00cen primul r\u00e2nd, este complet gratuit de utilizat. Nu trebuie s\u0103 v\u0103 crea\u021bi un cont sau s\u0103 pl\u0103ti\u021bi vreo tax\u0103 pentru a \u00eencepe s\u0103 discuta\u021bi.<\/p>\n<p>Un alt motiv este c\u0103 Chatride este incredibil de u\u0219or de utilizat. Tot ce trebuie s\u0103 face\u021bi este s\u0103 accesa\u021bi site-ul \u0219i s\u0103 face\u021bi clic pe butonul \u201cstart chatting\u201d. Ve\u021bi fi conectat instantaneu cu un str\u0103in aleatoriu de oriunde din lume.<\/p>\n<p>Interfa\u021ba de chat este, de asemenea, foarte u\u0219or de utilizat. Este u\u0219or s\u0103 tasta\u021bi mesaje sau chiar s\u0103 trimite\u021bi emoji \u0219i autocolante. Dac\u0103 dori\u021bi s\u0103 vede\u021bi persoana cu care vorbi\u021bi, pute\u021bi activa func\u021bia de camer\u0103 web cu doar c\u00e2teva clicuri.<\/p>\n<p>\u00cen cele din urm\u0103, Chatride este una dintre cele mai populare platforme de chat aleatoriu, deoarece ofer\u0103 o mare varietate de caracteristici. \u00cen plus fa\u021b\u0103 de text \u0219i <a href=\"https:\/\/strangercam.com\/ro\/rabbit-video-chat\/\">chat video<\/a>, De asemenea, pute\u021bi juca jocuri, partaja fotografii \u0219i chiar folosi chat-ul vocal. Exist\u0103 ceva pentru toat\u0103 lumea pe Chatride!<\/p>\n<h2>Este sigur de utilizat?<\/h2>\n<p>C\u00e2nd vine vorba de chat online, dori\u021bi s\u0103 v\u0103 asigura\u021bi c\u0103 utiliza\u021bi o platform\u0103 sigur\u0103 \u0219i securizat\u0103. Chatride este o op\u021biune excelent\u0103 pentru cei care caut\u0103 o modalitate sigur\u0103 \u0219i securizat\u0103 de a conversa online. Site-ul utilizeaz\u0103 criptarea SSL pentru a v\u0103 proteja informa\u021biile, iar toate camerele de chat sunt moderate de membri ai personalului. De asemenea, pute\u021bi configura un profil personal, astfel \u00eenc\u00e2t numai persoanele pe care le cunoa\u0219te\u021bi s\u0103 v\u0103 poat\u0103 contacta.<\/p>\n<h2>Cum s\u0103 fii \u00een siguran\u021b\u0103 \u00een timp ce folose\u0219ti orice platform\u0103 de video chat aleatorie?<\/h2>\n<p>Cele mai multe <a href=\"https:\/\/strangercam.com\/ro\/chathub\/\">chat video aleatoriu<\/a> platformele sunt sigure de utilizat. Cu toate acestea, exist\u0103 c\u00e2teva lucruri pe care le pute\u021bi face pentru a v\u0103 asigura siguran\u021ba \u00een timpul utiliz\u0103rii acestor platforme. Iat\u0103 c\u00e2teva sfaturi:<\/p>\n<ul>\n<li style=\"font-weight: 400;\" aria-level=\"1\">Evita\u021bi s\u0103 \u00eemp\u0103rt\u0103\u0219i\u021bi informa\u021bii personale cu orice persoan\u0103 pe care o \u00eent\u00e2lni\u021bi pe o platform\u0103 de videochat aleatorie. Acestea includ numele dvs. complet, adresa, num\u0103rul de telefon, adresa de e-mail etc.<\/li>\n<li style=\"font-weight: 400;\" aria-level=\"1\">Dac\u0103 cineva pe care \u00eel \u00eent\u00e2lni\u021bi pe o platform\u0103 de videochat aleatorie v\u0103 cere informa\u021bii personale, nu i le oferi\u021bi.<\/li>\n<li style=\"font-weight: 400;\" aria-level=\"1\">Nu v\u0103 \u00eent\u00e2lni\u021bi personal cu nicio persoan\u0103 pe care o \u00eent\u00e2lni\u021bi pe o platform\u0103 de videochat aleatorie.<\/li>\n<li style=\"font-weight: 400;\" aria-level=\"1\">Nu trimite\u021bi bani niciunei persoane pe care o \u00eent\u00e2lni\u021bi pe o platform\u0103 de videochat aleatorie.<\/li>\n<li style=\"font-weight: 400;\" aria-level=\"1\">Dac\u0103 cineva pe care \u00eel \u00eent\u00e2lni\u021bi pe o platform\u0103 de videochat aleatorie v\u0103 cere bani, nu-i da\u021bi.<\/li>\n<\/ul>\n<h2>Concluzie<\/h2>\n<p>\u00cen general, Chatride este o modalitate excelent\u0103 de a r\u0103m\u00e2ne conectat cu prietenii \u0219i familia din \u00eentreaga lume. Cea mai bun\u0103 parte este c\u0103 utilizarea este gratuit\u0103, a\u0219a c\u0103 nu trebuie s\u0103 v\u0103 face\u021bi griji cu privire la cheltuirea banilor. De asemenea, pute\u021bi crea chat-uri de grup, astfel \u00eenc\u00e2t s\u0103 pute\u021bi r\u0103m\u00e2ne \u00een contact cu mai multe persoane simultan. Deci, ce mai a\u0219tepta\u021bi? Da\u021bi-i drumul \u0219i desc\u0103rca\u021bi Chatride ast\u0103zi!<\/p>","protected":false},"excerpt":{"rendered":"<p>Random video chat is the new trend, and Chatride is one of the most popular random video chatting platform. If you want to know all the details about Chatride keep on reading, Here in this article we are going to cover the all details which you need to know before using this platform. What is [&hellip;]<\/p>\n","protected":false},"author":6,"featured_media":559,"parent":0,"menu_order":0,"comment_status":"closed","ping_status":"closed","template":"","meta":{"footnotes":""},"class_list":["post-11154","page","type-page","status-publish","has-post-thumbnail","hentry"],"yoast_head":"<!-- This site is optimized with the Yoast SEO plugin v26.9 - https:\/\/yoast.com\/product\/yoast-seo-wordpress\/ -->\n<title>Chatride - Chat with strangers on StrangerCam.com<\/title>\n<meta name=\"description\" content=\"Like Chatride? Come chat with more than 5.000.000 strangers on Stranger Cam for Free! Turn on your cam and find new friends &amp; maby a match!\" \/>\n<meta name=\"robots\" content=\"index, follow, max-snippet:-1, max-image-preview:large, max-video-preview:-1\" \/>\n<link rel=\"canonical\" href=\"https:\/\/strangercam.com\/ro\/chatride\/\" \/>\n<meta property=\"og:locale\" content=\"ro_RO\" \/>\n<meta property=\"og:type\" content=\"article\" \/>\n<meta property=\"og:title\" content=\"Chatride - Chat with strangers on StrangerCam.com\" \/>\n<meta property=\"og:description\" content=\"Like Chatride? Come chat with more than 5.000.000 strangers on Stranger Cam for Free! Turn on your cam and find new friends &amp; maby a match!\" \/>\n<meta property=\"og:url\" content=\"https:\/\/strangercam.com\/ro\/chatride\/\" \/>\n<meta property=\"og:site_name\" content=\"Strangercam\" \/>\n<meta property=\"article:publisher\" content=\"https:\/\/www.facebook.com\/strangercam\" \/>\n<meta property=\"article:modified_time\" content=\"2023-08-21T10:24:41+00:00\" \/>\n<meta property=\"og:image\" content=\"https:\/\/strangercam.com\/wp-content\/uploads\/2020\/11\/stranger-cam-1.png\" \/>\n\t<meta property=\"og:image:width\" content=\"800\" \/>\n\t<meta property=\"og:image:height\" content=\"800\" \/>\n\t<meta property=\"og:image:type\" content=\"image\/png\" \/>\n<meta name=\"twitter:card\" content=\"summary_large_image\" \/>\n<meta name=\"twitter:site\" content=\"@strangercamapp\" \/>\n<meta name=\"twitter:label1\" content=\"Timp estimat pentru citire\" \/>\n\t<meta name=\"twitter:data1\" content=\"5 minute\" \/>\n<script type=\"application\/ld+json\" class=\"yoast-schema-graph\">{\"@context\":\"https:\/\/schema.org\",\"@graph\":[{\"@type\":\"WebPage\",\"@id\":\"https:\/\/strangercam.com\/chatride\/\",\"url\":\"https:\/\/strangercam.com\/chatride\/\",\"name\":\"Chatride - Chat with strangers on StrangerCam.com\",\"isPartOf\":{\"@id\":\"https:\/\/strangercam.com\/#website\"},\"primaryImageOfPage\":{\"@id\":\"https:\/\/strangercam.com\/chatride\/#primaryimage\"},\"image\":{\"@id\":\"https:\/\/strangercam.com\/chatride\/#primaryimage\"},\"thumbnailUrl\":\"https:\/\/strangercam.com\/wp-content\/uploads\/2020\/11\/stranger-cam-1.png\",\"datePublished\":\"2022-08-11T13:12:40+00:00\",\"dateModified\":\"2023-08-21T10:24:41+00:00\",\"description\":\"Like Chatride? Come chat with more than 5.000.000 strangers on Stranger Cam for Free! Turn on your cam and find new friends & maby a match!\",\"breadcrumb\":{\"@id\":\"https:\/\/strangercam.com\/chatride\/#breadcrumb\"},\"inLanguage\":\"ro-RO\",\"potentialAction\":[{\"@type\":\"ReadAction\",\"target\":[\"https:\/\/strangercam.com\/chatride\/\"]}]},{\"@type\":\"ImageObject\",\"inLanguage\":\"ro-RO\",\"@id\":\"https:\/\/strangercam.com\/chatride\/#primaryimage\",\"url\":\"https:\/\/strangercam.com\/wp-content\/uploads\/2020\/11\/stranger-cam-1.png\",\"contentUrl\":\"https:\/\/strangercam.com\/wp-content\/uploads\/2020\/11\/stranger-cam-1.png\",\"width\":800,\"height\":800,\"caption\":\"stranger cam random video chat\"},{\"@type\":\"BreadcrumbList\",\"@id\":\"https:\/\/strangercam.com\/chatride\/#breadcrumb\",\"itemListElement\":[{\"@type\":\"ListItem\",\"position\":1,\"name\":\"Home\",\"item\":\"https:\/\/strangercam.com\/\"},{\"@type\":\"ListItem\",\"position\":2,\"name\":\"Chatride\"}]},{\"@type\":\"WebSite\",\"@id\":\"https:\/\/strangercam.com\/#website\",\"url\":\"https:\/\/strangercam.com\/\",\"name\":\"Strangercam\",\"description\":\"Random Video Chat with Strangers\",\"publisher\":{\"@id\":\"https:\/\/strangercam.com\/#organization\"},\"alternateName\":\"Strangercam.com\",\"potentialAction\":[{\"@type\":\"SearchAction\",\"target\":{\"@type\":\"EntryPoint\",\"urlTemplate\":\"https:\/\/strangercam.com\/?s={search_term_string}\"},\"query-input\":{\"@type\":\"PropertyValueSpecification\",\"valueRequired\":true,\"valueName\":\"search_term_string\"}}],\"inLanguage\":\"ro-RO\"},{\"@type\":\"Organization\",\"@id\":\"https:\/\/strangercam.com\/#organization\",\"name\":\"Strangercam\",\"alternateName\":\"Strangercam.com\",\"url\":\"https:\/\/strangercam.com\/\",\"logo\":{\"@type\":\"ImageObject\",\"inLanguage\":\"ro-RO\",\"@id\":\"https:\/\/strangercam.com\/#\/schema\/logo\/image\/\",\"url\":\"https:\/\/strangercam.com\/wp-content\/uploads\/2020\/11\/cropped-new-favicon-black.png\",\"contentUrl\":\"https:\/\/strangercam.com\/wp-content\/uploads\/2020\/11\/cropped-new-favicon-black.png\",\"width\":512,\"height\":512,\"caption\":\"Strangercam\"},\"image\":{\"@id\":\"https:\/\/strangercam.com\/#\/schema\/logo\/image\/\"},\"sameAs\":[\"https:\/\/www.facebook.com\/strangercam\",\"https:\/\/x.com\/strangercamapp\"]}]}<\/script>\n<!-- \/ Yoast SEO plugin. -->","yoast_head_json":{"title":"Chatride - Converseaz\u0103 cu str\u0103inii pe StrangerCam.com","description":"\u00ce\u021bi place Chatride? Vino s\u0103 vorbe\u0219ti cu mai mult de 5.000.000 de str\u0103ini pe Stranger Cam gratuit! Porne\u0219te-\u021bi camera \u0219i g\u0103se\u0219te prieteni noi \u0219i poate o pereche!","robots":{"index":"index","follow":"follow","max-snippet":"max-snippet:-1","max-image-preview":"max-image-preview:large","max-video-preview":"max-video-preview:-1"},"canonical":"https:\/\/strangercam.com\/ro\/chatride\/","og_locale":"ro_RO","og_type":"article","og_title":"Chatride - Chat with strangers on StrangerCam.com","og_description":"Like Chatride? Come chat with more than 5.000.000 strangers on Stranger Cam for Free! Turn on your cam and find new friends & maby a match!","og_url":"https:\/\/strangercam.com\/ro\/chatride\/","og_site_name":"Strangercam","article_publisher":"https:\/\/www.facebook.com\/strangercam","article_modified_time":"2023-08-21T10:24:41+00:00","og_image":[{"width":800,"height":800,"url":"https:\/\/strangercam.com\/wp-content\/uploads\/2020\/11\/stranger-cam-1.png","type":"image\/png"}],"twitter_card":"summary_large_image","twitter_site":"@strangercamapp","twitter_misc":{"Timp estimat pentru citire":"5 minute"},"schema":{"@context":"https:\/\/schema.org","@graph":[{"@type":"WebPage","@id":"https:\/\/strangercam.com\/chatride\/","url":"https:\/\/strangercam.com\/chatride\/","name":"Chatride - Converseaz\u0103 cu str\u0103inii pe StrangerCam.com","isPartOf":{"@id":"https:\/\/strangercam.com\/#website"},"primaryImageOfPage":{"@id":"https:\/\/strangercam.com\/chatride\/#primaryimage"},"image":{"@id":"https:\/\/strangercam.com\/chatride\/#primaryimage"},"thumbnailUrl":"https:\/\/strangercam.com\/wp-content\/uploads\/2020\/11\/stranger-cam-1.png","datePublished":"2022-08-11T13:12:40+00:00","dateModified":"2023-08-21T10:24:41+00:00","description":"\u00ce\u021bi place Chatride? Vino s\u0103 vorbe\u0219ti cu mai mult de 5.000.000 de str\u0103ini pe Stranger Cam gratuit! Porne\u0219te-\u021bi camera \u0219i g\u0103se\u0219te prieteni noi \u0219i poate o pereche!","breadcrumb":{"@id":"https:\/\/strangercam.com\/chatride\/#breadcrumb"},"inLanguage":"ro-RO","potentialAction":[{"@type":"ReadAction","target":["https:\/\/strangercam.com\/chatride\/"]}]},{"@type":"ImageObject","inLanguage":"ro-RO","@id":"https:\/\/strangercam.com\/chatride\/#primaryimage","url":"https:\/\/strangercam.com\/wp-content\/uploads\/2020\/11\/stranger-cam-1.png","contentUrl":"https:\/\/strangercam.com\/wp-content\/uploads\/2020\/11\/stranger-cam-1.png","width":800,"height":800,"caption":"stranger cam random video chat"},{"@type":"BreadcrumbList","@id":"https:\/\/strangercam.com\/chatride\/#breadcrumb","itemListElement":[{"@type":"ListItem","position":1,"name":"Home","item":"https:\/\/strangercam.com\/"},{"@type":"ListItem","position":2,"name":"Chatride"}]},{"@type":"WebSite","@id":"https:\/\/strangercam.com\/#website","url":"https:\/\/strangercam.com\/","name":"Strangercam","description":"Chat video aleatoriu cu str\u0103ini","publisher":{"@id":"https:\/\/strangercam.com\/#organization"},"alternateName":"Strangercam.com","potentialAction":[{"@type":"SearchAction","target":{"@type":"EntryPoint","urlTemplate":"https:\/\/strangercam.com\/?s={search_term_string}"},"query-input":{"@type":"PropertyValueSpecification","valueRequired":true,"valueName":"search_term_string"}}],"inLanguage":"ro-RO"},{"@type":"Organization","@id":"https:\/\/strangercam.com\/#organization","name":"Strangercam","alternateName":"Strangercam.com","url":"https:\/\/strangercam.com\/","logo":{"@type":"ImageObject","inLanguage":"ro-RO","@id":"https:\/\/strangercam.com\/#\/schema\/logo\/image\/","url":"https:\/\/strangercam.com\/wp-content\/uploads\/2020\/11\/cropped-new-favicon-black.png","contentUrl":"https:\/\/strangercam.com\/wp-content\/uploads\/2020\/11\/cropped-new-favicon-black.png","width":512,"height":512,"caption":"Strangercam"},"image":{"@id":"https:\/\/strangercam.com\/#\/schema\/logo\/image\/"},"sameAs":["https:\/\/www.facebook.com\/strangercam","https:\/\/x.com\/strangercamapp"]}]}},"_links":{"self":[{"href":"https:\/\/strangercam.com\/ro\/wp-json\/wp\/v2\/pages\/11154","targetHints":{"allow":["GET"]}}],"collection":[{"href":"https:\/\/strangercam.com\/ro\/wp-json\/wp\/v2\/pages"}],"about":[{"href":"https:\/\/strangercam.com\/ro\/wp-json\/wp\/v2\/types\/page"}],"author":[{"embeddable":true,"href":"https:\/\/strangercam.com\/ro\/wp-json\/wp\/v2\/users\/6"}],"replies":[{"embeddable":true,"href":"https:\/\/strangercam.com\/ro\/wp-json\/wp\/v2\/comments?post=11154"}],"version-history":[{"count":0,"href":"https:\/\/strangercam.com\/ro\/wp-json\/wp\/v2\/pages\/11154\/revisions"}],"wp:featuredmedia":[{"embeddable":true,"href":"https:\/\/strangercam.com\/ro\/wp-json\/wp\/v2\/media\/559"}],"wp:attachment":[{"href":"https:\/\/strangercam.com\/ro\/wp-json\/wp\/v2\/media?parent=11154"}],"curies":[{"name":"wp","href":"https:\/\/api.w.org\/{rel}","templated":true}]}}